{"id":14654,"date":"2024-01-03T16:49:56","date_gmt":"2024-01-03T16:49:56","guid":{"rendered":"https:\/\/ambipar.com\/artc\/?page_id=14654"},"modified":"2024-01-03T16:49:56","modified_gmt":"2024-01-03T16:49:56","slug":"artc-brasil","status":"publish","type":"page","link":"https:\/\/ambipar.com\/artc\/artc-brasil\/","title":{"rendered":"ARTC Brasil"},"content":{"rendered":"<p>[vc_row][vc_column]\n\t\t\t<!-- START ARTC Brasil REVOLUTION SLIDER 6.7.20 --><p class=\"rs-p-wp-fix\"><\/p>\n\t\t\t<rs-module-wrap id=\"rev_slider_18_1_wrapper\" data-source=\"gallery\" style=\"visibility:hidden;background:#f1f2f4;padding:0;margin:0px auto;margin-top:0;margin-bottom:0;\">\n\t\t\t\t<rs-module id=\"rev_slider_18_1\" style=\"\" data-version=\"6.7.20\">\n\t\t\t\t\t<rs-slides style=\"overflow: hidden; position: absolute;\">\n\t\t\t\t\t\t<rs-slide style=\"position: absolute;\" data-key=\"rs-71\" data-title=\"Enjoy this summer trends\" data-duration=\"11100\" data-anim=\"adpr:false;ms:600;\" data-in=\"o:0;\" data-out=\"a:false;\">\n\t\t\t\t\t\t\t<img decoding=\"async\" src=\"\/\/ambipar.com\/artc\/wp-content\/plugins\/revslider\/sr6\/assets\/assets\/dummy.png\" alt=\"\" title=\"ambipar-brasil\" width=\"1920\" height=\"1281\" class=\"rev-slidebg tp-rs-img rs-lazyload\" data-lazyload=\"\/\/ambipar.com\/artc\/wp-content\/uploads\/2024\/01\/ambipar-brasil.png\" data-bg=\"p:0% 35%;\" data-no-retina>\n<!--\n\t\t\t\t\t\t\t--><rs-layer\n\t\t\t\t\t\t\t\tid=\"slider-18-slide-71-layer-2\" \n\t\t\t\t\t\t\t\tclass=\"sofia-pro-font sober_medium_title\"\n\t\t\t\t\t\t\t\tdata-type=\"text\"\n\t\t\t\t\t\t\t\tdata-color=\"#000000\"\n\t\t\t\t\t\t\t\tdata-rsp_ch=\"on\"\n\t\t\t\t\t\t\t\tdata-xy=\"xo:-1px,0,0,65px;y:m;yo:169px,153px,48px,46px;\"\n\t\t\t\t\t\t\t\tdata-text=\"s:32,30,27,22;l:50,50,45,45;fw:500;\"\n\t\t\t\t\t\t\t\tdata-frame_1=\"e:power4.inOut;st:500;sp:1500;\"\n\t\t\t\t\t\t\t\tdata-frame_999=\"st:w;sp:1000;auto:true;\"\n\t\t\t\t\t\t\t\tdata-frame_999_mask=\"u:t;\"\n\t\t\t\t\t\t\t\tstyle=\"z-index:12;font-family:'Sofia Pro', 'Poppins', 'sans-serif';\"\n\t\t\t\t\t\t\t><span>ARTC Brasil<\/span> \n\t\t\t\t\t\t\t<\/rs-layer><!--\n\n\t\t\t\t\t\t\t--><rs-layer\n\t\t\t\t\t\t\t\tid=\"slider-18-slide-71-layer-6\" \n\t\t\t\t\t\t\t\tdata-type=\"image\"\n\t\t\t\t\t\t\t\tdata-rsp_ch=\"on\"\n\t\t\t\t\t\t\t\tdata-xy=\"xo:1px,0,15px,104px;yo:240px,198px,92px,85px;\"\n\t\t\t\t\t\t\t\tdata-text=\"w:normal;\"\n\t\t\t\t\t\t\t\tdata-dim=\"w:111px,106px,100px,61px;h:120px,114px,108px,66px;\"\n\t\t\t\t\t\t\t\tdata-frame_999=\"o:0;st:w;\"\n\t\t\t\t\t\t\t\tstyle=\"z-index:13;\"\n\t\t\t\t\t\t\t><img decoding=\"async\" src=\"\/\/ambipar.com\/artc\/wp-content\/plugins\/revslider\/sr6\/assets\/assets\/dummy.png\" alt=\"\" class=\"tp-rs-img rs-lazyload\" width=\"500\" height=\"540\" data-lazyload=\"\/\/ambipar.com\/artc\/wp-content\/uploads\/2023\/04\/ARTC_Shield-training-otimizado.png\" data-no-retina> \n\t\t\t\t\t\t\t<\/rs-layer><!--\n\n\t\t\t\t\t\t\t--><rs-layer\n\t\t\t\t\t\t\t\tid=\"slider-18-slide-71-layer-13\" \n\t\t\t\t\t\t\t\tdata-type=\"shape\"\n\t\t\t\t\t\t\t\tdata-rsp_ch=\"on\"\n\t\t\t\t\t\t\t\tdata-xy=\"xo:603px,434px,473px,419px;yo:-649px,-410px,-634px,-437px;\"\n\t\t\t\t\t\t\t\tdata-text=\"w:normal;\"\n\t\t\t\t\t\t\t\tdata-dim=\"w:1600px,1500px,1400px,1000px;h:1600px,1200px,1400px,1000px;\"\n\t\t\t\t\t\t\t\tdata-btrans=\"rZ:45;\"\n\t\t\t\t\t\t\t\tdata-border=\"bos:solid;boc:#cdff00;bow:2px,2px,2px,2px;bor:200px,200px,200px,200px;\"\n\t\t\t\t\t\t\t\tdata-frame_999=\"o:0;st:w;\"\n\t\t\t\t\t\t\t\tstyle=\"z-index:14;background-color:rgba(0,0,0,0);\"\n\t\t\t\t\t\t\t> \n\t\t\t\t\t\t\t<\/rs-layer><!--\n-->\t\t\t\t\t<\/rs-slide>\n\t\t\t\t\t<\/rs-slides>\n\t\t\t\t<\/rs-module>\n\t\t\t\t<script>\n\t\t\t\t\tsetREVStartSize({c: 'rev_slider_18_1',rl:[1240,1024,778,480],el:[480,380,380,280],gw:[1240,1024,778,480],gh:[480,380,380,280],type:'standard',justify:'',layout:'fullwidth',mh:\"0\"});if (window.RS_MODULES!==undefined && window.RS_MODULES.modules!==undefined && window.RS_MODULES.modules[\"revslider181\"]!==undefined) {window.RS_MODULES.modules[\"revslider181\"].once = false;window.revapi18 = undefined;if (window.RS_MODULES.checkMinimal!==undefined) window.RS_MODULES.checkMinimal()}\n\t\t\t\t<\/script>\n\t\t\t<\/rs-module-wrap>\n\t\t\t<!-- END REVOLUTION SLIDER -->\n[\/vc_column][\/vc_row][vc_row css=&#8221;.vc_custom_1704297884923{margin-top: 30px !important;}&#8221;][vc_column][vc_column_text]<\/p>\n<h2>Contact ARTC Brasil<\/h2>\n<p>[\/vc_column_text][vc_column_text css=&#8221;.vc_custom_1704300537609{margin-bottom: 50px !important;}&#8221;]<\/p>\n<h4 style=\"color: #b2b2b2;\">Nossos analistas de neg\u00f3cios est\u00e3o prontos para ajudar sua empresa com as melhores solu\u00e7\u00f5es de Informa\u00e7\u00e3o para Resposta de Emerg\u00eancias.<\/h4>\n<p>[\/vc_column_text]<div class=\"sober-contact-box  \"><div class=\"contact-info\">\n\t\t\t\t\t<svg width=\"20\" height=\"20\" class=\"info-icon\"><use xlink:href=\"#home\"><\/use><\/svg>\n\t\t\t\t\t<span class=\"info-name\">Address<\/span>\n\t\t\t\t\t<span class=\"info-value\">Rod. Anhanguera, Km 120 550 - Distrito Industrial I, Nova Odessa - SP<\/span>\n\t\t\t\t<\/div> <div class=\"contact-info\">\n\t\t\t\t\t<svg width=\"20\" height=\"20\" class=\"info-icon\"><use xlink:href=\"#phone\"><\/use><\/svg>\n\t\t\t\t\t<span class=\"info-name\">Phone<\/span>\n\t\t\t\t\t<span class=\"info-value\"><a href=\"tel:+55 (11) 3526-3526\">+55 (11) 3526-3526<\/a><\/span>\n\t\t\t\t<\/div> <div class=\"contact-info\">\n\t\t\t\t\t<svg width=\"20\" height=\"20\" class=\"info-icon\"><use xlink:href=\"#mail\"><\/use><\/svg>\n\t\t\t\t\t<span class=\"info-name\">Email<\/span>\n\t\t\t\t\t<span class=\"info-value\"><a href=\"mailto:vendas@ambipar.com\">vendas@ambipar.com<\/a><\/span>\n\t\t\t\t<\/div><\/div>[\/vc_column][\/vc_row]<\/p>\n","protected":false},"excerpt":{"rendered":"<p>[vc_row][vc_column][\/vc_column][\/vc_row][vc_row css=&#8221;.vc_custom_1704297884923{margin-top: 30px !important;}&#8221;][vc_column][vc_column_text] Contact ARTC Brasil [\/vc_column_text][vc_column_text css=&#8221;.vc_custom_1704300537609{margin-bottom: 50px !important;}&#8221;] Nossos analistas de neg\u00f3cios est\u00e3o prontos para ajudar sua empresa com as melhores solu\u00e7\u00f5es de Informa\u00e7\u00e3o para Resposta de&hellip;<\/p>\n","protected":false},"author":7,"featured_media":0,"parent":0,"menu_order":0,"comment_status":"closed","ping_status":"closed","template":"","meta":{"footnotes":""},"class_list":["post-14654","page","type-page","status-publish","hentry"],"yoast_head":"<!-- This site is optimized with the Yoast SEO plugin v20.5 - https:\/\/yoast.com\/wordpress\/plugins\/seo\/ -->\n<title>ARTC Brasil - Ambipar Response Training Center ARTC<\/title>\n<meta name=\"robots\" content=\"index, follow, max-snippet:-1, max-image-preview:large, max-video-preview:-1\" \/>\n<link rel=\"canonical\" href=\"https:\/\/ambipar.com\/artc\/artc-brasil\/\" \/>\n<meta property=\"og:locale\" content=\"en_US\" \/>\n<meta property=\"og:type\" content=\"article\" \/>\n<meta property=\"og:title\" content=\"ARTC Brasil - Ambipar Response Training Center ARTC\" \/>\n<meta property=\"og:description\" content=\"[vc_row][vc_column][\/vc_column][\/vc_row][vc_row css=&#8221;.vc_custom_1704297884923{margin-top: 30px !important;}&#8221;][vc_column][vc_column_text] Contact ARTC Brasil [\/vc_column_text][vc_column_text css=&#8221;.vc_custom_1704300537609{margin-bottom: 50px !important;}&#8221;] Nossos analistas de neg\u00f3cios est\u00e3o prontos para ajudar sua empresa com as melhores solu\u00e7\u00f5es de Informa\u00e7\u00e3o para Resposta de&hellip;\" \/>\n<meta property=\"og:url\" content=\"https:\/\/ambipar.com\/artc\/artc-brasil\/\" \/>\n<meta property=\"og:site_name\" content=\"Ambipar Response Training Center ARTC\" \/>\n<meta property=\"article:publisher\" content=\"https:\/\/www.facebook.com\/ambipar.group\/\" \/>\n<meta name=\"twitter:card\" content=\"summary_large_image\" \/>\n<meta name=\"twitter:site\" content=\"@ambipargroup\" \/>\n<meta name=\"twitter:label1\" content=\"Est. reading time\" \/>\n\t<meta name=\"twitter:data1\" content=\"1 minute\" \/>\n<script type=\"application\/ld+json\" class=\"yoast-schema-graph\">{\"@context\":\"https:\/\/schema.org\",\"@graph\":[{\"@type\":\"WebPage\",\"@id\":\"https:\/\/ambipar.com\/artc\/artc-brasil\/\",\"url\":\"https:\/\/ambipar.com\/artc\/artc-brasil\/\",\"name\":\"ARTC Brasil - Ambipar Response Training Center ARTC\",\"isPartOf\":{\"@id\":\"https:\/\/ambipar.com\/artc\/#website\"},\"datePublished\":\"2024-01-03T16:49:56+00:00\",\"dateModified\":\"2024-01-03T16:49:56+00:00\",\"breadcrumb\":{\"@id\":\"https:\/\/ambipar.com\/artc\/artc-brasil\/#breadcrumb\"},\"inLanguage\":\"en-US\",\"potentialAction\":[{\"@type\":\"ReadAction\",\"target\":[\"https:\/\/ambipar.com\/artc\/artc-brasil\/\"]}]},{\"@type\":\"BreadcrumbList\",\"@id\":\"https:\/\/ambipar.com\/artc\/artc-brasil\/#breadcrumb\",\"itemListElement\":[{\"@type\":\"ListItem\",\"position\":1,\"name\":\"Home\",\"item\":\"https:\/\/ambipar.com\/artc\/\"},{\"@type\":\"ListItem\",\"position\":2,\"name\":\"ARTC Brasil\"}]},{\"@type\":\"WebSite\",\"@id\":\"https:\/\/ambipar.com\/artc\/#website\",\"url\":\"https:\/\/ambipar.com\/artc\/\",\"name\":\"Ambipar Response Training Center ARTC\",\"description\":\"The largest training centers in the United States for environmental, chemical and biological emergencies. discover register now\",\"publisher\":{\"@id\":\"https:\/\/ambipar.com\/artc\/#organization\"},\"potentialAction\":[{\"@type\":\"SearchAction\",\"target\":{\"@type\":\"EntryPoint\",\"urlTemplate\":\"https:\/\/ambipar.com\/artc\/?s={search_term_string}\"},\"query-input\":\"required name=search_term_string\"}],\"inLanguage\":\"en-US\"},{\"@type\":\"Organization\",\"@id\":\"https:\/\/ambipar.com\/artc\/#organization\",\"name\":\"Ambipar Response Training Center ARTC\",\"url\":\"https:\/\/ambipar.com\/artc\/\",\"logo\":{\"@type\":\"ImageObject\",\"inLanguage\":\"en-US\",\"@id\":\"https:\/\/ambipar.com\/artc\/#\/schema\/logo\/image\/\",\"url\":\"https:\/\/ambipar.com\/artc\/wp-content\/uploads\/2023\/04\/ARTC_Shield-training-otimizado.png\",\"contentUrl\":\"https:\/\/ambipar.com\/artc\/wp-content\/uploads\/2023\/04\/ARTC_Shield-training-otimizado.png\",\"width\":500,\"height\":540,\"caption\":\"Ambipar Response Training Center ARTC\"},\"image\":{\"@id\":\"https:\/\/ambipar.com\/artc\/#\/schema\/logo\/image\/\"},\"sameAs\":[\"https:\/\/www.facebook.com\/ambipar.group\/\",\"https:\/\/twitter.com\/ambipargroup\"]}]}<\/script>\n<!-- \/ Yoast SEO plugin. -->","yoast_head_json":{"title":"ARTC Brasil - Ambipar Response Training Center ARTC","robots":{"index":"index","follow":"follow","max-snippet":"max-snippet:-1","max-image-preview":"max-image-preview:large","max-video-preview":"max-video-preview:-1"},"canonical":"https:\/\/ambipar.com\/artc\/artc-brasil\/","og_locale":"en_US","og_type":"article","og_title":"ARTC Brasil - Ambipar Response Training Center ARTC","og_description":"[vc_row][vc_column][\/vc_column][\/vc_row][vc_row css=&#8221;.vc_custom_1704297884923{margin-top: 30px !important;}&#8221;][vc_column][vc_column_text] Contact ARTC Brasil [\/vc_column_text][vc_column_text css=&#8221;.vc_custom_1704300537609{margin-bottom: 50px !important;}&#8221;] Nossos analistas de neg\u00f3cios est\u00e3o prontos para ajudar sua empresa com as melhores solu\u00e7\u00f5es de Informa\u00e7\u00e3o para Resposta de&hellip;","og_url":"https:\/\/ambipar.com\/artc\/artc-brasil\/","og_site_name":"Ambipar Response Training Center ARTC","article_publisher":"https:\/\/www.facebook.com\/ambipar.group\/","twitter_card":"summary_large_image","twitter_site":"@ambipargroup","twitter_misc":{"Est. reading time":"1 minute"},"schema":{"@context":"https:\/\/schema.org","@graph":[{"@type":"WebPage","@id":"https:\/\/ambipar.com\/artc\/artc-brasil\/","url":"https:\/\/ambipar.com\/artc\/artc-brasil\/","name":"ARTC Brasil - Ambipar Response Training Center ARTC","isPartOf":{"@id":"https:\/\/ambipar.com\/artc\/#website"},"datePublished":"2024-01-03T16:49:56+00:00","dateModified":"2024-01-03T16:49:56+00:00","breadcrumb":{"@id":"https:\/\/ambipar.com\/artc\/artc-brasil\/#breadcrumb"},"inLanguage":"en-US","potentialAction":[{"@type":"ReadAction","target":["https:\/\/ambipar.com\/artc\/artc-brasil\/"]}]},{"@type":"BreadcrumbList","@id":"https:\/\/ambipar.com\/artc\/artc-brasil\/#breadcrumb","itemListElement":[{"@type":"ListItem","position":1,"name":"Home","item":"https:\/\/ambipar.com\/artc\/"},{"@type":"ListItem","position":2,"name":"ARTC Brasil"}]},{"@type":"WebSite","@id":"https:\/\/ambipar.com\/artc\/#website","url":"https:\/\/ambipar.com\/artc\/","name":"Ambipar Response Training Center ARTC","description":"The largest training centers in the United States for environmental, chemical and biological emergencies. discover register now","publisher":{"@id":"https:\/\/ambipar.com\/artc\/#organization"},"potentialAction":[{"@type":"SearchAction","target":{"@type":"EntryPoint","urlTemplate":"https:\/\/ambipar.com\/artc\/?s={search_term_string}"},"query-input":"required name=search_term_string"}],"inLanguage":"en-US"},{"@type":"Organization","@id":"https:\/\/ambipar.com\/artc\/#organization","name":"Ambipar Response Training Center ARTC","url":"https:\/\/ambipar.com\/artc\/","logo":{"@type":"ImageObject","inLanguage":"en-US","@id":"https:\/\/ambipar.com\/artc\/#\/schema\/logo\/image\/","url":"https:\/\/ambipar.com\/artc\/wp-content\/uploads\/2023\/04\/ARTC_Shield-training-otimizado.png","contentUrl":"https:\/\/ambipar.com\/artc\/wp-content\/uploads\/2023\/04\/ARTC_Shield-training-otimizado.png","width":500,"height":540,"caption":"Ambipar Response Training Center ARTC"},"image":{"@id":"https:\/\/ambipar.com\/artc\/#\/schema\/logo\/image\/"},"sameAs":["https:\/\/www.facebook.com\/ambipar.group\/","https:\/\/twitter.com\/ambipargroup"]}]}},"_links":{"self":[{"href":"https:\/\/ambipar.com\/artc\/wp-json\/wp\/v2\/pages\/14654","targetHints":{"allow":["GET"]}}],"collection":[{"href":"https:\/\/ambipar.com\/artc\/wp-json\/wp\/v2\/pages"}],"about":[{"href":"https:\/\/ambipar.com\/artc\/wp-json\/wp\/v2\/types\/page"}],"author":[{"embeddable":true,"href":"https:\/\/ambipar.com\/artc\/wp-json\/wp\/v2\/users\/7"}],"replies":[{"embeddable":true,"href":"https:\/\/ambipar.com\/artc\/wp-json\/wp\/v2\/comments?post=14654"}],"version-history":[{"count":1,"href":"https:\/\/ambipar.com\/artc\/wp-json\/wp\/v2\/pages\/14654\/revisions"}],"predecessor-version":[{"id":14655,"href":"https:\/\/ambipar.com\/artc\/wp-json\/wp\/v2\/pages\/14654\/revisions\/14655"}],"wp:attachment":[{"href":"https:\/\/ambipar.com\/artc\/wp-json\/wp\/v2\/media?parent=14654"}],"curies":[{"name":"wp","href":"https:\/\/api.w.org\/{rel}","templated":true}]}}