{"id":14975,"date":"2024-03-19T15:48:45","date_gmt":"2024-03-19T15:48:45","guid":{"rendered":"https:\/\/ambipar.com\/creditosdereciclagem\/?post_type=product&#038;p=14975"},"modified":"2024-12-16T13:43:46","modified_gmt":"2024-12-16T13:43:46","slug":"plano-media-empresa","status":"publish","type":"product","link":"https:\/\/ambipar.com\/creditosdereciclagem\/product\/plano-media-empresa\/","title":{"rendered":"Pack Premium"},"content":{"rendered":"","protected":false},"excerpt":{"rendered":"<h3><b>5 ton <\/b><span style=\"font-weight: 400\">de embalagens utilizadas<\/span><b><\/b><\/h3>\n<ul>\n<li><strong>Compensa\u00e7\u00e3o ambienta<\/strong>l de 30% das embalagens utilizadas pela sua empresa de acordo com o Planares (Decreto N\u00ba 11.043\/2022), conforme exigido pela Pol\u00edtica Nacional de Res\u00edduos S\u00f3lidos (Lei n\u00ba\u00a012.305\/2010).<\/li>\n<li><strong>Garantia de compliance Ambipar<\/strong>: auditoria externa pela Central de Cust\u00f3dia e auditoria documental de terceira parte;<\/li>\n<li><strong>Atendimento \u00e0s d\u00favidas<\/strong> &#8211; advocaci;<\/li>\n<li><strong>CCRLR &#8211; Certificado de Cr\u00e9dito de Reciclagem de Log\u00edstica Reversa;<\/strong><\/li>\n<li><strong>Forma de pagamento<\/strong>: Boleto\/Pix\/3x no cart\u00e3o.<\/li>\n<\/ul>\n","protected":false},"featured_media":15572,"comment_status":"closed","ping_status":"closed","template":"","meta":[],"product_brand":[],"product_cat":[179],"product_tag":[],"class_list":{"0":"post-14975","1":"product","2":"type-product","3":"status-publish","4":"has-post-thumbnail","6":"product_cat-planos-de-reciclagem","8":"first","9":"instock","10":"sold-individually","11":"shipping-taxable","12":"purchasable","13":"product-type-simple","14":"layout-style-1","15":"col-md-4 col-sm-4 col-xs-6","16":"col-lg-3","17":"product-has-gallery","18":"product-style-default"},"_links":{"self":[{"href":"https:\/\/ambipar.com\/creditosdereciclagem\/wp-json\/wp\/v2\/product\/14975","targetHints":{"allow":["GET"]}}],"collection":[{"href":"https:\/\/ambipar.com\/creditosdereciclagem\/wp-json\/wp\/v2\/product"}],"about":[{"href":"https:\/\/ambipar.com\/creditosdereciclagem\/wp-json\/wp\/v2\/types\/product"}],"replies":[{"embeddable":true,"href":"https:\/\/ambipar.com\/creditosdereciclagem\/wp-json\/wp\/v2\/comments?post=14975"}],"wp:featuredmedia":[{"embeddable":true,"href":"https:\/\/ambipar.com\/creditosdereciclagem\/wp-json\/wp\/v2\/media\/15572"}],"wp:attachment":[{"href":"https:\/\/ambipar.com\/creditosdereciclagem\/wp-json\/wp\/v2\/media?parent=14975"}],"wp:term":[{"taxonomy":"product_brand","embeddable":true,"href":"https:\/\/ambipar.com\/creditosdereciclagem\/wp-json\/wp\/v2\/product_brand?post=14975"},{"taxonomy":"product_cat","embeddable":true,"href":"https:\/\/ambipar.com\/creditosdereciclagem\/wp-json\/wp\/v2\/product_cat?post=14975"},{"taxonomy":"product_tag","embeddable":true,"href":"https:\/\/ambipar.com\/creditosdereciclagem\/wp-json\/wp\/v2\/product_tag?post=14975"}],"curies":[{"name":"wp","href":"https:\/\/api.w.org\/{rel}","templated":true}]}}