{"id":1066,"date":"2020-10-30T16:38:00","date_gmt":"2020-10-30T19:38:00","guid":{"rendered":"https:\/\/ambipar.com\/latam\/?page_id=1066"},"modified":"2021-01-05T21:08:36","modified_gmt":"2021-01-06T00:08:36","slug":"exercicios-simulados","status":"publish","type":"page","link":"https:\/\/ambipar.com\/latam\/pt\/ambipar-response\/treinamentos\/exercicios-simulados\/","title":{"rendered":"Exerc\u00edcios Simulados"},"content":{"rendered":"\n<p>Ao longo dos anos, a Ambipar realizou milhares de exerc\u00edcios simulados, conta com profissionais e recursos que auxiliam seus clientes a manter seus Planos de Atendimento \u00e0 Emerg\u00eancia (PAE) sempre auditados e atualizados, com acompanhamento em reuni\u00f5es de alinhamento,&nbsp; planejamento e prepara\u00e7\u00e3o da atividade.<\/p>\n\n\n\n<p>Nossos simulados s\u00e3o realizados com viaturas, embarca\u00e7\u00f5es, aeronaves, equipamentos e materiais espec\u00edficos para o cen\u00e1rio de atendimento emergencial a ser simulado.<\/p>\n\n\n\n<p>Elaboramos relat\u00f3rio conclusivo com dados, imagens e avalia\u00e7\u00f5es obtidas durante a atividade contendo observa\u00e7\u00f5es e oportunidades de melhorias.<\/p>\n\n\n\n<ul id=\"block-9686950e-0576-4f77-863f-4e382bd1b708\"><li><a href=\"https:\/\/ambipar.com\/latam\/ambipar-response\/treinamentos\/exercicios-simulados\/simulacao-table-top-ambipar\/\">Simula\u00e7\u00e3o Table Top Ambipar<\/a><\/li><li><a href=\"https:\/\/ambipar.com\/latam\/ambipar-response\/treinamentos\/exercicios-simulados\/simulado-de-comunicacao-ambipar\/\">Simulado de Comunica\u00e7\u00e3o Ambipar<\/a><\/li><li><a href=\"https:\/\/ambipar.com\/latam\/ambipar-response\/treinamentos\/exercicios-simulados\/simulado-de-campo-e-mobilizacao-de-recursos-ambipar\/\">Simulado de Campo e Mobiliza\u00e7\u00e3o de Recursos Ambipar<\/a><\/li><\/ul>\n\n\n\n<p>Veja tamb\u00e9m:<\/p>\n\n\n\n<ul id=\"block-5caddda0-a14d-4bcf-ae65-cd8fca818840\"><li><a href=\"https:\/\/ambipar.com\/latam\/ambipar-response\/treinamentos\/hazmat\/\">HAZMAT<\/a><\/li><li><a href=\"https:\/\/ambipar.com\/latam\/ambipar-response\/treinamentos\/oil-spill\/\">Oil Spill<\/a><\/li><li><a href=\"https:\/\/ambipar.com\/latam\/ambipar-response\/treinamentos\/brigadas-de-emergencias\/\">Brigadas de Emerg\u00eancias<\/a><\/li><li><a href=\"https:\/\/ambipar.com\/latam\/ambipar-response\/treinamentos\/nrs\/\">NR\u2019S<\/a><\/li><li><a href=\"https:\/\/ambipar.com\/latam\/ambipar-response\/treinamentos\/armazenamento-e-transporte-de-produtos-perigosos\/\">Armazenamento e Transporte de Produtos Perigosos<\/a><\/li><li><a href=\"https:\/\/ambipar.com\/latam\/ambipar-response\/treinamentos\/equipamentos-simuladores\/\">Equipamentos Simuladores<\/a><\/li><li><a href=\"https:\/\/ambipar.com\/latam\/ambipar-response\/treinamentos\/ead\/\">EAD<\/a><\/li><li><a href=\"\/ambipar-response\/treinamentos\/cronograma-2021\/\">Cronograma 2021<\/a><\/li><\/ul>\n","protected":false},"excerpt":{"rendered":"Ao longo dos anos, a Ambipar realizou milhares de exerc\u00edcios simulados, conta com profissionais e recursos que auxiliam seus clientes a manter seus Planos de Atendimento \u00e0 Emerg\u00eancia (PAE) sempre auditados e atualizados, com acompanhamento em reuni\u00f5es de alinhamento,&nbsp; planejamento e prepara\u00e7\u00e3o da atividade. Nossos simulados s\u00e3o realizados com viaturas, embarca\u00e7\u00f5es, aeronaves, equipamentos e materiais&#8230; <a class=\"view-article\" href=\"https:\/\/ambipar.com\/latam\/pt\/ambipar-response\/treinamentos\/exercicios-simulados\/\">Ver art\u00edculo<\/a>","protected":false},"author":2,"featured_media":651,"parent":533,"menu_order":0,"comment_status":"closed","ping_status":"closed","template":"single-servicos.php","meta":[],"yoast_head":"<!-- This site is optimized with the Yoast SEO plugin v17.6 - https:\/\/yoast.com\/wordpress\/plugins\/seo\/ -->\n<title>Conhe\u00e7a os Exerc\u00edcios Simulados oferecidos pela Ambipar Response<\/title>\n<meta name=\"description\" content=\"Conta com profissionais e recursos que auxiliam seus clientes a manter seus Planos de Atendimento \u00e0 Emerg\u00eancia sempre auditados e atualizados\" \/>\n<meta name=\"robots\" content=\"index, follow, max-snippet:-1, max-image-preview:large, max-video-preview:-1\" \/>\n<link rel=\"canonical\" href=\"https:\/\/ambipar.com\/latam\/pt\/ambipar-response\/treinamentos\/exercicios-simulados\/\" \/>\n<meta property=\"og:locale\" content=\"es_ES\" \/>\n<meta property=\"og:type\" content=\"article\" \/>\n<meta property=\"og:title\" content=\"Conhe\u00e7a os Exerc\u00edcios Simulados oferecidos pela Ambipar Response\" \/>\n<meta property=\"og:description\" content=\"Conta com profissionais e recursos que auxiliam seus clientes a manter seus Planos de Atendimento \u00e0 Emerg\u00eancia sempre auditados e atualizados\" \/>\n<meta property=\"og:url\" content=\"https:\/\/ambipar.com\/latam\/pt\/ambipar-response\/treinamentos\/exercicios-simulados\/\" \/>\n<meta property=\"og:site_name\" content=\"Ambipar. A l\u00edder em gest\u00e3o ambiental.\" \/>\n<meta property=\"article:modified_time\" content=\"2021-01-06T00:08:36+00:00\" \/>\n<meta property=\"og:image\" content=\"https:\/\/ambipar.com\/latam\/wp-content\/uploads\/2020\/10\/brigada3.jpg\" \/>\n\t<meta property=\"og:image:width\" content=\"1000\" \/>\n\t<meta property=\"og:image:height\" content=\"1000\" \/>\n<meta name=\"twitter:card\" content=\"summary_large_image\" \/>\n<meta name=\"twitter:label1\" content=\"Est. reading time\" \/>\n\t<meta name=\"twitter:data1\" content=\"1 minuto\" \/>\n<script type=\"application\/ld+json\" class=\"yoast-schema-graph\">{\"@context\":\"https:\/\/schema.org\",\"@graph\":[{\"@type\":\"Organization\",\"@id\":\"https:\/\/ambipar.com\/latam\/#organization\",\"name\":\"Ambipar\",\"url\":\"https:\/\/ambipar.com\/latam\/\",\"sameAs\":[],\"logo\":{\"@type\":\"ImageObject\",\"@id\":\"https:\/\/ambipar.com\/latam\/#logo\",\"inLanguage\":\"es-CL\",\"url\":\"https:\/\/ambipar.com\/latam\/wp-content\/uploads\/2020\/10\/ambipar_color.png\",\"contentUrl\":\"https:\/\/ambipar.com\/latam\/wp-content\/uploads\/2020\/10\/ambipar_color.png\",\"width\":174,\"height\":107,\"caption\":\"Ambipar\"},\"image\":{\"@id\":\"https:\/\/ambipar.com\/latam\/#logo\"}},{\"@type\":\"WebSite\",\"@id\":\"https:\/\/ambipar.com\/latam\/#website\",\"url\":\"https:\/\/ambipar.com\/latam\/\",\"name\":\"Ambipar. A l\\u00edder em gest\\u00e3o ambiental.\",\"description\":\"Pioneira em solu\\u00e7\\u00f5es ambientais, a Ambipar atua em todo o territ\\u00f3rio nacional oferecendo solu\\u00e7\\u00f5es integradas para toda a cadeia de neg\\u00f3cio.\",\"publisher\":{\"@id\":\"https:\/\/ambipar.com\/latam\/#organization\"},\"potentialAction\":[{\"@type\":\"SearchAction\",\"target\":{\"@type\":\"EntryPoint\",\"urlTemplate\":\"https:\/\/ambipar.com\/latam\/?s={search_term_string}\"},\"query-input\":\"required name=search_term_string\"}],\"inLanguage\":\"es-CL\"},{\"@type\":\"ImageObject\",\"@id\":\"https:\/\/ambipar.com\/latam\/pt\/ambipar-response\/treinamentos\/exercicios-simulados\/#primaryimage\",\"inLanguage\":\"es-CL\",\"url\":\"https:\/\/ambipar.com\/latam\/wp-content\/uploads\/2020\/10\/brigada3.jpg\",\"contentUrl\":\"https:\/\/ambipar.com\/latam\/wp-content\/uploads\/2020\/10\/brigada3.jpg\",\"width\":1000,\"height\":1000,\"caption\":\"brigada\"},{\"@type\":\"WebPage\",\"@id\":\"https:\/\/ambipar.com\/latam\/pt\/ambipar-response\/treinamentos\/exercicios-simulados\/#webpage\",\"url\":\"https:\/\/ambipar.com\/latam\/pt\/ambipar-response\/treinamentos\/exercicios-simulados\/\",\"name\":\"Conhe\\u00e7a os Exerc\\u00edcios Simulados oferecidos pela Ambipar Response\",\"isPartOf\":{\"@id\":\"https:\/\/ambipar.com\/latam\/#website\"},\"primaryImageOfPage\":{\"@id\":\"https:\/\/ambipar.com\/latam\/pt\/ambipar-response\/treinamentos\/exercicios-simulados\/#primaryimage\"},\"datePublished\":\"2020-10-30T19:38:00+00:00\",\"dateModified\":\"2021-01-06T00:08:36+00:00\",\"description\":\"Conta com profissionais e recursos que auxiliam seus clientes a manter seus Planos de Atendimento \\u00e0 Emerg\\u00eancia sempre auditados e atualizados\",\"breadcrumb\":{\"@id\":\"https:\/\/ambipar.com\/latam\/pt\/ambipar-response\/treinamentos\/exercicios-simulados\/#breadcrumb\"},\"inLanguage\":\"es-CL\",\"potentialAction\":[{\"@type\":\"ReadAction\",\"target\":[\"https:\/\/ambipar.com\/latam\/pt\/ambipar-response\/treinamentos\/exercicios-simulados\/\"]}]},{\"@type\":\"BreadcrumbList\",\"@id\":\"https:\/\/ambipar.com\/latam\/pt\/ambipar-response\/treinamentos\/exercicios-simulados\/#breadcrumb\",\"itemListElement\":[{\"@type\":\"ListItem\",\"position\":1,\"name\":\"Home\",\"item\":\"https:\/\/ambipar.com\/latam\/\"},{\"@type\":\"ListItem\",\"position\":2,\"name\":\"Ambipar Response\",\"item\":\"https:\/\/ambipar.com\/latam\/pt\/ambipar-response\/\"},{\"@type\":\"ListItem\",\"position\":3,\"name\":\"Treinamentos\",\"item\":\"https:\/\/ambipar.com\/latam\/pt\/ambipar-response\/treinamentos\/\"},{\"@type\":\"ListItem\",\"position\":4,\"name\":\"Exerc\\u00edcios Simulados\"}]}]}<\/script>\n<!-- \/ Yoast SEO plugin. -->","yoast_head_json":{"title":"Conhe\u00e7a os Exerc\u00edcios Simulados oferecidos pela Ambipar Response","description":"Conta com profissionais e recursos que auxiliam seus clientes a manter seus Planos de Atendimento \u00e0 Emerg\u00eancia sempre auditados e atualizados","robots":{"index":"index","follow":"follow","max-snippet":"max-snippet:-1","max-image-preview":"max-image-preview:large","max-video-preview":"max-video-preview:-1"},"canonical":"https:\/\/ambipar.com\/latam\/pt\/ambipar-response\/treinamentos\/exercicios-simulados\/","og_locale":"es_ES","og_type":"article","og_title":"Conhe\u00e7a os Exerc\u00edcios Simulados oferecidos pela Ambipar Response","og_description":"Conta com profissionais e recursos que auxiliam seus clientes a manter seus Planos de Atendimento \u00e0 Emerg\u00eancia sempre auditados e atualizados","og_url":"https:\/\/ambipar.com\/latam\/pt\/ambipar-response\/treinamentos\/exercicios-simulados\/","og_site_name":"Ambipar. A l\u00edder em gest\u00e3o ambiental.","article_modified_time":"2021-01-06T00:08:36+00:00","og_image":[{"width":1000,"height":1000,"url":"https:\/\/ambipar.com\/latam\/wp-content\/uploads\/2020\/10\/brigada3.jpg","type":"image\/jpeg"}],"twitter_card":"summary_large_image","twitter_misc":{"Est. reading time":"1 minuto"},"schema":{"@context":"https:\/\/schema.org","@graph":[{"@type":"Organization","@id":"https:\/\/ambipar.com\/latam\/#organization","name":"Ambipar","url":"https:\/\/ambipar.com\/latam\/","sameAs":[],"logo":{"@type":"ImageObject","@id":"https:\/\/ambipar.com\/latam\/#logo","inLanguage":"es-CL","url":"https:\/\/ambipar.com\/latam\/wp-content\/uploads\/2020\/10\/ambipar_color.png","contentUrl":"https:\/\/ambipar.com\/latam\/wp-content\/uploads\/2020\/10\/ambipar_color.png","width":174,"height":107,"caption":"Ambipar"},"image":{"@id":"https:\/\/ambipar.com\/latam\/#logo"}},{"@type":"WebSite","@id":"https:\/\/ambipar.com\/latam\/#website","url":"https:\/\/ambipar.com\/latam\/","name":"Ambipar. A l\u00edder em gest\u00e3o ambiental.","description":"Pioneira em solu\u00e7\u00f5es ambientais, a Ambipar atua em todo o territ\u00f3rio nacional oferecendo solu\u00e7\u00f5es integradas para toda a cadeia de neg\u00f3cio.","publisher":{"@id":"https:\/\/ambipar.com\/latam\/#organization"},"potentialAction":[{"@type":"SearchAction","target":{"@type":"EntryPoint","urlTemplate":"https:\/\/ambipar.com\/latam\/?s={search_term_string}"},"query-input":"required name=search_term_string"}],"inLanguage":"es-CL"},{"@type":"ImageObject","@id":"https:\/\/ambipar.com\/latam\/pt\/ambipar-response\/treinamentos\/exercicios-simulados\/#primaryimage","inLanguage":"es-CL","url":"https:\/\/ambipar.com\/latam\/wp-content\/uploads\/2020\/10\/brigada3.jpg","contentUrl":"https:\/\/ambipar.com\/latam\/wp-content\/uploads\/2020\/10\/brigada3.jpg","width":1000,"height":1000,"caption":"brigada"},{"@type":"WebPage","@id":"https:\/\/ambipar.com\/latam\/pt\/ambipar-response\/treinamentos\/exercicios-simulados\/#webpage","url":"https:\/\/ambipar.com\/latam\/pt\/ambipar-response\/treinamentos\/exercicios-simulados\/","name":"Conhe\u00e7a os Exerc\u00edcios Simulados oferecidos pela Ambipar Response","isPartOf":{"@id":"https:\/\/ambipar.com\/latam\/#website"},"primaryImageOfPage":{"@id":"https:\/\/ambipar.com\/latam\/pt\/ambipar-response\/treinamentos\/exercicios-simulados\/#primaryimage"},"datePublished":"2020-10-30T19:38:00+00:00","dateModified":"2021-01-06T00:08:36+00:00","description":"Conta com profissionais e recursos que auxiliam seus clientes a manter seus Planos de Atendimento \u00e0 Emerg\u00eancia sempre auditados e atualizados","breadcrumb":{"@id":"https:\/\/ambipar.com\/latam\/pt\/ambipar-response\/treinamentos\/exercicios-simulados\/#breadcrumb"},"inLanguage":"es-CL","potentialAction":[{"@type":"ReadAction","target":["https:\/\/ambipar.com\/latam\/pt\/ambipar-response\/treinamentos\/exercicios-simulados\/"]}]},{"@type":"BreadcrumbList","@id":"https:\/\/ambipar.com\/latam\/pt\/ambipar-response\/treinamentos\/exercicios-simulados\/#breadcrumb","itemListElement":[{"@type":"ListItem","position":1,"name":"Home","item":"https:\/\/ambipar.com\/latam\/"},{"@type":"ListItem","position":2,"name":"Ambipar Response","item":"https:\/\/ambipar.com\/latam\/pt\/ambipar-response\/"},{"@type":"ListItem","position":3,"name":"Treinamentos","item":"https:\/\/ambipar.com\/latam\/pt\/ambipar-response\/treinamentos\/"},{"@type":"ListItem","position":4,"name":"Exerc\u00edcios Simulados"}]}]}},"_links":{"self":[{"href":"https:\/\/ambipar.com\/latam\/wp-json\/wp\/v2\/pages\/1066"}],"collection":[{"href":"https:\/\/ambipar.com\/latam\/wp-json\/wp\/v2\/pages"}],"about":[{"href":"https:\/\/ambipar.com\/latam\/wp-json\/wp\/v2\/types\/page"}],"author":[{"embeddable":true,"href":"https:\/\/ambipar.com\/latam\/wp-json\/wp\/v2\/users\/2"}],"replies":[{"embeddable":true,"href":"https:\/\/ambipar.com\/latam\/wp-json\/wp\/v2\/comments?post=1066"}],"version-history":[{"count":4,"href":"https:\/\/ambipar.com\/latam\/wp-json\/wp\/v2\/pages\/1066\/revisions"}],"predecessor-version":[{"id":3044,"href":"https:\/\/ambipar.com\/latam\/wp-json\/wp\/v2\/pages\/1066\/revisions\/3044"}],"up":[{"embeddable":true,"href":"https:\/\/ambipar.com\/latam\/wp-json\/wp\/v2\/pages\/533"}],"wp:featuredmedia":[{"embeddable":true,"href":"https:\/\/ambipar.com\/latam\/wp-json\/wp\/v2\/media\/651"}],"wp:attachment":[{"href":"https:\/\/ambipar.com\/latam\/wp-json\/wp\/v2\/media?parent=1066"}],"curies":[{"name":"wp","href":"https:\/\/api.w.org\/{rel}","templated":true}]}}