{"id":1083,"date":"2020-10-31T18:15:00","date_gmt":"2020-10-31T21:15:00","guid":{"rendered":"https:\/\/ambipar.com\/latam\/?page_id=1083"},"modified":"2021-01-05T21:09:26","modified_gmt":"2021-01-06T00:09:26","slug":"simulado-de-campo-e-mobilizacao-de-recursos-ambipar","status":"publish","type":"page","link":"https:\/\/ambipar.com\/latam\/pt\/ambipar-response\/treinamentos\/exercicios-simulados\/simulado-de-campo-e-mobilizacao-de-recursos-ambipar\/","title":{"rendered":"Simulado de Campo e Mobiliza\u00e7\u00e3o de Recursos Ambipar"},"content":{"rendered":"\n<p><strong>OBJETIVO:<\/strong><\/p>\n\n\n\n<p>Simula\u00e7\u00e3o pr\u00e1tica realizada em campo para treinar todos os profissionais envolvidos na resolu\u00e7\u00e3o da situa\u00e7\u00e3o emergencial.<\/p>\n\n\n\n<p><strong>P\u00daBLICO ALVO:<\/strong><\/p>\n\n\n\n<p>Profissionais dos setores de seguran\u00e7a operacional industrial, transporte, tr\u00e1fego, expedi\u00e7\u00e3o, qualidade e meio ambiente.<\/p>\n\n\n\n<p><strong>CONTE\u00daDO PROGRAM\u00c1TICO:<\/strong><\/p>\n\n\n\n<ul><li>Avalia\u00e7\u00e3o das t\u00e9cnicas de coleta de dados para avalia\u00e7\u00e3o de cen\u00e1rio<\/li><li>Identifica\u00e7\u00e3o dos locais de riscos de acidentes ou de vazamentos previstos no plano de a\u00e7\u00e3o a emerg\u00eancia (PAE)<\/li><li>Treinamento dos procedimentos de alerta e acionamento<\/li><li>Valida\u00e7\u00e3o do tempo de resposta das equipes de atendimento emergencial<\/li><li>Treinamento pr\u00e1tico das opera\u00e7\u00f5es de resposta<\/li><li>Avalia\u00e7\u00e3o final do simulado<\/li><\/ul>\n\n\n\n<p>CARGA HOR\u00c1RIA: 04 horas.<\/p>\n\n\n\n<p><strong>AGENDAMENTO DE EXERC\u00cdCIO SIMULADO<\/strong><\/p>\n\n\n\n<ul><li><a rel=\"noreferrer noopener\" href=\"https:\/\/app.smartsheet.com\/b\/form\/8651886e2cb541cc9223cc35dee39846\" target=\"_blank\">Fa\u00e7a seu agendamento<\/a><\/li><\/ul>\n\n\n\n<p>Conhe\u00e7a os demais  exerc\u00edcios simulados:<\/p>\n\n\n\n<ul id=\"block-cdc1b052-3980-4215-afce-e765d8569b8a\"><li><a href=\"https:\/\/ambipar.com\/latam\/ambipar-response\/treinamentos\/exercicios-simulados\/simulacao-table-top-ambipar\/\">Simula\u00e7\u00e3o Table Top Ambipar<\/a><\/li><li><a href=\"https:\/\/ambipar.com\/latam\/ambipar-response\/treinamentos\/exercicios-simulados\/simulado-de-comunicacao-ambipar\/\">Simulado de Comunica\u00e7\u00e3o Ambipar<\/a><\/li><\/ul>\n","protected":false},"excerpt":{"rendered":"OBJETIVO: Simula\u00e7\u00e3o pr\u00e1tica realizada em campo para treinar todos os profissionais envolvidos na resolu\u00e7\u00e3o da situa\u00e7\u00e3o emergencial. P\u00daBLICO ALVO: Profissionais dos setores de seguran\u00e7a operacional industrial, transporte, tr\u00e1fego, expedi\u00e7\u00e3o, qualidade e meio ambiente. CONTE\u00daDO PROGRAM\u00c1TICO: Avalia\u00e7\u00e3o das t\u00e9cnicas de coleta de dados para avalia\u00e7\u00e3o de cen\u00e1rio Identifica\u00e7\u00e3o dos locais de riscos de acidentes ou de&#8230; <a class=\"view-article\" href=\"https:\/\/ambipar.com\/latam\/pt\/ambipar-response\/treinamentos\/exercicios-simulados\/simulado-de-campo-e-mobilizacao-de-recursos-ambipar\/\">Ver art\u00edculo<\/a>","protected":false},"author":2,"featured_media":405,"parent":1066,"menu_order":0,"comment_status":"closed","ping_status":"closed","template":"single-servicos.php","meta":[],"yoast_head":"<!-- This site is optimized with the Yoast SEO plugin v17.6 - https:\/\/yoast.com\/wordpress\/plugins\/seo\/ -->\n<title>Conhe\u00e7a o Simulado de Campo e Mobiliza\u00e7\u00e3o de Recursos Ambipar<\/title>\n<meta name=\"description\" content=\"OBJETIVO: Simula\u00e7\u00e3o pr\u00e1tica realizada em campo para treinar todos os profissionais envolvidos na resolu\u00e7\u00e3o da situa\u00e7\u00e3o emergencial.\" \/>\n<meta name=\"robots\" content=\"index, follow, max-snippet:-1, max-image-preview:large, max-video-preview:-1\" \/>\n<link rel=\"canonical\" href=\"https:\/\/ambipar.com\/latam\/pt\/ambipar-response\/treinamentos\/exercicios-simulados\/simulado-de-campo-e-mobilizacao-de-recursos-ambipar\/\" \/>\n<meta property=\"og:locale\" content=\"es_ES\" \/>\n<meta property=\"og:type\" content=\"article\" \/>\n<meta property=\"og:title\" content=\"Conhe\u00e7a o Simulado de Campo e Mobiliza\u00e7\u00e3o de Recursos Ambipar\" \/>\n<meta property=\"og:description\" content=\"OBJETIVO: Simula\u00e7\u00e3o pr\u00e1tica realizada em campo para treinar todos os profissionais envolvidos na resolu\u00e7\u00e3o da situa\u00e7\u00e3o emergencial.\" \/>\n<meta property=\"og:url\" content=\"https:\/\/ambipar.com\/latam\/pt\/ambipar-response\/treinamentos\/exercicios-simulados\/simulado-de-campo-e-mobilizacao-de-recursos-ambipar\/\" \/>\n<meta property=\"og:site_name\" content=\"Ambipar. A l\u00edder em gest\u00e3o ambiental.\" \/>\n<meta property=\"article:modified_time\" content=\"2021-01-06T00:09:26+00:00\" \/>\n<meta property=\"og:image\" content=\"https:\/\/ambipar.com\/latam\/wp-content\/uploads\/2020\/10\/simulado.jpg\" \/>\n\t<meta property=\"og:image:width\" content=\"1012\" \/>\n\t<meta property=\"og:image:height\" content=\"1000\" \/>\n<meta name=\"twitter:card\" content=\"summary_large_image\" \/>\n<meta name=\"twitter:label1\" content=\"Est. reading time\" \/>\n\t<meta name=\"twitter:data1\" content=\"1 minuto\" \/>\n<script type=\"application\/ld+json\" class=\"yoast-schema-graph\">{\"@context\":\"https:\/\/schema.org\",\"@graph\":[{\"@type\":\"Organization\",\"@id\":\"https:\/\/ambipar.com\/latam\/#organization\",\"name\":\"Ambipar\",\"url\":\"https:\/\/ambipar.com\/latam\/\",\"sameAs\":[],\"logo\":{\"@type\":\"ImageObject\",\"@id\":\"https:\/\/ambipar.com\/latam\/#logo\",\"inLanguage\":\"es-CL\",\"url\":\"https:\/\/ambipar.com\/latam\/wp-content\/uploads\/2020\/10\/ambipar_color.png\",\"contentUrl\":\"https:\/\/ambipar.com\/latam\/wp-content\/uploads\/2020\/10\/ambipar_color.png\",\"width\":174,\"height\":107,\"caption\":\"Ambipar\"},\"image\":{\"@id\":\"https:\/\/ambipar.com\/latam\/#logo\"}},{\"@type\":\"WebSite\",\"@id\":\"https:\/\/ambipar.com\/latam\/#website\",\"url\":\"https:\/\/ambipar.com\/latam\/\",\"name\":\"Ambipar. A l\\u00edder em gest\\u00e3o ambiental.\",\"description\":\"Pioneira em solu\\u00e7\\u00f5es ambientais, a Ambipar atua em todo o territ\\u00f3rio nacional oferecendo solu\\u00e7\\u00f5es integradas para toda a cadeia de neg\\u00f3cio.\",\"publisher\":{\"@id\":\"https:\/\/ambipar.com\/latam\/#organization\"},\"potentialAction\":[{\"@type\":\"SearchAction\",\"target\":{\"@type\":\"EntryPoint\",\"urlTemplate\":\"https:\/\/ambipar.com\/latam\/?s={search_term_string}\"},\"query-input\":\"required name=search_term_string\"}],\"inLanguage\":\"es-CL\"},{\"@type\":\"ImageObject\",\"@id\":\"https:\/\/ambipar.com\/latam\/pt\/ambipar-response\/treinamentos\/exercicios-simulados\/simulado-de-campo-e-mobilizacao-de-recursos-ambipar\/#primaryimage\",\"inLanguage\":\"es-CL\",\"url\":\"https:\/\/ambipar.com\/latam\/wp-content\/uploads\/2020\/10\/simulado.jpg\",\"contentUrl\":\"https:\/\/ambipar.com\/latam\/wp-content\/uploads\/2020\/10\/simulado.jpg\",\"width\":1012,\"height\":1000,\"caption\":\"simulado\"},{\"@type\":\"WebPage\",\"@id\":\"https:\/\/ambipar.com\/latam\/pt\/ambipar-response\/treinamentos\/exercicios-simulados\/simulado-de-campo-e-mobilizacao-de-recursos-ambipar\/#webpage\",\"url\":\"https:\/\/ambipar.com\/latam\/pt\/ambipar-response\/treinamentos\/exercicios-simulados\/simulado-de-campo-e-mobilizacao-de-recursos-ambipar\/\",\"name\":\"Conhe\\u00e7a o Simulado de Campo e Mobiliza\\u00e7\\u00e3o de Recursos Ambipar\",\"isPartOf\":{\"@id\":\"https:\/\/ambipar.com\/latam\/#website\"},\"primaryImageOfPage\":{\"@id\":\"https:\/\/ambipar.com\/latam\/pt\/ambipar-response\/treinamentos\/exercicios-simulados\/simulado-de-campo-e-mobilizacao-de-recursos-ambipar\/#primaryimage\"},\"datePublished\":\"2020-10-31T21:15:00+00:00\",\"dateModified\":\"2021-01-06T00:09:26+00:00\",\"description\":\"OBJETIVO: Simula\\u00e7\\u00e3o pr\\u00e1tica realizada em campo para treinar todos os profissionais envolvidos na resolu\\u00e7\\u00e3o da situa\\u00e7\\u00e3o emergencial.\",\"breadcrumb\":{\"@id\":\"https:\/\/ambipar.com\/latam\/pt\/ambipar-response\/treinamentos\/exercicios-simulados\/simulado-de-campo-e-mobilizacao-de-recursos-ambipar\/#breadcrumb\"},\"inLanguage\":\"es-CL\",\"potentialAction\":[{\"@type\":\"ReadAction\",\"target\":[\"https:\/\/ambipar.com\/latam\/pt\/ambipar-response\/treinamentos\/exercicios-simulados\/simulado-de-campo-e-mobilizacao-de-recursos-ambipar\/\"]}]},{\"@type\":\"BreadcrumbList\",\"@id\":\"https:\/\/ambipar.com\/latam\/pt\/ambipar-response\/treinamentos\/exercicios-simulados\/simulado-de-campo-e-mobilizacao-de-recursos-ambipar\/#breadcrumb\",\"itemListElement\":[{\"@type\":\"ListItem\",\"position\":1,\"name\":\"Home\",\"item\":\"https:\/\/ambipar.com\/latam\/\"},{\"@type\":\"ListItem\",\"position\":2,\"name\":\"Ambipar Response\",\"item\":\"https:\/\/ambipar.com\/latam\/pt\/ambipar-response\/\"},{\"@type\":\"ListItem\",\"position\":3,\"name\":\"Treinamentos\",\"item\":\"https:\/\/ambipar.com\/latam\/pt\/ambipar-response\/treinamentos\/\"},{\"@type\":\"ListItem\",\"position\":4,\"name\":\"Exerc\\u00edcios Simulados\",\"item\":\"https:\/\/ambipar.com\/latam\/pt\/ambipar-response\/treinamentos\/exercicios-simulados\/\"},{\"@type\":\"ListItem\",\"position\":5,\"name\":\"Simulado de Campo e Mobiliza\\u00e7\\u00e3o de Recursos Ambipar\"}]}]}<\/script>\n<!-- \/ Yoast SEO plugin. -->","yoast_head_json":{"title":"Conhe\u00e7a o Simulado de Campo e Mobiliza\u00e7\u00e3o de Recursos Ambipar","description":"OBJETIVO: Simula\u00e7\u00e3o pr\u00e1tica realizada em campo para treinar todos os profissionais envolvidos na resolu\u00e7\u00e3o da situa\u00e7\u00e3o emergencial.","robots":{"index":"index","follow":"follow","max-snippet":"max-snippet:-1","max-image-preview":"max-image-preview:large","max-video-preview":"max-video-preview:-1"},"canonical":"https:\/\/ambipar.com\/latam\/pt\/ambipar-response\/treinamentos\/exercicios-simulados\/simulado-de-campo-e-mobilizacao-de-recursos-ambipar\/","og_locale":"es_ES","og_type":"article","og_title":"Conhe\u00e7a o Simulado de Campo e Mobiliza\u00e7\u00e3o de Recursos Ambipar","og_description":"OBJETIVO: Simula\u00e7\u00e3o pr\u00e1tica realizada em campo para treinar todos os profissionais envolvidos na resolu\u00e7\u00e3o da situa\u00e7\u00e3o emergencial.","og_url":"https:\/\/ambipar.com\/latam\/pt\/ambipar-response\/treinamentos\/exercicios-simulados\/simulado-de-campo-e-mobilizacao-de-recursos-ambipar\/","og_site_name":"Ambipar. A l\u00edder em gest\u00e3o ambiental.","article_modified_time":"2021-01-06T00:09:26+00:00","og_image":[{"width":1012,"height":1000,"url":"https:\/\/ambipar.com\/latam\/wp-content\/uploads\/2020\/10\/simulado.jpg","type":"image\/jpeg"}],"twitter_card":"summary_large_image","twitter_misc":{"Est. reading time":"1 minuto"},"schema":{"@context":"https:\/\/schema.org","@graph":[{"@type":"Organization","@id":"https:\/\/ambipar.com\/latam\/#organization","name":"Ambipar","url":"https:\/\/ambipar.com\/latam\/","sameAs":[],"logo":{"@type":"ImageObject","@id":"https:\/\/ambipar.com\/latam\/#logo","inLanguage":"es-CL","url":"https:\/\/ambipar.com\/latam\/wp-content\/uploads\/2020\/10\/ambipar_color.png","contentUrl":"https:\/\/ambipar.com\/latam\/wp-content\/uploads\/2020\/10\/ambipar_color.png","width":174,"height":107,"caption":"Ambipar"},"image":{"@id":"https:\/\/ambipar.com\/latam\/#logo"}},{"@type":"WebSite","@id":"https:\/\/ambipar.com\/latam\/#website","url":"https:\/\/ambipar.com\/latam\/","name":"Ambipar. A l\u00edder em gest\u00e3o ambiental.","description":"Pioneira em solu\u00e7\u00f5es ambientais, a Ambipar atua em todo o territ\u00f3rio nacional oferecendo solu\u00e7\u00f5es integradas para toda a cadeia de neg\u00f3cio.","publisher":{"@id":"https:\/\/ambipar.com\/latam\/#organization"},"potentialAction":[{"@type":"SearchAction","target":{"@type":"EntryPoint","urlTemplate":"https:\/\/ambipar.com\/latam\/?s={search_term_string}"},"query-input":"required name=search_term_string"}],"inLanguage":"es-CL"},{"@type":"ImageObject","@id":"https:\/\/ambipar.com\/latam\/pt\/ambipar-response\/treinamentos\/exercicios-simulados\/simulado-de-campo-e-mobilizacao-de-recursos-ambipar\/#primaryimage","inLanguage":"es-CL","url":"https:\/\/ambipar.com\/latam\/wp-content\/uploads\/2020\/10\/simulado.jpg","contentUrl":"https:\/\/ambipar.com\/latam\/wp-content\/uploads\/2020\/10\/simulado.jpg","width":1012,"height":1000,"caption":"simulado"},{"@type":"WebPage","@id":"https:\/\/ambipar.com\/latam\/pt\/ambipar-response\/treinamentos\/exercicios-simulados\/simulado-de-campo-e-mobilizacao-de-recursos-ambipar\/#webpage","url":"https:\/\/ambipar.com\/latam\/pt\/ambipar-response\/treinamentos\/exercicios-simulados\/simulado-de-campo-e-mobilizacao-de-recursos-ambipar\/","name":"Conhe\u00e7a o Simulado de Campo e Mobiliza\u00e7\u00e3o de Recursos Ambipar","isPartOf":{"@id":"https:\/\/ambipar.com\/latam\/#website"},"primaryImageOfPage":{"@id":"https:\/\/ambipar.com\/latam\/pt\/ambipar-response\/treinamentos\/exercicios-simulados\/simulado-de-campo-e-mobilizacao-de-recursos-ambipar\/#primaryimage"},"datePublished":"2020-10-31T21:15:00+00:00","dateModified":"2021-01-06T00:09:26+00:00","description":"OBJETIVO: Simula\u00e7\u00e3o pr\u00e1tica realizada em campo para treinar todos os profissionais envolvidos na resolu\u00e7\u00e3o da situa\u00e7\u00e3o emergencial.","breadcrumb":{"@id":"https:\/\/ambipar.com\/latam\/pt\/ambipar-response\/treinamentos\/exercicios-simulados\/simulado-de-campo-e-mobilizacao-de-recursos-ambipar\/#breadcrumb"},"inLanguage":"es-CL","potentialAction":[{"@type":"ReadAction","target":["https:\/\/ambipar.com\/latam\/pt\/ambipar-response\/treinamentos\/exercicios-simulados\/simulado-de-campo-e-mobilizacao-de-recursos-ambipar\/"]}]},{"@type":"BreadcrumbList","@id":"https:\/\/ambipar.com\/latam\/pt\/ambipar-response\/treinamentos\/exercicios-simulados\/simulado-de-campo-e-mobilizacao-de-recursos-ambipar\/#breadcrumb","itemListElement":[{"@type":"ListItem","position":1,"name":"Home","item":"https:\/\/ambipar.com\/latam\/"},{"@type":"ListItem","position":2,"name":"Ambipar Response","item":"https:\/\/ambipar.com\/latam\/pt\/ambipar-response\/"},{"@type":"ListItem","position":3,"name":"Treinamentos","item":"https:\/\/ambipar.com\/latam\/pt\/ambipar-response\/treinamentos\/"},{"@type":"ListItem","position":4,"name":"Exerc\u00edcios Simulados","item":"https:\/\/ambipar.com\/latam\/pt\/ambipar-response\/treinamentos\/exercicios-simulados\/"},{"@type":"ListItem","position":5,"name":"Simulado de Campo e Mobiliza\u00e7\u00e3o de Recursos Ambipar"}]}]}},"_links":{"self":[{"href":"https:\/\/ambipar.com\/latam\/wp-json\/wp\/v2\/pages\/1083"}],"collection":[{"href":"https:\/\/ambipar.com\/latam\/wp-json\/wp\/v2\/pages"}],"about":[{"href":"https:\/\/ambipar.com\/latam\/wp-json\/wp\/v2\/types\/page"}],"author":[{"embeddable":true,"href":"https:\/\/ambipar.com\/latam\/wp-json\/wp\/v2\/users\/2"}],"replies":[{"embeddable":true,"href":"https:\/\/ambipar.com\/latam\/wp-json\/wp\/v2\/comments?post=1083"}],"version-history":[{"count":4,"href":"https:\/\/ambipar.com\/latam\/wp-json\/wp\/v2\/pages\/1083\/revisions"}],"predecessor-version":[{"id":2799,"href":"https:\/\/ambipar.com\/latam\/wp-json\/wp\/v2\/pages\/1083\/revisions\/2799"}],"up":[{"embeddable":true,"href":"https:\/\/ambipar.com\/latam\/wp-json\/wp\/v2\/pages\/1066"}],"wp:featuredmedia":[{"embeddable":true,"href":"https:\/\/ambipar.com\/latam\/wp-json\/wp\/v2\/media\/405"}],"wp:attachment":[{"href":"https:\/\/ambipar.com\/latam\/wp-json\/wp\/v2\/media?parent=1083"}],"curies":[{"name":"wp","href":"https:\/\/api.w.org\/{rel}","templated":true}]}}