{"id":1090,"date":"2020-10-30T18:20:00","date_gmt":"2020-10-30T21:20:00","guid":{"rendered":"https:\/\/ambipar.com\/latam\/?page_id=1090"},"modified":"2021-01-05T21:02:41","modified_gmt":"2021-01-06T00:02:41","slug":"ead","status":"publish","type":"page","link":"https:\/\/ambipar.com\/latam\/pt\/ambipar-response\/treinamentos\/ead\/","title":{"rendered":"EAD"},"content":{"rendered":"\n<p>A Ambipar oferece treinamentos online, os quais promovem a capacita\u00e7\u00e3o continua das pessoas, visando garantir a qualidade e a seguran\u00e7a nos processos das empresas. Os treinamentos s\u00e3o elaborados e ministrados por um corpo t\u00e9cnico com certifica\u00e7\u00e3o nacional e internacional.<\/p>\n\n\n\n<p>O ambiente virtual de aprendizagem oferece condi\u00e7\u00f5es de intera\u00e7\u00f5es permanentes entre os usu\u00e1rios para transmiss\u00e3o de conhecimento e aprendizagem do conte\u00fado permitindo integrar m\u00faltiplas midias, linguagens, recursos e apresentar informa\u00e7\u00f5es de modo organizado entre pessoas e objetos de conhecimentos. Nossa plataforma disponibiliza os seguintes temas:<\/p>\n\n\n\n<ul id=\"block-52489d4b-ab6a-46f4-aeb6-c2767e300c29\"><li><a href=\"https:\/\/ambipar.com\/latam\/ambipar-response\/treinamentos\/ead\/plano-de-atendimento-a-emergencia\/\">Plano de Atendimento \u00e0 Emerg\u00eancia<\/a><\/li><li><a href=\"https:\/\/ambipar.com\/latam\/ambipar-response\/treinamentos\/ead\/direcao-defensiva\/\">Dire\u00e7\u00e3o Defensiva<\/a><\/li><li><a href=\"https:\/\/ambipar.com\/latam\/ambipar-response\/treinamentos\/ead\/legislacao-sobre-o-transporte-de-produtos-perigosos\/\">Legisla\u00e7\u00e3o sobre o Transporte de Produtos Perigosos<\/a><\/li><li><a href=\"https:\/\/ambipar.com\/latam\/ambipar-response\/treinamentos\/ead\/armazenamento-e-manuseio-de-produtos-perigosos\/\">Armazenamento e Manuseio de Produtos Perigosos<\/a><\/li><\/ul>\n\n\n\n<figure class=\"wp-block-image size-large\"><img width=\"456\" height=\"124\" src=\"https:\/\/ambipar.com\/latam\/wp-content\/uploads\/2020\/10\/EAD1.png\" alt=\"\" class=\"wp-image-1092\" srcset=\"https:\/\/ambipar.com\/latam\/wp-content\/uploads\/2020\/10\/EAD1.png 456w, https:\/\/ambipar.com\/latam\/wp-content\/uploads\/2020\/10\/EAD1-250x68.png 250w, https:\/\/ambipar.com\/latam\/wp-content\/uploads\/2020\/10\/EAD1-120x33.png 120w\" sizes=\"(max-width: 456px) 100vw, 456px\" \/><\/figure>\n\n\n\n<p>Veja tamb\u00e9m:<\/p>\n\n\n\n<ul><li><a href=\"https:\/\/ambipar.com\/latam\/ambipar-response\/treinamentos\/hazmat\/\">HAZMAT<\/a><\/li><li><a href=\"https:\/\/ambipar.com\/latam\/ambipar-response\/treinamentos\/oil-spill\/\">Oil Spill<\/a><\/li><li><a href=\"https:\/\/ambipar.com\/latam\/ambipar-response\/treinamentos\/brigadas-de-emergencias\/\">Brigadas de Emerg\u00eancias<\/a><\/li><li><a href=\"https:\/\/ambipar.com\/latam\/ambipar-response\/treinamentos\/nrs\/\">NR\u2019S<\/a><\/li><li><a href=\"https:\/\/ambipar.com\/latam\/ambipar-response\/treinamentos\/armazenamento-e-transporte-de-produtos-perigosos\/\">Armazenamento e Transporte de Produtos Perigosos<\/a><\/li><li><a href=\"https:\/\/ambipar.com\/latam\/ambipar-response\/treinamentos\/equipamentos-simuladores\/\">Equipamentos Simuladores<\/a><\/li><li><a href=\"https:\/\/ambipar.com\/latam\/ambipar-response\/treinamentos\/exercicios-simulados\/\">Exerc\u00edcios Simulados<\/a><\/li><li><a href=\"\/ambipar-response\/treinamentos\/cronograma-2021\/\">Cronograma 2021<\/a><\/li><\/ul>\n","protected":false},"excerpt":{"rendered":"A Ambipar oferece treinamentos online, os quais promovem a capacita\u00e7\u00e3o continua das pessoas, visando garantir a qualidade e a seguran\u00e7a nos processos das empresas. Os treinamentos s\u00e3o elaborados e ministrados por um corpo t\u00e9cnico com certifica\u00e7\u00e3o nacional e internacional. O ambiente virtual de aprendizagem oferece condi\u00e7\u00f5es de intera\u00e7\u00f5es permanentes entre os usu\u00e1rios para transmiss\u00e3o de&#8230; <a class=\"view-article\" href=\"https:\/\/ambipar.com\/latam\/pt\/ambipar-response\/treinamentos\/ead\/\">Ver art\u00edculo<\/a>","protected":false},"author":2,"featured_media":1091,"parent":533,"menu_order":0,"comment_status":"closed","ping_status":"closed","template":"single-servicos.php","meta":[],"yoast_head":"<!-- This site is optimized with the Yoast SEO plugin v17.6 - https:\/\/yoast.com\/wordpress\/plugins\/seo\/ -->\n<title>Conhe\u00e7a os treinamentos EAD oferecidos pela Ambipar Response<\/title>\n<meta name=\"description\" content=\"A Ambipar oferece treinamentos online visando garantir a qualidade e a seguran\u00e7a nos processos das empresas.\" \/>\n<meta name=\"robots\" content=\"index, follow, max-snippet:-1, max-image-preview:large, max-video-preview:-1\" \/>\n<link rel=\"canonical\" href=\"https:\/\/ambipar.com\/latam\/pt\/ambipar-response\/treinamentos\/ead\/\" \/>\n<meta property=\"og:locale\" content=\"es_ES\" \/>\n<meta property=\"og:type\" content=\"article\" \/>\n<meta property=\"og:title\" content=\"Conhe\u00e7a os treinamentos EAD oferecidos pela Ambipar Response\" \/>\n<meta property=\"og:description\" content=\"A Ambipar oferece treinamentos online visando garantir a qualidade e a seguran\u00e7a nos processos das empresas.\" \/>\n<meta property=\"og:url\" content=\"https:\/\/ambipar.com\/latam\/pt\/ambipar-response\/treinamentos\/ead\/\" \/>\n<meta property=\"og:site_name\" content=\"Ambipar. A l\u00edder em gest\u00e3o ambiental.\" \/>\n<meta property=\"article:modified_time\" content=\"2021-01-06T00:02:41+00:00\" \/>\n<meta property=\"og:image\" content=\"https:\/\/ambipar.com\/latam\/wp-content\/uploads\/2020\/10\/EAD.jpg\" \/>\n\t<meta property=\"og:image:width\" content=\"983\" \/>\n\t<meta property=\"og:image:height\" content=\"1000\" \/>\n<meta name=\"twitter:card\" content=\"summary_large_image\" \/>\n<meta name=\"twitter:label1\" content=\"Est. reading time\" \/>\n\t<meta name=\"twitter:data1\" content=\"1 minuto\" \/>\n<script type=\"application\/ld+json\" class=\"yoast-schema-graph\">{\"@context\":\"https:\/\/schema.org\",\"@graph\":[{\"@type\":\"Organization\",\"@id\":\"https:\/\/ambipar.com\/latam\/#organization\",\"name\":\"Ambipar\",\"url\":\"https:\/\/ambipar.com\/latam\/\",\"sameAs\":[],\"logo\":{\"@type\":\"ImageObject\",\"@id\":\"https:\/\/ambipar.com\/latam\/#logo\",\"inLanguage\":\"es-CL\",\"url\":\"https:\/\/ambipar.com\/latam\/wp-content\/uploads\/2020\/10\/ambipar_color.png\",\"contentUrl\":\"https:\/\/ambipar.com\/latam\/wp-content\/uploads\/2020\/10\/ambipar_color.png\",\"width\":174,\"height\":107,\"caption\":\"Ambipar\"},\"image\":{\"@id\":\"https:\/\/ambipar.com\/latam\/#logo\"}},{\"@type\":\"WebSite\",\"@id\":\"https:\/\/ambipar.com\/latam\/#website\",\"url\":\"https:\/\/ambipar.com\/latam\/\",\"name\":\"Ambipar. A l\\u00edder em gest\\u00e3o ambiental.\",\"description\":\"Pioneira em solu\\u00e7\\u00f5es ambientais, a Ambipar atua em todo o territ\\u00f3rio nacional oferecendo solu\\u00e7\\u00f5es integradas para toda a cadeia de neg\\u00f3cio.\",\"publisher\":{\"@id\":\"https:\/\/ambipar.com\/latam\/#organization\"},\"potentialAction\":[{\"@type\":\"SearchAction\",\"target\":{\"@type\":\"EntryPoint\",\"urlTemplate\":\"https:\/\/ambipar.com\/latam\/?s={search_term_string}\"},\"query-input\":\"required name=search_term_string\"}],\"inLanguage\":\"es-CL\"},{\"@type\":\"ImageObject\",\"@id\":\"https:\/\/ambipar.com\/latam\/pt\/ambipar-response\/treinamentos\/ead\/#primaryimage\",\"inLanguage\":\"es-CL\",\"url\":\"https:\/\/ambipar.com\/latam\/wp-content\/uploads\/2020\/10\/EAD.jpg\",\"contentUrl\":\"https:\/\/ambipar.com\/latam\/wp-content\/uploads\/2020\/10\/EAD.jpg\",\"width\":983,\"height\":1000,\"caption\":\"EAD\"},{\"@type\":\"WebPage\",\"@id\":\"https:\/\/ambipar.com\/latam\/pt\/ambipar-response\/treinamentos\/ead\/#webpage\",\"url\":\"https:\/\/ambipar.com\/latam\/pt\/ambipar-response\/treinamentos\/ead\/\",\"name\":\"Conhe\\u00e7a os treinamentos EAD oferecidos pela Ambipar Response\",\"isPartOf\":{\"@id\":\"https:\/\/ambipar.com\/latam\/#website\"},\"primaryImageOfPage\":{\"@id\":\"https:\/\/ambipar.com\/latam\/pt\/ambipar-response\/treinamentos\/ead\/#primaryimage\"},\"datePublished\":\"2020-10-30T21:20:00+00:00\",\"dateModified\":\"2021-01-06T00:02:41+00:00\",\"description\":\"A Ambipar oferece treinamentos online visando garantir a qualidade e a seguran\\u00e7a nos processos das empresas.\",\"breadcrumb\":{\"@id\":\"https:\/\/ambipar.com\/latam\/pt\/ambipar-response\/treinamentos\/ead\/#breadcrumb\"},\"inLanguage\":\"es-CL\",\"potentialAction\":[{\"@type\":\"ReadAction\",\"target\":[\"https:\/\/ambipar.com\/latam\/pt\/ambipar-response\/treinamentos\/ead\/\"]}]},{\"@type\":\"BreadcrumbList\",\"@id\":\"https:\/\/ambipar.com\/latam\/pt\/ambipar-response\/treinamentos\/ead\/#breadcrumb\",\"itemListElement\":[{\"@type\":\"ListItem\",\"position\":1,\"name\":\"Home\",\"item\":\"https:\/\/ambipar.com\/latam\/\"},{\"@type\":\"ListItem\",\"position\":2,\"name\":\"Ambipar Response\",\"item\":\"https:\/\/ambipar.com\/latam\/pt\/ambipar-response\/\"},{\"@type\":\"ListItem\",\"position\":3,\"name\":\"Treinamentos\",\"item\":\"https:\/\/ambipar.com\/latam\/pt\/ambipar-response\/treinamentos\/\"},{\"@type\":\"ListItem\",\"position\":4,\"name\":\"EAD\"}]}]}<\/script>\n<!-- \/ Yoast SEO plugin. -->","yoast_head_json":{"title":"Conhe\u00e7a os treinamentos EAD oferecidos pela Ambipar Response","description":"A Ambipar oferece treinamentos online visando garantir a qualidade e a seguran\u00e7a nos processos das empresas.","robots":{"index":"index","follow":"follow","max-snippet":"max-snippet:-1","max-image-preview":"max-image-preview:large","max-video-preview":"max-video-preview:-1"},"canonical":"https:\/\/ambipar.com\/latam\/pt\/ambipar-response\/treinamentos\/ead\/","og_locale":"es_ES","og_type":"article","og_title":"Conhe\u00e7a os treinamentos EAD oferecidos pela Ambipar Response","og_description":"A Ambipar oferece treinamentos online visando garantir a qualidade e a seguran\u00e7a nos processos das empresas.","og_url":"https:\/\/ambipar.com\/latam\/pt\/ambipar-response\/treinamentos\/ead\/","og_site_name":"Ambipar. A l\u00edder em gest\u00e3o ambiental.","article_modified_time":"2021-01-06T00:02:41+00:00","og_image":[{"width":983,"height":1000,"url":"https:\/\/ambipar.com\/latam\/wp-content\/uploads\/2020\/10\/EAD.jpg","type":"image\/jpeg"}],"twitter_card":"summary_large_image","twitter_misc":{"Est. reading time":"1 minuto"},"schema":{"@context":"https:\/\/schema.org","@graph":[{"@type":"Organization","@id":"https:\/\/ambipar.com\/latam\/#organization","name":"Ambipar","url":"https:\/\/ambipar.com\/latam\/","sameAs":[],"logo":{"@type":"ImageObject","@id":"https:\/\/ambipar.com\/latam\/#logo","inLanguage":"es-CL","url":"https:\/\/ambipar.com\/latam\/wp-content\/uploads\/2020\/10\/ambipar_color.png","contentUrl":"https:\/\/ambipar.com\/latam\/wp-content\/uploads\/2020\/10\/ambipar_color.png","width":174,"height":107,"caption":"Ambipar"},"image":{"@id":"https:\/\/ambipar.com\/latam\/#logo"}},{"@type":"WebSite","@id":"https:\/\/ambipar.com\/latam\/#website","url":"https:\/\/ambipar.com\/latam\/","name":"Ambipar. A l\u00edder em gest\u00e3o ambiental.","description":"Pioneira em solu\u00e7\u00f5es ambientais, a Ambipar atua em todo o territ\u00f3rio nacional oferecendo solu\u00e7\u00f5es integradas para toda a cadeia de neg\u00f3cio.","publisher":{"@id":"https:\/\/ambipar.com\/latam\/#organization"},"potentialAction":[{"@type":"SearchAction","target":{"@type":"EntryPoint","urlTemplate":"https:\/\/ambipar.com\/latam\/?s={search_term_string}"},"query-input":"required name=search_term_string"}],"inLanguage":"es-CL"},{"@type":"ImageObject","@id":"https:\/\/ambipar.com\/latam\/pt\/ambipar-response\/treinamentos\/ead\/#primaryimage","inLanguage":"es-CL","url":"https:\/\/ambipar.com\/latam\/wp-content\/uploads\/2020\/10\/EAD.jpg","contentUrl":"https:\/\/ambipar.com\/latam\/wp-content\/uploads\/2020\/10\/EAD.jpg","width":983,"height":1000,"caption":"EAD"},{"@type":"WebPage","@id":"https:\/\/ambipar.com\/latam\/pt\/ambipar-response\/treinamentos\/ead\/#webpage","url":"https:\/\/ambipar.com\/latam\/pt\/ambipar-response\/treinamentos\/ead\/","name":"Conhe\u00e7a os treinamentos EAD oferecidos pela Ambipar Response","isPartOf":{"@id":"https:\/\/ambipar.com\/latam\/#website"},"primaryImageOfPage":{"@id":"https:\/\/ambipar.com\/latam\/pt\/ambipar-response\/treinamentos\/ead\/#primaryimage"},"datePublished":"2020-10-30T21:20:00+00:00","dateModified":"2021-01-06T00:02:41+00:00","description":"A Ambipar oferece treinamentos online visando garantir a qualidade e a seguran\u00e7a nos processos das empresas.","breadcrumb":{"@id":"https:\/\/ambipar.com\/latam\/pt\/ambipar-response\/treinamentos\/ead\/#breadcrumb"},"inLanguage":"es-CL","potentialAction":[{"@type":"ReadAction","target":["https:\/\/ambipar.com\/latam\/pt\/ambipar-response\/treinamentos\/ead\/"]}]},{"@type":"BreadcrumbList","@id":"https:\/\/ambipar.com\/latam\/pt\/ambipar-response\/treinamentos\/ead\/#breadcrumb","itemListElement":[{"@type":"ListItem","position":1,"name":"Home","item":"https:\/\/ambipar.com\/latam\/"},{"@type":"ListItem","position":2,"name":"Ambipar Response","item":"https:\/\/ambipar.com\/latam\/pt\/ambipar-response\/"},{"@type":"ListItem","position":3,"name":"Treinamentos","item":"https:\/\/ambipar.com\/latam\/pt\/ambipar-response\/treinamentos\/"},{"@type":"ListItem","position":4,"name":"EAD"}]}]}},"_links":{"self":[{"href":"https:\/\/ambipar.com\/latam\/wp-json\/wp\/v2\/pages\/1090"}],"collection":[{"href":"https:\/\/ambipar.com\/latam\/wp-json\/wp\/v2\/pages"}],"about":[{"href":"https:\/\/ambipar.com\/latam\/wp-json\/wp\/v2\/types\/page"}],"author":[{"embeddable":true,"href":"https:\/\/ambipar.com\/latam\/wp-json\/wp\/v2\/users\/2"}],"replies":[{"embeddable":true,"href":"https:\/\/ambipar.com\/latam\/wp-json\/wp\/v2\/comments?post=1090"}],"version-history":[{"count":5,"href":"https:\/\/ambipar.com\/latam\/wp-json\/wp\/v2\/pages\/1090\/revisions"}],"predecessor-version":[{"id":3045,"href":"https:\/\/ambipar.com\/latam\/wp-json\/wp\/v2\/pages\/1090\/revisions\/3045"}],"up":[{"embeddable":true,"href":"https:\/\/ambipar.com\/latam\/wp-json\/wp\/v2\/pages\/533"}],"wp:featuredmedia":[{"embeddable":true,"href":"https:\/\/ambipar.com\/latam\/wp-json\/wp\/v2\/media\/1091"}],"wp:attachment":[{"href":"https:\/\/ambipar.com\/latam\/wp-json\/wp\/v2\/media?parent=1090"}],"curies":[{"name":"wp","href":"https:\/\/api.w.org\/{rel}","templated":true}]}}