{"id":1098,"date":"2020-10-30T18:49:00","date_gmt":"2020-10-30T21:49:00","guid":{"rendered":"https:\/\/ambipar.com\/latam\/?page_id=1098"},"modified":"2021-01-05T21:03:05","modified_gmt":"2021-01-06T00:03:05","slug":"direcao-defensiva","status":"publish","type":"page","link":"https:\/\/ambipar.com\/latam\/pt\/ambipar-response\/treinamentos\/ead\/direcao-defensiva\/","title":{"rendered":"Dire\u00e7\u00e3o Defensiva"},"content":{"rendered":"\n<p><strong>OBJETIVO:<\/strong><\/p>\n\n\n\n<p>Abordar conte\u00fados e pr\u00e1ticas relativas aos procedimentos que todo motorista deve adotar quando for transitar pelas ruas, avenidas, rodovias e estradas do territ\u00f3rio nacional.<\/p>\n\n\n\n<p><strong>P\u00daBLICO ALVO:<\/strong><\/p>\n\n\n\n<p>Profissionais envolvidos na condu\u00e7\u00e3o de caminh\u00f5es, \u00f4nibus e ve\u00edculos em geral.<\/p>\n\n\n\n<p><strong>CONTE\u00daDO PROGRAM\u00c1TICO:<\/strong><\/p>\n\n\n\n<ul><li>Estat\u00edsticas do tr\u00e2nsito e elementos da dire\u00e7\u00e3o defensiva<\/li><li>Efeitos do \u00e1lcool, drogas e medicamentos<\/li><li>Tipos de motoristas<\/li><li>Evitando colis\u00f5es<\/li><li>Infra\u00e7\u00f5es e multas<\/li><\/ul>\n\n\n\n<p>CARGA HOR\u00c1RIA: 04 HORAS<\/p>\n\n\n\n<p><strong>SOLICITA\u00c7\u00c3O DE AGENDAMENTO DE TREINAMENTO<\/strong><\/p>\n\n\n\n<ul><li><a rel=\"noreferrer noopener\" href=\"https:\/\/app.smartsheet.com\/b\/form\/d42c8924f7e24b91acd68db113cff26c\" target=\"_blank\">Fa\u00e7a seu agendamento<\/a><\/li><\/ul>\n\n\n\n<p>Conhe\u00e7a os demais m\u00f3dulos do EAD Ambipar:<\/p>\n\n\n\n<ul id=\"block-52489d4b-ab6a-46f4-aeb6-c2767e300c29\"><li><a href=\"https:\/\/ambipar.com\/latam\/ambipar-response\/treinamentos\/ead\/plano-de-atendimento-a-emergencia\/\">Plano de Atendimento \u00e0 Emerg\u00eancia<\/a><\/li><li><a href=\"https:\/\/ambipar.com\/latam\/ambipar-response\/treinamentos\/ead\/legislacao-sobre-o-transporte-de-produtos-perigosos\/\">Legisla\u00e7\u00e3o sobre o Transporte de Produtos Perigosos<\/a><\/li><li><a href=\"https:\/\/ambipar.com\/latam\/ambipar-response\/treinamentos\/ead\/armazenamento-e-manuseio-de-produtos-perigosos\/\">Armazenamento e Manuseio de Produtos Perigosos<\/a><\/li><\/ul>\n","protected":false},"excerpt":{"rendered":"OBJETIVO: Abordar conte\u00fados e pr\u00e1ticas relativas aos procedimentos que todo motorista deve adotar quando for transitar pelas ruas, avenidas, rodovias e estradas do territ\u00f3rio nacional. P\u00daBLICO ALVO: Profissionais envolvidos na condu\u00e7\u00e3o de caminh\u00f5es, \u00f4nibus e ve\u00edculos em geral. CONTE\u00daDO PROGRAM\u00c1TICO: Estat\u00edsticas do tr\u00e2nsito e elementos da dire\u00e7\u00e3o defensiva Efeitos do \u00e1lcool, drogas e medicamentos Tipos&#8230; <a class=\"view-article\" href=\"https:\/\/ambipar.com\/latam\/pt\/ambipar-response\/treinamentos\/ead\/direcao-defensiva\/\">Ver art\u00edculo<\/a>","protected":false},"author":2,"featured_media":914,"parent":1090,"menu_order":0,"comment_status":"closed","ping_status":"closed","template":"single-servicos.php","meta":[],"yoast_head":"<!-- This site is optimized with the Yoast SEO plugin v17.6 - https:\/\/yoast.com\/wordpress\/plugins\/seo\/ -->\n<title>Conhe\u00e7a o treinamento EAD de Dire\u00e7\u00e3o Defensiva oferecido pela Ambipar<\/title>\n<meta name=\"description\" content=\"OBJETIVO: Abordar conte\u00fados e pr\u00e1ticas relativas aos procedimentos que todo motorista deve adotar quando for transitar\" \/>\n<meta name=\"robots\" content=\"index, follow, max-snippet:-1, max-image-preview:large, max-video-preview:-1\" \/>\n<link rel=\"canonical\" href=\"https:\/\/ambipar.com\/latam\/pt\/ambipar-response\/treinamentos\/ead\/direcao-defensiva\/\" \/>\n<meta property=\"og:locale\" content=\"es_ES\" \/>\n<meta property=\"og:type\" content=\"article\" \/>\n<meta property=\"og:title\" content=\"Conhe\u00e7a o treinamento EAD de Dire\u00e7\u00e3o Defensiva oferecido pela Ambipar\" \/>\n<meta property=\"og:description\" content=\"OBJETIVO: Abordar conte\u00fados e pr\u00e1ticas relativas aos procedimentos que todo motorista deve adotar quando for transitar\" \/>\n<meta property=\"og:url\" content=\"https:\/\/ambipar.com\/latam\/pt\/ambipar-response\/treinamentos\/ead\/direcao-defensiva\/\" \/>\n<meta property=\"og:site_name\" content=\"Ambipar. A l\u00edder em gest\u00e3o ambiental.\" \/>\n<meta property=\"article:modified_time\" content=\"2021-01-06T00:03:05+00:00\" \/>\n<meta property=\"og:image\" content=\"https:\/\/ambipar.com\/latam\/wp-content\/uploads\/2020\/10\/transporte6.jpg\" \/>\n\t<meta property=\"og:image:width\" content=\"1012\" \/>\n\t<meta property=\"og:image:height\" content=\"1000\" \/>\n<meta name=\"twitter:card\" content=\"summary_large_image\" \/>\n<meta name=\"twitter:label1\" content=\"Est. reading time\" \/>\n\t<meta name=\"twitter:data1\" content=\"1 minuto\" \/>\n<script type=\"application\/ld+json\" class=\"yoast-schema-graph\">{\"@context\":\"https:\/\/schema.org\",\"@graph\":[{\"@type\":\"Organization\",\"@id\":\"https:\/\/ambipar.com\/latam\/#organization\",\"name\":\"Ambipar\",\"url\":\"https:\/\/ambipar.com\/latam\/\",\"sameAs\":[],\"logo\":{\"@type\":\"ImageObject\",\"@id\":\"https:\/\/ambipar.com\/latam\/#logo\",\"inLanguage\":\"es-CL\",\"url\":\"https:\/\/ambipar.com\/latam\/wp-content\/uploads\/2020\/10\/ambipar_color.png\",\"contentUrl\":\"https:\/\/ambipar.com\/latam\/wp-content\/uploads\/2020\/10\/ambipar_color.png\",\"width\":174,\"height\":107,\"caption\":\"Ambipar\"},\"image\":{\"@id\":\"https:\/\/ambipar.com\/latam\/#logo\"}},{\"@type\":\"WebSite\",\"@id\":\"https:\/\/ambipar.com\/latam\/#website\",\"url\":\"https:\/\/ambipar.com\/latam\/\",\"name\":\"Ambipar. A l\\u00edder em gest\\u00e3o ambiental.\",\"description\":\"Pioneira em solu\\u00e7\\u00f5es ambientais, a Ambipar atua em todo o territ\\u00f3rio nacional oferecendo solu\\u00e7\\u00f5es integradas para toda a cadeia de neg\\u00f3cio.\",\"publisher\":{\"@id\":\"https:\/\/ambipar.com\/latam\/#organization\"},\"potentialAction\":[{\"@type\":\"SearchAction\",\"target\":{\"@type\":\"EntryPoint\",\"urlTemplate\":\"https:\/\/ambipar.com\/latam\/?s={search_term_string}\"},\"query-input\":\"required name=search_term_string\"}],\"inLanguage\":\"es-CL\"},{\"@type\":\"ImageObject\",\"@id\":\"https:\/\/ambipar.com\/latam\/pt\/ambipar-response\/treinamentos\/ead\/direcao-defensiva\/#primaryimage\",\"inLanguage\":\"es-CL\",\"url\":\"https:\/\/ambipar.com\/latam\/wp-content\/uploads\/2020\/10\/transporte6.jpg\",\"contentUrl\":\"https:\/\/ambipar.com\/latam\/wp-content\/uploads\/2020\/10\/transporte6.jpg\",\"width\":1012,\"height\":1000,\"caption\":\"transporte\"},{\"@type\":\"WebPage\",\"@id\":\"https:\/\/ambipar.com\/latam\/pt\/ambipar-response\/treinamentos\/ead\/direcao-defensiva\/#webpage\",\"url\":\"https:\/\/ambipar.com\/latam\/pt\/ambipar-response\/treinamentos\/ead\/direcao-defensiva\/\",\"name\":\"Conhe\\u00e7a o treinamento EAD de Dire\\u00e7\\u00e3o Defensiva oferecido pela Ambipar\",\"isPartOf\":{\"@id\":\"https:\/\/ambipar.com\/latam\/#website\"},\"primaryImageOfPage\":{\"@id\":\"https:\/\/ambipar.com\/latam\/pt\/ambipar-response\/treinamentos\/ead\/direcao-defensiva\/#primaryimage\"},\"datePublished\":\"2020-10-30T21:49:00+00:00\",\"dateModified\":\"2021-01-06T00:03:05+00:00\",\"description\":\"OBJETIVO: Abordar conte\\u00fados e pr\\u00e1ticas relativas aos procedimentos que todo motorista deve adotar quando for transitar\",\"breadcrumb\":{\"@id\":\"https:\/\/ambipar.com\/latam\/pt\/ambipar-response\/treinamentos\/ead\/direcao-defensiva\/#breadcrumb\"},\"inLanguage\":\"es-CL\",\"potentialAction\":[{\"@type\":\"ReadAction\",\"target\":[\"https:\/\/ambipar.com\/latam\/pt\/ambipar-response\/treinamentos\/ead\/direcao-defensiva\/\"]}]},{\"@type\":\"BreadcrumbList\",\"@id\":\"https:\/\/ambipar.com\/latam\/pt\/ambipar-response\/treinamentos\/ead\/direcao-defensiva\/#breadcrumb\",\"itemListElement\":[{\"@type\":\"ListItem\",\"position\":1,\"name\":\"Home\",\"item\":\"https:\/\/ambipar.com\/latam\/\"},{\"@type\":\"ListItem\",\"position\":2,\"name\":\"Ambipar Response\",\"item\":\"https:\/\/ambipar.com\/latam\/pt\/ambipar-response\/\"},{\"@type\":\"ListItem\",\"position\":3,\"name\":\"Treinamentos\",\"item\":\"https:\/\/ambipar.com\/latam\/pt\/ambipar-response\/treinamentos\/\"},{\"@type\":\"ListItem\",\"position\":4,\"name\":\"EAD\",\"item\":\"https:\/\/ambipar.com\/latam\/pt\/ambipar-response\/treinamentos\/ead\/\"},{\"@type\":\"ListItem\",\"position\":5,\"name\":\"Dire\\u00e7\\u00e3o Defensiva\"}]}]}<\/script>\n<!-- \/ Yoast SEO plugin. -->","yoast_head_json":{"title":"Conhe\u00e7a o treinamento EAD de Dire\u00e7\u00e3o Defensiva oferecido pela Ambipar","description":"OBJETIVO: Abordar conte\u00fados e pr\u00e1ticas relativas aos procedimentos que todo motorista deve adotar quando for transitar","robots":{"index":"index","follow":"follow","max-snippet":"max-snippet:-1","max-image-preview":"max-image-preview:large","max-video-preview":"max-video-preview:-1"},"canonical":"https:\/\/ambipar.com\/latam\/pt\/ambipar-response\/treinamentos\/ead\/direcao-defensiva\/","og_locale":"es_ES","og_type":"article","og_title":"Conhe\u00e7a o treinamento EAD de Dire\u00e7\u00e3o Defensiva oferecido pela Ambipar","og_description":"OBJETIVO: Abordar conte\u00fados e pr\u00e1ticas relativas aos procedimentos que todo motorista deve adotar quando for transitar","og_url":"https:\/\/ambipar.com\/latam\/pt\/ambipar-response\/treinamentos\/ead\/direcao-defensiva\/","og_site_name":"Ambipar. A l\u00edder em gest\u00e3o ambiental.","article_modified_time":"2021-01-06T00:03:05+00:00","og_image":[{"width":1012,"height":1000,"url":"https:\/\/ambipar.com\/latam\/wp-content\/uploads\/2020\/10\/transporte6.jpg","type":"image\/jpeg"}],"twitter_card":"summary_large_image","twitter_misc":{"Est. reading time":"1 minuto"},"schema":{"@context":"https:\/\/schema.org","@graph":[{"@type":"Organization","@id":"https:\/\/ambipar.com\/latam\/#organization","name":"Ambipar","url":"https:\/\/ambipar.com\/latam\/","sameAs":[],"logo":{"@type":"ImageObject","@id":"https:\/\/ambipar.com\/latam\/#logo","inLanguage":"es-CL","url":"https:\/\/ambipar.com\/latam\/wp-content\/uploads\/2020\/10\/ambipar_color.png","contentUrl":"https:\/\/ambipar.com\/latam\/wp-content\/uploads\/2020\/10\/ambipar_color.png","width":174,"height":107,"caption":"Ambipar"},"image":{"@id":"https:\/\/ambipar.com\/latam\/#logo"}},{"@type":"WebSite","@id":"https:\/\/ambipar.com\/latam\/#website","url":"https:\/\/ambipar.com\/latam\/","name":"Ambipar. A l\u00edder em gest\u00e3o ambiental.","description":"Pioneira em solu\u00e7\u00f5es ambientais, a Ambipar atua em todo o territ\u00f3rio nacional oferecendo solu\u00e7\u00f5es integradas para toda a cadeia de neg\u00f3cio.","publisher":{"@id":"https:\/\/ambipar.com\/latam\/#organization"},"potentialAction":[{"@type":"SearchAction","target":{"@type":"EntryPoint","urlTemplate":"https:\/\/ambipar.com\/latam\/?s={search_term_string}"},"query-input":"required name=search_term_string"}],"inLanguage":"es-CL"},{"@type":"ImageObject","@id":"https:\/\/ambipar.com\/latam\/pt\/ambipar-response\/treinamentos\/ead\/direcao-defensiva\/#primaryimage","inLanguage":"es-CL","url":"https:\/\/ambipar.com\/latam\/wp-content\/uploads\/2020\/10\/transporte6.jpg","contentUrl":"https:\/\/ambipar.com\/latam\/wp-content\/uploads\/2020\/10\/transporte6.jpg","width":1012,"height":1000,"caption":"transporte"},{"@type":"WebPage","@id":"https:\/\/ambipar.com\/latam\/pt\/ambipar-response\/treinamentos\/ead\/direcao-defensiva\/#webpage","url":"https:\/\/ambipar.com\/latam\/pt\/ambipar-response\/treinamentos\/ead\/direcao-defensiva\/","name":"Conhe\u00e7a o treinamento EAD de Dire\u00e7\u00e3o Defensiva oferecido pela Ambipar","isPartOf":{"@id":"https:\/\/ambipar.com\/latam\/#website"},"primaryImageOfPage":{"@id":"https:\/\/ambipar.com\/latam\/pt\/ambipar-response\/treinamentos\/ead\/direcao-defensiva\/#primaryimage"},"datePublished":"2020-10-30T21:49:00+00:00","dateModified":"2021-01-06T00:03:05+00:00","description":"OBJETIVO: Abordar conte\u00fados e pr\u00e1ticas relativas aos procedimentos que todo motorista deve adotar quando for transitar","breadcrumb":{"@id":"https:\/\/ambipar.com\/latam\/pt\/ambipar-response\/treinamentos\/ead\/direcao-defensiva\/#breadcrumb"},"inLanguage":"es-CL","potentialAction":[{"@type":"ReadAction","target":["https:\/\/ambipar.com\/latam\/pt\/ambipar-response\/treinamentos\/ead\/direcao-defensiva\/"]}]},{"@type":"BreadcrumbList","@id":"https:\/\/ambipar.com\/latam\/pt\/ambipar-response\/treinamentos\/ead\/direcao-defensiva\/#breadcrumb","itemListElement":[{"@type":"ListItem","position":1,"name":"Home","item":"https:\/\/ambipar.com\/latam\/"},{"@type":"ListItem","position":2,"name":"Ambipar Response","item":"https:\/\/ambipar.com\/latam\/pt\/ambipar-response\/"},{"@type":"ListItem","position":3,"name":"Treinamentos","item":"https:\/\/ambipar.com\/latam\/pt\/ambipar-response\/treinamentos\/"},{"@type":"ListItem","position":4,"name":"EAD","item":"https:\/\/ambipar.com\/latam\/pt\/ambipar-response\/treinamentos\/ead\/"},{"@type":"ListItem","position":5,"name":"Dire\u00e7\u00e3o Defensiva"}]}]}},"_links":{"self":[{"href":"https:\/\/ambipar.com\/latam\/wp-json\/wp\/v2\/pages\/1098"}],"collection":[{"href":"https:\/\/ambipar.com\/latam\/wp-json\/wp\/v2\/pages"}],"about":[{"href":"https:\/\/ambipar.com\/latam\/wp-json\/wp\/v2\/types\/page"}],"author":[{"embeddable":true,"href":"https:\/\/ambipar.com\/latam\/wp-json\/wp\/v2\/users\/2"}],"replies":[{"embeddable":true,"href":"https:\/\/ambipar.com\/latam\/wp-json\/wp\/v2\/comments?post=1098"}],"version-history":[{"count":7,"href":"https:\/\/ambipar.com\/latam\/wp-json\/wp\/v2\/pages\/1098\/revisions"}],"predecessor-version":[{"id":2790,"href":"https:\/\/ambipar.com\/latam\/wp-json\/wp\/v2\/pages\/1098\/revisions\/2790"}],"up":[{"embeddable":true,"href":"https:\/\/ambipar.com\/latam\/wp-json\/wp\/v2\/pages\/1090"}],"wp:featuredmedia":[{"embeddable":true,"href":"https:\/\/ambipar.com\/latam\/wp-json\/wp\/v2\/media\/914"}],"wp:attachment":[{"href":"https:\/\/ambipar.com\/latam\/wp-json\/wp\/v2\/media?parent=1098"}],"curies":[{"name":"wp","href":"https:\/\/api.w.org\/{rel}","templated":true}]}}