{"id":1106,"date":"2020-10-30T19:04:00","date_gmt":"2020-10-30T22:04:00","guid":{"rendered":"https:\/\/ambipar.com\/latam\/?page_id=1106"},"modified":"2021-01-05T21:02:53","modified_gmt":"2021-01-06T00:02:53","slug":"armazenamento-e-manuseio-de-produtos-perigosos","status":"publish","type":"page","link":"https:\/\/ambipar.com\/latam\/pt\/ambipar-response\/treinamentos\/ead\/armazenamento-e-manuseio-de-produtos-perigosos\/","title":{"rendered":"Armazenamento e Manuseio de Produtos Perigosos"},"content":{"rendered":"\n<p><strong>OBJETIVO:<\/strong><\/p>\n\n\n\n<p>Expor ao participante as t\u00e9cnicas adequadas de armazenamento de produtos perigosos, ensinando aos mesmos procedimentos de seguran\u00e7a, expedi\u00e7\u00e3o e meios de manuseio.<\/p>\n\n\n\n<p><strong>P\u00daBLICO ALVO:<\/strong><\/p>\n\n\n\n<p>Profissionais envolvidos no armazenamento e manuseio de produtos perigosos, de maneira direta ou indireta.<\/p>\n\n\n\n<p><strong>CONTE\u00daDO PROGRAM\u00c1TICO:<\/strong><\/p>\n\n\n\n<ul><li>Ambiente de trabalho e equipe envolvida<\/li><li>Produtos Perigosos: Riscos, Perigos e Classe<\/li><li>Identifica\u00e7\u00f5es t\u00e9cnicas<\/li><li>Gerenciamento do armazenamento, Seguran\u00e7a e Sinaliza\u00e7\u00e3o<\/li><li>Incompatibilidade qu\u00edmica<\/li><li>Processo de expedi\u00e7\u00e3o e embalagens<\/li><li>EPI\u2019s<\/li><li>Procedimentos em caso de vazamentos<\/li><\/ul>\n\n\n\n<p>CARGA HOR\u00c1RIA: 04 HORAS<\/p>\n\n\n\n<p><strong>SOLICITA\u00c7\u00c3O DE AGENDAMENTO DE TREINAMENTO<\/strong><\/p>\n\n\n\n<ul><li><a rel=\"noreferrer noopener\" href=\"https:\/\/app.smartsheet.com\/b\/form\/1cbdd66ac19b4daeb701f19a6c5f7b3b\" target=\"_blank\">Fa\u00e7a seu agendamento<\/a><\/li><\/ul>\n\n\n\n<p>Conhe\u00e7a os demais m\u00f3dulos do EAD Ambipar:<\/p>\n\n\n\n<ul id=\"block-52489d4b-ab6a-46f4-aeb6-c2767e300c29\"><li><a href=\"https:\/\/ambipar.com\/latam\/ambipar-response\/treinamentos\/ead\/plano-de-atendimento-a-emergencia\/\"><\/a><a href=\"https:\/\/ambipar.com\/latam\/ambipar-response\/treinamentos\/ead\/plano-de-atendimento-a-emergencia\/\">Plano de Atendimento \u00e0 Emerg\u00eancia<\/a><\/li><li><a href=\"https:\/\/ambipar.com\/latam\/ambipar-response\/treinamentos\/ead\/direcao-defensiva\/\"><\/a><a href=\"https:\/\/ambipar.com\/latam\/ambipar-response\/treinamentos\/ead\/direcao-defensiva\/\">Dire\u00e7\u00e3o Defensiva<\/a><\/li><li><a href=\"https:\/\/ambipar.com\/latam\/ambipar-response\/treinamentos\/ead\/legislacao-sobre-o-transporte-de-produtos-perigosos\/\"><\/a><a href=\"https:\/\/ambipar.com\/latam\/ambipar-response\/treinamentos\/ead\/legislacao-sobre-o-transporte-de-produtos-perigosos\/\">Legisla\u00e7\u00e3o sobre o Transporte de Produtos Perigosos<\/a><\/li><\/ul>\n","protected":false},"excerpt":{"rendered":"OBJETIVO: Expor ao participante as t\u00e9cnicas adequadas de armazenamento de produtos perigosos, ensinando aos mesmos procedimentos de seguran\u00e7a, expedi\u00e7\u00e3o e meios de manuseio. P\u00daBLICO ALVO: Profissionais envolvidos no armazenamento e manuseio de produtos perigosos, de maneira direta ou indireta. CONTE\u00daDO PROGRAM\u00c1TICO: Ambiente de trabalho e equipe envolvida Produtos Perigosos: Riscos, Perigos e Classe Identifica\u00e7\u00f5es t\u00e9cnicas&#8230; <a class=\"view-article\" href=\"https:\/\/ambipar.com\/latam\/pt\/ambipar-response\/treinamentos\/ead\/armazenamento-e-manuseio-de-produtos-perigosos\/\">Ver art\u00edculo<\/a>","protected":false},"author":2,"featured_media":917,"parent":1090,"menu_order":0,"comment_status":"closed","ping_status":"closed","template":"single-servicos.php","meta":[],"yoast_head":"<!-- This site is optimized with the Yoast SEO plugin v17.6 - https:\/\/yoast.com\/wordpress\/plugins\/seo\/ -->\n<title>Conhe\u00e7a Armazenamento e Manuseio de Produtos Perigosos da Ambipar<\/title>\n<meta name=\"description\" content=\"OBJETIVO: Expor ao participante as t\u00e9cnicas adequadas de armazenamento de produtos perigosos, ensinando procedimentos de seguran\u00e7a\" \/>\n<meta name=\"robots\" content=\"index, follow, max-snippet:-1, max-image-preview:large, max-video-preview:-1\" \/>\n<link rel=\"canonical\" href=\"https:\/\/ambipar.com\/latam\/pt\/ambipar-response\/treinamentos\/ead\/armazenamento-e-manuseio-de-produtos-perigosos\/\" \/>\n<meta property=\"og:locale\" content=\"es_ES\" \/>\n<meta property=\"og:type\" content=\"article\" \/>\n<meta property=\"og:title\" content=\"Conhe\u00e7a Armazenamento e Manuseio de Produtos Perigosos da Ambipar\" \/>\n<meta property=\"og:description\" content=\"OBJETIVO: Expor ao participante as t\u00e9cnicas adequadas de armazenamento de produtos perigosos, ensinando procedimentos de seguran\u00e7a\" \/>\n<meta property=\"og:url\" content=\"https:\/\/ambipar.com\/latam\/pt\/ambipar-response\/treinamentos\/ead\/armazenamento-e-manuseio-de-produtos-perigosos\/\" \/>\n<meta property=\"og:site_name\" content=\"Ambipar. A l\u00edder em gest\u00e3o ambiental.\" \/>\n<meta property=\"article:modified_time\" content=\"2021-01-06T00:02:53+00:00\" \/>\n<meta property=\"og:image\" content=\"https:\/\/ambipar.com\/latam\/wp-content\/uploads\/2020\/10\/transporte.jpg\" \/>\n\t<meta property=\"og:image:width\" content=\"1000\" \/>\n\t<meta property=\"og:image:height\" content=\"1000\" \/>\n<meta name=\"twitter:card\" content=\"summary_large_image\" \/>\n<meta name=\"twitter:label1\" content=\"Est. reading time\" \/>\n\t<meta name=\"twitter:data1\" content=\"1 minuto\" \/>\n<script type=\"application\/ld+json\" class=\"yoast-schema-graph\">{\"@context\":\"https:\/\/schema.org\",\"@graph\":[{\"@type\":\"Organization\",\"@id\":\"https:\/\/ambipar.com\/latam\/#organization\",\"name\":\"Ambipar\",\"url\":\"https:\/\/ambipar.com\/latam\/\",\"sameAs\":[],\"logo\":{\"@type\":\"ImageObject\",\"@id\":\"https:\/\/ambipar.com\/latam\/#logo\",\"inLanguage\":\"es-CL\",\"url\":\"https:\/\/ambipar.com\/latam\/wp-content\/uploads\/2020\/10\/ambipar_color.png\",\"contentUrl\":\"https:\/\/ambipar.com\/latam\/wp-content\/uploads\/2020\/10\/ambipar_color.png\",\"width\":174,\"height\":107,\"caption\":\"Ambipar\"},\"image\":{\"@id\":\"https:\/\/ambipar.com\/latam\/#logo\"}},{\"@type\":\"WebSite\",\"@id\":\"https:\/\/ambipar.com\/latam\/#website\",\"url\":\"https:\/\/ambipar.com\/latam\/\",\"name\":\"Ambipar. A l\\u00edder em gest\\u00e3o ambiental.\",\"description\":\"Pioneira em solu\\u00e7\\u00f5es ambientais, a Ambipar atua em todo o territ\\u00f3rio nacional oferecendo solu\\u00e7\\u00f5es integradas para toda a cadeia de neg\\u00f3cio.\",\"publisher\":{\"@id\":\"https:\/\/ambipar.com\/latam\/#organization\"},\"potentialAction\":[{\"@type\":\"SearchAction\",\"target\":{\"@type\":\"EntryPoint\",\"urlTemplate\":\"https:\/\/ambipar.com\/latam\/?s={search_term_string}\"},\"query-input\":\"required name=search_term_string\"}],\"inLanguage\":\"es-CL\"},{\"@type\":\"ImageObject\",\"@id\":\"https:\/\/ambipar.com\/latam\/pt\/ambipar-response\/treinamentos\/ead\/armazenamento-e-manuseio-de-produtos-perigosos\/#primaryimage\",\"inLanguage\":\"es-CL\",\"url\":\"https:\/\/ambipar.com\/latam\/wp-content\/uploads\/2020\/10\/transporte.jpg\",\"contentUrl\":\"https:\/\/ambipar.com\/latam\/wp-content\/uploads\/2020\/10\/transporte.jpg\",\"width\":1000,\"height\":1000,\"caption\":\"transporte\"},{\"@type\":\"WebPage\",\"@id\":\"https:\/\/ambipar.com\/latam\/pt\/ambipar-response\/treinamentos\/ead\/armazenamento-e-manuseio-de-produtos-perigosos\/#webpage\",\"url\":\"https:\/\/ambipar.com\/latam\/pt\/ambipar-response\/treinamentos\/ead\/armazenamento-e-manuseio-de-produtos-perigosos\/\",\"name\":\"Conhe\\u00e7a Armazenamento e Manuseio de Produtos Perigosos da Ambipar\",\"isPartOf\":{\"@id\":\"https:\/\/ambipar.com\/latam\/#website\"},\"primaryImageOfPage\":{\"@id\":\"https:\/\/ambipar.com\/latam\/pt\/ambipar-response\/treinamentos\/ead\/armazenamento-e-manuseio-de-produtos-perigosos\/#primaryimage\"},\"datePublished\":\"2020-10-30T22:04:00+00:00\",\"dateModified\":\"2021-01-06T00:02:53+00:00\",\"description\":\"OBJETIVO: Expor ao participante as t\\u00e9cnicas adequadas de armazenamento de produtos perigosos, ensinando procedimentos de seguran\\u00e7a\",\"breadcrumb\":{\"@id\":\"https:\/\/ambipar.com\/latam\/pt\/ambipar-response\/treinamentos\/ead\/armazenamento-e-manuseio-de-produtos-perigosos\/#breadcrumb\"},\"inLanguage\":\"es-CL\",\"potentialAction\":[{\"@type\":\"ReadAction\",\"target\":[\"https:\/\/ambipar.com\/latam\/pt\/ambipar-response\/treinamentos\/ead\/armazenamento-e-manuseio-de-produtos-perigosos\/\"]}]},{\"@type\":\"BreadcrumbList\",\"@id\":\"https:\/\/ambipar.com\/latam\/pt\/ambipar-response\/treinamentos\/ead\/armazenamento-e-manuseio-de-produtos-perigosos\/#breadcrumb\",\"itemListElement\":[{\"@type\":\"ListItem\",\"position\":1,\"name\":\"Home\",\"item\":\"https:\/\/ambipar.com\/latam\/\"},{\"@type\":\"ListItem\",\"position\":2,\"name\":\"Ambipar Response\",\"item\":\"https:\/\/ambipar.com\/latam\/pt\/ambipar-response\/\"},{\"@type\":\"ListItem\",\"position\":3,\"name\":\"Treinamentos\",\"item\":\"https:\/\/ambipar.com\/latam\/pt\/ambipar-response\/treinamentos\/\"},{\"@type\":\"ListItem\",\"position\":4,\"name\":\"EAD\",\"item\":\"https:\/\/ambipar.com\/latam\/pt\/ambipar-response\/treinamentos\/ead\/\"},{\"@type\":\"ListItem\",\"position\":5,\"name\":\"Armazenamento e Manuseio de Produtos Perigosos\"}]}]}<\/script>\n<!-- \/ Yoast SEO plugin. -->","yoast_head_json":{"title":"Conhe\u00e7a Armazenamento e Manuseio de Produtos Perigosos da Ambipar","description":"OBJETIVO: Expor ao participante as t\u00e9cnicas adequadas de armazenamento de produtos perigosos, ensinando procedimentos de seguran\u00e7a","robots":{"index":"index","follow":"follow","max-snippet":"max-snippet:-1","max-image-preview":"max-image-preview:large","max-video-preview":"max-video-preview:-1"},"canonical":"https:\/\/ambipar.com\/latam\/pt\/ambipar-response\/treinamentos\/ead\/armazenamento-e-manuseio-de-produtos-perigosos\/","og_locale":"es_ES","og_type":"article","og_title":"Conhe\u00e7a Armazenamento e Manuseio de Produtos Perigosos da Ambipar","og_description":"OBJETIVO: Expor ao participante as t\u00e9cnicas adequadas de armazenamento de produtos perigosos, ensinando procedimentos de seguran\u00e7a","og_url":"https:\/\/ambipar.com\/latam\/pt\/ambipar-response\/treinamentos\/ead\/armazenamento-e-manuseio-de-produtos-perigosos\/","og_site_name":"Ambipar. A l\u00edder em gest\u00e3o ambiental.","article_modified_time":"2021-01-06T00:02:53+00:00","og_image":[{"width":1000,"height":1000,"url":"https:\/\/ambipar.com\/latam\/wp-content\/uploads\/2020\/10\/transporte.jpg","type":"image\/jpeg"}],"twitter_card":"summary_large_image","twitter_misc":{"Est. reading time":"1 minuto"},"schema":{"@context":"https:\/\/schema.org","@graph":[{"@type":"Organization","@id":"https:\/\/ambipar.com\/latam\/#organization","name":"Ambipar","url":"https:\/\/ambipar.com\/latam\/","sameAs":[],"logo":{"@type":"ImageObject","@id":"https:\/\/ambipar.com\/latam\/#logo","inLanguage":"es-CL","url":"https:\/\/ambipar.com\/latam\/wp-content\/uploads\/2020\/10\/ambipar_color.png","contentUrl":"https:\/\/ambipar.com\/latam\/wp-content\/uploads\/2020\/10\/ambipar_color.png","width":174,"height":107,"caption":"Ambipar"},"image":{"@id":"https:\/\/ambipar.com\/latam\/#logo"}},{"@type":"WebSite","@id":"https:\/\/ambipar.com\/latam\/#website","url":"https:\/\/ambipar.com\/latam\/","name":"Ambipar. A l\u00edder em gest\u00e3o ambiental.","description":"Pioneira em solu\u00e7\u00f5es ambientais, a Ambipar atua em todo o territ\u00f3rio nacional oferecendo solu\u00e7\u00f5es integradas para toda a cadeia de neg\u00f3cio.","publisher":{"@id":"https:\/\/ambipar.com\/latam\/#organization"},"potentialAction":[{"@type":"SearchAction","target":{"@type":"EntryPoint","urlTemplate":"https:\/\/ambipar.com\/latam\/?s={search_term_string}"},"query-input":"required name=search_term_string"}],"inLanguage":"es-CL"},{"@type":"ImageObject","@id":"https:\/\/ambipar.com\/latam\/pt\/ambipar-response\/treinamentos\/ead\/armazenamento-e-manuseio-de-produtos-perigosos\/#primaryimage","inLanguage":"es-CL","url":"https:\/\/ambipar.com\/latam\/wp-content\/uploads\/2020\/10\/transporte.jpg","contentUrl":"https:\/\/ambipar.com\/latam\/wp-content\/uploads\/2020\/10\/transporte.jpg","width":1000,"height":1000,"caption":"transporte"},{"@type":"WebPage","@id":"https:\/\/ambipar.com\/latam\/pt\/ambipar-response\/treinamentos\/ead\/armazenamento-e-manuseio-de-produtos-perigosos\/#webpage","url":"https:\/\/ambipar.com\/latam\/pt\/ambipar-response\/treinamentos\/ead\/armazenamento-e-manuseio-de-produtos-perigosos\/","name":"Conhe\u00e7a Armazenamento e Manuseio de Produtos Perigosos da Ambipar","isPartOf":{"@id":"https:\/\/ambipar.com\/latam\/#website"},"primaryImageOfPage":{"@id":"https:\/\/ambipar.com\/latam\/pt\/ambipar-response\/treinamentos\/ead\/armazenamento-e-manuseio-de-produtos-perigosos\/#primaryimage"},"datePublished":"2020-10-30T22:04:00+00:00","dateModified":"2021-01-06T00:02:53+00:00","description":"OBJETIVO: Expor ao participante as t\u00e9cnicas adequadas de armazenamento de produtos perigosos, ensinando procedimentos de seguran\u00e7a","breadcrumb":{"@id":"https:\/\/ambipar.com\/latam\/pt\/ambipar-response\/treinamentos\/ead\/armazenamento-e-manuseio-de-produtos-perigosos\/#breadcrumb"},"inLanguage":"es-CL","potentialAction":[{"@type":"ReadAction","target":["https:\/\/ambipar.com\/latam\/pt\/ambipar-response\/treinamentos\/ead\/armazenamento-e-manuseio-de-produtos-perigosos\/"]}]},{"@type":"BreadcrumbList","@id":"https:\/\/ambipar.com\/latam\/pt\/ambipar-response\/treinamentos\/ead\/armazenamento-e-manuseio-de-produtos-perigosos\/#breadcrumb","itemListElement":[{"@type":"ListItem","position":1,"name":"Home","item":"https:\/\/ambipar.com\/latam\/"},{"@type":"ListItem","position":2,"name":"Ambipar Response","item":"https:\/\/ambipar.com\/latam\/pt\/ambipar-response\/"},{"@type":"ListItem","position":3,"name":"Treinamentos","item":"https:\/\/ambipar.com\/latam\/pt\/ambipar-response\/treinamentos\/"},{"@type":"ListItem","position":4,"name":"EAD","item":"https:\/\/ambipar.com\/latam\/pt\/ambipar-response\/treinamentos\/ead\/"},{"@type":"ListItem","position":5,"name":"Armazenamento e Manuseio de Produtos Perigosos"}]}]}},"_links":{"self":[{"href":"https:\/\/ambipar.com\/latam\/wp-json\/wp\/v2\/pages\/1106"}],"collection":[{"href":"https:\/\/ambipar.com\/latam\/wp-json\/wp\/v2\/pages"}],"about":[{"href":"https:\/\/ambipar.com\/latam\/wp-json\/wp\/v2\/types\/page"}],"author":[{"embeddable":true,"href":"https:\/\/ambipar.com\/latam\/wp-json\/wp\/v2\/users\/2"}],"replies":[{"embeddable":true,"href":"https:\/\/ambipar.com\/latam\/wp-json\/wp\/v2\/comments?post=1106"}],"version-history":[{"count":10,"href":"https:\/\/ambipar.com\/latam\/wp-json\/wp\/v2\/pages\/1106\/revisions"}],"predecessor-version":[{"id":2796,"href":"https:\/\/ambipar.com\/latam\/wp-json\/wp\/v2\/pages\/1106\/revisions\/2796"}],"up":[{"embeddable":true,"href":"https:\/\/ambipar.com\/latam\/wp-json\/wp\/v2\/pages\/1090"}],"wp:featuredmedia":[{"embeddable":true,"href":"https:\/\/ambipar.com\/latam\/wp-json\/wp\/v2\/media\/917"}],"wp:attachment":[{"href":"https:\/\/ambipar.com\/latam\/wp-json\/wp\/v2\/media?parent=1106"}],"curies":[{"name":"wp","href":"https:\/\/api.w.org\/{rel}","templated":true}]}}