{"id":1147,"date":"2020-10-30T21:59:00","date_gmt":"2020-10-31T00:59:00","guid":{"rendered":"https:\/\/ambipar.com\/latam\/?page_id=1147"},"modified":"2021-01-05T20:44:19","modified_gmt":"2021-01-05T23:44:19","slug":"atendimento-emergencial","status":"publish","type":"page","link":"https:\/\/ambipar.com\/latam\/pt\/ambipar-response\/reposta-a-emergencias\/atendimento-emergencial\/","title":{"rendered":"Atendimento Emergencial"},"content":{"rendered":"\n<p><strong>BASES PR\u00d3PRIAS<\/strong><\/p>\n\n\n\n<p>A Ambipar possui mais de 150 bases pr\u00f3prias de atendimento a emerg\u00eancias equipadas com ve\u00edculos com alta tecnologia embarcada. As viaturas operacionais possuem uma especifica\u00e7\u00e3o de equipamento e materiais, garantindo autonomia em energia e disponibilidade de sistemas de transfer\u00eancia de fluidos para os mais variados tipos de produtos qu\u00edmicos, como gases e l\u00edquidos inflam\u00e1veis, gases t\u00f3xicos, l\u00edquidos corrosivos, l\u00edquidos viscosos, entre outros. O suprimento de ar e energia s\u00e3o garantidos por geradores e compressores embarcados nas pr\u00f3prias viaturas.<\/p>\n\n\n\n<p><strong>EMERG\u00caNCIAS ATENDIDAS &#8211; RECURSOS E OPERA\u00c7\u00d5ES ESPECIAIS&nbsp;<\/strong><\/p>\n\n\n\n<p>A Ambipar possui grande experi\u00eancia no atendimento a emerg\u00eancias em diversos modais: mar\u00edtimo, fluvial, rodovi\u00e1rio, ferrovi\u00e1rio, dutovi\u00e1rio, aeroportu\u00e1rio e industriais, al\u00e9m de bases e m\u00e3o de obra especializadas e dedicadas. Atuamos com recursos pr\u00f3prios estrategicamente distribu\u00eddos para diversos segmentos.<\/p>\n\n\n\n<p><strong>T\u00c9CNICOS E OPERADORES<\/strong><\/p>\n\n\n\n<p>Nossa Equipe de Pronto Atendimento Emergencial (EPAE) respondem atrav\u00e9s de plant\u00e3o permanente e \u00e9 formada por corpo t\u00e9cnico treinado atrav\u00e9s das normas NFPA 472 e NBR 14.064, estando preparada para uma pronta resposta ao agendamento, assim como, para enfrentar diferentes cen\u00e1rios, que possam comprometer a sa\u00fade, seguran\u00e7a da comunidade e a preserva\u00e7\u00e3o do meio ambiente.<\/p>\n\n\n\n<p>As equipes est\u00e3o preparadas para atender os mais diversos cen\u00e1rios de emerg\u00eancias e de acordo da an\u00e1lise, outros recursos humanos especializados poder\u00e3o ser deslocados para o atendimento.<\/p>\n\n\n\n<p>Todas as opera\u00e7\u00f5es ser\u00e3o desenvolvidas seguindo diretrizes de normas nacionais e internacionais para atendimento emergencial e seguran\u00e7a.<\/p>\n\n\n\n<p><strong>PA\u00cdSES COM BASES<\/strong><\/p>\n\n\n\n<p>Brasil, Angola, Argentina, Chile, Esc\u00f3cia, Estados Unidos, Holanda, Inglaterra, Irlanda do Norte, Nig\u00e9ria, Pa\u00eds de Gales, Peru, Trindade e Tobago, Uruguai e Ant\u00e1rtida.<\/p>\n\n\n\n<p>Veja tamb\u00e9m:<\/p>\n\n\n\n<ul id=\"block-73d64ca6-11bb-49fa-8ed0-b7a2e8b7df37\"><li><a href=\"https:\/\/ambipar.com\/latam\/ambipar-response\/reposta-a-emergencias\/central-de-controle-e-gerenciamento-de-emergencias-cecoe\/\">Central de Controle e Gerenciamento de Emerg\u00eancias (CECOE)<\/a><\/li><li><a href=\"https:\/\/ambipar.com\/latam\/ambipar-response\/reposta-a-emergencias\/sistema-de-comando-de-incidentes-sci-sala-de-crises\/\">Sistema de Comando de Incidentes (SCI)<\/a><\/li><li><a href=\"https:\/\/ambipar.com\/latam\/ambipar-response\/reposta-a-emergencias\/emergencias-maritimo-e-fluvial-marine\/\">Emerg\u00eancias Mar\u00edtimo e Fluvial<\/a><\/li><li><a href=\"https:\/\/ambipar.com\/latam\/ambipar-response\/reposta-a-emergencias\/emergencias-rodoviarias\/\">Emerg\u00eancias Rodovi\u00e1rias<\/a><\/li><li><a href=\"https:\/\/ambipar.com\/latam\/ambipar-response\/reposta-a-emergencias\/emergencias-ferroviarias\/\">Emerg\u00eancias Ferrovi\u00e1rias<\/a><\/li><li><a href=\"https:\/\/ambipar.com\/latam\/ambipar-response\/reposta-a-emergencias\/emergencias-dutoviarias\/\">Emerg\u00eancias Dutovi\u00e1rias<\/a><\/li><li><a href=\"https:\/\/ambipar.com\/latam\/ambipar-response\/reposta-a-emergencias\/emergencias-aeroportuarias\/\">Emerg\u00eancias Aeroportu\u00e1rias<\/a><\/li><li><a href=\"https:\/\/ambipar.com\/latam\/ambipar-response\/reposta-a-emergencias\/emergencias-industriais\/\">Emerg\u00eancias Industriais<\/a><\/li><li><a href=\"https:\/\/ambipar.com\/latam\/ambipar-response\/reposta-a-emergencias\/emergencias-mineracao\/\">Emerg\u00eancias Minera\u00e7\u00e3o<\/a><\/li><\/ul>\n","protected":false},"excerpt":{"rendered":"BASES PR\u00d3PRIAS A Ambipar possui mais de 150 bases pr\u00f3prias de atendimento a emerg\u00eancias equipadas com ve\u00edculos com alta tecnologia embarcada. As viaturas operacionais possuem uma especifica\u00e7\u00e3o de equipamento e materiais, garantindo autonomia em energia e disponibilidade de sistemas de transfer\u00eancia de fluidos para os mais variados tipos de produtos qu\u00edmicos, como gases e l\u00edquidos&#8230; <a class=\"view-article\" href=\"https:\/\/ambipar.com\/latam\/pt\/ambipar-response\/reposta-a-emergencias\/atendimento-emergencial\/\">Ver art\u00edculo<\/a>","protected":false},"author":2,"featured_media":1148,"parent":1145,"menu_order":0,"comment_status":"closed","ping_status":"closed","template":"single-servicos.php","meta":[],"yoast_head":"<!-- This site is optimized with the Yoast SEO plugin v17.6 - https:\/\/yoast.com\/wordpress\/plugins\/seo\/ -->\n<title>Conhe\u00e7a o servi\u00e7o de Atendimento Emergencial oferecido pela Ambipar<\/title>\n<meta name=\"description\" content=\"A Ambipar possui mais de 150 bases pr\u00f3prias de atendimento a emerg\u00eancias equipadas com ve\u00edculos com alta tecnologia embarcada\" \/>\n<meta name=\"robots\" content=\"index, follow, max-snippet:-1, max-image-preview:large, max-video-preview:-1\" \/>\n<link rel=\"canonical\" href=\"https:\/\/ambipar.com\/latam\/pt\/ambipar-response\/reposta-a-emergencias\/atendimento-emergencial\/\" \/>\n<meta property=\"og:locale\" content=\"es_ES\" \/>\n<meta property=\"og:type\" content=\"article\" \/>\n<meta property=\"og:title\" content=\"Conhe\u00e7a o servi\u00e7o de Atendimento Emergencial oferecido pela Ambipar\" \/>\n<meta property=\"og:description\" content=\"A Ambipar possui mais de 150 bases pr\u00f3prias de atendimento a emerg\u00eancias equipadas com ve\u00edculos com alta tecnologia embarcada\" \/>\n<meta property=\"og:url\" content=\"https:\/\/ambipar.com\/latam\/pt\/ambipar-response\/reposta-a-emergencias\/atendimento-emergencial\/\" \/>\n<meta property=\"og:site_name\" content=\"Ambipar. A l\u00edder em gest\u00e3o ambiental.\" \/>\n<meta property=\"article:modified_time\" content=\"2021-01-05T23:44:19+00:00\" \/>\n<meta property=\"og:image\" content=\"https:\/\/ambipar.com\/latam\/wp-content\/uploads\/2020\/10\/emergencia.jpg\" \/>\n\t<meta property=\"og:image:width\" content=\"1000\" \/>\n\t<meta property=\"og:image:height\" content=\"1000\" \/>\n<meta name=\"twitter:card\" content=\"summary_large_image\" \/>\n<meta name=\"twitter:label1\" content=\"Est. reading time\" \/>\n\t<meta name=\"twitter:data1\" content=\"2 minutos\" \/>\n<script type=\"application\/ld+json\" class=\"yoast-schema-graph\">{\"@context\":\"https:\/\/schema.org\",\"@graph\":[{\"@type\":\"Organization\",\"@id\":\"https:\/\/ambipar.com\/latam\/#organization\",\"name\":\"Ambipar\",\"url\":\"https:\/\/ambipar.com\/latam\/\",\"sameAs\":[],\"logo\":{\"@type\":\"ImageObject\",\"@id\":\"https:\/\/ambipar.com\/latam\/#logo\",\"inLanguage\":\"es-CL\",\"url\":\"https:\/\/ambipar.com\/latam\/wp-content\/uploads\/2020\/10\/ambipar_color.png\",\"contentUrl\":\"https:\/\/ambipar.com\/latam\/wp-content\/uploads\/2020\/10\/ambipar_color.png\",\"width\":174,\"height\":107,\"caption\":\"Ambipar\"},\"image\":{\"@id\":\"https:\/\/ambipar.com\/latam\/#logo\"}},{\"@type\":\"WebSite\",\"@id\":\"https:\/\/ambipar.com\/latam\/#website\",\"url\":\"https:\/\/ambipar.com\/latam\/\",\"name\":\"Ambipar. A l\\u00edder em gest\\u00e3o ambiental.\",\"description\":\"Pioneira em solu\\u00e7\\u00f5es ambientais, a Ambipar atua em todo o territ\\u00f3rio nacional oferecendo solu\\u00e7\\u00f5es integradas para toda a cadeia de neg\\u00f3cio.\",\"publisher\":{\"@id\":\"https:\/\/ambipar.com\/latam\/#organization\"},\"potentialAction\":[{\"@type\":\"SearchAction\",\"target\":{\"@type\":\"EntryPoint\",\"urlTemplate\":\"https:\/\/ambipar.com\/latam\/?s={search_term_string}\"},\"query-input\":\"required name=search_term_string\"}],\"inLanguage\":\"es-CL\"},{\"@type\":\"ImageObject\",\"@id\":\"https:\/\/ambipar.com\/latam\/pt\/ambipar-response\/reposta-a-emergencias\/atendimento-emergencial\/#primaryimage\",\"inLanguage\":\"es-CL\",\"url\":\"https:\/\/ambipar.com\/latam\/wp-content\/uploads\/2020\/10\/emergencia.jpg\",\"contentUrl\":\"https:\/\/ambipar.com\/latam\/wp-content\/uploads\/2020\/10\/emergencia.jpg\",\"width\":1000,\"height\":1000,\"caption\":\"emerg\\u00eancia\"},{\"@type\":\"WebPage\",\"@id\":\"https:\/\/ambipar.com\/latam\/pt\/ambipar-response\/reposta-a-emergencias\/atendimento-emergencial\/#webpage\",\"url\":\"https:\/\/ambipar.com\/latam\/pt\/ambipar-response\/reposta-a-emergencias\/atendimento-emergencial\/\",\"name\":\"Conhe\\u00e7a o servi\\u00e7o de Atendimento Emergencial oferecido pela Ambipar\",\"isPartOf\":{\"@id\":\"https:\/\/ambipar.com\/latam\/#website\"},\"primaryImageOfPage\":{\"@id\":\"https:\/\/ambipar.com\/latam\/pt\/ambipar-response\/reposta-a-emergencias\/atendimento-emergencial\/#primaryimage\"},\"datePublished\":\"2020-10-31T00:59:00+00:00\",\"dateModified\":\"2021-01-05T23:44:19+00:00\",\"description\":\"A Ambipar possui mais de 150 bases pr\\u00f3prias de atendimento a emerg\\u00eancias equipadas com ve\\u00edculos com alta tecnologia embarcada\",\"breadcrumb\":{\"@id\":\"https:\/\/ambipar.com\/latam\/pt\/ambipar-response\/reposta-a-emergencias\/atendimento-emergencial\/#breadcrumb\"},\"inLanguage\":\"es-CL\",\"potentialAction\":[{\"@type\":\"ReadAction\",\"target\":[\"https:\/\/ambipar.com\/latam\/pt\/ambipar-response\/reposta-a-emergencias\/atendimento-emergencial\/\"]}]},{\"@type\":\"BreadcrumbList\",\"@id\":\"https:\/\/ambipar.com\/latam\/pt\/ambipar-response\/reposta-a-emergencias\/atendimento-emergencial\/#breadcrumb\",\"itemListElement\":[{\"@type\":\"ListItem\",\"position\":1,\"name\":\"Home\",\"item\":\"https:\/\/ambipar.com\/latam\/\"},{\"@type\":\"ListItem\",\"position\":2,\"name\":\"Ambipar Response\",\"item\":\"https:\/\/ambipar.com\/latam\/pt\/ambipar-response\/\"},{\"@type\":\"ListItem\",\"position\":3,\"name\":\"Resposta a Emerg\\u00eancias\",\"item\":\"https:\/\/ambipar.com\/latam\/pt\/ambipar-response\/reposta-a-emergencias\/\"},{\"@type\":\"ListItem\",\"position\":4,\"name\":\"Atendimento Emergencial\"}]}]}<\/script>\n<!-- \/ Yoast SEO plugin. -->","yoast_head_json":{"title":"Conhe\u00e7a o servi\u00e7o de Atendimento Emergencial oferecido pela Ambipar","description":"A Ambipar possui mais de 150 bases pr\u00f3prias de atendimento a emerg\u00eancias equipadas com ve\u00edculos com alta tecnologia embarcada","robots":{"index":"index","follow":"follow","max-snippet":"max-snippet:-1","max-image-preview":"max-image-preview:large","max-video-preview":"max-video-preview:-1"},"canonical":"https:\/\/ambipar.com\/latam\/pt\/ambipar-response\/reposta-a-emergencias\/atendimento-emergencial\/","og_locale":"es_ES","og_type":"article","og_title":"Conhe\u00e7a o servi\u00e7o de Atendimento Emergencial oferecido pela Ambipar","og_description":"A Ambipar possui mais de 150 bases pr\u00f3prias de atendimento a emerg\u00eancias equipadas com ve\u00edculos com alta tecnologia embarcada","og_url":"https:\/\/ambipar.com\/latam\/pt\/ambipar-response\/reposta-a-emergencias\/atendimento-emergencial\/","og_site_name":"Ambipar. A l\u00edder em gest\u00e3o ambiental.","article_modified_time":"2021-01-05T23:44:19+00:00","og_image":[{"width":1000,"height":1000,"url":"https:\/\/ambipar.com\/latam\/wp-content\/uploads\/2020\/10\/emergencia.jpg","type":"image\/jpeg"}],"twitter_card":"summary_large_image","twitter_misc":{"Est. reading time":"2 minutos"},"schema":{"@context":"https:\/\/schema.org","@graph":[{"@type":"Organization","@id":"https:\/\/ambipar.com\/latam\/#organization","name":"Ambipar","url":"https:\/\/ambipar.com\/latam\/","sameAs":[],"logo":{"@type":"ImageObject","@id":"https:\/\/ambipar.com\/latam\/#logo","inLanguage":"es-CL","url":"https:\/\/ambipar.com\/latam\/wp-content\/uploads\/2020\/10\/ambipar_color.png","contentUrl":"https:\/\/ambipar.com\/latam\/wp-content\/uploads\/2020\/10\/ambipar_color.png","width":174,"height":107,"caption":"Ambipar"},"image":{"@id":"https:\/\/ambipar.com\/latam\/#logo"}},{"@type":"WebSite","@id":"https:\/\/ambipar.com\/latam\/#website","url":"https:\/\/ambipar.com\/latam\/","name":"Ambipar. A l\u00edder em gest\u00e3o ambiental.","description":"Pioneira em solu\u00e7\u00f5es ambientais, a Ambipar atua em todo o territ\u00f3rio nacional oferecendo solu\u00e7\u00f5es integradas para toda a cadeia de neg\u00f3cio.","publisher":{"@id":"https:\/\/ambipar.com\/latam\/#organization"},"potentialAction":[{"@type":"SearchAction","target":{"@type":"EntryPoint","urlTemplate":"https:\/\/ambipar.com\/latam\/?s={search_term_string}"},"query-input":"required name=search_term_string"}],"inLanguage":"es-CL"},{"@type":"ImageObject","@id":"https:\/\/ambipar.com\/latam\/pt\/ambipar-response\/reposta-a-emergencias\/atendimento-emergencial\/#primaryimage","inLanguage":"es-CL","url":"https:\/\/ambipar.com\/latam\/wp-content\/uploads\/2020\/10\/emergencia.jpg","contentUrl":"https:\/\/ambipar.com\/latam\/wp-content\/uploads\/2020\/10\/emergencia.jpg","width":1000,"height":1000,"caption":"emerg\u00eancia"},{"@type":"WebPage","@id":"https:\/\/ambipar.com\/latam\/pt\/ambipar-response\/reposta-a-emergencias\/atendimento-emergencial\/#webpage","url":"https:\/\/ambipar.com\/latam\/pt\/ambipar-response\/reposta-a-emergencias\/atendimento-emergencial\/","name":"Conhe\u00e7a o servi\u00e7o de Atendimento Emergencial oferecido pela Ambipar","isPartOf":{"@id":"https:\/\/ambipar.com\/latam\/#website"},"primaryImageOfPage":{"@id":"https:\/\/ambipar.com\/latam\/pt\/ambipar-response\/reposta-a-emergencias\/atendimento-emergencial\/#primaryimage"},"datePublished":"2020-10-31T00:59:00+00:00","dateModified":"2021-01-05T23:44:19+00:00","description":"A Ambipar possui mais de 150 bases pr\u00f3prias de atendimento a emerg\u00eancias equipadas com ve\u00edculos com alta tecnologia embarcada","breadcrumb":{"@id":"https:\/\/ambipar.com\/latam\/pt\/ambipar-response\/reposta-a-emergencias\/atendimento-emergencial\/#breadcrumb"},"inLanguage":"es-CL","potentialAction":[{"@type":"ReadAction","target":["https:\/\/ambipar.com\/latam\/pt\/ambipar-response\/reposta-a-emergencias\/atendimento-emergencial\/"]}]},{"@type":"BreadcrumbList","@id":"https:\/\/ambipar.com\/latam\/pt\/ambipar-response\/reposta-a-emergencias\/atendimento-emergencial\/#breadcrumb","itemListElement":[{"@type":"ListItem","position":1,"name":"Home","item":"https:\/\/ambipar.com\/latam\/"},{"@type":"ListItem","position":2,"name":"Ambipar Response","item":"https:\/\/ambipar.com\/latam\/pt\/ambipar-response\/"},{"@type":"ListItem","position":3,"name":"Resposta a Emerg\u00eancias","item":"https:\/\/ambipar.com\/latam\/pt\/ambipar-response\/reposta-a-emergencias\/"},{"@type":"ListItem","position":4,"name":"Atendimento Emergencial"}]}]}},"_links":{"self":[{"href":"https:\/\/ambipar.com\/latam\/wp-json\/wp\/v2\/pages\/1147"}],"collection":[{"href":"https:\/\/ambipar.com\/latam\/wp-json\/wp\/v2\/pages"}],"about":[{"href":"https:\/\/ambipar.com\/latam\/wp-json\/wp\/v2\/types\/page"}],"author":[{"embeddable":true,"href":"https:\/\/ambipar.com\/latam\/wp-json\/wp\/v2\/users\/2"}],"replies":[{"embeddable":true,"href":"https:\/\/ambipar.com\/latam\/wp-json\/wp\/v2\/comments?post=1147"}],"version-history":[{"count":3,"href":"https:\/\/ambipar.com\/latam\/wp-json\/wp\/v2\/pages\/1147\/revisions"}],"predecessor-version":[{"id":1954,"href":"https:\/\/ambipar.com\/latam\/wp-json\/wp\/v2\/pages\/1147\/revisions\/1954"}],"up":[{"embeddable":true,"href":"https:\/\/ambipar.com\/latam\/wp-json\/wp\/v2\/pages\/1145"}],"wp:featuredmedia":[{"embeddable":true,"href":"https:\/\/ambipar.com\/latam\/wp-json\/wp\/v2\/media\/1148"}],"wp:attachment":[{"href":"https:\/\/ambipar.com\/latam\/wp-json\/wp\/v2\/media?parent=1147"}],"curies":[{"name":"wp","href":"https:\/\/api.w.org\/{rel}","templated":true}]}}