{"id":1159,"date":"2020-10-30T22:44:00","date_gmt":"2020-10-31T01:44:00","guid":{"rendered":"https:\/\/ambipar.com\/latam\/?page_id=1159"},"modified":"2021-01-05T20:49:12","modified_gmt":"2021-01-05T23:49:12","slug":"sistema-de-comando-de-incidentes-sci-sala-de-crises","status":"publish","type":"page","link":"https:\/\/ambipar.com\/latam\/pt\/ambipar-response\/reposta-a-emergencias\/sistema-de-comando-de-incidentes-sci-sala-de-crises\/","title":{"rendered":"Sistema de Comando de Incidentes (SCI) &#8211; Sala de Crises"},"content":{"rendered":"\n<p>A Ambipar disponibiliza aos seus clientes para os eventos emerg\u00eancias de grande propor\u00e7\u00e3o sua estrutura de Comando de Incidentes, composta pelos seus maiores especialistas em emerg\u00eancias ambientais que permanecem reunidos em uma Sala de Crises e Comando de Incidentes, do in\u00edcio ao fim da opera\u00e7\u00e3o de emerg\u00eancia. Os protocolos de gerenciamento a emerg\u00eancias seguem as diretrizes estabelecidas pela FEMA, Ag\u00eancia Federal Americana de Gerenciamento de Emerg\u00eancias.<\/p>\n\n\n\n<p>A Sala de Crises pode ser estruturada no Centro de Controle e Gerenciamento de Emerg\u00eancias (CECOE) ou nas depend\u00eancias do cliente, quando este possuir estrutura adequada para suporte.<\/p>\n\n\n\n<p> A Ambipar tamb\u00e9m disponibiliza suas viaturas de opera\u00e7\u00f5es especiais para suportar seus clientes, nas quais s\u00e3o estruturadas as Salas de Crises de suporte ao Comando de Incidentes no local da emerg\u00eancia, facilitando a comunica\u00e7\u00e3o e tomada de decis\u00f5es no momento da emerg\u00eancia. Suas viaturas especiais s\u00e3o equipadas com c\u00e2meras de alta resolu\u00e7\u00e3o e sistemas de comunica\u00e7\u00e3o interno via r\u00e1dio e internet interligados em tempo real com o CECOE.<\/p>\n\n\n\n<p>Veja tamb\u00e9m:<\/p>\n\n\n\n<ul id=\"block-73d64ca6-11bb-49fa-8ed0-b7a2e8b7df37\"><li><a href=\"https:\/\/ambipar.com\/latam\/ambipar-response\/reposta-a-emergencias\/atendimento-emergencial\/\">Atendimento Emergencial<\/a><\/li><li><a href=\"https:\/\/ambipar.com\/latam\/ambipar-response\/reposta-a-emergencias\/central-de-controle-e-gerenciamento-de-emergencias-cecoe\/\">Central de Controle e Gerenciamento de Emerg\u00eancias (CECOE)<\/a><\/li><li><a href=\"https:\/\/ambipar.com\/latam\/ambipar-response\/reposta-a-emergencias\/emergencias-maritimo-e-fluvial-marine\/\">Emerg\u00eancias Mar\u00edtimo e Fluvial<\/a><\/li><li><a href=\"https:\/\/ambipar.com\/latam\/ambipar-response\/reposta-a-emergencias\/emergencias-rodoviarias\/\">Emerg\u00eancias Rodovi\u00e1rias<\/a><\/li><li><a href=\"https:\/\/ambipar.com\/latam\/ambipar-response\/reposta-a-emergencias\/emergencias-ferroviarias\/\">Emerg\u00eancias Ferrovi\u00e1rias<\/a><\/li><li><a href=\"https:\/\/ambipar.com\/latam\/ambipar-response\/reposta-a-emergencias\/emergencias-dutoviarias\/\">Emerg\u00eancias Dutovi\u00e1rias<\/a><\/li><li><a href=\"https:\/\/ambipar.com\/latam\/ambipar-response\/reposta-a-emergencias\/emergencias-aeroportuarias\/\">Emerg\u00eancias Aeroportu\u00e1rias<\/a><\/li><li><a href=\"https:\/\/ambipar.com\/latam\/ambipar-response\/reposta-a-emergencias\/emergencias-industriais\/\">Emerg\u00eancias Industriais<\/a><\/li><li><a href=\"https:\/\/ambipar.com\/latam\/ambipar-response\/reposta-a-emergencias\/emergencias-mineracao\/\">Emerg\u00eancias Minera\u00e7\u00e3o<\/a><\/li><\/ul>\n","protected":false},"excerpt":{"rendered":"A Ambipar disponibiliza aos seus clientes para os eventos emerg\u00eancias de grande propor\u00e7\u00e3o sua estrutura de Comando de Incidentes, composta pelos seus maiores especialistas em emerg\u00eancias ambientais que permanecem reunidos em uma Sala de Crises e Comando de Incidentes, do in\u00edcio ao fim da opera\u00e7\u00e3o de emerg\u00eancia. Os protocolos de gerenciamento a emerg\u00eancias seguem as&#8230; <a class=\"view-article\" href=\"https:\/\/ambipar.com\/latam\/pt\/ambipar-response\/reposta-a-emergencias\/sistema-de-comando-de-incidentes-sci-sala-de-crises\/\">Ver art\u00edculo<\/a>","protected":false},"author":2,"featured_media":1160,"parent":1145,"menu_order":0,"comment_status":"closed","ping_status":"closed","template":"single-servicos.php","meta":[],"yoast_head":"<!-- This site is optimized with the Yoast SEO plugin v17.6 - https:\/\/yoast.com\/wordpress\/plugins\/seo\/ -->\n<title>Conhe\u00e7a Sistema de Comando de Incidentes (SCI) oferecido pela Ambipar<\/title>\n<meta name=\"description\" content=\"A Ambipar disponibiliza aos seus clientes para os eventos emerg\u00eancias de grande propor\u00e7\u00e3o sua estrutura de Comando de Incidentes\" \/>\n<meta name=\"robots\" content=\"index, follow, max-snippet:-1, max-image-preview:large, max-video-preview:-1\" \/>\n<link rel=\"canonical\" href=\"https:\/\/ambipar.com\/latam\/pt\/ambipar-response\/reposta-a-emergencias\/sistema-de-comando-de-incidentes-sci-sala-de-crises\/\" \/>\n<meta property=\"og:locale\" content=\"es_ES\" \/>\n<meta property=\"og:type\" content=\"article\" \/>\n<meta property=\"og:title\" content=\"Conhe\u00e7a Sistema de Comando de Incidentes (SCI) oferecido pela Ambipar\" \/>\n<meta property=\"og:description\" content=\"A Ambipar disponibiliza aos seus clientes para os eventos emerg\u00eancias de grande propor\u00e7\u00e3o sua estrutura de Comando de Incidentes\" \/>\n<meta property=\"og:url\" content=\"https:\/\/ambipar.com\/latam\/pt\/ambipar-response\/reposta-a-emergencias\/sistema-de-comando-de-incidentes-sci-sala-de-crises\/\" \/>\n<meta property=\"og:site_name\" content=\"Ambipar. A l\u00edder em gest\u00e3o ambiental.\" \/>\n<meta property=\"article:modified_time\" content=\"2021-01-05T23:49:12+00:00\" \/>\n<meta property=\"og:image\" content=\"https:\/\/ambipar.com\/latam\/wp-content\/uploads\/2020\/10\/emergencia2.jpg\" \/>\n\t<meta property=\"og:image:width\" content=\"1000\" \/>\n\t<meta property=\"og:image:height\" content=\"1000\" \/>\n<meta name=\"twitter:card\" content=\"summary_large_image\" \/>\n<meta name=\"twitter:label1\" content=\"Est. reading time\" \/>\n\t<meta name=\"twitter:data1\" content=\"1 minuto\" \/>\n<script type=\"application\/ld+json\" class=\"yoast-schema-graph\">{\"@context\":\"https:\/\/schema.org\",\"@graph\":[{\"@type\":\"Organization\",\"@id\":\"https:\/\/ambipar.com\/latam\/#organization\",\"name\":\"Ambipar\",\"url\":\"https:\/\/ambipar.com\/latam\/\",\"sameAs\":[],\"logo\":{\"@type\":\"ImageObject\",\"@id\":\"https:\/\/ambipar.com\/latam\/#logo\",\"inLanguage\":\"es-CL\",\"url\":\"https:\/\/ambipar.com\/latam\/wp-content\/uploads\/2020\/10\/ambipar_color.png\",\"contentUrl\":\"https:\/\/ambipar.com\/latam\/wp-content\/uploads\/2020\/10\/ambipar_color.png\",\"width\":174,\"height\":107,\"caption\":\"Ambipar\"},\"image\":{\"@id\":\"https:\/\/ambipar.com\/latam\/#logo\"}},{\"@type\":\"WebSite\",\"@id\":\"https:\/\/ambipar.com\/latam\/#website\",\"url\":\"https:\/\/ambipar.com\/latam\/\",\"name\":\"Ambipar. A l\\u00edder em gest\\u00e3o ambiental.\",\"description\":\"Pioneira em solu\\u00e7\\u00f5es ambientais, a Ambipar atua em todo o territ\\u00f3rio nacional oferecendo solu\\u00e7\\u00f5es integradas para toda a cadeia de neg\\u00f3cio.\",\"publisher\":{\"@id\":\"https:\/\/ambipar.com\/latam\/#organization\"},\"potentialAction\":[{\"@type\":\"SearchAction\",\"target\":{\"@type\":\"EntryPoint\",\"urlTemplate\":\"https:\/\/ambipar.com\/latam\/?s={search_term_string}\"},\"query-input\":\"required name=search_term_string\"}],\"inLanguage\":\"es-CL\"},{\"@type\":\"ImageObject\",\"@id\":\"https:\/\/ambipar.com\/latam\/pt\/ambipar-response\/reposta-a-emergencias\/sistema-de-comando-de-incidentes-sci-sala-de-crises\/#primaryimage\",\"inLanguage\":\"es-CL\",\"url\":\"https:\/\/ambipar.com\/latam\/wp-content\/uploads\/2020\/10\/emergencia2.jpg\",\"contentUrl\":\"https:\/\/ambipar.com\/latam\/wp-content\/uploads\/2020\/10\/emergencia2.jpg\",\"width\":1000,\"height\":1000,\"caption\":\"emerg\\u00eancia\"},{\"@type\":\"WebPage\",\"@id\":\"https:\/\/ambipar.com\/latam\/pt\/ambipar-response\/reposta-a-emergencias\/sistema-de-comando-de-incidentes-sci-sala-de-crises\/#webpage\",\"url\":\"https:\/\/ambipar.com\/latam\/pt\/ambipar-response\/reposta-a-emergencias\/sistema-de-comando-de-incidentes-sci-sala-de-crises\/\",\"name\":\"Conhe\\u00e7a Sistema de Comando de Incidentes (SCI) oferecido pela Ambipar\",\"isPartOf\":{\"@id\":\"https:\/\/ambipar.com\/latam\/#website\"},\"primaryImageOfPage\":{\"@id\":\"https:\/\/ambipar.com\/latam\/pt\/ambipar-response\/reposta-a-emergencias\/sistema-de-comando-de-incidentes-sci-sala-de-crises\/#primaryimage\"},\"datePublished\":\"2020-10-31T01:44:00+00:00\",\"dateModified\":\"2021-01-05T23:49:12+00:00\",\"description\":\"A Ambipar disponibiliza aos seus clientes para os eventos emerg\\u00eancias de grande propor\\u00e7\\u00e3o sua estrutura de Comando de Incidentes\",\"breadcrumb\":{\"@id\":\"https:\/\/ambipar.com\/latam\/pt\/ambipar-response\/reposta-a-emergencias\/sistema-de-comando-de-incidentes-sci-sala-de-crises\/#breadcrumb\"},\"inLanguage\":\"es-CL\",\"potentialAction\":[{\"@type\":\"ReadAction\",\"target\":[\"https:\/\/ambipar.com\/latam\/pt\/ambipar-response\/reposta-a-emergencias\/sistema-de-comando-de-incidentes-sci-sala-de-crises\/\"]}]},{\"@type\":\"BreadcrumbList\",\"@id\":\"https:\/\/ambipar.com\/latam\/pt\/ambipar-response\/reposta-a-emergencias\/sistema-de-comando-de-incidentes-sci-sala-de-crises\/#breadcrumb\",\"itemListElement\":[{\"@type\":\"ListItem\",\"position\":1,\"name\":\"Home\",\"item\":\"https:\/\/ambipar.com\/latam\/\"},{\"@type\":\"ListItem\",\"position\":2,\"name\":\"Ambipar Response\",\"item\":\"https:\/\/ambipar.com\/latam\/pt\/ambipar-response\/\"},{\"@type\":\"ListItem\",\"position\":3,\"name\":\"Resposta a Emerg\\u00eancias\",\"item\":\"https:\/\/ambipar.com\/latam\/pt\/ambipar-response\/reposta-a-emergencias\/\"},{\"@type\":\"ListItem\",\"position\":4,\"name\":\"Sistema de Comando de Incidentes (SCI) &#8211; Sala de Crises\"}]}]}<\/script>\n<!-- \/ Yoast SEO plugin. -->","yoast_head_json":{"title":"Conhe\u00e7a Sistema de Comando de Incidentes (SCI) oferecido pela Ambipar","description":"A Ambipar disponibiliza aos seus clientes para os eventos emerg\u00eancias de grande propor\u00e7\u00e3o sua estrutura de Comando de Incidentes","robots":{"index":"index","follow":"follow","max-snippet":"max-snippet:-1","max-image-preview":"max-image-preview:large","max-video-preview":"max-video-preview:-1"},"canonical":"https:\/\/ambipar.com\/latam\/pt\/ambipar-response\/reposta-a-emergencias\/sistema-de-comando-de-incidentes-sci-sala-de-crises\/","og_locale":"es_ES","og_type":"article","og_title":"Conhe\u00e7a Sistema de Comando de Incidentes (SCI) oferecido pela Ambipar","og_description":"A Ambipar disponibiliza aos seus clientes para os eventos emerg\u00eancias de grande propor\u00e7\u00e3o sua estrutura de Comando de Incidentes","og_url":"https:\/\/ambipar.com\/latam\/pt\/ambipar-response\/reposta-a-emergencias\/sistema-de-comando-de-incidentes-sci-sala-de-crises\/","og_site_name":"Ambipar. A l\u00edder em gest\u00e3o ambiental.","article_modified_time":"2021-01-05T23:49:12+00:00","og_image":[{"width":1000,"height":1000,"url":"https:\/\/ambipar.com\/latam\/wp-content\/uploads\/2020\/10\/emergencia2.jpg","type":"image\/jpeg"}],"twitter_card":"summary_large_image","twitter_misc":{"Est. reading time":"1 minuto"},"schema":{"@context":"https:\/\/schema.org","@graph":[{"@type":"Organization","@id":"https:\/\/ambipar.com\/latam\/#organization","name":"Ambipar","url":"https:\/\/ambipar.com\/latam\/","sameAs":[],"logo":{"@type":"ImageObject","@id":"https:\/\/ambipar.com\/latam\/#logo","inLanguage":"es-CL","url":"https:\/\/ambipar.com\/latam\/wp-content\/uploads\/2020\/10\/ambipar_color.png","contentUrl":"https:\/\/ambipar.com\/latam\/wp-content\/uploads\/2020\/10\/ambipar_color.png","width":174,"height":107,"caption":"Ambipar"},"image":{"@id":"https:\/\/ambipar.com\/latam\/#logo"}},{"@type":"WebSite","@id":"https:\/\/ambipar.com\/latam\/#website","url":"https:\/\/ambipar.com\/latam\/","name":"Ambipar. A l\u00edder em gest\u00e3o ambiental.","description":"Pioneira em solu\u00e7\u00f5es ambientais, a Ambipar atua em todo o territ\u00f3rio nacional oferecendo solu\u00e7\u00f5es integradas para toda a cadeia de neg\u00f3cio.","publisher":{"@id":"https:\/\/ambipar.com\/latam\/#organization"},"potentialAction":[{"@type":"SearchAction","target":{"@type":"EntryPoint","urlTemplate":"https:\/\/ambipar.com\/latam\/?s={search_term_string}"},"query-input":"required name=search_term_string"}],"inLanguage":"es-CL"},{"@type":"ImageObject","@id":"https:\/\/ambipar.com\/latam\/pt\/ambipar-response\/reposta-a-emergencias\/sistema-de-comando-de-incidentes-sci-sala-de-crises\/#primaryimage","inLanguage":"es-CL","url":"https:\/\/ambipar.com\/latam\/wp-content\/uploads\/2020\/10\/emergencia2.jpg","contentUrl":"https:\/\/ambipar.com\/latam\/wp-content\/uploads\/2020\/10\/emergencia2.jpg","width":1000,"height":1000,"caption":"emerg\u00eancia"},{"@type":"WebPage","@id":"https:\/\/ambipar.com\/latam\/pt\/ambipar-response\/reposta-a-emergencias\/sistema-de-comando-de-incidentes-sci-sala-de-crises\/#webpage","url":"https:\/\/ambipar.com\/latam\/pt\/ambipar-response\/reposta-a-emergencias\/sistema-de-comando-de-incidentes-sci-sala-de-crises\/","name":"Conhe\u00e7a Sistema de Comando de Incidentes (SCI) oferecido pela Ambipar","isPartOf":{"@id":"https:\/\/ambipar.com\/latam\/#website"},"primaryImageOfPage":{"@id":"https:\/\/ambipar.com\/latam\/pt\/ambipar-response\/reposta-a-emergencias\/sistema-de-comando-de-incidentes-sci-sala-de-crises\/#primaryimage"},"datePublished":"2020-10-31T01:44:00+00:00","dateModified":"2021-01-05T23:49:12+00:00","description":"A Ambipar disponibiliza aos seus clientes para os eventos emerg\u00eancias de grande propor\u00e7\u00e3o sua estrutura de Comando de Incidentes","breadcrumb":{"@id":"https:\/\/ambipar.com\/latam\/pt\/ambipar-response\/reposta-a-emergencias\/sistema-de-comando-de-incidentes-sci-sala-de-crises\/#breadcrumb"},"inLanguage":"es-CL","potentialAction":[{"@type":"ReadAction","target":["https:\/\/ambipar.com\/latam\/pt\/ambipar-response\/reposta-a-emergencias\/sistema-de-comando-de-incidentes-sci-sala-de-crises\/"]}]},{"@type":"BreadcrumbList","@id":"https:\/\/ambipar.com\/latam\/pt\/ambipar-response\/reposta-a-emergencias\/sistema-de-comando-de-incidentes-sci-sala-de-crises\/#breadcrumb","itemListElement":[{"@type":"ListItem","position":1,"name":"Home","item":"https:\/\/ambipar.com\/latam\/"},{"@type":"ListItem","position":2,"name":"Ambipar Response","item":"https:\/\/ambipar.com\/latam\/pt\/ambipar-response\/"},{"@type":"ListItem","position":3,"name":"Resposta a Emerg\u00eancias","item":"https:\/\/ambipar.com\/latam\/pt\/ambipar-response\/reposta-a-emergencias\/"},{"@type":"ListItem","position":4,"name":"Sistema de Comando de Incidentes (SCI) &#8211; Sala de Crises"}]}]}},"_links":{"self":[{"href":"https:\/\/ambipar.com\/latam\/wp-json\/wp\/v2\/pages\/1159"}],"collection":[{"href":"https:\/\/ambipar.com\/latam\/wp-json\/wp\/v2\/pages"}],"about":[{"href":"https:\/\/ambipar.com\/latam\/wp-json\/wp\/v2\/types\/page"}],"author":[{"embeddable":true,"href":"https:\/\/ambipar.com\/latam\/wp-json\/wp\/v2\/users\/2"}],"replies":[{"embeddable":true,"href":"https:\/\/ambipar.com\/latam\/wp-json\/wp\/v2\/comments?post=1159"}],"version-history":[{"count":2,"href":"https:\/\/ambipar.com\/latam\/wp-json\/wp\/v2\/pages\/1159\/revisions"}],"predecessor-version":[{"id":1200,"href":"https:\/\/ambipar.com\/latam\/wp-json\/wp\/v2\/pages\/1159\/revisions\/1200"}],"up":[{"embeddable":true,"href":"https:\/\/ambipar.com\/latam\/wp-json\/wp\/v2\/pages\/1145"}],"wp:featuredmedia":[{"embeddable":true,"href":"https:\/\/ambipar.com\/latam\/wp-json\/wp\/v2\/media\/1160"}],"wp:attachment":[{"href":"https:\/\/ambipar.com\/latam\/wp-json\/wp\/v2\/media?parent=1159"}],"curies":[{"name":"wp","href":"https:\/\/api.w.org\/{rel}","templated":true}]}}