{"id":1163,"date":"2020-10-30T22:59:00","date_gmt":"2020-10-31T01:59:00","guid":{"rendered":"https:\/\/ambipar.com\/latam\/?page_id=1163"},"modified":"2021-01-05T20:46:28","modified_gmt":"2021-01-05T23:46:28","slug":"emergencias-maritimo-e-fluvial-marine","status":"publish","type":"page","link":"https:\/\/ambipar.com\/latam\/pt\/ambipar-response\/reposta-a-emergencias\/emergencias-maritimo-e-fluvial-marine\/","title":{"rendered":"Emerg\u00eancias Mar\u00edtimo e Fluvial &#8211; Marine"},"content":{"rendered":"\n<p>Com bases operacionais nos principais portos Brasileiros, mar\u00edtimos e fluviais, a Ambipar atende Emerg\u00eancias com equipes multidisciplinares formada por t\u00e9cnicos especialistas em manejo de subst\u00e2ncias perigosas, envolvendo derramamentos de \u00f3leo e produtos qu\u00edmicos seguindo diretrizes do CONAMA 398.&nbsp;<\/p>\n\n\n\n<ul><li>T\u00e9cnicas de resposta a vazamento de \u00f3leo (IMO I e IMO II)<\/li><li>Operadores HAZMAT internacionalmente certificados <\/li><li>Equipamentos de conten\u00e7\u00e3o, confinamento e absor\u00e7\u00e3o<\/li><li>Monitoramento ambiental<\/li><li>Estrutura de resposta n\u00edvel I, II e III<\/li><li>Elabora\u00e7\u00e3o de PEI\u2019s e documentos t\u00e9cnicos<\/li><li>Acompanhamento de abastecimento de embarca\u00e7\u00e3o<\/li><li>Cerco preventivo<\/li><\/ul>\n\n\n\n<p>Veja tamb\u00e9m:<\/p>\n\n\n\n<ul id=\"block-73d64ca6-11bb-49fa-8ed0-b7a2e8b7df37\"><li><a href=\"https:\/\/ambipar.com\/latam\/ambipar-response\/reposta-a-emergencias\/atendimento-emergencial\/\">Atendimento Emergencial<\/a><\/li><li><a href=\"https:\/\/ambipar.com\/latam\/ambipar-response\/reposta-a-emergencias\/central-de-controle-e-gerenciamento-de-emergencias-cecoe\/\">Central de Controle e Gerenciamento de Emerg\u00eancias (CECOE)<\/a><\/li><li><a href=\"https:\/\/ambipar.com\/latam\/ambipar-response\/reposta-a-emergencias\/sistema-de-comando-de-incidentes-sci-sala-de-crises\/\">Sistema de Comando de Incidentes (SCI)<\/a><\/li><li><a href=\"https:\/\/ambipar.com\/latam\/ambipar-response\/reposta-a-emergencias\/emergencias-rodoviarias\/\">Emerg\u00eancias Rodovi\u00e1rias<\/a><\/li><li><a href=\"https:\/\/ambipar.com\/latam\/ambipar-response\/reposta-a-emergencias\/emergencias-ferroviarias\/\">Emerg\u00eancias Ferrovi\u00e1rias<\/a><\/li><li><a href=\"https:\/\/ambipar.com\/latam\/ambipar-response\/reposta-a-emergencias\/emergencias-dutoviarias\/\">Emerg\u00eancias Dutovi\u00e1rias<\/a><\/li><li><a href=\"https:\/\/ambipar.com\/latam\/ambipar-response\/reposta-a-emergencias\/emergencias-aeroportuarias\/\">Emerg\u00eancias Aeroportu\u00e1rias<\/a><\/li><li><a href=\"https:\/\/ambipar.com\/latam\/ambipar-response\/reposta-a-emergencias\/emergencias-industriais\/\">Emerg\u00eancias Industriais<\/a><\/li><li><a href=\"https:\/\/ambipar.com\/latam\/ambipar-response\/reposta-a-emergencias\/emergencias-mineracao\/\">Emerg\u00eancias Minera\u00e7\u00e3o<\/a><\/li><\/ul>\n","protected":false},"excerpt":{"rendered":"Com bases operacionais nos principais portos Brasileiros, mar\u00edtimos e fluviais, a Ambipar atende Emerg\u00eancias com equipes multidisciplinares formada por t\u00e9cnicos especialistas em manejo de subst\u00e2ncias perigosas, envolvendo derramamentos de \u00f3leo e produtos qu\u00edmicos seguindo diretrizes do CONAMA 398.&nbsp; T\u00e9cnicas de resposta a vazamento de \u00f3leo (IMO I e IMO II) Operadores HAZMAT internacionalmente certificados Equipamentos&#8230; <a class=\"view-article\" href=\"https:\/\/ambipar.com\/latam\/pt\/ambipar-response\/reposta-a-emergencias\/emergencias-maritimo-e-fluvial-marine\/\">Ver art\u00edculo<\/a>","protected":false},"author":2,"featured_media":1164,"parent":1145,"menu_order":0,"comment_status":"closed","ping_status":"closed","template":"single-servicos.php","meta":[],"yoast_head":"<!-- This site is optimized with the Yoast SEO plugin v17.6 - https:\/\/yoast.com\/wordpress\/plugins\/seo\/ -->\n<title>Conhe\u00e7a os servi\u00e7os de Emerg\u00eancias Mar\u00edtimo e Fluvial da Ambipar<\/title>\n<meta name=\"description\" content=\"Com bases operacionais nos principais portos Brasileiros, mar\u00edtimos e fluviais, a Ambipar atende Emerg\u00eancias com equipes multidisciplinares\" \/>\n<meta name=\"robots\" content=\"index, follow, max-snippet:-1, max-image-preview:large, max-video-preview:-1\" \/>\n<link rel=\"canonical\" href=\"https:\/\/ambipar.com\/latam\/pt\/ambipar-response\/reposta-a-emergencias\/emergencias-maritimo-e-fluvial-marine\/\" \/>\n<meta property=\"og:locale\" content=\"es_ES\" \/>\n<meta property=\"og:type\" content=\"article\" \/>\n<meta property=\"og:title\" content=\"Conhe\u00e7a os servi\u00e7os de Emerg\u00eancias Mar\u00edtimo e Fluvial da Ambipar\" \/>\n<meta property=\"og:description\" content=\"Com bases operacionais nos principais portos Brasileiros, mar\u00edtimos e fluviais, a Ambipar atende Emerg\u00eancias com equipes multidisciplinares\" \/>\n<meta property=\"og:url\" content=\"https:\/\/ambipar.com\/latam\/pt\/ambipar-response\/reposta-a-emergencias\/emergencias-maritimo-e-fluvial-marine\/\" \/>\n<meta property=\"og:site_name\" content=\"Ambipar. A l\u00edder em gest\u00e3o ambiental.\" \/>\n<meta property=\"article:modified_time\" content=\"2021-01-05T23:46:28+00:00\" \/>\n<meta property=\"og:image\" content=\"https:\/\/ambipar.com\/latam\/wp-content\/uploads\/2020\/10\/marine.jpg\" \/>\n\t<meta property=\"og:image:width\" content=\"1000\" \/>\n\t<meta property=\"og:image:height\" content=\"1000\" \/>\n<meta name=\"twitter:card\" content=\"summary_large_image\" \/>\n<meta name=\"twitter:label1\" content=\"Est. reading time\" \/>\n\t<meta name=\"twitter:data1\" content=\"1 minuto\" \/>\n<script type=\"application\/ld+json\" class=\"yoast-schema-graph\">{\"@context\":\"https:\/\/schema.org\",\"@graph\":[{\"@type\":\"Organization\",\"@id\":\"https:\/\/ambipar.com\/latam\/#organization\",\"name\":\"Ambipar\",\"url\":\"https:\/\/ambipar.com\/latam\/\",\"sameAs\":[],\"logo\":{\"@type\":\"ImageObject\",\"@id\":\"https:\/\/ambipar.com\/latam\/#logo\",\"inLanguage\":\"es-CL\",\"url\":\"https:\/\/ambipar.com\/latam\/wp-content\/uploads\/2020\/10\/ambipar_color.png\",\"contentUrl\":\"https:\/\/ambipar.com\/latam\/wp-content\/uploads\/2020\/10\/ambipar_color.png\",\"width\":174,\"height\":107,\"caption\":\"Ambipar\"},\"image\":{\"@id\":\"https:\/\/ambipar.com\/latam\/#logo\"}},{\"@type\":\"WebSite\",\"@id\":\"https:\/\/ambipar.com\/latam\/#website\",\"url\":\"https:\/\/ambipar.com\/latam\/\",\"name\":\"Ambipar. A l\\u00edder em gest\\u00e3o ambiental.\",\"description\":\"Pioneira em solu\\u00e7\\u00f5es ambientais, a Ambipar atua em todo o territ\\u00f3rio nacional oferecendo solu\\u00e7\\u00f5es integradas para toda a cadeia de neg\\u00f3cio.\",\"publisher\":{\"@id\":\"https:\/\/ambipar.com\/latam\/#organization\"},\"potentialAction\":[{\"@type\":\"SearchAction\",\"target\":{\"@type\":\"EntryPoint\",\"urlTemplate\":\"https:\/\/ambipar.com\/latam\/?s={search_term_string}\"},\"query-input\":\"required name=search_term_string\"}],\"inLanguage\":\"es-CL\"},{\"@type\":\"ImageObject\",\"@id\":\"https:\/\/ambipar.com\/latam\/pt\/ambipar-response\/reposta-a-emergencias\/emergencias-maritimo-e-fluvial-marine\/#primaryimage\",\"inLanguage\":\"es-CL\",\"url\":\"https:\/\/ambipar.com\/latam\/wp-content\/uploads\/2020\/10\/marine.jpg\",\"contentUrl\":\"https:\/\/ambipar.com\/latam\/wp-content\/uploads\/2020\/10\/marine.jpg\",\"width\":1000,\"height\":1000,\"caption\":\"Marine\"},{\"@type\":\"WebPage\",\"@id\":\"https:\/\/ambipar.com\/latam\/pt\/ambipar-response\/reposta-a-emergencias\/emergencias-maritimo-e-fluvial-marine\/#webpage\",\"url\":\"https:\/\/ambipar.com\/latam\/pt\/ambipar-response\/reposta-a-emergencias\/emergencias-maritimo-e-fluvial-marine\/\",\"name\":\"Conhe\\u00e7a os servi\\u00e7os de Emerg\\u00eancias Mar\\u00edtimo e Fluvial da Ambipar\",\"isPartOf\":{\"@id\":\"https:\/\/ambipar.com\/latam\/#website\"},\"primaryImageOfPage\":{\"@id\":\"https:\/\/ambipar.com\/latam\/pt\/ambipar-response\/reposta-a-emergencias\/emergencias-maritimo-e-fluvial-marine\/#primaryimage\"},\"datePublished\":\"2020-10-31T01:59:00+00:00\",\"dateModified\":\"2021-01-05T23:46:28+00:00\",\"description\":\"Com bases operacionais nos principais portos Brasileiros, mar\\u00edtimos e fluviais, a Ambipar atende Emerg\\u00eancias com equipes multidisciplinares\",\"breadcrumb\":{\"@id\":\"https:\/\/ambipar.com\/latam\/pt\/ambipar-response\/reposta-a-emergencias\/emergencias-maritimo-e-fluvial-marine\/#breadcrumb\"},\"inLanguage\":\"es-CL\",\"potentialAction\":[{\"@type\":\"ReadAction\",\"target\":[\"https:\/\/ambipar.com\/latam\/pt\/ambipar-response\/reposta-a-emergencias\/emergencias-maritimo-e-fluvial-marine\/\"]}]},{\"@type\":\"BreadcrumbList\",\"@id\":\"https:\/\/ambipar.com\/latam\/pt\/ambipar-response\/reposta-a-emergencias\/emergencias-maritimo-e-fluvial-marine\/#breadcrumb\",\"itemListElement\":[{\"@type\":\"ListItem\",\"position\":1,\"name\":\"Home\",\"item\":\"https:\/\/ambipar.com\/latam\/\"},{\"@type\":\"ListItem\",\"position\":2,\"name\":\"Ambipar Response\",\"item\":\"https:\/\/ambipar.com\/latam\/pt\/ambipar-response\/\"},{\"@type\":\"ListItem\",\"position\":3,\"name\":\"Resposta a Emerg\\u00eancias\",\"item\":\"https:\/\/ambipar.com\/latam\/pt\/ambipar-response\/reposta-a-emergencias\/\"},{\"@type\":\"ListItem\",\"position\":4,\"name\":\"Emerg\\u00eancias Mar\\u00edtimo e Fluvial &#8211; Marine\"}]}]}<\/script>\n<!-- \/ Yoast SEO plugin. -->","yoast_head_json":{"title":"Conhe\u00e7a os servi\u00e7os de Emerg\u00eancias Mar\u00edtimo e Fluvial da Ambipar","description":"Com bases operacionais nos principais portos Brasileiros, mar\u00edtimos e fluviais, a Ambipar atende Emerg\u00eancias com equipes multidisciplinares","robots":{"index":"index","follow":"follow","max-snippet":"max-snippet:-1","max-image-preview":"max-image-preview:large","max-video-preview":"max-video-preview:-1"},"canonical":"https:\/\/ambipar.com\/latam\/pt\/ambipar-response\/reposta-a-emergencias\/emergencias-maritimo-e-fluvial-marine\/","og_locale":"es_ES","og_type":"article","og_title":"Conhe\u00e7a os servi\u00e7os de Emerg\u00eancias Mar\u00edtimo e Fluvial da Ambipar","og_description":"Com bases operacionais nos principais portos Brasileiros, mar\u00edtimos e fluviais, a Ambipar atende Emerg\u00eancias com equipes multidisciplinares","og_url":"https:\/\/ambipar.com\/latam\/pt\/ambipar-response\/reposta-a-emergencias\/emergencias-maritimo-e-fluvial-marine\/","og_site_name":"Ambipar. A l\u00edder em gest\u00e3o ambiental.","article_modified_time":"2021-01-05T23:46:28+00:00","og_image":[{"width":1000,"height":1000,"url":"https:\/\/ambipar.com\/latam\/wp-content\/uploads\/2020\/10\/marine.jpg","type":"image\/jpeg"}],"twitter_card":"summary_large_image","twitter_misc":{"Est. reading time":"1 minuto"},"schema":{"@context":"https:\/\/schema.org","@graph":[{"@type":"Organization","@id":"https:\/\/ambipar.com\/latam\/#organization","name":"Ambipar","url":"https:\/\/ambipar.com\/latam\/","sameAs":[],"logo":{"@type":"ImageObject","@id":"https:\/\/ambipar.com\/latam\/#logo","inLanguage":"es-CL","url":"https:\/\/ambipar.com\/latam\/wp-content\/uploads\/2020\/10\/ambipar_color.png","contentUrl":"https:\/\/ambipar.com\/latam\/wp-content\/uploads\/2020\/10\/ambipar_color.png","width":174,"height":107,"caption":"Ambipar"},"image":{"@id":"https:\/\/ambipar.com\/latam\/#logo"}},{"@type":"WebSite","@id":"https:\/\/ambipar.com\/latam\/#website","url":"https:\/\/ambipar.com\/latam\/","name":"Ambipar. A l\u00edder em gest\u00e3o ambiental.","description":"Pioneira em solu\u00e7\u00f5es ambientais, a Ambipar atua em todo o territ\u00f3rio nacional oferecendo solu\u00e7\u00f5es integradas para toda a cadeia de neg\u00f3cio.","publisher":{"@id":"https:\/\/ambipar.com\/latam\/#organization"},"potentialAction":[{"@type":"SearchAction","target":{"@type":"EntryPoint","urlTemplate":"https:\/\/ambipar.com\/latam\/?s={search_term_string}"},"query-input":"required name=search_term_string"}],"inLanguage":"es-CL"},{"@type":"ImageObject","@id":"https:\/\/ambipar.com\/latam\/pt\/ambipar-response\/reposta-a-emergencias\/emergencias-maritimo-e-fluvial-marine\/#primaryimage","inLanguage":"es-CL","url":"https:\/\/ambipar.com\/latam\/wp-content\/uploads\/2020\/10\/marine.jpg","contentUrl":"https:\/\/ambipar.com\/latam\/wp-content\/uploads\/2020\/10\/marine.jpg","width":1000,"height":1000,"caption":"Marine"},{"@type":"WebPage","@id":"https:\/\/ambipar.com\/latam\/pt\/ambipar-response\/reposta-a-emergencias\/emergencias-maritimo-e-fluvial-marine\/#webpage","url":"https:\/\/ambipar.com\/latam\/pt\/ambipar-response\/reposta-a-emergencias\/emergencias-maritimo-e-fluvial-marine\/","name":"Conhe\u00e7a os servi\u00e7os de Emerg\u00eancias Mar\u00edtimo e Fluvial da Ambipar","isPartOf":{"@id":"https:\/\/ambipar.com\/latam\/#website"},"primaryImageOfPage":{"@id":"https:\/\/ambipar.com\/latam\/pt\/ambipar-response\/reposta-a-emergencias\/emergencias-maritimo-e-fluvial-marine\/#primaryimage"},"datePublished":"2020-10-31T01:59:00+00:00","dateModified":"2021-01-05T23:46:28+00:00","description":"Com bases operacionais nos principais portos Brasileiros, mar\u00edtimos e fluviais, a Ambipar atende Emerg\u00eancias com equipes multidisciplinares","breadcrumb":{"@id":"https:\/\/ambipar.com\/latam\/pt\/ambipar-response\/reposta-a-emergencias\/emergencias-maritimo-e-fluvial-marine\/#breadcrumb"},"inLanguage":"es-CL","potentialAction":[{"@type":"ReadAction","target":["https:\/\/ambipar.com\/latam\/pt\/ambipar-response\/reposta-a-emergencias\/emergencias-maritimo-e-fluvial-marine\/"]}]},{"@type":"BreadcrumbList","@id":"https:\/\/ambipar.com\/latam\/pt\/ambipar-response\/reposta-a-emergencias\/emergencias-maritimo-e-fluvial-marine\/#breadcrumb","itemListElement":[{"@type":"ListItem","position":1,"name":"Home","item":"https:\/\/ambipar.com\/latam\/"},{"@type":"ListItem","position":2,"name":"Ambipar Response","item":"https:\/\/ambipar.com\/latam\/pt\/ambipar-response\/"},{"@type":"ListItem","position":3,"name":"Resposta a Emerg\u00eancias","item":"https:\/\/ambipar.com\/latam\/pt\/ambipar-response\/reposta-a-emergencias\/"},{"@type":"ListItem","position":4,"name":"Emerg\u00eancias Mar\u00edtimo e Fluvial &#8211; Marine"}]}]}},"_links":{"self":[{"href":"https:\/\/ambipar.com\/latam\/wp-json\/wp\/v2\/pages\/1163"}],"collection":[{"href":"https:\/\/ambipar.com\/latam\/wp-json\/wp\/v2\/pages"}],"about":[{"href":"https:\/\/ambipar.com\/latam\/wp-json\/wp\/v2\/types\/page"}],"author":[{"embeddable":true,"href":"https:\/\/ambipar.com\/latam\/wp-json\/wp\/v2\/users\/2"}],"replies":[{"embeddable":true,"href":"https:\/\/ambipar.com\/latam\/wp-json\/wp\/v2\/comments?post=1163"}],"version-history":[{"count":3,"href":"https:\/\/ambipar.com\/latam\/wp-json\/wp\/v2\/pages\/1163\/revisions"}],"predecessor-version":[{"id":2008,"href":"https:\/\/ambipar.com\/latam\/wp-json\/wp\/v2\/pages\/1163\/revisions\/2008"}],"up":[{"embeddable":true,"href":"https:\/\/ambipar.com\/latam\/wp-json\/wp\/v2\/pages\/1145"}],"wp:featuredmedia":[{"embeddable":true,"href":"https:\/\/ambipar.com\/latam\/wp-json\/wp\/v2\/media\/1164"}],"wp:attachment":[{"href":"https:\/\/ambipar.com\/latam\/wp-json\/wp\/v2\/media?parent=1163"}],"curies":[{"name":"wp","href":"https:\/\/api.w.org\/{rel}","templated":true}]}}