{"id":1174,"date":"2020-10-30T23:18:00","date_gmt":"2020-10-31T02:18:00","guid":{"rendered":"https:\/\/ambipar.com\/latam\/?page_id=1174"},"modified":"2021-01-05T20:45:19","modified_gmt":"2021-01-05T23:45:19","slug":"emergencias-dutoviarias","status":"publish","type":"page","link":"https:\/\/ambipar.com\/latam\/pt\/ambipar-response\/reposta-a-emergencias\/emergencias-dutoviarias\/","title":{"rendered":"Emerg\u00eancias Dutovi\u00e1rias"},"content":{"rendered":"\n<p>Os acidentes em dutos acontecem devido \u00e0s caracter\u00edsticas do produto e alta press\u00e3o que circulam nas linhas, que ocorrem por conta do desgaste, rachaduras, roubo, perfura\u00e7\u00f5es e problemas operacionais.<\/p>\n\n\n\n<p>Estudando cada emerg\u00eancia, a&nbsp;Ambipar&nbsp;atua de maneira estrat\u00e9gica com o objetivo de minimizar os impactos ambientais e sociais, contando com:<\/p>\n\n\n\n<ul><li>Abrang\u00eancia de atendimento Nacional e Internacional<\/li><li>Elabora\u00e7\u00e3o do Plano de Atendimento Emergencial (PAE)<\/li><li>Programa de Gerenciamento de Riscos (PGR)<\/li><li>Estudo de An\u00e1lise de Riscos (EAR)<\/li><li>An\u00e1lise de Riscos Ambiental (ARA)<\/li><li>Simulados de emerg\u00eancia\/evacua\u00e7\u00e3o<\/li><\/ul>\n\n\n\n<p>Veja tamb\u00e9m:<\/p>\n\n\n\n<ul id=\"block-73d64ca6-11bb-49fa-8ed0-b7a2e8b7df37\"><li><a href=\"https:\/\/ambipar.com\/latam\/ambipar-response\/reposta-a-emergencias\/atendimento-emergencial\/\">Atendimento Emergencial<\/a><\/li><li><a href=\"https:\/\/ambipar.com\/latam\/ambipar-response\/reposta-a-emergencias\/central-de-controle-e-gerenciamento-de-emergencias-cecoe\/\">Central de Controle e Gerenciamento de Emerg\u00eancias (CECOE)<\/a><\/li><li><a href=\"https:\/\/ambipar.com\/latam\/ambipar-response\/reposta-a-emergencias\/sistema-de-comando-de-incidentes-sci-sala-de-crises\/\">Sistema de Comando de Incidentes (SCI)<\/a><\/li><li><a href=\"https:\/\/ambipar.com\/latam\/ambipar-response\/reposta-a-emergencias\/emergencias-maritimo-e-fluvial-marine\/\">Emerg\u00eancias Mar\u00edtimo e Fluvial<\/a><\/li><li><a href=\"https:\/\/ambipar.com\/latam\/ambipar-response\/reposta-a-emergencias\/emergencias-rodoviarias\/\">Emerg\u00eancias Rodovi\u00e1rias<\/a><\/li><li><a href=\"https:\/\/ambipar.com\/latam\/ambipar-response\/reposta-a-emergencias\/emergencias-ferroviarias\/\">Emerg\u00eancias Ferrovi\u00e1rias<\/a><\/li><li><a href=\"https:\/\/ambipar.com\/latam\/ambipar-response\/reposta-a-emergencias\/emergencias-aeroportuarias\/\">Emerg\u00eancias Aeroportu\u00e1rias<\/a><\/li><li><a href=\"https:\/\/ambipar.com\/latam\/ambipar-response\/reposta-a-emergencias\/emergencias-industriais\/\">Emerg\u00eancias Industriais<\/a><\/li><li><a href=\"https:\/\/ambipar.com\/latam\/ambipar-response\/reposta-a-emergencias\/emergencias-mineracao\/\">Emerg\u00eancias Minera\u00e7\u00e3o<\/a><\/li><\/ul>\n","protected":false},"excerpt":{"rendered":"Os acidentes em dutos acontecem devido \u00e0s caracter\u00edsticas do produto e alta press\u00e3o que circulam nas linhas, que ocorrem por conta do desgaste, rachaduras, roubo, perfura\u00e7\u00f5es e problemas operacionais. Estudando cada emerg\u00eancia, a&nbsp;Ambipar&nbsp;atua de maneira estrat\u00e9gica com o objetivo de minimizar os impactos ambientais e sociais, contando com: Abrang\u00eancia de atendimento Nacional e Internacional Elabora\u00e7\u00e3o&#8230; <a class=\"view-article\" href=\"https:\/\/ambipar.com\/latam\/pt\/ambipar-response\/reposta-a-emergencias\/emergencias-dutoviarias\/\">Ver art\u00edculo<\/a>","protected":false},"author":2,"featured_media":1177,"parent":1145,"menu_order":0,"comment_status":"closed","ping_status":"closed","template":"single-servicos.php","meta":[],"yoast_head":"<!-- This site is optimized with the Yoast SEO plugin v17.6 - https:\/\/yoast.com\/wordpress\/plugins\/seo\/ -->\n<title>Conhe\u00e7a servi\u00e7os de Emerg\u00eancias Dutovi\u00e1rias oferecidos pela Ambipar<\/title>\n<meta name=\"description\" content=\"Os acidentes em dutos acontecem devido \u00e0s caracter\u00edsticas do produto e alta press\u00e3o que circulam nas linhas\" \/>\n<meta name=\"robots\" content=\"index, follow, max-snippet:-1, max-image-preview:large, max-video-preview:-1\" \/>\n<link rel=\"canonical\" href=\"https:\/\/ambipar.com\/latam\/pt\/ambipar-response\/reposta-a-emergencias\/emergencias-dutoviarias\/\" \/>\n<meta property=\"og:locale\" content=\"es_ES\" \/>\n<meta property=\"og:type\" content=\"article\" \/>\n<meta property=\"og:title\" content=\"Conhe\u00e7a servi\u00e7os de Emerg\u00eancias Dutovi\u00e1rias oferecidos pela Ambipar\" \/>\n<meta property=\"og:description\" content=\"Os acidentes em dutos acontecem devido \u00e0s caracter\u00edsticas do produto e alta press\u00e3o que circulam nas linhas\" \/>\n<meta property=\"og:url\" content=\"https:\/\/ambipar.com\/latam\/pt\/ambipar-response\/reposta-a-emergencias\/emergencias-dutoviarias\/\" \/>\n<meta property=\"og:site_name\" content=\"Ambipar. A l\u00edder em gest\u00e3o ambiental.\" \/>\n<meta property=\"article:modified_time\" content=\"2021-01-05T23:45:19+00:00\" \/>\n<meta property=\"og:image\" content=\"https:\/\/ambipar.com\/latam\/wp-content\/uploads\/2020\/10\/dutoviario.jpg\" \/>\n\t<meta property=\"og:image:width\" content=\"1000\" \/>\n\t<meta property=\"og:image:height\" content=\"1000\" \/>\n<meta name=\"twitter:card\" content=\"summary_large_image\" \/>\n<meta name=\"twitter:label1\" content=\"Est. reading time\" \/>\n\t<meta name=\"twitter:data1\" content=\"1 minuto\" \/>\n<script type=\"application\/ld+json\" class=\"yoast-schema-graph\">{\"@context\":\"https:\/\/schema.org\",\"@graph\":[{\"@type\":\"Organization\",\"@id\":\"https:\/\/ambipar.com\/latam\/#organization\",\"name\":\"Ambipar\",\"url\":\"https:\/\/ambipar.com\/latam\/\",\"sameAs\":[],\"logo\":{\"@type\":\"ImageObject\",\"@id\":\"https:\/\/ambipar.com\/latam\/#logo\",\"inLanguage\":\"es-CL\",\"url\":\"https:\/\/ambipar.com\/latam\/wp-content\/uploads\/2020\/10\/ambipar_color.png\",\"contentUrl\":\"https:\/\/ambipar.com\/latam\/wp-content\/uploads\/2020\/10\/ambipar_color.png\",\"width\":174,\"height\":107,\"caption\":\"Ambipar\"},\"image\":{\"@id\":\"https:\/\/ambipar.com\/latam\/#logo\"}},{\"@type\":\"WebSite\",\"@id\":\"https:\/\/ambipar.com\/latam\/#website\",\"url\":\"https:\/\/ambipar.com\/latam\/\",\"name\":\"Ambipar. A l\\u00edder em gest\\u00e3o ambiental.\",\"description\":\"Pioneira em solu\\u00e7\\u00f5es ambientais, a Ambipar atua em todo o territ\\u00f3rio nacional oferecendo solu\\u00e7\\u00f5es integradas para toda a cadeia de neg\\u00f3cio.\",\"publisher\":{\"@id\":\"https:\/\/ambipar.com\/latam\/#organization\"},\"potentialAction\":[{\"@type\":\"SearchAction\",\"target\":{\"@type\":\"EntryPoint\",\"urlTemplate\":\"https:\/\/ambipar.com\/latam\/?s={search_term_string}\"},\"query-input\":\"required name=search_term_string\"}],\"inLanguage\":\"es-CL\"},{\"@type\":\"ImageObject\",\"@id\":\"https:\/\/ambipar.com\/latam\/pt\/ambipar-response\/reposta-a-emergencias\/emergencias-dutoviarias\/#primaryimage\",\"inLanguage\":\"es-CL\",\"url\":\"https:\/\/ambipar.com\/latam\/wp-content\/uploads\/2020\/10\/dutoviario.jpg\",\"contentUrl\":\"https:\/\/ambipar.com\/latam\/wp-content\/uploads\/2020\/10\/dutoviario.jpg\",\"width\":1000,\"height\":1000,\"caption\":\"dutovi\\u00e1rio\"},{\"@type\":\"WebPage\",\"@id\":\"https:\/\/ambipar.com\/latam\/pt\/ambipar-response\/reposta-a-emergencias\/emergencias-dutoviarias\/#webpage\",\"url\":\"https:\/\/ambipar.com\/latam\/pt\/ambipar-response\/reposta-a-emergencias\/emergencias-dutoviarias\/\",\"name\":\"Conhe\\u00e7a servi\\u00e7os de Emerg\\u00eancias Dutovi\\u00e1rias oferecidos pela Ambipar\",\"isPartOf\":{\"@id\":\"https:\/\/ambipar.com\/latam\/#website\"},\"primaryImageOfPage\":{\"@id\":\"https:\/\/ambipar.com\/latam\/pt\/ambipar-response\/reposta-a-emergencias\/emergencias-dutoviarias\/#primaryimage\"},\"datePublished\":\"2020-10-31T02:18:00+00:00\",\"dateModified\":\"2021-01-05T23:45:19+00:00\",\"description\":\"Os acidentes em dutos acontecem devido \\u00e0s caracter\\u00edsticas do produto e alta press\\u00e3o que circulam nas linhas\",\"breadcrumb\":{\"@id\":\"https:\/\/ambipar.com\/latam\/pt\/ambipar-response\/reposta-a-emergencias\/emergencias-dutoviarias\/#breadcrumb\"},\"inLanguage\":\"es-CL\",\"potentialAction\":[{\"@type\":\"ReadAction\",\"target\":[\"https:\/\/ambipar.com\/latam\/pt\/ambipar-response\/reposta-a-emergencias\/emergencias-dutoviarias\/\"]}]},{\"@type\":\"BreadcrumbList\",\"@id\":\"https:\/\/ambipar.com\/latam\/pt\/ambipar-response\/reposta-a-emergencias\/emergencias-dutoviarias\/#breadcrumb\",\"itemListElement\":[{\"@type\":\"ListItem\",\"position\":1,\"name\":\"Home\",\"item\":\"https:\/\/ambipar.com\/latam\/\"},{\"@type\":\"ListItem\",\"position\":2,\"name\":\"Ambipar Response\",\"item\":\"https:\/\/ambipar.com\/latam\/pt\/ambipar-response\/\"},{\"@type\":\"ListItem\",\"position\":3,\"name\":\"Resposta a Emerg\\u00eancias\",\"item\":\"https:\/\/ambipar.com\/latam\/pt\/ambipar-response\/reposta-a-emergencias\/\"},{\"@type\":\"ListItem\",\"position\":4,\"name\":\"Emerg\\u00eancias Dutovi\\u00e1rias\"}]}]}<\/script>\n<!-- \/ Yoast SEO plugin. -->","yoast_head_json":{"title":"Conhe\u00e7a servi\u00e7os de Emerg\u00eancias Dutovi\u00e1rias oferecidos pela Ambipar","description":"Os acidentes em dutos acontecem devido \u00e0s caracter\u00edsticas do produto e alta press\u00e3o que circulam nas linhas","robots":{"index":"index","follow":"follow","max-snippet":"max-snippet:-1","max-image-preview":"max-image-preview:large","max-video-preview":"max-video-preview:-1"},"canonical":"https:\/\/ambipar.com\/latam\/pt\/ambipar-response\/reposta-a-emergencias\/emergencias-dutoviarias\/","og_locale":"es_ES","og_type":"article","og_title":"Conhe\u00e7a servi\u00e7os de Emerg\u00eancias Dutovi\u00e1rias oferecidos pela Ambipar","og_description":"Os acidentes em dutos acontecem devido \u00e0s caracter\u00edsticas do produto e alta press\u00e3o que circulam nas linhas","og_url":"https:\/\/ambipar.com\/latam\/pt\/ambipar-response\/reposta-a-emergencias\/emergencias-dutoviarias\/","og_site_name":"Ambipar. A l\u00edder em gest\u00e3o ambiental.","article_modified_time":"2021-01-05T23:45:19+00:00","og_image":[{"width":1000,"height":1000,"url":"https:\/\/ambipar.com\/latam\/wp-content\/uploads\/2020\/10\/dutoviario.jpg","type":"image\/jpeg"}],"twitter_card":"summary_large_image","twitter_misc":{"Est. reading time":"1 minuto"},"schema":{"@context":"https:\/\/schema.org","@graph":[{"@type":"Organization","@id":"https:\/\/ambipar.com\/latam\/#organization","name":"Ambipar","url":"https:\/\/ambipar.com\/latam\/","sameAs":[],"logo":{"@type":"ImageObject","@id":"https:\/\/ambipar.com\/latam\/#logo","inLanguage":"es-CL","url":"https:\/\/ambipar.com\/latam\/wp-content\/uploads\/2020\/10\/ambipar_color.png","contentUrl":"https:\/\/ambipar.com\/latam\/wp-content\/uploads\/2020\/10\/ambipar_color.png","width":174,"height":107,"caption":"Ambipar"},"image":{"@id":"https:\/\/ambipar.com\/latam\/#logo"}},{"@type":"WebSite","@id":"https:\/\/ambipar.com\/latam\/#website","url":"https:\/\/ambipar.com\/latam\/","name":"Ambipar. A l\u00edder em gest\u00e3o ambiental.","description":"Pioneira em solu\u00e7\u00f5es ambientais, a Ambipar atua em todo o territ\u00f3rio nacional oferecendo solu\u00e7\u00f5es integradas para toda a cadeia de neg\u00f3cio.","publisher":{"@id":"https:\/\/ambipar.com\/latam\/#organization"},"potentialAction":[{"@type":"SearchAction","target":{"@type":"EntryPoint","urlTemplate":"https:\/\/ambipar.com\/latam\/?s={search_term_string}"},"query-input":"required name=search_term_string"}],"inLanguage":"es-CL"},{"@type":"ImageObject","@id":"https:\/\/ambipar.com\/latam\/pt\/ambipar-response\/reposta-a-emergencias\/emergencias-dutoviarias\/#primaryimage","inLanguage":"es-CL","url":"https:\/\/ambipar.com\/latam\/wp-content\/uploads\/2020\/10\/dutoviario.jpg","contentUrl":"https:\/\/ambipar.com\/latam\/wp-content\/uploads\/2020\/10\/dutoviario.jpg","width":1000,"height":1000,"caption":"dutovi\u00e1rio"},{"@type":"WebPage","@id":"https:\/\/ambipar.com\/latam\/pt\/ambipar-response\/reposta-a-emergencias\/emergencias-dutoviarias\/#webpage","url":"https:\/\/ambipar.com\/latam\/pt\/ambipar-response\/reposta-a-emergencias\/emergencias-dutoviarias\/","name":"Conhe\u00e7a servi\u00e7os de Emerg\u00eancias Dutovi\u00e1rias oferecidos pela Ambipar","isPartOf":{"@id":"https:\/\/ambipar.com\/latam\/#website"},"primaryImageOfPage":{"@id":"https:\/\/ambipar.com\/latam\/pt\/ambipar-response\/reposta-a-emergencias\/emergencias-dutoviarias\/#primaryimage"},"datePublished":"2020-10-31T02:18:00+00:00","dateModified":"2021-01-05T23:45:19+00:00","description":"Os acidentes em dutos acontecem devido \u00e0s caracter\u00edsticas do produto e alta press\u00e3o que circulam nas linhas","breadcrumb":{"@id":"https:\/\/ambipar.com\/latam\/pt\/ambipar-response\/reposta-a-emergencias\/emergencias-dutoviarias\/#breadcrumb"},"inLanguage":"es-CL","potentialAction":[{"@type":"ReadAction","target":["https:\/\/ambipar.com\/latam\/pt\/ambipar-response\/reposta-a-emergencias\/emergencias-dutoviarias\/"]}]},{"@type":"BreadcrumbList","@id":"https:\/\/ambipar.com\/latam\/pt\/ambipar-response\/reposta-a-emergencias\/emergencias-dutoviarias\/#breadcrumb","itemListElement":[{"@type":"ListItem","position":1,"name":"Home","item":"https:\/\/ambipar.com\/latam\/"},{"@type":"ListItem","position":2,"name":"Ambipar Response","item":"https:\/\/ambipar.com\/latam\/pt\/ambipar-response\/"},{"@type":"ListItem","position":3,"name":"Resposta a Emerg\u00eancias","item":"https:\/\/ambipar.com\/latam\/pt\/ambipar-response\/reposta-a-emergencias\/"},{"@type":"ListItem","position":4,"name":"Emerg\u00eancias Dutovi\u00e1rias"}]}]}},"_links":{"self":[{"href":"https:\/\/ambipar.com\/latam\/wp-json\/wp\/v2\/pages\/1174"}],"collection":[{"href":"https:\/\/ambipar.com\/latam\/wp-json\/wp\/v2\/pages"}],"about":[{"href":"https:\/\/ambipar.com\/latam\/wp-json\/wp\/v2\/types\/page"}],"author":[{"embeddable":true,"href":"https:\/\/ambipar.com\/latam\/wp-json\/wp\/v2\/users\/2"}],"replies":[{"embeddable":true,"href":"https:\/\/ambipar.com\/latam\/wp-json\/wp\/v2\/comments?post=1174"}],"version-history":[{"count":3,"href":"https:\/\/ambipar.com\/latam\/wp-json\/wp\/v2\/pages\/1174\/revisions"}],"predecessor-version":[{"id":1988,"href":"https:\/\/ambipar.com\/latam\/wp-json\/wp\/v2\/pages\/1174\/revisions\/1988"}],"up":[{"embeddable":true,"href":"https:\/\/ambipar.com\/latam\/wp-json\/wp\/v2\/pages\/1145"}],"wp:featuredmedia":[{"embeddable":true,"href":"https:\/\/ambipar.com\/latam\/wp-json\/wp\/v2\/media\/1177"}],"wp:attachment":[{"href":"https:\/\/ambipar.com\/latam\/wp-json\/wp\/v2\/media?parent=1174"}],"curies":[{"name":"wp","href":"https:\/\/api.w.org\/{rel}","templated":true}]}}