{"id":1185,"date":"2020-10-30T23:59:00","date_gmt":"2020-10-31T02:59:00","guid":{"rendered":"https:\/\/ambipar.com\/latam\/?page_id=1185"},"modified":"2021-01-05T20:46:05","modified_gmt":"2021-01-05T23:46:05","slug":"emergencias-industriais","status":"publish","type":"page","link":"https:\/\/ambipar.com\/latam\/pt\/ambipar-response\/reposta-a-emergencias\/emergencias-industriais\/","title":{"rendered":"Emerg\u00eancias Industriais"},"content":{"rendered":"\n<p>A&nbsp;Ambipar \u00e9 especializada em emerg\u00eancias industriais, desenvolvendo solu\u00e7\u00f5es integradas e personalizadas aplicando o sistema ICS (Incident Comand System), regula\u00e7\u00f5es vigentes, politicas de QSMS, atendendo requisitos e SLA\u2019s (Acordo de N\u00edvel de Servi\u00e7o). Nossa resposta \u00e9 embasada nos tr\u00eas pilares: Preven\u00e7\u00e3o, Prepara\u00e7\u00e3o e Resposta com a\u00e7\u00f5es de desenvolvimento continuado, atuando em:<\/p>\n\n\n\n<ul><li>Problemas no processo produtivo<\/li><li>Inc\u00eandios e explos\u00f5es<\/li><li>Vazamento de produtos perigosos e poluentes<\/li><li>Limpeza industrial<\/li><li>Remedia\u00e7\u00e3o de solo<\/li><li>Demoli\u00e7\u00f5es<\/li><li>Descomissonamentos<\/li><li>Transbordo<\/li><li>Suporte t\u00e9cnico<\/li><li>Ofertamos m\u00e3o-de-obra, equipamentos e base dedicada<\/li><\/ul>\n\n\n\n<p>Veja tamb\u00e9m:<\/p>\n\n\n\n<ul id=\"block-73d64ca6-11bb-49fa-8ed0-b7a2e8b7df37\"><li><a href=\"https:\/\/ambipar.com\/latam\/ambipar-response\/reposta-a-emergencias\/atendimento-emergencial\/\">Atendimento Emergencial<\/a><\/li><li><a href=\"https:\/\/ambipar.com\/latam\/ambipar-response\/reposta-a-emergencias\/central-de-controle-e-gerenciamento-de-emergencias-cecoe\/\">Central de Controle e Gerenciamento de Emerg\u00eancias (CECOE)<\/a><\/li><li><a href=\"https:\/\/ambipar.com\/latam\/ambipar-response\/reposta-a-emergencias\/sistema-de-comando-de-incidentes-sci-sala-de-crises\/\">Sistema de Comando de Incidentes (SCI)<\/a><\/li><li><a href=\"https:\/\/ambipar.com\/latam\/ambipar-response\/reposta-a-emergencias\/emergencias-maritimo-e-fluvial-marine\/\">Emerg\u00eancias Mar\u00edtimo e Fluvial<\/a><\/li><li><a href=\"https:\/\/ambipar.com\/latam\/ambipar-response\/reposta-a-emergencias\/emergencias-rodoviarias\/\">Emerg\u00eancias Rodovi\u00e1rias<\/a><\/li><li><a href=\"https:\/\/ambipar.com\/latam\/ambipar-response\/reposta-a-emergencias\/emergencias-ferroviarias\/\">Emerg\u00eancias Ferrovi\u00e1rias<\/a><\/li><li><a href=\"https:\/\/ambipar.com\/latam\/ambipar-response\/reposta-a-emergencias\/emergencias-dutoviarias\/\">Emerg\u00eancias Dutovi\u00e1rias<\/a><\/li><li><a href=\"https:\/\/ambipar.com\/latam\/ambipar-response\/reposta-a-emergencias\/emergencias-aeroportuarias\/\">Emerg\u00eancias Aeroportu\u00e1rias<\/a><\/li><li><a href=\"https:\/\/ambipar.com\/latam\/ambipar-response\/reposta-a-emergencias\/emergencias-mineracao\/\">Emerg\u00eancias Minera\u00e7\u00e3o<\/a><\/li><\/ul>\n","protected":false},"excerpt":{"rendered":"A&nbsp;Ambipar \u00e9 especializada em emerg\u00eancias industriais, desenvolvendo solu\u00e7\u00f5es integradas e personalizadas aplicando o sistema ICS (Incident Comand System), regula\u00e7\u00f5es vigentes, politicas de QSMS, atendendo requisitos e SLA\u2019s (Acordo de N\u00edvel de Servi\u00e7o). Nossa resposta \u00e9 embasada nos tr\u00eas pilares: Preven\u00e7\u00e3o, Prepara\u00e7\u00e3o e Resposta com a\u00e7\u00f5es de desenvolvimento continuado, atuando em: Problemas no processo produtivo Inc\u00eandios&#8230; <a class=\"view-article\" href=\"https:\/\/ambipar.com\/latam\/pt\/ambipar-response\/reposta-a-emergencias\/emergencias-industriais\/\">Ver art\u00edculo<\/a>","protected":false},"author":2,"featured_media":1186,"parent":1145,"menu_order":0,"comment_status":"closed","ping_status":"closed","template":"single-servicos.php","meta":[],"yoast_head":"<!-- This site is optimized with the Yoast SEO plugin v17.6 - https:\/\/yoast.com\/wordpress\/plugins\/seo\/ -->\n<title>Conhe\u00e7a servi\u00e7os de Emerg\u00eancias Industriais oferecidos pela Ambipar<\/title>\n<meta name=\"description\" content=\"A Ambipar \u00e9 especializada em emerg\u00eancias industriais, desenvolvendo solu\u00e7\u00f5es integradas e personalizadas aplicando o sistema ICS\" \/>\n<meta name=\"robots\" content=\"index, follow, max-snippet:-1, max-image-preview:large, max-video-preview:-1\" \/>\n<link rel=\"canonical\" href=\"https:\/\/ambipar.com\/latam\/pt\/ambipar-response\/reposta-a-emergencias\/emergencias-industriais\/\" \/>\n<meta property=\"og:locale\" content=\"es_ES\" \/>\n<meta property=\"og:type\" content=\"article\" \/>\n<meta property=\"og:title\" content=\"Conhe\u00e7a servi\u00e7os de Emerg\u00eancias Industriais oferecidos pela Ambipar\" \/>\n<meta property=\"og:description\" content=\"A Ambipar \u00e9 especializada em emerg\u00eancias industriais, desenvolvendo solu\u00e7\u00f5es integradas e personalizadas aplicando o sistema ICS\" \/>\n<meta property=\"og:url\" content=\"https:\/\/ambipar.com\/latam\/pt\/ambipar-response\/reposta-a-emergencias\/emergencias-industriais\/\" \/>\n<meta property=\"og:site_name\" content=\"Ambipar. A l\u00edder em gest\u00e3o ambiental.\" \/>\n<meta property=\"article:modified_time\" content=\"2021-01-05T23:46:05+00:00\" \/>\n<meta property=\"og:image\" content=\"https:\/\/ambipar.com\/latam\/wp-content\/uploads\/2020\/11\/industrial.jpg\" \/>\n\t<meta property=\"og:image:width\" content=\"1000\" \/>\n\t<meta property=\"og:image:height\" content=\"1000\" \/>\n<meta name=\"twitter:card\" content=\"summary_large_image\" \/>\n<meta name=\"twitter:label1\" content=\"Est. reading time\" \/>\n\t<meta name=\"twitter:data1\" content=\"1 minuto\" \/>\n<script type=\"application\/ld+json\" class=\"yoast-schema-graph\">{\"@context\":\"https:\/\/schema.org\",\"@graph\":[{\"@type\":\"Organization\",\"@id\":\"https:\/\/ambipar.com\/latam\/#organization\",\"name\":\"Ambipar\",\"url\":\"https:\/\/ambipar.com\/latam\/\",\"sameAs\":[],\"logo\":{\"@type\":\"ImageObject\",\"@id\":\"https:\/\/ambipar.com\/latam\/#logo\",\"inLanguage\":\"es-CL\",\"url\":\"https:\/\/ambipar.com\/latam\/wp-content\/uploads\/2020\/10\/ambipar_color.png\",\"contentUrl\":\"https:\/\/ambipar.com\/latam\/wp-content\/uploads\/2020\/10\/ambipar_color.png\",\"width\":174,\"height\":107,\"caption\":\"Ambipar\"},\"image\":{\"@id\":\"https:\/\/ambipar.com\/latam\/#logo\"}},{\"@type\":\"WebSite\",\"@id\":\"https:\/\/ambipar.com\/latam\/#website\",\"url\":\"https:\/\/ambipar.com\/latam\/\",\"name\":\"Ambipar. A l\\u00edder em gest\\u00e3o ambiental.\",\"description\":\"Pioneira em solu\\u00e7\\u00f5es ambientais, a Ambipar atua em todo o territ\\u00f3rio nacional oferecendo solu\\u00e7\\u00f5es integradas para toda a cadeia de neg\\u00f3cio.\",\"publisher\":{\"@id\":\"https:\/\/ambipar.com\/latam\/#organization\"},\"potentialAction\":[{\"@type\":\"SearchAction\",\"target\":{\"@type\":\"EntryPoint\",\"urlTemplate\":\"https:\/\/ambipar.com\/latam\/?s={search_term_string}\"},\"query-input\":\"required name=search_term_string\"}],\"inLanguage\":\"es-CL\"},{\"@type\":\"ImageObject\",\"@id\":\"https:\/\/ambipar.com\/latam\/pt\/ambipar-response\/reposta-a-emergencias\/emergencias-industriais\/#primaryimage\",\"inLanguage\":\"es-CL\",\"url\":\"https:\/\/ambipar.com\/latam\/wp-content\/uploads\/2020\/11\/industrial.jpg\",\"contentUrl\":\"https:\/\/ambipar.com\/latam\/wp-content\/uploads\/2020\/11\/industrial.jpg\",\"width\":1000,\"height\":1000,\"caption\":\"industrial\"},{\"@type\":\"WebPage\",\"@id\":\"https:\/\/ambipar.com\/latam\/pt\/ambipar-response\/reposta-a-emergencias\/emergencias-industriais\/#webpage\",\"url\":\"https:\/\/ambipar.com\/latam\/pt\/ambipar-response\/reposta-a-emergencias\/emergencias-industriais\/\",\"name\":\"Conhe\\u00e7a servi\\u00e7os de Emerg\\u00eancias Industriais oferecidos pela Ambipar\",\"isPartOf\":{\"@id\":\"https:\/\/ambipar.com\/latam\/#website\"},\"primaryImageOfPage\":{\"@id\":\"https:\/\/ambipar.com\/latam\/pt\/ambipar-response\/reposta-a-emergencias\/emergencias-industriais\/#primaryimage\"},\"datePublished\":\"2020-10-31T02:59:00+00:00\",\"dateModified\":\"2021-01-05T23:46:05+00:00\",\"description\":\"A Ambipar \\u00e9 especializada em emerg\\u00eancias industriais, desenvolvendo solu\\u00e7\\u00f5es integradas e personalizadas aplicando o sistema ICS\",\"breadcrumb\":{\"@id\":\"https:\/\/ambipar.com\/latam\/pt\/ambipar-response\/reposta-a-emergencias\/emergencias-industriais\/#breadcrumb\"},\"inLanguage\":\"es-CL\",\"potentialAction\":[{\"@type\":\"ReadAction\",\"target\":[\"https:\/\/ambipar.com\/latam\/pt\/ambipar-response\/reposta-a-emergencias\/emergencias-industriais\/\"]}]},{\"@type\":\"BreadcrumbList\",\"@id\":\"https:\/\/ambipar.com\/latam\/pt\/ambipar-response\/reposta-a-emergencias\/emergencias-industriais\/#breadcrumb\",\"itemListElement\":[{\"@type\":\"ListItem\",\"position\":1,\"name\":\"Home\",\"item\":\"https:\/\/ambipar.com\/latam\/\"},{\"@type\":\"ListItem\",\"position\":2,\"name\":\"Ambipar Response\",\"item\":\"https:\/\/ambipar.com\/latam\/pt\/ambipar-response\/\"},{\"@type\":\"ListItem\",\"position\":3,\"name\":\"Resposta a Emerg\\u00eancias\",\"item\":\"https:\/\/ambipar.com\/latam\/pt\/ambipar-response\/reposta-a-emergencias\/\"},{\"@type\":\"ListItem\",\"position\":4,\"name\":\"Emerg\\u00eancias Industriais\"}]}]}<\/script>\n<!-- \/ Yoast SEO plugin. -->","yoast_head_json":{"title":"Conhe\u00e7a servi\u00e7os de Emerg\u00eancias Industriais oferecidos pela Ambipar","description":"A Ambipar \u00e9 especializada em emerg\u00eancias industriais, desenvolvendo solu\u00e7\u00f5es integradas e personalizadas aplicando o sistema ICS","robots":{"index":"index","follow":"follow","max-snippet":"max-snippet:-1","max-image-preview":"max-image-preview:large","max-video-preview":"max-video-preview:-1"},"canonical":"https:\/\/ambipar.com\/latam\/pt\/ambipar-response\/reposta-a-emergencias\/emergencias-industriais\/","og_locale":"es_ES","og_type":"article","og_title":"Conhe\u00e7a servi\u00e7os de Emerg\u00eancias Industriais oferecidos pela Ambipar","og_description":"A Ambipar \u00e9 especializada em emerg\u00eancias industriais, desenvolvendo solu\u00e7\u00f5es integradas e personalizadas aplicando o sistema ICS","og_url":"https:\/\/ambipar.com\/latam\/pt\/ambipar-response\/reposta-a-emergencias\/emergencias-industriais\/","og_site_name":"Ambipar. A l\u00edder em gest\u00e3o ambiental.","article_modified_time":"2021-01-05T23:46:05+00:00","og_image":[{"width":1000,"height":1000,"url":"https:\/\/ambipar.com\/latam\/wp-content\/uploads\/2020\/11\/industrial.jpg","type":"image\/jpeg"}],"twitter_card":"summary_large_image","twitter_misc":{"Est. reading time":"1 minuto"},"schema":{"@context":"https:\/\/schema.org","@graph":[{"@type":"Organization","@id":"https:\/\/ambipar.com\/latam\/#organization","name":"Ambipar","url":"https:\/\/ambipar.com\/latam\/","sameAs":[],"logo":{"@type":"ImageObject","@id":"https:\/\/ambipar.com\/latam\/#logo","inLanguage":"es-CL","url":"https:\/\/ambipar.com\/latam\/wp-content\/uploads\/2020\/10\/ambipar_color.png","contentUrl":"https:\/\/ambipar.com\/latam\/wp-content\/uploads\/2020\/10\/ambipar_color.png","width":174,"height":107,"caption":"Ambipar"},"image":{"@id":"https:\/\/ambipar.com\/latam\/#logo"}},{"@type":"WebSite","@id":"https:\/\/ambipar.com\/latam\/#website","url":"https:\/\/ambipar.com\/latam\/","name":"Ambipar. A l\u00edder em gest\u00e3o ambiental.","description":"Pioneira em solu\u00e7\u00f5es ambientais, a Ambipar atua em todo o territ\u00f3rio nacional oferecendo solu\u00e7\u00f5es integradas para toda a cadeia de neg\u00f3cio.","publisher":{"@id":"https:\/\/ambipar.com\/latam\/#organization"},"potentialAction":[{"@type":"SearchAction","target":{"@type":"EntryPoint","urlTemplate":"https:\/\/ambipar.com\/latam\/?s={search_term_string}"},"query-input":"required name=search_term_string"}],"inLanguage":"es-CL"},{"@type":"ImageObject","@id":"https:\/\/ambipar.com\/latam\/pt\/ambipar-response\/reposta-a-emergencias\/emergencias-industriais\/#primaryimage","inLanguage":"es-CL","url":"https:\/\/ambipar.com\/latam\/wp-content\/uploads\/2020\/11\/industrial.jpg","contentUrl":"https:\/\/ambipar.com\/latam\/wp-content\/uploads\/2020\/11\/industrial.jpg","width":1000,"height":1000,"caption":"industrial"},{"@type":"WebPage","@id":"https:\/\/ambipar.com\/latam\/pt\/ambipar-response\/reposta-a-emergencias\/emergencias-industriais\/#webpage","url":"https:\/\/ambipar.com\/latam\/pt\/ambipar-response\/reposta-a-emergencias\/emergencias-industriais\/","name":"Conhe\u00e7a servi\u00e7os de Emerg\u00eancias Industriais oferecidos pela Ambipar","isPartOf":{"@id":"https:\/\/ambipar.com\/latam\/#website"},"primaryImageOfPage":{"@id":"https:\/\/ambipar.com\/latam\/pt\/ambipar-response\/reposta-a-emergencias\/emergencias-industriais\/#primaryimage"},"datePublished":"2020-10-31T02:59:00+00:00","dateModified":"2021-01-05T23:46:05+00:00","description":"A Ambipar \u00e9 especializada em emerg\u00eancias industriais, desenvolvendo solu\u00e7\u00f5es integradas e personalizadas aplicando o sistema ICS","breadcrumb":{"@id":"https:\/\/ambipar.com\/latam\/pt\/ambipar-response\/reposta-a-emergencias\/emergencias-industriais\/#breadcrumb"},"inLanguage":"es-CL","potentialAction":[{"@type":"ReadAction","target":["https:\/\/ambipar.com\/latam\/pt\/ambipar-response\/reposta-a-emergencias\/emergencias-industriais\/"]}]},{"@type":"BreadcrumbList","@id":"https:\/\/ambipar.com\/latam\/pt\/ambipar-response\/reposta-a-emergencias\/emergencias-industriais\/#breadcrumb","itemListElement":[{"@type":"ListItem","position":1,"name":"Home","item":"https:\/\/ambipar.com\/latam\/"},{"@type":"ListItem","position":2,"name":"Ambipar Response","item":"https:\/\/ambipar.com\/latam\/pt\/ambipar-response\/"},{"@type":"ListItem","position":3,"name":"Resposta a Emerg\u00eancias","item":"https:\/\/ambipar.com\/latam\/pt\/ambipar-response\/reposta-a-emergencias\/"},{"@type":"ListItem","position":4,"name":"Emerg\u00eancias Industriais"}]}]}},"_links":{"self":[{"href":"https:\/\/ambipar.com\/latam\/wp-json\/wp\/v2\/pages\/1185"}],"collection":[{"href":"https:\/\/ambipar.com\/latam\/wp-json\/wp\/v2\/pages"}],"about":[{"href":"https:\/\/ambipar.com\/latam\/wp-json\/wp\/v2\/types\/page"}],"author":[{"embeddable":true,"href":"https:\/\/ambipar.com\/latam\/wp-json\/wp\/v2\/users\/2"}],"replies":[{"embeddable":true,"href":"https:\/\/ambipar.com\/latam\/wp-json\/wp\/v2\/comments?post=1185"}],"version-history":[{"count":3,"href":"https:\/\/ambipar.com\/latam\/wp-json\/wp\/v2\/pages\/1185\/revisions"}],"predecessor-version":[{"id":2001,"href":"https:\/\/ambipar.com\/latam\/wp-json\/wp\/v2\/pages\/1185\/revisions\/2001"}],"up":[{"embeddable":true,"href":"https:\/\/ambipar.com\/latam\/wp-json\/wp\/v2\/pages\/1145"}],"wp:featuredmedia":[{"embeddable":true,"href":"https:\/\/ambipar.com\/latam\/wp-json\/wp\/v2\/media\/1186"}],"wp:attachment":[{"href":"https:\/\/ambipar.com\/latam\/wp-json\/wp\/v2\/media?parent=1185"}],"curies":[{"name":"wp","href":"https:\/\/api.w.org\/{rel}","templated":true}]}}