{"id":1212,"date":"2020-10-31T09:39:00","date_gmt":"2020-10-31T12:39:00","guid":{"rendered":"https:\/\/ambipar.com\/latam\/?page_id=1212"},"modified":"2021-01-05T20:51:43","modified_gmt":"2021-01-05T23:51:43","slug":"limpeza-de-silos","status":"publish","type":"page","link":"https:\/\/ambipar.com\/latam\/pt\/ambipar-response\/servicos-industriais\/limpeza-de-silos\/","title":{"rendered":"Limpeza de Silos"},"content":{"rendered":"\n<p>Modernos equipamentos com tecnologia agregada para a realiza\u00e7\u00e3o de servi\u00e7os de limpeza de silos, mecanizada ou manual (acesso por cordas &#8211; Industrial&nbsp;Rope Access&nbsp;Trade Association (IRATA).<\/p>\n\n\n\n<p>Equipamentos para extra\u00e7\u00e3o de material industrial endurecido (esc\u00f3ria, cl\u00ednquer, cimento, cal, calc\u00e1rio, cereais-gr\u00e3os, farinha, etc.).<\/p>\n\n\n\n<p>Remove por tritura\u00e7\u00e3o o material agregado nas paredes interiores do silo atrav\u00e9s de Rotor (motor Hidr\u00e1ulico de alta rota\u00e7\u00e3o com ferramentas adequadas para cada tipo de material) e Perfuratriz Hidr\u00e1ulica (Equipamento para desobstru\u00e7\u00e3o de Silo quando material est\u00e1 em forma de laje no interior do silo).<\/p>\n\n\n\n<p>Veja tamb\u00e9m:<\/p>\n\n\n\n<ul id=\"block-bd2656e2-3d59-4434-92a1-3c613661fa14\"><li><a href=\"https:\/\/ambipar.com\/latam\/ambipar-response\/servicos-industriais\/limpeza-manual-e-espacos-confinados\/\">Limpeza Manual e Espa\u00e7os Confinados<\/a><\/li><li><a href=\"https:\/\/ambipar.com\/latam\/ambipar-response\/servicos-industriais\/portos-e-offshore\/\">Portos e Offshore<\/a><\/li><li><a href=\"https:\/\/ambipar.com\/latam\/ambipar-response\/servicos-industriais\/transferencia-entre-tanques\/\">Transfer\u00eancia entre Tanques<\/a><\/li><li><a href=\"https:\/\/ambipar.com\/latam\/ambipar-response\/servicos-industriais\/descomissionamento\/\">Descomissionamento<\/a><\/li><li><a href=\"https:\/\/ambipar.com\/latam\/ambipar-response\/servicos-industriais\/demolicao-de-areas-degradadas\/\">Demoli\u00e7\u00e3o de \u00c1reas Degradadas<\/a><\/li><li><a href=\"https:\/\/ambipar.com\/latam\/ambipar-response\/servicos-industriais\/remediacao-de-solo\/\">Remedia\u00e7\u00e3o de Solo<\/a><\/li><\/ul>\n","protected":false},"excerpt":{"rendered":"Modernos equipamentos com tecnologia agregada para a realiza\u00e7\u00e3o de servi\u00e7os de limpeza de silos, mecanizada ou manual (acesso por cordas &#8211; Industrial&nbsp;Rope Access&nbsp;Trade Association (IRATA). Equipamentos para extra\u00e7\u00e3o de material industrial endurecido (esc\u00f3ria, cl\u00ednquer, cimento, cal, calc\u00e1rio, cereais-gr\u00e3os, farinha, etc.). Remove por tritura\u00e7\u00e3o o material agregado nas paredes interiores do silo atrav\u00e9s de Rotor (motor&#8230; <a class=\"view-article\" href=\"https:\/\/ambipar.com\/latam\/pt\/ambipar-response\/servicos-industriais\/limpeza-de-silos\/\">Ver art\u00edculo<\/a>","protected":false},"author":2,"featured_media":1213,"parent":1210,"menu_order":0,"comment_status":"closed","ping_status":"closed","template":"single-servicos.php","meta":[],"yoast_head":"<!-- This site is optimized with the Yoast SEO plugin v17.6 - https:\/\/yoast.com\/wordpress\/plugins\/seo\/ -->\n<title>Conhe\u00e7a o servi\u00e7o de Limpeza de Silos oferecido pela Ambipar<\/title>\n<meta name=\"description\" content=\"Modernos equipamentos com tecnologia agregada para a realiza\u00e7\u00e3o de servi\u00e7os de limpeza de silos, mecanizada ou manual\" \/>\n<meta name=\"robots\" content=\"index, follow, max-snippet:-1, max-image-preview:large, max-video-preview:-1\" \/>\n<link rel=\"canonical\" href=\"https:\/\/ambipar.com\/latam\/pt\/ambipar-response\/servicos-industriais\/limpeza-de-silos\/\" \/>\n<meta property=\"og:locale\" content=\"es_ES\" \/>\n<meta property=\"og:type\" content=\"article\" \/>\n<meta property=\"og:title\" content=\"Conhe\u00e7a o servi\u00e7o de Limpeza de Silos oferecido pela Ambipar\" \/>\n<meta property=\"og:description\" content=\"Modernos equipamentos com tecnologia agregada para a realiza\u00e7\u00e3o de servi\u00e7os de limpeza de silos, mecanizada ou manual\" \/>\n<meta property=\"og:url\" content=\"https:\/\/ambipar.com\/latam\/pt\/ambipar-response\/servicos-industriais\/limpeza-de-silos\/\" \/>\n<meta property=\"og:site_name\" content=\"Ambipar. A l\u00edder em gest\u00e3o ambiental.\" \/>\n<meta property=\"article:modified_time\" content=\"2021-01-05T23:51:43+00:00\" \/>\n<meta property=\"og:image\" content=\"https:\/\/ambipar.com\/latam\/wp-content\/uploads\/2020\/11\/silos.jpg\" \/>\n\t<meta property=\"og:image:width\" content=\"1000\" \/>\n\t<meta property=\"og:image:height\" content=\"1000\" \/>\n<meta name=\"twitter:card\" content=\"summary_large_image\" \/>\n<meta name=\"twitter:label1\" content=\"Est. reading time\" \/>\n\t<meta name=\"twitter:data1\" content=\"1 minuto\" \/>\n<script type=\"application\/ld+json\" class=\"yoast-schema-graph\">{\"@context\":\"https:\/\/schema.org\",\"@graph\":[{\"@type\":\"Organization\",\"@id\":\"https:\/\/ambipar.com\/latam\/#organization\",\"name\":\"Ambipar\",\"url\":\"https:\/\/ambipar.com\/latam\/\",\"sameAs\":[],\"logo\":{\"@type\":\"ImageObject\",\"@id\":\"https:\/\/ambipar.com\/latam\/#logo\",\"inLanguage\":\"es-CL\",\"url\":\"https:\/\/ambipar.com\/latam\/wp-content\/uploads\/2020\/10\/ambipar_color.png\",\"contentUrl\":\"https:\/\/ambipar.com\/latam\/wp-content\/uploads\/2020\/10\/ambipar_color.png\",\"width\":174,\"height\":107,\"caption\":\"Ambipar\"},\"image\":{\"@id\":\"https:\/\/ambipar.com\/latam\/#logo\"}},{\"@type\":\"WebSite\",\"@id\":\"https:\/\/ambipar.com\/latam\/#website\",\"url\":\"https:\/\/ambipar.com\/latam\/\",\"name\":\"Ambipar. A l\\u00edder em gest\\u00e3o ambiental.\",\"description\":\"Pioneira em solu\\u00e7\\u00f5es ambientais, a Ambipar atua em todo o territ\\u00f3rio nacional oferecendo solu\\u00e7\\u00f5es integradas para toda a cadeia de neg\\u00f3cio.\",\"publisher\":{\"@id\":\"https:\/\/ambipar.com\/latam\/#organization\"},\"potentialAction\":[{\"@type\":\"SearchAction\",\"target\":{\"@type\":\"EntryPoint\",\"urlTemplate\":\"https:\/\/ambipar.com\/latam\/?s={search_term_string}\"},\"query-input\":\"required name=search_term_string\"}],\"inLanguage\":\"es-CL\"},{\"@type\":\"ImageObject\",\"@id\":\"https:\/\/ambipar.com\/latam\/pt\/ambipar-response\/servicos-industriais\/limpeza-de-silos\/#primaryimage\",\"inLanguage\":\"es-CL\",\"url\":\"https:\/\/ambipar.com\/latam\/wp-content\/uploads\/2020\/11\/silos.jpg\",\"contentUrl\":\"https:\/\/ambipar.com\/latam\/wp-content\/uploads\/2020\/11\/silos.jpg\",\"width\":1000,\"height\":1000,\"caption\":\"silos\"},{\"@type\":\"WebPage\",\"@id\":\"https:\/\/ambipar.com\/latam\/pt\/ambipar-response\/servicos-industriais\/limpeza-de-silos\/#webpage\",\"url\":\"https:\/\/ambipar.com\/latam\/pt\/ambipar-response\/servicos-industriais\/limpeza-de-silos\/\",\"name\":\"Conhe\\u00e7a o servi\\u00e7o de Limpeza de Silos oferecido pela Ambipar\",\"isPartOf\":{\"@id\":\"https:\/\/ambipar.com\/latam\/#website\"},\"primaryImageOfPage\":{\"@id\":\"https:\/\/ambipar.com\/latam\/pt\/ambipar-response\/servicos-industriais\/limpeza-de-silos\/#primaryimage\"},\"datePublished\":\"2020-10-31T12:39:00+00:00\",\"dateModified\":\"2021-01-05T23:51:43+00:00\",\"description\":\"Modernos equipamentos com tecnologia agregada para a realiza\\u00e7\\u00e3o de servi\\u00e7os de limpeza de silos, mecanizada ou manual\",\"breadcrumb\":{\"@id\":\"https:\/\/ambipar.com\/latam\/pt\/ambipar-response\/servicos-industriais\/limpeza-de-silos\/#breadcrumb\"},\"inLanguage\":\"es-CL\",\"potentialAction\":[{\"@type\":\"ReadAction\",\"target\":[\"https:\/\/ambipar.com\/latam\/pt\/ambipar-response\/servicos-industriais\/limpeza-de-silos\/\"]}]},{\"@type\":\"BreadcrumbList\",\"@id\":\"https:\/\/ambipar.com\/latam\/pt\/ambipar-response\/servicos-industriais\/limpeza-de-silos\/#breadcrumb\",\"itemListElement\":[{\"@type\":\"ListItem\",\"position\":1,\"name\":\"Home\",\"item\":\"https:\/\/ambipar.com\/latam\/\"},{\"@type\":\"ListItem\",\"position\":2,\"name\":\"Ambipar Response\",\"item\":\"https:\/\/ambipar.com\/latam\/pt\/ambipar-response\/\"},{\"@type\":\"ListItem\",\"position\":3,\"name\":\"Servi\\u00e7os Industriais\",\"item\":\"https:\/\/ambipar.com\/latam\/pt\/ambipar-response\/servicos-industriais\/\"},{\"@type\":\"ListItem\",\"position\":4,\"name\":\"Limpeza de Silos\"}]}]}<\/script>\n<!-- \/ Yoast SEO plugin. -->","yoast_head_json":{"title":"Conhe\u00e7a o servi\u00e7o de Limpeza de Silos oferecido pela Ambipar","description":"Modernos equipamentos com tecnologia agregada para a realiza\u00e7\u00e3o de servi\u00e7os de limpeza de silos, mecanizada ou manual","robots":{"index":"index","follow":"follow","max-snippet":"max-snippet:-1","max-image-preview":"max-image-preview:large","max-video-preview":"max-video-preview:-1"},"canonical":"https:\/\/ambipar.com\/latam\/pt\/ambipar-response\/servicos-industriais\/limpeza-de-silos\/","og_locale":"es_ES","og_type":"article","og_title":"Conhe\u00e7a o servi\u00e7o de Limpeza de Silos oferecido pela Ambipar","og_description":"Modernos equipamentos com tecnologia agregada para a realiza\u00e7\u00e3o de servi\u00e7os de limpeza de silos, mecanizada ou manual","og_url":"https:\/\/ambipar.com\/latam\/pt\/ambipar-response\/servicos-industriais\/limpeza-de-silos\/","og_site_name":"Ambipar. A l\u00edder em gest\u00e3o ambiental.","article_modified_time":"2021-01-05T23:51:43+00:00","og_image":[{"width":1000,"height":1000,"url":"https:\/\/ambipar.com\/latam\/wp-content\/uploads\/2020\/11\/silos.jpg","type":"image\/jpeg"}],"twitter_card":"summary_large_image","twitter_misc":{"Est. reading time":"1 minuto"},"schema":{"@context":"https:\/\/schema.org","@graph":[{"@type":"Organization","@id":"https:\/\/ambipar.com\/latam\/#organization","name":"Ambipar","url":"https:\/\/ambipar.com\/latam\/","sameAs":[],"logo":{"@type":"ImageObject","@id":"https:\/\/ambipar.com\/latam\/#logo","inLanguage":"es-CL","url":"https:\/\/ambipar.com\/latam\/wp-content\/uploads\/2020\/10\/ambipar_color.png","contentUrl":"https:\/\/ambipar.com\/latam\/wp-content\/uploads\/2020\/10\/ambipar_color.png","width":174,"height":107,"caption":"Ambipar"},"image":{"@id":"https:\/\/ambipar.com\/latam\/#logo"}},{"@type":"WebSite","@id":"https:\/\/ambipar.com\/latam\/#website","url":"https:\/\/ambipar.com\/latam\/","name":"Ambipar. A l\u00edder em gest\u00e3o ambiental.","description":"Pioneira em solu\u00e7\u00f5es ambientais, a Ambipar atua em todo o territ\u00f3rio nacional oferecendo solu\u00e7\u00f5es integradas para toda a cadeia de neg\u00f3cio.","publisher":{"@id":"https:\/\/ambipar.com\/latam\/#organization"},"potentialAction":[{"@type":"SearchAction","target":{"@type":"EntryPoint","urlTemplate":"https:\/\/ambipar.com\/latam\/?s={search_term_string}"},"query-input":"required name=search_term_string"}],"inLanguage":"es-CL"},{"@type":"ImageObject","@id":"https:\/\/ambipar.com\/latam\/pt\/ambipar-response\/servicos-industriais\/limpeza-de-silos\/#primaryimage","inLanguage":"es-CL","url":"https:\/\/ambipar.com\/latam\/wp-content\/uploads\/2020\/11\/silos.jpg","contentUrl":"https:\/\/ambipar.com\/latam\/wp-content\/uploads\/2020\/11\/silos.jpg","width":1000,"height":1000,"caption":"silos"},{"@type":"WebPage","@id":"https:\/\/ambipar.com\/latam\/pt\/ambipar-response\/servicos-industriais\/limpeza-de-silos\/#webpage","url":"https:\/\/ambipar.com\/latam\/pt\/ambipar-response\/servicos-industriais\/limpeza-de-silos\/","name":"Conhe\u00e7a o servi\u00e7o de Limpeza de Silos oferecido pela Ambipar","isPartOf":{"@id":"https:\/\/ambipar.com\/latam\/#website"},"primaryImageOfPage":{"@id":"https:\/\/ambipar.com\/latam\/pt\/ambipar-response\/servicos-industriais\/limpeza-de-silos\/#primaryimage"},"datePublished":"2020-10-31T12:39:00+00:00","dateModified":"2021-01-05T23:51:43+00:00","description":"Modernos equipamentos com tecnologia agregada para a realiza\u00e7\u00e3o de servi\u00e7os de limpeza de silos, mecanizada ou manual","breadcrumb":{"@id":"https:\/\/ambipar.com\/latam\/pt\/ambipar-response\/servicos-industriais\/limpeza-de-silos\/#breadcrumb"},"inLanguage":"es-CL","potentialAction":[{"@type":"ReadAction","target":["https:\/\/ambipar.com\/latam\/pt\/ambipar-response\/servicos-industriais\/limpeza-de-silos\/"]}]},{"@type":"BreadcrumbList","@id":"https:\/\/ambipar.com\/latam\/pt\/ambipar-response\/servicos-industriais\/limpeza-de-silos\/#breadcrumb","itemListElement":[{"@type":"ListItem","position":1,"name":"Home","item":"https:\/\/ambipar.com\/latam\/"},{"@type":"ListItem","position":2,"name":"Ambipar Response","item":"https:\/\/ambipar.com\/latam\/pt\/ambipar-response\/"},{"@type":"ListItem","position":3,"name":"Servi\u00e7os Industriais","item":"https:\/\/ambipar.com\/latam\/pt\/ambipar-response\/servicos-industriais\/"},{"@type":"ListItem","position":4,"name":"Limpeza de Silos"}]}]}},"_links":{"self":[{"href":"https:\/\/ambipar.com\/latam\/wp-json\/wp\/v2\/pages\/1212"}],"collection":[{"href":"https:\/\/ambipar.com\/latam\/wp-json\/wp\/v2\/pages"}],"about":[{"href":"https:\/\/ambipar.com\/latam\/wp-json\/wp\/v2\/types\/page"}],"author":[{"embeddable":true,"href":"https:\/\/ambipar.com\/latam\/wp-json\/wp\/v2\/users\/2"}],"replies":[{"embeddable":true,"href":"https:\/\/ambipar.com\/latam\/wp-json\/wp\/v2\/comments?post=1212"}],"version-history":[{"count":2,"href":"https:\/\/ambipar.com\/latam\/wp-json\/wp\/v2\/pages\/1212\/revisions"}],"predecessor-version":[{"id":1244,"href":"https:\/\/ambipar.com\/latam\/wp-json\/wp\/v2\/pages\/1212\/revisions\/1244"}],"up":[{"embeddable":true,"href":"https:\/\/ambipar.com\/latam\/wp-json\/wp\/v2\/pages\/1210"}],"wp:featuredmedia":[{"embeddable":true,"href":"https:\/\/ambipar.com\/latam\/wp-json\/wp\/v2\/media\/1213"}],"wp:attachment":[{"href":"https:\/\/ambipar.com\/latam\/wp-json\/wp\/v2\/media?parent=1212"}],"curies":[{"name":"wp","href":"https:\/\/api.w.org\/{rel}","templated":true}]}}