{"id":1232,"date":"2020-10-31T10:24:00","date_gmt":"2020-10-31T13:24:00","guid":{"rendered":"https:\/\/ambipar.com\/latam\/?page_id=1232"},"modified":"2021-01-05T20:49:57","modified_gmt":"2021-01-05T23:49:57","slug":"demolicao-de-areas-degradadas","status":"publish","type":"page","link":"https:\/\/ambipar.com\/latam\/pt\/ambipar-response\/servicos-industriais\/demolicao-de-areas-degradadas\/","title":{"rendered":"Demoli\u00e7\u00e3o de \u00c1reas Degradadas"},"content":{"rendered":"\n<p>Ap\u00f3s um local sofrer impactos e degrada\u00e7\u00e3o, a equipe da Ambipar atua com excel\u00eancia na demoli\u00e7\u00e3o total da \u00e1rea, recuperando o ambiente da melhor forma poss\u00edvel.<\/p>\n\n\n\n<p>Veja tamb\u00e9m:<\/p>\n\n\n\n<ul id=\"block-bd2656e2-3d59-4434-92a1-3c613661fa14\"><li><a href=\"https:\/\/ambipar.com\/latam\/ambipar-response\/servicos-industriais\/limpeza-de-silos\/\">Limpeza de Silos<\/a><\/li><li><a href=\"https:\/\/ambipar.com\/latam\/ambipar-response\/servicos-industriais\/limpeza-manual-e-espacos-confinados\/\">Limpeza Manual e Espa\u00e7os Confinados<\/a><\/li><li><a href=\"https:\/\/ambipar.com\/latam\/ambipar-response\/servicos-industriais\/portos-e-offshore\/\">Portos e Offshore<\/a><\/li><li><a href=\"https:\/\/ambipar.com\/latam\/ambipar-response\/servicos-industriais\/transferencia-entre-tanques\/\">Transfer\u00eancia entre Tanques<\/a><\/li><li><a href=\"https:\/\/ambipar.com\/latam\/ambipar-response\/servicos-industriais\/descomissionamento\/\">Descomissionamento<\/a><\/li><li><a href=\"https:\/\/ambipar.com\/latam\/ambipar-response\/servicos-industriais\/remediacao-de-solo\/\">Remedia\u00e7\u00e3o de Solo<\/a><\/li><\/ul>\n","protected":false},"excerpt":{"rendered":"Ap\u00f3s um local sofrer impactos e degrada\u00e7\u00e3o, a equipe da Ambipar atua com excel\u00eancia na demoli\u00e7\u00e3o total da \u00e1rea, recuperando o ambiente da melhor forma poss\u00edvel. Veja tamb\u00e9m: Limpeza de Silos Limpeza Manual e Espa\u00e7os Confinados Portos e Offshore Transfer\u00eancia entre Tanques Descomissionamento Remedia\u00e7\u00e3o de Solo","protected":false},"author":2,"featured_media":1233,"parent":1210,"menu_order":0,"comment_status":"closed","ping_status":"closed","template":"single-servicos.php","meta":[],"yoast_head":"<!-- This site is optimized with the Yoast SEO plugin v17.6 - https:\/\/yoast.com\/wordpress\/plugins\/seo\/ -->\n<title>Conhe\u00e7a o servi\u00e7o de Demoli\u00e7\u00e3o de \u00c1reas Degradadas da Ambipar<\/title>\n<meta name=\"description\" content=\"Ap\u00f3s um local sofrer impactos e degrada\u00e7\u00e3o, a equipe da Ambipar atua com excel\u00eancia na demoli\u00e7\u00e3o total da \u00e1rea, recuperando o ambiente\" \/>\n<meta name=\"robots\" content=\"index, follow, max-snippet:-1, max-image-preview:large, max-video-preview:-1\" \/>\n<link rel=\"canonical\" href=\"https:\/\/ambipar.com\/latam\/pt\/ambipar-response\/servicos-industriais\/demolicao-de-areas-degradadas\/\" \/>\n<meta property=\"og:locale\" content=\"es_ES\" \/>\n<meta property=\"og:type\" content=\"article\" \/>\n<meta property=\"og:title\" content=\"Conhe\u00e7a o servi\u00e7o de Demoli\u00e7\u00e3o de \u00c1reas Degradadas da Ambipar\" \/>\n<meta property=\"og:description\" content=\"Ap\u00f3s um local sofrer impactos e degrada\u00e7\u00e3o, a equipe da Ambipar atua com excel\u00eancia na demoli\u00e7\u00e3o total da \u00e1rea, recuperando o ambiente\" \/>\n<meta property=\"og:url\" content=\"https:\/\/ambipar.com\/latam\/pt\/ambipar-response\/servicos-industriais\/demolicao-de-areas-degradadas\/\" \/>\n<meta property=\"og:site_name\" content=\"Ambipar. A l\u00edder em gest\u00e3o ambiental.\" \/>\n<meta property=\"article:modified_time\" content=\"2021-01-05T23:49:57+00:00\" \/>\n<meta property=\"og:image\" content=\"https:\/\/ambipar.com\/latam\/wp-content\/uploads\/2020\/11\/demolicao.jpg\" \/>\n\t<meta property=\"og:image:width\" content=\"1000\" \/>\n\t<meta property=\"og:image:height\" content=\"1000\" \/>\n<meta name=\"twitter:card\" content=\"summary_large_image\" \/>\n<script type=\"application\/ld+json\" class=\"yoast-schema-graph\">{\"@context\":\"https:\/\/schema.org\",\"@graph\":[{\"@type\":\"Organization\",\"@id\":\"https:\/\/ambipar.com\/latam\/#organization\",\"name\":\"Ambipar\",\"url\":\"https:\/\/ambipar.com\/latam\/\",\"sameAs\":[],\"logo\":{\"@type\":\"ImageObject\",\"@id\":\"https:\/\/ambipar.com\/latam\/#logo\",\"inLanguage\":\"es-CL\",\"url\":\"https:\/\/ambipar.com\/latam\/wp-content\/uploads\/2020\/10\/ambipar_color.png\",\"contentUrl\":\"https:\/\/ambipar.com\/latam\/wp-content\/uploads\/2020\/10\/ambipar_color.png\",\"width\":174,\"height\":107,\"caption\":\"Ambipar\"},\"image\":{\"@id\":\"https:\/\/ambipar.com\/latam\/#logo\"}},{\"@type\":\"WebSite\",\"@id\":\"https:\/\/ambipar.com\/latam\/#website\",\"url\":\"https:\/\/ambipar.com\/latam\/\",\"name\":\"Ambipar. A l\\u00edder em gest\\u00e3o ambiental.\",\"description\":\"Pioneira em solu\\u00e7\\u00f5es ambientais, a Ambipar atua em todo o territ\\u00f3rio nacional oferecendo solu\\u00e7\\u00f5es integradas para toda a cadeia de neg\\u00f3cio.\",\"publisher\":{\"@id\":\"https:\/\/ambipar.com\/latam\/#organization\"},\"potentialAction\":[{\"@type\":\"SearchAction\",\"target\":{\"@type\":\"EntryPoint\",\"urlTemplate\":\"https:\/\/ambipar.com\/latam\/?s={search_term_string}\"},\"query-input\":\"required name=search_term_string\"}],\"inLanguage\":\"es-CL\"},{\"@type\":\"ImageObject\",\"@id\":\"https:\/\/ambipar.com\/latam\/pt\/ambipar-response\/servicos-industriais\/demolicao-de-areas-degradadas\/#primaryimage\",\"inLanguage\":\"es-CL\",\"url\":\"https:\/\/ambipar.com\/latam\/wp-content\/uploads\/2020\/11\/demolicao.jpg\",\"contentUrl\":\"https:\/\/ambipar.com\/latam\/wp-content\/uploads\/2020\/11\/demolicao.jpg\",\"width\":1000,\"height\":1000,\"caption\":\"demoli\\u00e7\\u00e3o\"},{\"@type\":\"WebPage\",\"@id\":\"https:\/\/ambipar.com\/latam\/pt\/ambipar-response\/servicos-industriais\/demolicao-de-areas-degradadas\/#webpage\",\"url\":\"https:\/\/ambipar.com\/latam\/pt\/ambipar-response\/servicos-industriais\/demolicao-de-areas-degradadas\/\",\"name\":\"Conhe\\u00e7a o servi\\u00e7o de Demoli\\u00e7\\u00e3o de \\u00c1reas Degradadas da Ambipar\",\"isPartOf\":{\"@id\":\"https:\/\/ambipar.com\/latam\/#website\"},\"primaryImageOfPage\":{\"@id\":\"https:\/\/ambipar.com\/latam\/pt\/ambipar-response\/servicos-industriais\/demolicao-de-areas-degradadas\/#primaryimage\"},\"datePublished\":\"2020-10-31T13:24:00+00:00\",\"dateModified\":\"2021-01-05T23:49:57+00:00\",\"description\":\"Ap\\u00f3s um local sofrer impactos e degrada\\u00e7\\u00e3o, a equipe da Ambipar atua com excel\\u00eancia na demoli\\u00e7\\u00e3o total da \\u00e1rea, recuperando o ambiente\",\"breadcrumb\":{\"@id\":\"https:\/\/ambipar.com\/latam\/pt\/ambipar-response\/servicos-industriais\/demolicao-de-areas-degradadas\/#breadcrumb\"},\"inLanguage\":\"es-CL\",\"potentialAction\":[{\"@type\":\"ReadAction\",\"target\":[\"https:\/\/ambipar.com\/latam\/pt\/ambipar-response\/servicos-industriais\/demolicao-de-areas-degradadas\/\"]}]},{\"@type\":\"BreadcrumbList\",\"@id\":\"https:\/\/ambipar.com\/latam\/pt\/ambipar-response\/servicos-industriais\/demolicao-de-areas-degradadas\/#breadcrumb\",\"itemListElement\":[{\"@type\":\"ListItem\",\"position\":1,\"name\":\"Home\",\"item\":\"https:\/\/ambipar.com\/latam\/\"},{\"@type\":\"ListItem\",\"position\":2,\"name\":\"Ambipar Response\",\"item\":\"https:\/\/ambipar.com\/latam\/pt\/ambipar-response\/\"},{\"@type\":\"ListItem\",\"position\":3,\"name\":\"Servi\\u00e7os Industriais\",\"item\":\"https:\/\/ambipar.com\/latam\/pt\/ambipar-response\/servicos-industriais\/\"},{\"@type\":\"ListItem\",\"position\":4,\"name\":\"Demoli\\u00e7\\u00e3o de \\u00c1reas Degradadas\"}]}]}<\/script>\n<!-- \/ Yoast SEO plugin. -->","yoast_head_json":{"title":"Conhe\u00e7a o servi\u00e7o de Demoli\u00e7\u00e3o de \u00c1reas Degradadas da Ambipar","description":"Ap\u00f3s um local sofrer impactos e degrada\u00e7\u00e3o, a equipe da Ambipar atua com excel\u00eancia na demoli\u00e7\u00e3o total da \u00e1rea, recuperando o ambiente","robots":{"index":"index","follow":"follow","max-snippet":"max-snippet:-1","max-image-preview":"max-image-preview:large","max-video-preview":"max-video-preview:-1"},"canonical":"https:\/\/ambipar.com\/latam\/pt\/ambipar-response\/servicos-industriais\/demolicao-de-areas-degradadas\/","og_locale":"es_ES","og_type":"article","og_title":"Conhe\u00e7a o servi\u00e7o de Demoli\u00e7\u00e3o de \u00c1reas Degradadas da Ambipar","og_description":"Ap\u00f3s um local sofrer impactos e degrada\u00e7\u00e3o, a equipe da Ambipar atua com excel\u00eancia na demoli\u00e7\u00e3o total da \u00e1rea, recuperando o ambiente","og_url":"https:\/\/ambipar.com\/latam\/pt\/ambipar-response\/servicos-industriais\/demolicao-de-areas-degradadas\/","og_site_name":"Ambipar. A l\u00edder em gest\u00e3o ambiental.","article_modified_time":"2021-01-05T23:49:57+00:00","og_image":[{"width":1000,"height":1000,"url":"https:\/\/ambipar.com\/latam\/wp-content\/uploads\/2020\/11\/demolicao.jpg","type":"image\/jpeg"}],"twitter_card":"summary_large_image","schema":{"@context":"https:\/\/schema.org","@graph":[{"@type":"Organization","@id":"https:\/\/ambipar.com\/latam\/#organization","name":"Ambipar","url":"https:\/\/ambipar.com\/latam\/","sameAs":[],"logo":{"@type":"ImageObject","@id":"https:\/\/ambipar.com\/latam\/#logo","inLanguage":"es-CL","url":"https:\/\/ambipar.com\/latam\/wp-content\/uploads\/2020\/10\/ambipar_color.png","contentUrl":"https:\/\/ambipar.com\/latam\/wp-content\/uploads\/2020\/10\/ambipar_color.png","width":174,"height":107,"caption":"Ambipar"},"image":{"@id":"https:\/\/ambipar.com\/latam\/#logo"}},{"@type":"WebSite","@id":"https:\/\/ambipar.com\/latam\/#website","url":"https:\/\/ambipar.com\/latam\/","name":"Ambipar. A l\u00edder em gest\u00e3o ambiental.","description":"Pioneira em solu\u00e7\u00f5es ambientais, a Ambipar atua em todo o territ\u00f3rio nacional oferecendo solu\u00e7\u00f5es integradas para toda a cadeia de neg\u00f3cio.","publisher":{"@id":"https:\/\/ambipar.com\/latam\/#organization"},"potentialAction":[{"@type":"SearchAction","target":{"@type":"EntryPoint","urlTemplate":"https:\/\/ambipar.com\/latam\/?s={search_term_string}"},"query-input":"required name=search_term_string"}],"inLanguage":"es-CL"},{"@type":"ImageObject","@id":"https:\/\/ambipar.com\/latam\/pt\/ambipar-response\/servicos-industriais\/demolicao-de-areas-degradadas\/#primaryimage","inLanguage":"es-CL","url":"https:\/\/ambipar.com\/latam\/wp-content\/uploads\/2020\/11\/demolicao.jpg","contentUrl":"https:\/\/ambipar.com\/latam\/wp-content\/uploads\/2020\/11\/demolicao.jpg","width":1000,"height":1000,"caption":"demoli\u00e7\u00e3o"},{"@type":"WebPage","@id":"https:\/\/ambipar.com\/latam\/pt\/ambipar-response\/servicos-industriais\/demolicao-de-areas-degradadas\/#webpage","url":"https:\/\/ambipar.com\/latam\/pt\/ambipar-response\/servicos-industriais\/demolicao-de-areas-degradadas\/","name":"Conhe\u00e7a o servi\u00e7o de Demoli\u00e7\u00e3o de \u00c1reas Degradadas da Ambipar","isPartOf":{"@id":"https:\/\/ambipar.com\/latam\/#website"},"primaryImageOfPage":{"@id":"https:\/\/ambipar.com\/latam\/pt\/ambipar-response\/servicos-industriais\/demolicao-de-areas-degradadas\/#primaryimage"},"datePublished":"2020-10-31T13:24:00+00:00","dateModified":"2021-01-05T23:49:57+00:00","description":"Ap\u00f3s um local sofrer impactos e degrada\u00e7\u00e3o, a equipe da Ambipar atua com excel\u00eancia na demoli\u00e7\u00e3o total da \u00e1rea, recuperando o ambiente","breadcrumb":{"@id":"https:\/\/ambipar.com\/latam\/pt\/ambipar-response\/servicos-industriais\/demolicao-de-areas-degradadas\/#breadcrumb"},"inLanguage":"es-CL","potentialAction":[{"@type":"ReadAction","target":["https:\/\/ambipar.com\/latam\/pt\/ambipar-response\/servicos-industriais\/demolicao-de-areas-degradadas\/"]}]},{"@type":"BreadcrumbList","@id":"https:\/\/ambipar.com\/latam\/pt\/ambipar-response\/servicos-industriais\/demolicao-de-areas-degradadas\/#breadcrumb","itemListElement":[{"@type":"ListItem","position":1,"name":"Home","item":"https:\/\/ambipar.com\/latam\/"},{"@type":"ListItem","position":2,"name":"Ambipar Response","item":"https:\/\/ambipar.com\/latam\/pt\/ambipar-response\/"},{"@type":"ListItem","position":3,"name":"Servi\u00e7os Industriais","item":"https:\/\/ambipar.com\/latam\/pt\/ambipar-response\/servicos-industriais\/"},{"@type":"ListItem","position":4,"name":"Demoli\u00e7\u00e3o de \u00c1reas Degradadas"}]}]}},"_links":{"self":[{"href":"https:\/\/ambipar.com\/latam\/wp-json\/wp\/v2\/pages\/1232"}],"collection":[{"href":"https:\/\/ambipar.com\/latam\/wp-json\/wp\/v2\/pages"}],"about":[{"href":"https:\/\/ambipar.com\/latam\/wp-json\/wp\/v2\/types\/page"}],"author":[{"embeddable":true,"href":"https:\/\/ambipar.com\/latam\/wp-json\/wp\/v2\/users\/2"}],"replies":[{"embeddable":true,"href":"https:\/\/ambipar.com\/latam\/wp-json\/wp\/v2\/comments?post=1232"}],"version-history":[{"count":2,"href":"https:\/\/ambipar.com\/latam\/wp-json\/wp\/v2\/pages\/1232\/revisions"}],"predecessor-version":[{"id":1250,"href":"https:\/\/ambipar.com\/latam\/wp-json\/wp\/v2\/pages\/1232\/revisions\/1250"}],"up":[{"embeddable":true,"href":"https:\/\/ambipar.com\/latam\/wp-json\/wp\/v2\/pages\/1210"}],"wp:featuredmedia":[{"embeddable":true,"href":"https:\/\/ambipar.com\/latam\/wp-json\/wp\/v2\/media\/1233"}],"wp:attachment":[{"href":"https:\/\/ambipar.com\/latam\/wp-json\/wp\/v2\/media?parent=1232"}],"curies":[{"name":"wp","href":"https:\/\/api.w.org\/{rel}","templated":true}]}}