{"id":1268,"date":"2020-10-31T11:39:00","date_gmt":"2020-10-31T14:39:00","guid":{"rendered":"https:\/\/ambipar.com\/latam\/?page_id=1268"},"modified":"2021-01-05T20:29:27","modified_gmt":"2021-01-05T23:29:27","slug":"bomba-submersa-de-alto-volume","status":"publish","type":"page","link":"https:\/\/ambipar.com\/latam\/pt\/ambipar-response\/equipamentos-de-combate-a-incendios\/equipamentos-de-alta-vazao\/bomba-submersa-de-alto-volume\/","title":{"rendered":"Bomba Submersa de Alto Volume"},"content":{"rendered":"\n<p>A bomba hidr\u00e1ulica submers\u00edvel altamente eficiente \u00e9 conduzida por um motor diesel l\u00edder de mercado para bombear \u00e1gua a uma taxa de 30.000 gpm (30.000 Lpm) de uma fonte de \u00e1gua at\u00e9 61 m de dist\u00e2ncia com um elevador vertical de 35 p\u00e9s (10,6 m). Este fluxo de \u00e1gua pode ent\u00e3o ser entregue a uma bomba de impulso a bordo ou separada, onde a press\u00e3o \u00e9 aumentada antes de enviar para dispositivos de fim de linha.<\/p>\n\n\n\n<p>Conhe\u00e7a os demais equipamentos de alta vaz\u00e3o:<\/p>\n\n\n\n<ul id=\"block-16b009f3-7925-4bef-8319-3d8f16414e0b\"><li><a href=\"https:\/\/ambipar.com\/latam\/ambipar-response\/equipamentos-de-combate-a-incendios\/equipamentos-de-alta-vazao\/bomba-transportavel\/\">Bomba Transport\u00e1vel<\/a><\/li><li><a href=\"https:\/\/ambipar.com\/latam\/ambipar-response\/equipamentos-de-combate-a-incendios\/equipamentos-de-alta-vazao\/monitor-ambassador\/\">Monitor Ambassador<\/a><\/li><li><a href=\"https:\/\/ambipar.com\/latam\/ambipar-response\/equipamentos-de-combate-a-incendios\/equipamentos-de-alta-vazao\/monitor-ranger-3\/\">Monitor Ranger 3<\/a><\/li><\/ul>\n","protected":false},"excerpt":{"rendered":"A bomba hidr\u00e1ulica submers\u00edvel altamente eficiente \u00e9 conduzida por um motor diesel l\u00edder de mercado para bombear \u00e1gua a uma taxa de 30.000 gpm (30.000 Lpm) de uma fonte de \u00e1gua at\u00e9 61 m de dist\u00e2ncia com um elevador vertical de 35 p\u00e9s (10,6 m). Este fluxo de \u00e1gua pode ent\u00e3o ser entregue a uma&#8230; <a class=\"view-article\" href=\"https:\/\/ambipar.com\/latam\/pt\/ambipar-response\/equipamentos-de-combate-a-incendios\/equipamentos-de-alta-vazao\/bomba-submersa-de-alto-volume\/\">Ver art\u00edculo<\/a>","protected":false},"author":2,"featured_media":1269,"parent":1254,"menu_order":0,"comment_status":"closed","ping_status":"closed","template":"single-servicos.php","meta":[],"yoast_head":"<!-- This site is optimized with the Yoast SEO plugin v17.6 - https:\/\/yoast.com\/wordpress\/plugins\/seo\/ -->\n<title>Conhe\u00e7a a Bomba Submersa de Alto Volume oferecida pela Ambipar<\/title>\n<meta name=\"description\" content=\"A bomba hidr\u00e1ulica submers\u00edvel altamente eficiente \u00e9 conduzida por um motor diesel l\u00edder de mercado para bombear \u00e1gua\" \/>\n<meta name=\"robots\" content=\"index, follow, max-snippet:-1, max-image-preview:large, max-video-preview:-1\" \/>\n<link rel=\"canonical\" href=\"https:\/\/ambipar.com\/latam\/pt\/ambipar-response\/equipamentos-de-combate-a-incendios\/equipamentos-de-alta-vazao\/bomba-submersa-de-alto-volume\/\" \/>\n<meta property=\"og:locale\" content=\"es_ES\" \/>\n<meta property=\"og:type\" content=\"article\" \/>\n<meta property=\"og:title\" content=\"Conhe\u00e7a a Bomba Submersa de Alto Volume oferecida pela Ambipar\" \/>\n<meta property=\"og:description\" content=\"A bomba hidr\u00e1ulica submers\u00edvel altamente eficiente \u00e9 conduzida por um motor diesel l\u00edder de mercado para bombear \u00e1gua\" \/>\n<meta property=\"og:url\" content=\"https:\/\/ambipar.com\/latam\/pt\/ambipar-response\/equipamentos-de-combate-a-incendios\/equipamentos-de-alta-vazao\/bomba-submersa-de-alto-volume\/\" \/>\n<meta property=\"og:site_name\" content=\"Ambipar. A l\u00edder em gest\u00e3o ambiental.\" \/>\n<meta property=\"article:modified_time\" content=\"2021-01-05T23:29:27+00:00\" \/>\n<meta property=\"og:image\" content=\"https:\/\/ambipar.com\/latam\/wp-content\/uploads\/2020\/11\/bombasubmersa.jpg\" \/>\n\t<meta property=\"og:image:width\" content=\"998\" \/>\n\t<meta property=\"og:image:height\" content=\"874\" \/>\n<meta name=\"twitter:card\" content=\"summary_large_image\" \/>\n<script type=\"application\/ld+json\" class=\"yoast-schema-graph\">{\"@context\":\"https:\/\/schema.org\",\"@graph\":[{\"@type\":\"Organization\",\"@id\":\"https:\/\/ambipar.com\/latam\/#organization\",\"name\":\"Ambipar\",\"url\":\"https:\/\/ambipar.com\/latam\/\",\"sameAs\":[],\"logo\":{\"@type\":\"ImageObject\",\"@id\":\"https:\/\/ambipar.com\/latam\/#logo\",\"inLanguage\":\"es-CL\",\"url\":\"https:\/\/ambipar.com\/latam\/wp-content\/uploads\/2020\/10\/ambipar_color.png\",\"contentUrl\":\"https:\/\/ambipar.com\/latam\/wp-content\/uploads\/2020\/10\/ambipar_color.png\",\"width\":174,\"height\":107,\"caption\":\"Ambipar\"},\"image\":{\"@id\":\"https:\/\/ambipar.com\/latam\/#logo\"}},{\"@type\":\"WebSite\",\"@id\":\"https:\/\/ambipar.com\/latam\/#website\",\"url\":\"https:\/\/ambipar.com\/latam\/\",\"name\":\"Ambipar. A l\\u00edder em gest\\u00e3o ambiental.\",\"description\":\"Pioneira em solu\\u00e7\\u00f5es ambientais, a Ambipar atua em todo o territ\\u00f3rio nacional oferecendo solu\\u00e7\\u00f5es integradas para toda a cadeia de neg\\u00f3cio.\",\"publisher\":{\"@id\":\"https:\/\/ambipar.com\/latam\/#organization\"},\"potentialAction\":[{\"@type\":\"SearchAction\",\"target\":{\"@type\":\"EntryPoint\",\"urlTemplate\":\"https:\/\/ambipar.com\/latam\/?s={search_term_string}\"},\"query-input\":\"required name=search_term_string\"}],\"inLanguage\":\"es-CL\"},{\"@type\":\"ImageObject\",\"@id\":\"https:\/\/ambipar.com\/latam\/pt\/ambipar-response\/equipamentos-de-combate-a-incendios\/equipamentos-de-alta-vazao\/bomba-submersa-de-alto-volume\/#primaryimage\",\"inLanguage\":\"es-CL\",\"url\":\"https:\/\/ambipar.com\/latam\/wp-content\/uploads\/2020\/11\/bombasubmersa.jpg\",\"contentUrl\":\"https:\/\/ambipar.com\/latam\/wp-content\/uploads\/2020\/11\/bombasubmersa.jpg\",\"width\":998,\"height\":874,\"caption\":\"bomba submersa\"},{\"@type\":\"WebPage\",\"@id\":\"https:\/\/ambipar.com\/latam\/pt\/ambipar-response\/equipamentos-de-combate-a-incendios\/equipamentos-de-alta-vazao\/bomba-submersa-de-alto-volume\/#webpage\",\"url\":\"https:\/\/ambipar.com\/latam\/pt\/ambipar-response\/equipamentos-de-combate-a-incendios\/equipamentos-de-alta-vazao\/bomba-submersa-de-alto-volume\/\",\"name\":\"Conhe\\u00e7a a Bomba Submersa de Alto Volume oferecida pela Ambipar\",\"isPartOf\":{\"@id\":\"https:\/\/ambipar.com\/latam\/#website\"},\"primaryImageOfPage\":{\"@id\":\"https:\/\/ambipar.com\/latam\/pt\/ambipar-response\/equipamentos-de-combate-a-incendios\/equipamentos-de-alta-vazao\/bomba-submersa-de-alto-volume\/#primaryimage\"},\"datePublished\":\"2020-10-31T14:39:00+00:00\",\"dateModified\":\"2021-01-05T23:29:27+00:00\",\"description\":\"A bomba hidr\\u00e1ulica submers\\u00edvel altamente eficiente \\u00e9 conduzida por um motor diesel l\\u00edder de mercado para bombear \\u00e1gua\",\"breadcrumb\":{\"@id\":\"https:\/\/ambipar.com\/latam\/pt\/ambipar-response\/equipamentos-de-combate-a-incendios\/equipamentos-de-alta-vazao\/bomba-submersa-de-alto-volume\/#breadcrumb\"},\"inLanguage\":\"es-CL\",\"potentialAction\":[{\"@type\":\"ReadAction\",\"target\":[\"https:\/\/ambipar.com\/latam\/pt\/ambipar-response\/equipamentos-de-combate-a-incendios\/equipamentos-de-alta-vazao\/bomba-submersa-de-alto-volume\/\"]}]},{\"@type\":\"BreadcrumbList\",\"@id\":\"https:\/\/ambipar.com\/latam\/pt\/ambipar-response\/equipamentos-de-combate-a-incendios\/equipamentos-de-alta-vazao\/bomba-submersa-de-alto-volume\/#breadcrumb\",\"itemListElement\":[{\"@type\":\"ListItem\",\"position\":1,\"name\":\"Home\",\"item\":\"https:\/\/ambipar.com\/latam\/\"},{\"@type\":\"ListItem\",\"position\":2,\"name\":\"Ambipar Response\",\"item\":\"https:\/\/ambipar.com\/latam\/pt\/ambipar-response\/\"},{\"@type\":\"ListItem\",\"position\":3,\"name\":\"Equipamentos de Combate a Inc\\u00eandios\",\"item\":\"https:\/\/ambipar.com\/latam\/pt\/ambipar-response\/equipamentos-de-combate-a-incendios\/\"},{\"@type\":\"ListItem\",\"position\":4,\"name\":\"Equipamentos de Alta Vaz\\u00e3o\",\"item\":\"https:\/\/ambipar.com\/latam\/pt\/ambipar-response\/equipamentos-de-combate-a-incendios\/equipamentos-de-alta-vazao\/\"},{\"@type\":\"ListItem\",\"position\":5,\"name\":\"Bomba Submersa de Alto Volume\"}]}]}<\/script>\n<!-- \/ Yoast SEO plugin. -->","yoast_head_json":{"title":"Conhe\u00e7a a Bomba Submersa de Alto Volume oferecida pela Ambipar","description":"A bomba hidr\u00e1ulica submers\u00edvel altamente eficiente \u00e9 conduzida por um motor diesel l\u00edder de mercado para bombear \u00e1gua","robots":{"index":"index","follow":"follow","max-snippet":"max-snippet:-1","max-image-preview":"max-image-preview:large","max-video-preview":"max-video-preview:-1"},"canonical":"https:\/\/ambipar.com\/latam\/pt\/ambipar-response\/equipamentos-de-combate-a-incendios\/equipamentos-de-alta-vazao\/bomba-submersa-de-alto-volume\/","og_locale":"es_ES","og_type":"article","og_title":"Conhe\u00e7a a Bomba Submersa de Alto Volume oferecida pela Ambipar","og_description":"A bomba hidr\u00e1ulica submers\u00edvel altamente eficiente \u00e9 conduzida por um motor diesel l\u00edder de mercado para bombear \u00e1gua","og_url":"https:\/\/ambipar.com\/latam\/pt\/ambipar-response\/equipamentos-de-combate-a-incendios\/equipamentos-de-alta-vazao\/bomba-submersa-de-alto-volume\/","og_site_name":"Ambipar. A l\u00edder em gest\u00e3o ambiental.","article_modified_time":"2021-01-05T23:29:27+00:00","og_image":[{"width":998,"height":874,"url":"https:\/\/ambipar.com\/latam\/wp-content\/uploads\/2020\/11\/bombasubmersa.jpg","type":"image\/jpeg"}],"twitter_card":"summary_large_image","schema":{"@context":"https:\/\/schema.org","@graph":[{"@type":"Organization","@id":"https:\/\/ambipar.com\/latam\/#organization","name":"Ambipar","url":"https:\/\/ambipar.com\/latam\/","sameAs":[],"logo":{"@type":"ImageObject","@id":"https:\/\/ambipar.com\/latam\/#logo","inLanguage":"es-CL","url":"https:\/\/ambipar.com\/latam\/wp-content\/uploads\/2020\/10\/ambipar_color.png","contentUrl":"https:\/\/ambipar.com\/latam\/wp-content\/uploads\/2020\/10\/ambipar_color.png","width":174,"height":107,"caption":"Ambipar"},"image":{"@id":"https:\/\/ambipar.com\/latam\/#logo"}},{"@type":"WebSite","@id":"https:\/\/ambipar.com\/latam\/#website","url":"https:\/\/ambipar.com\/latam\/","name":"Ambipar. A l\u00edder em gest\u00e3o ambiental.","description":"Pioneira em solu\u00e7\u00f5es ambientais, a Ambipar atua em todo o territ\u00f3rio nacional oferecendo solu\u00e7\u00f5es integradas para toda a cadeia de neg\u00f3cio.","publisher":{"@id":"https:\/\/ambipar.com\/latam\/#organization"},"potentialAction":[{"@type":"SearchAction","target":{"@type":"EntryPoint","urlTemplate":"https:\/\/ambipar.com\/latam\/?s={search_term_string}"},"query-input":"required name=search_term_string"}],"inLanguage":"es-CL"},{"@type":"ImageObject","@id":"https:\/\/ambipar.com\/latam\/pt\/ambipar-response\/equipamentos-de-combate-a-incendios\/equipamentos-de-alta-vazao\/bomba-submersa-de-alto-volume\/#primaryimage","inLanguage":"es-CL","url":"https:\/\/ambipar.com\/latam\/wp-content\/uploads\/2020\/11\/bombasubmersa.jpg","contentUrl":"https:\/\/ambipar.com\/latam\/wp-content\/uploads\/2020\/11\/bombasubmersa.jpg","width":998,"height":874,"caption":"bomba submersa"},{"@type":"WebPage","@id":"https:\/\/ambipar.com\/latam\/pt\/ambipar-response\/equipamentos-de-combate-a-incendios\/equipamentos-de-alta-vazao\/bomba-submersa-de-alto-volume\/#webpage","url":"https:\/\/ambipar.com\/latam\/pt\/ambipar-response\/equipamentos-de-combate-a-incendios\/equipamentos-de-alta-vazao\/bomba-submersa-de-alto-volume\/","name":"Conhe\u00e7a a Bomba Submersa de Alto Volume oferecida pela Ambipar","isPartOf":{"@id":"https:\/\/ambipar.com\/latam\/#website"},"primaryImageOfPage":{"@id":"https:\/\/ambipar.com\/latam\/pt\/ambipar-response\/equipamentos-de-combate-a-incendios\/equipamentos-de-alta-vazao\/bomba-submersa-de-alto-volume\/#primaryimage"},"datePublished":"2020-10-31T14:39:00+00:00","dateModified":"2021-01-05T23:29:27+00:00","description":"A bomba hidr\u00e1ulica submers\u00edvel altamente eficiente \u00e9 conduzida por um motor diesel l\u00edder de mercado para bombear \u00e1gua","breadcrumb":{"@id":"https:\/\/ambipar.com\/latam\/pt\/ambipar-response\/equipamentos-de-combate-a-incendios\/equipamentos-de-alta-vazao\/bomba-submersa-de-alto-volume\/#breadcrumb"},"inLanguage":"es-CL","potentialAction":[{"@type":"ReadAction","target":["https:\/\/ambipar.com\/latam\/pt\/ambipar-response\/equipamentos-de-combate-a-incendios\/equipamentos-de-alta-vazao\/bomba-submersa-de-alto-volume\/"]}]},{"@type":"BreadcrumbList","@id":"https:\/\/ambipar.com\/latam\/pt\/ambipar-response\/equipamentos-de-combate-a-incendios\/equipamentos-de-alta-vazao\/bomba-submersa-de-alto-volume\/#breadcrumb","itemListElement":[{"@type":"ListItem","position":1,"name":"Home","item":"https:\/\/ambipar.com\/latam\/"},{"@type":"ListItem","position":2,"name":"Ambipar Response","item":"https:\/\/ambipar.com\/latam\/pt\/ambipar-response\/"},{"@type":"ListItem","position":3,"name":"Equipamentos de Combate a Inc\u00eandios","item":"https:\/\/ambipar.com\/latam\/pt\/ambipar-response\/equipamentos-de-combate-a-incendios\/"},{"@type":"ListItem","position":4,"name":"Equipamentos de Alta Vaz\u00e3o","item":"https:\/\/ambipar.com\/latam\/pt\/ambipar-response\/equipamentos-de-combate-a-incendios\/equipamentos-de-alta-vazao\/"},{"@type":"ListItem","position":5,"name":"Bomba Submersa de Alto Volume"}]}]}},"_links":{"self":[{"href":"https:\/\/ambipar.com\/latam\/wp-json\/wp\/v2\/pages\/1268"}],"collection":[{"href":"https:\/\/ambipar.com\/latam\/wp-json\/wp\/v2\/pages"}],"about":[{"href":"https:\/\/ambipar.com\/latam\/wp-json\/wp\/v2\/types\/page"}],"author":[{"embeddable":true,"href":"https:\/\/ambipar.com\/latam\/wp-json\/wp\/v2\/users\/2"}],"replies":[{"embeddable":true,"href":"https:\/\/ambipar.com\/latam\/wp-json\/wp\/v2\/comments?post=1268"}],"version-history":[{"count":2,"href":"https:\/\/ambipar.com\/latam\/wp-json\/wp\/v2\/pages\/1268\/revisions"}],"predecessor-version":[{"id":1281,"href":"https:\/\/ambipar.com\/latam\/wp-json\/wp\/v2\/pages\/1268\/revisions\/1281"}],"up":[{"embeddable":true,"href":"https:\/\/ambipar.com\/latam\/wp-json\/wp\/v2\/pages\/1254"}],"wp:featuredmedia":[{"embeddable":true,"href":"https:\/\/ambipar.com\/latam\/wp-json\/wp\/v2\/media\/1269"}],"wp:attachment":[{"href":"https:\/\/ambipar.com\/latam\/wp-json\/wp\/v2\/media?parent=1268"}],"curies":[{"name":"wp","href":"https:\/\/api.w.org\/{rel}","templated":true}]}}