{"id":1272,"date":"2020-10-31T11:49:00","date_gmt":"2020-10-31T14:49:00","guid":{"rendered":"https:\/\/ambipar.com\/latam\/?page_id=1272"},"modified":"2021-01-05T20:31:39","modified_gmt":"2021-01-05T23:31:39","slug":"monitor-ranger-3","status":"publish","type":"page","link":"https:\/\/ambipar.com\/latam\/pt\/ambipar-response\/equipamentos-de-combate-a-incendios\/equipamentos-de-alta-vazao\/monitor-ranger-3\/","title":{"rendered":"Monitor Ranger 3"},"content":{"rendered":"\n<p>O Ranger 3+ Monitor Trailer foi projetado para atender \u00e0s necessidades industriais de combate a inc\u00eandio e prote\u00e7\u00e3o, especialmente para mitigar riscos envolvendo l\u00edquidos inflam\u00e1veis no armazenamento e inc\u00eandios l\u00edquidos sob press\u00e3o. \u00c9 uma plataforma de descarga m\u00f3vel capaz de fornecer at\u00e9 4.000 gpm (15.100 LPM) solu\u00e7\u00e3o de \u00e1gua ou espuma. Com sua capacidade opcional de Hidro-Chem, ele pode fornecer produtos qu\u00edmicos secos para extinguir inc\u00eandios de 3 dimentionais ou inc\u00eandios de g\u00e1s pressurizado.<\/p>\n\n\n\n<p>Conhe\u00e7a os demais equipamentos de alta vaz\u00e3o:<\/p>\n\n\n\n<ul><li><a href=\"https:\/\/ambipar.com\/latam\/ambipar-response\/equipamentos-de-combate-a-incendios\/equipamentos-de-alta-vazao\/bomba-transportavel\/\">Bomba Transport\u00e1vel<\/a><\/li><li><a href=\"https:\/\/ambipar.com\/latam\/ambipar-response\/equipamentos-de-combate-a-incendios\/equipamentos-de-alta-vazao\/monitor-ambassador\/\">Monitor Ambassador<\/a><\/li><li><a href=\"https:\/\/ambipar.com\/latam\/ambipar-response\/equipamentos-de-combate-a-incendios\/equipamentos-de-alta-vazao\/bomba-submersa-de-alto-volume\/\">Bomba Submersa de Alto Volume<\/a><\/li><\/ul>\n","protected":false},"excerpt":{"rendered":"O Ranger 3+ Monitor Trailer foi projetado para atender \u00e0s necessidades industriais de combate a inc\u00eandio e prote\u00e7\u00e3o, especialmente para mitigar riscos envolvendo l\u00edquidos inflam\u00e1veis no armazenamento e inc\u00eandios l\u00edquidos sob press\u00e3o. \u00c9 uma plataforma de descarga m\u00f3vel capaz de fornecer at\u00e9 4.000 gpm (15.100 LPM) solu\u00e7\u00e3o de \u00e1gua ou espuma. Com sua capacidade opcional&#8230; <a class=\"view-article\" href=\"https:\/\/ambipar.com\/latam\/pt\/ambipar-response\/equipamentos-de-combate-a-incendios\/equipamentos-de-alta-vazao\/monitor-ranger-3\/\">Ver art\u00edculo<\/a>","protected":false},"author":2,"featured_media":1273,"parent":1254,"menu_order":0,"comment_status":"closed","ping_status":"closed","template":"single-servicos.php","meta":[],"yoast_head":"<!-- This site is optimized with the Yoast SEO plugin v17.6 - https:\/\/yoast.com\/wordpress\/plugins\/seo\/ -->\n<title>Conhe\u00e7a o Monitor Ranger 3 oferecido pela Ambipar Response<\/title>\n<meta name=\"description\" content=\"O Ranger 3+ Monitor Trailer foi projetado para atender \u00e0s necessidades industriais de combate a inc\u00eandio e prote\u00e7\u00e3o\" \/>\n<meta name=\"robots\" content=\"index, follow, max-snippet:-1, max-image-preview:large, max-video-preview:-1\" \/>\n<link rel=\"canonical\" href=\"https:\/\/ambipar.com\/latam\/pt\/ambipar-response\/equipamentos-de-combate-a-incendios\/equipamentos-de-alta-vazao\/monitor-ranger-3\/\" \/>\n<meta property=\"og:locale\" content=\"es_ES\" \/>\n<meta property=\"og:type\" content=\"article\" \/>\n<meta property=\"og:title\" content=\"Conhe\u00e7a o Monitor Ranger 3 oferecido pela Ambipar Response\" \/>\n<meta property=\"og:description\" content=\"O Ranger 3+ Monitor Trailer foi projetado para atender \u00e0s necessidades industriais de combate a inc\u00eandio e prote\u00e7\u00e3o\" \/>\n<meta property=\"og:url\" content=\"https:\/\/ambipar.com\/latam\/pt\/ambipar-response\/equipamentos-de-combate-a-incendios\/equipamentos-de-alta-vazao\/monitor-ranger-3\/\" \/>\n<meta property=\"og:site_name\" content=\"Ambipar. A l\u00edder em gest\u00e3o ambiental.\" \/>\n<meta property=\"article:modified_time\" content=\"2021-01-05T23:31:39+00:00\" \/>\n<meta property=\"og:image\" content=\"https:\/\/ambipar.com\/latam\/wp-content\/uploads\/2020\/11\/ranger.jpg\" \/>\n\t<meta property=\"og:image:width\" content=\"1002\" \/>\n\t<meta property=\"og:image:height\" content=\"846\" \/>\n<meta name=\"twitter:card\" content=\"summary_large_image\" \/>\n<script type=\"application\/ld+json\" class=\"yoast-schema-graph\">{\"@context\":\"https:\/\/schema.org\",\"@graph\":[{\"@type\":\"Organization\",\"@id\":\"https:\/\/ambipar.com\/latam\/#organization\",\"name\":\"Ambipar\",\"url\":\"https:\/\/ambipar.com\/latam\/\",\"sameAs\":[],\"logo\":{\"@type\":\"ImageObject\",\"@id\":\"https:\/\/ambipar.com\/latam\/#logo\",\"inLanguage\":\"es-CL\",\"url\":\"https:\/\/ambipar.com\/latam\/wp-content\/uploads\/2020\/10\/ambipar_color.png\",\"contentUrl\":\"https:\/\/ambipar.com\/latam\/wp-content\/uploads\/2020\/10\/ambipar_color.png\",\"width\":174,\"height\":107,\"caption\":\"Ambipar\"},\"image\":{\"@id\":\"https:\/\/ambipar.com\/latam\/#logo\"}},{\"@type\":\"WebSite\",\"@id\":\"https:\/\/ambipar.com\/latam\/#website\",\"url\":\"https:\/\/ambipar.com\/latam\/\",\"name\":\"Ambipar. A l\\u00edder em gest\\u00e3o ambiental.\",\"description\":\"Pioneira em solu\\u00e7\\u00f5es ambientais, a Ambipar atua em todo o territ\\u00f3rio nacional oferecendo solu\\u00e7\\u00f5es integradas para toda a cadeia de neg\\u00f3cio.\",\"publisher\":{\"@id\":\"https:\/\/ambipar.com\/latam\/#organization\"},\"potentialAction\":[{\"@type\":\"SearchAction\",\"target\":{\"@type\":\"EntryPoint\",\"urlTemplate\":\"https:\/\/ambipar.com\/latam\/?s={search_term_string}\"},\"query-input\":\"required name=search_term_string\"}],\"inLanguage\":\"es-CL\"},{\"@type\":\"ImageObject\",\"@id\":\"https:\/\/ambipar.com\/latam\/pt\/ambipar-response\/equipamentos-de-combate-a-incendios\/equipamentos-de-alta-vazao\/monitor-ranger-3\/#primaryimage\",\"inLanguage\":\"es-CL\",\"url\":\"https:\/\/ambipar.com\/latam\/wp-content\/uploads\/2020\/11\/ranger.jpg\",\"contentUrl\":\"https:\/\/ambipar.com\/latam\/wp-content\/uploads\/2020\/11\/ranger.jpg\",\"width\":1002,\"height\":846,\"caption\":\"ranger\"},{\"@type\":\"WebPage\",\"@id\":\"https:\/\/ambipar.com\/latam\/pt\/ambipar-response\/equipamentos-de-combate-a-incendios\/equipamentos-de-alta-vazao\/monitor-ranger-3\/#webpage\",\"url\":\"https:\/\/ambipar.com\/latam\/pt\/ambipar-response\/equipamentos-de-combate-a-incendios\/equipamentos-de-alta-vazao\/monitor-ranger-3\/\",\"name\":\"Conhe\\u00e7a o Monitor Ranger 3 oferecido pela Ambipar Response\",\"isPartOf\":{\"@id\":\"https:\/\/ambipar.com\/latam\/#website\"},\"primaryImageOfPage\":{\"@id\":\"https:\/\/ambipar.com\/latam\/pt\/ambipar-response\/equipamentos-de-combate-a-incendios\/equipamentos-de-alta-vazao\/monitor-ranger-3\/#primaryimage\"},\"datePublished\":\"2020-10-31T14:49:00+00:00\",\"dateModified\":\"2021-01-05T23:31:39+00:00\",\"description\":\"O Ranger 3+ Monitor Trailer foi projetado para atender \\u00e0s necessidades industriais de combate a inc\\u00eandio e prote\\u00e7\\u00e3o\",\"breadcrumb\":{\"@id\":\"https:\/\/ambipar.com\/latam\/pt\/ambipar-response\/equipamentos-de-combate-a-incendios\/equipamentos-de-alta-vazao\/monitor-ranger-3\/#breadcrumb\"},\"inLanguage\":\"es-CL\",\"potentialAction\":[{\"@type\":\"ReadAction\",\"target\":[\"https:\/\/ambipar.com\/latam\/pt\/ambipar-response\/equipamentos-de-combate-a-incendios\/equipamentos-de-alta-vazao\/monitor-ranger-3\/\"]}]},{\"@type\":\"BreadcrumbList\",\"@id\":\"https:\/\/ambipar.com\/latam\/pt\/ambipar-response\/equipamentos-de-combate-a-incendios\/equipamentos-de-alta-vazao\/monitor-ranger-3\/#breadcrumb\",\"itemListElement\":[{\"@type\":\"ListItem\",\"position\":1,\"name\":\"Home\",\"item\":\"https:\/\/ambipar.com\/latam\/\"},{\"@type\":\"ListItem\",\"position\":2,\"name\":\"Ambipar Response\",\"item\":\"https:\/\/ambipar.com\/latam\/pt\/ambipar-response\/\"},{\"@type\":\"ListItem\",\"position\":3,\"name\":\"Equipamentos de Combate a Inc\\u00eandios\",\"item\":\"https:\/\/ambipar.com\/latam\/pt\/ambipar-response\/equipamentos-de-combate-a-incendios\/\"},{\"@type\":\"ListItem\",\"position\":4,\"name\":\"Equipamentos de Alta Vaz\\u00e3o\",\"item\":\"https:\/\/ambipar.com\/latam\/pt\/ambipar-response\/equipamentos-de-combate-a-incendios\/equipamentos-de-alta-vazao\/\"},{\"@type\":\"ListItem\",\"position\":5,\"name\":\"Monitor Ranger 3\"}]}]}<\/script>\n<!-- \/ Yoast SEO plugin. -->","yoast_head_json":{"title":"Conhe\u00e7a o Monitor Ranger 3 oferecido pela Ambipar Response","description":"O Ranger 3+ Monitor Trailer foi projetado para atender \u00e0s necessidades industriais de combate a inc\u00eandio e prote\u00e7\u00e3o","robots":{"index":"index","follow":"follow","max-snippet":"max-snippet:-1","max-image-preview":"max-image-preview:large","max-video-preview":"max-video-preview:-1"},"canonical":"https:\/\/ambipar.com\/latam\/pt\/ambipar-response\/equipamentos-de-combate-a-incendios\/equipamentos-de-alta-vazao\/monitor-ranger-3\/","og_locale":"es_ES","og_type":"article","og_title":"Conhe\u00e7a o Monitor Ranger 3 oferecido pela Ambipar Response","og_description":"O Ranger 3+ Monitor Trailer foi projetado para atender \u00e0s necessidades industriais de combate a inc\u00eandio e prote\u00e7\u00e3o","og_url":"https:\/\/ambipar.com\/latam\/pt\/ambipar-response\/equipamentos-de-combate-a-incendios\/equipamentos-de-alta-vazao\/monitor-ranger-3\/","og_site_name":"Ambipar. A l\u00edder em gest\u00e3o ambiental.","article_modified_time":"2021-01-05T23:31:39+00:00","og_image":[{"width":1002,"height":846,"url":"https:\/\/ambipar.com\/latam\/wp-content\/uploads\/2020\/11\/ranger.jpg","type":"image\/jpeg"}],"twitter_card":"summary_large_image","schema":{"@context":"https:\/\/schema.org","@graph":[{"@type":"Organization","@id":"https:\/\/ambipar.com\/latam\/#organization","name":"Ambipar","url":"https:\/\/ambipar.com\/latam\/","sameAs":[],"logo":{"@type":"ImageObject","@id":"https:\/\/ambipar.com\/latam\/#logo","inLanguage":"es-CL","url":"https:\/\/ambipar.com\/latam\/wp-content\/uploads\/2020\/10\/ambipar_color.png","contentUrl":"https:\/\/ambipar.com\/latam\/wp-content\/uploads\/2020\/10\/ambipar_color.png","width":174,"height":107,"caption":"Ambipar"},"image":{"@id":"https:\/\/ambipar.com\/latam\/#logo"}},{"@type":"WebSite","@id":"https:\/\/ambipar.com\/latam\/#website","url":"https:\/\/ambipar.com\/latam\/","name":"Ambipar. A l\u00edder em gest\u00e3o ambiental.","description":"Pioneira em solu\u00e7\u00f5es ambientais, a Ambipar atua em todo o territ\u00f3rio nacional oferecendo solu\u00e7\u00f5es integradas para toda a cadeia de neg\u00f3cio.","publisher":{"@id":"https:\/\/ambipar.com\/latam\/#organization"},"potentialAction":[{"@type":"SearchAction","target":{"@type":"EntryPoint","urlTemplate":"https:\/\/ambipar.com\/latam\/?s={search_term_string}"},"query-input":"required name=search_term_string"}],"inLanguage":"es-CL"},{"@type":"ImageObject","@id":"https:\/\/ambipar.com\/latam\/pt\/ambipar-response\/equipamentos-de-combate-a-incendios\/equipamentos-de-alta-vazao\/monitor-ranger-3\/#primaryimage","inLanguage":"es-CL","url":"https:\/\/ambipar.com\/latam\/wp-content\/uploads\/2020\/11\/ranger.jpg","contentUrl":"https:\/\/ambipar.com\/latam\/wp-content\/uploads\/2020\/11\/ranger.jpg","width":1002,"height":846,"caption":"ranger"},{"@type":"WebPage","@id":"https:\/\/ambipar.com\/latam\/pt\/ambipar-response\/equipamentos-de-combate-a-incendios\/equipamentos-de-alta-vazao\/monitor-ranger-3\/#webpage","url":"https:\/\/ambipar.com\/latam\/pt\/ambipar-response\/equipamentos-de-combate-a-incendios\/equipamentos-de-alta-vazao\/monitor-ranger-3\/","name":"Conhe\u00e7a o Monitor Ranger 3 oferecido pela Ambipar Response","isPartOf":{"@id":"https:\/\/ambipar.com\/latam\/#website"},"primaryImageOfPage":{"@id":"https:\/\/ambipar.com\/latam\/pt\/ambipar-response\/equipamentos-de-combate-a-incendios\/equipamentos-de-alta-vazao\/monitor-ranger-3\/#primaryimage"},"datePublished":"2020-10-31T14:49:00+00:00","dateModified":"2021-01-05T23:31:39+00:00","description":"O Ranger 3+ Monitor Trailer foi projetado para atender \u00e0s necessidades industriais de combate a inc\u00eandio e prote\u00e7\u00e3o","breadcrumb":{"@id":"https:\/\/ambipar.com\/latam\/pt\/ambipar-response\/equipamentos-de-combate-a-incendios\/equipamentos-de-alta-vazao\/monitor-ranger-3\/#breadcrumb"},"inLanguage":"es-CL","potentialAction":[{"@type":"ReadAction","target":["https:\/\/ambipar.com\/latam\/pt\/ambipar-response\/equipamentos-de-combate-a-incendios\/equipamentos-de-alta-vazao\/monitor-ranger-3\/"]}]},{"@type":"BreadcrumbList","@id":"https:\/\/ambipar.com\/latam\/pt\/ambipar-response\/equipamentos-de-combate-a-incendios\/equipamentos-de-alta-vazao\/monitor-ranger-3\/#breadcrumb","itemListElement":[{"@type":"ListItem","position":1,"name":"Home","item":"https:\/\/ambipar.com\/latam\/"},{"@type":"ListItem","position":2,"name":"Ambipar Response","item":"https:\/\/ambipar.com\/latam\/pt\/ambipar-response\/"},{"@type":"ListItem","position":3,"name":"Equipamentos de Combate a Inc\u00eandios","item":"https:\/\/ambipar.com\/latam\/pt\/ambipar-response\/equipamentos-de-combate-a-incendios\/"},{"@type":"ListItem","position":4,"name":"Equipamentos de Alta Vaz\u00e3o","item":"https:\/\/ambipar.com\/latam\/pt\/ambipar-response\/equipamentos-de-combate-a-incendios\/equipamentos-de-alta-vazao\/"},{"@type":"ListItem","position":5,"name":"Monitor Ranger 3"}]}]}},"_links":{"self":[{"href":"https:\/\/ambipar.com\/latam\/wp-json\/wp\/v2\/pages\/1272"}],"collection":[{"href":"https:\/\/ambipar.com\/latam\/wp-json\/wp\/v2\/pages"}],"about":[{"href":"https:\/\/ambipar.com\/latam\/wp-json\/wp\/v2\/types\/page"}],"author":[{"embeddable":true,"href":"https:\/\/ambipar.com\/latam\/wp-json\/wp\/v2\/users\/2"}],"replies":[{"embeddable":true,"href":"https:\/\/ambipar.com\/latam\/wp-json\/wp\/v2\/comments?post=1272"}],"version-history":[{"count":3,"href":"https:\/\/ambipar.com\/latam\/wp-json\/wp\/v2\/pages\/1272\/revisions"}],"predecessor-version":[{"id":1282,"href":"https:\/\/ambipar.com\/latam\/wp-json\/wp\/v2\/pages\/1272\/revisions\/1282"}],"up":[{"embeddable":true,"href":"https:\/\/ambipar.com\/latam\/wp-json\/wp\/v2\/pages\/1254"}],"wp:featuredmedia":[{"embeddable":true,"href":"https:\/\/ambipar.com\/latam\/wp-json\/wp\/v2\/media\/1273"}],"wp:attachment":[{"href":"https:\/\/ambipar.com\/latam\/wp-json\/wp\/v2\/media?parent=1272"}],"curies":[{"name":"wp","href":"https:\/\/api.w.org\/{rel}","templated":true}]}}