{"id":1283,"date":"2020-10-31T16:16:00","date_gmt":"2020-10-31T19:16:00","guid":{"rendered":"https:\/\/ambipar.com\/latam\/?page_id=1283"},"modified":"2021-01-05T20:32:10","modified_gmt":"2021-01-05T23:32:10","slug":"esguichos-e-bicos-para-combate-a-incendio","status":"publish","type":"page","link":"https:\/\/ambipar.com\/latam\/pt\/ambipar-response\/equipamentos-de-combate-a-incendios\/esguichos-e-bicos-para-combate-a-incendio\/","title":{"rendered":"Esguichos e Bicos para combate a inc\u00eandio"},"content":{"rendered":"\n<p>A bomba transport\u00e1vel da Williams Fire &amp; Hazard Control \u00e9 a melhor solu\u00e7\u00e3o para aplica\u00e7\u00f5es de respostas com necessidade de grandes volumes de \u00e1gua. Ela tr\u00e1s o fornecimento adequado para o gerenciamento de recursos h\u00eddricos de um inc\u00eandio s\u00e3o a espinha dorsal de qualquer esfor\u00e7o de resposta bem-sucedido.<\/p>\n\n\n\n<p>Sistemas de \u00e1gua de press\u00e3o positiva de uma instala\u00e7\u00e3o para retransmitir \u00e1guas de longas distancias at\u00e9 a \u00e1rea com necessidade sem perda de press\u00e3o, a S\u00e9rie DependaPower\u2122 da Williams representa um alto desempenho de tr\u00eas configura\u00e7\u00f5es de bomba prim\u00e1ria que s\u00e3o constru\u00eddos para funcionar incansavelmente \u00e0 medida que entregam para sustentar os grandes volumes e as altas press\u00f5es necess\u00e1rias quando enfrentam os maiores cen\u00e1rios de Fogo Industrial.<\/p>\n\n\n\n<p>DependaPower\u2122 \u00e9 um grande equipamento de trabalho comprovado para uso em grandes necessidades de uso de \u00e1gua em grandes volumes.<\/p>\n\n\n\n<p>Veja tamb\u00e9m:<\/p>\n\n\n\n<ul id=\"block-43929ea5-d0db-485b-9fac-aad2955922c7\"><li><a href=\"https:\/\/ambipar.com\/latam\/ambipar-response\/equipamentos-de-combate-a-incendios\/equipamentos-de-alta-vazao\/\">Equipamentos de Alta Vaz\u00e3o<\/a><\/li><li><a href=\"https:\/\/ambipar.com\/latam\/ambipar-response\/equipamentos-de-combate-a-incendios\/espumas-lge\/\">Espumas (LGE)<\/a><\/li><li><a href=\"https:\/\/ambipar.com\/latam\/ambipar-response\/equipamentos-de-combate-a-incendios\/quimicos-pkw\/\">Qu\u00edmicos (PKW)<\/a><\/li><\/ul>\n","protected":false},"excerpt":{"rendered":"A bomba transport\u00e1vel da Williams Fire &amp; Hazard Control \u00e9 a melhor solu\u00e7\u00e3o para aplica\u00e7\u00f5es de respostas com necessidade de grandes volumes de \u00e1gua. Ela tr\u00e1s o fornecimento adequado para o gerenciamento de recursos h\u00eddricos de um inc\u00eandio s\u00e3o a espinha dorsal de qualquer esfor\u00e7o de resposta bem-sucedido. Sistemas de \u00e1gua de press\u00e3o positiva de&#8230; <a class=\"view-article\" href=\"https:\/\/ambipar.com\/latam\/pt\/ambipar-response\/equipamentos-de-combate-a-incendios\/esguichos-e-bicos-para-combate-a-incendio\/\">Ver art\u00edculo<\/a>","protected":false},"author":2,"featured_media":656,"parent":1252,"menu_order":0,"comment_status":"closed","ping_status":"closed","template":"single-servicos.php","meta":[],"yoast_head":"<!-- This site is optimized with the Yoast SEO plugin v17.6 - https:\/\/yoast.com\/wordpress\/plugins\/seo\/ -->\n<title>Conhe\u00e7a os Esguichos e Bicos para combate a inc\u00eandio da Ambipar<\/title>\n<meta name=\"description\" content=\"A bomba transport\u00e1vel da Williams Fire &amp; Hazard Control \u00e9 a solu\u00e7\u00e3o para aplica\u00e7\u00f5es de respostas com necessidade de grandes volumes de \u00e1gua.\" \/>\n<meta name=\"robots\" content=\"index, follow, max-snippet:-1, max-image-preview:large, max-video-preview:-1\" \/>\n<link rel=\"canonical\" href=\"https:\/\/ambipar.com\/latam\/pt\/ambipar-response\/equipamentos-de-combate-a-incendios\/esguichos-e-bicos-para-combate-a-incendio\/\" \/>\n<meta property=\"og:locale\" content=\"es_ES\" \/>\n<meta property=\"og:type\" content=\"article\" \/>\n<meta property=\"og:title\" content=\"Conhe\u00e7a os Esguichos e Bicos para combate a inc\u00eandio da Ambipar\" \/>\n<meta property=\"og:description\" content=\"A bomba transport\u00e1vel da Williams Fire &amp; Hazard Control \u00e9 a solu\u00e7\u00e3o para aplica\u00e7\u00f5es de respostas com necessidade de grandes volumes de \u00e1gua.\" \/>\n<meta property=\"og:url\" content=\"https:\/\/ambipar.com\/latam\/pt\/ambipar-response\/equipamentos-de-combate-a-incendios\/esguichos-e-bicos-para-combate-a-incendio\/\" \/>\n<meta property=\"og:site_name\" content=\"Ambipar. A l\u00edder em gest\u00e3o ambiental.\" \/>\n<meta property=\"article:modified_time\" content=\"2021-01-05T23:32:10+00:00\" \/>\n<meta property=\"og:image\" content=\"https:\/\/ambipar.com\/latam\/wp-content\/uploads\/2020\/10\/brigada4.jpg\" \/>\n\t<meta property=\"og:image:width\" content=\"984\" \/>\n\t<meta property=\"og:image:height\" content=\"1004\" \/>\n<meta name=\"twitter:card\" content=\"summary_large_image\" \/>\n<meta name=\"twitter:label1\" content=\"Est. reading time\" \/>\n\t<meta name=\"twitter:data1\" content=\"1 minuto\" \/>\n<script type=\"application\/ld+json\" class=\"yoast-schema-graph\">{\"@context\":\"https:\/\/schema.org\",\"@graph\":[{\"@type\":\"Organization\",\"@id\":\"https:\/\/ambipar.com\/latam\/#organization\",\"name\":\"Ambipar\",\"url\":\"https:\/\/ambipar.com\/latam\/\",\"sameAs\":[],\"logo\":{\"@type\":\"ImageObject\",\"@id\":\"https:\/\/ambipar.com\/latam\/#logo\",\"inLanguage\":\"es-CL\",\"url\":\"https:\/\/ambipar.com\/latam\/wp-content\/uploads\/2020\/10\/ambipar_color.png\",\"contentUrl\":\"https:\/\/ambipar.com\/latam\/wp-content\/uploads\/2020\/10\/ambipar_color.png\",\"width\":174,\"height\":107,\"caption\":\"Ambipar\"},\"image\":{\"@id\":\"https:\/\/ambipar.com\/latam\/#logo\"}},{\"@type\":\"WebSite\",\"@id\":\"https:\/\/ambipar.com\/latam\/#website\",\"url\":\"https:\/\/ambipar.com\/latam\/\",\"name\":\"Ambipar. A l\\u00edder em gest\\u00e3o ambiental.\",\"description\":\"Pioneira em solu\\u00e7\\u00f5es ambientais, a Ambipar atua em todo o territ\\u00f3rio nacional oferecendo solu\\u00e7\\u00f5es integradas para toda a cadeia de neg\\u00f3cio.\",\"publisher\":{\"@id\":\"https:\/\/ambipar.com\/latam\/#organization\"},\"potentialAction\":[{\"@type\":\"SearchAction\",\"target\":{\"@type\":\"EntryPoint\",\"urlTemplate\":\"https:\/\/ambipar.com\/latam\/?s={search_term_string}\"},\"query-input\":\"required name=search_term_string\"}],\"inLanguage\":\"es-CL\"},{\"@type\":\"ImageObject\",\"@id\":\"https:\/\/ambipar.com\/latam\/pt\/ambipar-response\/equipamentos-de-combate-a-incendios\/esguichos-e-bicos-para-combate-a-incendio\/#primaryimage\",\"inLanguage\":\"es-CL\",\"url\":\"https:\/\/ambipar.com\/latam\/wp-content\/uploads\/2020\/10\/brigada4.jpg\",\"contentUrl\":\"https:\/\/ambipar.com\/latam\/wp-content\/uploads\/2020\/10\/brigada4.jpg\",\"width\":984,\"height\":1004,\"caption\":\"brigada\"},{\"@type\":\"WebPage\",\"@id\":\"https:\/\/ambipar.com\/latam\/pt\/ambipar-response\/equipamentos-de-combate-a-incendios\/esguichos-e-bicos-para-combate-a-incendio\/#webpage\",\"url\":\"https:\/\/ambipar.com\/latam\/pt\/ambipar-response\/equipamentos-de-combate-a-incendios\/esguichos-e-bicos-para-combate-a-incendio\/\",\"name\":\"Conhe\\u00e7a os Esguichos e Bicos para combate a inc\\u00eandio da Ambipar\",\"isPartOf\":{\"@id\":\"https:\/\/ambipar.com\/latam\/#website\"},\"primaryImageOfPage\":{\"@id\":\"https:\/\/ambipar.com\/latam\/pt\/ambipar-response\/equipamentos-de-combate-a-incendios\/esguichos-e-bicos-para-combate-a-incendio\/#primaryimage\"},\"datePublished\":\"2020-10-31T19:16:00+00:00\",\"dateModified\":\"2021-01-05T23:32:10+00:00\",\"description\":\"A bomba transport\\u00e1vel da Williams Fire & Hazard Control \\u00e9 a solu\\u00e7\\u00e3o para aplica\\u00e7\\u00f5es de respostas com necessidade de grandes volumes de \\u00e1gua.\",\"breadcrumb\":{\"@id\":\"https:\/\/ambipar.com\/latam\/pt\/ambipar-response\/equipamentos-de-combate-a-incendios\/esguichos-e-bicos-para-combate-a-incendio\/#breadcrumb\"},\"inLanguage\":\"es-CL\",\"potentialAction\":[{\"@type\":\"ReadAction\",\"target\":[\"https:\/\/ambipar.com\/latam\/pt\/ambipar-response\/equipamentos-de-combate-a-incendios\/esguichos-e-bicos-para-combate-a-incendio\/\"]}]},{\"@type\":\"BreadcrumbList\",\"@id\":\"https:\/\/ambipar.com\/latam\/pt\/ambipar-response\/equipamentos-de-combate-a-incendios\/esguichos-e-bicos-para-combate-a-incendio\/#breadcrumb\",\"itemListElement\":[{\"@type\":\"ListItem\",\"position\":1,\"name\":\"Home\",\"item\":\"https:\/\/ambipar.com\/latam\/\"},{\"@type\":\"ListItem\",\"position\":2,\"name\":\"Ambipar Response\",\"item\":\"https:\/\/ambipar.com\/latam\/pt\/ambipar-response\/\"},{\"@type\":\"ListItem\",\"position\":3,\"name\":\"Equipamentos de Combate a Inc\\u00eandios\",\"item\":\"https:\/\/ambipar.com\/latam\/pt\/ambipar-response\/equipamentos-de-combate-a-incendios\/\"},{\"@type\":\"ListItem\",\"position\":4,\"name\":\"Esguichos e Bicos para combate a inc\\u00eandio\"}]}]}<\/script>\n<!-- \/ Yoast SEO plugin. -->","yoast_head_json":{"title":"Conhe\u00e7a os Esguichos e Bicos para combate a inc\u00eandio da Ambipar","description":"A bomba transport\u00e1vel da Williams Fire & Hazard Control \u00e9 a solu\u00e7\u00e3o para aplica\u00e7\u00f5es de respostas com necessidade de grandes volumes de \u00e1gua.","robots":{"index":"index","follow":"follow","max-snippet":"max-snippet:-1","max-image-preview":"max-image-preview:large","max-video-preview":"max-video-preview:-1"},"canonical":"https:\/\/ambipar.com\/latam\/pt\/ambipar-response\/equipamentos-de-combate-a-incendios\/esguichos-e-bicos-para-combate-a-incendio\/","og_locale":"es_ES","og_type":"article","og_title":"Conhe\u00e7a os Esguichos e Bicos para combate a inc\u00eandio da Ambipar","og_description":"A bomba transport\u00e1vel da Williams Fire & Hazard Control \u00e9 a solu\u00e7\u00e3o para aplica\u00e7\u00f5es de respostas com necessidade de grandes volumes de \u00e1gua.","og_url":"https:\/\/ambipar.com\/latam\/pt\/ambipar-response\/equipamentos-de-combate-a-incendios\/esguichos-e-bicos-para-combate-a-incendio\/","og_site_name":"Ambipar. A l\u00edder em gest\u00e3o ambiental.","article_modified_time":"2021-01-05T23:32:10+00:00","og_image":[{"width":984,"height":1004,"url":"https:\/\/ambipar.com\/latam\/wp-content\/uploads\/2020\/10\/brigada4.jpg","type":"image\/jpeg"}],"twitter_card":"summary_large_image","twitter_misc":{"Est. reading time":"1 minuto"},"schema":{"@context":"https:\/\/schema.org","@graph":[{"@type":"Organization","@id":"https:\/\/ambipar.com\/latam\/#organization","name":"Ambipar","url":"https:\/\/ambipar.com\/latam\/","sameAs":[],"logo":{"@type":"ImageObject","@id":"https:\/\/ambipar.com\/latam\/#logo","inLanguage":"es-CL","url":"https:\/\/ambipar.com\/latam\/wp-content\/uploads\/2020\/10\/ambipar_color.png","contentUrl":"https:\/\/ambipar.com\/latam\/wp-content\/uploads\/2020\/10\/ambipar_color.png","width":174,"height":107,"caption":"Ambipar"},"image":{"@id":"https:\/\/ambipar.com\/latam\/#logo"}},{"@type":"WebSite","@id":"https:\/\/ambipar.com\/latam\/#website","url":"https:\/\/ambipar.com\/latam\/","name":"Ambipar. A l\u00edder em gest\u00e3o ambiental.","description":"Pioneira em solu\u00e7\u00f5es ambientais, a Ambipar atua em todo o territ\u00f3rio nacional oferecendo solu\u00e7\u00f5es integradas para toda a cadeia de neg\u00f3cio.","publisher":{"@id":"https:\/\/ambipar.com\/latam\/#organization"},"potentialAction":[{"@type":"SearchAction","target":{"@type":"EntryPoint","urlTemplate":"https:\/\/ambipar.com\/latam\/?s={search_term_string}"},"query-input":"required name=search_term_string"}],"inLanguage":"es-CL"},{"@type":"ImageObject","@id":"https:\/\/ambipar.com\/latam\/pt\/ambipar-response\/equipamentos-de-combate-a-incendios\/esguichos-e-bicos-para-combate-a-incendio\/#primaryimage","inLanguage":"es-CL","url":"https:\/\/ambipar.com\/latam\/wp-content\/uploads\/2020\/10\/brigada4.jpg","contentUrl":"https:\/\/ambipar.com\/latam\/wp-content\/uploads\/2020\/10\/brigada4.jpg","width":984,"height":1004,"caption":"brigada"},{"@type":"WebPage","@id":"https:\/\/ambipar.com\/latam\/pt\/ambipar-response\/equipamentos-de-combate-a-incendios\/esguichos-e-bicos-para-combate-a-incendio\/#webpage","url":"https:\/\/ambipar.com\/latam\/pt\/ambipar-response\/equipamentos-de-combate-a-incendios\/esguichos-e-bicos-para-combate-a-incendio\/","name":"Conhe\u00e7a os Esguichos e Bicos para combate a inc\u00eandio da Ambipar","isPartOf":{"@id":"https:\/\/ambipar.com\/latam\/#website"},"primaryImageOfPage":{"@id":"https:\/\/ambipar.com\/latam\/pt\/ambipar-response\/equipamentos-de-combate-a-incendios\/esguichos-e-bicos-para-combate-a-incendio\/#primaryimage"},"datePublished":"2020-10-31T19:16:00+00:00","dateModified":"2021-01-05T23:32:10+00:00","description":"A bomba transport\u00e1vel da Williams Fire & Hazard Control \u00e9 a solu\u00e7\u00e3o para aplica\u00e7\u00f5es de respostas com necessidade de grandes volumes de \u00e1gua.","breadcrumb":{"@id":"https:\/\/ambipar.com\/latam\/pt\/ambipar-response\/equipamentos-de-combate-a-incendios\/esguichos-e-bicos-para-combate-a-incendio\/#breadcrumb"},"inLanguage":"es-CL","potentialAction":[{"@type":"ReadAction","target":["https:\/\/ambipar.com\/latam\/pt\/ambipar-response\/equipamentos-de-combate-a-incendios\/esguichos-e-bicos-para-combate-a-incendio\/"]}]},{"@type":"BreadcrumbList","@id":"https:\/\/ambipar.com\/latam\/pt\/ambipar-response\/equipamentos-de-combate-a-incendios\/esguichos-e-bicos-para-combate-a-incendio\/#breadcrumb","itemListElement":[{"@type":"ListItem","position":1,"name":"Home","item":"https:\/\/ambipar.com\/latam\/"},{"@type":"ListItem","position":2,"name":"Ambipar Response","item":"https:\/\/ambipar.com\/latam\/pt\/ambipar-response\/"},{"@type":"ListItem","position":3,"name":"Equipamentos de Combate a Inc\u00eandios","item":"https:\/\/ambipar.com\/latam\/pt\/ambipar-response\/equipamentos-de-combate-a-incendios\/"},{"@type":"ListItem","position":4,"name":"Esguichos e Bicos para combate a inc\u00eandio"}]}]}},"_links":{"self":[{"href":"https:\/\/ambipar.com\/latam\/wp-json\/wp\/v2\/pages\/1283"}],"collection":[{"href":"https:\/\/ambipar.com\/latam\/wp-json\/wp\/v2\/pages"}],"about":[{"href":"https:\/\/ambipar.com\/latam\/wp-json\/wp\/v2\/types\/page"}],"author":[{"embeddable":true,"href":"https:\/\/ambipar.com\/latam\/wp-json\/wp\/v2\/users\/2"}],"replies":[{"embeddable":true,"href":"https:\/\/ambipar.com\/latam\/wp-json\/wp\/v2\/comments?post=1283"}],"version-history":[{"count":2,"href":"https:\/\/ambipar.com\/latam\/wp-json\/wp\/v2\/pages\/1283\/revisions"}],"predecessor-version":[{"id":1302,"href":"https:\/\/ambipar.com\/latam\/wp-json\/wp\/v2\/pages\/1283\/revisions\/1302"}],"up":[{"embeddable":true,"href":"https:\/\/ambipar.com\/latam\/wp-json\/wp\/v2\/pages\/1252"}],"wp:featuredmedia":[{"embeddable":true,"href":"https:\/\/ambipar.com\/latam\/wp-json\/wp\/v2\/media\/656"}],"wp:attachment":[{"href":"https:\/\/ambipar.com\/latam\/wp-json\/wp\/v2\/media?parent=1283"}],"curies":[{"name":"wp","href":"https:\/\/api.w.org\/{rel}","templated":true}]}}