{"id":1290,"date":"2020-10-31T17:07:00","date_gmt":"2020-10-31T20:07:00","guid":{"rendered":"https:\/\/ambipar.com\/latam\/?page_id=1290"},"modified":"2021-01-05T20:32:18","modified_gmt":"2021-01-05T23:32:18","slug":"espumas-lge","status":"publish","type":"page","link":"https:\/\/ambipar.com\/latam\/pt\/ambipar-response\/equipamentos-de-combate-a-incendios\/espumas-lge\/","title":{"rendered":"Espumas (LGE)"},"content":{"rendered":"\n<p>O l\u00edquido gerador de espuma (LGE) \u00e9 um concentrado de espuma sint\u00e9tica que atua como uma esp\u00e9cie de detergente no combate a inc\u00eandios de classe A e B, especialmente em hidrocarbonetos e solventes polares. N\u00e3o t\u00f3xico, biodegrad\u00e1vel, resistente a altas temperaturas e com longa vida \u00fatil, ele possui baixa densidade e expans\u00e3o.<\/p>\n\n\n\n<p>Uma das vantagens do LGE e que o torna indispens\u00e1vel no combate a determinados tipos de inc\u00eandio \u00e9 que ele age de maneira efetiva na superf\u00edcie do l\u00edquido inflamado, criando uma barreira protetora e evitando que gases aquecidos se dissipem. Misturado com \u00e1gua doce ou salobra, o LGE pode ser utilizado em equipamentos com ou sem aspira\u00e7\u00e3o de ar.<\/p>\n\n\n\n<p><strong>Tipos de l\u00edquido gerador de espuma<\/strong><\/p>\n\n\n\n<p>Todos os tipos de LGE devem ser aprovados pela ABNT, que certifica seu correto funcionamento e a preserva\u00e7\u00e3o da sa\u00fade das pessoas que lidam com essa subst\u00e2ncia.<\/p>\n\n\n\n<p>\u00c9 poss\u00edvel encontrar LGEs nas dosagens de 1, 3 ou 6%, que s\u00e3o indicadas de acordo com a aplica\u00e7\u00e3o. Alguns s\u00e3o espec\u00edficos para combater inc\u00eandios de classe B, j\u00e1 outros para solventes polares, hidrocarbonetos ou inc\u00eandios de classe A.<\/p>\n\n\n\n<p>Veja tamb\u00e9m:<\/p>\n\n\n\n<ul id=\"block-43929ea5-d0db-485b-9fac-aad2955922c7\"><li><a href=\"https:\/\/ambipar.com\/latam\/ambipar-response\/equipamentos-de-combate-a-incendios\/equipamentos-de-alta-vazao\/\">Equipamentos de Alta Vaz\u00e3o<\/a><\/li><li><a href=\"https:\/\/ambipar.com\/latam\/ambipar-response\/equipamentos-de-combate-a-incendios\/quimicos-pkw\/\">Qu\u00edmicos (PKW)<\/a><\/li><li><a href=\"https:\/\/ambipar.com\/latam\/ambipar-response\/equipamentos-de-combate-a-incendios\/esguichos-e-bicos-para-combate-a-incendio\/\">Esguichos e Bicos para combate a inc\u00eandio<\/a><\/li><\/ul>\n","protected":false},"excerpt":{"rendered":"O l\u00edquido gerador de espuma (LGE) \u00e9 um concentrado de espuma sint\u00e9tica que atua como uma esp\u00e9cie de detergente no combate a inc\u00eandios de classe A e B, especialmente em hidrocarbonetos e solventes polares. N\u00e3o t\u00f3xico, biodegrad\u00e1vel, resistente a altas temperaturas e com longa vida \u00fatil, ele possui baixa densidade e expans\u00e3o. Uma das vantagens&#8230; <a class=\"view-article\" href=\"https:\/\/ambipar.com\/latam\/pt\/ambipar-response\/equipamentos-de-combate-a-incendios\/espumas-lge\/\">Ver art\u00edculo<\/a>","protected":false},"author":2,"featured_media":1291,"parent":1252,"menu_order":0,"comment_status":"closed","ping_status":"closed","template":"single-servicos.php","meta":[],"yoast_head":"<!-- This site is optimized with the Yoast SEO plugin v17.6 - https:\/\/yoast.com\/wordpress\/plugins\/seo\/ -->\n<title>Conhe\u00e7a as Espumas (LGE) oferecidas pela Ambipar Response<\/title>\n<meta name=\"description\" content=\"O l\u00edquido gerador de espuma (LGE) \u00e9 um concentrado de espuma sint\u00e9tica que atua como uma esp\u00e9cie de detergente no combate a inc\u00eandios\" \/>\n<meta name=\"robots\" content=\"index, follow, max-snippet:-1, max-image-preview:large, max-video-preview:-1\" \/>\n<link rel=\"canonical\" href=\"https:\/\/ambipar.com\/latam\/pt\/ambipar-response\/equipamentos-de-combate-a-incendios\/espumas-lge\/\" \/>\n<meta property=\"og:locale\" content=\"es_ES\" \/>\n<meta property=\"og:type\" content=\"article\" \/>\n<meta property=\"og:title\" content=\"Conhe\u00e7a as Espumas (LGE) oferecidas pela Ambipar Response\" \/>\n<meta property=\"og:description\" content=\"O l\u00edquido gerador de espuma (LGE) \u00e9 um concentrado de espuma sint\u00e9tica que atua como uma esp\u00e9cie de detergente no combate a inc\u00eandios\" \/>\n<meta property=\"og:url\" content=\"https:\/\/ambipar.com\/latam\/pt\/ambipar-response\/equipamentos-de-combate-a-incendios\/espumas-lge\/\" \/>\n<meta property=\"og:site_name\" content=\"Ambipar. A l\u00edder em gest\u00e3o ambiental.\" \/>\n<meta property=\"article:modified_time\" content=\"2021-01-05T23:32:18+00:00\" \/>\n<meta property=\"og:image\" content=\"https:\/\/ambipar.com\/latam\/wp-content\/uploads\/2020\/11\/espuma.jpg\" \/>\n\t<meta property=\"og:image:width\" content=\"1000\" \/>\n\t<meta property=\"og:image:height\" content=\"1000\" \/>\n<meta name=\"twitter:card\" content=\"summary_large_image\" \/>\n<meta name=\"twitter:label1\" content=\"Est. reading time\" \/>\n\t<meta name=\"twitter:data1\" content=\"1 minuto\" \/>\n<script type=\"application\/ld+json\" class=\"yoast-schema-graph\">{\"@context\":\"https:\/\/schema.org\",\"@graph\":[{\"@type\":\"Organization\",\"@id\":\"https:\/\/ambipar.com\/latam\/#organization\",\"name\":\"Ambipar\",\"url\":\"https:\/\/ambipar.com\/latam\/\",\"sameAs\":[],\"logo\":{\"@type\":\"ImageObject\",\"@id\":\"https:\/\/ambipar.com\/latam\/#logo\",\"inLanguage\":\"es-CL\",\"url\":\"https:\/\/ambipar.com\/latam\/wp-content\/uploads\/2020\/10\/ambipar_color.png\",\"contentUrl\":\"https:\/\/ambipar.com\/latam\/wp-content\/uploads\/2020\/10\/ambipar_color.png\",\"width\":174,\"height\":107,\"caption\":\"Ambipar\"},\"image\":{\"@id\":\"https:\/\/ambipar.com\/latam\/#logo\"}},{\"@type\":\"WebSite\",\"@id\":\"https:\/\/ambipar.com\/latam\/#website\",\"url\":\"https:\/\/ambipar.com\/latam\/\",\"name\":\"Ambipar. A l\\u00edder em gest\\u00e3o ambiental.\",\"description\":\"Pioneira em solu\\u00e7\\u00f5es ambientais, a Ambipar atua em todo o territ\\u00f3rio nacional oferecendo solu\\u00e7\\u00f5es integradas para toda a cadeia de neg\\u00f3cio.\",\"publisher\":{\"@id\":\"https:\/\/ambipar.com\/latam\/#organization\"},\"potentialAction\":[{\"@type\":\"SearchAction\",\"target\":{\"@type\":\"EntryPoint\",\"urlTemplate\":\"https:\/\/ambipar.com\/latam\/?s={search_term_string}\"},\"query-input\":\"required name=search_term_string\"}],\"inLanguage\":\"es-CL\"},{\"@type\":\"ImageObject\",\"@id\":\"https:\/\/ambipar.com\/latam\/pt\/ambipar-response\/equipamentos-de-combate-a-incendios\/espumas-lge\/#primaryimage\",\"inLanguage\":\"es-CL\",\"url\":\"https:\/\/ambipar.com\/latam\/wp-content\/uploads\/2020\/11\/espuma.jpg\",\"contentUrl\":\"https:\/\/ambipar.com\/latam\/wp-content\/uploads\/2020\/11\/espuma.jpg\",\"width\":1000,\"height\":1000,\"caption\":\"Espuma\"},{\"@type\":\"WebPage\",\"@id\":\"https:\/\/ambipar.com\/latam\/pt\/ambipar-response\/equipamentos-de-combate-a-incendios\/espumas-lge\/#webpage\",\"url\":\"https:\/\/ambipar.com\/latam\/pt\/ambipar-response\/equipamentos-de-combate-a-incendios\/espumas-lge\/\",\"name\":\"Conhe\\u00e7a as Espumas (LGE) oferecidas pela Ambipar Response\",\"isPartOf\":{\"@id\":\"https:\/\/ambipar.com\/latam\/#website\"},\"primaryImageOfPage\":{\"@id\":\"https:\/\/ambipar.com\/latam\/pt\/ambipar-response\/equipamentos-de-combate-a-incendios\/espumas-lge\/#primaryimage\"},\"datePublished\":\"2020-10-31T20:07:00+00:00\",\"dateModified\":\"2021-01-05T23:32:18+00:00\",\"description\":\"O l\\u00edquido gerador de espuma (LGE) \\u00e9 um concentrado de espuma sint\\u00e9tica que atua como uma esp\\u00e9cie de detergente no combate a inc\\u00eandios\",\"breadcrumb\":{\"@id\":\"https:\/\/ambipar.com\/latam\/pt\/ambipar-response\/equipamentos-de-combate-a-incendios\/espumas-lge\/#breadcrumb\"},\"inLanguage\":\"es-CL\",\"potentialAction\":[{\"@type\":\"ReadAction\",\"target\":[\"https:\/\/ambipar.com\/latam\/pt\/ambipar-response\/equipamentos-de-combate-a-incendios\/espumas-lge\/\"]}]},{\"@type\":\"BreadcrumbList\",\"@id\":\"https:\/\/ambipar.com\/latam\/pt\/ambipar-response\/equipamentos-de-combate-a-incendios\/espumas-lge\/#breadcrumb\",\"itemListElement\":[{\"@type\":\"ListItem\",\"position\":1,\"name\":\"Home\",\"item\":\"https:\/\/ambipar.com\/latam\/\"},{\"@type\":\"ListItem\",\"position\":2,\"name\":\"Ambipar Response\",\"item\":\"https:\/\/ambipar.com\/latam\/pt\/ambipar-response\/\"},{\"@type\":\"ListItem\",\"position\":3,\"name\":\"Equipamentos de Combate a Inc\\u00eandios\",\"item\":\"https:\/\/ambipar.com\/latam\/pt\/ambipar-response\/equipamentos-de-combate-a-incendios\/\"},{\"@type\":\"ListItem\",\"position\":4,\"name\":\"Espumas (LGE)\"}]}]}<\/script>\n<!-- \/ Yoast SEO plugin. -->","yoast_head_json":{"title":"Conhe\u00e7a as Espumas (LGE) oferecidas pela Ambipar Response","description":"O l\u00edquido gerador de espuma (LGE) \u00e9 um concentrado de espuma sint\u00e9tica que atua como uma esp\u00e9cie de detergente no combate a inc\u00eandios","robots":{"index":"index","follow":"follow","max-snippet":"max-snippet:-1","max-image-preview":"max-image-preview:large","max-video-preview":"max-video-preview:-1"},"canonical":"https:\/\/ambipar.com\/latam\/pt\/ambipar-response\/equipamentos-de-combate-a-incendios\/espumas-lge\/","og_locale":"es_ES","og_type":"article","og_title":"Conhe\u00e7a as Espumas (LGE) oferecidas pela Ambipar Response","og_description":"O l\u00edquido gerador de espuma (LGE) \u00e9 um concentrado de espuma sint\u00e9tica que atua como uma esp\u00e9cie de detergente no combate a inc\u00eandios","og_url":"https:\/\/ambipar.com\/latam\/pt\/ambipar-response\/equipamentos-de-combate-a-incendios\/espumas-lge\/","og_site_name":"Ambipar. A l\u00edder em gest\u00e3o ambiental.","article_modified_time":"2021-01-05T23:32:18+00:00","og_image":[{"width":1000,"height":1000,"url":"https:\/\/ambipar.com\/latam\/wp-content\/uploads\/2020\/11\/espuma.jpg","type":"image\/jpeg"}],"twitter_card":"summary_large_image","twitter_misc":{"Est. reading time":"1 minuto"},"schema":{"@context":"https:\/\/schema.org","@graph":[{"@type":"Organization","@id":"https:\/\/ambipar.com\/latam\/#organization","name":"Ambipar","url":"https:\/\/ambipar.com\/latam\/","sameAs":[],"logo":{"@type":"ImageObject","@id":"https:\/\/ambipar.com\/latam\/#logo","inLanguage":"es-CL","url":"https:\/\/ambipar.com\/latam\/wp-content\/uploads\/2020\/10\/ambipar_color.png","contentUrl":"https:\/\/ambipar.com\/latam\/wp-content\/uploads\/2020\/10\/ambipar_color.png","width":174,"height":107,"caption":"Ambipar"},"image":{"@id":"https:\/\/ambipar.com\/latam\/#logo"}},{"@type":"WebSite","@id":"https:\/\/ambipar.com\/latam\/#website","url":"https:\/\/ambipar.com\/latam\/","name":"Ambipar. A l\u00edder em gest\u00e3o ambiental.","description":"Pioneira em solu\u00e7\u00f5es ambientais, a Ambipar atua em todo o territ\u00f3rio nacional oferecendo solu\u00e7\u00f5es integradas para toda a cadeia de neg\u00f3cio.","publisher":{"@id":"https:\/\/ambipar.com\/latam\/#organization"},"potentialAction":[{"@type":"SearchAction","target":{"@type":"EntryPoint","urlTemplate":"https:\/\/ambipar.com\/latam\/?s={search_term_string}"},"query-input":"required name=search_term_string"}],"inLanguage":"es-CL"},{"@type":"ImageObject","@id":"https:\/\/ambipar.com\/latam\/pt\/ambipar-response\/equipamentos-de-combate-a-incendios\/espumas-lge\/#primaryimage","inLanguage":"es-CL","url":"https:\/\/ambipar.com\/latam\/wp-content\/uploads\/2020\/11\/espuma.jpg","contentUrl":"https:\/\/ambipar.com\/latam\/wp-content\/uploads\/2020\/11\/espuma.jpg","width":1000,"height":1000,"caption":"Espuma"},{"@type":"WebPage","@id":"https:\/\/ambipar.com\/latam\/pt\/ambipar-response\/equipamentos-de-combate-a-incendios\/espumas-lge\/#webpage","url":"https:\/\/ambipar.com\/latam\/pt\/ambipar-response\/equipamentos-de-combate-a-incendios\/espumas-lge\/","name":"Conhe\u00e7a as Espumas (LGE) oferecidas pela Ambipar Response","isPartOf":{"@id":"https:\/\/ambipar.com\/latam\/#website"},"primaryImageOfPage":{"@id":"https:\/\/ambipar.com\/latam\/pt\/ambipar-response\/equipamentos-de-combate-a-incendios\/espumas-lge\/#primaryimage"},"datePublished":"2020-10-31T20:07:00+00:00","dateModified":"2021-01-05T23:32:18+00:00","description":"O l\u00edquido gerador de espuma (LGE) \u00e9 um concentrado de espuma sint\u00e9tica que atua como uma esp\u00e9cie de detergente no combate a inc\u00eandios","breadcrumb":{"@id":"https:\/\/ambipar.com\/latam\/pt\/ambipar-response\/equipamentos-de-combate-a-incendios\/espumas-lge\/#breadcrumb"},"inLanguage":"es-CL","potentialAction":[{"@type":"ReadAction","target":["https:\/\/ambipar.com\/latam\/pt\/ambipar-response\/equipamentos-de-combate-a-incendios\/espumas-lge\/"]}]},{"@type":"BreadcrumbList","@id":"https:\/\/ambipar.com\/latam\/pt\/ambipar-response\/equipamentos-de-combate-a-incendios\/espumas-lge\/#breadcrumb","itemListElement":[{"@type":"ListItem","position":1,"name":"Home","item":"https:\/\/ambipar.com\/latam\/"},{"@type":"ListItem","position":2,"name":"Ambipar Response","item":"https:\/\/ambipar.com\/latam\/pt\/ambipar-response\/"},{"@type":"ListItem","position":3,"name":"Equipamentos de Combate a Inc\u00eandios","item":"https:\/\/ambipar.com\/latam\/pt\/ambipar-response\/equipamentos-de-combate-a-incendios\/"},{"@type":"ListItem","position":4,"name":"Espumas (LGE)"}]}]}},"_links":{"self":[{"href":"https:\/\/ambipar.com\/latam\/wp-json\/wp\/v2\/pages\/1290"}],"collection":[{"href":"https:\/\/ambipar.com\/latam\/wp-json\/wp\/v2\/pages"}],"about":[{"href":"https:\/\/ambipar.com\/latam\/wp-json\/wp\/v2\/types\/page"}],"author":[{"embeddable":true,"href":"https:\/\/ambipar.com\/latam\/wp-json\/wp\/v2\/users\/2"}],"replies":[{"embeddable":true,"href":"https:\/\/ambipar.com\/latam\/wp-json\/wp\/v2\/comments?post=1290"}],"version-history":[{"count":3,"href":"https:\/\/ambipar.com\/latam\/wp-json\/wp\/v2\/pages\/1290\/revisions"}],"predecessor-version":[{"id":1301,"href":"https:\/\/ambipar.com\/latam\/wp-json\/wp\/v2\/pages\/1290\/revisions\/1301"}],"up":[{"embeddable":true,"href":"https:\/\/ambipar.com\/latam\/wp-json\/wp\/v2\/pages\/1252"}],"wp:featuredmedia":[{"embeddable":true,"href":"https:\/\/ambipar.com\/latam\/wp-json\/wp\/v2\/media\/1291"}],"wp:attachment":[{"href":"https:\/\/ambipar.com\/latam\/wp-json\/wp\/v2\/media?parent=1290"}],"curies":[{"name":"wp","href":"https:\/\/api.w.org\/{rel}","templated":true}]}}