{"id":1295,"date":"2020-10-31T17:13:00","date_gmt":"2020-10-31T20:13:00","guid":{"rendered":"https:\/\/ambipar.com\/latam\/?page_id=1295"},"modified":"2021-01-05T20:32:54","modified_gmt":"2021-01-05T23:32:54","slug":"quimicos-pkw","status":"publish","type":"page","link":"https:\/\/ambipar.com\/latam\/pt\/ambipar-response\/equipamentos-de-combate-a-incendios\/quimicos-pkw\/","title":{"rendered":"Qu\u00edmicos (PKW)"},"content":{"rendered":"\n<p>&#8220;PKW\u2122&#8221; da Williams \u00e9 um Roxo-K altamente especializado que \u00e9 um dos produtos qu\u00edmicos secos mais eficazes usados para extinguir inc\u00eandios l\u00edquidos pressurizados inflam\u00e1veis e\/ou combust\u00edveis.<\/p>\n\n\n\n<p>Quando usado em conjunto com a Tecnologia Hydro-Chem\u2122 de forma eficaz, controla e extingue pressurizado ou tridimensional &#8220;Classe B&#8221; fogo l\u00edquido. Sua cor, distintamente profunda roxo fornece o fogo lutador com a capacidade de ficar ON-TARGET quando projetado para o fogo dentro da espuma e\/ou fluxo de \u00e1gua.<\/p>\n\n\n\n<p>O resultado, quando combinado com a Tecnologia Hydro-Chem\u2122 \u00e9 a capacidade de alcan\u00e7ar um mais r\u00e1pido e mais eficiente &#8220;knockdown&#8221; e extin\u00e7\u00e3o.<\/p>\n\n\n\n<p>Veja tamb\u00e9m:<\/p>\n\n\n\n<ul><li><a href=\"https:\/\/ambipar.com\/latam\/ambipar-response\/equipamentos-de-combate-a-incendios\/equipamentos-de-alta-vazao\/\">Equipamentos de Alta Vaz\u00e3o<\/a><\/li><li><a href=\"https:\/\/ambipar.com\/latam\/ambipar-response\/equipamentos-de-combate-a-incendios\/espumas-lge\/\">Espumas (LGE) <\/a><\/li><li><a href=\"https:\/\/ambipar.com\/latam\/ambipar-response\/equipamentos-de-combate-a-incendios\/esguichos-e-bicos-para-combate-a-incendio\/\">Esguichos e Bicos para combate a inc\u00eandio<\/a><\/li><\/ul>\n","protected":false},"excerpt":{"rendered":"&#8220;PKW\u2122&#8221; da Williams \u00e9 um Roxo-K altamente especializado que \u00e9 um dos produtos qu\u00edmicos secos mais eficazes usados para extinguir inc\u00eandios l\u00edquidos pressurizados inflam\u00e1veis e\/ou combust\u00edveis. Quando usado em conjunto com a Tecnologia Hydro-Chem\u2122 de forma eficaz, controla e extingue pressurizado ou tridimensional &#8220;Classe B&#8221; fogo l\u00edquido. Sua cor, distintamente profunda roxo fornece o fogo&#8230; <a class=\"view-article\" href=\"https:\/\/ambipar.com\/latam\/pt\/ambipar-response\/equipamentos-de-combate-a-incendios\/quimicos-pkw\/\">Ver art\u00edculo<\/a>","protected":false},"author":2,"featured_media":488,"parent":1252,"menu_order":0,"comment_status":"closed","ping_status":"closed","template":"single-servicos.php","meta":[],"yoast_head":"<!-- This site is optimized with the Yoast SEO plugin v17.6 - https:\/\/yoast.com\/wordpress\/plugins\/seo\/ -->\n<title>Conhe\u00e7a os Qu\u00edmicos (PKW) oferecidos pela Ambipar Response<\/title>\n<meta name=\"description\" content=\"&quot;PKW\u2122&quot; da Williams \u00e9 um Roxo-K altamente especializado que \u00e9 um dos produtos qu\u00edmicos secos mais eficazes para extinguir inc\u00eandios l\u00edquidos\" \/>\n<meta name=\"robots\" content=\"index, follow, max-snippet:-1, max-image-preview:large, max-video-preview:-1\" \/>\n<link rel=\"canonical\" href=\"https:\/\/ambipar.com\/latam\/pt\/ambipar-response\/equipamentos-de-combate-a-incendios\/quimicos-pkw\/\" \/>\n<meta property=\"og:locale\" content=\"es_ES\" \/>\n<meta property=\"og:type\" content=\"article\" \/>\n<meta property=\"og:title\" content=\"Conhe\u00e7a os Qu\u00edmicos (PKW) oferecidos pela Ambipar Response\" \/>\n<meta property=\"og:description\" content=\"&quot;PKW\u2122&quot; da Williams \u00e9 um Roxo-K altamente especializado que \u00e9 um dos produtos qu\u00edmicos secos mais eficazes para extinguir inc\u00eandios l\u00edquidos\" \/>\n<meta property=\"og:url\" content=\"https:\/\/ambipar.com\/latam\/pt\/ambipar-response\/equipamentos-de-combate-a-incendios\/quimicos-pkw\/\" \/>\n<meta property=\"og:site_name\" content=\"Ambipar. A l\u00edder em gest\u00e3o ambiental.\" \/>\n<meta property=\"article:modified_time\" content=\"2021-01-05T23:32:54+00:00\" \/>\n<meta property=\"og:image\" content=\"https:\/\/ambipar.com\/latam\/wp-content\/uploads\/2020\/10\/equipamentos_combate_incendio.jpg\" \/>\n\t<meta property=\"og:image:width\" content=\"463\" \/>\n\t<meta property=\"og:image:height\" content=\"627\" \/>\n<meta name=\"twitter:card\" content=\"summary_large_image\" \/>\n<meta name=\"twitter:label1\" content=\"Est. reading time\" \/>\n\t<meta name=\"twitter:data1\" content=\"1 minuto\" \/>\n<script type=\"application\/ld+json\" class=\"yoast-schema-graph\">{\"@context\":\"https:\/\/schema.org\",\"@graph\":[{\"@type\":\"Organization\",\"@id\":\"https:\/\/ambipar.com\/latam\/#organization\",\"name\":\"Ambipar\",\"url\":\"https:\/\/ambipar.com\/latam\/\",\"sameAs\":[],\"logo\":{\"@type\":\"ImageObject\",\"@id\":\"https:\/\/ambipar.com\/latam\/#logo\",\"inLanguage\":\"es-CL\",\"url\":\"https:\/\/ambipar.com\/latam\/wp-content\/uploads\/2020\/10\/ambipar_color.png\",\"contentUrl\":\"https:\/\/ambipar.com\/latam\/wp-content\/uploads\/2020\/10\/ambipar_color.png\",\"width\":174,\"height\":107,\"caption\":\"Ambipar\"},\"image\":{\"@id\":\"https:\/\/ambipar.com\/latam\/#logo\"}},{\"@type\":\"WebSite\",\"@id\":\"https:\/\/ambipar.com\/latam\/#website\",\"url\":\"https:\/\/ambipar.com\/latam\/\",\"name\":\"Ambipar. A l\\u00edder em gest\\u00e3o ambiental.\",\"description\":\"Pioneira em solu\\u00e7\\u00f5es ambientais, a Ambipar atua em todo o territ\\u00f3rio nacional oferecendo solu\\u00e7\\u00f5es integradas para toda a cadeia de neg\\u00f3cio.\",\"publisher\":{\"@id\":\"https:\/\/ambipar.com\/latam\/#organization\"},\"potentialAction\":[{\"@type\":\"SearchAction\",\"target\":{\"@type\":\"EntryPoint\",\"urlTemplate\":\"https:\/\/ambipar.com\/latam\/?s={search_term_string}\"},\"query-input\":\"required name=search_term_string\"}],\"inLanguage\":\"es-CL\"},{\"@type\":\"ImageObject\",\"@id\":\"https:\/\/ambipar.com\/latam\/pt\/ambipar-response\/equipamentos-de-combate-a-incendios\/quimicos-pkw\/#primaryimage\",\"inLanguage\":\"es-CL\",\"url\":\"https:\/\/ambipar.com\/latam\/wp-content\/uploads\/2020\/10\/equipamentos_combate_incendio.jpg\",\"contentUrl\":\"https:\/\/ambipar.com\/latam\/wp-content\/uploads\/2020\/10\/equipamentos_combate_incendio.jpg\",\"width\":463,\"height\":627,\"caption\":\"Imagem da equipe de combate a inc\\u00eandios em a\\u00e7\\u00e3o\"},{\"@type\":\"WebPage\",\"@id\":\"https:\/\/ambipar.com\/latam\/pt\/ambipar-response\/equipamentos-de-combate-a-incendios\/quimicos-pkw\/#webpage\",\"url\":\"https:\/\/ambipar.com\/latam\/pt\/ambipar-response\/equipamentos-de-combate-a-incendios\/quimicos-pkw\/\",\"name\":\"Conhe\\u00e7a os Qu\\u00edmicos (PKW) oferecidos pela Ambipar Response\",\"isPartOf\":{\"@id\":\"https:\/\/ambipar.com\/latam\/#website\"},\"primaryImageOfPage\":{\"@id\":\"https:\/\/ambipar.com\/latam\/pt\/ambipar-response\/equipamentos-de-combate-a-incendios\/quimicos-pkw\/#primaryimage\"},\"datePublished\":\"2020-10-31T20:13:00+00:00\",\"dateModified\":\"2021-01-05T23:32:54+00:00\",\"description\":\"\\\"PKW\\u2122\\\" da Williams \\u00e9 um Roxo-K altamente especializado que \\u00e9 um dos produtos qu\\u00edmicos secos mais eficazes para extinguir inc\\u00eandios l\\u00edquidos\",\"breadcrumb\":{\"@id\":\"https:\/\/ambipar.com\/latam\/pt\/ambipar-response\/equipamentos-de-combate-a-incendios\/quimicos-pkw\/#breadcrumb\"},\"inLanguage\":\"es-CL\",\"potentialAction\":[{\"@type\":\"ReadAction\",\"target\":[\"https:\/\/ambipar.com\/latam\/pt\/ambipar-response\/equipamentos-de-combate-a-incendios\/quimicos-pkw\/\"]}]},{\"@type\":\"BreadcrumbList\",\"@id\":\"https:\/\/ambipar.com\/latam\/pt\/ambipar-response\/equipamentos-de-combate-a-incendios\/quimicos-pkw\/#breadcrumb\",\"itemListElement\":[{\"@type\":\"ListItem\",\"position\":1,\"name\":\"Home\",\"item\":\"https:\/\/ambipar.com\/latam\/\"},{\"@type\":\"ListItem\",\"position\":2,\"name\":\"Ambipar Response\",\"item\":\"https:\/\/ambipar.com\/latam\/pt\/ambipar-response\/\"},{\"@type\":\"ListItem\",\"position\":3,\"name\":\"Equipamentos de Combate a Inc\\u00eandios\",\"item\":\"https:\/\/ambipar.com\/latam\/pt\/ambipar-response\/equipamentos-de-combate-a-incendios\/\"},{\"@type\":\"ListItem\",\"position\":4,\"name\":\"Qu\\u00edmicos (PKW)\"}]}]}<\/script>\n<!-- \/ Yoast SEO plugin. -->","yoast_head_json":{"title":"Conhe\u00e7a os Qu\u00edmicos (PKW) oferecidos pela Ambipar Response","description":"\"PKW\u2122\" da Williams \u00e9 um Roxo-K altamente especializado que \u00e9 um dos produtos qu\u00edmicos secos mais eficazes para extinguir inc\u00eandios l\u00edquidos","robots":{"index":"index","follow":"follow","max-snippet":"max-snippet:-1","max-image-preview":"max-image-preview:large","max-video-preview":"max-video-preview:-1"},"canonical":"https:\/\/ambipar.com\/latam\/pt\/ambipar-response\/equipamentos-de-combate-a-incendios\/quimicos-pkw\/","og_locale":"es_ES","og_type":"article","og_title":"Conhe\u00e7a os Qu\u00edmicos (PKW) oferecidos pela Ambipar Response","og_description":"\"PKW\u2122\" da Williams \u00e9 um Roxo-K altamente especializado que \u00e9 um dos produtos qu\u00edmicos secos mais eficazes para extinguir inc\u00eandios l\u00edquidos","og_url":"https:\/\/ambipar.com\/latam\/pt\/ambipar-response\/equipamentos-de-combate-a-incendios\/quimicos-pkw\/","og_site_name":"Ambipar. A l\u00edder em gest\u00e3o ambiental.","article_modified_time":"2021-01-05T23:32:54+00:00","og_image":[{"width":463,"height":627,"url":"https:\/\/ambipar.com\/latam\/wp-content\/uploads\/2020\/10\/equipamentos_combate_incendio.jpg","type":"image\/jpeg"}],"twitter_card":"summary_large_image","twitter_misc":{"Est. reading time":"1 minuto"},"schema":{"@context":"https:\/\/schema.org","@graph":[{"@type":"Organization","@id":"https:\/\/ambipar.com\/latam\/#organization","name":"Ambipar","url":"https:\/\/ambipar.com\/latam\/","sameAs":[],"logo":{"@type":"ImageObject","@id":"https:\/\/ambipar.com\/latam\/#logo","inLanguage":"es-CL","url":"https:\/\/ambipar.com\/latam\/wp-content\/uploads\/2020\/10\/ambipar_color.png","contentUrl":"https:\/\/ambipar.com\/latam\/wp-content\/uploads\/2020\/10\/ambipar_color.png","width":174,"height":107,"caption":"Ambipar"},"image":{"@id":"https:\/\/ambipar.com\/latam\/#logo"}},{"@type":"WebSite","@id":"https:\/\/ambipar.com\/latam\/#website","url":"https:\/\/ambipar.com\/latam\/","name":"Ambipar. A l\u00edder em gest\u00e3o ambiental.","description":"Pioneira em solu\u00e7\u00f5es ambientais, a Ambipar atua em todo o territ\u00f3rio nacional oferecendo solu\u00e7\u00f5es integradas para toda a cadeia de neg\u00f3cio.","publisher":{"@id":"https:\/\/ambipar.com\/latam\/#organization"},"potentialAction":[{"@type":"SearchAction","target":{"@type":"EntryPoint","urlTemplate":"https:\/\/ambipar.com\/latam\/?s={search_term_string}"},"query-input":"required name=search_term_string"}],"inLanguage":"es-CL"},{"@type":"ImageObject","@id":"https:\/\/ambipar.com\/latam\/pt\/ambipar-response\/equipamentos-de-combate-a-incendios\/quimicos-pkw\/#primaryimage","inLanguage":"es-CL","url":"https:\/\/ambipar.com\/latam\/wp-content\/uploads\/2020\/10\/equipamentos_combate_incendio.jpg","contentUrl":"https:\/\/ambipar.com\/latam\/wp-content\/uploads\/2020\/10\/equipamentos_combate_incendio.jpg","width":463,"height":627,"caption":"Imagem da equipe de combate a inc\u00eandios em a\u00e7\u00e3o"},{"@type":"WebPage","@id":"https:\/\/ambipar.com\/latam\/pt\/ambipar-response\/equipamentos-de-combate-a-incendios\/quimicos-pkw\/#webpage","url":"https:\/\/ambipar.com\/latam\/pt\/ambipar-response\/equipamentos-de-combate-a-incendios\/quimicos-pkw\/","name":"Conhe\u00e7a os Qu\u00edmicos (PKW) oferecidos pela Ambipar Response","isPartOf":{"@id":"https:\/\/ambipar.com\/latam\/#website"},"primaryImageOfPage":{"@id":"https:\/\/ambipar.com\/latam\/pt\/ambipar-response\/equipamentos-de-combate-a-incendios\/quimicos-pkw\/#primaryimage"},"datePublished":"2020-10-31T20:13:00+00:00","dateModified":"2021-01-05T23:32:54+00:00","description":"\"PKW\u2122\" da Williams \u00e9 um Roxo-K altamente especializado que \u00e9 um dos produtos qu\u00edmicos secos mais eficazes para extinguir inc\u00eandios l\u00edquidos","breadcrumb":{"@id":"https:\/\/ambipar.com\/latam\/pt\/ambipar-response\/equipamentos-de-combate-a-incendios\/quimicos-pkw\/#breadcrumb"},"inLanguage":"es-CL","potentialAction":[{"@type":"ReadAction","target":["https:\/\/ambipar.com\/latam\/pt\/ambipar-response\/equipamentos-de-combate-a-incendios\/quimicos-pkw\/"]}]},{"@type":"BreadcrumbList","@id":"https:\/\/ambipar.com\/latam\/pt\/ambipar-response\/equipamentos-de-combate-a-incendios\/quimicos-pkw\/#breadcrumb","itemListElement":[{"@type":"ListItem","position":1,"name":"Home","item":"https:\/\/ambipar.com\/latam\/"},{"@type":"ListItem","position":2,"name":"Ambipar Response","item":"https:\/\/ambipar.com\/latam\/pt\/ambipar-response\/"},{"@type":"ListItem","position":3,"name":"Equipamentos de Combate a Inc\u00eandios","item":"https:\/\/ambipar.com\/latam\/pt\/ambipar-response\/equipamentos-de-combate-a-incendios\/"},{"@type":"ListItem","position":4,"name":"Qu\u00edmicos (PKW)"}]}]}},"_links":{"self":[{"href":"https:\/\/ambipar.com\/latam\/wp-json\/wp\/v2\/pages\/1295"}],"collection":[{"href":"https:\/\/ambipar.com\/latam\/wp-json\/wp\/v2\/pages"}],"about":[{"href":"https:\/\/ambipar.com\/latam\/wp-json\/wp\/v2\/types\/page"}],"author":[{"embeddable":true,"href":"https:\/\/ambipar.com\/latam\/wp-json\/wp\/v2\/users\/2"}],"replies":[{"embeddable":true,"href":"https:\/\/ambipar.com\/latam\/wp-json\/wp\/v2\/comments?post=1295"}],"version-history":[{"count":3,"href":"https:\/\/ambipar.com\/latam\/wp-json\/wp\/v2\/pages\/1295\/revisions"}],"predecessor-version":[{"id":1300,"href":"https:\/\/ambipar.com\/latam\/wp-json\/wp\/v2\/pages\/1295\/revisions\/1300"}],"up":[{"embeddable":true,"href":"https:\/\/ambipar.com\/latam\/wp-json\/wp\/v2\/pages\/1252"}],"wp:featuredmedia":[{"embeddable":true,"href":"https:\/\/ambipar.com\/latam\/wp-json\/wp\/v2\/media\/488"}],"wp:attachment":[{"href":"https:\/\/ambipar.com\/latam\/wp-json\/wp\/v2\/media?parent=1295"}],"curies":[{"name":"wp","href":"https:\/\/api.w.org\/{rel}","templated":true}]}}