{"id":1308,"date":"2020-11-01T08:46:00","date_gmt":"2020-11-01T11:46:00","guid":{"rendered":"https:\/\/ambipar.com\/latam\/?page_id=1308"},"modified":"2021-01-05T20:06:08","modified_gmt":"2021-01-05T23:06:08","slug":"analises-laboratoriais","status":"publish","type":"page","link":"https:\/\/ambipar.com\/latam\/pt\/ambipar-environment\/gestao-e-valorizacao-de-residuos\/engenharia-ambiental\/analises-laboratoriais\/","title":{"rendered":"An\u00e1lises laboratoriais"},"content":{"rendered":"\n<p>Al\u00e9m de toda gama de servi\u00e7os prestados pela Ambipar, realizamos a gest\u00e3o de an\u00e1lises laboratoriais, sendo:<\/p>\n\n\n\n<ul><li>Solo<\/li><li>\u00c1gua e efluentes industriais e sanit\u00e1rios<\/li><li>Res\u00edduos s\u00f3lidos e l\u00edquidos<\/li><li>Efluentes gasosos e atmosf\u00e9ricos, etc.<\/li><\/ul>\n\n\n\n<p>Temos em nosso banco de dados os melhores laborat\u00f3rios da Am\u00e9rica Latina, com atua\u00e7\u00e3o em todo esse territ\u00f3rio e certificado pela ISO 17025 em todos os par\u00e2metros de seu escopo, inclusive a coleta.<\/p>\n\n\n\n<p>Conhe\u00e7a tamb\u00e9m: <\/p>\n\n\n\n<ul id=\"block-a09227fe-2846-4cd8-814e-ae901d5ee880\"><li><a href=\"https:\/\/ambipar.com\/latam\/ambipar-environment\/gestao-e-valorizacao-de-residuos\/engenharia-ambiental\/caracterizacao-e-classificacao-de-residuos\/\">Caracteriza\u00e7\u00e3o e Classifica\u00e7\u00e3o de res\u00edduos<\/a><\/li><li><a href=\"https:\/\/ambipar.com\/latam\/ambipar-environment\/gestao-e-valorizacao-de-residuos\/engenharia-ambiental\/fdsr-ficha-de-dados-de-seguranca-de-residuos\/\">FDSR \u2013 Ficha de Dados de Seguran\u00e7a de Res\u00edduos<\/a><\/li><li><a href=\"https:\/\/ambipar.com\/latam\/ambipar-environment\/gestao-e-valorizacao-de-residuos\/engenharia-ambiental\/pgrs-programa-de-gerenciamento-de-residuos-solidos\/\">PGRS &#8211; Programa de Gerenciamento de Res\u00edduos S\u00f3lidos<\/a><\/li><li><a href=\"https:\/\/ambipar.com\/latam\/ambipar-environment\/gestao-e-valorizacao-de-residuos\/engenharia-ambiental\/licenciamento-ambiental\/\">Licenciamento Ambiental<\/a><\/li><li><a href=\"https:\/\/ambipar.com\/latam\/ambipar-environment\/gestao-e-valorizacao-de-residuos\/engenharia-ambiental\/projeto-e-execucao-ete-centrais-de-tratamento-patios-de-compostagem\/\">Projeto e Execu\u00e7\u00e3o (ETE, Centrais de tratamento, P\u00e1tios de compostagem)<\/a><\/li><li><a href=\"https:\/\/ambipar.com\/latam\/ambipar-environment\/gestao-e-valorizacao-de-residuos\/engenharia-ambiental\/dragagem-e-desassoreamento-de-corpos-hidricos\/\">Dragagem e desassoreamento de corpos h\u00eddricos<\/a><\/li><\/ul>\n","protected":false},"excerpt":{"rendered":"Al\u00e9m de toda gama de servi\u00e7os prestados pela Ambipar, realizamos a gest\u00e3o de an\u00e1lises laboratoriais, sendo: Solo \u00c1gua e efluentes industriais e sanit\u00e1rios Res\u00edduos s\u00f3lidos e l\u00edquidos Efluentes gasosos e atmosf\u00e9ricos, etc. Temos em nosso banco de dados os melhores laborat\u00f3rios da Am\u00e9rica Latina, com atua\u00e7\u00e3o em todo esse territ\u00f3rio e certificado pela ISO 17025&#8230; <a class=\"view-article\" href=\"https:\/\/ambipar.com\/latam\/pt\/ambipar-environment\/gestao-e-valorizacao-de-residuos\/engenharia-ambiental\/analises-laboratoriais\/\">Ver art\u00edculo<\/a>","protected":false},"author":2,"featured_media":1312,"parent":362,"menu_order":0,"comment_status":"closed","ping_status":"closed","template":"single-servicos.php","meta":[],"yoast_head":"<!-- This site is optimized with the Yoast SEO plugin v17.6 - https:\/\/yoast.com\/wordpress\/plugins\/seo\/ -->\n<title>Conhe\u00e7a os servi\u00e7os de An\u00e1lises laboratoriais da Ambipar Environment<\/title>\n<meta name=\"description\" content=\"Realizamos a gest\u00e3o de an\u00e1lises laboratoriais, tendo em nosso banco de dados os melhores laborat\u00f3rios da Am\u00e9rica Latina.\" \/>\n<meta name=\"robots\" content=\"index, follow, max-snippet:-1, max-image-preview:large, max-video-preview:-1\" \/>\n<link rel=\"canonical\" href=\"https:\/\/ambipar.com\/latam\/pt\/ambipar-environment\/gestao-e-valorizacao-de-residuos\/engenharia-ambiental\/analises-laboratoriais\/\" \/>\n<meta property=\"og:locale\" content=\"es_ES\" \/>\n<meta property=\"og:type\" content=\"article\" \/>\n<meta property=\"og:title\" content=\"Conhe\u00e7a os servi\u00e7os de An\u00e1lises laboratoriais da Ambipar Environment\" \/>\n<meta property=\"og:description\" content=\"Realizamos a gest\u00e3o de an\u00e1lises laboratoriais, tendo em nosso banco de dados os melhores laborat\u00f3rios da Am\u00e9rica Latina.\" \/>\n<meta property=\"og:url\" content=\"https:\/\/ambipar.com\/latam\/pt\/ambipar-environment\/gestao-e-valorizacao-de-residuos\/engenharia-ambiental\/analises-laboratoriais\/\" \/>\n<meta property=\"og:site_name\" content=\"Ambipar. A l\u00edder em gest\u00e3o ambiental.\" \/>\n<meta property=\"article:modified_time\" content=\"2021-01-05T23:06:08+00:00\" \/>\n<meta property=\"og:image\" content=\"https:\/\/ambipar.com\/latam\/wp-content\/uploads\/2020\/11\/pesquisa_desenvolvimento_nova-1.jpg\" \/>\n\t<meta property=\"og:image:width\" content=\"1006\" \/>\n\t<meta property=\"og:image:height\" content=\"1006\" \/>\n<meta name=\"twitter:card\" content=\"summary_large_image\" \/>\n<meta name=\"twitter:label1\" content=\"Est. reading time\" \/>\n\t<meta name=\"twitter:data1\" content=\"1 minuto\" \/>\n<script type=\"application\/ld+json\" class=\"yoast-schema-graph\">{\"@context\":\"https:\/\/schema.org\",\"@graph\":[{\"@type\":\"Organization\",\"@id\":\"https:\/\/ambipar.com\/latam\/#organization\",\"name\":\"Ambipar\",\"url\":\"https:\/\/ambipar.com\/latam\/\",\"sameAs\":[],\"logo\":{\"@type\":\"ImageObject\",\"@id\":\"https:\/\/ambipar.com\/latam\/#logo\",\"inLanguage\":\"es-CL\",\"url\":\"https:\/\/ambipar.com\/latam\/wp-content\/uploads\/2020\/10\/ambipar_color.png\",\"contentUrl\":\"https:\/\/ambipar.com\/latam\/wp-content\/uploads\/2020\/10\/ambipar_color.png\",\"width\":174,\"height\":107,\"caption\":\"Ambipar\"},\"image\":{\"@id\":\"https:\/\/ambipar.com\/latam\/#logo\"}},{\"@type\":\"WebSite\",\"@id\":\"https:\/\/ambipar.com\/latam\/#website\",\"url\":\"https:\/\/ambipar.com\/latam\/\",\"name\":\"Ambipar. A l\\u00edder em gest\\u00e3o ambiental.\",\"description\":\"Pioneira em solu\\u00e7\\u00f5es ambientais, a Ambipar atua em todo o territ\\u00f3rio nacional oferecendo solu\\u00e7\\u00f5es integradas para toda a cadeia de neg\\u00f3cio.\",\"publisher\":{\"@id\":\"https:\/\/ambipar.com\/latam\/#organization\"},\"potentialAction\":[{\"@type\":\"SearchAction\",\"target\":{\"@type\":\"EntryPoint\",\"urlTemplate\":\"https:\/\/ambipar.com\/latam\/?s={search_term_string}\"},\"query-input\":\"required name=search_term_string\"}],\"inLanguage\":\"es-CL\"},{\"@type\":\"ImageObject\",\"@id\":\"https:\/\/ambipar.com\/latam\/pt\/ambipar-environment\/gestao-e-valorizacao-de-residuos\/engenharia-ambiental\/analises-laboratoriais\/#primaryimage\",\"inLanguage\":\"es-CL\",\"url\":\"https:\/\/ambipar.com\/latam\/wp-content\/uploads\/2020\/11\/pesquisa_desenvolvimento_nova-1.jpg\",\"contentUrl\":\"https:\/\/ambipar.com\/latam\/wp-content\/uploads\/2020\/11\/pesquisa_desenvolvimento_nova-1.jpg\",\"width\":1006,\"height\":1006,\"caption\":\"Pesquisa desenvolvimento nova\"},{\"@type\":\"WebPage\",\"@id\":\"https:\/\/ambipar.com\/latam\/pt\/ambipar-environment\/gestao-e-valorizacao-de-residuos\/engenharia-ambiental\/analises-laboratoriais\/#webpage\",\"url\":\"https:\/\/ambipar.com\/latam\/pt\/ambipar-environment\/gestao-e-valorizacao-de-residuos\/engenharia-ambiental\/analises-laboratoriais\/\",\"name\":\"Conhe\\u00e7a os servi\\u00e7os de An\\u00e1lises laboratoriais da Ambipar Environment\",\"isPartOf\":{\"@id\":\"https:\/\/ambipar.com\/latam\/#website\"},\"primaryImageOfPage\":{\"@id\":\"https:\/\/ambipar.com\/latam\/pt\/ambipar-environment\/gestao-e-valorizacao-de-residuos\/engenharia-ambiental\/analises-laboratoriais\/#primaryimage\"},\"datePublished\":\"2020-11-01T11:46:00+00:00\",\"dateModified\":\"2021-01-05T23:06:08+00:00\",\"description\":\"Realizamos a gest\\u00e3o de an\\u00e1lises laboratoriais, tendo em nosso banco de dados os melhores laborat\\u00f3rios da Am\\u00e9rica Latina.\",\"breadcrumb\":{\"@id\":\"https:\/\/ambipar.com\/latam\/pt\/ambipar-environment\/gestao-e-valorizacao-de-residuos\/engenharia-ambiental\/analises-laboratoriais\/#breadcrumb\"},\"inLanguage\":\"es-CL\",\"potentialAction\":[{\"@type\":\"ReadAction\",\"target\":[\"https:\/\/ambipar.com\/latam\/pt\/ambipar-environment\/gestao-e-valorizacao-de-residuos\/engenharia-ambiental\/analises-laboratoriais\/\"]}]},{\"@type\":\"BreadcrumbList\",\"@id\":\"https:\/\/ambipar.com\/latam\/pt\/ambipar-environment\/gestao-e-valorizacao-de-residuos\/engenharia-ambiental\/analises-laboratoriais\/#breadcrumb\",\"itemListElement\":[{\"@type\":\"ListItem\",\"position\":1,\"name\":\"Home\",\"item\":\"https:\/\/ambipar.com\/latam\/\"},{\"@type\":\"ListItem\",\"position\":2,\"name\":\"Ambipar Environment\",\"item\":\"https:\/\/ambipar.com\/latam\/pt\/ambipar-environment\/\"},{\"@type\":\"ListItem\",\"position\":3,\"name\":\"Gest\\u00e3o e Valoriza\\u00e7\\u00e3o de res\\u00edduos\",\"item\":\"https:\/\/ambipar.com\/latam\/pt\/ambipar-environment\/gestao-e-valorizacao-de-residuos\/\"},{\"@type\":\"ListItem\",\"position\":4,\"name\":\"Engenharia Ambiental\",\"item\":\"https:\/\/ambipar.com\/latam\/pt\/ambipar-environment\/gestao-e-valorizacao-de-residuos\/engenharia-ambiental\/\"},{\"@type\":\"ListItem\",\"position\":5,\"name\":\"An\\u00e1lises laboratoriais\"}]}]}<\/script>\n<!-- \/ Yoast SEO plugin. -->","yoast_head_json":{"title":"Conhe\u00e7a os servi\u00e7os de An\u00e1lises laboratoriais da Ambipar Environment","description":"Realizamos a gest\u00e3o de an\u00e1lises laboratoriais, tendo em nosso banco de dados os melhores laborat\u00f3rios da Am\u00e9rica Latina.","robots":{"index":"index","follow":"follow","max-snippet":"max-snippet:-1","max-image-preview":"max-image-preview:large","max-video-preview":"max-video-preview:-1"},"canonical":"https:\/\/ambipar.com\/latam\/pt\/ambipar-environment\/gestao-e-valorizacao-de-residuos\/engenharia-ambiental\/analises-laboratoriais\/","og_locale":"es_ES","og_type":"article","og_title":"Conhe\u00e7a os servi\u00e7os de An\u00e1lises laboratoriais da Ambipar Environment","og_description":"Realizamos a gest\u00e3o de an\u00e1lises laboratoriais, tendo em nosso banco de dados os melhores laborat\u00f3rios da Am\u00e9rica Latina.","og_url":"https:\/\/ambipar.com\/latam\/pt\/ambipar-environment\/gestao-e-valorizacao-de-residuos\/engenharia-ambiental\/analises-laboratoriais\/","og_site_name":"Ambipar. A l\u00edder em gest\u00e3o ambiental.","article_modified_time":"2021-01-05T23:06:08+00:00","og_image":[{"width":1006,"height":1006,"url":"https:\/\/ambipar.com\/latam\/wp-content\/uploads\/2020\/11\/pesquisa_desenvolvimento_nova-1.jpg","type":"image\/jpeg"}],"twitter_card":"summary_large_image","twitter_misc":{"Est. reading time":"1 minuto"},"schema":{"@context":"https:\/\/schema.org","@graph":[{"@type":"Organization","@id":"https:\/\/ambipar.com\/latam\/#organization","name":"Ambipar","url":"https:\/\/ambipar.com\/latam\/","sameAs":[],"logo":{"@type":"ImageObject","@id":"https:\/\/ambipar.com\/latam\/#logo","inLanguage":"es-CL","url":"https:\/\/ambipar.com\/latam\/wp-content\/uploads\/2020\/10\/ambipar_color.png","contentUrl":"https:\/\/ambipar.com\/latam\/wp-content\/uploads\/2020\/10\/ambipar_color.png","width":174,"height":107,"caption":"Ambipar"},"image":{"@id":"https:\/\/ambipar.com\/latam\/#logo"}},{"@type":"WebSite","@id":"https:\/\/ambipar.com\/latam\/#website","url":"https:\/\/ambipar.com\/latam\/","name":"Ambipar. A l\u00edder em gest\u00e3o ambiental.","description":"Pioneira em solu\u00e7\u00f5es ambientais, a Ambipar atua em todo o territ\u00f3rio nacional oferecendo solu\u00e7\u00f5es integradas para toda a cadeia de neg\u00f3cio.","publisher":{"@id":"https:\/\/ambipar.com\/latam\/#organization"},"potentialAction":[{"@type":"SearchAction","target":{"@type":"EntryPoint","urlTemplate":"https:\/\/ambipar.com\/latam\/?s={search_term_string}"},"query-input":"required name=search_term_string"}],"inLanguage":"es-CL"},{"@type":"ImageObject","@id":"https:\/\/ambipar.com\/latam\/pt\/ambipar-environment\/gestao-e-valorizacao-de-residuos\/engenharia-ambiental\/analises-laboratoriais\/#primaryimage","inLanguage":"es-CL","url":"https:\/\/ambipar.com\/latam\/wp-content\/uploads\/2020\/11\/pesquisa_desenvolvimento_nova-1.jpg","contentUrl":"https:\/\/ambipar.com\/latam\/wp-content\/uploads\/2020\/11\/pesquisa_desenvolvimento_nova-1.jpg","width":1006,"height":1006,"caption":"Pesquisa desenvolvimento nova"},{"@type":"WebPage","@id":"https:\/\/ambipar.com\/latam\/pt\/ambipar-environment\/gestao-e-valorizacao-de-residuos\/engenharia-ambiental\/analises-laboratoriais\/#webpage","url":"https:\/\/ambipar.com\/latam\/pt\/ambipar-environment\/gestao-e-valorizacao-de-residuos\/engenharia-ambiental\/analises-laboratoriais\/","name":"Conhe\u00e7a os servi\u00e7os de An\u00e1lises laboratoriais da Ambipar Environment","isPartOf":{"@id":"https:\/\/ambipar.com\/latam\/#website"},"primaryImageOfPage":{"@id":"https:\/\/ambipar.com\/latam\/pt\/ambipar-environment\/gestao-e-valorizacao-de-residuos\/engenharia-ambiental\/analises-laboratoriais\/#primaryimage"},"datePublished":"2020-11-01T11:46:00+00:00","dateModified":"2021-01-05T23:06:08+00:00","description":"Realizamos a gest\u00e3o de an\u00e1lises laboratoriais, tendo em nosso banco de dados os melhores laborat\u00f3rios da Am\u00e9rica Latina.","breadcrumb":{"@id":"https:\/\/ambipar.com\/latam\/pt\/ambipar-environment\/gestao-e-valorizacao-de-residuos\/engenharia-ambiental\/analises-laboratoriais\/#breadcrumb"},"inLanguage":"es-CL","potentialAction":[{"@type":"ReadAction","target":["https:\/\/ambipar.com\/latam\/pt\/ambipar-environment\/gestao-e-valorizacao-de-residuos\/engenharia-ambiental\/analises-laboratoriais\/"]}]},{"@type":"BreadcrumbList","@id":"https:\/\/ambipar.com\/latam\/pt\/ambipar-environment\/gestao-e-valorizacao-de-residuos\/engenharia-ambiental\/analises-laboratoriais\/#breadcrumb","itemListElement":[{"@type":"ListItem","position":1,"name":"Home","item":"https:\/\/ambipar.com\/latam\/"},{"@type":"ListItem","position":2,"name":"Ambipar Environment","item":"https:\/\/ambipar.com\/latam\/pt\/ambipar-environment\/"},{"@type":"ListItem","position":3,"name":"Gest\u00e3o e Valoriza\u00e7\u00e3o de res\u00edduos","item":"https:\/\/ambipar.com\/latam\/pt\/ambipar-environment\/gestao-e-valorizacao-de-residuos\/"},{"@type":"ListItem","position":4,"name":"Engenharia Ambiental","item":"https:\/\/ambipar.com\/latam\/pt\/ambipar-environment\/gestao-e-valorizacao-de-residuos\/engenharia-ambiental\/"},{"@type":"ListItem","position":5,"name":"An\u00e1lises laboratoriais"}]}]}},"_links":{"self":[{"href":"https:\/\/ambipar.com\/latam\/wp-json\/wp\/v2\/pages\/1308"}],"collection":[{"href":"https:\/\/ambipar.com\/latam\/wp-json\/wp\/v2\/pages"}],"about":[{"href":"https:\/\/ambipar.com\/latam\/wp-json\/wp\/v2\/types\/page"}],"author":[{"embeddable":true,"href":"https:\/\/ambipar.com\/latam\/wp-json\/wp\/v2\/users\/2"}],"replies":[{"embeddable":true,"href":"https:\/\/ambipar.com\/latam\/wp-json\/wp\/v2\/comments?post=1308"}],"version-history":[{"count":2,"href":"https:\/\/ambipar.com\/latam\/wp-json\/wp\/v2\/pages\/1308\/revisions"}],"predecessor-version":[{"id":1335,"href":"https:\/\/ambipar.com\/latam\/wp-json\/wp\/v2\/pages\/1308\/revisions\/1335"}],"up":[{"embeddable":true,"href":"https:\/\/ambipar.com\/latam\/wp-json\/wp\/v2\/pages\/362"}],"wp:featuredmedia":[{"embeddable":true,"href":"https:\/\/ambipar.com\/latam\/wp-json\/wp\/v2\/media\/1312"}],"wp:attachment":[{"href":"https:\/\/ambipar.com\/latam\/wp-json\/wp\/v2\/media?parent=1308"}],"curies":[{"name":"wp","href":"https:\/\/api.w.org\/{rel}","templated":true}]}}