{"id":1316,"date":"2020-11-01T08:57:00","date_gmt":"2020-11-01T11:57:00","guid":{"rendered":"https:\/\/ambipar.com\/latam\/?page_id=1316"},"modified":"2021-01-05T20:08:59","modified_gmt":"2021-01-05T23:08:59","slug":"fdsr-ficha-de-dados-de-seguranca-de-residuos","status":"publish","type":"page","link":"https:\/\/ambipar.com\/latam\/pt\/ambipar-environment\/gestao-e-valorizacao-de-residuos\/engenharia-ambiental\/fdsr-ficha-de-dados-de-seguranca-de-residuos\/","title":{"rendered":"FDSR \u2013 Ficha de Dados de Seguran\u00e7a de Res\u00edduos"},"content":{"rendered":"\n<p>Documento que fornece informa\u00e7\u00f5es sobre a identifica\u00e7\u00e3o do res\u00edduo como classifica\u00e7\u00e3o, seu gerador, sua periculosidade e procedimentos de emerg\u00eancia.&nbsp;<\/p>\n\n\n\n<p>A FDSR tem sua base normativa na Conven\u00e7\u00e3o n\u00ba 170 da Organiza\u00e7\u00e3o Internacional do Trabalho (OIT) e no Decreto n\u00ba 2.657 de 03 de mar\u00e7o de 1998.&nbsp; Suas especifica\u00e7\u00f5es encontram-se reguladas pela ABNT NBR 16725:2014. Esta norma tamb\u00e9m disp\u00f5e sobre padr\u00f5es de rotulagem de res\u00edduos qu\u00edmicos, perigosos ou n\u00e3o.<\/p>\n\n\n\n<p>Conhe\u00e7a tamb\u00e9m: <\/p>\n\n\n\n<ul id=\"block-a09227fe-2846-4cd8-814e-ae901d5ee880\"><li><a href=\"https:\/\/ambipar.com\/latam\/ambipar-environment\/gestao-e-valorizacao-de-residuos\/engenharia-ambiental\/analises-laboratoriais\/\">An\u00e1lises laboratoriais<\/a><\/li><li><a href=\"https:\/\/ambipar.com\/latam\/ambipar-environment\/gestao-e-valorizacao-de-residuos\/engenharia-ambiental\/caracterizacao-e-classificacao-de-residuos\/\">Caracteriza\u00e7\u00e3o e Classifica\u00e7\u00e3o de res\u00edduos<\/a><\/li><li><a href=\"https:\/\/ambipar.com\/latam\/ambipar-environment\/gestao-e-valorizacao-de-residuos\/engenharia-ambiental\/pgrs-programa-de-gerenciamento-de-residuos-solidos\/\">PGRS &#8211; Programa de Gerenciamento de Res\u00edduos S\u00f3lidos<\/a><\/li><li><a href=\"https:\/\/ambipar.com\/latam\/ambipar-environment\/gestao-e-valorizacao-de-residuos\/engenharia-ambiental\/licenciamento-ambiental\/\">Licenciamento Ambiental<\/a><\/li><li><a href=\"https:\/\/ambipar.com\/latam\/ambipar-environment\/gestao-e-valorizacao-de-residuos\/engenharia-ambiental\/projeto-e-execucao-ete-centrais-de-tratamento-patios-de-compostagem\/\">Projeto e Execu\u00e7\u00e3o (ETE, Centrais de tratamento, P\u00e1tios de compostagem)<\/a><\/li><li><a href=\"https:\/\/ambipar.com\/latam\/ambipar-environment\/gestao-e-valorizacao-de-residuos\/engenharia-ambiental\/dragagem-e-desassoreamento-de-corpos-hidricos\/\">Dragagem e desassoreamento de corpos h\u00eddricos<\/a><\/li><\/ul>\n","protected":false},"excerpt":{"rendered":"Documento que fornece informa\u00e7\u00f5es sobre a identifica\u00e7\u00e3o do res\u00edduo como classifica\u00e7\u00e3o, seu gerador, sua periculosidade e procedimentos de emerg\u00eancia.&nbsp; A FDSR tem sua base normativa na Conven\u00e7\u00e3o n\u00ba 170 da Organiza\u00e7\u00e3o Internacional do Trabalho (OIT) e no Decreto n\u00ba 2.657 de 03 de mar\u00e7o de 1998.&nbsp; Suas especifica\u00e7\u00f5es encontram-se reguladas pela ABNT NBR 16725:2014. Esta&#8230; <a class=\"view-article\" href=\"https:\/\/ambipar.com\/latam\/pt\/ambipar-environment\/gestao-e-valorizacao-de-residuos\/engenharia-ambiental\/fdsr-ficha-de-dados-de-seguranca-de-residuos\/\">Ver art\u00edculo<\/a>","protected":false},"author":2,"featured_media":422,"parent":362,"menu_order":0,"comment_status":"closed","ping_status":"closed","template":"single-servicos.php","meta":[],"yoast_head":"<!-- This site is optimized with the Yoast SEO plugin v17.6 - https:\/\/yoast.com\/wordpress\/plugins\/seo\/ -->\n<title>FDSR \u2013 Ficha de Dados de Seguran\u00e7a de Res\u00edduos - Ambipar. A l\u00edder em gest\u00e3o ambiental.<\/title>\n<meta name=\"robots\" content=\"index, follow, max-snippet:-1, max-image-preview:large, max-video-preview:-1\" \/>\n<link rel=\"canonical\" href=\"https:\/\/ambipar.com\/latam\/pt\/ambipar-environment\/gestao-e-valorizacao-de-residuos\/engenharia-ambiental\/fdsr-ficha-de-dados-de-seguranca-de-residuos\/\" \/>\n<meta property=\"og:locale\" content=\"es_ES\" \/>\n<meta property=\"og:type\" content=\"article\" \/>\n<meta property=\"og:title\" content=\"FDSR \u2013 Ficha de Dados de Seguran\u00e7a de Res\u00edduos - Ambipar. A l\u00edder em gest\u00e3o ambiental.\" \/>\n<meta property=\"og:description\" content=\"Documento que fornece informa\u00e7\u00f5es sobre a identifica\u00e7\u00e3o do res\u00edduo como classifica\u00e7\u00e3o, seu gerador, sua periculosidade e procedimentos de emerg\u00eancia.&nbsp; A FDSR tem sua base normativa na Conven\u00e7\u00e3o n\u00ba 170 da Organiza\u00e7\u00e3o Internacional do Trabalho (OIT) e no Decreto n\u00ba 2.657 de 03 de mar\u00e7o de 1998.&nbsp; Suas especifica\u00e7\u00f5es encontram-se reguladas pela ABNT NBR 16725:2014. Esta... Ver art\u00edculo\" \/>\n<meta property=\"og:url\" content=\"https:\/\/ambipar.com\/latam\/pt\/ambipar-environment\/gestao-e-valorizacao-de-residuos\/engenharia-ambiental\/fdsr-ficha-de-dados-de-seguranca-de-residuos\/\" \/>\n<meta property=\"og:site_name\" content=\"Ambipar. A l\u00edder em gest\u00e3o ambiental.\" \/>\n<meta property=\"article:modified_time\" content=\"2021-01-05T23:08:59+00:00\" \/>\n<meta property=\"og:image\" content=\"https:\/\/ambipar.com\/latam\/wp-content\/uploads\/2020\/10\/produtoquimico.jpg\" \/>\n\t<meta property=\"og:image:width\" content=\"1012\" \/>\n\t<meta property=\"og:image:height\" content=\"1000\" \/>\n<meta name=\"twitter:card\" content=\"summary_large_image\" \/>\n<meta name=\"twitter:label1\" content=\"Est. reading time\" \/>\n\t<meta name=\"twitter:data1\" content=\"1 minuto\" \/>\n<script type=\"application\/ld+json\" class=\"yoast-schema-graph\">{\"@context\":\"https:\/\/schema.org\",\"@graph\":[{\"@type\":\"Organization\",\"@id\":\"https:\/\/ambipar.com\/latam\/#organization\",\"name\":\"Ambipar\",\"url\":\"https:\/\/ambipar.com\/latam\/\",\"sameAs\":[],\"logo\":{\"@type\":\"ImageObject\",\"@id\":\"https:\/\/ambipar.com\/latam\/#logo\",\"inLanguage\":\"es-CL\",\"url\":\"https:\/\/ambipar.com\/latam\/wp-content\/uploads\/2020\/10\/ambipar_color.png\",\"contentUrl\":\"https:\/\/ambipar.com\/latam\/wp-content\/uploads\/2020\/10\/ambipar_color.png\",\"width\":174,\"height\":107,\"caption\":\"Ambipar\"},\"image\":{\"@id\":\"https:\/\/ambipar.com\/latam\/#logo\"}},{\"@type\":\"WebSite\",\"@id\":\"https:\/\/ambipar.com\/latam\/#website\",\"url\":\"https:\/\/ambipar.com\/latam\/\",\"name\":\"Ambipar. A l\\u00edder em gest\\u00e3o ambiental.\",\"description\":\"Pioneira em solu\\u00e7\\u00f5es ambientais, a Ambipar atua em todo o territ\\u00f3rio nacional oferecendo solu\\u00e7\\u00f5es integradas para toda a cadeia de neg\\u00f3cio.\",\"publisher\":{\"@id\":\"https:\/\/ambipar.com\/latam\/#organization\"},\"potentialAction\":[{\"@type\":\"SearchAction\",\"target\":{\"@type\":\"EntryPoint\",\"urlTemplate\":\"https:\/\/ambipar.com\/latam\/?s={search_term_string}\"},\"query-input\":\"required name=search_term_string\"}],\"inLanguage\":\"es-CL\"},{\"@type\":\"ImageObject\",\"@id\":\"https:\/\/ambipar.com\/latam\/pt\/ambipar-environment\/gestao-e-valorizacao-de-residuos\/engenharia-ambiental\/fdsr-ficha-de-dados-de-seguranca-de-residuos\/#primaryimage\",\"inLanguage\":\"es-CL\",\"url\":\"https:\/\/ambipar.com\/latam\/wp-content\/uploads\/2020\/10\/produtoquimico.jpg\",\"contentUrl\":\"https:\/\/ambipar.com\/latam\/wp-content\/uploads\/2020\/10\/produtoquimico.jpg\",\"width\":1012,\"height\":1000,\"caption\":\"produto qu\\u00edmico\"},{\"@type\":\"WebPage\",\"@id\":\"https:\/\/ambipar.com\/latam\/pt\/ambipar-environment\/gestao-e-valorizacao-de-residuos\/engenharia-ambiental\/fdsr-ficha-de-dados-de-seguranca-de-residuos\/#webpage\",\"url\":\"https:\/\/ambipar.com\/latam\/pt\/ambipar-environment\/gestao-e-valorizacao-de-residuos\/engenharia-ambiental\/fdsr-ficha-de-dados-de-seguranca-de-residuos\/\",\"name\":\"FDSR \\u2013 Ficha de Dados de Seguran\\u00e7a de Res\\u00edduos - Ambipar. A l\\u00edder em gest\\u00e3o ambiental.\",\"isPartOf\":{\"@id\":\"https:\/\/ambipar.com\/latam\/#website\"},\"primaryImageOfPage\":{\"@id\":\"https:\/\/ambipar.com\/latam\/pt\/ambipar-environment\/gestao-e-valorizacao-de-residuos\/engenharia-ambiental\/fdsr-ficha-de-dados-de-seguranca-de-residuos\/#primaryimage\"},\"datePublished\":\"2020-11-01T11:57:00+00:00\",\"dateModified\":\"2021-01-05T23:08:59+00:00\",\"breadcrumb\":{\"@id\":\"https:\/\/ambipar.com\/latam\/pt\/ambipar-environment\/gestao-e-valorizacao-de-residuos\/engenharia-ambiental\/fdsr-ficha-de-dados-de-seguranca-de-residuos\/#breadcrumb\"},\"inLanguage\":\"es-CL\",\"potentialAction\":[{\"@type\":\"ReadAction\",\"target\":[\"https:\/\/ambipar.com\/latam\/pt\/ambipar-environment\/gestao-e-valorizacao-de-residuos\/engenharia-ambiental\/fdsr-ficha-de-dados-de-seguranca-de-residuos\/\"]}]},{\"@type\":\"BreadcrumbList\",\"@id\":\"https:\/\/ambipar.com\/latam\/pt\/ambipar-environment\/gestao-e-valorizacao-de-residuos\/engenharia-ambiental\/fdsr-ficha-de-dados-de-seguranca-de-residuos\/#breadcrumb\",\"itemListElement\":[{\"@type\":\"ListItem\",\"position\":1,\"name\":\"Home\",\"item\":\"https:\/\/ambipar.com\/latam\/\"},{\"@type\":\"ListItem\",\"position\":2,\"name\":\"Ambipar Environment\",\"item\":\"https:\/\/ambipar.com\/latam\/pt\/ambipar-environment\/\"},{\"@type\":\"ListItem\",\"position\":3,\"name\":\"Gest\\u00e3o e Valoriza\\u00e7\\u00e3o de res\\u00edduos\",\"item\":\"https:\/\/ambipar.com\/latam\/pt\/ambipar-environment\/gestao-e-valorizacao-de-residuos\/\"},{\"@type\":\"ListItem\",\"position\":4,\"name\":\"Engenharia Ambiental\",\"item\":\"https:\/\/ambipar.com\/latam\/pt\/ambipar-environment\/gestao-e-valorizacao-de-residuos\/engenharia-ambiental\/\"},{\"@type\":\"ListItem\",\"position\":5,\"name\":\"FDSR \\u2013 Ficha de Dados de Seguran\\u00e7a de Res\\u00edduos\"}]}]}<\/script>\n<!-- \/ Yoast SEO plugin. -->","yoast_head_json":{"title":"FDSR \u2013 Ficha de Dados de Seguran\u00e7a de Res\u00edduos - Ambipar. A l\u00edder em gest\u00e3o ambiental.","robots":{"index":"index","follow":"follow","max-snippet":"max-snippet:-1","max-image-preview":"max-image-preview:large","max-video-preview":"max-video-preview:-1"},"canonical":"https:\/\/ambipar.com\/latam\/pt\/ambipar-environment\/gestao-e-valorizacao-de-residuos\/engenharia-ambiental\/fdsr-ficha-de-dados-de-seguranca-de-residuos\/","og_locale":"es_ES","og_type":"article","og_title":"FDSR \u2013 Ficha de Dados de Seguran\u00e7a de Res\u00edduos - Ambipar. A l\u00edder em gest\u00e3o ambiental.","og_description":"Documento que fornece informa\u00e7\u00f5es sobre a identifica\u00e7\u00e3o do res\u00edduo como classifica\u00e7\u00e3o, seu gerador, sua periculosidade e procedimentos de emerg\u00eancia.&nbsp; A FDSR tem sua base normativa na Conven\u00e7\u00e3o n\u00ba 170 da Organiza\u00e7\u00e3o Internacional do Trabalho (OIT) e no Decreto n\u00ba 2.657 de 03 de mar\u00e7o de 1998.&nbsp; Suas especifica\u00e7\u00f5es encontram-se reguladas pela ABNT NBR 16725:2014. Esta... Ver art\u00edculo","og_url":"https:\/\/ambipar.com\/latam\/pt\/ambipar-environment\/gestao-e-valorizacao-de-residuos\/engenharia-ambiental\/fdsr-ficha-de-dados-de-seguranca-de-residuos\/","og_site_name":"Ambipar. A l\u00edder em gest\u00e3o ambiental.","article_modified_time":"2021-01-05T23:08:59+00:00","og_image":[{"width":1012,"height":1000,"url":"https:\/\/ambipar.com\/latam\/wp-content\/uploads\/2020\/10\/produtoquimico.jpg","type":"image\/jpeg"}],"twitter_card":"summary_large_image","twitter_misc":{"Est. reading time":"1 minuto"},"schema":{"@context":"https:\/\/schema.org","@graph":[{"@type":"Organization","@id":"https:\/\/ambipar.com\/latam\/#organization","name":"Ambipar","url":"https:\/\/ambipar.com\/latam\/","sameAs":[],"logo":{"@type":"ImageObject","@id":"https:\/\/ambipar.com\/latam\/#logo","inLanguage":"es-CL","url":"https:\/\/ambipar.com\/latam\/wp-content\/uploads\/2020\/10\/ambipar_color.png","contentUrl":"https:\/\/ambipar.com\/latam\/wp-content\/uploads\/2020\/10\/ambipar_color.png","width":174,"height":107,"caption":"Ambipar"},"image":{"@id":"https:\/\/ambipar.com\/latam\/#logo"}},{"@type":"WebSite","@id":"https:\/\/ambipar.com\/latam\/#website","url":"https:\/\/ambipar.com\/latam\/","name":"Ambipar. A l\u00edder em gest\u00e3o ambiental.","description":"Pioneira em solu\u00e7\u00f5es ambientais, a Ambipar atua em todo o territ\u00f3rio nacional oferecendo solu\u00e7\u00f5es integradas para toda a cadeia de neg\u00f3cio.","publisher":{"@id":"https:\/\/ambipar.com\/latam\/#organization"},"potentialAction":[{"@type":"SearchAction","target":{"@type":"EntryPoint","urlTemplate":"https:\/\/ambipar.com\/latam\/?s={search_term_string}"},"query-input":"required name=search_term_string"}],"inLanguage":"es-CL"},{"@type":"ImageObject","@id":"https:\/\/ambipar.com\/latam\/pt\/ambipar-environment\/gestao-e-valorizacao-de-residuos\/engenharia-ambiental\/fdsr-ficha-de-dados-de-seguranca-de-residuos\/#primaryimage","inLanguage":"es-CL","url":"https:\/\/ambipar.com\/latam\/wp-content\/uploads\/2020\/10\/produtoquimico.jpg","contentUrl":"https:\/\/ambipar.com\/latam\/wp-content\/uploads\/2020\/10\/produtoquimico.jpg","width":1012,"height":1000,"caption":"produto qu\u00edmico"},{"@type":"WebPage","@id":"https:\/\/ambipar.com\/latam\/pt\/ambipar-environment\/gestao-e-valorizacao-de-residuos\/engenharia-ambiental\/fdsr-ficha-de-dados-de-seguranca-de-residuos\/#webpage","url":"https:\/\/ambipar.com\/latam\/pt\/ambipar-environment\/gestao-e-valorizacao-de-residuos\/engenharia-ambiental\/fdsr-ficha-de-dados-de-seguranca-de-residuos\/","name":"FDSR \u2013 Ficha de Dados de Seguran\u00e7a de Res\u00edduos - Ambipar. A l\u00edder em gest\u00e3o ambiental.","isPartOf":{"@id":"https:\/\/ambipar.com\/latam\/#website"},"primaryImageOfPage":{"@id":"https:\/\/ambipar.com\/latam\/pt\/ambipar-environment\/gestao-e-valorizacao-de-residuos\/engenharia-ambiental\/fdsr-ficha-de-dados-de-seguranca-de-residuos\/#primaryimage"},"datePublished":"2020-11-01T11:57:00+00:00","dateModified":"2021-01-05T23:08:59+00:00","breadcrumb":{"@id":"https:\/\/ambipar.com\/latam\/pt\/ambipar-environment\/gestao-e-valorizacao-de-residuos\/engenharia-ambiental\/fdsr-ficha-de-dados-de-seguranca-de-residuos\/#breadcrumb"},"inLanguage":"es-CL","potentialAction":[{"@type":"ReadAction","target":["https:\/\/ambipar.com\/latam\/pt\/ambipar-environment\/gestao-e-valorizacao-de-residuos\/engenharia-ambiental\/fdsr-ficha-de-dados-de-seguranca-de-residuos\/"]}]},{"@type":"BreadcrumbList","@id":"https:\/\/ambipar.com\/latam\/pt\/ambipar-environment\/gestao-e-valorizacao-de-residuos\/engenharia-ambiental\/fdsr-ficha-de-dados-de-seguranca-de-residuos\/#breadcrumb","itemListElement":[{"@type":"ListItem","position":1,"name":"Home","item":"https:\/\/ambipar.com\/latam\/"},{"@type":"ListItem","position":2,"name":"Ambipar Environment","item":"https:\/\/ambipar.com\/latam\/pt\/ambipar-environment\/"},{"@type":"ListItem","position":3,"name":"Gest\u00e3o e Valoriza\u00e7\u00e3o de res\u00edduos","item":"https:\/\/ambipar.com\/latam\/pt\/ambipar-environment\/gestao-e-valorizacao-de-residuos\/"},{"@type":"ListItem","position":4,"name":"Engenharia Ambiental","item":"https:\/\/ambipar.com\/latam\/pt\/ambipar-environment\/gestao-e-valorizacao-de-residuos\/engenharia-ambiental\/"},{"@type":"ListItem","position":5,"name":"FDSR \u2013 Ficha de Dados de Seguran\u00e7a de Res\u00edduos"}]}]}},"_links":{"self":[{"href":"https:\/\/ambipar.com\/latam\/wp-json\/wp\/v2\/pages\/1316"}],"collection":[{"href":"https:\/\/ambipar.com\/latam\/wp-json\/wp\/v2\/pages"}],"about":[{"href":"https:\/\/ambipar.com\/latam\/wp-json\/wp\/v2\/types\/page"}],"author":[{"embeddable":true,"href":"https:\/\/ambipar.com\/latam\/wp-json\/wp\/v2\/users\/2"}],"replies":[{"embeddable":true,"href":"https:\/\/ambipar.com\/latam\/wp-json\/wp\/v2\/comments?post=1316"}],"version-history":[{"count":2,"href":"https:\/\/ambipar.com\/latam\/wp-json\/wp\/v2\/pages\/1316\/revisions"}],"predecessor-version":[{"id":1337,"href":"https:\/\/ambipar.com\/latam\/wp-json\/wp\/v2\/pages\/1316\/revisions\/1337"}],"up":[{"embeddable":true,"href":"https:\/\/ambipar.com\/latam\/wp-json\/wp\/v2\/pages\/362"}],"wp:featuredmedia":[{"embeddable":true,"href":"https:\/\/ambipar.com\/latam\/wp-json\/wp\/v2\/media\/422"}],"wp:attachment":[{"href":"https:\/\/ambipar.com\/latam\/wp-json\/wp\/v2\/media?parent=1316"}],"curies":[{"name":"wp","href":"https:\/\/api.w.org\/{rel}","templated":true}]}}