{"id":1318,"date":"2020-11-01T09:01:00","date_gmt":"2020-11-01T12:01:00","guid":{"rendered":"https:\/\/ambipar.com\/latam\/?page_id=1318"},"modified":"2021-01-05T20:09:31","modified_gmt":"2021-01-05T23:09:31","slug":"pgrs-programa-de-gerenciamento-de-residuos-solidos","status":"publish","type":"page","link":"https:\/\/ambipar.com\/latam\/pt\/ambipar-environment\/gestao-e-valorizacao-de-residuos\/engenharia-ambiental\/pgrs-programa-de-gerenciamento-de-residuos-solidos\/","title":{"rendered":"PGRS &#8211; Programa de Gerenciamento de Res\u00edduos S\u00f3lidos"},"content":{"rendered":"\n<p>O Plano de Gerenciamento de Res\u00edduos S\u00f3lidos, ou PGRS, como \u00e9 mais conhecido, \u00e9 um programa de identifica\u00e7\u00e3o da tipologia e quantidade de res\u00edduos gerados por um determinado processo ou empresa. Ele indica a maneira correta de manejo, identifica\u00e7\u00e3o, segrega\u00e7\u00e3o e destina\u00e7\u00e3o destes res\u00edduos.<\/p>\n\n\n\n<p>A Ambipar conta com um corpo t\u00e9cnico altamente especializado para realizar o dimensionamento e implanta\u00e7\u00e3o deste programa.<\/p>\n\n\n\n<p>Conhe\u00e7a tamb\u00e9m: <\/p>\n\n\n\n<ul id=\"block-a09227fe-2846-4cd8-814e-ae901d5ee880\"><li><a href=\"https:\/\/ambipar.com\/latam\/ambipar-environment\/gestao-e-valorizacao-de-residuos\/engenharia-ambiental\/analises-laboratoriais\/\">An\u00e1lises laboratoriais<\/a><\/li><li><a href=\"https:\/\/ambipar.com\/latam\/ambipar-environment\/gestao-e-valorizacao-de-residuos\/engenharia-ambiental\/caracterizacao-e-classificacao-de-residuos\/\">Caracteriza\u00e7\u00e3o e Classifica\u00e7\u00e3o de res\u00edduos<\/a><\/li><li><a href=\"https:\/\/ambipar.com\/latam\/ambipar-environment\/gestao-e-valorizacao-de-residuos\/engenharia-ambiental\/fdsr-ficha-de-dados-de-seguranca-de-residuos\/\">FDSR \u2013 Ficha de Dados de Seguran\u00e7a de Res\u00edduos<\/a><\/li><li><a href=\"https:\/\/ambipar.com\/latam\/ambipar-environment\/gestao-e-valorizacao-de-residuos\/engenharia-ambiental\/licenciamento-ambiental\/\">Licenciamento Ambiental<\/a><\/li><li><a href=\"https:\/\/ambipar.com\/latam\/ambipar-environment\/gestao-e-valorizacao-de-residuos\/engenharia-ambiental\/projeto-e-execucao-ete-centrais-de-tratamento-patios-de-compostagem\/\">Projeto e Execu\u00e7\u00e3o (ETE, Centrais de tratamento, P\u00e1tios de compostagem)<\/a><\/li><li><a href=\"https:\/\/ambipar.com\/latam\/ambipar-environment\/gestao-e-valorizacao-de-residuos\/engenharia-ambiental\/dragagem-e-desassoreamento-de-corpos-hidricos\/\">Dragagem e desassoreamento de corpos h\u00eddricos<\/a><\/li><\/ul>\n","protected":false},"excerpt":{"rendered":"O Plano de Gerenciamento de Res\u00edduos S\u00f3lidos, ou PGRS, como \u00e9 mais conhecido, \u00e9 um programa de identifica\u00e7\u00e3o da tipologia e quantidade de res\u00edduos gerados por um determinado processo ou empresa. Ele indica a maneira correta de manejo, identifica\u00e7\u00e3o, segrega\u00e7\u00e3o e destina\u00e7\u00e3o destes res\u00edduos. A Ambipar conta com um corpo t\u00e9cnico altamente especializado para realizar&#8230; <a class=\"view-article\" href=\"https:\/\/ambipar.com\/latam\/pt\/ambipar-environment\/gestao-e-valorizacao-de-residuos\/engenharia-ambiental\/pgrs-programa-de-gerenciamento-de-residuos-solidos\/\">Ver art\u00edculo<\/a>","protected":false},"author":2,"featured_media":651,"parent":362,"menu_order":0,"comment_status":"closed","ping_status":"closed","template":"single-servicos.php","meta":[],"yoast_head":"<!-- This site is optimized with the Yoast SEO plugin v17.6 - https:\/\/yoast.com\/wordpress\/plugins\/seo\/ -->\n<title>Conhe\u00e7a o Programa de Gerenciamento de Res\u00edduos S\u00f3lidos da Ambipar<\/title>\n<meta name=\"description\" content=\"O PGRS \u00e9 um programa de identifica\u00e7\u00e3o da tipologia e quantidade de res\u00edduos gerados por um determinado processo ou empresa.\" \/>\n<meta name=\"robots\" content=\"index, follow, max-snippet:-1, max-image-preview:large, max-video-preview:-1\" \/>\n<link rel=\"canonical\" href=\"https:\/\/ambipar.com\/latam\/pt\/ambipar-environment\/gestao-e-valorizacao-de-residuos\/engenharia-ambiental\/pgrs-programa-de-gerenciamento-de-residuos-solidos\/\" \/>\n<meta property=\"og:locale\" content=\"es_ES\" \/>\n<meta property=\"og:type\" content=\"article\" \/>\n<meta property=\"og:title\" content=\"Conhe\u00e7a o Programa de Gerenciamento de Res\u00edduos S\u00f3lidos da Ambipar\" \/>\n<meta property=\"og:description\" content=\"O PGRS \u00e9 um programa de identifica\u00e7\u00e3o da tipologia e quantidade de res\u00edduos gerados por um determinado processo ou empresa.\" \/>\n<meta property=\"og:url\" content=\"https:\/\/ambipar.com\/latam\/pt\/ambipar-environment\/gestao-e-valorizacao-de-residuos\/engenharia-ambiental\/pgrs-programa-de-gerenciamento-de-residuos-solidos\/\" \/>\n<meta property=\"og:site_name\" content=\"Ambipar. A l\u00edder em gest\u00e3o ambiental.\" \/>\n<meta property=\"article:modified_time\" content=\"2021-01-05T23:09:31+00:00\" \/>\n<meta property=\"og:image\" content=\"https:\/\/ambipar.com\/latam\/wp-content\/uploads\/2020\/10\/brigada3.jpg\" \/>\n\t<meta property=\"og:image:width\" content=\"1000\" \/>\n\t<meta property=\"og:image:height\" content=\"1000\" \/>\n<meta name=\"twitter:card\" content=\"summary_large_image\" \/>\n<meta name=\"twitter:label1\" content=\"Est. reading time\" \/>\n\t<meta name=\"twitter:data1\" content=\"1 minuto\" \/>\n<script type=\"application\/ld+json\" class=\"yoast-schema-graph\">{\"@context\":\"https:\/\/schema.org\",\"@graph\":[{\"@type\":\"Organization\",\"@id\":\"https:\/\/ambipar.com\/latam\/#organization\",\"name\":\"Ambipar\",\"url\":\"https:\/\/ambipar.com\/latam\/\",\"sameAs\":[],\"logo\":{\"@type\":\"ImageObject\",\"@id\":\"https:\/\/ambipar.com\/latam\/#logo\",\"inLanguage\":\"es-CL\",\"url\":\"https:\/\/ambipar.com\/latam\/wp-content\/uploads\/2020\/10\/ambipar_color.png\",\"contentUrl\":\"https:\/\/ambipar.com\/latam\/wp-content\/uploads\/2020\/10\/ambipar_color.png\",\"width\":174,\"height\":107,\"caption\":\"Ambipar\"},\"image\":{\"@id\":\"https:\/\/ambipar.com\/latam\/#logo\"}},{\"@type\":\"WebSite\",\"@id\":\"https:\/\/ambipar.com\/latam\/#website\",\"url\":\"https:\/\/ambipar.com\/latam\/\",\"name\":\"Ambipar. A l\\u00edder em gest\\u00e3o ambiental.\",\"description\":\"Pioneira em solu\\u00e7\\u00f5es ambientais, a Ambipar atua em todo o territ\\u00f3rio nacional oferecendo solu\\u00e7\\u00f5es integradas para toda a cadeia de neg\\u00f3cio.\",\"publisher\":{\"@id\":\"https:\/\/ambipar.com\/latam\/#organization\"},\"potentialAction\":[{\"@type\":\"SearchAction\",\"target\":{\"@type\":\"EntryPoint\",\"urlTemplate\":\"https:\/\/ambipar.com\/latam\/?s={search_term_string}\"},\"query-input\":\"required name=search_term_string\"}],\"inLanguage\":\"es-CL\"},{\"@type\":\"ImageObject\",\"@id\":\"https:\/\/ambipar.com\/latam\/pt\/ambipar-environment\/gestao-e-valorizacao-de-residuos\/engenharia-ambiental\/pgrs-programa-de-gerenciamento-de-residuos-solidos\/#primaryimage\",\"inLanguage\":\"es-CL\",\"url\":\"https:\/\/ambipar.com\/latam\/wp-content\/uploads\/2020\/10\/brigada3.jpg\",\"contentUrl\":\"https:\/\/ambipar.com\/latam\/wp-content\/uploads\/2020\/10\/brigada3.jpg\",\"width\":1000,\"height\":1000,\"caption\":\"brigada\"},{\"@type\":\"WebPage\",\"@id\":\"https:\/\/ambipar.com\/latam\/pt\/ambipar-environment\/gestao-e-valorizacao-de-residuos\/engenharia-ambiental\/pgrs-programa-de-gerenciamento-de-residuos-solidos\/#webpage\",\"url\":\"https:\/\/ambipar.com\/latam\/pt\/ambipar-environment\/gestao-e-valorizacao-de-residuos\/engenharia-ambiental\/pgrs-programa-de-gerenciamento-de-residuos-solidos\/\",\"name\":\"Conhe\\u00e7a o Programa de Gerenciamento de Res\\u00edduos S\\u00f3lidos da Ambipar\",\"isPartOf\":{\"@id\":\"https:\/\/ambipar.com\/latam\/#website\"},\"primaryImageOfPage\":{\"@id\":\"https:\/\/ambipar.com\/latam\/pt\/ambipar-environment\/gestao-e-valorizacao-de-residuos\/engenharia-ambiental\/pgrs-programa-de-gerenciamento-de-residuos-solidos\/#primaryimage\"},\"datePublished\":\"2020-11-01T12:01:00+00:00\",\"dateModified\":\"2021-01-05T23:09:31+00:00\",\"description\":\"O PGRS \\u00e9 um programa de identifica\\u00e7\\u00e3o da tipologia e quantidade de res\\u00edduos gerados por um determinado processo ou empresa.\",\"breadcrumb\":{\"@id\":\"https:\/\/ambipar.com\/latam\/pt\/ambipar-environment\/gestao-e-valorizacao-de-residuos\/engenharia-ambiental\/pgrs-programa-de-gerenciamento-de-residuos-solidos\/#breadcrumb\"},\"inLanguage\":\"es-CL\",\"potentialAction\":[{\"@type\":\"ReadAction\",\"target\":[\"https:\/\/ambipar.com\/latam\/pt\/ambipar-environment\/gestao-e-valorizacao-de-residuos\/engenharia-ambiental\/pgrs-programa-de-gerenciamento-de-residuos-solidos\/\"]}]},{\"@type\":\"BreadcrumbList\",\"@id\":\"https:\/\/ambipar.com\/latam\/pt\/ambipar-environment\/gestao-e-valorizacao-de-residuos\/engenharia-ambiental\/pgrs-programa-de-gerenciamento-de-residuos-solidos\/#breadcrumb\",\"itemListElement\":[{\"@type\":\"ListItem\",\"position\":1,\"name\":\"Home\",\"item\":\"https:\/\/ambipar.com\/latam\/\"},{\"@type\":\"ListItem\",\"position\":2,\"name\":\"Ambipar Environment\",\"item\":\"https:\/\/ambipar.com\/latam\/pt\/ambipar-environment\/\"},{\"@type\":\"ListItem\",\"position\":3,\"name\":\"Gest\\u00e3o e Valoriza\\u00e7\\u00e3o de res\\u00edduos\",\"item\":\"https:\/\/ambipar.com\/latam\/pt\/ambipar-environment\/gestao-e-valorizacao-de-residuos\/\"},{\"@type\":\"ListItem\",\"position\":4,\"name\":\"Engenharia Ambiental\",\"item\":\"https:\/\/ambipar.com\/latam\/pt\/ambipar-environment\/gestao-e-valorizacao-de-residuos\/engenharia-ambiental\/\"},{\"@type\":\"ListItem\",\"position\":5,\"name\":\"PGRS &#8211; Programa de Gerenciamento de Res\\u00edduos S\\u00f3lidos\"}]}]}<\/script>\n<!-- \/ Yoast SEO plugin. -->","yoast_head_json":{"title":"Conhe\u00e7a o Programa de Gerenciamento de Res\u00edduos S\u00f3lidos da Ambipar","description":"O PGRS \u00e9 um programa de identifica\u00e7\u00e3o da tipologia e quantidade de res\u00edduos gerados por um determinado processo ou empresa.","robots":{"index":"index","follow":"follow","max-snippet":"max-snippet:-1","max-image-preview":"max-image-preview:large","max-video-preview":"max-video-preview:-1"},"canonical":"https:\/\/ambipar.com\/latam\/pt\/ambipar-environment\/gestao-e-valorizacao-de-residuos\/engenharia-ambiental\/pgrs-programa-de-gerenciamento-de-residuos-solidos\/","og_locale":"es_ES","og_type":"article","og_title":"Conhe\u00e7a o Programa de Gerenciamento de Res\u00edduos S\u00f3lidos da Ambipar","og_description":"O PGRS \u00e9 um programa de identifica\u00e7\u00e3o da tipologia e quantidade de res\u00edduos gerados por um determinado processo ou empresa.","og_url":"https:\/\/ambipar.com\/latam\/pt\/ambipar-environment\/gestao-e-valorizacao-de-residuos\/engenharia-ambiental\/pgrs-programa-de-gerenciamento-de-residuos-solidos\/","og_site_name":"Ambipar. A l\u00edder em gest\u00e3o ambiental.","article_modified_time":"2021-01-05T23:09:31+00:00","og_image":[{"width":1000,"height":1000,"url":"https:\/\/ambipar.com\/latam\/wp-content\/uploads\/2020\/10\/brigada3.jpg","type":"image\/jpeg"}],"twitter_card":"summary_large_image","twitter_misc":{"Est. reading time":"1 minuto"},"schema":{"@context":"https:\/\/schema.org","@graph":[{"@type":"Organization","@id":"https:\/\/ambipar.com\/latam\/#organization","name":"Ambipar","url":"https:\/\/ambipar.com\/latam\/","sameAs":[],"logo":{"@type":"ImageObject","@id":"https:\/\/ambipar.com\/latam\/#logo","inLanguage":"es-CL","url":"https:\/\/ambipar.com\/latam\/wp-content\/uploads\/2020\/10\/ambipar_color.png","contentUrl":"https:\/\/ambipar.com\/latam\/wp-content\/uploads\/2020\/10\/ambipar_color.png","width":174,"height":107,"caption":"Ambipar"},"image":{"@id":"https:\/\/ambipar.com\/latam\/#logo"}},{"@type":"WebSite","@id":"https:\/\/ambipar.com\/latam\/#website","url":"https:\/\/ambipar.com\/latam\/","name":"Ambipar. A l\u00edder em gest\u00e3o ambiental.","description":"Pioneira em solu\u00e7\u00f5es ambientais, a Ambipar atua em todo o territ\u00f3rio nacional oferecendo solu\u00e7\u00f5es integradas para toda a cadeia de neg\u00f3cio.","publisher":{"@id":"https:\/\/ambipar.com\/latam\/#organization"},"potentialAction":[{"@type":"SearchAction","target":{"@type":"EntryPoint","urlTemplate":"https:\/\/ambipar.com\/latam\/?s={search_term_string}"},"query-input":"required name=search_term_string"}],"inLanguage":"es-CL"},{"@type":"ImageObject","@id":"https:\/\/ambipar.com\/latam\/pt\/ambipar-environment\/gestao-e-valorizacao-de-residuos\/engenharia-ambiental\/pgrs-programa-de-gerenciamento-de-residuos-solidos\/#primaryimage","inLanguage":"es-CL","url":"https:\/\/ambipar.com\/latam\/wp-content\/uploads\/2020\/10\/brigada3.jpg","contentUrl":"https:\/\/ambipar.com\/latam\/wp-content\/uploads\/2020\/10\/brigada3.jpg","width":1000,"height":1000,"caption":"brigada"},{"@type":"WebPage","@id":"https:\/\/ambipar.com\/latam\/pt\/ambipar-environment\/gestao-e-valorizacao-de-residuos\/engenharia-ambiental\/pgrs-programa-de-gerenciamento-de-residuos-solidos\/#webpage","url":"https:\/\/ambipar.com\/latam\/pt\/ambipar-environment\/gestao-e-valorizacao-de-residuos\/engenharia-ambiental\/pgrs-programa-de-gerenciamento-de-residuos-solidos\/","name":"Conhe\u00e7a o Programa de Gerenciamento de Res\u00edduos S\u00f3lidos da Ambipar","isPartOf":{"@id":"https:\/\/ambipar.com\/latam\/#website"},"primaryImageOfPage":{"@id":"https:\/\/ambipar.com\/latam\/pt\/ambipar-environment\/gestao-e-valorizacao-de-residuos\/engenharia-ambiental\/pgrs-programa-de-gerenciamento-de-residuos-solidos\/#primaryimage"},"datePublished":"2020-11-01T12:01:00+00:00","dateModified":"2021-01-05T23:09:31+00:00","description":"O PGRS \u00e9 um programa de identifica\u00e7\u00e3o da tipologia e quantidade de res\u00edduos gerados por um determinado processo ou empresa.","breadcrumb":{"@id":"https:\/\/ambipar.com\/latam\/pt\/ambipar-environment\/gestao-e-valorizacao-de-residuos\/engenharia-ambiental\/pgrs-programa-de-gerenciamento-de-residuos-solidos\/#breadcrumb"},"inLanguage":"es-CL","potentialAction":[{"@type":"ReadAction","target":["https:\/\/ambipar.com\/latam\/pt\/ambipar-environment\/gestao-e-valorizacao-de-residuos\/engenharia-ambiental\/pgrs-programa-de-gerenciamento-de-residuos-solidos\/"]}]},{"@type":"BreadcrumbList","@id":"https:\/\/ambipar.com\/latam\/pt\/ambipar-environment\/gestao-e-valorizacao-de-residuos\/engenharia-ambiental\/pgrs-programa-de-gerenciamento-de-residuos-solidos\/#breadcrumb","itemListElement":[{"@type":"ListItem","position":1,"name":"Home","item":"https:\/\/ambipar.com\/latam\/"},{"@type":"ListItem","position":2,"name":"Ambipar Environment","item":"https:\/\/ambipar.com\/latam\/pt\/ambipar-environment\/"},{"@type":"ListItem","position":3,"name":"Gest\u00e3o e Valoriza\u00e7\u00e3o de res\u00edduos","item":"https:\/\/ambipar.com\/latam\/pt\/ambipar-environment\/gestao-e-valorizacao-de-residuos\/"},{"@type":"ListItem","position":4,"name":"Engenharia Ambiental","item":"https:\/\/ambipar.com\/latam\/pt\/ambipar-environment\/gestao-e-valorizacao-de-residuos\/engenharia-ambiental\/"},{"@type":"ListItem","position":5,"name":"PGRS &#8211; Programa de Gerenciamento de Res\u00edduos S\u00f3lidos"}]}]}},"_links":{"self":[{"href":"https:\/\/ambipar.com\/latam\/wp-json\/wp\/v2\/pages\/1318"}],"collection":[{"href":"https:\/\/ambipar.com\/latam\/wp-json\/wp\/v2\/pages"}],"about":[{"href":"https:\/\/ambipar.com\/latam\/wp-json\/wp\/v2\/types\/page"}],"author":[{"embeddable":true,"href":"https:\/\/ambipar.com\/latam\/wp-json\/wp\/v2\/users\/2"}],"replies":[{"embeddable":true,"href":"https:\/\/ambipar.com\/latam\/wp-json\/wp\/v2\/comments?post=1318"}],"version-history":[{"count":2,"href":"https:\/\/ambipar.com\/latam\/wp-json\/wp\/v2\/pages\/1318\/revisions"}],"predecessor-version":[{"id":1338,"href":"https:\/\/ambipar.com\/latam\/wp-json\/wp\/v2\/pages\/1318\/revisions\/1338"}],"up":[{"embeddable":true,"href":"https:\/\/ambipar.com\/latam\/wp-json\/wp\/v2\/pages\/362"}],"wp:featuredmedia":[{"embeddable":true,"href":"https:\/\/ambipar.com\/latam\/wp-json\/wp\/v2\/media\/651"}],"wp:attachment":[{"href":"https:\/\/ambipar.com\/latam\/wp-json\/wp\/v2\/media?parent=1318"}],"curies":[{"name":"wp","href":"https:\/\/api.w.org\/{rel}","templated":true}]}}