{"id":1329,"date":"2020-11-01T09:58:00","date_gmt":"2020-11-01T12:58:00","guid":{"rendered":"https:\/\/ambipar.com\/latam\/?page_id=1329"},"modified":"2021-01-05T20:07:53","modified_gmt":"2021-01-05T23:07:53","slug":"dragagem-e-desassoreamento-de-corpos-hidricos","status":"publish","type":"page","link":"https:\/\/ambipar.com\/latam\/pt\/ambipar-environment\/gestao-e-valorizacao-de-residuos\/engenharia-ambiental\/dragagem-e-desassoreamento-de-corpos-hidricos\/","title":{"rendered":"Dragagem e desassoreamento de corpos h\u00eddricos"},"content":{"rendered":"\n<p>Nas ind\u00fastrias, o processo produtivo \u00e9 inviabilizado por conta da deposi\u00e7\u00e3o de sedimentos que impactam no volume das lagoas industriais e tanques de emerg\u00eancia.&nbsp; A dragagem diminui os impactos ambientais com garantia de aumento da vida \u00fatil desses corpos h\u00eddricos.<\/p>\n\n\n\n<p>O servi\u00e7o engloba a preven\u00e7\u00e3o, estudos preliminares do local a ser dragado, an\u00e1lises, fornecimento de equipamentos, como mantas de impermeabiliza\u00e7\u00e3o, geomembrana, dragagem do material solidificado, recomposi\u00e7\u00e3o da lagoa e remedia\u00e7\u00e3o do solo.<\/p>\n\n\n\n<p>A remo\u00e7\u00e3o de materiais s\u00f3lidos em corpos h\u00eddricos \u00e9 realizada por meio de bombas de dragagem respons\u00e1veis pela remo\u00e7\u00e3o de solo, rochas e lodos do fundo dos corpos h\u00eddricos, com aplica\u00e7\u00f5es diversas. A dragagem \u00e9 dividida em tr\u00eas tipos:<\/p>\n\n\n\n<ul><li>Mec\u00e2nica<\/li><li>Hidr\u00e1ulica<\/li><li>Suc\u00e7\u00e3o<\/li><\/ul>\n\n\n\n<p>Conhe\u00e7a tamb\u00e9m: <\/p>\n\n\n\n<ul><li><a href=\"https:\/\/ambipar.com\/latam\/ambipar-environment\/gestao-e-valorizacao-de-residuos\/engenharia-ambiental\/analises-laboratoriais\/\">An\u00e1lises laboratoriais<\/a><\/li><li><a href=\"https:\/\/ambipar.com\/latam\/ambipar-environment\/gestao-e-valorizacao-de-residuos\/engenharia-ambiental\/caracterizacao-e-classificacao-de-residuos\/\">Caracteriza\u00e7\u00e3o e Classifica\u00e7\u00e3o de res\u00edduos<\/a><\/li><li><a href=\"https:\/\/ambipar.com\/latam\/ambipar-environment\/gestao-e-valorizacao-de-residuos\/engenharia-ambiental\/fdsr-ficha-de-dados-de-seguranca-de-residuos\/\">FDSR \u2013 Ficha de Dados de Seguran\u00e7a de Res\u00edduos<\/a><\/li><li><a href=\"https:\/\/ambipar.com\/latam\/ambipar-environment\/gestao-e-valorizacao-de-residuos\/engenharia-ambiental\/pgrs-programa-de-gerenciamento-de-residuos-solidos\/\">PGRS &#8211; Programa de Gerenciamento de Res\u00edduos S\u00f3lidos<\/a><\/li><li><a href=\"https:\/\/ambipar.com\/latam\/ambipar-environment\/gestao-e-valorizacao-de-residuos\/engenharia-ambiental\/licenciamento-ambiental\/\">Licenciamento Ambiental<\/a><\/li><li><a href=\"https:\/\/ambipar.com\/latam\/ambipar-environment\/gestao-e-valorizacao-de-residuos\/engenharia-ambiental\/projeto-e-execucao-ete-centrais-de-tratamento-patios-de-compostagem\/\">Projeto e Execu\u00e7\u00e3o (ETE, Centrais de tratamento, P\u00e1tios de compostagem)<\/a><\/li><\/ul>\n","protected":false},"excerpt":{"rendered":"Nas ind\u00fastrias, o processo produtivo \u00e9 inviabilizado por conta da deposi\u00e7\u00e3o de sedimentos que impactam no volume das lagoas industriais e tanques de emerg\u00eancia.&nbsp; A dragagem diminui os impactos ambientais com garantia de aumento da vida \u00fatil desses corpos h\u00eddricos. O servi\u00e7o engloba a preven\u00e7\u00e3o, estudos preliminares do local a ser dragado, an\u00e1lises, fornecimento de&#8230; <a class=\"view-article\" href=\"https:\/\/ambipar.com\/latam\/pt\/ambipar-environment\/gestao-e-valorizacao-de-residuos\/engenharia-ambiental\/dragagem-e-desassoreamento-de-corpos-hidricos\/\">Ver art\u00edculo<\/a>","protected":false},"author":2,"featured_media":1070,"parent":362,"menu_order":0,"comment_status":"closed","ping_status":"closed","template":"single-servicos.php","meta":[],"yoast_head":"<!-- This site is optimized with the Yoast SEO plugin v17.6 - https:\/\/yoast.com\/wordpress\/plugins\/seo\/ -->\n<title>Conhe\u00e7a Dragagem e desassoreamento de corpos h\u00eddricos da Ambipar<\/title>\n<meta name=\"description\" content=\"Nas ind\u00fastrias, o processo produtivo \u00e9 inviabilizado por conta da deposi\u00e7\u00e3o de sedimentos que impactam no volume das lagoas industriais.\" \/>\n<meta name=\"robots\" content=\"index, follow, max-snippet:-1, max-image-preview:large, max-video-preview:-1\" \/>\n<link rel=\"canonical\" href=\"https:\/\/ambipar.com\/latam\/pt\/ambipar-environment\/gestao-e-valorizacao-de-residuos\/engenharia-ambiental\/dragagem-e-desassoreamento-de-corpos-hidricos\/\" \/>\n<meta property=\"og:locale\" content=\"es_ES\" \/>\n<meta property=\"og:type\" content=\"article\" \/>\n<meta property=\"og:title\" content=\"Conhe\u00e7a Dragagem e desassoreamento de corpos h\u00eddricos da Ambipar\" \/>\n<meta property=\"og:description\" content=\"Nas ind\u00fastrias, o processo produtivo \u00e9 inviabilizado por conta da deposi\u00e7\u00e3o de sedimentos que impactam no volume das lagoas industriais.\" \/>\n<meta property=\"og:url\" content=\"https:\/\/ambipar.com\/latam\/pt\/ambipar-environment\/gestao-e-valorizacao-de-residuos\/engenharia-ambiental\/dragagem-e-desassoreamento-de-corpos-hidricos\/\" \/>\n<meta property=\"og:site_name\" content=\"Ambipar. A l\u00edder em gest\u00e3o ambiental.\" \/>\n<meta property=\"article:modified_time\" content=\"2021-01-05T23:07:53+00:00\" \/>\n<meta property=\"og:image\" content=\"https:\/\/ambipar.com\/latam\/wp-content\/uploads\/2020\/10\/simular.jpg\" \/>\n\t<meta property=\"og:image:width\" content=\"1000\" \/>\n\t<meta property=\"og:image:height\" content=\"1000\" \/>\n<meta name=\"twitter:card\" content=\"summary_large_image\" \/>\n<meta name=\"twitter:label1\" content=\"Est. reading time\" \/>\n\t<meta name=\"twitter:data1\" content=\"1 minuto\" \/>\n<script type=\"application\/ld+json\" class=\"yoast-schema-graph\">{\"@context\":\"https:\/\/schema.org\",\"@graph\":[{\"@type\":\"Organization\",\"@id\":\"https:\/\/ambipar.com\/latam\/#organization\",\"name\":\"Ambipar\",\"url\":\"https:\/\/ambipar.com\/latam\/\",\"sameAs\":[],\"logo\":{\"@type\":\"ImageObject\",\"@id\":\"https:\/\/ambipar.com\/latam\/#logo\",\"inLanguage\":\"es-CL\",\"url\":\"https:\/\/ambipar.com\/latam\/wp-content\/uploads\/2020\/10\/ambipar_color.png\",\"contentUrl\":\"https:\/\/ambipar.com\/latam\/wp-content\/uploads\/2020\/10\/ambipar_color.png\",\"width\":174,\"height\":107,\"caption\":\"Ambipar\"},\"image\":{\"@id\":\"https:\/\/ambipar.com\/latam\/#logo\"}},{\"@type\":\"WebSite\",\"@id\":\"https:\/\/ambipar.com\/latam\/#website\",\"url\":\"https:\/\/ambipar.com\/latam\/\",\"name\":\"Ambipar. A l\\u00edder em gest\\u00e3o ambiental.\",\"description\":\"Pioneira em solu\\u00e7\\u00f5es ambientais, a Ambipar atua em todo o territ\\u00f3rio nacional oferecendo solu\\u00e7\\u00f5es integradas para toda a cadeia de neg\\u00f3cio.\",\"publisher\":{\"@id\":\"https:\/\/ambipar.com\/latam\/#organization\"},\"potentialAction\":[{\"@type\":\"SearchAction\",\"target\":{\"@type\":\"EntryPoint\",\"urlTemplate\":\"https:\/\/ambipar.com\/latam\/?s={search_term_string}\"},\"query-input\":\"required name=search_term_string\"}],\"inLanguage\":\"es-CL\"},{\"@type\":\"ImageObject\",\"@id\":\"https:\/\/ambipar.com\/latam\/pt\/ambipar-environment\/gestao-e-valorizacao-de-residuos\/engenharia-ambiental\/dragagem-e-desassoreamento-de-corpos-hidricos\/#primaryimage\",\"inLanguage\":\"es-CL\",\"url\":\"https:\/\/ambipar.com\/latam\/wp-content\/uploads\/2020\/10\/simular.jpg\",\"contentUrl\":\"https:\/\/ambipar.com\/latam\/wp-content\/uploads\/2020\/10\/simular.jpg\",\"width\":1000,\"height\":1000,\"caption\":\"simular\"},{\"@type\":\"WebPage\",\"@id\":\"https:\/\/ambipar.com\/latam\/pt\/ambipar-environment\/gestao-e-valorizacao-de-residuos\/engenharia-ambiental\/dragagem-e-desassoreamento-de-corpos-hidricos\/#webpage\",\"url\":\"https:\/\/ambipar.com\/latam\/pt\/ambipar-environment\/gestao-e-valorizacao-de-residuos\/engenharia-ambiental\/dragagem-e-desassoreamento-de-corpos-hidricos\/\",\"name\":\"Conhe\\u00e7a Dragagem e desassoreamento de corpos h\\u00eddricos da Ambipar\",\"isPartOf\":{\"@id\":\"https:\/\/ambipar.com\/latam\/#website\"},\"primaryImageOfPage\":{\"@id\":\"https:\/\/ambipar.com\/latam\/pt\/ambipar-environment\/gestao-e-valorizacao-de-residuos\/engenharia-ambiental\/dragagem-e-desassoreamento-de-corpos-hidricos\/#primaryimage\"},\"datePublished\":\"2020-11-01T12:58:00+00:00\",\"dateModified\":\"2021-01-05T23:07:53+00:00\",\"description\":\"Nas ind\\u00fastrias, o processo produtivo \\u00e9 inviabilizado por conta da deposi\\u00e7\\u00e3o de sedimentos que impactam no volume das lagoas industriais.\",\"breadcrumb\":{\"@id\":\"https:\/\/ambipar.com\/latam\/pt\/ambipar-environment\/gestao-e-valorizacao-de-residuos\/engenharia-ambiental\/dragagem-e-desassoreamento-de-corpos-hidricos\/#breadcrumb\"},\"inLanguage\":\"es-CL\",\"potentialAction\":[{\"@type\":\"ReadAction\",\"target\":[\"https:\/\/ambipar.com\/latam\/pt\/ambipar-environment\/gestao-e-valorizacao-de-residuos\/engenharia-ambiental\/dragagem-e-desassoreamento-de-corpos-hidricos\/\"]}]},{\"@type\":\"BreadcrumbList\",\"@id\":\"https:\/\/ambipar.com\/latam\/pt\/ambipar-environment\/gestao-e-valorizacao-de-residuos\/engenharia-ambiental\/dragagem-e-desassoreamento-de-corpos-hidricos\/#breadcrumb\",\"itemListElement\":[{\"@type\":\"ListItem\",\"position\":1,\"name\":\"Home\",\"item\":\"https:\/\/ambipar.com\/latam\/\"},{\"@type\":\"ListItem\",\"position\":2,\"name\":\"Ambipar Environment\",\"item\":\"https:\/\/ambipar.com\/latam\/pt\/ambipar-environment\/\"},{\"@type\":\"ListItem\",\"position\":3,\"name\":\"Gest\\u00e3o e Valoriza\\u00e7\\u00e3o de res\\u00edduos\",\"item\":\"https:\/\/ambipar.com\/latam\/pt\/ambipar-environment\/gestao-e-valorizacao-de-residuos\/\"},{\"@type\":\"ListItem\",\"position\":4,\"name\":\"Engenharia Ambiental\",\"item\":\"https:\/\/ambipar.com\/latam\/pt\/ambipar-environment\/gestao-e-valorizacao-de-residuos\/engenharia-ambiental\/\"},{\"@type\":\"ListItem\",\"position\":5,\"name\":\"Dragagem e desassoreamento de corpos h\\u00eddricos\"}]}]}<\/script>\n<!-- \/ Yoast SEO plugin. -->","yoast_head_json":{"title":"Conhe\u00e7a Dragagem e desassoreamento de corpos h\u00eddricos da Ambipar","description":"Nas ind\u00fastrias, o processo produtivo \u00e9 inviabilizado por conta da deposi\u00e7\u00e3o de sedimentos que impactam no volume das lagoas industriais.","robots":{"index":"index","follow":"follow","max-snippet":"max-snippet:-1","max-image-preview":"max-image-preview:large","max-video-preview":"max-video-preview:-1"},"canonical":"https:\/\/ambipar.com\/latam\/pt\/ambipar-environment\/gestao-e-valorizacao-de-residuos\/engenharia-ambiental\/dragagem-e-desassoreamento-de-corpos-hidricos\/","og_locale":"es_ES","og_type":"article","og_title":"Conhe\u00e7a Dragagem e desassoreamento de corpos h\u00eddricos da Ambipar","og_description":"Nas ind\u00fastrias, o processo produtivo \u00e9 inviabilizado por conta da deposi\u00e7\u00e3o de sedimentos que impactam no volume das lagoas industriais.","og_url":"https:\/\/ambipar.com\/latam\/pt\/ambipar-environment\/gestao-e-valorizacao-de-residuos\/engenharia-ambiental\/dragagem-e-desassoreamento-de-corpos-hidricos\/","og_site_name":"Ambipar. A l\u00edder em gest\u00e3o ambiental.","article_modified_time":"2021-01-05T23:07:53+00:00","og_image":[{"width":1000,"height":1000,"url":"https:\/\/ambipar.com\/latam\/wp-content\/uploads\/2020\/10\/simular.jpg","type":"image\/jpeg"}],"twitter_card":"summary_large_image","twitter_misc":{"Est. reading time":"1 minuto"},"schema":{"@context":"https:\/\/schema.org","@graph":[{"@type":"Organization","@id":"https:\/\/ambipar.com\/latam\/#organization","name":"Ambipar","url":"https:\/\/ambipar.com\/latam\/","sameAs":[],"logo":{"@type":"ImageObject","@id":"https:\/\/ambipar.com\/latam\/#logo","inLanguage":"es-CL","url":"https:\/\/ambipar.com\/latam\/wp-content\/uploads\/2020\/10\/ambipar_color.png","contentUrl":"https:\/\/ambipar.com\/latam\/wp-content\/uploads\/2020\/10\/ambipar_color.png","width":174,"height":107,"caption":"Ambipar"},"image":{"@id":"https:\/\/ambipar.com\/latam\/#logo"}},{"@type":"WebSite","@id":"https:\/\/ambipar.com\/latam\/#website","url":"https:\/\/ambipar.com\/latam\/","name":"Ambipar. A l\u00edder em gest\u00e3o ambiental.","description":"Pioneira em solu\u00e7\u00f5es ambientais, a Ambipar atua em todo o territ\u00f3rio nacional oferecendo solu\u00e7\u00f5es integradas para toda a cadeia de neg\u00f3cio.","publisher":{"@id":"https:\/\/ambipar.com\/latam\/#organization"},"potentialAction":[{"@type":"SearchAction","target":{"@type":"EntryPoint","urlTemplate":"https:\/\/ambipar.com\/latam\/?s={search_term_string}"},"query-input":"required name=search_term_string"}],"inLanguage":"es-CL"},{"@type":"ImageObject","@id":"https:\/\/ambipar.com\/latam\/pt\/ambipar-environment\/gestao-e-valorizacao-de-residuos\/engenharia-ambiental\/dragagem-e-desassoreamento-de-corpos-hidricos\/#primaryimage","inLanguage":"es-CL","url":"https:\/\/ambipar.com\/latam\/wp-content\/uploads\/2020\/10\/simular.jpg","contentUrl":"https:\/\/ambipar.com\/latam\/wp-content\/uploads\/2020\/10\/simular.jpg","width":1000,"height":1000,"caption":"simular"},{"@type":"WebPage","@id":"https:\/\/ambipar.com\/latam\/pt\/ambipar-environment\/gestao-e-valorizacao-de-residuos\/engenharia-ambiental\/dragagem-e-desassoreamento-de-corpos-hidricos\/#webpage","url":"https:\/\/ambipar.com\/latam\/pt\/ambipar-environment\/gestao-e-valorizacao-de-residuos\/engenharia-ambiental\/dragagem-e-desassoreamento-de-corpos-hidricos\/","name":"Conhe\u00e7a Dragagem e desassoreamento de corpos h\u00eddricos da Ambipar","isPartOf":{"@id":"https:\/\/ambipar.com\/latam\/#website"},"primaryImageOfPage":{"@id":"https:\/\/ambipar.com\/latam\/pt\/ambipar-environment\/gestao-e-valorizacao-de-residuos\/engenharia-ambiental\/dragagem-e-desassoreamento-de-corpos-hidricos\/#primaryimage"},"datePublished":"2020-11-01T12:58:00+00:00","dateModified":"2021-01-05T23:07:53+00:00","description":"Nas ind\u00fastrias, o processo produtivo \u00e9 inviabilizado por conta da deposi\u00e7\u00e3o de sedimentos que impactam no volume das lagoas industriais.","breadcrumb":{"@id":"https:\/\/ambipar.com\/latam\/pt\/ambipar-environment\/gestao-e-valorizacao-de-residuos\/engenharia-ambiental\/dragagem-e-desassoreamento-de-corpos-hidricos\/#breadcrumb"},"inLanguage":"es-CL","potentialAction":[{"@type":"ReadAction","target":["https:\/\/ambipar.com\/latam\/pt\/ambipar-environment\/gestao-e-valorizacao-de-residuos\/engenharia-ambiental\/dragagem-e-desassoreamento-de-corpos-hidricos\/"]}]},{"@type":"BreadcrumbList","@id":"https:\/\/ambipar.com\/latam\/pt\/ambipar-environment\/gestao-e-valorizacao-de-residuos\/engenharia-ambiental\/dragagem-e-desassoreamento-de-corpos-hidricos\/#breadcrumb","itemListElement":[{"@type":"ListItem","position":1,"name":"Home","item":"https:\/\/ambipar.com\/latam\/"},{"@type":"ListItem","position":2,"name":"Ambipar Environment","item":"https:\/\/ambipar.com\/latam\/pt\/ambipar-environment\/"},{"@type":"ListItem","position":3,"name":"Gest\u00e3o e Valoriza\u00e7\u00e3o de res\u00edduos","item":"https:\/\/ambipar.com\/latam\/pt\/ambipar-environment\/gestao-e-valorizacao-de-residuos\/"},{"@type":"ListItem","position":4,"name":"Engenharia Ambiental","item":"https:\/\/ambipar.com\/latam\/pt\/ambipar-environment\/gestao-e-valorizacao-de-residuos\/engenharia-ambiental\/"},{"@type":"ListItem","position":5,"name":"Dragagem e desassoreamento de corpos h\u00eddricos"}]}]}},"_links":{"self":[{"href":"https:\/\/ambipar.com\/latam\/wp-json\/wp\/v2\/pages\/1329"}],"collection":[{"href":"https:\/\/ambipar.com\/latam\/wp-json\/wp\/v2\/pages"}],"about":[{"href":"https:\/\/ambipar.com\/latam\/wp-json\/wp\/v2\/types\/page"}],"author":[{"embeddable":true,"href":"https:\/\/ambipar.com\/latam\/wp-json\/wp\/v2\/users\/2"}],"replies":[{"embeddable":true,"href":"https:\/\/ambipar.com\/latam\/wp-json\/wp\/v2\/comments?post=1329"}],"version-history":[{"count":3,"href":"https:\/\/ambipar.com\/latam\/wp-json\/wp\/v2\/pages\/1329\/revisions"}],"predecessor-version":[{"id":1341,"href":"https:\/\/ambipar.com\/latam\/wp-json\/wp\/v2\/pages\/1329\/revisions\/1341"}],"up":[{"embeddable":true,"href":"https:\/\/ambipar.com\/latam\/wp-json\/wp\/v2\/pages\/362"}],"wp:featuredmedia":[{"embeddable":true,"href":"https:\/\/ambipar.com\/latam\/wp-json\/wp\/v2\/media\/1070"}],"wp:attachment":[{"href":"https:\/\/ambipar.com\/latam\/wp-json\/wp\/v2\/media?parent=1329"}],"curies":[{"name":"wp","href":"https:\/\/api.w.org\/{rel}","templated":true}]}}