{"id":1366,"date":"2020-11-04T19:08:13","date_gmt":"2020-11-04T22:08:13","guid":{"rendered":"https:\/\/ambipar.com\/latam\/?page_id=1366"},"modified":"2021-01-05T20:27:57","modified_gmt":"2021-01-05T23:27:57","slug":"waste-management-and-recovery","status":"publish","type":"page","link":"https:\/\/ambipar.com\/latam\/en\/ambipar-environment\/waste-management-and-recovery\/","title":{"rendered":"Waste Management and Recovery"},"content":{"rendered":"","protected":false},"excerpt":{"rendered":"","protected":false},"author":1,"featured_media":0,"parent":5,"menu_order":0,"comment_status":"closed","ping_status":"closed","template":"","meta":[],"yoast_head":"<!-- This site is optimized with the Yoast SEO plugin v17.6 - https:\/\/yoast.com\/wordpress\/plugins\/seo\/ -->\n<title>Discover Ambipar Environment&#039;s Waste Management and Recovery<\/title>\n<meta name=\"description\" content=\"Ambipar minimizes environmental impacts by offering integrated solutions with a focus on zero landfill policy\" \/>\n<meta name=\"robots\" content=\"index, follow, max-snippet:-1, max-image-preview:large, max-video-preview:-1\" \/>\n<link rel=\"canonical\" href=\"https:\/\/ambipar.com\/latam\/en\/ambipar-environment\/waste-management-and-recovery\/\" \/>\n<meta property=\"og:locale\" content=\"es_ES\" \/>\n<meta property=\"og:type\" content=\"article\" \/>\n<meta property=\"og:title\" content=\"Discover Ambipar Environment&#039;s Waste Management and Recovery\" \/>\n<meta property=\"og:description\" content=\"Ambipar minimizes environmental impacts by offering integrated solutions with a focus on zero landfill policy\" \/>\n<meta property=\"og:url\" content=\"https:\/\/ambipar.com\/latam\/en\/ambipar-environment\/waste-management-and-recovery\/\" \/>\n<meta property=\"og:site_name\" content=\"Ambipar. A l\u00edder em gest\u00e3o ambiental.\" \/>\n<meta property=\"article:modified_time\" content=\"2021-01-05T23:27:57+00:00\" \/>\n<meta name=\"twitter:card\" content=\"summary_large_image\" \/>\n<script type=\"application\/ld+json\" class=\"yoast-schema-graph\">{\"@context\":\"https:\/\/schema.org\",\"@graph\":[{\"@type\":\"Organization\",\"@id\":\"https:\/\/ambipar.com\/latam\/#organization\",\"name\":\"Ambipar\",\"url\":\"https:\/\/ambipar.com\/latam\/\",\"sameAs\":[],\"logo\":{\"@type\":\"ImageObject\",\"@id\":\"https:\/\/ambipar.com\/latam\/#logo\",\"inLanguage\":\"es-CL\",\"url\":\"https:\/\/ambipar.com\/latam\/wp-content\/uploads\/2020\/10\/ambipar_color.png\",\"contentUrl\":\"https:\/\/ambipar.com\/latam\/wp-content\/uploads\/2020\/10\/ambipar_color.png\",\"width\":174,\"height\":107,\"caption\":\"Ambipar\"},\"image\":{\"@id\":\"https:\/\/ambipar.com\/latam\/#logo\"}},{\"@type\":\"WebSite\",\"@id\":\"https:\/\/ambipar.com\/latam\/#website\",\"url\":\"https:\/\/ambipar.com\/latam\/\",\"name\":\"Ambipar. A l\\u00edder em gest\\u00e3o ambiental.\",\"description\":\"Pioneira em solu\\u00e7\\u00f5es ambientais, a Ambipar atua em todo o territ\\u00f3rio nacional oferecendo solu\\u00e7\\u00f5es integradas para toda a cadeia de neg\\u00f3cio.\",\"publisher\":{\"@id\":\"https:\/\/ambipar.com\/latam\/#organization\"},\"potentialAction\":[{\"@type\":\"SearchAction\",\"target\":{\"@type\":\"EntryPoint\",\"urlTemplate\":\"https:\/\/ambipar.com\/latam\/?s={search_term_string}\"},\"query-input\":\"required name=search_term_string\"}],\"inLanguage\":\"es-CL\"},{\"@type\":\"WebPage\",\"@id\":\"https:\/\/ambipar.com\/latam\/en\/ambipar-environment\/waste-management-and-recovery\/#webpage\",\"url\":\"https:\/\/ambipar.com\/latam\/en\/ambipar-environment\/waste-management-and-recovery\/\",\"name\":\"Discover Ambipar Environment's Waste Management and Recovery\",\"isPartOf\":{\"@id\":\"https:\/\/ambipar.com\/latam\/#website\"},\"datePublished\":\"2020-11-04T22:08:13+00:00\",\"dateModified\":\"2021-01-05T23:27:57+00:00\",\"description\":\"Ambipar minimizes environmental impacts by offering integrated solutions with a focus on zero landfill policy\",\"breadcrumb\":{\"@id\":\"https:\/\/ambipar.com\/latam\/en\/ambipar-environment\/waste-management-and-recovery\/#breadcrumb\"},\"inLanguage\":\"es-CL\",\"potentialAction\":[{\"@type\":\"ReadAction\",\"target\":[\"https:\/\/ambipar.com\/latam\/en\/ambipar-environment\/waste-management-and-recovery\/\"]}]},{\"@type\":\"BreadcrumbList\",\"@id\":\"https:\/\/ambipar.com\/latam\/en\/ambipar-environment\/waste-management-and-recovery\/#breadcrumb\",\"itemListElement\":[{\"@type\":\"ListItem\",\"position\":1,\"name\":\"Home\",\"item\":\"https:\/\/ambipar.com\/latam\/\"},{\"@type\":\"ListItem\",\"position\":2,\"name\":\"Ambipar Environment\",\"item\":\"https:\/\/ambipar.com\/latam\/pt\/ambipar-environment\/\"},{\"@type\":\"ListItem\",\"position\":3,\"name\":\"Waste Management and Recovery\"}]}]}<\/script>\n<!-- \/ Yoast SEO plugin. -->","yoast_head_json":{"title":"Discover Ambipar Environment's Waste Management and Recovery","description":"Ambipar minimizes environmental impacts by offering integrated solutions with a focus on zero landfill policy","robots":{"index":"index","follow":"follow","max-snippet":"max-snippet:-1","max-image-preview":"max-image-preview:large","max-video-preview":"max-video-preview:-1"},"canonical":"https:\/\/ambipar.com\/latam\/en\/ambipar-environment\/waste-management-and-recovery\/","og_locale":"es_ES","og_type":"article","og_title":"Discover Ambipar Environment's Waste Management and Recovery","og_description":"Ambipar minimizes environmental impacts by offering integrated solutions with a focus on zero landfill policy","og_url":"https:\/\/ambipar.com\/latam\/en\/ambipar-environment\/waste-management-and-recovery\/","og_site_name":"Ambipar. A l\u00edder em gest\u00e3o ambiental.","article_modified_time":"2021-01-05T23:27:57+00:00","twitter_card":"summary_large_image","schema":{"@context":"https:\/\/schema.org","@graph":[{"@type":"Organization","@id":"https:\/\/ambipar.com\/latam\/#organization","name":"Ambipar","url":"https:\/\/ambipar.com\/latam\/","sameAs":[],"logo":{"@type":"ImageObject","@id":"https:\/\/ambipar.com\/latam\/#logo","inLanguage":"es-CL","url":"https:\/\/ambipar.com\/latam\/wp-content\/uploads\/2020\/10\/ambipar_color.png","contentUrl":"https:\/\/ambipar.com\/latam\/wp-content\/uploads\/2020\/10\/ambipar_color.png","width":174,"height":107,"caption":"Ambipar"},"image":{"@id":"https:\/\/ambipar.com\/latam\/#logo"}},{"@type":"WebSite","@id":"https:\/\/ambipar.com\/latam\/#website","url":"https:\/\/ambipar.com\/latam\/","name":"Ambipar. A l\u00edder em gest\u00e3o ambiental.","description":"Pioneira em solu\u00e7\u00f5es ambientais, a Ambipar atua em todo o territ\u00f3rio nacional oferecendo solu\u00e7\u00f5es integradas para toda a cadeia de neg\u00f3cio.","publisher":{"@id":"https:\/\/ambipar.com\/latam\/#organization"},"potentialAction":[{"@type":"SearchAction","target":{"@type":"EntryPoint","urlTemplate":"https:\/\/ambipar.com\/latam\/?s={search_term_string}"},"query-input":"required name=search_term_string"}],"inLanguage":"es-CL"},{"@type":"WebPage","@id":"https:\/\/ambipar.com\/latam\/en\/ambipar-environment\/waste-management-and-recovery\/#webpage","url":"https:\/\/ambipar.com\/latam\/en\/ambipar-environment\/waste-management-and-recovery\/","name":"Discover Ambipar Environment's Waste Management and Recovery","isPartOf":{"@id":"https:\/\/ambipar.com\/latam\/#website"},"datePublished":"2020-11-04T22:08:13+00:00","dateModified":"2021-01-05T23:27:57+00:00","description":"Ambipar minimizes environmental impacts by offering integrated solutions with a focus on zero landfill policy","breadcrumb":{"@id":"https:\/\/ambipar.com\/latam\/en\/ambipar-environment\/waste-management-and-recovery\/#breadcrumb"},"inLanguage":"es-CL","potentialAction":[{"@type":"ReadAction","target":["https:\/\/ambipar.com\/latam\/en\/ambipar-environment\/waste-management-and-recovery\/"]}]},{"@type":"BreadcrumbList","@id":"https:\/\/ambipar.com\/latam\/en\/ambipar-environment\/waste-management-and-recovery\/#breadcrumb","itemListElement":[{"@type":"ListItem","position":1,"name":"Home","item":"https:\/\/ambipar.com\/latam\/"},{"@type":"ListItem","position":2,"name":"Ambipar Environment","item":"https:\/\/ambipar.com\/latam\/pt\/ambipar-environment\/"},{"@type":"ListItem","position":3,"name":"Waste Management and Recovery"}]}]}},"_links":{"self":[{"href":"https:\/\/ambipar.com\/latam\/wp-json\/wp\/v2\/pages\/1366"}],"collection":[{"href":"https:\/\/ambipar.com\/latam\/wp-json\/wp\/v2\/pages"}],"about":[{"href":"https:\/\/ambipar.com\/latam\/wp-json\/wp\/v2\/types\/page"}],"author":[{"embeddable":true,"href":"https:\/\/ambipar.com\/latam\/wp-json\/wp\/v2\/users\/1"}],"replies":[{"embeddable":true,"href":"https:\/\/ambipar.com\/latam\/wp-json\/wp\/v2\/comments?post=1366"}],"version-history":[{"count":1,"href":"https:\/\/ambipar.com\/latam\/wp-json\/wp\/v2\/pages\/1366\/revisions"}],"predecessor-version":[{"id":1367,"href":"https:\/\/ambipar.com\/latam\/wp-json\/wp\/v2\/pages\/1366\/revisions\/1367"}],"up":[{"embeddable":true,"href":"https:\/\/ambipar.com\/latam\/wp-json\/wp\/v2\/pages\/5"}],"wp:attachment":[{"href":"https:\/\/ambipar.com\/latam\/wp-json\/wp\/v2\/media?parent=1366"}],"curies":[{"name":"wp","href":"https:\/\/api.w.org\/{rel}","templated":true}]}}