{"id":1493,"date":"2020-11-13T11:02:29","date_gmt":"2020-11-13T14:02:29","guid":{"rendered":"https:\/\/ambipar.com\/latam\/?page_id=1493"},"modified":"2023-03-27T12:54:47","modified_gmt":"2023-03-27T15:54:47","slug":"investigacion-desarrollo-innovacion-pdi","status":"publish","type":"page","link":"https:\/\/ambipar.com\/latam\/ambipar-environment-2\/gestion-y-valoracion-de-residuos\/investigacion-desarrollo-innovacion-pdi\/","title":{"rendered":"Investigaci\u00f3n Desarrollo &#038; Innovaci\u00f3n (PD&#038;I)"},"content":{"rendered":"\n<p>Ambipar invierte continuamente en investigaci\u00f3n y desarrollo de nuevas tecnolog\u00edas que promueven valor agregado en residuos para la aplicaci\u00f3n de la econom\u00eda circular.<\/p>\n\n\n\n<p>El Centro de PD&amp;I ubicado en el complejo internacional de Nova Odessa \/ SP tiene una infraestructura compuesta por laboratorios, plantas piloto preindustriales e investigadores dedicados.<\/p>\n\n\n\n<p>As\u00ed, Ambipar ha diferenciado el know-how en el segmento de innovaci\u00f3n tecnol\u00f3gica ambiental, generando contenidos, patentes, productos y licencias.<\/p>\n\n\n\n<ul><li>12 Patentes<\/li><li>29 Premios<\/li><li>Aplicaci\u00f3n Carbon Neutralizer<\/li><\/ul>\n\n\n\n<p>Vea tambi\u00e9n:<\/p>\n\n\n\n<ul><li><a href=\"https:\/\/ambipar.com\/latam\/ambipar-environment-2\/gestion-y-valoracion-de-residuos\/tratamiento-de-residuos\/\"><\/a><a href=\"https:\/\/ambipar.com\/latam\/ambipar-environment-2\/gestion-y-valoracion-de-residuos\/tratamiento-de-residuos\/\">Tratamiento de Residuos<\/a><\/li><li><a href=\"https:\/\/ambipar.com\/latam\/ambipar-environment-2\/gestion-y-valoracion-de-residuos\/tratamiento-de-residuos\/\"><\/a><a href=\"https:\/\/ambipar.com\/latam\/ambipar-environment-2\/gestion-y-valoracion-de-residuos\/valoracion-agronomica\/\">Valoraci\u00f3n Agron\u00f3mica<\/a><\/li><li><a href=\"https:\/\/ambipar.com\/latam\/ambipar-environment-2\/gestion-y-valoracion-de-residuos\/tratamiento-de-residuos\/\"><\/a><a href=\"https:\/\/ambipar.com\/latam\/ambipar-environment-2\/gestion-y-valoracion-de-residuos\/ingenieria-ambiental\/\">Ingenier\u00eda Ambiental<\/a><\/li><\/ul>\n\n\n\n<p><\/p>\n","protected":false},"excerpt":{"rendered":"Ambipar invierte continuamente en investigaci\u00f3n y desarrollo de nuevas tecnolog\u00edas que promueven valor agregado en residuos para la aplicaci\u00f3n de la econom\u00eda circular. El Centro de PD&amp;I ubicado en el complejo internacional de Nova Odessa \/ SP tiene una infraestructura compuesta por laboratorios, plantas piloto preindustriales e investigadores dedicados. As\u00ed, Ambipar ha diferenciado el know-how&#8230; <a class=\"view-article\" href=\"https:\/\/ambipar.com\/latam\/ambipar-environment-2\/gestion-y-valoracion-de-residuos\/investigacion-desarrollo-innovacion-pdi\/\">Ver art\u00edculo<\/a>","protected":false},"author":1,"featured_media":172,"parent":1368,"menu_order":0,"comment_status":"closed","ping_status":"closed","template":"single-servicos.php","meta":[],"yoast_head":"<!-- This site is optimized with the Yoast SEO plugin v17.6 - https:\/\/yoast.com\/wordpress\/plugins\/seo\/ -->\n<title>Descubra los servicios de PD&amp;I de Ambipar Environment<\/title>\n<meta name=\"description\" content=\"Ambipar invierte en investigaci\u00f3n y desarrollo de nuevas tecnolog\u00edas que promueven valor agregado en residuos para la aplicaci\u00f3n de la econom\u00eda circular.\" \/>\n<meta name=\"robots\" content=\"index, follow, max-snippet:-1, max-image-preview:large, max-video-preview:-1\" \/>\n<link rel=\"canonical\" href=\"https:\/\/ambipar.com\/latam\/ambipar-environment-2\/gestion-y-valoracion-de-residuos\/investigacion-desarrollo-innovacion-pdi\/\" \/>\n<meta property=\"og:locale\" content=\"es_ES\" \/>\n<meta property=\"og:type\" content=\"article\" \/>\n<meta property=\"og:title\" content=\"Descubra los servicios de PD&amp;I de Ambipar Environment\" \/>\n<meta property=\"og:description\" content=\"Ambipar invierte en investigaci\u00f3n y desarrollo de nuevas tecnolog\u00edas que promueven valor agregado en residuos para la aplicaci\u00f3n de la econom\u00eda circular.\" \/>\n<meta property=\"og:url\" content=\"https:\/\/ambipar.com\/latam\/ambipar-environment-2\/gestion-y-valoracion-de-residuos\/investigacion-desarrollo-innovacion-pdi\/\" \/>\n<meta property=\"og:site_name\" content=\"Ambipar. A l\u00edder em gest\u00e3o ambiental.\" \/>\n<meta property=\"article:modified_time\" content=\"2023-03-27T15:54:47+00:00\" \/>\n<meta property=\"og:image\" content=\"https:\/\/ambipar.com\/latam\/wp-content\/uploads\/2020\/10\/Pesquisadesenvolvimento.jpg\" \/>\n\t<meta property=\"og:image:width\" content=\"1006\" \/>\n\t<meta property=\"og:image:height\" content=\"1022\" \/>\n<meta name=\"twitter:card\" content=\"summary_large_image\" \/>\n<meta name=\"twitter:label1\" content=\"Est. reading time\" \/>\n\t<meta name=\"twitter:data1\" content=\"1 minuto\" \/>\n<script type=\"application\/ld+json\" class=\"yoast-schema-graph\">{\"@context\":\"https:\/\/schema.org\",\"@graph\":[{\"@type\":\"Organization\",\"@id\":\"https:\/\/ambipar.com\/latam\/#organization\",\"name\":\"Ambipar\",\"url\":\"https:\/\/ambipar.com\/latam\/\",\"sameAs\":[],\"logo\":{\"@type\":\"ImageObject\",\"@id\":\"https:\/\/ambipar.com\/latam\/#logo\",\"inLanguage\":\"es-CL\",\"url\":\"https:\/\/ambipar.com\/latam\/wp-content\/uploads\/2020\/10\/ambipar_color.png\",\"contentUrl\":\"https:\/\/ambipar.com\/latam\/wp-content\/uploads\/2020\/10\/ambipar_color.png\",\"width\":174,\"height\":107,\"caption\":\"Ambipar\"},\"image\":{\"@id\":\"https:\/\/ambipar.com\/latam\/#logo\"}},{\"@type\":\"WebSite\",\"@id\":\"https:\/\/ambipar.com\/latam\/#website\",\"url\":\"https:\/\/ambipar.com\/latam\/\",\"name\":\"Ambipar. A l\\u00edder em gest\\u00e3o ambiental.\",\"description\":\"Pioneira em solu\\u00e7\\u00f5es ambientais, a Ambipar atua em todo o territ\\u00f3rio nacional oferecendo solu\\u00e7\\u00f5es integradas para toda a cadeia de neg\\u00f3cio.\",\"publisher\":{\"@id\":\"https:\/\/ambipar.com\/latam\/#organization\"},\"potentialAction\":[{\"@type\":\"SearchAction\",\"target\":{\"@type\":\"EntryPoint\",\"urlTemplate\":\"https:\/\/ambipar.com\/latam\/?s={search_term_string}\"},\"query-input\":\"required name=search_term_string\"}],\"inLanguage\":\"es-CL\"},{\"@type\":\"ImageObject\",\"@id\":\"https:\/\/ambipar.com\/latam\/ambipar-environment-2\/gestion-y-valoracion-de-residuos\/investigacion-desarrollo-innovacion-pdi\/#primaryimage\",\"inLanguage\":\"es-CL\",\"url\":\"https:\/\/ambipar.com\/latam\/wp-content\/uploads\/2020\/10\/Pesquisadesenvolvimento.jpg\",\"contentUrl\":\"https:\/\/ambipar.com\/latam\/wp-content\/uploads\/2020\/10\/Pesquisadesenvolvimento.jpg\",\"width\":1006,\"height\":1022,\"caption\":\"pesquisa e desenvolvimento\"},{\"@type\":\"WebPage\",\"@id\":\"https:\/\/ambipar.com\/latam\/ambipar-environment-2\/gestion-y-valoracion-de-residuos\/investigacion-desarrollo-innovacion-pdi\/#webpage\",\"url\":\"https:\/\/ambipar.com\/latam\/ambipar-environment-2\/gestion-y-valoracion-de-residuos\/investigacion-desarrollo-innovacion-pdi\/\",\"name\":\"Descubra los servicios de PD&I de Ambipar Environment\",\"isPartOf\":{\"@id\":\"https:\/\/ambipar.com\/latam\/#website\"},\"primaryImageOfPage\":{\"@id\":\"https:\/\/ambipar.com\/latam\/ambipar-environment-2\/gestion-y-valoracion-de-residuos\/investigacion-desarrollo-innovacion-pdi\/#primaryimage\"},\"datePublished\":\"2020-11-13T14:02:29+00:00\",\"dateModified\":\"2023-03-27T15:54:47+00:00\",\"description\":\"Ambipar invierte en investigaci\\u00f3n y desarrollo de nuevas tecnolog\\u00edas que promueven valor agregado en residuos para la aplicaci\\u00f3n de la econom\\u00eda circular.\",\"breadcrumb\":{\"@id\":\"https:\/\/ambipar.com\/latam\/ambipar-environment-2\/gestion-y-valoracion-de-residuos\/investigacion-desarrollo-innovacion-pdi\/#breadcrumb\"},\"inLanguage\":\"es-CL\",\"potentialAction\":[{\"@type\":\"ReadAction\",\"target\":[\"https:\/\/ambipar.com\/latam\/ambipar-environment-2\/gestion-y-valoracion-de-residuos\/investigacion-desarrollo-innovacion-pdi\/\"]}]},{\"@type\":\"BreadcrumbList\",\"@id\":\"https:\/\/ambipar.com\/latam\/ambipar-environment-2\/gestion-y-valoracion-de-residuos\/investigacion-desarrollo-innovacion-pdi\/#breadcrumb\",\"itemListElement\":[{\"@type\":\"ListItem\",\"position\":1,\"name\":\"Home\",\"item\":\"https:\/\/ambipar.com\/latam\/\"},{\"@type\":\"ListItem\",\"position\":2,\"name\":\"Ambipar Environment\",\"item\":\"https:\/\/ambipar.com\/latam\/ambipar-environment-2\/\"},{\"@type\":\"ListItem\",\"position\":3,\"name\":\"Gesti\\u00f3n y Valoraci\\u00f3n de Residuos\",\"item\":\"https:\/\/ambipar.com\/latam\/ambipar-environment-2\/gestion-y-valoracion-de-residuos\/\"},{\"@type\":\"ListItem\",\"position\":4,\"name\":\"Investigaci\\u00f3n Desarrollo &#038; Innovaci\\u00f3n (PD&#038;I)\"}]}]}<\/script>\n<!-- \/ Yoast SEO plugin. -->","yoast_head_json":{"title":"Descubra los servicios de PD&I de Ambipar Environment","description":"Ambipar invierte en investigaci\u00f3n y desarrollo de nuevas tecnolog\u00edas que promueven valor agregado en residuos para la aplicaci\u00f3n de la econom\u00eda circular.","robots":{"index":"index","follow":"follow","max-snippet":"max-snippet:-1","max-image-preview":"max-image-preview:large","max-video-preview":"max-video-preview:-1"},"canonical":"https:\/\/ambipar.com\/latam\/ambipar-environment-2\/gestion-y-valoracion-de-residuos\/investigacion-desarrollo-innovacion-pdi\/","og_locale":"es_ES","og_type":"article","og_title":"Descubra los servicios de PD&I de Ambipar Environment","og_description":"Ambipar invierte en investigaci\u00f3n y desarrollo de nuevas tecnolog\u00edas que promueven valor agregado en residuos para la aplicaci\u00f3n de la econom\u00eda circular.","og_url":"https:\/\/ambipar.com\/latam\/ambipar-environment-2\/gestion-y-valoracion-de-residuos\/investigacion-desarrollo-innovacion-pdi\/","og_site_name":"Ambipar. A l\u00edder em gest\u00e3o ambiental.","article_modified_time":"2023-03-27T15:54:47+00:00","og_image":[{"width":1006,"height":1022,"url":"https:\/\/ambipar.com\/latam\/wp-content\/uploads\/2020\/10\/Pesquisadesenvolvimento.jpg","type":"image\/jpeg"}],"twitter_card":"summary_large_image","twitter_misc":{"Est. reading time":"1 minuto"},"schema":{"@context":"https:\/\/schema.org","@graph":[{"@type":"Organization","@id":"https:\/\/ambipar.com\/latam\/#organization","name":"Ambipar","url":"https:\/\/ambipar.com\/latam\/","sameAs":[],"logo":{"@type":"ImageObject","@id":"https:\/\/ambipar.com\/latam\/#logo","inLanguage":"es-CL","url":"https:\/\/ambipar.com\/latam\/wp-content\/uploads\/2020\/10\/ambipar_color.png","contentUrl":"https:\/\/ambipar.com\/latam\/wp-content\/uploads\/2020\/10\/ambipar_color.png","width":174,"height":107,"caption":"Ambipar"},"image":{"@id":"https:\/\/ambipar.com\/latam\/#logo"}},{"@type":"WebSite","@id":"https:\/\/ambipar.com\/latam\/#website","url":"https:\/\/ambipar.com\/latam\/","name":"Ambipar. A l\u00edder em gest\u00e3o ambiental.","description":"Pioneira em solu\u00e7\u00f5es ambientais, a Ambipar atua em todo o territ\u00f3rio nacional oferecendo solu\u00e7\u00f5es integradas para toda a cadeia de neg\u00f3cio.","publisher":{"@id":"https:\/\/ambipar.com\/latam\/#organization"},"potentialAction":[{"@type":"SearchAction","target":{"@type":"EntryPoint","urlTemplate":"https:\/\/ambipar.com\/latam\/?s={search_term_string}"},"query-input":"required name=search_term_string"}],"inLanguage":"es-CL"},{"@type":"ImageObject","@id":"https:\/\/ambipar.com\/latam\/ambipar-environment-2\/gestion-y-valoracion-de-residuos\/investigacion-desarrollo-innovacion-pdi\/#primaryimage","inLanguage":"es-CL","url":"https:\/\/ambipar.com\/latam\/wp-content\/uploads\/2020\/10\/Pesquisadesenvolvimento.jpg","contentUrl":"https:\/\/ambipar.com\/latam\/wp-content\/uploads\/2020\/10\/Pesquisadesenvolvimento.jpg","width":1006,"height":1022,"caption":"pesquisa e desenvolvimento"},{"@type":"WebPage","@id":"https:\/\/ambipar.com\/latam\/ambipar-environment-2\/gestion-y-valoracion-de-residuos\/investigacion-desarrollo-innovacion-pdi\/#webpage","url":"https:\/\/ambipar.com\/latam\/ambipar-environment-2\/gestion-y-valoracion-de-residuos\/investigacion-desarrollo-innovacion-pdi\/","name":"Descubra los servicios de PD&I de Ambipar Environment","isPartOf":{"@id":"https:\/\/ambipar.com\/latam\/#website"},"primaryImageOfPage":{"@id":"https:\/\/ambipar.com\/latam\/ambipar-environment-2\/gestion-y-valoracion-de-residuos\/investigacion-desarrollo-innovacion-pdi\/#primaryimage"},"datePublished":"2020-11-13T14:02:29+00:00","dateModified":"2023-03-27T15:54:47+00:00","description":"Ambipar invierte en investigaci\u00f3n y desarrollo de nuevas tecnolog\u00edas que promueven valor agregado en residuos para la aplicaci\u00f3n de la econom\u00eda circular.","breadcrumb":{"@id":"https:\/\/ambipar.com\/latam\/ambipar-environment-2\/gestion-y-valoracion-de-residuos\/investigacion-desarrollo-innovacion-pdi\/#breadcrumb"},"inLanguage":"es-CL","potentialAction":[{"@type":"ReadAction","target":["https:\/\/ambipar.com\/latam\/ambipar-environment-2\/gestion-y-valoracion-de-residuos\/investigacion-desarrollo-innovacion-pdi\/"]}]},{"@type":"BreadcrumbList","@id":"https:\/\/ambipar.com\/latam\/ambipar-environment-2\/gestion-y-valoracion-de-residuos\/investigacion-desarrollo-innovacion-pdi\/#breadcrumb","itemListElement":[{"@type":"ListItem","position":1,"name":"Home","item":"https:\/\/ambipar.com\/latam\/"},{"@type":"ListItem","position":2,"name":"Ambipar Environment","item":"https:\/\/ambipar.com\/latam\/ambipar-environment-2\/"},{"@type":"ListItem","position":3,"name":"Gesti\u00f3n y Valoraci\u00f3n de Residuos","item":"https:\/\/ambipar.com\/latam\/ambipar-environment-2\/gestion-y-valoracion-de-residuos\/"},{"@type":"ListItem","position":4,"name":"Investigaci\u00f3n Desarrollo &#038; Innovaci\u00f3n (PD&#038;I)"}]}]}},"_links":{"self":[{"href":"https:\/\/ambipar.com\/latam\/wp-json\/wp\/v2\/pages\/1493"}],"collection":[{"href":"https:\/\/ambipar.com\/latam\/wp-json\/wp\/v2\/pages"}],"about":[{"href":"https:\/\/ambipar.com\/latam\/wp-json\/wp\/v2\/types\/page"}],"author":[{"embeddable":true,"href":"https:\/\/ambipar.com\/latam\/wp-json\/wp\/v2\/users\/1"}],"replies":[{"embeddable":true,"href":"https:\/\/ambipar.com\/latam\/wp-json\/wp\/v2\/comments?post=1493"}],"version-history":[{"count":8,"href":"https:\/\/ambipar.com\/latam\/wp-json\/wp\/v2\/pages\/1493\/revisions"}],"predecessor-version":[{"id":5048,"href":"https:\/\/ambipar.com\/latam\/wp-json\/wp\/v2\/pages\/1493\/revisions\/5048"}],"up":[{"embeddable":true,"href":"https:\/\/ambipar.com\/latam\/wp-json\/wp\/v2\/pages\/1368"}],"wp:featuredmedia":[{"embeddable":true,"href":"https:\/\/ambipar.com\/latam\/wp-json\/wp\/v2\/media\/172"}],"wp:attachment":[{"href":"https:\/\/ambipar.com\/latam\/wp-json\/wp\/v2\/media?parent=1493"}],"curies":[{"name":"wp","href":"https:\/\/api.w.org\/{rel}","templated":true}]}}