{"id":1497,"date":"2020-11-12T17:10:47","date_gmt":"2020-11-12T20:10:47","guid":{"rendered":"https:\/\/ambipar.com\/latam\/?page_id=1497"},"modified":"2021-01-05T20:05:04","modified_gmt":"2021-01-05T23:05:04","slug":"agronomics-valuation","status":"publish","type":"page","link":"https:\/\/ambipar.com\/latam\/en\/ambipar-environment\/gestao-e-valorizacao-de-residuos\/agronomics-valuation\/","title":{"rendered":"Agronomics Valuation"},"content":{"rendered":"\n<p>Ambipar&#8217;s agronomic valorization process is capable of transforming its customers&#8217; organic waste into organic fertilizers and biostabilized soil conditioners, certified as an input for organic agriculture.<\/p>\n\n\n\n<div class=\"wp-block-image\"><figure class=\"aligncenter size-large\"><img width=\"449\" height=\"118\" src=\"https:\/\/ambipar.com\/latam\/wp-content\/uploads\/2020\/11\/valorizacaoaronomica_en.png\" alt=\"\" class=\"wp-image-2669\" srcset=\"https:\/\/ambipar.com\/latam\/wp-content\/uploads\/2020\/11\/valorizacaoaronomica_en.png 449w, https:\/\/ambipar.com\/latam\/wp-content\/uploads\/2020\/11\/valorizacaoaronomica_en-250x66.png 250w, https:\/\/ambipar.com\/latam\/wp-content\/uploads\/2020\/11\/valorizacaoaronomica_en-120x32.png 120w\" sizes=\"(max-width: 449px) 100vw, 449px\" \/><\/figure><\/div>\n\n\n\n<p>Our Ecosolo line allows the incorporation of waste in the production chain, in several applications.<\/p>\n\n\n\n<figure class=\"wp-block-image size-large\"><img width=\"700\" height=\"570\" src=\"https:\/\/ambipar.com\/latam\/wp-content\/uploads\/2020\/10\/Ecosolo_mkp_sacarias_ecosolo1-700x570.png\" alt=\"\" class=\"wp-image-176\" srcset=\"https:\/\/ambipar.com\/latam\/wp-content\/uploads\/2020\/10\/Ecosolo_mkp_sacarias_ecosolo1-700x570.png 700w, https:\/\/ambipar.com\/latam\/wp-content\/uploads\/2020\/10\/Ecosolo_mkp_sacarias_ecosolo1-250x204.png 250w, https:\/\/ambipar.com\/latam\/wp-content\/uploads\/2020\/10\/Ecosolo_mkp_sacarias_ecosolo1-768x625.png 768w, https:\/\/ambipar.com\/latam\/wp-content\/uploads\/2020\/10\/Ecosolo_mkp_sacarias_ecosolo1-120x98.png 120w, https:\/\/ambipar.com\/latam\/wp-content\/uploads\/2020\/10\/Ecosolo_mkp_sacarias_ecosolo1.png 1200w\" sizes=\"(max-width: 700px) 100vw, 700px\" \/><\/figure>\n\n\n\n<p>Ambipar&#8217;s agronomic valorization process also produces Ecocorretivo, capable of incorporating inorganic waste from customers.<\/p>\n\n\n\n<figure class=\"wp-block-image size-large is-style-default\"><img width=\"602\" height=\"698\" src=\"https:\/\/ambipar.com\/latam\/wp-content\/uploads\/2020\/11\/valorizacaoagronomica2_en.png\" alt=\"\" class=\"wp-image-2671\" srcset=\"https:\/\/ambipar.com\/latam\/wp-content\/uploads\/2020\/11\/valorizacaoagronomica2_en.png 602w, https:\/\/ambipar.com\/latam\/wp-content\/uploads\/2020\/11\/valorizacaoagronomica2_en-250x290.png 250w, https:\/\/ambipar.com\/latam\/wp-content\/uploads\/2020\/11\/valorizacaoagronomica2_en-120x139.png 120w\" sizes=\"(max-width: 602px) 100vw, 602px\" \/><\/figure>\n\n\n\n<p>See too:<\/p>\n\n\n\n<ul><li><a href=\"https:\/\/ambipar.com\/latam\/en\/ambipar-environment\/gestao-e-valorizacao-de-residuos\/waste-treatment\/\">Waste Treatment<\/a><\/li><li><a href=\"https:\/\/ambipar.com\/latam\/en\/ambipar-environment\/gestao-e-valorizacao-de-residuos\/research-development-and-innovation-pdi\/\">Research, Development, and Innovation (PD&amp;I)<\/a><\/li><li><a href=\"https:\/\/ambipar.com\/latam\/en\/ambipar-environment\/gestao-e-valorizacao-de-residuos\/environmental-engineering\/\">Environmental Engineering<\/a><\/li><\/ul>\n\n\n\n<p><\/p>\n","protected":false},"excerpt":{"rendered":"Ambipar&#8217;s agronomic valorization process is capable of transforming its customers&#8217; organic waste into organic fertilizers and biostabilized soil conditioners, certified as an input for organic agriculture. Our Ecosolo line allows the incorporation of waste in the production chain, in several applications. Ambipar&#8217;s agronomic valorization process also produces Ecocorretivo, capable of incorporating inorganic waste from customers&#8230;. <a class=\"view-article\" href=\"https:\/\/ambipar.com\/latam\/en\/ambipar-environment\/gestao-e-valorizacao-de-residuos\/agronomics-valuation\/\">Ver art\u00edculo<\/a>","protected":false},"author":1,"featured_media":180,"parent":162,"menu_order":0,"comment_status":"closed","ping_status":"closed","template":"single-servicos.php","meta":[],"yoast_head":"<!-- This site is optimized with the Yoast SEO plugin v17.6 - https:\/\/yoast.com\/wordpress\/plugins\/seo\/ -->\n<title>Get to know Ambipar&#039;s Agronomics Valuation process<\/title>\n<meta name=\"description\" content=\"Ambipar&#039;s agronomic recovery process is capable of transforming its customers&#039; organic waste into organic fertilizers\" \/>\n<meta name=\"robots\" content=\"index, follow, max-snippet:-1, max-image-preview:large, max-video-preview:-1\" \/>\n<link rel=\"canonical\" href=\"https:\/\/ambipar.com\/latam\/en\/ambipar-environment\/gestao-e-valorizacao-de-residuos\/agronomics-valuation\/\" \/>\n<meta property=\"og:locale\" content=\"es_ES\" \/>\n<meta property=\"og:type\" content=\"article\" \/>\n<meta property=\"og:title\" content=\"Get to know Ambipar&#039;s Agronomics Valuation process\" \/>\n<meta property=\"og:description\" content=\"Ambipar&#039;s agronomic recovery process is capable of transforming its customers&#039; organic waste into organic fertilizers\" \/>\n<meta property=\"og:url\" content=\"https:\/\/ambipar.com\/latam\/en\/ambipar-environment\/gestao-e-valorizacao-de-residuos\/agronomics-valuation\/\" \/>\n<meta property=\"og:site_name\" content=\"Ambipar. A l\u00edder em gest\u00e3o ambiental.\" \/>\n<meta property=\"article:modified_time\" content=\"2021-01-05T23:05:04+00:00\" \/>\n<meta property=\"og:image\" content=\"https:\/\/ambipar.com\/latam\/wp-content\/uploads\/2020\/10\/isas.jpg\" \/>\n\t<meta property=\"og:image:width\" content=\"1000\" \/>\n\t<meta property=\"og:image:height\" content=\"1000\" \/>\n<meta name=\"twitter:card\" content=\"summary_large_image\" \/>\n<script type=\"application\/ld+json\" class=\"yoast-schema-graph\">{\"@context\":\"https:\/\/schema.org\",\"@graph\":[{\"@type\":\"Organization\",\"@id\":\"https:\/\/ambipar.com\/latam\/#organization\",\"name\":\"Ambipar\",\"url\":\"https:\/\/ambipar.com\/latam\/\",\"sameAs\":[],\"logo\":{\"@type\":\"ImageObject\",\"@id\":\"https:\/\/ambipar.com\/latam\/#logo\",\"inLanguage\":\"es-CL\",\"url\":\"https:\/\/ambipar.com\/latam\/wp-content\/uploads\/2020\/10\/ambipar_color.png\",\"contentUrl\":\"https:\/\/ambipar.com\/latam\/wp-content\/uploads\/2020\/10\/ambipar_color.png\",\"width\":174,\"height\":107,\"caption\":\"Ambipar\"},\"image\":{\"@id\":\"https:\/\/ambipar.com\/latam\/#logo\"}},{\"@type\":\"WebSite\",\"@id\":\"https:\/\/ambipar.com\/latam\/#website\",\"url\":\"https:\/\/ambipar.com\/latam\/\",\"name\":\"Ambipar. A l\\u00edder em gest\\u00e3o ambiental.\",\"description\":\"Pioneira em solu\\u00e7\\u00f5es ambientais, a Ambipar atua em todo o territ\\u00f3rio nacional oferecendo solu\\u00e7\\u00f5es integradas para toda a cadeia de neg\\u00f3cio.\",\"publisher\":{\"@id\":\"https:\/\/ambipar.com\/latam\/#organization\"},\"potentialAction\":[{\"@type\":\"SearchAction\",\"target\":{\"@type\":\"EntryPoint\",\"urlTemplate\":\"https:\/\/ambipar.com\/latam\/?s={search_term_string}\"},\"query-input\":\"required name=search_term_string\"}],\"inLanguage\":\"es-CL\"},{\"@type\":\"ImageObject\",\"@id\":\"https:\/\/ambipar.com\/latam\/en\/ambipar-environment\/gestao-e-valorizacao-de-residuos\/agronomics-valuation\/#primaryimage\",\"inLanguage\":\"es-CL\",\"url\":\"https:\/\/ambipar.com\/latam\/wp-content\/uploads\/2020\/10\/isas.jpg\",\"contentUrl\":\"https:\/\/ambipar.com\/latam\/wp-content\/uploads\/2020\/10\/isas.jpg\",\"width\":1000,\"height\":1000,\"caption\":\"isas\"},{\"@type\":\"WebPage\",\"@id\":\"https:\/\/ambipar.com\/latam\/en\/ambipar-environment\/gestao-e-valorizacao-de-residuos\/agronomics-valuation\/#webpage\",\"url\":\"https:\/\/ambipar.com\/latam\/en\/ambipar-environment\/gestao-e-valorizacao-de-residuos\/agronomics-valuation\/\",\"name\":\"Get to know Ambipar's Agronomics Valuation process\",\"isPartOf\":{\"@id\":\"https:\/\/ambipar.com\/latam\/#website\"},\"primaryImageOfPage\":{\"@id\":\"https:\/\/ambipar.com\/latam\/en\/ambipar-environment\/gestao-e-valorizacao-de-residuos\/agronomics-valuation\/#primaryimage\"},\"datePublished\":\"2020-11-12T20:10:47+00:00\",\"dateModified\":\"2021-01-05T23:05:04+00:00\",\"description\":\"Ambipar's agronomic recovery process is capable of transforming its customers' organic waste into organic fertilizers\",\"breadcrumb\":{\"@id\":\"https:\/\/ambipar.com\/latam\/en\/ambipar-environment\/gestao-e-valorizacao-de-residuos\/agronomics-valuation\/#breadcrumb\"},\"inLanguage\":\"es-CL\",\"potentialAction\":[{\"@type\":\"ReadAction\",\"target\":[\"https:\/\/ambipar.com\/latam\/en\/ambipar-environment\/gestao-e-valorizacao-de-residuos\/agronomics-valuation\/\"]}]},{\"@type\":\"BreadcrumbList\",\"@id\":\"https:\/\/ambipar.com\/latam\/en\/ambipar-environment\/gestao-e-valorizacao-de-residuos\/agronomics-valuation\/#breadcrumb\",\"itemListElement\":[{\"@type\":\"ListItem\",\"position\":1,\"name\":\"Home\",\"item\":\"https:\/\/ambipar.com\/latam\/\"},{\"@type\":\"ListItem\",\"position\":2,\"name\":\"Ambipar Environment\",\"item\":\"https:\/\/ambipar.com\/latam\/pt\/ambipar-environment\/\"},{\"@type\":\"ListItem\",\"position\":3,\"name\":\"Gest\\u00e3o e Valoriza\\u00e7\\u00e3o de res\\u00edduos\",\"item\":\"https:\/\/ambipar.com\/latam\/pt\/ambipar-environment\/gestao-e-valorizacao-de-residuos\/\"},{\"@type\":\"ListItem\",\"position\":4,\"name\":\"Agronomics Valuation\"}]}]}<\/script>\n<!-- \/ Yoast SEO plugin. -->","yoast_head_json":{"title":"Get to know Ambipar's Agronomics Valuation process","description":"Ambipar's agronomic recovery process is capable of transforming its customers' organic waste into organic fertilizers","robots":{"index":"index","follow":"follow","max-snippet":"max-snippet:-1","max-image-preview":"max-image-preview:large","max-video-preview":"max-video-preview:-1"},"canonical":"https:\/\/ambipar.com\/latam\/en\/ambipar-environment\/gestao-e-valorizacao-de-residuos\/agronomics-valuation\/","og_locale":"es_ES","og_type":"article","og_title":"Get to know Ambipar's Agronomics Valuation process","og_description":"Ambipar's agronomic recovery process is capable of transforming its customers' organic waste into organic fertilizers","og_url":"https:\/\/ambipar.com\/latam\/en\/ambipar-environment\/gestao-e-valorizacao-de-residuos\/agronomics-valuation\/","og_site_name":"Ambipar. A l\u00edder em gest\u00e3o ambiental.","article_modified_time":"2021-01-05T23:05:04+00:00","og_image":[{"width":1000,"height":1000,"url":"https:\/\/ambipar.com\/latam\/wp-content\/uploads\/2020\/10\/isas.jpg","type":"image\/jpeg"}],"twitter_card":"summary_large_image","schema":{"@context":"https:\/\/schema.org","@graph":[{"@type":"Organization","@id":"https:\/\/ambipar.com\/latam\/#organization","name":"Ambipar","url":"https:\/\/ambipar.com\/latam\/","sameAs":[],"logo":{"@type":"ImageObject","@id":"https:\/\/ambipar.com\/latam\/#logo","inLanguage":"es-CL","url":"https:\/\/ambipar.com\/latam\/wp-content\/uploads\/2020\/10\/ambipar_color.png","contentUrl":"https:\/\/ambipar.com\/latam\/wp-content\/uploads\/2020\/10\/ambipar_color.png","width":174,"height":107,"caption":"Ambipar"},"image":{"@id":"https:\/\/ambipar.com\/latam\/#logo"}},{"@type":"WebSite","@id":"https:\/\/ambipar.com\/latam\/#website","url":"https:\/\/ambipar.com\/latam\/","name":"Ambipar. A l\u00edder em gest\u00e3o ambiental.","description":"Pioneira em solu\u00e7\u00f5es ambientais, a Ambipar atua em todo o territ\u00f3rio nacional oferecendo solu\u00e7\u00f5es integradas para toda a cadeia de neg\u00f3cio.","publisher":{"@id":"https:\/\/ambipar.com\/latam\/#organization"},"potentialAction":[{"@type":"SearchAction","target":{"@type":"EntryPoint","urlTemplate":"https:\/\/ambipar.com\/latam\/?s={search_term_string}"},"query-input":"required name=search_term_string"}],"inLanguage":"es-CL"},{"@type":"ImageObject","@id":"https:\/\/ambipar.com\/latam\/en\/ambipar-environment\/gestao-e-valorizacao-de-residuos\/agronomics-valuation\/#primaryimage","inLanguage":"es-CL","url":"https:\/\/ambipar.com\/latam\/wp-content\/uploads\/2020\/10\/isas.jpg","contentUrl":"https:\/\/ambipar.com\/latam\/wp-content\/uploads\/2020\/10\/isas.jpg","width":1000,"height":1000,"caption":"isas"},{"@type":"WebPage","@id":"https:\/\/ambipar.com\/latam\/en\/ambipar-environment\/gestao-e-valorizacao-de-residuos\/agronomics-valuation\/#webpage","url":"https:\/\/ambipar.com\/latam\/en\/ambipar-environment\/gestao-e-valorizacao-de-residuos\/agronomics-valuation\/","name":"Get to know Ambipar's Agronomics Valuation process","isPartOf":{"@id":"https:\/\/ambipar.com\/latam\/#website"},"primaryImageOfPage":{"@id":"https:\/\/ambipar.com\/latam\/en\/ambipar-environment\/gestao-e-valorizacao-de-residuos\/agronomics-valuation\/#primaryimage"},"datePublished":"2020-11-12T20:10:47+00:00","dateModified":"2021-01-05T23:05:04+00:00","description":"Ambipar's agronomic recovery process is capable of transforming its customers' organic waste into organic fertilizers","breadcrumb":{"@id":"https:\/\/ambipar.com\/latam\/en\/ambipar-environment\/gestao-e-valorizacao-de-residuos\/agronomics-valuation\/#breadcrumb"},"inLanguage":"es-CL","potentialAction":[{"@type":"ReadAction","target":["https:\/\/ambipar.com\/latam\/en\/ambipar-environment\/gestao-e-valorizacao-de-residuos\/agronomics-valuation\/"]}]},{"@type":"BreadcrumbList","@id":"https:\/\/ambipar.com\/latam\/en\/ambipar-environment\/gestao-e-valorizacao-de-residuos\/agronomics-valuation\/#breadcrumb","itemListElement":[{"@type":"ListItem","position":1,"name":"Home","item":"https:\/\/ambipar.com\/latam\/"},{"@type":"ListItem","position":2,"name":"Ambipar Environment","item":"https:\/\/ambipar.com\/latam\/pt\/ambipar-environment\/"},{"@type":"ListItem","position":3,"name":"Gest\u00e3o e Valoriza\u00e7\u00e3o de res\u00edduos","item":"https:\/\/ambipar.com\/latam\/pt\/ambipar-environment\/gestao-e-valorizacao-de-residuos\/"},{"@type":"ListItem","position":4,"name":"Agronomics Valuation"}]}]}},"_links":{"self":[{"href":"https:\/\/ambipar.com\/latam\/wp-json\/wp\/v2\/pages\/1497"}],"collection":[{"href":"https:\/\/ambipar.com\/latam\/wp-json\/wp\/v2\/pages"}],"about":[{"href":"https:\/\/ambipar.com\/latam\/wp-json\/wp\/v2\/types\/page"}],"author":[{"embeddable":true,"href":"https:\/\/ambipar.com\/latam\/wp-json\/wp\/v2\/users\/1"}],"replies":[{"embeddable":true,"href":"https:\/\/ambipar.com\/latam\/wp-json\/wp\/v2\/comments?post=1497"}],"version-history":[{"count":4,"href":"https:\/\/ambipar.com\/latam\/wp-json\/wp\/v2\/pages\/1497\/revisions"}],"predecessor-version":[{"id":2672,"href":"https:\/\/ambipar.com\/latam\/wp-json\/wp\/v2\/pages\/1497\/revisions\/2672"}],"up":[{"embeddable":true,"href":"https:\/\/ambipar.com\/latam\/wp-json\/wp\/v2\/pages\/162"}],"wp:featuredmedia":[{"embeddable":true,"href":"https:\/\/ambipar.com\/latam\/wp-json\/wp\/v2\/media\/180"}],"wp:attachment":[{"href":"https:\/\/ambipar.com\/latam\/wp-json\/wp\/v2\/media?parent=1497"}],"curies":[{"name":"wp","href":"https:\/\/api.w.org\/{rel}","templated":true}]}}