{"id":1500,"date":"2020-11-12T17:12:27","date_gmt":"2020-11-12T20:12:27","guid":{"rendered":"https:\/\/ambipar.com\/latam\/?page_id=1500"},"modified":"2021-10-13T10:35:24","modified_gmt":"2021-10-13T13:35:24","slug":"valoracion-agronomica","status":"publish","type":"page","link":"https:\/\/ambipar.com\/latam\/ambipar-environment-2\/gestion-y-valoracion-de-residuos\/valoracion-agronomica\/","title":{"rendered":"Valoraci\u00f3n Agron\u00f3mica"},"content":{"rendered":"\n<p>El proceso de valorizaci\u00f3n agron\u00f3mica de Ambipar es capaz de transformar los residuos org\u00e1nicos de sus clientes en fertilizantes org\u00e1nicos y acondicionadores de suelo bioestabilizados, certificados como insumo para la agricultura org\u00e1nica.<\/p>\n\n\n\n<div class=\"wp-block-image\"><figure class=\"aligncenter size-large\"><img width=\"449\" height=\"118\" src=\"https:\/\/ambipar.com\/latam\/wp-content\/uploads\/2020\/11\/valorizacaoaronomica_es.png\" alt=\"\" class=\"wp-image-2673\" srcset=\"https:\/\/ambipar.com\/latam\/wp-content\/uploads\/2020\/11\/valorizacaoaronomica_es.png 449w, https:\/\/ambipar.com\/latam\/wp-content\/uploads\/2020\/11\/valorizacaoaronomica_es-250x66.png 250w, https:\/\/ambipar.com\/latam\/wp-content\/uploads\/2020\/11\/valorizacaoaronomica_es-120x32.png 120w\" sizes=\"(max-width: 449px) 100vw, 449px\" \/><\/figure><\/div>\n\n\n\n<p>Nuestra l\u00ednea Ecosolo permite la incorporaci\u00f3n de residuos en la cadena de producci\u00f3n, en varias aplicaciones.<\/p>\n\n\n\n<figure class=\"wp-block-image size-large\"><img width=\"700\" height=\"570\" src=\"https:\/\/ambipar.com\/latam\/wp-content\/uploads\/2020\/10\/Ecosolo_mkp_sacarias_ecosolo1-700x570.png\" alt=\"\" class=\"wp-image-176\" srcset=\"https:\/\/ambipar.com\/latam\/wp-content\/uploads\/2020\/10\/Ecosolo_mkp_sacarias_ecosolo1-700x570.png 700w, https:\/\/ambipar.com\/latam\/wp-content\/uploads\/2020\/10\/Ecosolo_mkp_sacarias_ecosolo1-250x204.png 250w, https:\/\/ambipar.com\/latam\/wp-content\/uploads\/2020\/10\/Ecosolo_mkp_sacarias_ecosolo1-768x625.png 768w, https:\/\/ambipar.com\/latam\/wp-content\/uploads\/2020\/10\/Ecosolo_mkp_sacarias_ecosolo1-120x98.png 120w, https:\/\/ambipar.com\/latam\/wp-content\/uploads\/2020\/10\/Ecosolo_mkp_sacarias_ecosolo1.png 1200w\" sizes=\"(max-width: 700px) 100vw, 700px\" \/><\/figure>\n\n\n\n<p>El proceso de valorizaci\u00f3n agron\u00f3mica de Ambipar tambi\u00e9n produce Ecocorretivo, capaz de incorporar residuos inorg\u00e1nicos de los clientes.<\/p>\n\n\n\n<figure class=\"wp-block-image size-large is-style-default\"><img width=\"602\" height=\"698\" src=\"https:\/\/ambipar.com\/latam\/wp-content\/uploads\/2020\/11\/valorizacaoagronomica2_es.png\" alt=\"\" class=\"wp-image-2674\" srcset=\"https:\/\/ambipar.com\/latam\/wp-content\/uploads\/2020\/11\/valorizacaoagronomica2_es.png 602w, https:\/\/ambipar.com\/latam\/wp-content\/uploads\/2020\/11\/valorizacaoagronomica2_es-250x290.png 250w, https:\/\/ambipar.com\/latam\/wp-content\/uploads\/2020\/11\/valorizacaoagronomica2_es-120x139.png 120w\" sizes=\"(max-width: 602px) 100vw, 602px\" \/><\/figure>\n\n\n\n<p>Vea tambi\u00e9n:<\/p>\n\n\n\n<ul><li><a href=\"https:\/\/ambipar.com\/latam\/es\/ambipar-environment\/gestao-e-valorizacao-de-residuos\/tratamiento-de-residuos\/\"><\/a><a href=\"https:\/\/ambipar.com\/latam\/ambipar-environment-2\/gestion-y-valoracion-de-residuos\/tratamiento-de-residuos\/\"><a href=\"https:\/\/ambipar.com\/latam\/ambipar-environment-2\/gestion-y-valoracion-de-residuos\/tratamiento-de-residuos\/\">Tratamiento de Residuos<\/a><\/a><\/li><li><a href=\"https:\/\/ambipar.com\/latam\/ambipar-environment-2\/gestion-y-valoracion-de-residuos\/tratamiento-de-residuos\/\"><a href=\"https:\/\/ambipar.com\/latam\/ambipar-environment-2\/gestion-y-valoracion-de-residuos\/investigacion-desarrollo-innovacion-pdi\/\">Investigaci\u00f3n Desarrollo &amp; Innovaci\u00f3n (PD&amp;I)<\/a><\/a><\/li><li><a href=\"https:\/\/ambipar.com\/latam\/ambipar-environment-2\/gestion-y-valoracion-de-residuos\/tratamiento-de-residuos\/\"><a href=\"https:\/\/ambipar.com\/latam\/ambipar-environment-2\/gestion-y-valoracion-de-residuos\/ingenieria-ambiental\/\">Ingenier\u00eda Ambiental<\/a><\/a><\/li><\/ul>\n\n\n\n<p><\/p>\n","protected":false},"excerpt":{"rendered":"El proceso de valorizaci\u00f3n agron\u00f3mica de Ambipar es capaz de transformar los residuos org\u00e1nicos de sus clientes en fertilizantes org\u00e1nicos y acondicionadores de suelo bioestabilizados, certificados como insumo para la agricultura org\u00e1nica. Nuestra l\u00ednea Ecosolo permite la incorporaci\u00f3n de residuos en la cadena de producci\u00f3n, en varias aplicaciones. El proceso de valorizaci\u00f3n agron\u00f3mica de Ambipar&#8230; <a class=\"view-article\" href=\"https:\/\/ambipar.com\/latam\/ambipar-environment-2\/gestion-y-valoracion-de-residuos\/valoracion-agronomica\/\">Ver art\u00edculo<\/a>","protected":false},"author":1,"featured_media":180,"parent":1368,"menu_order":0,"comment_status":"closed","ping_status":"closed","template":"single-servicos.php","meta":[],"yoast_head":"<!-- This site is optimized with the Yoast SEO plugin v17.6 - https:\/\/yoast.com\/wordpress\/plugins\/seo\/ -->\n<title>Conozca el proceso de Valoraci\u00f3n Agron\u00f3mica de Ambipar<\/title>\n<meta name=\"description\" content=\"El proceso de recuperaci\u00f3n agron\u00f3mica de Ambipar es capaz de transformar los residuos org\u00e1nicos de sus clientes en fertilizantes org\u00e1nicos\" \/>\n<meta name=\"robots\" content=\"index, follow, max-snippet:-1, max-image-preview:large, max-video-preview:-1\" \/>\n<link rel=\"canonical\" href=\"https:\/\/ambipar.com\/latam\/ambipar-environment-2\/gestion-y-valoracion-de-residuos\/valoracion-agronomica\/\" \/>\n<meta property=\"og:locale\" content=\"es_ES\" \/>\n<meta property=\"og:type\" content=\"article\" \/>\n<meta property=\"og:title\" content=\"Conozca el proceso de Valoraci\u00f3n Agron\u00f3mica de Ambipar\" \/>\n<meta property=\"og:description\" content=\"El proceso de recuperaci\u00f3n agron\u00f3mica de Ambipar es capaz de transformar los residuos org\u00e1nicos de sus clientes en fertilizantes org\u00e1nicos\" \/>\n<meta property=\"og:url\" content=\"https:\/\/ambipar.com\/latam\/ambipar-environment-2\/gestion-y-valoracion-de-residuos\/valoracion-agronomica\/\" \/>\n<meta property=\"og:site_name\" content=\"Ambipar. A l\u00edder em gest\u00e3o ambiental.\" \/>\n<meta property=\"article:modified_time\" content=\"2021-10-13T13:35:24+00:00\" \/>\n<meta property=\"og:image\" content=\"https:\/\/ambipar.com\/latam\/wp-content\/uploads\/2020\/10\/isas.jpg\" \/>\n\t<meta property=\"og:image:width\" content=\"1000\" \/>\n\t<meta property=\"og:image:height\" content=\"1000\" \/>\n<meta name=\"twitter:card\" content=\"summary_large_image\" \/>\n<meta name=\"twitter:label1\" content=\"Est. reading time\" \/>\n\t<meta name=\"twitter:data1\" content=\"1 minuto\" \/>\n<script type=\"application\/ld+json\" class=\"yoast-schema-graph\">{\"@context\":\"https:\/\/schema.org\",\"@graph\":[{\"@type\":\"Organization\",\"@id\":\"https:\/\/ambipar.com\/latam\/#organization\",\"name\":\"Ambipar\",\"url\":\"https:\/\/ambipar.com\/latam\/\",\"sameAs\":[],\"logo\":{\"@type\":\"ImageObject\",\"@id\":\"https:\/\/ambipar.com\/latam\/#logo\",\"inLanguage\":\"es-CL\",\"url\":\"https:\/\/ambipar.com\/latam\/wp-content\/uploads\/2020\/10\/ambipar_color.png\",\"contentUrl\":\"https:\/\/ambipar.com\/latam\/wp-content\/uploads\/2020\/10\/ambipar_color.png\",\"width\":174,\"height\":107,\"caption\":\"Ambipar\"},\"image\":{\"@id\":\"https:\/\/ambipar.com\/latam\/#logo\"}},{\"@type\":\"WebSite\",\"@id\":\"https:\/\/ambipar.com\/latam\/#website\",\"url\":\"https:\/\/ambipar.com\/latam\/\",\"name\":\"Ambipar. A l\\u00edder em gest\\u00e3o ambiental.\",\"description\":\"Pioneira em solu\\u00e7\\u00f5es ambientais, a Ambipar atua em todo o territ\\u00f3rio nacional oferecendo solu\\u00e7\\u00f5es integradas para toda a cadeia de neg\\u00f3cio.\",\"publisher\":{\"@id\":\"https:\/\/ambipar.com\/latam\/#organization\"},\"potentialAction\":[{\"@type\":\"SearchAction\",\"target\":{\"@type\":\"EntryPoint\",\"urlTemplate\":\"https:\/\/ambipar.com\/latam\/?s={search_term_string}\"},\"query-input\":\"required name=search_term_string\"}],\"inLanguage\":\"es-CL\"},{\"@type\":\"ImageObject\",\"@id\":\"https:\/\/ambipar.com\/latam\/ambipar-environment-2\/gestion-y-valoracion-de-residuos\/valoracion-agronomica\/#primaryimage\",\"inLanguage\":\"es-CL\",\"url\":\"https:\/\/ambipar.com\/latam\/wp-content\/uploads\/2020\/10\/isas.jpg\",\"contentUrl\":\"https:\/\/ambipar.com\/latam\/wp-content\/uploads\/2020\/10\/isas.jpg\",\"width\":1000,\"height\":1000,\"caption\":\"isas\"},{\"@type\":\"WebPage\",\"@id\":\"https:\/\/ambipar.com\/latam\/ambipar-environment-2\/gestion-y-valoracion-de-residuos\/valoracion-agronomica\/#webpage\",\"url\":\"https:\/\/ambipar.com\/latam\/ambipar-environment-2\/gestion-y-valoracion-de-residuos\/valoracion-agronomica\/\",\"name\":\"Conozca el proceso de Valoraci\\u00f3n Agron\\u00f3mica de Ambipar\",\"isPartOf\":{\"@id\":\"https:\/\/ambipar.com\/latam\/#website\"},\"primaryImageOfPage\":{\"@id\":\"https:\/\/ambipar.com\/latam\/ambipar-environment-2\/gestion-y-valoracion-de-residuos\/valoracion-agronomica\/#primaryimage\"},\"datePublished\":\"2020-11-12T20:12:27+00:00\",\"dateModified\":\"2021-10-13T13:35:24+00:00\",\"description\":\"El proceso de recuperaci\\u00f3n agron\\u00f3mica de Ambipar es capaz de transformar los residuos org\\u00e1nicos de sus clientes en fertilizantes org\\u00e1nicos\",\"breadcrumb\":{\"@id\":\"https:\/\/ambipar.com\/latam\/ambipar-environment-2\/gestion-y-valoracion-de-residuos\/valoracion-agronomica\/#breadcrumb\"},\"inLanguage\":\"es-CL\",\"potentialAction\":[{\"@type\":\"ReadAction\",\"target\":[\"https:\/\/ambipar.com\/latam\/ambipar-environment-2\/gestion-y-valoracion-de-residuos\/valoracion-agronomica\/\"]}]},{\"@type\":\"BreadcrumbList\",\"@id\":\"https:\/\/ambipar.com\/latam\/ambipar-environment-2\/gestion-y-valoracion-de-residuos\/valoracion-agronomica\/#breadcrumb\",\"itemListElement\":[{\"@type\":\"ListItem\",\"position\":1,\"name\":\"Home\",\"item\":\"https:\/\/ambipar.com\/latam\/\"},{\"@type\":\"ListItem\",\"position\":2,\"name\":\"Ambipar Environment\",\"item\":\"https:\/\/ambipar.com\/latam\/ambipar-environment-2\/\"},{\"@type\":\"ListItem\",\"position\":3,\"name\":\"Gesti\\u00f3n y Valoraci\\u00f3n de Residuos\",\"item\":\"https:\/\/ambipar.com\/latam\/ambipar-environment-2\/gestion-y-valoracion-de-residuos\/\"},{\"@type\":\"ListItem\",\"position\":4,\"name\":\"Valoraci\\u00f3n Agron\\u00f3mica\"}]}]}<\/script>\n<!-- \/ Yoast SEO plugin. -->","yoast_head_json":{"title":"Conozca el proceso de Valoraci\u00f3n Agron\u00f3mica de Ambipar","description":"El proceso de recuperaci\u00f3n agron\u00f3mica de Ambipar es capaz de transformar los residuos org\u00e1nicos de sus clientes en fertilizantes org\u00e1nicos","robots":{"index":"index","follow":"follow","max-snippet":"max-snippet:-1","max-image-preview":"max-image-preview:large","max-video-preview":"max-video-preview:-1"},"canonical":"https:\/\/ambipar.com\/latam\/ambipar-environment-2\/gestion-y-valoracion-de-residuos\/valoracion-agronomica\/","og_locale":"es_ES","og_type":"article","og_title":"Conozca el proceso de Valoraci\u00f3n Agron\u00f3mica de Ambipar","og_description":"El proceso de recuperaci\u00f3n agron\u00f3mica de Ambipar es capaz de transformar los residuos org\u00e1nicos de sus clientes en fertilizantes org\u00e1nicos","og_url":"https:\/\/ambipar.com\/latam\/ambipar-environment-2\/gestion-y-valoracion-de-residuos\/valoracion-agronomica\/","og_site_name":"Ambipar. A l\u00edder em gest\u00e3o ambiental.","article_modified_time":"2021-10-13T13:35:24+00:00","og_image":[{"width":1000,"height":1000,"url":"https:\/\/ambipar.com\/latam\/wp-content\/uploads\/2020\/10\/isas.jpg","type":"image\/jpeg"}],"twitter_card":"summary_large_image","twitter_misc":{"Est. reading time":"1 minuto"},"schema":{"@context":"https:\/\/schema.org","@graph":[{"@type":"Organization","@id":"https:\/\/ambipar.com\/latam\/#organization","name":"Ambipar","url":"https:\/\/ambipar.com\/latam\/","sameAs":[],"logo":{"@type":"ImageObject","@id":"https:\/\/ambipar.com\/latam\/#logo","inLanguage":"es-CL","url":"https:\/\/ambipar.com\/latam\/wp-content\/uploads\/2020\/10\/ambipar_color.png","contentUrl":"https:\/\/ambipar.com\/latam\/wp-content\/uploads\/2020\/10\/ambipar_color.png","width":174,"height":107,"caption":"Ambipar"},"image":{"@id":"https:\/\/ambipar.com\/latam\/#logo"}},{"@type":"WebSite","@id":"https:\/\/ambipar.com\/latam\/#website","url":"https:\/\/ambipar.com\/latam\/","name":"Ambipar. A l\u00edder em gest\u00e3o ambiental.","description":"Pioneira em solu\u00e7\u00f5es ambientais, a Ambipar atua em todo o territ\u00f3rio nacional oferecendo solu\u00e7\u00f5es integradas para toda a cadeia de neg\u00f3cio.","publisher":{"@id":"https:\/\/ambipar.com\/latam\/#organization"},"potentialAction":[{"@type":"SearchAction","target":{"@type":"EntryPoint","urlTemplate":"https:\/\/ambipar.com\/latam\/?s={search_term_string}"},"query-input":"required name=search_term_string"}],"inLanguage":"es-CL"},{"@type":"ImageObject","@id":"https:\/\/ambipar.com\/latam\/ambipar-environment-2\/gestion-y-valoracion-de-residuos\/valoracion-agronomica\/#primaryimage","inLanguage":"es-CL","url":"https:\/\/ambipar.com\/latam\/wp-content\/uploads\/2020\/10\/isas.jpg","contentUrl":"https:\/\/ambipar.com\/latam\/wp-content\/uploads\/2020\/10\/isas.jpg","width":1000,"height":1000,"caption":"isas"},{"@type":"WebPage","@id":"https:\/\/ambipar.com\/latam\/ambipar-environment-2\/gestion-y-valoracion-de-residuos\/valoracion-agronomica\/#webpage","url":"https:\/\/ambipar.com\/latam\/ambipar-environment-2\/gestion-y-valoracion-de-residuos\/valoracion-agronomica\/","name":"Conozca el proceso de Valoraci\u00f3n Agron\u00f3mica de Ambipar","isPartOf":{"@id":"https:\/\/ambipar.com\/latam\/#website"},"primaryImageOfPage":{"@id":"https:\/\/ambipar.com\/latam\/ambipar-environment-2\/gestion-y-valoracion-de-residuos\/valoracion-agronomica\/#primaryimage"},"datePublished":"2020-11-12T20:12:27+00:00","dateModified":"2021-10-13T13:35:24+00:00","description":"El proceso de recuperaci\u00f3n agron\u00f3mica de Ambipar es capaz de transformar los residuos org\u00e1nicos de sus clientes en fertilizantes org\u00e1nicos","breadcrumb":{"@id":"https:\/\/ambipar.com\/latam\/ambipar-environment-2\/gestion-y-valoracion-de-residuos\/valoracion-agronomica\/#breadcrumb"},"inLanguage":"es-CL","potentialAction":[{"@type":"ReadAction","target":["https:\/\/ambipar.com\/latam\/ambipar-environment-2\/gestion-y-valoracion-de-residuos\/valoracion-agronomica\/"]}]},{"@type":"BreadcrumbList","@id":"https:\/\/ambipar.com\/latam\/ambipar-environment-2\/gestion-y-valoracion-de-residuos\/valoracion-agronomica\/#breadcrumb","itemListElement":[{"@type":"ListItem","position":1,"name":"Home","item":"https:\/\/ambipar.com\/latam\/"},{"@type":"ListItem","position":2,"name":"Ambipar Environment","item":"https:\/\/ambipar.com\/latam\/ambipar-environment-2\/"},{"@type":"ListItem","position":3,"name":"Gesti\u00f3n y Valoraci\u00f3n de Residuos","item":"https:\/\/ambipar.com\/latam\/ambipar-environment-2\/gestion-y-valoracion-de-residuos\/"},{"@type":"ListItem","position":4,"name":"Valoraci\u00f3n Agron\u00f3mica"}]}]}},"_links":{"self":[{"href":"https:\/\/ambipar.com\/latam\/wp-json\/wp\/v2\/pages\/1500"}],"collection":[{"href":"https:\/\/ambipar.com\/latam\/wp-json\/wp\/v2\/pages"}],"about":[{"href":"https:\/\/ambipar.com\/latam\/wp-json\/wp\/v2\/types\/page"}],"author":[{"embeddable":true,"href":"https:\/\/ambipar.com\/latam\/wp-json\/wp\/v2\/users\/1"}],"replies":[{"embeddable":true,"href":"https:\/\/ambipar.com\/latam\/wp-json\/wp\/v2\/comments?post=1500"}],"version-history":[{"count":6,"href":"https:\/\/ambipar.com\/latam\/wp-json\/wp\/v2\/pages\/1500\/revisions"}],"predecessor-version":[{"id":4146,"href":"https:\/\/ambipar.com\/latam\/wp-json\/wp\/v2\/pages\/1500\/revisions\/4146"}],"up":[{"embeddable":true,"href":"https:\/\/ambipar.com\/latam\/wp-json\/wp\/v2\/pages\/1368"}],"wp:featuredmedia":[{"embeddable":true,"href":"https:\/\/ambipar.com\/latam\/wp-json\/wp\/v2\/media\/180"}],"wp:attachment":[{"href":"https:\/\/ambipar.com\/latam\/wp-json\/wp\/v2\/media?parent=1500"}],"curies":[{"name":"wp","href":"https:\/\/api.w.org\/{rel}","templated":true}]}}