{"id":1506,"date":"2020-11-13T11:05:26","date_gmt":"2020-11-13T14:05:26","guid":{"rendered":"https:\/\/ambipar.com\/latam\/?page_id=1506"},"modified":"2021-10-13T11:22:56","modified_gmt":"2021-10-13T14:22:56","slug":"ingenieria-ambiental","status":"publish","type":"page","link":"https:\/\/ambipar.com\/latam\/ambipar-environment-2\/gestion-y-valoracion-de-residuos\/ingenieria-ambiental\/","title":{"rendered":"Ingenier\u00eda Ambiental"},"content":{"rendered":"\n<p>Ambipar cuenta con un departamento de ingenier\u00eda con amplia experiencia en el dise\u00f1o, implementaci\u00f3n y operaci\u00f3n de proyectos en el \u00e1rea ambiental, tales como:<\/p>\n\n\n\n<ul id=\"block-a09227fe-2846-4cd8-814e-ae901d5ee880\"><li><a href=\"https:\/\/ambipar.com\/latam\/ambipar-environment-2\/gestion-y-valoracion-de-residuos\/ingenieria-ambiental\/analisis-de-laboratorio\/\">An\u00e1lisis de laboratorio<\/a><\/li><li><a href=\"https:\/\/ambipar.com\/latam\/ambipar-environment-2\/gestion-y-valoracion-de-residuos\/ingenieria-ambiental\/caracterizacion-y-clasificacion-de-residuos\/\">Caracterizaci\u00f3n y Clasificaci\u00f3n de residuos<\/a><\/li><li><a href=\"https:\/\/ambipar.com\/latam\/ambipar-environment-2\/gestion-y-valoracion-de-residuos\/ingenieria-ambiental\/fdsr-ficha-de-datos-de-seguridad-de-residuos\/\">FDSR &#8211; Ficha de Datos de Seguridad de Residuos<\/a><\/li><li><a href=\"https:\/\/ambipar.com\/latam\/ambipar-environment-2\/gestion-y-valoracion-de-residuos\/ingenieria-ambiental\/pgrs-programa-de-manejo-de-residuos-solidos\/\">PGRS &#8211; Programa de Manejo de Residuos S\u00f3lidos<\/a><\/li><li><a href=\"https:\/\/ambipar.com\/latam\/ambipar-environment-2\/gestion-y-valoracion-de-residuos\/ingenieria-ambiental\/licencia-ambiental\/\">Licencias ambientales<\/a><\/li><li><a href=\"https:\/\/ambipar.com\/latam\/ambipar-environment-2\/gestion-y-valoracion-de-residuos\/ingenieria-ambiental\/diseno-y-ejecucion-ete-plantas-de-tratamiento-patios-de-compostaje\/\">Dise\u00f1o y Ejecuci\u00f3n (ETE, Plantas de tratamiento, Patios de compostaje)<\/a><\/li><li><a href=\"https:\/\/ambipar.com\/latam\/ambipar-environment-2\/gestion-y-valoracion-de-residuos\/ingenieria-ambiental\/dragado-y-eliminacion-de-sedimentos-de-cuerpos-de-agua\/\">Dragado y eliminaci\u00f3n de sedimentos de cuerpos de agua<\/a><\/li><\/ul>\n\n\n\n<p>Vea tambi\u00e9n:<\/p>\n\n\n\n<ul><li><a href=\"https:\/\/ambipar.com\/latam\/ambipar-environment-2\/gestion-y-valoracion-de-residuos\/tratamiento-de-residuos\/\">Tratamiento de Residuos<\/a><\/li><li><a href=\"https:\/\/ambipar.com\/latam\/ambipar-environment-2\/gestion-y-valoracion-de-residuos\/investigacion-desarrollo-innovacion-pdi\/\">Investigaci\u00f3n Desarrollo &amp; Innovaci\u00f3n( PD&amp;I)<\/a><\/li><li><a href=\"https:\/\/ambipar.com\/latam\/ambipar-environment-2\/gestion-y-valoracion-de-residuos\/valoracion-agronomica\/\">Valoraci\u00f3n Agron\u00f3mica<\/a><\/li><\/ul>\n","protected":false},"excerpt":{"rendered":"Ambipar cuenta con un departamento de ingenier\u00eda con amplia experiencia en el dise\u00f1o, implementaci\u00f3n y operaci\u00f3n de proyectos en el \u00e1rea ambiental, tales como: An\u00e1lisis de laboratorio Caracterizaci\u00f3n y Clasificaci\u00f3n de residuos FDSR &#8211; Ficha de Datos de Seguridad de Residuos PGRS &#8211; Programa de Manejo de Residuos S\u00f3lidos Licencias ambientales Dise\u00f1o y Ejecuci\u00f3n (ETE,&#8230; <a class=\"view-article\" href=\"https:\/\/ambipar.com\/latam\/ambipar-environment-2\/gestion-y-valoracion-de-residuos\/ingenieria-ambiental\/\">Ver art\u00edculo<\/a>","protected":false},"author":1,"featured_media":1305,"parent":1368,"menu_order":0,"comment_status":"closed","ping_status":"closed","template":"single-servicos.php","meta":[],"yoast_head":"<!-- This site is optimized with the Yoast SEO plugin v17.6 - https:\/\/yoast.com\/wordpress\/plugins\/seo\/ -->\n<title>Descubra las solucion de Ambipar Environment para Ingenier\u00eda Ambiental<\/title>\n<meta name=\"description\" content=\"Ambipar cuenta con un departamento con amplia experiencia en el dise\u00f1o, implementaci\u00f3n y operaci\u00f3n de proyectos en el \u00e1rea ambiental\" \/>\n<meta name=\"robots\" content=\"index, follow, max-snippet:-1, max-image-preview:large, max-video-preview:-1\" \/>\n<link rel=\"canonical\" href=\"https:\/\/ambipar.com\/latam\/ambipar-environment-2\/gestion-y-valoracion-de-residuos\/ingenieria-ambiental\/\" \/>\n<meta property=\"og:locale\" content=\"es_ES\" \/>\n<meta property=\"og:type\" content=\"article\" \/>\n<meta property=\"og:title\" content=\"Descubra las solucion de Ambipar Environment para Ingenier\u00eda Ambiental\" \/>\n<meta property=\"og:description\" content=\"Ambipar cuenta con un departamento con amplia experiencia en el dise\u00f1o, implementaci\u00f3n y operaci\u00f3n de proyectos en el \u00e1rea ambiental\" \/>\n<meta property=\"og:url\" content=\"https:\/\/ambipar.com\/latam\/ambipar-environment-2\/gestion-y-valoracion-de-residuos\/ingenieria-ambiental\/\" \/>\n<meta property=\"og:site_name\" content=\"Ambipar. A l\u00edder em gest\u00e3o ambiental.\" \/>\n<meta property=\"article:modified_time\" content=\"2021-10-13T14:22:56+00:00\" \/>\n<meta property=\"og:image\" content=\"https:\/\/ambipar.com\/latam\/wp-content\/uploads\/2020\/11\/engenharia.jpg\" \/>\n\t<meta property=\"og:image:width\" content=\"1000\" \/>\n\t<meta property=\"og:image:height\" content=\"834\" \/>\n<meta name=\"twitter:card\" content=\"summary_large_image\" \/>\n<meta name=\"twitter:label1\" content=\"Est. reading time\" \/>\n\t<meta name=\"twitter:data1\" content=\"1 minuto\" \/>\n<script type=\"application\/ld+json\" class=\"yoast-schema-graph\">{\"@context\":\"https:\/\/schema.org\",\"@graph\":[{\"@type\":\"Organization\",\"@id\":\"https:\/\/ambipar.com\/latam\/#organization\",\"name\":\"Ambipar\",\"url\":\"https:\/\/ambipar.com\/latam\/\",\"sameAs\":[],\"logo\":{\"@type\":\"ImageObject\",\"@id\":\"https:\/\/ambipar.com\/latam\/#logo\",\"inLanguage\":\"es-CL\",\"url\":\"https:\/\/ambipar.com\/latam\/wp-content\/uploads\/2020\/10\/ambipar_color.png\",\"contentUrl\":\"https:\/\/ambipar.com\/latam\/wp-content\/uploads\/2020\/10\/ambipar_color.png\",\"width\":174,\"height\":107,\"caption\":\"Ambipar\"},\"image\":{\"@id\":\"https:\/\/ambipar.com\/latam\/#logo\"}},{\"@type\":\"WebSite\",\"@id\":\"https:\/\/ambipar.com\/latam\/#website\",\"url\":\"https:\/\/ambipar.com\/latam\/\",\"name\":\"Ambipar. A l\\u00edder em gest\\u00e3o ambiental.\",\"description\":\"Pioneira em solu\\u00e7\\u00f5es ambientais, a Ambipar atua em todo o territ\\u00f3rio nacional oferecendo solu\\u00e7\\u00f5es integradas para toda a cadeia de neg\\u00f3cio.\",\"publisher\":{\"@id\":\"https:\/\/ambipar.com\/latam\/#organization\"},\"potentialAction\":[{\"@type\":\"SearchAction\",\"target\":{\"@type\":\"EntryPoint\",\"urlTemplate\":\"https:\/\/ambipar.com\/latam\/?s={search_term_string}\"},\"query-input\":\"required name=search_term_string\"}],\"inLanguage\":\"es-CL\"},{\"@type\":\"ImageObject\",\"@id\":\"https:\/\/ambipar.com\/latam\/ambipar-environment-2\/gestion-y-valoracion-de-residuos\/ingenieria-ambiental\/#primaryimage\",\"inLanguage\":\"es-CL\",\"url\":\"https:\/\/ambipar.com\/latam\/wp-content\/uploads\/2020\/11\/engenharia.jpg\",\"contentUrl\":\"https:\/\/ambipar.com\/latam\/wp-content\/uploads\/2020\/11\/engenharia.jpg\",\"width\":1000,\"height\":834,\"caption\":\"Engenharia\"},{\"@type\":\"WebPage\",\"@id\":\"https:\/\/ambipar.com\/latam\/ambipar-environment-2\/gestion-y-valoracion-de-residuos\/ingenieria-ambiental\/#webpage\",\"url\":\"https:\/\/ambipar.com\/latam\/ambipar-environment-2\/gestion-y-valoracion-de-residuos\/ingenieria-ambiental\/\",\"name\":\"Descubra las solucion de Ambipar Environment para Ingenier\\u00eda Ambiental\",\"isPartOf\":{\"@id\":\"https:\/\/ambipar.com\/latam\/#website\"},\"primaryImageOfPage\":{\"@id\":\"https:\/\/ambipar.com\/latam\/ambipar-environment-2\/gestion-y-valoracion-de-residuos\/ingenieria-ambiental\/#primaryimage\"},\"datePublished\":\"2020-11-13T14:05:26+00:00\",\"dateModified\":\"2021-10-13T14:22:56+00:00\",\"description\":\"Ambipar cuenta con un departamento con amplia experiencia en el dise\\u00f1o, implementaci\\u00f3n y operaci\\u00f3n de proyectos en el \\u00e1rea ambiental\",\"breadcrumb\":{\"@id\":\"https:\/\/ambipar.com\/latam\/ambipar-environment-2\/gestion-y-valoracion-de-residuos\/ingenieria-ambiental\/#breadcrumb\"},\"inLanguage\":\"es-CL\",\"potentialAction\":[{\"@type\":\"ReadAction\",\"target\":[\"https:\/\/ambipar.com\/latam\/ambipar-environment-2\/gestion-y-valoracion-de-residuos\/ingenieria-ambiental\/\"]}]},{\"@type\":\"BreadcrumbList\",\"@id\":\"https:\/\/ambipar.com\/latam\/ambipar-environment-2\/gestion-y-valoracion-de-residuos\/ingenieria-ambiental\/#breadcrumb\",\"itemListElement\":[{\"@type\":\"ListItem\",\"position\":1,\"name\":\"Home\",\"item\":\"https:\/\/ambipar.com\/latam\/\"},{\"@type\":\"ListItem\",\"position\":2,\"name\":\"Ambipar Environment\",\"item\":\"https:\/\/ambipar.com\/latam\/ambipar-environment-2\/\"},{\"@type\":\"ListItem\",\"position\":3,\"name\":\"Gesti\\u00f3n y Valoraci\\u00f3n de Residuos\",\"item\":\"https:\/\/ambipar.com\/latam\/ambipar-environment-2\/gestion-y-valoracion-de-residuos\/\"},{\"@type\":\"ListItem\",\"position\":4,\"name\":\"Ingenier\\u00eda Ambiental\"}]}]}<\/script>\n<!-- \/ Yoast SEO plugin. -->","yoast_head_json":{"title":"Descubra las solucion de Ambipar Environment para Ingenier\u00eda Ambiental","description":"Ambipar cuenta con un departamento con amplia experiencia en el dise\u00f1o, implementaci\u00f3n y operaci\u00f3n de proyectos en el \u00e1rea ambiental","robots":{"index":"index","follow":"follow","max-snippet":"max-snippet:-1","max-image-preview":"max-image-preview:large","max-video-preview":"max-video-preview:-1"},"canonical":"https:\/\/ambipar.com\/latam\/ambipar-environment-2\/gestion-y-valoracion-de-residuos\/ingenieria-ambiental\/","og_locale":"es_ES","og_type":"article","og_title":"Descubra las solucion de Ambipar Environment para Ingenier\u00eda Ambiental","og_description":"Ambipar cuenta con un departamento con amplia experiencia en el dise\u00f1o, implementaci\u00f3n y operaci\u00f3n de proyectos en el \u00e1rea ambiental","og_url":"https:\/\/ambipar.com\/latam\/ambipar-environment-2\/gestion-y-valoracion-de-residuos\/ingenieria-ambiental\/","og_site_name":"Ambipar. A l\u00edder em gest\u00e3o ambiental.","article_modified_time":"2021-10-13T14:22:56+00:00","og_image":[{"width":1000,"height":834,"url":"https:\/\/ambipar.com\/latam\/wp-content\/uploads\/2020\/11\/engenharia.jpg","type":"image\/jpeg"}],"twitter_card":"summary_large_image","twitter_misc":{"Est. reading time":"1 minuto"},"schema":{"@context":"https:\/\/schema.org","@graph":[{"@type":"Organization","@id":"https:\/\/ambipar.com\/latam\/#organization","name":"Ambipar","url":"https:\/\/ambipar.com\/latam\/","sameAs":[],"logo":{"@type":"ImageObject","@id":"https:\/\/ambipar.com\/latam\/#logo","inLanguage":"es-CL","url":"https:\/\/ambipar.com\/latam\/wp-content\/uploads\/2020\/10\/ambipar_color.png","contentUrl":"https:\/\/ambipar.com\/latam\/wp-content\/uploads\/2020\/10\/ambipar_color.png","width":174,"height":107,"caption":"Ambipar"},"image":{"@id":"https:\/\/ambipar.com\/latam\/#logo"}},{"@type":"WebSite","@id":"https:\/\/ambipar.com\/latam\/#website","url":"https:\/\/ambipar.com\/latam\/","name":"Ambipar. A l\u00edder em gest\u00e3o ambiental.","description":"Pioneira em solu\u00e7\u00f5es ambientais, a Ambipar atua em todo o territ\u00f3rio nacional oferecendo solu\u00e7\u00f5es integradas para toda a cadeia de neg\u00f3cio.","publisher":{"@id":"https:\/\/ambipar.com\/latam\/#organization"},"potentialAction":[{"@type":"SearchAction","target":{"@type":"EntryPoint","urlTemplate":"https:\/\/ambipar.com\/latam\/?s={search_term_string}"},"query-input":"required name=search_term_string"}],"inLanguage":"es-CL"},{"@type":"ImageObject","@id":"https:\/\/ambipar.com\/latam\/ambipar-environment-2\/gestion-y-valoracion-de-residuos\/ingenieria-ambiental\/#primaryimage","inLanguage":"es-CL","url":"https:\/\/ambipar.com\/latam\/wp-content\/uploads\/2020\/11\/engenharia.jpg","contentUrl":"https:\/\/ambipar.com\/latam\/wp-content\/uploads\/2020\/11\/engenharia.jpg","width":1000,"height":834,"caption":"Engenharia"},{"@type":"WebPage","@id":"https:\/\/ambipar.com\/latam\/ambipar-environment-2\/gestion-y-valoracion-de-residuos\/ingenieria-ambiental\/#webpage","url":"https:\/\/ambipar.com\/latam\/ambipar-environment-2\/gestion-y-valoracion-de-residuos\/ingenieria-ambiental\/","name":"Descubra las solucion de Ambipar Environment para Ingenier\u00eda Ambiental","isPartOf":{"@id":"https:\/\/ambipar.com\/latam\/#website"},"primaryImageOfPage":{"@id":"https:\/\/ambipar.com\/latam\/ambipar-environment-2\/gestion-y-valoracion-de-residuos\/ingenieria-ambiental\/#primaryimage"},"datePublished":"2020-11-13T14:05:26+00:00","dateModified":"2021-10-13T14:22:56+00:00","description":"Ambipar cuenta con un departamento con amplia experiencia en el dise\u00f1o, implementaci\u00f3n y operaci\u00f3n de proyectos en el \u00e1rea ambiental","breadcrumb":{"@id":"https:\/\/ambipar.com\/latam\/ambipar-environment-2\/gestion-y-valoracion-de-residuos\/ingenieria-ambiental\/#breadcrumb"},"inLanguage":"es-CL","potentialAction":[{"@type":"ReadAction","target":["https:\/\/ambipar.com\/latam\/ambipar-environment-2\/gestion-y-valoracion-de-residuos\/ingenieria-ambiental\/"]}]},{"@type":"BreadcrumbList","@id":"https:\/\/ambipar.com\/latam\/ambipar-environment-2\/gestion-y-valoracion-de-residuos\/ingenieria-ambiental\/#breadcrumb","itemListElement":[{"@type":"ListItem","position":1,"name":"Home","item":"https:\/\/ambipar.com\/latam\/"},{"@type":"ListItem","position":2,"name":"Ambipar Environment","item":"https:\/\/ambipar.com\/latam\/ambipar-environment-2\/"},{"@type":"ListItem","position":3,"name":"Gesti\u00f3n y Valoraci\u00f3n de Residuos","item":"https:\/\/ambipar.com\/latam\/ambipar-environment-2\/gestion-y-valoracion-de-residuos\/"},{"@type":"ListItem","position":4,"name":"Ingenier\u00eda Ambiental"}]}]}},"_links":{"self":[{"href":"https:\/\/ambipar.com\/latam\/wp-json\/wp\/v2\/pages\/1506"}],"collection":[{"href":"https:\/\/ambipar.com\/latam\/wp-json\/wp\/v2\/pages"}],"about":[{"href":"https:\/\/ambipar.com\/latam\/wp-json\/wp\/v2\/types\/page"}],"author":[{"embeddable":true,"href":"https:\/\/ambipar.com\/latam\/wp-json\/wp\/v2\/users\/1"}],"replies":[{"embeddable":true,"href":"https:\/\/ambipar.com\/latam\/wp-json\/wp\/v2\/comments?post=1506"}],"version-history":[{"count":8,"href":"https:\/\/ambipar.com\/latam\/wp-json\/wp\/v2\/pages\/1506\/revisions"}],"predecessor-version":[{"id":4133,"href":"https:\/\/ambipar.com\/latam\/wp-json\/wp\/v2\/pages\/1506\/revisions\/4133"}],"up":[{"embeddable":true,"href":"https:\/\/ambipar.com\/latam\/wp-json\/wp\/v2\/pages\/1368"}],"wp:featuredmedia":[{"embeddable":true,"href":"https:\/\/ambipar.com\/latam\/wp-json\/wp\/v2\/media\/1305"}],"wp:attachment":[{"href":"https:\/\/ambipar.com\/latam\/wp-json\/wp\/v2\/media?parent=1506"}],"curies":[{"name":"wp","href":"https:\/\/api.w.org\/{rel}","templated":true}]}}