{"id":1516,"date":"2020-11-12T17:21:54","date_gmt":"2020-11-12T20:21:54","guid":{"rendered":"https:\/\/ambipar.com\/latam\/?page_id=1516"},"modified":"2021-10-11T12:20:08","modified_gmt":"2021-10-11T15:20:08","slug":"wastes-with-calorific-value","status":"publish","type":"page","link":"https:\/\/ambipar.com\/latam\/en\/ambipar-environment\/co-processing\/wastes-with-calorific-value\/","title":{"rendered":"Wastes with calorific value"},"content":{"rendered":"\n<p>Substitute for Fuel (waste with calorific value):<\/p>\n\n\n\n<ul><li>Solvents, oily waste and textile waste<\/li><li>Used oils (car and factories)<\/li><li>Used tires and vehicle chipping waste<\/li><li>Greases, sludges from chemical and distillation processes<\/li><li>Packaging and rubber waste<\/li><li>Plastic, sawdust and paper waste<\/li><li>Sewage sludge, animal bones and expired grains<\/li><li>Agribusiness waste<\/li><li>Fuels derived from municipal waste<\/li><\/ul>\n\n\n\n<p>See too:<\/p>\n\n\n\n<ul id=\"block-95e5864b-8f4b-4d86-9ab5-628d26af1769\"><li><a href=\"https:\/\/ambipar.com\/latam\/ambipar-environment\/gestao-e-valorizacao-de-residuos\/pesquisa-desenvolvimento-inovacao-pdi\/\"><\/a><a href=\"https:\/\/ambipar.com\/latam\/en\/ambipar-environment\/coprocessamento\/wastes-without-calorific-value\/\">Wastes without calorific value (Substitute for Raw Materials)<\/a><\/li><\/ul>\n\n\n\n<p><\/p>\n","protected":false},"excerpt":{"rendered":"Substitute for Fuel (waste with calorific value): Solvents, oily waste and textile waste Used oils (car and factories) Used tires and vehicle chipping waste Greases, sludges from chemical and distillation processes Packaging and rubber waste Plastic, sawdust and paper waste Sewage sludge, animal bones and expired grains Agribusiness waste Fuels derived from municipal waste See&#8230; <a class=\"view-article\" href=\"https:\/\/ambipar.com\/latam\/en\/ambipar-environment\/co-processing\/wastes-with-calorific-value\/\">Ver art\u00edculo<\/a>","protected":false},"author":1,"featured_media":246,"parent":1510,"menu_order":0,"comment_status":"closed","ping_status":"closed","template":"single-servicos.php","meta":[],"yoast_head":"<!-- This site is optimized with the Yoast SEO plugin v17.6 - https:\/\/yoast.com\/wordpress\/plugins\/seo\/ -->\n<title>Waste with calorific value (Fuel Substitutes)<\/title>\n<meta name=\"description\" content=\"Fuel Substitutes (waste with calorific value): Solvents, oily waste and textile waste, Used oils (car and factories)\" \/>\n<meta name=\"robots\" content=\"index, follow, max-snippet:-1, max-image-preview:large, max-video-preview:-1\" \/>\n<link rel=\"canonical\" href=\"https:\/\/ambipar.com\/latam\/en\/ambipar-environment\/co-processing\/wastes-with-calorific-value\/\" \/>\n<meta property=\"og:locale\" content=\"es_ES\" \/>\n<meta property=\"og:type\" content=\"article\" \/>\n<meta property=\"og:title\" content=\"Waste with calorific value (Fuel Substitutes)\" \/>\n<meta property=\"og:description\" content=\"Fuel Substitutes (waste with calorific value): Solvents, oily waste and textile waste, Used oils (car and factories)\" \/>\n<meta property=\"og:url\" content=\"https:\/\/ambipar.com\/latam\/en\/ambipar-environment\/co-processing\/wastes-with-calorific-value\/\" \/>\n<meta property=\"og:site_name\" content=\"Ambipar. A l\u00edder em gest\u00e3o ambiental.\" \/>\n<meta property=\"article:modified_time\" content=\"2021-10-11T15:20:08+00:00\" \/>\n<meta property=\"og:image\" content=\"https:\/\/ambipar.com\/latam\/wp-content\/uploads\/2020\/10\/reclagem.jpg\" \/>\n\t<meta property=\"og:image:width\" content=\"1010\" \/>\n\t<meta property=\"og:image:height\" content=\"804\" \/>\n<meta name=\"twitter:card\" content=\"summary_large_image\" \/>\n<script type=\"application\/ld+json\" class=\"yoast-schema-graph\">{\"@context\":\"https:\/\/schema.org\",\"@graph\":[{\"@type\":\"Organization\",\"@id\":\"https:\/\/ambipar.com\/latam\/#organization\",\"name\":\"Ambipar\",\"url\":\"https:\/\/ambipar.com\/latam\/\",\"sameAs\":[],\"logo\":{\"@type\":\"ImageObject\",\"@id\":\"https:\/\/ambipar.com\/latam\/#logo\",\"inLanguage\":\"es-CL\",\"url\":\"https:\/\/ambipar.com\/latam\/wp-content\/uploads\/2020\/10\/ambipar_color.png\",\"contentUrl\":\"https:\/\/ambipar.com\/latam\/wp-content\/uploads\/2020\/10\/ambipar_color.png\",\"width\":174,\"height\":107,\"caption\":\"Ambipar\"},\"image\":{\"@id\":\"https:\/\/ambipar.com\/latam\/#logo\"}},{\"@type\":\"WebSite\",\"@id\":\"https:\/\/ambipar.com\/latam\/#website\",\"url\":\"https:\/\/ambipar.com\/latam\/\",\"name\":\"Ambipar. A l\\u00edder em gest\\u00e3o ambiental.\",\"description\":\"Pioneira em solu\\u00e7\\u00f5es ambientais, a Ambipar atua em todo o territ\\u00f3rio nacional oferecendo solu\\u00e7\\u00f5es integradas para toda a cadeia de neg\\u00f3cio.\",\"publisher\":{\"@id\":\"https:\/\/ambipar.com\/latam\/#organization\"},\"potentialAction\":[{\"@type\":\"SearchAction\",\"target\":{\"@type\":\"EntryPoint\",\"urlTemplate\":\"https:\/\/ambipar.com\/latam\/?s={search_term_string}\"},\"query-input\":\"required name=search_term_string\"}],\"inLanguage\":\"es-CL\"},{\"@type\":\"ImageObject\",\"@id\":\"https:\/\/ambipar.com\/latam\/en\/ambipar-environment\/co-processing\/wastes-with-calorific-value\/#primaryimage\",\"inLanguage\":\"es-CL\",\"url\":\"https:\/\/ambipar.com\/latam\/wp-content\/uploads\/2020\/10\/reclagem.jpg\",\"contentUrl\":\"https:\/\/ambipar.com\/latam\/wp-content\/uploads\/2020\/10\/reclagem.jpg\",\"width\":1010,\"height\":804,\"caption\":\"reciclagem\"},{\"@type\":\"WebPage\",\"@id\":\"https:\/\/ambipar.com\/latam\/en\/ambipar-environment\/co-processing\/wastes-with-calorific-value\/#webpage\",\"url\":\"https:\/\/ambipar.com\/latam\/en\/ambipar-environment\/co-processing\/wastes-with-calorific-value\/\",\"name\":\"Waste with calorific value (Fuel Substitutes)\",\"isPartOf\":{\"@id\":\"https:\/\/ambipar.com\/latam\/#website\"},\"primaryImageOfPage\":{\"@id\":\"https:\/\/ambipar.com\/latam\/en\/ambipar-environment\/co-processing\/wastes-with-calorific-value\/#primaryimage\"},\"datePublished\":\"2020-11-12T20:21:54+00:00\",\"dateModified\":\"2021-10-11T15:20:08+00:00\",\"description\":\"Fuel Substitutes (waste with calorific value): Solvents, oily waste and textile waste, Used oils (car and factories)\",\"breadcrumb\":{\"@id\":\"https:\/\/ambipar.com\/latam\/en\/ambipar-environment\/co-processing\/wastes-with-calorific-value\/#breadcrumb\"},\"inLanguage\":\"es-CL\",\"potentialAction\":[{\"@type\":\"ReadAction\",\"target\":[\"https:\/\/ambipar.com\/latam\/en\/ambipar-environment\/co-processing\/wastes-with-calorific-value\/\"]}]},{\"@type\":\"BreadcrumbList\",\"@id\":\"https:\/\/ambipar.com\/latam\/en\/ambipar-environment\/co-processing\/wastes-with-calorific-value\/#breadcrumb\",\"itemListElement\":[{\"@type\":\"ListItem\",\"position\":1,\"name\":\"Home\",\"item\":\"https:\/\/ambipar.com\/latam\/\"},{\"@type\":\"ListItem\",\"position\":2,\"name\":\"Ambipar Environment\",\"item\":\"https:\/\/ambipar.com\/latam\/pt\/ambipar-environment\/\"},{\"@type\":\"ListItem\",\"position\":3,\"name\":\"Co-processing\",\"item\":\"https:\/\/ambipar.com\/latam\/en\/ambipar-environment\/co-processing\/\"},{\"@type\":\"ListItem\",\"position\":4,\"name\":\"Wastes with calorific value\"}]}]}<\/script>\n<!-- \/ Yoast SEO plugin. -->","yoast_head_json":{"title":"Waste with calorific value (Fuel Substitutes)","description":"Fuel Substitutes (waste with calorific value): Solvents, oily waste and textile waste, Used oils (car and factories)","robots":{"index":"index","follow":"follow","max-snippet":"max-snippet:-1","max-image-preview":"max-image-preview:large","max-video-preview":"max-video-preview:-1"},"canonical":"https:\/\/ambipar.com\/latam\/en\/ambipar-environment\/co-processing\/wastes-with-calorific-value\/","og_locale":"es_ES","og_type":"article","og_title":"Waste with calorific value (Fuel Substitutes)","og_description":"Fuel Substitutes (waste with calorific value): Solvents, oily waste and textile waste, Used oils (car and factories)","og_url":"https:\/\/ambipar.com\/latam\/en\/ambipar-environment\/co-processing\/wastes-with-calorific-value\/","og_site_name":"Ambipar. A l\u00edder em gest\u00e3o ambiental.","article_modified_time":"2021-10-11T15:20:08+00:00","og_image":[{"width":1010,"height":804,"url":"https:\/\/ambipar.com\/latam\/wp-content\/uploads\/2020\/10\/reclagem.jpg","type":"image\/jpeg"}],"twitter_card":"summary_large_image","schema":{"@context":"https:\/\/schema.org","@graph":[{"@type":"Organization","@id":"https:\/\/ambipar.com\/latam\/#organization","name":"Ambipar","url":"https:\/\/ambipar.com\/latam\/","sameAs":[],"logo":{"@type":"ImageObject","@id":"https:\/\/ambipar.com\/latam\/#logo","inLanguage":"es-CL","url":"https:\/\/ambipar.com\/latam\/wp-content\/uploads\/2020\/10\/ambipar_color.png","contentUrl":"https:\/\/ambipar.com\/latam\/wp-content\/uploads\/2020\/10\/ambipar_color.png","width":174,"height":107,"caption":"Ambipar"},"image":{"@id":"https:\/\/ambipar.com\/latam\/#logo"}},{"@type":"WebSite","@id":"https:\/\/ambipar.com\/latam\/#website","url":"https:\/\/ambipar.com\/latam\/","name":"Ambipar. A l\u00edder em gest\u00e3o ambiental.","description":"Pioneira em solu\u00e7\u00f5es ambientais, a Ambipar atua em todo o territ\u00f3rio nacional oferecendo solu\u00e7\u00f5es integradas para toda a cadeia de neg\u00f3cio.","publisher":{"@id":"https:\/\/ambipar.com\/latam\/#organization"},"potentialAction":[{"@type":"SearchAction","target":{"@type":"EntryPoint","urlTemplate":"https:\/\/ambipar.com\/latam\/?s={search_term_string}"},"query-input":"required name=search_term_string"}],"inLanguage":"es-CL"},{"@type":"ImageObject","@id":"https:\/\/ambipar.com\/latam\/en\/ambipar-environment\/co-processing\/wastes-with-calorific-value\/#primaryimage","inLanguage":"es-CL","url":"https:\/\/ambipar.com\/latam\/wp-content\/uploads\/2020\/10\/reclagem.jpg","contentUrl":"https:\/\/ambipar.com\/latam\/wp-content\/uploads\/2020\/10\/reclagem.jpg","width":1010,"height":804,"caption":"reciclagem"},{"@type":"WebPage","@id":"https:\/\/ambipar.com\/latam\/en\/ambipar-environment\/co-processing\/wastes-with-calorific-value\/#webpage","url":"https:\/\/ambipar.com\/latam\/en\/ambipar-environment\/co-processing\/wastes-with-calorific-value\/","name":"Waste with calorific value (Fuel Substitutes)","isPartOf":{"@id":"https:\/\/ambipar.com\/latam\/#website"},"primaryImageOfPage":{"@id":"https:\/\/ambipar.com\/latam\/en\/ambipar-environment\/co-processing\/wastes-with-calorific-value\/#primaryimage"},"datePublished":"2020-11-12T20:21:54+00:00","dateModified":"2021-10-11T15:20:08+00:00","description":"Fuel Substitutes (waste with calorific value): Solvents, oily waste and textile waste, Used oils (car and factories)","breadcrumb":{"@id":"https:\/\/ambipar.com\/latam\/en\/ambipar-environment\/co-processing\/wastes-with-calorific-value\/#breadcrumb"},"inLanguage":"es-CL","potentialAction":[{"@type":"ReadAction","target":["https:\/\/ambipar.com\/latam\/en\/ambipar-environment\/co-processing\/wastes-with-calorific-value\/"]}]},{"@type":"BreadcrumbList","@id":"https:\/\/ambipar.com\/latam\/en\/ambipar-environment\/co-processing\/wastes-with-calorific-value\/#breadcrumb","itemListElement":[{"@type":"ListItem","position":1,"name":"Home","item":"https:\/\/ambipar.com\/latam\/"},{"@type":"ListItem","position":2,"name":"Ambipar Environment","item":"https:\/\/ambipar.com\/latam\/pt\/ambipar-environment\/"},{"@type":"ListItem","position":3,"name":"Co-processing","item":"https:\/\/ambipar.com\/latam\/en\/ambipar-environment\/co-processing\/"},{"@type":"ListItem","position":4,"name":"Wastes with calorific value"}]}]}},"_links":{"self":[{"href":"https:\/\/ambipar.com\/latam\/wp-json\/wp\/v2\/pages\/1516"}],"collection":[{"href":"https:\/\/ambipar.com\/latam\/wp-json\/wp\/v2\/pages"}],"about":[{"href":"https:\/\/ambipar.com\/latam\/wp-json\/wp\/v2\/types\/page"}],"author":[{"embeddable":true,"href":"https:\/\/ambipar.com\/latam\/wp-json\/wp\/v2\/users\/1"}],"replies":[{"embeddable":true,"href":"https:\/\/ambipar.com\/latam\/wp-json\/wp\/v2\/comments?post=1516"}],"version-history":[{"count":3,"href":"https:\/\/ambipar.com\/latam\/wp-json\/wp\/v2\/pages\/1516\/revisions"}],"predecessor-version":[{"id":1676,"href":"https:\/\/ambipar.com\/latam\/wp-json\/wp\/v2\/pages\/1516\/revisions\/1676"}],"up":[{"embeddable":true,"href":"https:\/\/ambipar.com\/latam\/wp-json\/wp\/v2\/pages\/1510"}],"wp:featuredmedia":[{"embeddable":true,"href":"https:\/\/ambipar.com\/latam\/wp-json\/wp\/v2\/media\/246"}],"wp:attachment":[{"href":"https:\/\/ambipar.com\/latam\/wp-json\/wp\/v2\/media?parent=1516"}],"curies":[{"name":"wp","href":"https:\/\/api.w.org\/{rel}","templated":true}]}}