{"id":1524,"date":"2020-11-12T17:23:38","date_gmt":"2020-11-12T20:23:38","guid":{"rendered":"https:\/\/ambipar.com\/latam\/?page_id=1524"},"modified":"2021-10-13T09:52:16","modified_gmt":"2021-10-13T12:52:16","slug":"residuos-sin-poder-calorifico","status":"publish","type":"page","link":"https:\/\/ambipar.com\/latam\/ambipar-environment-2\/coprocesamiento\/residuos-sin-poder-calorifico\/","title":{"rendered":"Residuos sin poder calor\u00edfico"},"content":{"rendered":"\n<p>Sustitutos de Materias Primas (residuos sin poder calor\u00edfico):<\/p>\n\n\n\n<ul><li>Barro con al\u00famina (aluminio)<\/li><li>Lodos de acero (hierro)<\/li><li>Arena de fundici\u00f3n (s\u00edlice)<\/li><li>Suelos de filtraci\u00f3n (s\u00edlice)<\/li><li>Refractarios usados \u200b\u200b(aluminio)<\/li><li>Residuos de la fabricaci\u00f3n de vidrio (fl\u00faor)<\/li><li>Yeso, cenizas y escoria<\/li><li>Residuos de la perforaci\u00f3n de pozos de petr\u00f3leo<\/li><li>Suelos contaminados de gasolineras<\/li><\/ul>\n\n\n\n<p>Vea tambi\u00e9n:<\/p>\n\n\n\n<ul><li><a href=\"https:\/\/ambipar.com\/latam\/es\/ambipar-environment\/coprocessamento\/residuos-con-poder-calorifico\/\">Residuos con poder calor\u00edfico (Sustitutos del Combustible)<\/a><\/li><\/ul>\n","protected":false},"excerpt":{"rendered":"Sustitutos de Materias Primas (residuos sin poder calor\u00edfico): Barro con al\u00famina (aluminio) Lodos de acero (hierro) Arena de fundici\u00f3n (s\u00edlice) Suelos de filtraci\u00f3n (s\u00edlice) Refractarios usados \u200b\u200b(aluminio) Residuos de la fabricaci\u00f3n de vidrio (fl\u00faor) Yeso, cenizas y escoria Residuos de la perforaci\u00f3n de pozos de petr\u00f3leo Suelos contaminados de gasolineras Vea tambi\u00e9n: Residuos con poder&#8230; <a class=\"view-article\" href=\"https:\/\/ambipar.com\/latam\/ambipar-environment-2\/coprocesamiento\/residuos-sin-poder-calorifico\/\">Ver art\u00edculo<\/a>","protected":false},"author":1,"featured_media":215,"parent":1513,"menu_order":0,"comment_status":"closed","ping_status":"closed","template":"single-servicos.php","meta":[],"yoast_head":"<!-- This site is optimized with the Yoast SEO plugin v17.6 - https:\/\/yoast.com\/wordpress\/plugins\/seo\/ -->\n<title>Residuos sin poder calor\u00edfico (Sustitutos de Materias Primas)<\/title>\n<meta name=\"description\" content=\"Sustitutos de Materias Primas (residuos sin poder calor\u00edfico): Barros con al\u00famina (aluminio), Lodos de acero (hierro)\" \/>\n<meta name=\"robots\" content=\"index, follow, max-snippet:-1, max-image-preview:large, max-video-preview:-1\" \/>\n<link rel=\"canonical\" href=\"https:\/\/ambipar.com\/latam\/ambipar-environment-2\/coprocesamiento\/residuos-sin-poder-calorifico\/\" \/>\n<meta property=\"og:locale\" content=\"es_ES\" \/>\n<meta property=\"og:type\" content=\"article\" \/>\n<meta property=\"og:title\" content=\"Residuos sin poder calor\u00edfico (Sustitutos de Materias Primas)\" \/>\n<meta property=\"og:description\" content=\"Sustitutos de Materias Primas (residuos sin poder calor\u00edfico): Barros con al\u00famina (aluminio), Lodos de acero (hierro)\" \/>\n<meta property=\"og:url\" content=\"https:\/\/ambipar.com\/latam\/ambipar-environment-2\/coprocesamiento\/residuos-sin-poder-calorifico\/\" \/>\n<meta property=\"og:site_name\" content=\"Ambipar. A l\u00edder em gest\u00e3o ambiental.\" \/>\n<meta property=\"article:modified_time\" content=\"2021-10-13T12:52:16+00:00\" \/>\n<meta property=\"og:image\" content=\"https:\/\/ambipar.com\/latam\/wp-content\/uploads\/2020\/10\/BA_ES_BLENDAGEM_005.jpg\" \/>\n\t<meta property=\"og:image:width\" content=\"994\" \/>\n\t<meta property=\"og:image:height\" content=\"936\" \/>\n<meta name=\"twitter:card\" content=\"summary_large_image\" \/>\n<meta name=\"twitter:label1\" content=\"Est. reading time\" \/>\n\t<meta name=\"twitter:data1\" content=\"1 minuto\" \/>\n<script type=\"application\/ld+json\" class=\"yoast-schema-graph\">{\"@context\":\"https:\/\/schema.org\",\"@graph\":[{\"@type\":\"Organization\",\"@id\":\"https:\/\/ambipar.com\/latam\/#organization\",\"name\":\"Ambipar\",\"url\":\"https:\/\/ambipar.com\/latam\/\",\"sameAs\":[],\"logo\":{\"@type\":\"ImageObject\",\"@id\":\"https:\/\/ambipar.com\/latam\/#logo\",\"inLanguage\":\"es-CL\",\"url\":\"https:\/\/ambipar.com\/latam\/wp-content\/uploads\/2020\/10\/ambipar_color.png\",\"contentUrl\":\"https:\/\/ambipar.com\/latam\/wp-content\/uploads\/2020\/10\/ambipar_color.png\",\"width\":174,\"height\":107,\"caption\":\"Ambipar\"},\"image\":{\"@id\":\"https:\/\/ambipar.com\/latam\/#logo\"}},{\"@type\":\"WebSite\",\"@id\":\"https:\/\/ambipar.com\/latam\/#website\",\"url\":\"https:\/\/ambipar.com\/latam\/\",\"name\":\"Ambipar. A l\\u00edder em gest\\u00e3o ambiental.\",\"description\":\"Pioneira em solu\\u00e7\\u00f5es ambientais, a Ambipar atua em todo o territ\\u00f3rio nacional oferecendo solu\\u00e7\\u00f5es integradas para toda a cadeia de neg\\u00f3cio.\",\"publisher\":{\"@id\":\"https:\/\/ambipar.com\/latam\/#organization\"},\"potentialAction\":[{\"@type\":\"SearchAction\",\"target\":{\"@type\":\"EntryPoint\",\"urlTemplate\":\"https:\/\/ambipar.com\/latam\/?s={search_term_string}\"},\"query-input\":\"required name=search_term_string\"}],\"inLanguage\":\"es-CL\"},{\"@type\":\"ImageObject\",\"@id\":\"https:\/\/ambipar.com\/latam\/ambipar-environment-2\/coprocesamiento\/residuos-sin-poder-calorifico\/#primaryimage\",\"inLanguage\":\"es-CL\",\"url\":\"https:\/\/ambipar.com\/latam\/wp-content\/uploads\/2020\/10\/BA_ES_BLENDAGEM_005.jpg\",\"contentUrl\":\"https:\/\/ambipar.com\/latam\/wp-content\/uploads\/2020\/10\/BA_ES_BLENDAGEM_005.jpg\",\"width\":994,\"height\":936,\"caption\":\"BLENDAGEM\"},{\"@type\":\"WebPage\",\"@id\":\"https:\/\/ambipar.com\/latam\/ambipar-environment-2\/coprocesamiento\/residuos-sin-poder-calorifico\/#webpage\",\"url\":\"https:\/\/ambipar.com\/latam\/ambipar-environment-2\/coprocesamiento\/residuos-sin-poder-calorifico\/\",\"name\":\"Residuos sin poder calor\\u00edfico (Sustitutos de Materias Primas)\",\"isPartOf\":{\"@id\":\"https:\/\/ambipar.com\/latam\/#website\"},\"primaryImageOfPage\":{\"@id\":\"https:\/\/ambipar.com\/latam\/ambipar-environment-2\/coprocesamiento\/residuos-sin-poder-calorifico\/#primaryimage\"},\"datePublished\":\"2020-11-12T20:23:38+00:00\",\"dateModified\":\"2021-10-13T12:52:16+00:00\",\"description\":\"Sustitutos de Materias Primas (residuos sin poder calor\\u00edfico): Barros con al\\u00famina (aluminio), Lodos de acero (hierro)\",\"breadcrumb\":{\"@id\":\"https:\/\/ambipar.com\/latam\/ambipar-environment-2\/coprocesamiento\/residuos-sin-poder-calorifico\/#breadcrumb\"},\"inLanguage\":\"es-CL\",\"potentialAction\":[{\"@type\":\"ReadAction\",\"target\":[\"https:\/\/ambipar.com\/latam\/ambipar-environment-2\/coprocesamiento\/residuos-sin-poder-calorifico\/\"]}]},{\"@type\":\"BreadcrumbList\",\"@id\":\"https:\/\/ambipar.com\/latam\/ambipar-environment-2\/coprocesamiento\/residuos-sin-poder-calorifico\/#breadcrumb\",\"itemListElement\":[{\"@type\":\"ListItem\",\"position\":1,\"name\":\"Home\",\"item\":\"https:\/\/ambipar.com\/latam\/\"},{\"@type\":\"ListItem\",\"position\":2,\"name\":\"Ambipar Environment\",\"item\":\"https:\/\/ambipar.com\/latam\/ambipar-environment-2\/\"},{\"@type\":\"ListItem\",\"position\":3,\"name\":\"Coprocesamiento\",\"item\":\"https:\/\/ambipar.com\/latam\/ambipar-environment-2\/coprocesamiento\/\"},{\"@type\":\"ListItem\",\"position\":4,\"name\":\"Residuos sin poder calor\\u00edfico\"}]}]}<\/script>\n<!-- \/ Yoast SEO plugin. -->","yoast_head_json":{"title":"Residuos sin poder calor\u00edfico (Sustitutos de Materias Primas)","description":"Sustitutos de Materias Primas (residuos sin poder calor\u00edfico): Barros con al\u00famina (aluminio), Lodos de acero (hierro)","robots":{"index":"index","follow":"follow","max-snippet":"max-snippet:-1","max-image-preview":"max-image-preview:large","max-video-preview":"max-video-preview:-1"},"canonical":"https:\/\/ambipar.com\/latam\/ambipar-environment-2\/coprocesamiento\/residuos-sin-poder-calorifico\/","og_locale":"es_ES","og_type":"article","og_title":"Residuos sin poder calor\u00edfico (Sustitutos de Materias Primas)","og_description":"Sustitutos de Materias Primas (residuos sin poder calor\u00edfico): Barros con al\u00famina (aluminio), Lodos de acero (hierro)","og_url":"https:\/\/ambipar.com\/latam\/ambipar-environment-2\/coprocesamiento\/residuos-sin-poder-calorifico\/","og_site_name":"Ambipar. A l\u00edder em gest\u00e3o ambiental.","article_modified_time":"2021-10-13T12:52:16+00:00","og_image":[{"width":994,"height":936,"url":"https:\/\/ambipar.com\/latam\/wp-content\/uploads\/2020\/10\/BA_ES_BLENDAGEM_005.jpg","type":"image\/jpeg"}],"twitter_card":"summary_large_image","twitter_misc":{"Est. reading time":"1 minuto"},"schema":{"@context":"https:\/\/schema.org","@graph":[{"@type":"Organization","@id":"https:\/\/ambipar.com\/latam\/#organization","name":"Ambipar","url":"https:\/\/ambipar.com\/latam\/","sameAs":[],"logo":{"@type":"ImageObject","@id":"https:\/\/ambipar.com\/latam\/#logo","inLanguage":"es-CL","url":"https:\/\/ambipar.com\/latam\/wp-content\/uploads\/2020\/10\/ambipar_color.png","contentUrl":"https:\/\/ambipar.com\/latam\/wp-content\/uploads\/2020\/10\/ambipar_color.png","width":174,"height":107,"caption":"Ambipar"},"image":{"@id":"https:\/\/ambipar.com\/latam\/#logo"}},{"@type":"WebSite","@id":"https:\/\/ambipar.com\/latam\/#website","url":"https:\/\/ambipar.com\/latam\/","name":"Ambipar. A l\u00edder em gest\u00e3o ambiental.","description":"Pioneira em solu\u00e7\u00f5es ambientais, a Ambipar atua em todo o territ\u00f3rio nacional oferecendo solu\u00e7\u00f5es integradas para toda a cadeia de neg\u00f3cio.","publisher":{"@id":"https:\/\/ambipar.com\/latam\/#organization"},"potentialAction":[{"@type":"SearchAction","target":{"@type":"EntryPoint","urlTemplate":"https:\/\/ambipar.com\/latam\/?s={search_term_string}"},"query-input":"required name=search_term_string"}],"inLanguage":"es-CL"},{"@type":"ImageObject","@id":"https:\/\/ambipar.com\/latam\/ambipar-environment-2\/coprocesamiento\/residuos-sin-poder-calorifico\/#primaryimage","inLanguage":"es-CL","url":"https:\/\/ambipar.com\/latam\/wp-content\/uploads\/2020\/10\/BA_ES_BLENDAGEM_005.jpg","contentUrl":"https:\/\/ambipar.com\/latam\/wp-content\/uploads\/2020\/10\/BA_ES_BLENDAGEM_005.jpg","width":994,"height":936,"caption":"BLENDAGEM"},{"@type":"WebPage","@id":"https:\/\/ambipar.com\/latam\/ambipar-environment-2\/coprocesamiento\/residuos-sin-poder-calorifico\/#webpage","url":"https:\/\/ambipar.com\/latam\/ambipar-environment-2\/coprocesamiento\/residuos-sin-poder-calorifico\/","name":"Residuos sin poder calor\u00edfico (Sustitutos de Materias Primas)","isPartOf":{"@id":"https:\/\/ambipar.com\/latam\/#website"},"primaryImageOfPage":{"@id":"https:\/\/ambipar.com\/latam\/ambipar-environment-2\/coprocesamiento\/residuos-sin-poder-calorifico\/#primaryimage"},"datePublished":"2020-11-12T20:23:38+00:00","dateModified":"2021-10-13T12:52:16+00:00","description":"Sustitutos de Materias Primas (residuos sin poder calor\u00edfico): Barros con al\u00famina (aluminio), Lodos de acero (hierro)","breadcrumb":{"@id":"https:\/\/ambipar.com\/latam\/ambipar-environment-2\/coprocesamiento\/residuos-sin-poder-calorifico\/#breadcrumb"},"inLanguage":"es-CL","potentialAction":[{"@type":"ReadAction","target":["https:\/\/ambipar.com\/latam\/ambipar-environment-2\/coprocesamiento\/residuos-sin-poder-calorifico\/"]}]},{"@type":"BreadcrumbList","@id":"https:\/\/ambipar.com\/latam\/ambipar-environment-2\/coprocesamiento\/residuos-sin-poder-calorifico\/#breadcrumb","itemListElement":[{"@type":"ListItem","position":1,"name":"Home","item":"https:\/\/ambipar.com\/latam\/"},{"@type":"ListItem","position":2,"name":"Ambipar Environment","item":"https:\/\/ambipar.com\/latam\/ambipar-environment-2\/"},{"@type":"ListItem","position":3,"name":"Coprocesamiento","item":"https:\/\/ambipar.com\/latam\/ambipar-environment-2\/coprocesamiento\/"},{"@type":"ListItem","position":4,"name":"Residuos sin poder calor\u00edfico"}]}]}},"_links":{"self":[{"href":"https:\/\/ambipar.com\/latam\/wp-json\/wp\/v2\/pages\/1524"}],"collection":[{"href":"https:\/\/ambipar.com\/latam\/wp-json\/wp\/v2\/pages"}],"about":[{"href":"https:\/\/ambipar.com\/latam\/wp-json\/wp\/v2\/types\/page"}],"author":[{"embeddable":true,"href":"https:\/\/ambipar.com\/latam\/wp-json\/wp\/v2\/users\/1"}],"replies":[{"embeddable":true,"href":"https:\/\/ambipar.com\/latam\/wp-json\/wp\/v2\/comments?post=1524"}],"version-history":[{"count":3,"href":"https:\/\/ambipar.com\/latam\/wp-json\/wp\/v2\/pages\/1524\/revisions"}],"predecessor-version":[{"id":1678,"href":"https:\/\/ambipar.com\/latam\/wp-json\/wp\/v2\/pages\/1524\/revisions\/1678"}],"up":[{"embeddable":true,"href":"https:\/\/ambipar.com\/latam\/wp-json\/wp\/v2\/pages\/1513"}],"wp:featuredmedia":[{"embeddable":true,"href":"https:\/\/ambipar.com\/latam\/wp-json\/wp\/v2\/media\/215"}],"wp:attachment":[{"href":"https:\/\/ambipar.com\/latam\/wp-json\/wp\/v2\/media?parent=1524"}],"curies":[{"name":"wp","href":"https:\/\/api.w.org\/{rel}","templated":true}]}}