{"id":1534,"date":"2020-11-12T17:26:33","date_gmt":"2020-11-12T20:26:33","guid":{"rendered":"https:\/\/ambipar.com\/latam\/?page_id=1534"},"modified":"2021-01-05T22:00:40","modified_gmt":"2021-01-06T01:00:40","slug":"cosmetics-medicines-and-beverages","status":"publish","type":"page","link":"https:\/\/ambipar.com\/latam\/en\/ambipar-environment\/logistica-e-manufatura-reversa\/cosmetics-medicines-and-beverages\/","title":{"rendered":"Cosmetics, Medicines and Beverages"},"content":{"rendered":"\n<p>Ambipar has recovery solutions patented by PD &amp; amp; I for companies and their contents (useless product) and their packaging undergoes destruction, segregation, grinding and recycling processes.<\/p>\n\n\n\n<p>We have specific, dedicated and exclusive equipment for destruction, brand and product protection, ensuring that they are not sold in the parallel market.<\/p>\n\n\n\n<p>With an industrial park 100% monitored by cameras, our sector for destruction of unserviceable or overdue can be monitored remotely or in person.<\/p>\n\n\n\n<p>See too:<\/p>\n\n\n\n<ul id=\"block-aab80e36-8746-4c57-8ca2-c117b21c94cc\"><li><a href=\"https:\/\/ambipar.com\/latam\/en\/ambipar-environment\/logistica-e-manufatura-reversa\/reversed-manufacturing\/\">Reversed Manufacturing<\/a><\/li><li><a href=\"https:\/\/ambipar.com\/latam\/en\/ambipar-environment\/logistica-e-manufatura-reversa\/electronics\/\">Electronics<\/a><\/li><li><a href=\"https:\/\/ambipar.com\/latam\/en\/ambipar-environment\/logistica-e-manufatura-reversa\/automobile-parts\/\">Automobile Parts<\/a><\/li><\/ul>\n\n\n\n<p><\/p>\n","protected":false},"excerpt":{"rendered":"Ambipar has recovery solutions patented by PD &amp; amp; I for companies and their contents (useless product) and their packaging undergoes destruction, segregation, grinding and recycling processes. We have specific, dedicated and exclusive equipment for destruction, brand and product protection, ensuring that they are not sold in the parallel market. With an industrial park 100%&#8230; <a class=\"view-article\" href=\"https:\/\/ambipar.com\/latam\/en\/ambipar-environment\/logistica-e-manufatura-reversa\/cosmetics-medicines-and-beverages\/\">Ver art\u00edculo<\/a>","protected":false},"author":1,"featured_media":370,"parent":218,"menu_order":0,"comment_status":"closed","ping_status":"closed","template":"single-servicos.php","meta":[],"yoast_head":"<!-- This site is optimized with the Yoast SEO plugin v17.6 - https:\/\/yoast.com\/wordpress\/plugins\/seo\/ -->\n<title>Discover Ambipar Cosmetics, Medicines and Beverages solutions<\/title>\n<meta name=\"description\" content=\"Ambipar has valuation solutions patented by PD&amp;I for companies and their contents (useless product).\" \/>\n<meta name=\"robots\" content=\"index, follow, max-snippet:-1, max-image-preview:large, max-video-preview:-1\" \/>\n<link rel=\"canonical\" href=\"https:\/\/ambipar.com\/latam\/en\/ambipar-environment\/logistica-e-manufatura-reversa\/cosmetics-medicines-and-beverages\/\" \/>\n<meta property=\"og:locale\" content=\"es_ES\" \/>\n<meta property=\"og:type\" content=\"article\" \/>\n<meta property=\"og:title\" content=\"Discover Ambipar Cosmetics, Medicines and Beverages solutions\" \/>\n<meta property=\"og:description\" content=\"Ambipar has valuation solutions patented by PD&amp;I for companies and their contents (useless product).\" \/>\n<meta property=\"og:url\" content=\"https:\/\/ambipar.com\/latam\/en\/ambipar-environment\/logistica-e-manufatura-reversa\/cosmetics-medicines-and-beverages\/\" \/>\n<meta property=\"og:site_name\" content=\"Ambipar. A l\u00edder em gest\u00e3o ambiental.\" \/>\n<meta property=\"article:modified_time\" content=\"2021-01-06T01:00:40+00:00\" \/>\n<meta property=\"og:image\" content=\"https:\/\/ambipar.com\/latam\/wp-content\/uploads\/2020\/10\/farmaco.jpg\" \/>\n\t<meta property=\"og:image:width\" content=\"995\" \/>\n\t<meta property=\"og:image:height\" content=\"1004\" \/>\n<meta name=\"twitter:card\" content=\"summary_large_image\" \/>\n<script type=\"application\/ld+json\" class=\"yoast-schema-graph\">{\"@context\":\"https:\/\/schema.org\",\"@graph\":[{\"@type\":\"Organization\",\"@id\":\"https:\/\/ambipar.com\/latam\/#organization\",\"name\":\"Ambipar\",\"url\":\"https:\/\/ambipar.com\/latam\/\",\"sameAs\":[],\"logo\":{\"@type\":\"ImageObject\",\"@id\":\"https:\/\/ambipar.com\/latam\/#logo\",\"inLanguage\":\"es-CL\",\"url\":\"https:\/\/ambipar.com\/latam\/wp-content\/uploads\/2020\/10\/ambipar_color.png\",\"contentUrl\":\"https:\/\/ambipar.com\/latam\/wp-content\/uploads\/2020\/10\/ambipar_color.png\",\"width\":174,\"height\":107,\"caption\":\"Ambipar\"},\"image\":{\"@id\":\"https:\/\/ambipar.com\/latam\/#logo\"}},{\"@type\":\"WebSite\",\"@id\":\"https:\/\/ambipar.com\/latam\/#website\",\"url\":\"https:\/\/ambipar.com\/latam\/\",\"name\":\"Ambipar. A l\\u00edder em gest\\u00e3o ambiental.\",\"description\":\"Pioneira em solu\\u00e7\\u00f5es ambientais, a Ambipar atua em todo o territ\\u00f3rio nacional oferecendo solu\\u00e7\\u00f5es integradas para toda a cadeia de neg\\u00f3cio.\",\"publisher\":{\"@id\":\"https:\/\/ambipar.com\/latam\/#organization\"},\"potentialAction\":[{\"@type\":\"SearchAction\",\"target\":{\"@type\":\"EntryPoint\",\"urlTemplate\":\"https:\/\/ambipar.com\/latam\/?s={search_term_string}\"},\"query-input\":\"required name=search_term_string\"}],\"inLanguage\":\"es-CL\"},{\"@type\":\"ImageObject\",\"@id\":\"https:\/\/ambipar.com\/latam\/en\/ambipar-environment\/logistica-e-manufatura-reversa\/cosmetics-medicines-and-beverages\/#primaryimage\",\"inLanguage\":\"es-CL\",\"url\":\"https:\/\/ambipar.com\/latam\/wp-content\/uploads\/2020\/10\/farmaco.jpg\",\"contentUrl\":\"https:\/\/ambipar.com\/latam\/wp-content\/uploads\/2020\/10\/farmaco.jpg\",\"width\":995,\"height\":1004,\"caption\":\"f\\u00e1rmaco\"},{\"@type\":\"WebPage\",\"@id\":\"https:\/\/ambipar.com\/latam\/en\/ambipar-environment\/logistica-e-manufatura-reversa\/cosmetics-medicines-and-beverages\/#webpage\",\"url\":\"https:\/\/ambipar.com\/latam\/en\/ambipar-environment\/logistica-e-manufatura-reversa\/cosmetics-medicines-and-beverages\/\",\"name\":\"Discover Ambipar Cosmetics, Medicines and Beverages solutions\",\"isPartOf\":{\"@id\":\"https:\/\/ambipar.com\/latam\/#website\"},\"primaryImageOfPage\":{\"@id\":\"https:\/\/ambipar.com\/latam\/en\/ambipar-environment\/logistica-e-manufatura-reversa\/cosmetics-medicines-and-beverages\/#primaryimage\"},\"datePublished\":\"2020-11-12T20:26:33+00:00\",\"dateModified\":\"2021-01-06T01:00:40+00:00\",\"description\":\"Ambipar has valuation solutions patented by PD&I for companies and their contents (useless product).\",\"breadcrumb\":{\"@id\":\"https:\/\/ambipar.com\/latam\/en\/ambipar-environment\/logistica-e-manufatura-reversa\/cosmetics-medicines-and-beverages\/#breadcrumb\"},\"inLanguage\":\"es-CL\",\"potentialAction\":[{\"@type\":\"ReadAction\",\"target\":[\"https:\/\/ambipar.com\/latam\/en\/ambipar-environment\/logistica-e-manufatura-reversa\/cosmetics-medicines-and-beverages\/\"]}]},{\"@type\":\"BreadcrumbList\",\"@id\":\"https:\/\/ambipar.com\/latam\/en\/ambipar-environment\/logistica-e-manufatura-reversa\/cosmetics-medicines-and-beverages\/#breadcrumb\",\"itemListElement\":[{\"@type\":\"ListItem\",\"position\":1,\"name\":\"Home\",\"item\":\"https:\/\/ambipar.com\/latam\/\"},{\"@type\":\"ListItem\",\"position\":2,\"name\":\"Ambipar Environment\",\"item\":\"https:\/\/ambipar.com\/latam\/pt\/ambipar-environment\/\"},{\"@type\":\"ListItem\",\"position\":3,\"name\":\"Log\\u00edstica e Manufatura Reversa\",\"item\":\"https:\/\/ambipar.com\/latam\/pt\/ambipar-environment\/logistica-e-manufatura-reversa\/\"},{\"@type\":\"ListItem\",\"position\":4,\"name\":\"Cosmetics, Medicines and Beverages\"}]}]}<\/script>\n<!-- \/ Yoast SEO plugin. -->","yoast_head_json":{"title":"Discover Ambipar Cosmetics, Medicines and Beverages solutions","description":"Ambipar has valuation solutions patented by PD&I for companies and their contents (useless product).","robots":{"index":"index","follow":"follow","max-snippet":"max-snippet:-1","max-image-preview":"max-image-preview:large","max-video-preview":"max-video-preview:-1"},"canonical":"https:\/\/ambipar.com\/latam\/en\/ambipar-environment\/logistica-e-manufatura-reversa\/cosmetics-medicines-and-beverages\/","og_locale":"es_ES","og_type":"article","og_title":"Discover Ambipar Cosmetics, Medicines and Beverages solutions","og_description":"Ambipar has valuation solutions patented by PD&I for companies and their contents (useless product).","og_url":"https:\/\/ambipar.com\/latam\/en\/ambipar-environment\/logistica-e-manufatura-reversa\/cosmetics-medicines-and-beverages\/","og_site_name":"Ambipar. A l\u00edder em gest\u00e3o ambiental.","article_modified_time":"2021-01-06T01:00:40+00:00","og_image":[{"width":995,"height":1004,"url":"https:\/\/ambipar.com\/latam\/wp-content\/uploads\/2020\/10\/farmaco.jpg","type":"image\/jpeg"}],"twitter_card":"summary_large_image","schema":{"@context":"https:\/\/schema.org","@graph":[{"@type":"Organization","@id":"https:\/\/ambipar.com\/latam\/#organization","name":"Ambipar","url":"https:\/\/ambipar.com\/latam\/","sameAs":[],"logo":{"@type":"ImageObject","@id":"https:\/\/ambipar.com\/latam\/#logo","inLanguage":"es-CL","url":"https:\/\/ambipar.com\/latam\/wp-content\/uploads\/2020\/10\/ambipar_color.png","contentUrl":"https:\/\/ambipar.com\/latam\/wp-content\/uploads\/2020\/10\/ambipar_color.png","width":174,"height":107,"caption":"Ambipar"},"image":{"@id":"https:\/\/ambipar.com\/latam\/#logo"}},{"@type":"WebSite","@id":"https:\/\/ambipar.com\/latam\/#website","url":"https:\/\/ambipar.com\/latam\/","name":"Ambipar. A l\u00edder em gest\u00e3o ambiental.","description":"Pioneira em solu\u00e7\u00f5es ambientais, a Ambipar atua em todo o territ\u00f3rio nacional oferecendo solu\u00e7\u00f5es integradas para toda a cadeia de neg\u00f3cio.","publisher":{"@id":"https:\/\/ambipar.com\/latam\/#organization"},"potentialAction":[{"@type":"SearchAction","target":{"@type":"EntryPoint","urlTemplate":"https:\/\/ambipar.com\/latam\/?s={search_term_string}"},"query-input":"required name=search_term_string"}],"inLanguage":"es-CL"},{"@type":"ImageObject","@id":"https:\/\/ambipar.com\/latam\/en\/ambipar-environment\/logistica-e-manufatura-reversa\/cosmetics-medicines-and-beverages\/#primaryimage","inLanguage":"es-CL","url":"https:\/\/ambipar.com\/latam\/wp-content\/uploads\/2020\/10\/farmaco.jpg","contentUrl":"https:\/\/ambipar.com\/latam\/wp-content\/uploads\/2020\/10\/farmaco.jpg","width":995,"height":1004,"caption":"f\u00e1rmaco"},{"@type":"WebPage","@id":"https:\/\/ambipar.com\/latam\/en\/ambipar-environment\/logistica-e-manufatura-reversa\/cosmetics-medicines-and-beverages\/#webpage","url":"https:\/\/ambipar.com\/latam\/en\/ambipar-environment\/logistica-e-manufatura-reversa\/cosmetics-medicines-and-beverages\/","name":"Discover Ambipar Cosmetics, Medicines and Beverages solutions","isPartOf":{"@id":"https:\/\/ambipar.com\/latam\/#website"},"primaryImageOfPage":{"@id":"https:\/\/ambipar.com\/latam\/en\/ambipar-environment\/logistica-e-manufatura-reversa\/cosmetics-medicines-and-beverages\/#primaryimage"},"datePublished":"2020-11-12T20:26:33+00:00","dateModified":"2021-01-06T01:00:40+00:00","description":"Ambipar has valuation solutions patented by PD&I for companies and their contents (useless product).","breadcrumb":{"@id":"https:\/\/ambipar.com\/latam\/en\/ambipar-environment\/logistica-e-manufatura-reversa\/cosmetics-medicines-and-beverages\/#breadcrumb"},"inLanguage":"es-CL","potentialAction":[{"@type":"ReadAction","target":["https:\/\/ambipar.com\/latam\/en\/ambipar-environment\/logistica-e-manufatura-reversa\/cosmetics-medicines-and-beverages\/"]}]},{"@type":"BreadcrumbList","@id":"https:\/\/ambipar.com\/latam\/en\/ambipar-environment\/logistica-e-manufatura-reversa\/cosmetics-medicines-and-beverages\/#breadcrumb","itemListElement":[{"@type":"ListItem","position":1,"name":"Home","item":"https:\/\/ambipar.com\/latam\/"},{"@type":"ListItem","position":2,"name":"Ambipar Environment","item":"https:\/\/ambipar.com\/latam\/pt\/ambipar-environment\/"},{"@type":"ListItem","position":3,"name":"Log\u00edstica e Manufatura Reversa","item":"https:\/\/ambipar.com\/latam\/pt\/ambipar-environment\/logistica-e-manufatura-reversa\/"},{"@type":"ListItem","position":4,"name":"Cosmetics, Medicines and Beverages"}]}]}},"_links":{"self":[{"href":"https:\/\/ambipar.com\/latam\/wp-json\/wp\/v2\/pages\/1534"}],"collection":[{"href":"https:\/\/ambipar.com\/latam\/wp-json\/wp\/v2\/pages"}],"about":[{"href":"https:\/\/ambipar.com\/latam\/wp-json\/wp\/v2\/types\/page"}],"author":[{"embeddable":true,"href":"https:\/\/ambipar.com\/latam\/wp-json\/wp\/v2\/users\/1"}],"replies":[{"embeddable":true,"href":"https:\/\/ambipar.com\/latam\/wp-json\/wp\/v2\/comments?post=1534"}],"version-history":[{"count":4,"href":"https:\/\/ambipar.com\/latam\/wp-json\/wp\/v2\/pages\/1534\/revisions"}],"predecessor-version":[{"id":3062,"href":"https:\/\/ambipar.com\/latam\/wp-json\/wp\/v2\/pages\/1534\/revisions\/3062"}],"up":[{"embeddable":true,"href":"https:\/\/ambipar.com\/latam\/wp-json\/wp\/v2\/pages\/218"}],"wp:featuredmedia":[{"embeddable":true,"href":"https:\/\/ambipar.com\/latam\/wp-json\/wp\/v2\/media\/370"}],"wp:attachment":[{"href":"https:\/\/ambipar.com\/latam\/wp-json\/wp\/v2\/media?parent=1534"}],"curies":[{"name":"wp","href":"https:\/\/api.w.org\/{rel}","templated":true}]}}