{"id":1545,"date":"2020-11-12T17:33:51","date_gmt":"2020-11-12T20:33:51","guid":{"rendered":"https:\/\/ambipar.com\/latam\/?page_id=1545"},"modified":"2021-10-13T10:38:14","modified_gmt":"2021-10-13T13:38:14","slug":"electro-electronicos","status":"publish","type":"page","link":"https:\/\/ambipar.com\/latam\/ambipar-environment-2\/logistica-y-manufactura-revertida\/electro-electronicos\/","title":{"rendered":"Electro electr\u00f3nicos"},"content":{"rendered":"\n<p>El proceso de fabricaci\u00f3n de electr\u00f3nica inversa tiene como objetivo la segregaci\u00f3n precisa de los subproductos generados en su desmontaje para su posterior des-caracterizaci\u00f3n, procesamiento y reinserci\u00f3n en la cadena productiva. Valoramos diferentes tipos de materiales:<\/p>\n\n\n\n<ul><li><strong>L\u00cdNEA BLANCA<\/strong>: refrigeradores, congeladores, lavadoras y similares<\/li><li><strong>L\u00cdNEA MARR\u00d3N<\/strong>: televisores y proyectores, videoc\u00e1maras, dispositivos Blu -Ray y otros<\/li><li><strong>L\u00cdNEA AZUL<\/strong>: peque\u00f1os electrodom\u00e9sticos<\/li><li><strong>L\u00cdNEA VERDE<\/strong>: microcomputadoras, laptops, tel\u00e9fonos celulares, servidores y perif\u00e9ricos<\/li><\/ul>\n\n\n\n<p>Vea tambi\u00e9n:<\/p>\n\n\n\n<ul><li><a href=\"https:\/\/ambipar.com\/latam\/es\/ambipar-environment\/logistica-e-manufatura-reversa\/manufactura-revertida\/\"><a href=\"https:\/\/ambipar.com\/latam\/ambipar-environment-2\/logistica-y-manufactura-revertida\/manufactura-revertida\/\">Manufactura Revertida<\/a><\/a><\/li><li><a href=\"https:\/\/ambipar.com\/latam\/es\/ambipar-environment\/logistica-e-manufatura-reversa\/manufactura-revertida\/\"><a href=\"https:\/\/ambipar.com\/latam\/ambipar-environment-2\/logistica-y-manufactura-revertida\/cosmeticos-farmacos-y-bebidas\/\">Cosm\u00e9ticos, F\u00e1rmacos y Bebidas<\/a><\/a><\/li><li><a href=\"https:\/\/ambipar.com\/latam\/es\/ambipar-environment\/logistica-e-manufatura-reversa\/manufactura-revertida\/\"><a href=\"https:\/\/ambipar.com\/latam\/ambipar-environment-2\/logistica-y-manufactura-revertida\/piezas-automotrices\/\">Piezas Automotrices<\/a><\/a><\/li><\/ul>\n\n\n\n<p><\/p>\n","protected":false},"excerpt":{"rendered":"El proceso de fabricaci\u00f3n de electr\u00f3nica inversa tiene como objetivo la segregaci\u00f3n precisa de los subproductos generados en su desmontaje para su posterior des-caracterizaci\u00f3n, procesamiento y reinserci\u00f3n en la cadena productiva. Valoramos diferentes tipos de materiales: L\u00cdNEA BLANCA: refrigeradores, congeladores, lavadoras y similares L\u00cdNEA MARR\u00d3N: televisores y proyectores, videoc\u00e1maras, dispositivos Blu -Ray y otros L\u00cdNEA&#8230; <a class=\"view-article\" href=\"https:\/\/ambipar.com\/latam\/ambipar-environment-2\/logistica-y-manufactura-revertida\/electro-electronicos\/\">Ver art\u00edculo<\/a>","protected":false},"author":1,"featured_media":240,"parent":1531,"menu_order":0,"comment_status":"closed","ping_status":"closed","template":"single-servicos.php","meta":[],"yoast_head":"<!-- This site is optimized with the Yoast SEO plugin v17.6 - https:\/\/yoast.com\/wordpress\/plugins\/seo\/ -->\n<title>Descubra las soluciones de Ambipar Environment para Electro electr\u00f3nicos<\/title>\n<meta name=\"description\" content=\"El proceso tiene como objetivo la segregaci\u00f3n precisa de los subproductos generados en su desmontaje para posterior descaracterizaci\u00f3n, procesamiento y reinserci\u00f3n.\" \/>\n<meta name=\"robots\" content=\"index, follow, max-snippet:-1, max-image-preview:large, max-video-preview:-1\" \/>\n<link rel=\"canonical\" href=\"https:\/\/ambipar.com\/latam\/ambipar-environment-2\/logistica-y-manufactura-revertida\/electro-electronicos\/\" \/>\n<meta property=\"og:locale\" content=\"es_ES\" \/>\n<meta property=\"og:type\" content=\"article\" \/>\n<meta property=\"og:title\" content=\"Descubra las soluciones de Ambipar Environment para Electro electr\u00f3nicos\" \/>\n<meta property=\"og:description\" content=\"El proceso tiene como objetivo la segregaci\u00f3n precisa de los subproductos generados en su desmontaje para posterior descaracterizaci\u00f3n, procesamiento y reinserci\u00f3n.\" \/>\n<meta property=\"og:url\" content=\"https:\/\/ambipar.com\/latam\/ambipar-environment-2\/logistica-y-manufactura-revertida\/electro-electronicos\/\" \/>\n<meta property=\"og:site_name\" content=\"Ambipar. A l\u00edder em gest\u00e3o ambiental.\" \/>\n<meta property=\"article:modified_time\" content=\"2021-10-13T13:38:14+00:00\" \/>\n<meta property=\"og:image\" content=\"https:\/\/ambipar.com\/latam\/wp-content\/uploads\/2020\/10\/eletroeletroicos-2.jpg\" \/>\n\t<meta property=\"og:image:width\" content=\"1016\" \/>\n\t<meta property=\"og:image:height\" content=\"1000\" \/>\n<meta name=\"twitter:card\" content=\"summary_large_image\" \/>\n<meta name=\"twitter:label1\" content=\"Est. reading time\" \/>\n\t<meta name=\"twitter:data1\" content=\"1 minuto\" \/>\n<script type=\"application\/ld+json\" class=\"yoast-schema-graph\">{\"@context\":\"https:\/\/schema.org\",\"@graph\":[{\"@type\":\"Organization\",\"@id\":\"https:\/\/ambipar.com\/latam\/#organization\",\"name\":\"Ambipar\",\"url\":\"https:\/\/ambipar.com\/latam\/\",\"sameAs\":[],\"logo\":{\"@type\":\"ImageObject\",\"@id\":\"https:\/\/ambipar.com\/latam\/#logo\",\"inLanguage\":\"es-CL\",\"url\":\"https:\/\/ambipar.com\/latam\/wp-content\/uploads\/2020\/10\/ambipar_color.png\",\"contentUrl\":\"https:\/\/ambipar.com\/latam\/wp-content\/uploads\/2020\/10\/ambipar_color.png\",\"width\":174,\"height\":107,\"caption\":\"Ambipar\"},\"image\":{\"@id\":\"https:\/\/ambipar.com\/latam\/#logo\"}},{\"@type\":\"WebSite\",\"@id\":\"https:\/\/ambipar.com\/latam\/#website\",\"url\":\"https:\/\/ambipar.com\/latam\/\",\"name\":\"Ambipar. A l\\u00edder em gest\\u00e3o ambiental.\",\"description\":\"Pioneira em solu\\u00e7\\u00f5es ambientais, a Ambipar atua em todo o territ\\u00f3rio nacional oferecendo solu\\u00e7\\u00f5es integradas para toda a cadeia de neg\\u00f3cio.\",\"publisher\":{\"@id\":\"https:\/\/ambipar.com\/latam\/#organization\"},\"potentialAction\":[{\"@type\":\"SearchAction\",\"target\":{\"@type\":\"EntryPoint\",\"urlTemplate\":\"https:\/\/ambipar.com\/latam\/?s={search_term_string}\"},\"query-input\":\"required name=search_term_string\"}],\"inLanguage\":\"es-CL\"},{\"@type\":\"ImageObject\",\"@id\":\"https:\/\/ambipar.com\/latam\/ambipar-environment-2\/logistica-y-manufactura-revertida\/electro-electronicos\/#primaryimage\",\"inLanguage\":\"es-CL\",\"url\":\"https:\/\/ambipar.com\/latam\/wp-content\/uploads\/2020\/10\/eletroeletroicos-2.jpg\",\"contentUrl\":\"https:\/\/ambipar.com\/latam\/wp-content\/uploads\/2020\/10\/eletroeletroicos-2.jpg\",\"width\":1016,\"height\":1000,\"caption\":\"eletroeletr\\u00f4nicos\"},{\"@type\":\"WebPage\",\"@id\":\"https:\/\/ambipar.com\/latam\/ambipar-environment-2\/logistica-y-manufactura-revertida\/electro-electronicos\/#webpage\",\"url\":\"https:\/\/ambipar.com\/latam\/ambipar-environment-2\/logistica-y-manufactura-revertida\/electro-electronicos\/\",\"name\":\"Descubra las soluciones de Ambipar Environment para Electro electr\\u00f3nicos\",\"isPartOf\":{\"@id\":\"https:\/\/ambipar.com\/latam\/#website\"},\"primaryImageOfPage\":{\"@id\":\"https:\/\/ambipar.com\/latam\/ambipar-environment-2\/logistica-y-manufactura-revertida\/electro-electronicos\/#primaryimage\"},\"datePublished\":\"2020-11-12T20:33:51+00:00\",\"dateModified\":\"2021-10-13T13:38:14+00:00\",\"description\":\"El proceso tiene como objetivo la segregaci\\u00f3n precisa de los subproductos generados en su desmontaje para posterior descaracterizaci\\u00f3n, procesamiento y reinserci\\u00f3n.\",\"breadcrumb\":{\"@id\":\"https:\/\/ambipar.com\/latam\/ambipar-environment-2\/logistica-y-manufactura-revertida\/electro-electronicos\/#breadcrumb\"},\"inLanguage\":\"es-CL\",\"potentialAction\":[{\"@type\":\"ReadAction\",\"target\":[\"https:\/\/ambipar.com\/latam\/ambipar-environment-2\/logistica-y-manufactura-revertida\/electro-electronicos\/\"]}]},{\"@type\":\"BreadcrumbList\",\"@id\":\"https:\/\/ambipar.com\/latam\/ambipar-environment-2\/logistica-y-manufactura-revertida\/electro-electronicos\/#breadcrumb\",\"itemListElement\":[{\"@type\":\"ListItem\",\"position\":1,\"name\":\"Home\",\"item\":\"https:\/\/ambipar.com\/latam\/\"},{\"@type\":\"ListItem\",\"position\":2,\"name\":\"Ambipar Environment\",\"item\":\"https:\/\/ambipar.com\/latam\/ambipar-environment-2\/\"},{\"@type\":\"ListItem\",\"position\":3,\"name\":\"Log\\u00edstica y Manufactura Revertida\",\"item\":\"https:\/\/ambipar.com\/latam\/ambipar-environment-2\/logistica-y-manufactura-revertida\/\"},{\"@type\":\"ListItem\",\"position\":4,\"name\":\"Electro electr\\u00f3nicos\"}]}]}<\/script>\n<!-- \/ Yoast SEO plugin. -->","yoast_head_json":{"title":"Descubra las soluciones de Ambipar Environment para Electro electr\u00f3nicos","description":"El proceso tiene como objetivo la segregaci\u00f3n precisa de los subproductos generados en su desmontaje para posterior descaracterizaci\u00f3n, procesamiento y reinserci\u00f3n.","robots":{"index":"index","follow":"follow","max-snippet":"max-snippet:-1","max-image-preview":"max-image-preview:large","max-video-preview":"max-video-preview:-1"},"canonical":"https:\/\/ambipar.com\/latam\/ambipar-environment-2\/logistica-y-manufactura-revertida\/electro-electronicos\/","og_locale":"es_ES","og_type":"article","og_title":"Descubra las soluciones de Ambipar Environment para Electro electr\u00f3nicos","og_description":"El proceso tiene como objetivo la segregaci\u00f3n precisa de los subproductos generados en su desmontaje para posterior descaracterizaci\u00f3n, procesamiento y reinserci\u00f3n.","og_url":"https:\/\/ambipar.com\/latam\/ambipar-environment-2\/logistica-y-manufactura-revertida\/electro-electronicos\/","og_site_name":"Ambipar. A l\u00edder em gest\u00e3o ambiental.","article_modified_time":"2021-10-13T13:38:14+00:00","og_image":[{"width":1016,"height":1000,"url":"https:\/\/ambipar.com\/latam\/wp-content\/uploads\/2020\/10\/eletroeletroicos-2.jpg","type":"image\/jpeg"}],"twitter_card":"summary_large_image","twitter_misc":{"Est. reading time":"1 minuto"},"schema":{"@context":"https:\/\/schema.org","@graph":[{"@type":"Organization","@id":"https:\/\/ambipar.com\/latam\/#organization","name":"Ambipar","url":"https:\/\/ambipar.com\/latam\/","sameAs":[],"logo":{"@type":"ImageObject","@id":"https:\/\/ambipar.com\/latam\/#logo","inLanguage":"es-CL","url":"https:\/\/ambipar.com\/latam\/wp-content\/uploads\/2020\/10\/ambipar_color.png","contentUrl":"https:\/\/ambipar.com\/latam\/wp-content\/uploads\/2020\/10\/ambipar_color.png","width":174,"height":107,"caption":"Ambipar"},"image":{"@id":"https:\/\/ambipar.com\/latam\/#logo"}},{"@type":"WebSite","@id":"https:\/\/ambipar.com\/latam\/#website","url":"https:\/\/ambipar.com\/latam\/","name":"Ambipar. A l\u00edder em gest\u00e3o ambiental.","description":"Pioneira em solu\u00e7\u00f5es ambientais, a Ambipar atua em todo o territ\u00f3rio nacional oferecendo solu\u00e7\u00f5es integradas para toda a cadeia de neg\u00f3cio.","publisher":{"@id":"https:\/\/ambipar.com\/latam\/#organization"},"potentialAction":[{"@type":"SearchAction","target":{"@type":"EntryPoint","urlTemplate":"https:\/\/ambipar.com\/latam\/?s={search_term_string}"},"query-input":"required name=search_term_string"}],"inLanguage":"es-CL"},{"@type":"ImageObject","@id":"https:\/\/ambipar.com\/latam\/ambipar-environment-2\/logistica-y-manufactura-revertida\/electro-electronicos\/#primaryimage","inLanguage":"es-CL","url":"https:\/\/ambipar.com\/latam\/wp-content\/uploads\/2020\/10\/eletroeletroicos-2.jpg","contentUrl":"https:\/\/ambipar.com\/latam\/wp-content\/uploads\/2020\/10\/eletroeletroicos-2.jpg","width":1016,"height":1000,"caption":"eletroeletr\u00f4nicos"},{"@type":"WebPage","@id":"https:\/\/ambipar.com\/latam\/ambipar-environment-2\/logistica-y-manufactura-revertida\/electro-electronicos\/#webpage","url":"https:\/\/ambipar.com\/latam\/ambipar-environment-2\/logistica-y-manufactura-revertida\/electro-electronicos\/","name":"Descubra las soluciones de Ambipar Environment para Electro electr\u00f3nicos","isPartOf":{"@id":"https:\/\/ambipar.com\/latam\/#website"},"primaryImageOfPage":{"@id":"https:\/\/ambipar.com\/latam\/ambipar-environment-2\/logistica-y-manufactura-revertida\/electro-electronicos\/#primaryimage"},"datePublished":"2020-11-12T20:33:51+00:00","dateModified":"2021-10-13T13:38:14+00:00","description":"El proceso tiene como objetivo la segregaci\u00f3n precisa de los subproductos generados en su desmontaje para posterior descaracterizaci\u00f3n, procesamiento y reinserci\u00f3n.","breadcrumb":{"@id":"https:\/\/ambipar.com\/latam\/ambipar-environment-2\/logistica-y-manufactura-revertida\/electro-electronicos\/#breadcrumb"},"inLanguage":"es-CL","potentialAction":[{"@type":"ReadAction","target":["https:\/\/ambipar.com\/latam\/ambipar-environment-2\/logistica-y-manufactura-revertida\/electro-electronicos\/"]}]},{"@type":"BreadcrumbList","@id":"https:\/\/ambipar.com\/latam\/ambipar-environment-2\/logistica-y-manufactura-revertida\/electro-electronicos\/#breadcrumb","itemListElement":[{"@type":"ListItem","position":1,"name":"Home","item":"https:\/\/ambipar.com\/latam\/"},{"@type":"ListItem","position":2,"name":"Ambipar Environment","item":"https:\/\/ambipar.com\/latam\/ambipar-environment-2\/"},{"@type":"ListItem","position":3,"name":"Log\u00edstica y Manufactura Revertida","item":"https:\/\/ambipar.com\/latam\/ambipar-environment-2\/logistica-y-manufactura-revertida\/"},{"@type":"ListItem","position":4,"name":"Electro electr\u00f3nicos"}]}]}},"_links":{"self":[{"href":"https:\/\/ambipar.com\/latam\/wp-json\/wp\/v2\/pages\/1545"}],"collection":[{"href":"https:\/\/ambipar.com\/latam\/wp-json\/wp\/v2\/pages"}],"about":[{"href":"https:\/\/ambipar.com\/latam\/wp-json\/wp\/v2\/types\/page"}],"author":[{"embeddable":true,"href":"https:\/\/ambipar.com\/latam\/wp-json\/wp\/v2\/users\/1"}],"replies":[{"embeddable":true,"href":"https:\/\/ambipar.com\/latam\/wp-json\/wp\/v2\/comments?post=1545"}],"version-history":[{"count":4,"href":"https:\/\/ambipar.com\/latam\/wp-json\/wp\/v2\/pages\/1545\/revisions"}],"predecessor-version":[{"id":4148,"href":"https:\/\/ambipar.com\/latam\/wp-json\/wp\/v2\/pages\/1545\/revisions\/4148"}],"up":[{"embeddable":true,"href":"https:\/\/ambipar.com\/latam\/wp-json\/wp\/v2\/pages\/1531"}],"wp:featuredmedia":[{"embeddable":true,"href":"https:\/\/ambipar.com\/latam\/wp-json\/wp\/v2\/media\/240"}],"wp:attachment":[{"href":"https:\/\/ambipar.com\/latam\/wp-json\/wp\/v2\/media?parent=1545"}],"curies":[{"name":"wp","href":"https:\/\/api.w.org\/{rel}","templated":true}]}}