{"id":1548,"date":"2020-11-12T17:28:29","date_gmt":"2020-11-12T20:28:29","guid":{"rendered":"https:\/\/ambipar.com\/latam\/?page_id=1548"},"modified":"2021-01-05T20:16:35","modified_gmt":"2021-01-05T23:16:35","slug":"reversed-manufacturing","status":"publish","type":"page","link":"https:\/\/ambipar.com\/latam\/en\/ambipar-environment\/logistica-e-manufatura-reversa\/reversed-manufacturing\/","title":{"rendered":"Reversed Manufacturing"},"content":{"rendered":"\n<p>Management of the reverse chain of pre and post-consumer products, benefiting by-products and reinserting everyone as a raw material in the production chain, generating positive impacts on society, the environment and the economy.<\/p>\n\n\n\n<p>The entire product de-characterization process can be followed live by cameras, with the issuance of reports and certificates at the end of the process, ensuring the traceability and reliability of the information.<\/p>\n\n\n\n<p>With a robust logistic capillarity, Ambipar is a reverse logistics operator, following the guidelines of the National Solid Waste Policy, with a collection coverage area throughout Latin America.<\/p>\n\n\n\n<ul><li>Brand Protection<\/li><li>Security and Traceability<\/li><li>Circular Economy<\/li><li>Tax Refund<\/li><\/ul>\n\n\n\n<figure class=\"wp-block-image size-large\"><img width=\"574\" height=\"130\" src=\"https:\/\/ambipar.com\/latam\/wp-content\/uploads\/2020\/11\/manufaturareversa_en.png\" alt=\"\" class=\"wp-image-2655\" srcset=\"https:\/\/ambipar.com\/latam\/wp-content\/uploads\/2020\/11\/manufaturareversa_en.png 574w, https:\/\/ambipar.com\/latam\/wp-content\/uploads\/2020\/11\/manufaturareversa_en-250x57.png 250w, https:\/\/ambipar.com\/latam\/wp-content\/uploads\/2020\/11\/manufaturareversa_en-120x27.png 120w\" sizes=\"(max-width: 574px) 100vw, 574px\" \/><\/figure>\n\n\n\n<figure class=\"wp-block-image size-large is-style-rounded\"><img width=\"654\" height=\"458\" src=\"https:\/\/ambipar.com\/latam\/wp-content\/uploads\/2020\/11\/manufaturareversa2-1_en.png\" alt=\"\" class=\"wp-image-2656\" srcset=\"https:\/\/ambipar.com\/latam\/wp-content\/uploads\/2020\/11\/manufaturareversa2-1_en.png 654w, https:\/\/ambipar.com\/latam\/wp-content\/uploads\/2020\/11\/manufaturareversa2-1_en-250x175.png 250w, https:\/\/ambipar.com\/latam\/wp-content\/uploads\/2020\/11\/manufaturareversa2-1_en-120x84.png 120w\" sizes=\"(max-width: 654px) 100vw, 654px\" \/><\/figure>\n\n\n\n<p>See too:<\/p>\n\n\n\n<ul><li><a href=\"https:\/\/ambipar.com\/latam\/en\/ambipar-environment\/logistica-e-manufatura-reversa\/electronics\/\">Electronics<\/a><\/li><li><a href=\"https:\/\/ambipar.com\/latam\/en\/ambipar-environment\/logistica-e-manufatura-reversa\/cosmetics-medicines-and-beverages\/\">Cosmetics, Medicines, and Beverages<\/a><\/li><li><a href=\"https:\/\/ambipar.com\/latam\/en\/ambipar-environment\/logistica-e-manufatura-reversa\/automobile-parts\/\">Automobile <\/a><a href=\"\/ambipar-environment\/logistica-e-manufatura-reversa\/pecas-automotivas\/\">Parts<\/a><\/li><\/ul>\n\n\n\n<p><\/p>\n","protected":false},"excerpt":{"rendered":"Management of the reverse chain of pre and post-consumer products, benefiting by-products and reinserting everyone as a raw material in the production chain, generating positive impacts on society, the environment and the economy. The entire product de-characterization process can be followed live by cameras, with the issuance of reports and certificates at the end of&#8230; <a class=\"view-article\" href=\"https:\/\/ambipar.com\/latam\/en\/ambipar-environment\/logistica-e-manufatura-reversa\/reversed-manufacturing\/\">Ver art\u00edculo<\/a>","protected":false},"author":1,"featured_media":225,"parent":218,"menu_order":0,"comment_status":"closed","ping_status":"closed","template":"single-servicos.php","meta":[],"yoast_head":"<!-- This site is optimized with the Yoast SEO plugin v17.6 - https:\/\/yoast.com\/wordpress\/plugins\/seo\/ -->\n<title>Discover Ambipar Environment&#039;s Reversed Manufacturing<\/title>\n<meta name=\"description\" content=\"Management of the reverse chain of pre- and post-consumer products, benefiting by-products and reinserting everyone as raw material in the production chain.\" \/>\n<meta name=\"robots\" content=\"index, follow, max-snippet:-1, max-image-preview:large, max-video-preview:-1\" \/>\n<link rel=\"canonical\" href=\"https:\/\/ambipar.com\/latam\/en\/ambipar-environment\/logistica-e-manufatura-reversa\/reversed-manufacturing\/\" \/>\n<meta property=\"og:locale\" content=\"es_ES\" \/>\n<meta property=\"og:type\" content=\"article\" \/>\n<meta property=\"og:title\" content=\"Discover Ambipar Environment&#039;s Reversed Manufacturing\" \/>\n<meta property=\"og:description\" content=\"Management of the reverse chain of pre- and post-consumer products, benefiting by-products and reinserting everyone as raw material in the production chain.\" \/>\n<meta property=\"og:url\" content=\"https:\/\/ambipar.com\/latam\/en\/ambipar-environment\/logistica-e-manufatura-reversa\/reversed-manufacturing\/\" \/>\n<meta property=\"og:site_name\" content=\"Ambipar. A l\u00edder em gest\u00e3o ambiental.\" \/>\n<meta property=\"article:modified_time\" content=\"2021-01-05T23:16:35+00:00\" \/>\n<meta property=\"og:image\" content=\"https:\/\/ambipar.com\/latam\/wp-content\/uploads\/2020\/10\/manufatura3.jpg\" \/>\n\t<meta property=\"og:image:width\" content=\"1016\" \/>\n\t<meta property=\"og:image:height\" content=\"1016\" \/>\n<meta name=\"twitter:card\" content=\"summary_large_image\" \/>\n<meta name=\"twitter:label1\" content=\"Est. reading time\" \/>\n\t<meta name=\"twitter:data1\" content=\"1 minuto\" \/>\n<script type=\"application\/ld+json\" class=\"yoast-schema-graph\">{\"@context\":\"https:\/\/schema.org\",\"@graph\":[{\"@type\":\"Organization\",\"@id\":\"https:\/\/ambipar.com\/latam\/#organization\",\"name\":\"Ambipar\",\"url\":\"https:\/\/ambipar.com\/latam\/\",\"sameAs\":[],\"logo\":{\"@type\":\"ImageObject\",\"@id\":\"https:\/\/ambipar.com\/latam\/#logo\",\"inLanguage\":\"es-CL\",\"url\":\"https:\/\/ambipar.com\/latam\/wp-content\/uploads\/2020\/10\/ambipar_color.png\",\"contentUrl\":\"https:\/\/ambipar.com\/latam\/wp-content\/uploads\/2020\/10\/ambipar_color.png\",\"width\":174,\"height\":107,\"caption\":\"Ambipar\"},\"image\":{\"@id\":\"https:\/\/ambipar.com\/latam\/#logo\"}},{\"@type\":\"WebSite\",\"@id\":\"https:\/\/ambipar.com\/latam\/#website\",\"url\":\"https:\/\/ambipar.com\/latam\/\",\"name\":\"Ambipar. A l\\u00edder em gest\\u00e3o ambiental.\",\"description\":\"Pioneira em solu\\u00e7\\u00f5es ambientais, a Ambipar atua em todo o territ\\u00f3rio nacional oferecendo solu\\u00e7\\u00f5es integradas para toda a cadeia de neg\\u00f3cio.\",\"publisher\":{\"@id\":\"https:\/\/ambipar.com\/latam\/#organization\"},\"potentialAction\":[{\"@type\":\"SearchAction\",\"target\":{\"@type\":\"EntryPoint\",\"urlTemplate\":\"https:\/\/ambipar.com\/latam\/?s={search_term_string}\"},\"query-input\":\"required name=search_term_string\"}],\"inLanguage\":\"es-CL\"},{\"@type\":\"ImageObject\",\"@id\":\"https:\/\/ambipar.com\/latam\/en\/ambipar-environment\/logistica-e-manufatura-reversa\/reversed-manufacturing\/#primaryimage\",\"inLanguage\":\"es-CL\",\"url\":\"https:\/\/ambipar.com\/latam\/wp-content\/uploads\/2020\/10\/manufatura3.jpg\",\"contentUrl\":\"https:\/\/ambipar.com\/latam\/wp-content\/uploads\/2020\/10\/manufatura3.jpg\",\"width\":1016,\"height\":1016,\"caption\":\"manufatura\"},{\"@type\":\"WebPage\",\"@id\":\"https:\/\/ambipar.com\/latam\/en\/ambipar-environment\/logistica-e-manufatura-reversa\/reversed-manufacturing\/#webpage\",\"url\":\"https:\/\/ambipar.com\/latam\/en\/ambipar-environment\/logistica-e-manufatura-reversa\/reversed-manufacturing\/\",\"name\":\"Discover Ambipar Environment's Reversed Manufacturing\",\"isPartOf\":{\"@id\":\"https:\/\/ambipar.com\/latam\/#website\"},\"primaryImageOfPage\":{\"@id\":\"https:\/\/ambipar.com\/latam\/en\/ambipar-environment\/logistica-e-manufatura-reversa\/reversed-manufacturing\/#primaryimage\"},\"datePublished\":\"2020-11-12T20:28:29+00:00\",\"dateModified\":\"2021-01-05T23:16:35+00:00\",\"description\":\"Management of the reverse chain of pre- and post-consumer products, benefiting by-products and reinserting everyone as raw material in the production chain.\",\"breadcrumb\":{\"@id\":\"https:\/\/ambipar.com\/latam\/en\/ambipar-environment\/logistica-e-manufatura-reversa\/reversed-manufacturing\/#breadcrumb\"},\"inLanguage\":\"es-CL\",\"potentialAction\":[{\"@type\":\"ReadAction\",\"target\":[\"https:\/\/ambipar.com\/latam\/en\/ambipar-environment\/logistica-e-manufatura-reversa\/reversed-manufacturing\/\"]}]},{\"@type\":\"BreadcrumbList\",\"@id\":\"https:\/\/ambipar.com\/latam\/en\/ambipar-environment\/logistica-e-manufatura-reversa\/reversed-manufacturing\/#breadcrumb\",\"itemListElement\":[{\"@type\":\"ListItem\",\"position\":1,\"name\":\"Home\",\"item\":\"https:\/\/ambipar.com\/latam\/\"},{\"@type\":\"ListItem\",\"position\":2,\"name\":\"Ambipar Environment\",\"item\":\"https:\/\/ambipar.com\/latam\/pt\/ambipar-environment\/\"},{\"@type\":\"ListItem\",\"position\":3,\"name\":\"Log\\u00edstica e Manufatura Reversa\",\"item\":\"https:\/\/ambipar.com\/latam\/pt\/ambipar-environment\/logistica-e-manufatura-reversa\/\"},{\"@type\":\"ListItem\",\"position\":4,\"name\":\"Reversed Manufacturing\"}]}]}<\/script>\n<!-- \/ Yoast SEO plugin. -->","yoast_head_json":{"title":"Discover Ambipar Environment's Reversed Manufacturing","description":"Management of the reverse chain of pre- and post-consumer products, benefiting by-products and reinserting everyone as raw material in the production chain.","robots":{"index":"index","follow":"follow","max-snippet":"max-snippet:-1","max-image-preview":"max-image-preview:large","max-video-preview":"max-video-preview:-1"},"canonical":"https:\/\/ambipar.com\/latam\/en\/ambipar-environment\/logistica-e-manufatura-reversa\/reversed-manufacturing\/","og_locale":"es_ES","og_type":"article","og_title":"Discover Ambipar Environment's Reversed Manufacturing","og_description":"Management of the reverse chain of pre- and post-consumer products, benefiting by-products and reinserting everyone as raw material in the production chain.","og_url":"https:\/\/ambipar.com\/latam\/en\/ambipar-environment\/logistica-e-manufatura-reversa\/reversed-manufacturing\/","og_site_name":"Ambipar. A l\u00edder em gest\u00e3o ambiental.","article_modified_time":"2021-01-05T23:16:35+00:00","og_image":[{"width":1016,"height":1016,"url":"https:\/\/ambipar.com\/latam\/wp-content\/uploads\/2020\/10\/manufatura3.jpg","type":"image\/jpeg"}],"twitter_card":"summary_large_image","twitter_misc":{"Est. reading time":"1 minuto"},"schema":{"@context":"https:\/\/schema.org","@graph":[{"@type":"Organization","@id":"https:\/\/ambipar.com\/latam\/#organization","name":"Ambipar","url":"https:\/\/ambipar.com\/latam\/","sameAs":[],"logo":{"@type":"ImageObject","@id":"https:\/\/ambipar.com\/latam\/#logo","inLanguage":"es-CL","url":"https:\/\/ambipar.com\/latam\/wp-content\/uploads\/2020\/10\/ambipar_color.png","contentUrl":"https:\/\/ambipar.com\/latam\/wp-content\/uploads\/2020\/10\/ambipar_color.png","width":174,"height":107,"caption":"Ambipar"},"image":{"@id":"https:\/\/ambipar.com\/latam\/#logo"}},{"@type":"WebSite","@id":"https:\/\/ambipar.com\/latam\/#website","url":"https:\/\/ambipar.com\/latam\/","name":"Ambipar. A l\u00edder em gest\u00e3o ambiental.","description":"Pioneira em solu\u00e7\u00f5es ambientais, a Ambipar atua em todo o territ\u00f3rio nacional oferecendo solu\u00e7\u00f5es integradas para toda a cadeia de neg\u00f3cio.","publisher":{"@id":"https:\/\/ambipar.com\/latam\/#organization"},"potentialAction":[{"@type":"SearchAction","target":{"@type":"EntryPoint","urlTemplate":"https:\/\/ambipar.com\/latam\/?s={search_term_string}"},"query-input":"required name=search_term_string"}],"inLanguage":"es-CL"},{"@type":"ImageObject","@id":"https:\/\/ambipar.com\/latam\/en\/ambipar-environment\/logistica-e-manufatura-reversa\/reversed-manufacturing\/#primaryimage","inLanguage":"es-CL","url":"https:\/\/ambipar.com\/latam\/wp-content\/uploads\/2020\/10\/manufatura3.jpg","contentUrl":"https:\/\/ambipar.com\/latam\/wp-content\/uploads\/2020\/10\/manufatura3.jpg","width":1016,"height":1016,"caption":"manufatura"},{"@type":"WebPage","@id":"https:\/\/ambipar.com\/latam\/en\/ambipar-environment\/logistica-e-manufatura-reversa\/reversed-manufacturing\/#webpage","url":"https:\/\/ambipar.com\/latam\/en\/ambipar-environment\/logistica-e-manufatura-reversa\/reversed-manufacturing\/","name":"Discover Ambipar Environment's Reversed Manufacturing","isPartOf":{"@id":"https:\/\/ambipar.com\/latam\/#website"},"primaryImageOfPage":{"@id":"https:\/\/ambipar.com\/latam\/en\/ambipar-environment\/logistica-e-manufatura-reversa\/reversed-manufacturing\/#primaryimage"},"datePublished":"2020-11-12T20:28:29+00:00","dateModified":"2021-01-05T23:16:35+00:00","description":"Management of the reverse chain of pre- and post-consumer products, benefiting by-products and reinserting everyone as raw material in the production chain.","breadcrumb":{"@id":"https:\/\/ambipar.com\/latam\/en\/ambipar-environment\/logistica-e-manufatura-reversa\/reversed-manufacturing\/#breadcrumb"},"inLanguage":"es-CL","potentialAction":[{"@type":"ReadAction","target":["https:\/\/ambipar.com\/latam\/en\/ambipar-environment\/logistica-e-manufatura-reversa\/reversed-manufacturing\/"]}]},{"@type":"BreadcrumbList","@id":"https:\/\/ambipar.com\/latam\/en\/ambipar-environment\/logistica-e-manufatura-reversa\/reversed-manufacturing\/#breadcrumb","itemListElement":[{"@type":"ListItem","position":1,"name":"Home","item":"https:\/\/ambipar.com\/latam\/"},{"@type":"ListItem","position":2,"name":"Ambipar Environment","item":"https:\/\/ambipar.com\/latam\/pt\/ambipar-environment\/"},{"@type":"ListItem","position":3,"name":"Log\u00edstica e Manufatura Reversa","item":"https:\/\/ambipar.com\/latam\/pt\/ambipar-environment\/logistica-e-manufatura-reversa\/"},{"@type":"ListItem","position":4,"name":"Reversed Manufacturing"}]}]}},"_links":{"self":[{"href":"https:\/\/ambipar.com\/latam\/wp-json\/wp\/v2\/pages\/1548"}],"collection":[{"href":"https:\/\/ambipar.com\/latam\/wp-json\/wp\/v2\/pages"}],"about":[{"href":"https:\/\/ambipar.com\/latam\/wp-json\/wp\/v2\/types\/page"}],"author":[{"embeddable":true,"href":"https:\/\/ambipar.com\/latam\/wp-json\/wp\/v2\/users\/1"}],"replies":[{"embeddable":true,"href":"https:\/\/ambipar.com\/latam\/wp-json\/wp\/v2\/comments?post=1548"}],"version-history":[{"count":4,"href":"https:\/\/ambipar.com\/latam\/wp-json\/wp\/v2\/pages\/1548\/revisions"}],"predecessor-version":[{"id":2657,"href":"https:\/\/ambipar.com\/latam\/wp-json\/wp\/v2\/pages\/1548\/revisions\/2657"}],"up":[{"embeddable":true,"href":"https:\/\/ambipar.com\/latam\/wp-json\/wp\/v2\/pages\/218"}],"wp:featuredmedia":[{"embeddable":true,"href":"https:\/\/ambipar.com\/latam\/wp-json\/wp\/v2\/media\/225"}],"wp:attachment":[{"href":"https:\/\/ambipar.com\/latam\/wp-json\/wp\/v2\/media?parent=1548"}],"curies":[{"name":"wp","href":"https:\/\/api.w.org\/{rel}","templated":true}]}}