{"id":1551,"date":"2020-11-12T17:31:15","date_gmt":"2020-11-12T20:31:15","guid":{"rendered":"https:\/\/ambipar.com\/latam\/?page_id=1551"},"modified":"2021-10-13T10:37:38","modified_gmt":"2021-10-13T13:37:38","slug":"manufactura-revertida","status":"publish","type":"page","link":"https:\/\/ambipar.com\/latam\/ambipar-environment-2\/logistica-y-manufactura-revertida\/manufactura-revertida\/","title":{"rendered":"Manufactura Revertida"},"content":{"rendered":"\n<p>Gesti\u00f3n de la cadena inversa de productos pre y post consumo, beneficiando los subproductos y reinsert\u00e1ndolos como materia prima en la cadena productiva, generando impactos positivos en la sociedad, el medio ambiente y la econom\u00eda.<\/p>\n\n\n\n<p>Todo el proceso de des-caracterizaci\u00f3n del producto puede ser seguido en vivo por c\u00e1maras, con la emisi\u00f3n de informes y certificados al final del proceso, asegurando la trazabilidad y confiabilidad de la informaci\u00f3n.<\/p>\n\n\n\n<p>Con una capilaridad log\u00edstica robusta, Ambipar es un operador de log\u00edstica inversa, siguiendo los lineamientos de la Pol\u00edtica Nacional de Residuos S\u00f3lidos, con un \u00e1rea de cobertura de recolecci\u00f3n en toda Latinoam\u00e9rica.<\/p>\n\n\n\n<ul><li>Protecci\u00f3n de Marca<\/li><li>Seguridad y Trazabilidad<\/li><li>Econom\u00eda Circular<\/li><li>Reembolso de Impuestos<\/li><\/ul>\n\n\n\n<figure class=\"wp-block-image size-large\"><img width=\"574\" height=\"130\" src=\"https:\/\/ambipar.com\/latam\/wp-content\/uploads\/2020\/11\/manufaturareversa_es.png\" alt=\"\" class=\"wp-image-2658\" srcset=\"https:\/\/ambipar.com\/latam\/wp-content\/uploads\/2020\/11\/manufaturareversa_es.png 574w, https:\/\/ambipar.com\/latam\/wp-content\/uploads\/2020\/11\/manufaturareversa_es-250x57.png 250w, https:\/\/ambipar.com\/latam\/wp-content\/uploads\/2020\/11\/manufaturareversa_es-120x27.png 120w\" sizes=\"(max-width: 574px) 100vw, 574px\" \/><\/figure>\n\n\n\n<figure class=\"wp-block-image size-large is-style-rounded\"><img width=\"654\" height=\"458\" src=\"https:\/\/ambipar.com\/latam\/wp-content\/uploads\/2020\/11\/manufaturareversa2-1_es.png\" alt=\"\" class=\"wp-image-2659\" srcset=\"https:\/\/ambipar.com\/latam\/wp-content\/uploads\/2020\/11\/manufaturareversa2-1_es.png 654w, https:\/\/ambipar.com\/latam\/wp-content\/uploads\/2020\/11\/manufaturareversa2-1_es-250x175.png 250w, https:\/\/ambipar.com\/latam\/wp-content\/uploads\/2020\/11\/manufaturareversa2-1_es-120x84.png 120w\" sizes=\"(max-width: 654px) 100vw, 654px\" \/><\/figure>\n\n\n\n<p>Vea tambi\u00e9n:<\/p>\n\n\n\n<ul><li><a href=\"https:\/\/ambipar.com\/latam\/es\/ambipar-environment\/logistica-e-manufatura-reversa\/electro-electronicos\/\"><a href=\"https:\/\/ambipar.com\/latam\/ambipar-environment-2\/logistica-y-manufactura-revertida\/electro-electronicos\/\">Electro electr\u00f3nicos<\/a><\/a><\/li><li><a href=\"https:\/\/ambipar.com\/latam\/es\/ambipar-environment\/logistica-e-manufatura-reversa\/electro-electronicos\/\"><a href=\"https:\/\/ambipar.com\/latam\/ambipar-environment-2\/logistica-y-manufactura-revertida\/cosmeticos-farmacos-y-bebidas\/\">Cosm\u00e9ticos, F\u00e1rmacos y Bebidas<\/a><\/a><\/li><li><a href=\"https:\/\/ambipar.com\/latam\/es\/ambipar-environment\/logistica-e-manufatura-reversa\/electro-electronicos\/\"><a href=\"https:\/\/ambipar.com\/latam\/ambipar-environment-2\/logistica-y-manufactura-revertida\/piezas-automotrices\/\">Piezas Automotrices<\/a><\/a><\/li><\/ul>\n\n\n\n<p><\/p>\n","protected":false},"excerpt":{"rendered":"Gesti\u00f3n de la cadena inversa de productos pre y post consumo, beneficiando los subproductos y reinsert\u00e1ndolos como materia prima en la cadena productiva, generando impactos positivos en la sociedad, el medio ambiente y la econom\u00eda. Todo el proceso de des-caracterizaci\u00f3n del producto puede ser seguido en vivo por c\u00e1maras, con la emisi\u00f3n de informes y&#8230; <a class=\"view-article\" href=\"https:\/\/ambipar.com\/latam\/ambipar-environment-2\/logistica-y-manufactura-revertida\/manufactura-revertida\/\">Ver art\u00edculo<\/a>","protected":false},"author":1,"featured_media":225,"parent":1531,"menu_order":0,"comment_status":"closed","ping_status":"closed","template":"single-servicos.php","meta":[],"yoast_head":"<!-- This site is optimized with the Yoast SEO plugin v17.6 - https:\/\/yoast.com\/wordpress\/plugins\/seo\/ -->\n<title>Descubra la Manufactura Revertida de Ambipar Environment<\/title>\n<meta name=\"description\" content=\"Gesti\u00f3n de la cadena inversa de productos pre y post consumo, beneficiando a los subproductos y reinsert\u00e1ndolos a todos como materia prima en la cadena productiva.\" \/>\n<meta name=\"robots\" content=\"index, follow, max-snippet:-1, max-image-preview:large, max-video-preview:-1\" \/>\n<link rel=\"canonical\" href=\"https:\/\/ambipar.com\/latam\/ambipar-environment-2\/logistica-y-manufactura-revertida\/manufactura-revertida\/\" \/>\n<meta property=\"og:locale\" content=\"es_ES\" \/>\n<meta property=\"og:type\" content=\"article\" \/>\n<meta property=\"og:title\" content=\"Descubra la Manufactura Revertida de Ambipar Environment\" \/>\n<meta property=\"og:description\" content=\"Gesti\u00f3n de la cadena inversa de productos pre y post consumo, beneficiando a los subproductos y reinsert\u00e1ndolos a todos como materia prima en la cadena productiva.\" \/>\n<meta property=\"og:url\" content=\"https:\/\/ambipar.com\/latam\/ambipar-environment-2\/logistica-y-manufactura-revertida\/manufactura-revertida\/\" \/>\n<meta property=\"og:site_name\" content=\"Ambipar. A l\u00edder em gest\u00e3o ambiental.\" \/>\n<meta property=\"article:modified_time\" content=\"2021-10-13T13:37:38+00:00\" \/>\n<meta property=\"og:image\" content=\"https:\/\/ambipar.com\/latam\/wp-content\/uploads\/2020\/10\/manufatura3.jpg\" \/>\n\t<meta property=\"og:image:width\" content=\"1016\" \/>\n\t<meta property=\"og:image:height\" content=\"1016\" \/>\n<meta name=\"twitter:card\" content=\"summary_large_image\" \/>\n<meta name=\"twitter:label1\" content=\"Est. reading time\" \/>\n\t<meta name=\"twitter:data1\" content=\"1 minuto\" \/>\n<script type=\"application\/ld+json\" class=\"yoast-schema-graph\">{\"@context\":\"https:\/\/schema.org\",\"@graph\":[{\"@type\":\"Organization\",\"@id\":\"https:\/\/ambipar.com\/latam\/#organization\",\"name\":\"Ambipar\",\"url\":\"https:\/\/ambipar.com\/latam\/\",\"sameAs\":[],\"logo\":{\"@type\":\"ImageObject\",\"@id\":\"https:\/\/ambipar.com\/latam\/#logo\",\"inLanguage\":\"es-CL\",\"url\":\"https:\/\/ambipar.com\/latam\/wp-content\/uploads\/2020\/10\/ambipar_color.png\",\"contentUrl\":\"https:\/\/ambipar.com\/latam\/wp-content\/uploads\/2020\/10\/ambipar_color.png\",\"width\":174,\"height\":107,\"caption\":\"Ambipar\"},\"image\":{\"@id\":\"https:\/\/ambipar.com\/latam\/#logo\"}},{\"@type\":\"WebSite\",\"@id\":\"https:\/\/ambipar.com\/latam\/#website\",\"url\":\"https:\/\/ambipar.com\/latam\/\",\"name\":\"Ambipar. A l\\u00edder em gest\\u00e3o ambiental.\",\"description\":\"Pioneira em solu\\u00e7\\u00f5es ambientais, a Ambipar atua em todo o territ\\u00f3rio nacional oferecendo solu\\u00e7\\u00f5es integradas para toda a cadeia de neg\\u00f3cio.\",\"publisher\":{\"@id\":\"https:\/\/ambipar.com\/latam\/#organization\"},\"potentialAction\":[{\"@type\":\"SearchAction\",\"target\":{\"@type\":\"EntryPoint\",\"urlTemplate\":\"https:\/\/ambipar.com\/latam\/?s={search_term_string}\"},\"query-input\":\"required name=search_term_string\"}],\"inLanguage\":\"es-CL\"},{\"@type\":\"ImageObject\",\"@id\":\"https:\/\/ambipar.com\/latam\/ambipar-environment-2\/logistica-y-manufactura-revertida\/manufactura-revertida\/#primaryimage\",\"inLanguage\":\"es-CL\",\"url\":\"https:\/\/ambipar.com\/latam\/wp-content\/uploads\/2020\/10\/manufatura3.jpg\",\"contentUrl\":\"https:\/\/ambipar.com\/latam\/wp-content\/uploads\/2020\/10\/manufatura3.jpg\",\"width\":1016,\"height\":1016,\"caption\":\"manufatura\"},{\"@type\":\"WebPage\",\"@id\":\"https:\/\/ambipar.com\/latam\/ambipar-environment-2\/logistica-y-manufactura-revertida\/manufactura-revertida\/#webpage\",\"url\":\"https:\/\/ambipar.com\/latam\/ambipar-environment-2\/logistica-y-manufactura-revertida\/manufactura-revertida\/\",\"name\":\"Descubra la Manufactura Revertida de Ambipar Environment\",\"isPartOf\":{\"@id\":\"https:\/\/ambipar.com\/latam\/#website\"},\"primaryImageOfPage\":{\"@id\":\"https:\/\/ambipar.com\/latam\/ambipar-environment-2\/logistica-y-manufactura-revertida\/manufactura-revertida\/#primaryimage\"},\"datePublished\":\"2020-11-12T20:31:15+00:00\",\"dateModified\":\"2021-10-13T13:37:38+00:00\",\"description\":\"Gesti\\u00f3n de la cadena inversa de productos pre y post consumo, beneficiando a los subproductos y reinsert\\u00e1ndolos a todos como materia prima en la cadena productiva.\",\"breadcrumb\":{\"@id\":\"https:\/\/ambipar.com\/latam\/ambipar-environment-2\/logistica-y-manufactura-revertida\/manufactura-revertida\/#breadcrumb\"},\"inLanguage\":\"es-CL\",\"potentialAction\":[{\"@type\":\"ReadAction\",\"target\":[\"https:\/\/ambipar.com\/latam\/ambipar-environment-2\/logistica-y-manufactura-revertida\/manufactura-revertida\/\"]}]},{\"@type\":\"BreadcrumbList\",\"@id\":\"https:\/\/ambipar.com\/latam\/ambipar-environment-2\/logistica-y-manufactura-revertida\/manufactura-revertida\/#breadcrumb\",\"itemListElement\":[{\"@type\":\"ListItem\",\"position\":1,\"name\":\"Home\",\"item\":\"https:\/\/ambipar.com\/latam\/\"},{\"@type\":\"ListItem\",\"position\":2,\"name\":\"Ambipar Environment\",\"item\":\"https:\/\/ambipar.com\/latam\/ambipar-environment-2\/\"},{\"@type\":\"ListItem\",\"position\":3,\"name\":\"Log\\u00edstica y Manufactura Revertida\",\"item\":\"https:\/\/ambipar.com\/latam\/ambipar-environment-2\/logistica-y-manufactura-revertida\/\"},{\"@type\":\"ListItem\",\"position\":4,\"name\":\"Manufactura Revertida\"}]}]}<\/script>\n<!-- \/ Yoast SEO plugin. -->","yoast_head_json":{"title":"Descubra la Manufactura Revertida de Ambipar Environment","description":"Gesti\u00f3n de la cadena inversa de productos pre y post consumo, beneficiando a los subproductos y reinsert\u00e1ndolos a todos como materia prima en la cadena productiva.","robots":{"index":"index","follow":"follow","max-snippet":"max-snippet:-1","max-image-preview":"max-image-preview:large","max-video-preview":"max-video-preview:-1"},"canonical":"https:\/\/ambipar.com\/latam\/ambipar-environment-2\/logistica-y-manufactura-revertida\/manufactura-revertida\/","og_locale":"es_ES","og_type":"article","og_title":"Descubra la Manufactura Revertida de Ambipar Environment","og_description":"Gesti\u00f3n de la cadena inversa de productos pre y post consumo, beneficiando a los subproductos y reinsert\u00e1ndolos a todos como materia prima en la cadena productiva.","og_url":"https:\/\/ambipar.com\/latam\/ambipar-environment-2\/logistica-y-manufactura-revertida\/manufactura-revertida\/","og_site_name":"Ambipar. A l\u00edder em gest\u00e3o ambiental.","article_modified_time":"2021-10-13T13:37:38+00:00","og_image":[{"width":1016,"height":1016,"url":"https:\/\/ambipar.com\/latam\/wp-content\/uploads\/2020\/10\/manufatura3.jpg","type":"image\/jpeg"}],"twitter_card":"summary_large_image","twitter_misc":{"Est. reading time":"1 minuto"},"schema":{"@context":"https:\/\/schema.org","@graph":[{"@type":"Organization","@id":"https:\/\/ambipar.com\/latam\/#organization","name":"Ambipar","url":"https:\/\/ambipar.com\/latam\/","sameAs":[],"logo":{"@type":"ImageObject","@id":"https:\/\/ambipar.com\/latam\/#logo","inLanguage":"es-CL","url":"https:\/\/ambipar.com\/latam\/wp-content\/uploads\/2020\/10\/ambipar_color.png","contentUrl":"https:\/\/ambipar.com\/latam\/wp-content\/uploads\/2020\/10\/ambipar_color.png","width":174,"height":107,"caption":"Ambipar"},"image":{"@id":"https:\/\/ambipar.com\/latam\/#logo"}},{"@type":"WebSite","@id":"https:\/\/ambipar.com\/latam\/#website","url":"https:\/\/ambipar.com\/latam\/","name":"Ambipar. A l\u00edder em gest\u00e3o ambiental.","description":"Pioneira em solu\u00e7\u00f5es ambientais, a Ambipar atua em todo o territ\u00f3rio nacional oferecendo solu\u00e7\u00f5es integradas para toda a cadeia de neg\u00f3cio.","publisher":{"@id":"https:\/\/ambipar.com\/latam\/#organization"},"potentialAction":[{"@type":"SearchAction","target":{"@type":"EntryPoint","urlTemplate":"https:\/\/ambipar.com\/latam\/?s={search_term_string}"},"query-input":"required name=search_term_string"}],"inLanguage":"es-CL"},{"@type":"ImageObject","@id":"https:\/\/ambipar.com\/latam\/ambipar-environment-2\/logistica-y-manufactura-revertida\/manufactura-revertida\/#primaryimage","inLanguage":"es-CL","url":"https:\/\/ambipar.com\/latam\/wp-content\/uploads\/2020\/10\/manufatura3.jpg","contentUrl":"https:\/\/ambipar.com\/latam\/wp-content\/uploads\/2020\/10\/manufatura3.jpg","width":1016,"height":1016,"caption":"manufatura"},{"@type":"WebPage","@id":"https:\/\/ambipar.com\/latam\/ambipar-environment-2\/logistica-y-manufactura-revertida\/manufactura-revertida\/#webpage","url":"https:\/\/ambipar.com\/latam\/ambipar-environment-2\/logistica-y-manufactura-revertida\/manufactura-revertida\/","name":"Descubra la Manufactura Revertida de Ambipar Environment","isPartOf":{"@id":"https:\/\/ambipar.com\/latam\/#website"},"primaryImageOfPage":{"@id":"https:\/\/ambipar.com\/latam\/ambipar-environment-2\/logistica-y-manufactura-revertida\/manufactura-revertida\/#primaryimage"},"datePublished":"2020-11-12T20:31:15+00:00","dateModified":"2021-10-13T13:37:38+00:00","description":"Gesti\u00f3n de la cadena inversa de productos pre y post consumo, beneficiando a los subproductos y reinsert\u00e1ndolos a todos como materia prima en la cadena productiva.","breadcrumb":{"@id":"https:\/\/ambipar.com\/latam\/ambipar-environment-2\/logistica-y-manufactura-revertida\/manufactura-revertida\/#breadcrumb"},"inLanguage":"es-CL","potentialAction":[{"@type":"ReadAction","target":["https:\/\/ambipar.com\/latam\/ambipar-environment-2\/logistica-y-manufactura-revertida\/manufactura-revertida\/"]}]},{"@type":"BreadcrumbList","@id":"https:\/\/ambipar.com\/latam\/ambipar-environment-2\/logistica-y-manufactura-revertida\/manufactura-revertida\/#breadcrumb","itemListElement":[{"@type":"ListItem","position":1,"name":"Home","item":"https:\/\/ambipar.com\/latam\/"},{"@type":"ListItem","position":2,"name":"Ambipar Environment","item":"https:\/\/ambipar.com\/latam\/ambipar-environment-2\/"},{"@type":"ListItem","position":3,"name":"Log\u00edstica y Manufactura Revertida","item":"https:\/\/ambipar.com\/latam\/ambipar-environment-2\/logistica-y-manufactura-revertida\/"},{"@type":"ListItem","position":4,"name":"Manufactura Revertida"}]}]}},"_links":{"self":[{"href":"https:\/\/ambipar.com\/latam\/wp-json\/wp\/v2\/pages\/1551"}],"collection":[{"href":"https:\/\/ambipar.com\/latam\/wp-json\/wp\/v2\/pages"}],"about":[{"href":"https:\/\/ambipar.com\/latam\/wp-json\/wp\/v2\/types\/page"}],"author":[{"embeddable":true,"href":"https:\/\/ambipar.com\/latam\/wp-json\/wp\/v2\/users\/1"}],"replies":[{"embeddable":true,"href":"https:\/\/ambipar.com\/latam\/wp-json\/wp\/v2\/comments?post=1551"}],"version-history":[{"count":5,"href":"https:\/\/ambipar.com\/latam\/wp-json\/wp\/v2\/pages\/1551\/revisions"}],"predecessor-version":[{"id":4147,"href":"https:\/\/ambipar.com\/latam\/wp-json\/wp\/v2\/pages\/1551\/revisions\/4147"}],"up":[{"embeddable":true,"href":"https:\/\/ambipar.com\/latam\/wp-json\/wp\/v2\/pages\/1531"}],"wp:featuredmedia":[{"embeddable":true,"href":"https:\/\/ambipar.com\/latam\/wp-json\/wp\/v2\/media\/225"}],"wp:attachment":[{"href":"https:\/\/ambipar.com\/latam\/wp-json\/wp\/v2\/media?parent=1551"}],"curies":[{"name":"wp","href":"https:\/\/api.w.org\/{rel}","templated":true}]}}