{"id":1554,"date":"2020-11-12T17:29:26","date_gmt":"2020-11-12T20:29:26","guid":{"rendered":"https:\/\/ambipar.com\/latam\/?page_id=1554"},"modified":"2021-01-05T20:13:21","modified_gmt":"2021-01-05T23:13:21","slug":"automobile-parts","status":"publish","type":"page","link":"https:\/\/ambipar.com\/latam\/en\/ambipar-environment\/logistica-e-manufatura-reversa\/automobile-parts\/","title":{"rendered":"Automobile Parts"},"content":{"rendered":"\n<p>We use our know-how acquired in other segments to implement Logistics and Reverse Manufacturing for parts, components and even vehicles in the automotive sector.<\/p>\n\n\n\n<p>We develop projects dedicated to the generation of shared values, where we collect them directly at points of consumption and exchanges, authorized dealers and assistance.<\/p>\n\n\n\n<p>We transform all by-products generated in reverse manufacturing into new raw materials, guaranteeing a circular economy.<\/p>\n\n\n\n<p>We share all the traceability from the collection point to the transformation into by-products.<\/p>\n\n\n\n<p>See too:<\/p>\n\n\n\n<ul><li><a href=\"https:\/\/ambipar.com\/latam\/en\/ambipar-environment\/logistica-e-manufatura-reversa\/reversed-manufacturing\/\">Reversed Manufacturing<\/a><\/li><li><a href=\"https:\/\/ambipar.com\/latam\/en\/ambipar-environment\/logistica-e-manufatura-reversa\/electronics\/\">Electronics<\/a><\/li><li><a href=\"https:\/\/ambipar.com\/latam\/en\/ambipar-environment\/logistica-e-manufatura-reversa\/cosmetics-medicines-and-beverages\/\">Cosmetics, Medicines, and Beverages<\/a><\/li><\/ul>\n\n\n\n<p><\/p>\n","protected":false},"excerpt":{"rendered":"We use our know-how acquired in other segments to implement Logistics and Reverse Manufacturing for parts, components and even vehicles in the automotive sector. We develop projects dedicated to the generation of shared values, where we collect them directly at points of consumption and exchanges, authorized dealers and assistance. We transform all by-products generated in&#8230; <a class=\"view-article\" href=\"https:\/\/ambipar.com\/latam\/en\/ambipar-environment\/logistica-e-manufatura-reversa\/automobile-parts\/\">Ver art\u00edculo<\/a>","protected":false},"author":1,"featured_media":211,"parent":218,"menu_order":0,"comment_status":"closed","ping_status":"closed","template":"single-servicos.php","meta":[],"yoast_head":"<!-- This site is optimized with the Yoast SEO plugin v17.6 - https:\/\/yoast.com\/wordpress\/plugins\/seo\/ -->\n<title>Discover Ambipar Environment&#039;s Automobile Parts solutions<\/title>\n<meta name=\"description\" content=\"We use our acquired know-how to implement Logistics and Reverse Manufacturing for parts, components and vehicles in the automotive sector.\" \/>\n<meta name=\"robots\" content=\"index, follow, max-snippet:-1, max-image-preview:large, max-video-preview:-1\" \/>\n<link rel=\"canonical\" href=\"https:\/\/ambipar.com\/latam\/en\/ambipar-environment\/logistica-e-manufatura-reversa\/automobile-parts\/\" \/>\n<meta property=\"og:locale\" content=\"es_ES\" \/>\n<meta property=\"og:type\" content=\"article\" \/>\n<meta property=\"og:title\" content=\"Discover Ambipar Environment&#039;s Automobile Parts solutions\" \/>\n<meta property=\"og:description\" content=\"We use our acquired know-how to implement Logistics and Reverse Manufacturing for parts, components and vehicles in the automotive sector.\" \/>\n<meta property=\"og:url\" content=\"https:\/\/ambipar.com\/latam\/en\/ambipar-environment\/logistica-e-manufatura-reversa\/automobile-parts\/\" \/>\n<meta property=\"og:site_name\" content=\"Ambipar. A l\u00edder em gest\u00e3o ambiental.\" \/>\n<meta property=\"article:modified_time\" content=\"2021-01-05T23:13:21+00:00\" \/>\n<meta property=\"og:image\" content=\"https:\/\/ambipar.com\/latam\/wp-content\/uploads\/2020\/10\/PATINIETE.jpg\" \/>\n\t<meta property=\"og:image:width\" content=\"1016\" \/>\n\t<meta property=\"og:image:height\" content=\"1008\" \/>\n<meta name=\"twitter:card\" content=\"summary_large_image\" \/>\n<script type=\"application\/ld+json\" class=\"yoast-schema-graph\">{\"@context\":\"https:\/\/schema.org\",\"@graph\":[{\"@type\":\"Organization\",\"@id\":\"https:\/\/ambipar.com\/latam\/#organization\",\"name\":\"Ambipar\",\"url\":\"https:\/\/ambipar.com\/latam\/\",\"sameAs\":[],\"logo\":{\"@type\":\"ImageObject\",\"@id\":\"https:\/\/ambipar.com\/latam\/#logo\",\"inLanguage\":\"es-CL\",\"url\":\"https:\/\/ambipar.com\/latam\/wp-content\/uploads\/2020\/10\/ambipar_color.png\",\"contentUrl\":\"https:\/\/ambipar.com\/latam\/wp-content\/uploads\/2020\/10\/ambipar_color.png\",\"width\":174,\"height\":107,\"caption\":\"Ambipar\"},\"image\":{\"@id\":\"https:\/\/ambipar.com\/latam\/#logo\"}},{\"@type\":\"WebSite\",\"@id\":\"https:\/\/ambipar.com\/latam\/#website\",\"url\":\"https:\/\/ambipar.com\/latam\/\",\"name\":\"Ambipar. A l\\u00edder em gest\\u00e3o ambiental.\",\"description\":\"Pioneira em solu\\u00e7\\u00f5es ambientais, a Ambipar atua em todo o territ\\u00f3rio nacional oferecendo solu\\u00e7\\u00f5es integradas para toda a cadeia de neg\\u00f3cio.\",\"publisher\":{\"@id\":\"https:\/\/ambipar.com\/latam\/#organization\"},\"potentialAction\":[{\"@type\":\"SearchAction\",\"target\":{\"@type\":\"EntryPoint\",\"urlTemplate\":\"https:\/\/ambipar.com\/latam\/?s={search_term_string}\"},\"query-input\":\"required name=search_term_string\"}],\"inLanguage\":\"es-CL\"},{\"@type\":\"ImageObject\",\"@id\":\"https:\/\/ambipar.com\/latam\/en\/ambipar-environment\/logistica-e-manufatura-reversa\/automobile-parts\/#primaryimage\",\"inLanguage\":\"es-CL\",\"url\":\"https:\/\/ambipar.com\/latam\/wp-content\/uploads\/2020\/10\/PATINIETE.jpg\",\"contentUrl\":\"https:\/\/ambipar.com\/latam\/wp-content\/uploads\/2020\/10\/PATINIETE.jpg\",\"width\":1016,\"height\":1008,\"caption\":\"PATINETE\"},{\"@type\":\"WebPage\",\"@id\":\"https:\/\/ambipar.com\/latam\/en\/ambipar-environment\/logistica-e-manufatura-reversa\/automobile-parts\/#webpage\",\"url\":\"https:\/\/ambipar.com\/latam\/en\/ambipar-environment\/logistica-e-manufatura-reversa\/automobile-parts\/\",\"name\":\"Discover Ambipar Environment's Automobile Parts solutions\",\"isPartOf\":{\"@id\":\"https:\/\/ambipar.com\/latam\/#website\"},\"primaryImageOfPage\":{\"@id\":\"https:\/\/ambipar.com\/latam\/en\/ambipar-environment\/logistica-e-manufatura-reversa\/automobile-parts\/#primaryimage\"},\"datePublished\":\"2020-11-12T20:29:26+00:00\",\"dateModified\":\"2021-01-05T23:13:21+00:00\",\"description\":\"We use our acquired know-how to implement Logistics and Reverse Manufacturing for parts, components and vehicles in the automotive sector.\",\"breadcrumb\":{\"@id\":\"https:\/\/ambipar.com\/latam\/en\/ambipar-environment\/logistica-e-manufatura-reversa\/automobile-parts\/#breadcrumb\"},\"inLanguage\":\"es-CL\",\"potentialAction\":[{\"@type\":\"ReadAction\",\"target\":[\"https:\/\/ambipar.com\/latam\/en\/ambipar-environment\/logistica-e-manufatura-reversa\/automobile-parts\/\"]}]},{\"@type\":\"BreadcrumbList\",\"@id\":\"https:\/\/ambipar.com\/latam\/en\/ambipar-environment\/logistica-e-manufatura-reversa\/automobile-parts\/#breadcrumb\",\"itemListElement\":[{\"@type\":\"ListItem\",\"position\":1,\"name\":\"Home\",\"item\":\"https:\/\/ambipar.com\/latam\/\"},{\"@type\":\"ListItem\",\"position\":2,\"name\":\"Ambipar Environment\",\"item\":\"https:\/\/ambipar.com\/latam\/pt\/ambipar-environment\/\"},{\"@type\":\"ListItem\",\"position\":3,\"name\":\"Log\\u00edstica e Manufatura Reversa\",\"item\":\"https:\/\/ambipar.com\/latam\/pt\/ambipar-environment\/logistica-e-manufatura-reversa\/\"},{\"@type\":\"ListItem\",\"position\":4,\"name\":\"Automobile Parts\"}]}]}<\/script>\n<!-- \/ Yoast SEO plugin. -->","yoast_head_json":{"title":"Discover Ambipar Environment's Automobile Parts solutions","description":"We use our acquired know-how to implement Logistics and Reverse Manufacturing for parts, components and vehicles in the automotive sector.","robots":{"index":"index","follow":"follow","max-snippet":"max-snippet:-1","max-image-preview":"max-image-preview:large","max-video-preview":"max-video-preview:-1"},"canonical":"https:\/\/ambipar.com\/latam\/en\/ambipar-environment\/logistica-e-manufatura-reversa\/automobile-parts\/","og_locale":"es_ES","og_type":"article","og_title":"Discover Ambipar Environment's Automobile Parts solutions","og_description":"We use our acquired know-how to implement Logistics and Reverse Manufacturing for parts, components and vehicles in the automotive sector.","og_url":"https:\/\/ambipar.com\/latam\/en\/ambipar-environment\/logistica-e-manufatura-reversa\/automobile-parts\/","og_site_name":"Ambipar. A l\u00edder em gest\u00e3o ambiental.","article_modified_time":"2021-01-05T23:13:21+00:00","og_image":[{"width":1016,"height":1008,"url":"https:\/\/ambipar.com\/latam\/wp-content\/uploads\/2020\/10\/PATINIETE.jpg","type":"image\/jpeg"}],"twitter_card":"summary_large_image","schema":{"@context":"https:\/\/schema.org","@graph":[{"@type":"Organization","@id":"https:\/\/ambipar.com\/latam\/#organization","name":"Ambipar","url":"https:\/\/ambipar.com\/latam\/","sameAs":[],"logo":{"@type":"ImageObject","@id":"https:\/\/ambipar.com\/latam\/#logo","inLanguage":"es-CL","url":"https:\/\/ambipar.com\/latam\/wp-content\/uploads\/2020\/10\/ambipar_color.png","contentUrl":"https:\/\/ambipar.com\/latam\/wp-content\/uploads\/2020\/10\/ambipar_color.png","width":174,"height":107,"caption":"Ambipar"},"image":{"@id":"https:\/\/ambipar.com\/latam\/#logo"}},{"@type":"WebSite","@id":"https:\/\/ambipar.com\/latam\/#website","url":"https:\/\/ambipar.com\/latam\/","name":"Ambipar. A l\u00edder em gest\u00e3o ambiental.","description":"Pioneira em solu\u00e7\u00f5es ambientais, a Ambipar atua em todo o territ\u00f3rio nacional oferecendo solu\u00e7\u00f5es integradas para toda a cadeia de neg\u00f3cio.","publisher":{"@id":"https:\/\/ambipar.com\/latam\/#organization"},"potentialAction":[{"@type":"SearchAction","target":{"@type":"EntryPoint","urlTemplate":"https:\/\/ambipar.com\/latam\/?s={search_term_string}"},"query-input":"required name=search_term_string"}],"inLanguage":"es-CL"},{"@type":"ImageObject","@id":"https:\/\/ambipar.com\/latam\/en\/ambipar-environment\/logistica-e-manufatura-reversa\/automobile-parts\/#primaryimage","inLanguage":"es-CL","url":"https:\/\/ambipar.com\/latam\/wp-content\/uploads\/2020\/10\/PATINIETE.jpg","contentUrl":"https:\/\/ambipar.com\/latam\/wp-content\/uploads\/2020\/10\/PATINIETE.jpg","width":1016,"height":1008,"caption":"PATINETE"},{"@type":"WebPage","@id":"https:\/\/ambipar.com\/latam\/en\/ambipar-environment\/logistica-e-manufatura-reversa\/automobile-parts\/#webpage","url":"https:\/\/ambipar.com\/latam\/en\/ambipar-environment\/logistica-e-manufatura-reversa\/automobile-parts\/","name":"Discover Ambipar Environment's Automobile Parts solutions","isPartOf":{"@id":"https:\/\/ambipar.com\/latam\/#website"},"primaryImageOfPage":{"@id":"https:\/\/ambipar.com\/latam\/en\/ambipar-environment\/logistica-e-manufatura-reversa\/automobile-parts\/#primaryimage"},"datePublished":"2020-11-12T20:29:26+00:00","dateModified":"2021-01-05T23:13:21+00:00","description":"We use our acquired know-how to implement Logistics and Reverse Manufacturing for parts, components and vehicles in the automotive sector.","breadcrumb":{"@id":"https:\/\/ambipar.com\/latam\/en\/ambipar-environment\/logistica-e-manufatura-reversa\/automobile-parts\/#breadcrumb"},"inLanguage":"es-CL","potentialAction":[{"@type":"ReadAction","target":["https:\/\/ambipar.com\/latam\/en\/ambipar-environment\/logistica-e-manufatura-reversa\/automobile-parts\/"]}]},{"@type":"BreadcrumbList","@id":"https:\/\/ambipar.com\/latam\/en\/ambipar-environment\/logistica-e-manufatura-reversa\/automobile-parts\/#breadcrumb","itemListElement":[{"@type":"ListItem","position":1,"name":"Home","item":"https:\/\/ambipar.com\/latam\/"},{"@type":"ListItem","position":2,"name":"Ambipar Environment","item":"https:\/\/ambipar.com\/latam\/pt\/ambipar-environment\/"},{"@type":"ListItem","position":3,"name":"Log\u00edstica e Manufatura Reversa","item":"https:\/\/ambipar.com\/latam\/pt\/ambipar-environment\/logistica-e-manufatura-reversa\/"},{"@type":"ListItem","position":4,"name":"Automobile Parts"}]}]}},"_links":{"self":[{"href":"https:\/\/ambipar.com\/latam\/wp-json\/wp\/v2\/pages\/1554"}],"collection":[{"href":"https:\/\/ambipar.com\/latam\/wp-json\/wp\/v2\/pages"}],"about":[{"href":"https:\/\/ambipar.com\/latam\/wp-json\/wp\/v2\/types\/page"}],"author":[{"embeddable":true,"href":"https:\/\/ambipar.com\/latam\/wp-json\/wp\/v2\/users\/1"}],"replies":[{"embeddable":true,"href":"https:\/\/ambipar.com\/latam\/wp-json\/wp\/v2\/comments?post=1554"}],"version-history":[{"count":3,"href":"https:\/\/ambipar.com\/latam\/wp-json\/wp\/v2\/pages\/1554\/revisions"}],"predecessor-version":[{"id":1682,"href":"https:\/\/ambipar.com\/latam\/wp-json\/wp\/v2\/pages\/1554\/revisions\/1682"}],"up":[{"embeddable":true,"href":"https:\/\/ambipar.com\/latam\/wp-json\/wp\/v2\/pages\/218"}],"wp:featuredmedia":[{"embeddable":true,"href":"https:\/\/ambipar.com\/latam\/wp-json\/wp\/v2\/media\/211"}],"wp:attachment":[{"href":"https:\/\/ambipar.com\/latam\/wp-json\/wp\/v2\/media?parent=1554"}],"curies":[{"name":"wp","href":"https:\/\/api.w.org\/{rel}","templated":true}]}}