{"id":1566,"date":"2020-11-12T17:37:36","date_gmt":"2020-11-12T20:37:36","guid":{"rendered":"https:\/\/ambipar.com\/latam\/?page_id=1566"},"modified":"2021-01-05T20:17:47","modified_gmt":"2021-01-05T23:17:47","slug":"environmental-sets","status":"publish","type":"page","link":"https:\/\/ambipar.com\/latam\/en\/ambipar-environment\/produtos-ambientais\/environmental-sets\/","title":{"rendered":"Environmental Sets"},"content":{"rendered":"\n<p>Ambipar offers a portfolio of emergency and cleaning kits, which reduce environmental impacts, for use in leaks of aggressive liquids, hydrocarbons and various liquids.<\/p>\n\n\n\n<p>According to the customer&#8217;s risk and needs scenarios, Ambipar offers customizable kits:<\/p>\n\n\n\n<ul><li>Purses<\/li><li>Bombons (50L, 120L, 200L)<\/li><li>Container cart (120L, 240L, 360L, 1000L)<\/li><li>Container (20 feet, 40 feet)<\/li><li>Mobile trailer<\/li><li>Reengineering kit (customized)<\/li><\/ul>\n\n\n\n<p>See too:<\/p>\n\n\n\n<ul id=\"block-c1455604-4fff-4023-a8f8-cde70aef5c33\"><li><a href=\"https:\/\/ambipar.com\/latam\/en\/ambipar-environment\/produtos-ambientais\/absorbent-line\/\">Absorbent Line<\/a><\/li><li><a href=\"https:\/\/ambipar.com\/latam\/en\/ambipar-environment\/produtos-ambientais\/contention-line\/\">Contention Line<\/a><\/li><li><a href=\"https:\/\/ambipar.com\/latam\/en\/ambipar-environment\/produtos-ambientais\/individual-protection-line\/\">Individual Protection Line<\/a><\/li><li><a href=\"https:\/\/ambipar.com\/latam\/en\/ambipar-environment\/produtos-ambientais\/sanitizer-line\/\">Sanitizer Line<\/a><\/li><li><a href=\"https:\/\/ambipar.com\/latam\/en\/ambipar-environment\/produtos-ambientais\/agriculture-line\/\">Agriculture Line<\/a><\/li><li><a href=\"https:\/\/ambipar.com\/latam\/en\/ambipar-environment\/produtos-ambientais\/building-industry-line\/\">Building Industry Line<\/a><\/li><\/ul>\n\n\n\n<p><\/p>\n","protected":false},"excerpt":{"rendered":"Ambipar offers a portfolio of emergency and cleaning kits, which reduce environmental impacts, for use in leaks of aggressive liquids, hydrocarbons and various liquids. According to the customer&#8217;s risk and needs scenarios, Ambipar offers customizable kits: Purses Bombons (50L, 120L, 200L) Container cart (120L, 240L, 360L, 1000L) Container (20 feet, 40 feet) Mobile trailer Reengineering&#8230; <a class=\"view-article\" href=\"https:\/\/ambipar.com\/latam\/en\/ambipar-environment\/produtos-ambientais\/environmental-sets\/\">Ver art\u00edculo<\/a>","protected":false},"author":1,"featured_media":277,"parent":255,"menu_order":0,"comment_status":"closed","ping_status":"closed","template":"single-servicos.php","meta":[],"yoast_head":"<!-- This site is optimized with the Yoast SEO plugin v17.6 - https:\/\/yoast.com\/wordpress\/plugins\/seo\/ -->\n<title>Discover Ambipar Environment&#039;s Environmental Sets<\/title>\n<meta name=\"description\" content=\"Ambipar offers a portfolio of emergency and cleaning kits, which reduce environmental impacts, for use in liquid leaks.\" \/>\n<meta name=\"robots\" content=\"index, follow, max-snippet:-1, max-image-preview:large, max-video-preview:-1\" \/>\n<link rel=\"canonical\" href=\"https:\/\/ambipar.com\/latam\/en\/ambipar-environment\/produtos-ambientais\/environmental-sets\/\" \/>\n<meta property=\"og:locale\" content=\"es_ES\" \/>\n<meta property=\"og:type\" content=\"article\" \/>\n<meta property=\"og:title\" content=\"Discover Ambipar Environment&#039;s Environmental Sets\" \/>\n<meta property=\"og:description\" content=\"Ambipar offers a portfolio of emergency and cleaning kits, which reduce environmental impacts, for use in liquid leaks.\" \/>\n<meta property=\"og:url\" content=\"https:\/\/ambipar.com\/latam\/en\/ambipar-environment\/produtos-ambientais\/environmental-sets\/\" \/>\n<meta property=\"og:site_name\" content=\"Ambipar. A l\u00edder em gest\u00e3o ambiental.\" \/>\n<meta property=\"article:modified_time\" content=\"2021-01-05T23:17:47+00:00\" \/>\n<meta property=\"og:image\" content=\"https:\/\/ambipar.com\/latam\/wp-content\/uploads\/2020\/10\/PROCUTOS-kits.jpg\" \/>\n\t<meta property=\"og:image:width\" content=\"1000\" \/>\n\t<meta property=\"og:image:height\" content=\"1000\" \/>\n<meta name=\"twitter:card\" content=\"summary_large_image\" \/>\n<script type=\"application\/ld+json\" class=\"yoast-schema-graph\">{\"@context\":\"https:\/\/schema.org\",\"@graph\":[{\"@type\":\"Organization\",\"@id\":\"https:\/\/ambipar.com\/latam\/#organization\",\"name\":\"Ambipar\",\"url\":\"https:\/\/ambipar.com\/latam\/\",\"sameAs\":[],\"logo\":{\"@type\":\"ImageObject\",\"@id\":\"https:\/\/ambipar.com\/latam\/#logo\",\"inLanguage\":\"es-CL\",\"url\":\"https:\/\/ambipar.com\/latam\/wp-content\/uploads\/2020\/10\/ambipar_color.png\",\"contentUrl\":\"https:\/\/ambipar.com\/latam\/wp-content\/uploads\/2020\/10\/ambipar_color.png\",\"width\":174,\"height\":107,\"caption\":\"Ambipar\"},\"image\":{\"@id\":\"https:\/\/ambipar.com\/latam\/#logo\"}},{\"@type\":\"WebSite\",\"@id\":\"https:\/\/ambipar.com\/latam\/#website\",\"url\":\"https:\/\/ambipar.com\/latam\/\",\"name\":\"Ambipar. A l\\u00edder em gest\\u00e3o ambiental.\",\"description\":\"Pioneira em solu\\u00e7\\u00f5es ambientais, a Ambipar atua em todo o territ\\u00f3rio nacional oferecendo solu\\u00e7\\u00f5es integradas para toda a cadeia de neg\\u00f3cio.\",\"publisher\":{\"@id\":\"https:\/\/ambipar.com\/latam\/#organization\"},\"potentialAction\":[{\"@type\":\"SearchAction\",\"target\":{\"@type\":\"EntryPoint\",\"urlTemplate\":\"https:\/\/ambipar.com\/latam\/?s={search_term_string}\"},\"query-input\":\"required name=search_term_string\"}],\"inLanguage\":\"es-CL\"},{\"@type\":\"ImageObject\",\"@id\":\"https:\/\/ambipar.com\/latam\/en\/ambipar-environment\/produtos-ambientais\/environmental-sets\/#primaryimage\",\"inLanguage\":\"es-CL\",\"url\":\"https:\/\/ambipar.com\/latam\/wp-content\/uploads\/2020\/10\/PROCUTOS-kits.jpg\",\"contentUrl\":\"https:\/\/ambipar.com\/latam\/wp-content\/uploads\/2020\/10\/PROCUTOS-kits.jpg\",\"width\":1000,\"height\":1000,\"caption\":\"kits produtos\"},{\"@type\":\"WebPage\",\"@id\":\"https:\/\/ambipar.com\/latam\/en\/ambipar-environment\/produtos-ambientais\/environmental-sets\/#webpage\",\"url\":\"https:\/\/ambipar.com\/latam\/en\/ambipar-environment\/produtos-ambientais\/environmental-sets\/\",\"name\":\"Discover Ambipar Environment's Environmental Sets\",\"isPartOf\":{\"@id\":\"https:\/\/ambipar.com\/latam\/#website\"},\"primaryImageOfPage\":{\"@id\":\"https:\/\/ambipar.com\/latam\/en\/ambipar-environment\/produtos-ambientais\/environmental-sets\/#primaryimage\"},\"datePublished\":\"2020-11-12T20:37:36+00:00\",\"dateModified\":\"2021-01-05T23:17:47+00:00\",\"description\":\"Ambipar offers a portfolio of emergency and cleaning kits, which reduce environmental impacts, for use in liquid leaks.\",\"breadcrumb\":{\"@id\":\"https:\/\/ambipar.com\/latam\/en\/ambipar-environment\/produtos-ambientais\/environmental-sets\/#breadcrumb\"},\"inLanguage\":\"es-CL\",\"potentialAction\":[{\"@type\":\"ReadAction\",\"target\":[\"https:\/\/ambipar.com\/latam\/en\/ambipar-environment\/produtos-ambientais\/environmental-sets\/\"]}]},{\"@type\":\"BreadcrumbList\",\"@id\":\"https:\/\/ambipar.com\/latam\/en\/ambipar-environment\/produtos-ambientais\/environmental-sets\/#breadcrumb\",\"itemListElement\":[{\"@type\":\"ListItem\",\"position\":1,\"name\":\"Home\",\"item\":\"https:\/\/ambipar.com\/latam\/\"},{\"@type\":\"ListItem\",\"position\":2,\"name\":\"Ambipar Environment\",\"item\":\"https:\/\/ambipar.com\/latam\/pt\/ambipar-environment\/\"},{\"@type\":\"ListItem\",\"position\":3,\"name\":\"Produtos Ambientais\",\"item\":\"https:\/\/ambipar.com\/latam\/pt\/ambipar-environment\/produtos-ambientais\/\"},{\"@type\":\"ListItem\",\"position\":4,\"name\":\"Environmental Sets\"}]}]}<\/script>\n<!-- \/ Yoast SEO plugin. -->","yoast_head_json":{"title":"Discover Ambipar Environment's Environmental Sets","description":"Ambipar offers a portfolio of emergency and cleaning kits, which reduce environmental impacts, for use in liquid leaks.","robots":{"index":"index","follow":"follow","max-snippet":"max-snippet:-1","max-image-preview":"max-image-preview:large","max-video-preview":"max-video-preview:-1"},"canonical":"https:\/\/ambipar.com\/latam\/en\/ambipar-environment\/produtos-ambientais\/environmental-sets\/","og_locale":"es_ES","og_type":"article","og_title":"Discover Ambipar Environment's Environmental Sets","og_description":"Ambipar offers a portfolio of emergency and cleaning kits, which reduce environmental impacts, for use in liquid leaks.","og_url":"https:\/\/ambipar.com\/latam\/en\/ambipar-environment\/produtos-ambientais\/environmental-sets\/","og_site_name":"Ambipar. A l\u00edder em gest\u00e3o ambiental.","article_modified_time":"2021-01-05T23:17:47+00:00","og_image":[{"width":1000,"height":1000,"url":"https:\/\/ambipar.com\/latam\/wp-content\/uploads\/2020\/10\/PROCUTOS-kits.jpg","type":"image\/jpeg"}],"twitter_card":"summary_large_image","schema":{"@context":"https:\/\/schema.org","@graph":[{"@type":"Organization","@id":"https:\/\/ambipar.com\/latam\/#organization","name":"Ambipar","url":"https:\/\/ambipar.com\/latam\/","sameAs":[],"logo":{"@type":"ImageObject","@id":"https:\/\/ambipar.com\/latam\/#logo","inLanguage":"es-CL","url":"https:\/\/ambipar.com\/latam\/wp-content\/uploads\/2020\/10\/ambipar_color.png","contentUrl":"https:\/\/ambipar.com\/latam\/wp-content\/uploads\/2020\/10\/ambipar_color.png","width":174,"height":107,"caption":"Ambipar"},"image":{"@id":"https:\/\/ambipar.com\/latam\/#logo"}},{"@type":"WebSite","@id":"https:\/\/ambipar.com\/latam\/#website","url":"https:\/\/ambipar.com\/latam\/","name":"Ambipar. A l\u00edder em gest\u00e3o ambiental.","description":"Pioneira em solu\u00e7\u00f5es ambientais, a Ambipar atua em todo o territ\u00f3rio nacional oferecendo solu\u00e7\u00f5es integradas para toda a cadeia de neg\u00f3cio.","publisher":{"@id":"https:\/\/ambipar.com\/latam\/#organization"},"potentialAction":[{"@type":"SearchAction","target":{"@type":"EntryPoint","urlTemplate":"https:\/\/ambipar.com\/latam\/?s={search_term_string}"},"query-input":"required name=search_term_string"}],"inLanguage":"es-CL"},{"@type":"ImageObject","@id":"https:\/\/ambipar.com\/latam\/en\/ambipar-environment\/produtos-ambientais\/environmental-sets\/#primaryimage","inLanguage":"es-CL","url":"https:\/\/ambipar.com\/latam\/wp-content\/uploads\/2020\/10\/PROCUTOS-kits.jpg","contentUrl":"https:\/\/ambipar.com\/latam\/wp-content\/uploads\/2020\/10\/PROCUTOS-kits.jpg","width":1000,"height":1000,"caption":"kits produtos"},{"@type":"WebPage","@id":"https:\/\/ambipar.com\/latam\/en\/ambipar-environment\/produtos-ambientais\/environmental-sets\/#webpage","url":"https:\/\/ambipar.com\/latam\/en\/ambipar-environment\/produtos-ambientais\/environmental-sets\/","name":"Discover Ambipar Environment's Environmental Sets","isPartOf":{"@id":"https:\/\/ambipar.com\/latam\/#website"},"primaryImageOfPage":{"@id":"https:\/\/ambipar.com\/latam\/en\/ambipar-environment\/produtos-ambientais\/environmental-sets\/#primaryimage"},"datePublished":"2020-11-12T20:37:36+00:00","dateModified":"2021-01-05T23:17:47+00:00","description":"Ambipar offers a portfolio of emergency and cleaning kits, which reduce environmental impacts, for use in liquid leaks.","breadcrumb":{"@id":"https:\/\/ambipar.com\/latam\/en\/ambipar-environment\/produtos-ambientais\/environmental-sets\/#breadcrumb"},"inLanguage":"es-CL","potentialAction":[{"@type":"ReadAction","target":["https:\/\/ambipar.com\/latam\/en\/ambipar-environment\/produtos-ambientais\/environmental-sets\/"]}]},{"@type":"BreadcrumbList","@id":"https:\/\/ambipar.com\/latam\/en\/ambipar-environment\/produtos-ambientais\/environmental-sets\/#breadcrumb","itemListElement":[{"@type":"ListItem","position":1,"name":"Home","item":"https:\/\/ambipar.com\/latam\/"},{"@type":"ListItem","position":2,"name":"Ambipar Environment","item":"https:\/\/ambipar.com\/latam\/pt\/ambipar-environment\/"},{"@type":"ListItem","position":3,"name":"Produtos Ambientais","item":"https:\/\/ambipar.com\/latam\/pt\/ambipar-environment\/produtos-ambientais\/"},{"@type":"ListItem","position":4,"name":"Environmental Sets"}]}]}},"_links":{"self":[{"href":"https:\/\/ambipar.com\/latam\/wp-json\/wp\/v2\/pages\/1566"}],"collection":[{"href":"https:\/\/ambipar.com\/latam\/wp-json\/wp\/v2\/pages"}],"about":[{"href":"https:\/\/ambipar.com\/latam\/wp-json\/wp\/v2\/types\/page"}],"author":[{"embeddable":true,"href":"https:\/\/ambipar.com\/latam\/wp-json\/wp\/v2\/users\/1"}],"replies":[{"embeddable":true,"href":"https:\/\/ambipar.com\/latam\/wp-json\/wp\/v2\/comments?post=1566"}],"version-history":[{"count":3,"href":"https:\/\/ambipar.com\/latam\/wp-json\/wp\/v2\/pages\/1566\/revisions"}],"predecessor-version":[{"id":1687,"href":"https:\/\/ambipar.com\/latam\/wp-json\/wp\/v2\/pages\/1566\/revisions\/1687"}],"up":[{"embeddable":true,"href":"https:\/\/ambipar.com\/latam\/wp-json\/wp\/v2\/pages\/255"}],"wp:featuredmedia":[{"embeddable":true,"href":"https:\/\/ambipar.com\/latam\/wp-json\/wp\/v2\/media\/277"}],"wp:attachment":[{"href":"https:\/\/ambipar.com\/latam\/wp-json\/wp\/v2\/media?parent=1566"}],"curies":[{"name":"wp","href":"https:\/\/api.w.org\/{rel}","templated":true}]}}