{"id":1569,"date":"2020-11-12T18:59:50","date_gmt":"2020-11-12T21:59:50","guid":{"rendered":"https:\/\/ambipar.com\/latam\/?page_id=1569"},"modified":"2021-10-13T10:49:25","modified_gmt":"2021-10-13T13:49:25","slug":"kits-ambientales","status":"publish","type":"page","link":"https:\/\/ambipar.com\/latam\/ambipar-environment-2\/productos-ambientales\/kits-ambientales\/","title":{"rendered":"Kits Ambientales"},"content":{"rendered":"\n<p>Ambipar ofrece un portafolio de kits de emergencia y limpieza, que reducen los impactos ambientales, para su uso en fugas de l\u00edquidos agresivos, hidrocarburos y diversos l\u00edquidos.<\/p>\n\n\n\n<p>De acuerdo con los escenarios de riesgo y necesidades del cliente, Ambipar ofrece kits personalizables:<\/p>\n\n\n\n<ul><li>Monederos<\/li><li>Bombones (50L, 120L, 200L)<\/li><li>Carro contenedor (120L, 240L, 360L, 1000L)<\/li><li>Contenedor (20 pies, 40 pies)<\/li><li>Remolque m\u00f3vil<\/li><li>Kit de reingenier\u00eda (personalizado)<\/li><\/ul>\n\n\n\n<p>Vea tambi\u00e9n:<\/p>\n\n\n\n<ul id=\"block-c1455604-4fff-4023-a8f8-cde70aef5c33\"><li><a href=\"https:\/\/ambipar.com\/latam\/es\/ambipar-environment\/produtos-ambientais\/linea-absorbente\/\"><a href=\"https:\/\/ambipar.com\/latam\/ambipar-environment-2\/productos-ambientales\/linea-absorbente\/\">L\u00ednea Absorbente<\/a><\/a><\/li><li><a href=\"https:\/\/ambipar.com\/latam\/es\/ambipar-environment\/produtos-ambientais\/linea-absorbente\/\"><a href=\"https:\/\/ambipar.com\/latam\/ambipar-environment-2\/productos-ambientales\/linea-contencion\/\">L\u00ednea Contenci\u00f3n<\/a><\/a><\/li><li><a href=\"https:\/\/ambipar.com\/latam\/es\/ambipar-environment\/produtos-ambientais\/linea-absorbente\/\"><a href=\"https:\/\/ambipar.com\/latam\/ambipar-environment-2\/productos-ambientales\/linea-proteccion-personal\/\">L\u00ednea Protecci\u00f3n Personal<\/a><\/a><\/li><li><a href=\"https:\/\/ambipar.com\/latam\/es\/ambipar-environment\/produtos-ambientais\/linea-absorbente\/\"><a href=\"https:\/\/ambipar.com\/latam\/ambipar-environment-2\/productos-ambientales\/linea-sanitizante\/\">L\u00ednea Sanitizante<\/a><\/a><\/li><li><a href=\"https:\/\/ambipar.com\/latam\/es\/ambipar-environment\/produtos-ambientais\/linea-absorbente\/\"><a href=\"https:\/\/ambipar.com\/latam\/ambipar-environment-2\/productos-ambientales\/linea-agricultura\/\">L\u00ednea Agricultura<\/a><\/a><\/li><li><a href=\"https:\/\/ambipar.com\/latam\/es\/ambipar-environment\/produtos-ambientais\/linea-absorbente\/\"><a href=\"https:\/\/ambipar.com\/latam\/ambipar-environment-2\/productos-ambientales\/linea-construccion-civil\/\">L\u00ednea Construcci\u00f3n Civil<\/a><\/a><\/li><\/ul>\n\n\n\n<p><\/p>\n","protected":false},"excerpt":{"rendered":"Ambipar ofrece un portafolio de kits de emergencia y limpieza, que reducen los impactos ambientales, para su uso en fugas de l\u00edquidos agresivos, hidrocarburos y diversos l\u00edquidos. De acuerdo con los escenarios de riesgo y necesidades del cliente, Ambipar ofrece kits personalizables: Monederos Bombones (50L, 120L, 200L) Carro contenedor (120L, 240L, 360L, 1000L) Contenedor (20&#8230; <a class=\"view-article\" href=\"https:\/\/ambipar.com\/latam\/ambipar-environment-2\/productos-ambientales\/kits-ambientales\/\">Ver art\u00edculo<\/a>","protected":false},"author":1,"featured_media":277,"parent":1563,"menu_order":0,"comment_status":"closed","ping_status":"closed","template":"single-servicos.php","meta":[],"yoast_head":"<!-- This site is optimized with the Yoast SEO plugin v17.6 - https:\/\/yoast.com\/wordpress\/plugins\/seo\/ -->\n<title>Descubra los Kits Ambientales de Ambipar Environment<\/title>\n<meta name=\"description\" content=\"Ambipar ofrece una cartera de kits de emergencia y limpieza, que reducen los impactos ambientales, para su uso en fugas de l\u00edquidos.\" \/>\n<meta name=\"robots\" content=\"index, follow, max-snippet:-1, max-image-preview:large, max-video-preview:-1\" \/>\n<link rel=\"canonical\" href=\"https:\/\/ambipar.com\/latam\/ambipar-environment-2\/productos-ambientales\/kits-ambientales\/\" \/>\n<meta property=\"og:locale\" content=\"es_ES\" \/>\n<meta property=\"og:type\" content=\"article\" \/>\n<meta property=\"og:title\" content=\"Descubra los Kits Ambientales de Ambipar Environment\" \/>\n<meta property=\"og:description\" content=\"Ambipar ofrece una cartera de kits de emergencia y limpieza, que reducen los impactos ambientales, para su uso en fugas de l\u00edquidos.\" \/>\n<meta property=\"og:url\" content=\"https:\/\/ambipar.com\/latam\/ambipar-environment-2\/productos-ambientales\/kits-ambientales\/\" \/>\n<meta property=\"og:site_name\" content=\"Ambipar. A l\u00edder em gest\u00e3o ambiental.\" \/>\n<meta property=\"article:modified_time\" content=\"2021-10-13T13:49:25+00:00\" \/>\n<meta property=\"og:image\" content=\"https:\/\/ambipar.com\/latam\/wp-content\/uploads\/2020\/10\/PROCUTOS-kits.jpg\" \/>\n\t<meta property=\"og:image:width\" content=\"1000\" \/>\n\t<meta property=\"og:image:height\" content=\"1000\" \/>\n<meta name=\"twitter:card\" content=\"summary_large_image\" \/>\n<meta name=\"twitter:label1\" content=\"Est. reading time\" \/>\n\t<meta name=\"twitter:data1\" content=\"1 minuto\" \/>\n<script type=\"application\/ld+json\" class=\"yoast-schema-graph\">{\"@context\":\"https:\/\/schema.org\",\"@graph\":[{\"@type\":\"Organization\",\"@id\":\"https:\/\/ambipar.com\/latam\/#organization\",\"name\":\"Ambipar\",\"url\":\"https:\/\/ambipar.com\/latam\/\",\"sameAs\":[],\"logo\":{\"@type\":\"ImageObject\",\"@id\":\"https:\/\/ambipar.com\/latam\/#logo\",\"inLanguage\":\"es-CL\",\"url\":\"https:\/\/ambipar.com\/latam\/wp-content\/uploads\/2020\/10\/ambipar_color.png\",\"contentUrl\":\"https:\/\/ambipar.com\/latam\/wp-content\/uploads\/2020\/10\/ambipar_color.png\",\"width\":174,\"height\":107,\"caption\":\"Ambipar\"},\"image\":{\"@id\":\"https:\/\/ambipar.com\/latam\/#logo\"}},{\"@type\":\"WebSite\",\"@id\":\"https:\/\/ambipar.com\/latam\/#website\",\"url\":\"https:\/\/ambipar.com\/latam\/\",\"name\":\"Ambipar. A l\\u00edder em gest\\u00e3o ambiental.\",\"description\":\"Pioneira em solu\\u00e7\\u00f5es ambientais, a Ambipar atua em todo o territ\\u00f3rio nacional oferecendo solu\\u00e7\\u00f5es integradas para toda a cadeia de neg\\u00f3cio.\",\"publisher\":{\"@id\":\"https:\/\/ambipar.com\/latam\/#organization\"},\"potentialAction\":[{\"@type\":\"SearchAction\",\"target\":{\"@type\":\"EntryPoint\",\"urlTemplate\":\"https:\/\/ambipar.com\/latam\/?s={search_term_string}\"},\"query-input\":\"required name=search_term_string\"}],\"inLanguage\":\"es-CL\"},{\"@type\":\"ImageObject\",\"@id\":\"https:\/\/ambipar.com\/latam\/ambipar-environment-2\/productos-ambientales\/kits-ambientales\/#primaryimage\",\"inLanguage\":\"es-CL\",\"url\":\"https:\/\/ambipar.com\/latam\/wp-content\/uploads\/2020\/10\/PROCUTOS-kits.jpg\",\"contentUrl\":\"https:\/\/ambipar.com\/latam\/wp-content\/uploads\/2020\/10\/PROCUTOS-kits.jpg\",\"width\":1000,\"height\":1000,\"caption\":\"kits produtos\"},{\"@type\":\"WebPage\",\"@id\":\"https:\/\/ambipar.com\/latam\/ambipar-environment-2\/productos-ambientales\/kits-ambientales\/#webpage\",\"url\":\"https:\/\/ambipar.com\/latam\/ambipar-environment-2\/productos-ambientales\/kits-ambientales\/\",\"name\":\"Descubra los Kits Ambientales de Ambipar Environment\",\"isPartOf\":{\"@id\":\"https:\/\/ambipar.com\/latam\/#website\"},\"primaryImageOfPage\":{\"@id\":\"https:\/\/ambipar.com\/latam\/ambipar-environment-2\/productos-ambientales\/kits-ambientales\/#primaryimage\"},\"datePublished\":\"2020-11-12T21:59:50+00:00\",\"dateModified\":\"2021-10-13T13:49:25+00:00\",\"description\":\"Ambipar ofrece una cartera de kits de emergencia y limpieza, que reducen los impactos ambientales, para su uso en fugas de l\\u00edquidos.\",\"breadcrumb\":{\"@id\":\"https:\/\/ambipar.com\/latam\/ambipar-environment-2\/productos-ambientales\/kits-ambientales\/#breadcrumb\"},\"inLanguage\":\"es-CL\",\"potentialAction\":[{\"@type\":\"ReadAction\",\"target\":[\"https:\/\/ambipar.com\/latam\/ambipar-environment-2\/productos-ambientales\/kits-ambientales\/\"]}]},{\"@type\":\"BreadcrumbList\",\"@id\":\"https:\/\/ambipar.com\/latam\/ambipar-environment-2\/productos-ambientales\/kits-ambientales\/#breadcrumb\",\"itemListElement\":[{\"@type\":\"ListItem\",\"position\":1,\"name\":\"Home\",\"item\":\"https:\/\/ambipar.com\/latam\/\"},{\"@type\":\"ListItem\",\"position\":2,\"name\":\"Ambipar Environment\",\"item\":\"https:\/\/ambipar.com\/latam\/ambipar-environment-2\/\"},{\"@type\":\"ListItem\",\"position\":3,\"name\":\"Productos Ambientales\",\"item\":\"https:\/\/ambipar.com\/latam\/ambipar-environment-2\/productos-ambientales\/\"},{\"@type\":\"ListItem\",\"position\":4,\"name\":\"Kits Ambientales\"}]}]}<\/script>\n<!-- \/ Yoast SEO plugin. -->","yoast_head_json":{"title":"Descubra los Kits Ambientales de Ambipar Environment","description":"Ambipar ofrece una cartera de kits de emergencia y limpieza, que reducen los impactos ambientales, para su uso en fugas de l\u00edquidos.","robots":{"index":"index","follow":"follow","max-snippet":"max-snippet:-1","max-image-preview":"max-image-preview:large","max-video-preview":"max-video-preview:-1"},"canonical":"https:\/\/ambipar.com\/latam\/ambipar-environment-2\/productos-ambientales\/kits-ambientales\/","og_locale":"es_ES","og_type":"article","og_title":"Descubra los Kits Ambientales de Ambipar Environment","og_description":"Ambipar ofrece una cartera de kits de emergencia y limpieza, que reducen los impactos ambientales, para su uso en fugas de l\u00edquidos.","og_url":"https:\/\/ambipar.com\/latam\/ambipar-environment-2\/productos-ambientales\/kits-ambientales\/","og_site_name":"Ambipar. A l\u00edder em gest\u00e3o ambiental.","article_modified_time":"2021-10-13T13:49:25+00:00","og_image":[{"width":1000,"height":1000,"url":"https:\/\/ambipar.com\/latam\/wp-content\/uploads\/2020\/10\/PROCUTOS-kits.jpg","type":"image\/jpeg"}],"twitter_card":"summary_large_image","twitter_misc":{"Est. reading time":"1 minuto"},"schema":{"@context":"https:\/\/schema.org","@graph":[{"@type":"Organization","@id":"https:\/\/ambipar.com\/latam\/#organization","name":"Ambipar","url":"https:\/\/ambipar.com\/latam\/","sameAs":[],"logo":{"@type":"ImageObject","@id":"https:\/\/ambipar.com\/latam\/#logo","inLanguage":"es-CL","url":"https:\/\/ambipar.com\/latam\/wp-content\/uploads\/2020\/10\/ambipar_color.png","contentUrl":"https:\/\/ambipar.com\/latam\/wp-content\/uploads\/2020\/10\/ambipar_color.png","width":174,"height":107,"caption":"Ambipar"},"image":{"@id":"https:\/\/ambipar.com\/latam\/#logo"}},{"@type":"WebSite","@id":"https:\/\/ambipar.com\/latam\/#website","url":"https:\/\/ambipar.com\/latam\/","name":"Ambipar. A l\u00edder em gest\u00e3o ambiental.","description":"Pioneira em solu\u00e7\u00f5es ambientais, a Ambipar atua em todo o territ\u00f3rio nacional oferecendo solu\u00e7\u00f5es integradas para toda a cadeia de neg\u00f3cio.","publisher":{"@id":"https:\/\/ambipar.com\/latam\/#organization"},"potentialAction":[{"@type":"SearchAction","target":{"@type":"EntryPoint","urlTemplate":"https:\/\/ambipar.com\/latam\/?s={search_term_string}"},"query-input":"required name=search_term_string"}],"inLanguage":"es-CL"},{"@type":"ImageObject","@id":"https:\/\/ambipar.com\/latam\/ambipar-environment-2\/productos-ambientales\/kits-ambientales\/#primaryimage","inLanguage":"es-CL","url":"https:\/\/ambipar.com\/latam\/wp-content\/uploads\/2020\/10\/PROCUTOS-kits.jpg","contentUrl":"https:\/\/ambipar.com\/latam\/wp-content\/uploads\/2020\/10\/PROCUTOS-kits.jpg","width":1000,"height":1000,"caption":"kits produtos"},{"@type":"WebPage","@id":"https:\/\/ambipar.com\/latam\/ambipar-environment-2\/productos-ambientales\/kits-ambientales\/#webpage","url":"https:\/\/ambipar.com\/latam\/ambipar-environment-2\/productos-ambientales\/kits-ambientales\/","name":"Descubra los Kits Ambientales de Ambipar Environment","isPartOf":{"@id":"https:\/\/ambipar.com\/latam\/#website"},"primaryImageOfPage":{"@id":"https:\/\/ambipar.com\/latam\/ambipar-environment-2\/productos-ambientales\/kits-ambientales\/#primaryimage"},"datePublished":"2020-11-12T21:59:50+00:00","dateModified":"2021-10-13T13:49:25+00:00","description":"Ambipar ofrece una cartera de kits de emergencia y limpieza, que reducen los impactos ambientales, para su uso en fugas de l\u00edquidos.","breadcrumb":{"@id":"https:\/\/ambipar.com\/latam\/ambipar-environment-2\/productos-ambientales\/kits-ambientales\/#breadcrumb"},"inLanguage":"es-CL","potentialAction":[{"@type":"ReadAction","target":["https:\/\/ambipar.com\/latam\/ambipar-environment-2\/productos-ambientales\/kits-ambientales\/"]}]},{"@type":"BreadcrumbList","@id":"https:\/\/ambipar.com\/latam\/ambipar-environment-2\/productos-ambientales\/kits-ambientales\/#breadcrumb","itemListElement":[{"@type":"ListItem","position":1,"name":"Home","item":"https:\/\/ambipar.com\/latam\/"},{"@type":"ListItem","position":2,"name":"Ambipar Environment","item":"https:\/\/ambipar.com\/latam\/ambipar-environment-2\/"},{"@type":"ListItem","position":3,"name":"Productos Ambientales","item":"https:\/\/ambipar.com\/latam\/ambipar-environment-2\/productos-ambientales\/"},{"@type":"ListItem","position":4,"name":"Kits Ambientales"}]}]}},"_links":{"self":[{"href":"https:\/\/ambipar.com\/latam\/wp-json\/wp\/v2\/pages\/1569"}],"collection":[{"href":"https:\/\/ambipar.com\/latam\/wp-json\/wp\/v2\/pages"}],"about":[{"href":"https:\/\/ambipar.com\/latam\/wp-json\/wp\/v2\/types\/page"}],"author":[{"embeddable":true,"href":"https:\/\/ambipar.com\/latam\/wp-json\/wp\/v2\/users\/1"}],"replies":[{"embeddable":true,"href":"https:\/\/ambipar.com\/latam\/wp-json\/wp\/v2\/comments?post=1569"}],"version-history":[{"count":4,"href":"https:\/\/ambipar.com\/latam\/wp-json\/wp\/v2\/pages\/1569\/revisions"}],"predecessor-version":[{"id":4153,"href":"https:\/\/ambipar.com\/latam\/wp-json\/wp\/v2\/pages\/1569\/revisions\/4153"}],"up":[{"embeddable":true,"href":"https:\/\/ambipar.com\/latam\/wp-json\/wp\/v2\/pages\/1563"}],"wp:featuredmedia":[{"embeddable":true,"href":"https:\/\/ambipar.com\/latam\/wp-json\/wp\/v2\/media\/277"}],"wp:attachment":[{"href":"https:\/\/ambipar.com\/latam\/wp-json\/wp\/v2\/media?parent=1569"}],"curies":[{"name":"wp","href":"https:\/\/api.w.org\/{rel}","templated":true}]}}