{"id":1572,"date":"2020-11-12T17:39:25","date_gmt":"2020-11-12T20:39:25","guid":{"rendered":"https:\/\/ambipar.com\/latam\/?page_id=1572"},"modified":"2021-01-05T20:17:21","modified_gmt":"2021-01-05T23:17:21","slug":"absorbent-line","status":"publish","type":"page","link":"https:\/\/ambipar.com\/latam\/en\/ambipar-environment\/produtos-ambientais\/absorbent-line\/","title":{"rendered":"Absorbent Line"},"content":{"rendered":"\n<p>Ambipar has developed a portfolio of products for use in environmental emergencies and accident prevention, in order to reduce environmental impacts and preserve the environment.<\/p>\n\n\n\n<p><strong>White Line:<\/strong><\/p>\n\n\n\n<ul><li>Hydrophobic Material<\/li><li>Absorption of petroleum and derivatives liquids<\/li><\/ul>\n\n\n\n<p><strong>Green Line:<\/strong><\/p>\n\n\n\n<ul><li>Absorption of aggressive liquids (acids and chemicals)<\/li><\/ul>\n\n\n\n<p><strong>Gray Line:<\/strong><\/p>\n\n\n\n<ul><li>Various liquids and general cleaning<\/li><\/ul>\n\n\n\n<p><strong>Absorbent Peat:<\/strong><\/p>\n\n\n\n<ul><li>Hydrophobic Material<\/li><li>Absorption of petroleum and derivatives liquids<\/li><\/ul>\n\n\n\n<figure class=\"wp-block-image size-large\"><img width=\"641\" height=\"111\" src=\"https:\/\/ambipar.com\/latam\/wp-content\/uploads\/2020\/11\/absorventes1-1_en.png\" alt=\"\" class=\"wp-image-2651\" srcset=\"https:\/\/ambipar.com\/latam\/wp-content\/uploads\/2020\/11\/absorventes1-1_en.png 641w, https:\/\/ambipar.com\/latam\/wp-content\/uploads\/2020\/11\/absorventes1-1_en-250x43.png 250w, https:\/\/ambipar.com\/latam\/wp-content\/uploads\/2020\/11\/absorventes1-1_en-120x21.png 120w\" sizes=\"(max-width: 641px) 100vw, 641px\" \/><\/figure>\n\n\n\n<p>See too:<\/p>\n\n\n\n<ul id=\"block-c1455604-4fff-4023-a8f8-cde70aef5c33\"><li><a href=\"https:\/\/ambipar.com\/latam\/en\/ambipar-environment\/produtos-ambientais\/contention-line\/\">Contention Line<\/a><\/li><li><a href=\"https:\/\/ambipar.com\/latam\/en\/ambipar-environment\/produtos-ambientais\/environmental-sets\/\">Environmental Sets<\/a><\/li><li><a href=\"https:\/\/ambipar.com\/latam\/en\/ambipar-environment\/produtos-ambientais\/individual-protection-line\/\">Individual Protection Line<\/a><\/li><li><a href=\"https:\/\/ambipar.com\/latam\/en\/ambipar-environment\/produtos-ambientais\/sanitizer-line\/\">Sanitizer Line<\/a><\/li><li><a href=\"https:\/\/ambipar.com\/latam\/en\/ambipar-environment\/produtos-ambientais\/agriculture-line\/\">Agriculture Line<\/a><\/li><li><a href=\"https:\/\/ambipar.com\/latam\/en\/ambipar-environment\/produtos-ambientais\/building-industry-line\/\">Building Industry Line<\/a><\/li><\/ul>\n\n\n\n<p><\/p>\n","protected":false},"excerpt":{"rendered":"Ambipar has developed a portfolio of products for use in environmental emergencies and accident prevention, in order to reduce environmental impacts and preserve the environment. White Line: Hydrophobic Material Absorption of petroleum and derivatives liquids Green Line: Absorption of aggressive liquids (acids and chemicals) Gray Line: Various liquids and general cleaning Absorbent Peat: Hydrophobic Material&#8230; <a class=\"view-article\" href=\"https:\/\/ambipar.com\/latam\/en\/ambipar-environment\/produtos-ambientais\/absorbent-line\/\">Ver art\u00edculo<\/a>","protected":false},"author":1,"featured_media":258,"parent":255,"menu_order":0,"comment_status":"closed","ping_status":"closed","template":"single-servicos.php","meta":[],"yoast_head":"<!-- This site is optimized with the Yoast SEO plugin v17.6 - https:\/\/yoast.com\/wordpress\/plugins\/seo\/ -->\n<title>Get to know the Ambipar Environment Absorbent Line<\/title>\n<meta name=\"description\" content=\"Ambipar has developed a product portfolio for use in environmental emergencies and accident prevention.\" \/>\n<meta name=\"robots\" content=\"index, follow, max-snippet:-1, max-image-preview:large, max-video-preview:-1\" \/>\n<link rel=\"canonical\" href=\"https:\/\/ambipar.com\/latam\/en\/ambipar-environment\/produtos-ambientais\/absorbent-line\/\" \/>\n<meta property=\"og:locale\" content=\"es_ES\" \/>\n<meta property=\"og:type\" content=\"article\" \/>\n<meta property=\"og:title\" content=\"Get to know the Ambipar Environment Absorbent Line\" \/>\n<meta property=\"og:description\" content=\"Ambipar has developed a product portfolio for use in environmental emergencies and accident prevention.\" \/>\n<meta property=\"og:url\" content=\"https:\/\/ambipar.com\/latam\/en\/ambipar-environment\/produtos-ambientais\/absorbent-line\/\" \/>\n<meta property=\"og:site_name\" content=\"Ambipar. A l\u00edder em gest\u00e3o ambiental.\" \/>\n<meta property=\"article:modified_time\" content=\"2021-01-05T23:17:21+00:00\" \/>\n<meta property=\"og:image\" content=\"https:\/\/ambipar.com\/latam\/wp-content\/uploads\/2020\/10\/absorventes.jpg\" \/>\n\t<meta property=\"og:image:width\" content=\"1000\" \/>\n\t<meta property=\"og:image:height\" content=\"1000\" \/>\n<meta name=\"twitter:card\" content=\"summary_large_image\" \/>\n<script type=\"application\/ld+json\" class=\"yoast-schema-graph\">{\"@context\":\"https:\/\/schema.org\",\"@graph\":[{\"@type\":\"Organization\",\"@id\":\"https:\/\/ambipar.com\/latam\/#organization\",\"name\":\"Ambipar\",\"url\":\"https:\/\/ambipar.com\/latam\/\",\"sameAs\":[],\"logo\":{\"@type\":\"ImageObject\",\"@id\":\"https:\/\/ambipar.com\/latam\/#logo\",\"inLanguage\":\"es-CL\",\"url\":\"https:\/\/ambipar.com\/latam\/wp-content\/uploads\/2020\/10\/ambipar_color.png\",\"contentUrl\":\"https:\/\/ambipar.com\/latam\/wp-content\/uploads\/2020\/10\/ambipar_color.png\",\"width\":174,\"height\":107,\"caption\":\"Ambipar\"},\"image\":{\"@id\":\"https:\/\/ambipar.com\/latam\/#logo\"}},{\"@type\":\"WebSite\",\"@id\":\"https:\/\/ambipar.com\/latam\/#website\",\"url\":\"https:\/\/ambipar.com\/latam\/\",\"name\":\"Ambipar. A l\\u00edder em gest\\u00e3o ambiental.\",\"description\":\"Pioneira em solu\\u00e7\\u00f5es ambientais, a Ambipar atua em todo o territ\\u00f3rio nacional oferecendo solu\\u00e7\\u00f5es integradas para toda a cadeia de neg\\u00f3cio.\",\"publisher\":{\"@id\":\"https:\/\/ambipar.com\/latam\/#organization\"},\"potentialAction\":[{\"@type\":\"SearchAction\",\"target\":{\"@type\":\"EntryPoint\",\"urlTemplate\":\"https:\/\/ambipar.com\/latam\/?s={search_term_string}\"},\"query-input\":\"required name=search_term_string\"}],\"inLanguage\":\"es-CL\"},{\"@type\":\"ImageObject\",\"@id\":\"https:\/\/ambipar.com\/latam\/en\/ambipar-environment\/produtos-ambientais\/absorbent-line\/#primaryimage\",\"inLanguage\":\"es-CL\",\"url\":\"https:\/\/ambipar.com\/latam\/wp-content\/uploads\/2020\/10\/absorventes.jpg\",\"contentUrl\":\"https:\/\/ambipar.com\/latam\/wp-content\/uploads\/2020\/10\/absorventes.jpg\",\"width\":1000,\"height\":1000,\"caption\":\"absorventes\"},{\"@type\":\"WebPage\",\"@id\":\"https:\/\/ambipar.com\/latam\/en\/ambipar-environment\/produtos-ambientais\/absorbent-line\/#webpage\",\"url\":\"https:\/\/ambipar.com\/latam\/en\/ambipar-environment\/produtos-ambientais\/absorbent-line\/\",\"name\":\"Get to know the Ambipar Environment Absorbent Line\",\"isPartOf\":{\"@id\":\"https:\/\/ambipar.com\/latam\/#website\"},\"primaryImageOfPage\":{\"@id\":\"https:\/\/ambipar.com\/latam\/en\/ambipar-environment\/produtos-ambientais\/absorbent-line\/#primaryimage\"},\"datePublished\":\"2020-11-12T20:39:25+00:00\",\"dateModified\":\"2021-01-05T23:17:21+00:00\",\"description\":\"Ambipar has developed a product portfolio for use in environmental emergencies and accident prevention.\",\"breadcrumb\":{\"@id\":\"https:\/\/ambipar.com\/latam\/en\/ambipar-environment\/produtos-ambientais\/absorbent-line\/#breadcrumb\"},\"inLanguage\":\"es-CL\",\"potentialAction\":[{\"@type\":\"ReadAction\",\"target\":[\"https:\/\/ambipar.com\/latam\/en\/ambipar-environment\/produtos-ambientais\/absorbent-line\/\"]}]},{\"@type\":\"BreadcrumbList\",\"@id\":\"https:\/\/ambipar.com\/latam\/en\/ambipar-environment\/produtos-ambientais\/absorbent-line\/#breadcrumb\",\"itemListElement\":[{\"@type\":\"ListItem\",\"position\":1,\"name\":\"Home\",\"item\":\"https:\/\/ambipar.com\/latam\/\"},{\"@type\":\"ListItem\",\"position\":2,\"name\":\"Ambipar Environment\",\"item\":\"https:\/\/ambipar.com\/latam\/pt\/ambipar-environment\/\"},{\"@type\":\"ListItem\",\"position\":3,\"name\":\"Produtos Ambientais\",\"item\":\"https:\/\/ambipar.com\/latam\/pt\/ambipar-environment\/produtos-ambientais\/\"},{\"@type\":\"ListItem\",\"position\":4,\"name\":\"Absorbent Line\"}]}]}<\/script>\n<!-- \/ Yoast SEO plugin. -->","yoast_head_json":{"title":"Get to know the Ambipar Environment Absorbent Line","description":"Ambipar has developed a product portfolio for use in environmental emergencies and accident prevention.","robots":{"index":"index","follow":"follow","max-snippet":"max-snippet:-1","max-image-preview":"max-image-preview:large","max-video-preview":"max-video-preview:-1"},"canonical":"https:\/\/ambipar.com\/latam\/en\/ambipar-environment\/produtos-ambientais\/absorbent-line\/","og_locale":"es_ES","og_type":"article","og_title":"Get to know the Ambipar Environment Absorbent Line","og_description":"Ambipar has developed a product portfolio for use in environmental emergencies and accident prevention.","og_url":"https:\/\/ambipar.com\/latam\/en\/ambipar-environment\/produtos-ambientais\/absorbent-line\/","og_site_name":"Ambipar. A l\u00edder em gest\u00e3o ambiental.","article_modified_time":"2021-01-05T23:17:21+00:00","og_image":[{"width":1000,"height":1000,"url":"https:\/\/ambipar.com\/latam\/wp-content\/uploads\/2020\/10\/absorventes.jpg","type":"image\/jpeg"}],"twitter_card":"summary_large_image","schema":{"@context":"https:\/\/schema.org","@graph":[{"@type":"Organization","@id":"https:\/\/ambipar.com\/latam\/#organization","name":"Ambipar","url":"https:\/\/ambipar.com\/latam\/","sameAs":[],"logo":{"@type":"ImageObject","@id":"https:\/\/ambipar.com\/latam\/#logo","inLanguage":"es-CL","url":"https:\/\/ambipar.com\/latam\/wp-content\/uploads\/2020\/10\/ambipar_color.png","contentUrl":"https:\/\/ambipar.com\/latam\/wp-content\/uploads\/2020\/10\/ambipar_color.png","width":174,"height":107,"caption":"Ambipar"},"image":{"@id":"https:\/\/ambipar.com\/latam\/#logo"}},{"@type":"WebSite","@id":"https:\/\/ambipar.com\/latam\/#website","url":"https:\/\/ambipar.com\/latam\/","name":"Ambipar. A l\u00edder em gest\u00e3o ambiental.","description":"Pioneira em solu\u00e7\u00f5es ambientais, a Ambipar atua em todo o territ\u00f3rio nacional oferecendo solu\u00e7\u00f5es integradas para toda a cadeia de neg\u00f3cio.","publisher":{"@id":"https:\/\/ambipar.com\/latam\/#organization"},"potentialAction":[{"@type":"SearchAction","target":{"@type":"EntryPoint","urlTemplate":"https:\/\/ambipar.com\/latam\/?s={search_term_string}"},"query-input":"required name=search_term_string"}],"inLanguage":"es-CL"},{"@type":"ImageObject","@id":"https:\/\/ambipar.com\/latam\/en\/ambipar-environment\/produtos-ambientais\/absorbent-line\/#primaryimage","inLanguage":"es-CL","url":"https:\/\/ambipar.com\/latam\/wp-content\/uploads\/2020\/10\/absorventes.jpg","contentUrl":"https:\/\/ambipar.com\/latam\/wp-content\/uploads\/2020\/10\/absorventes.jpg","width":1000,"height":1000,"caption":"absorventes"},{"@type":"WebPage","@id":"https:\/\/ambipar.com\/latam\/en\/ambipar-environment\/produtos-ambientais\/absorbent-line\/#webpage","url":"https:\/\/ambipar.com\/latam\/en\/ambipar-environment\/produtos-ambientais\/absorbent-line\/","name":"Get to know the Ambipar Environment Absorbent Line","isPartOf":{"@id":"https:\/\/ambipar.com\/latam\/#website"},"primaryImageOfPage":{"@id":"https:\/\/ambipar.com\/latam\/en\/ambipar-environment\/produtos-ambientais\/absorbent-line\/#primaryimage"},"datePublished":"2020-11-12T20:39:25+00:00","dateModified":"2021-01-05T23:17:21+00:00","description":"Ambipar has developed a product portfolio for use in environmental emergencies and accident prevention.","breadcrumb":{"@id":"https:\/\/ambipar.com\/latam\/en\/ambipar-environment\/produtos-ambientais\/absorbent-line\/#breadcrumb"},"inLanguage":"es-CL","potentialAction":[{"@type":"ReadAction","target":["https:\/\/ambipar.com\/latam\/en\/ambipar-environment\/produtos-ambientais\/absorbent-line\/"]}]},{"@type":"BreadcrumbList","@id":"https:\/\/ambipar.com\/latam\/en\/ambipar-environment\/produtos-ambientais\/absorbent-line\/#breadcrumb","itemListElement":[{"@type":"ListItem","position":1,"name":"Home","item":"https:\/\/ambipar.com\/latam\/"},{"@type":"ListItem","position":2,"name":"Ambipar Environment","item":"https:\/\/ambipar.com\/latam\/pt\/ambipar-environment\/"},{"@type":"ListItem","position":3,"name":"Produtos Ambientais","item":"https:\/\/ambipar.com\/latam\/pt\/ambipar-environment\/produtos-ambientais\/"},{"@type":"ListItem","position":4,"name":"Absorbent Line"}]}]}},"_links":{"self":[{"href":"https:\/\/ambipar.com\/latam\/wp-json\/wp\/v2\/pages\/1572"}],"collection":[{"href":"https:\/\/ambipar.com\/latam\/wp-json\/wp\/v2\/pages"}],"about":[{"href":"https:\/\/ambipar.com\/latam\/wp-json\/wp\/v2\/types\/page"}],"author":[{"embeddable":true,"href":"https:\/\/ambipar.com\/latam\/wp-json\/wp\/v2\/users\/1"}],"replies":[{"embeddable":true,"href":"https:\/\/ambipar.com\/latam\/wp-json\/wp\/v2\/comments?post=1572"}],"version-history":[{"count":4,"href":"https:\/\/ambipar.com\/latam\/wp-json\/wp\/v2\/pages\/1572\/revisions"}],"predecessor-version":[{"id":2652,"href":"https:\/\/ambipar.com\/latam\/wp-json\/wp\/v2\/pages\/1572\/revisions\/2652"}],"up":[{"embeddable":true,"href":"https:\/\/ambipar.com\/latam\/wp-json\/wp\/v2\/pages\/255"}],"wp:featuredmedia":[{"embeddable":true,"href":"https:\/\/ambipar.com\/latam\/wp-json\/wp\/v2\/media\/258"}],"wp:attachment":[{"href":"https:\/\/ambipar.com\/latam\/wp-json\/wp\/v2\/media?parent=1572"}],"curies":[{"name":"wp","href":"https:\/\/api.w.org\/{rel}","templated":true}]}}