{"id":1581,"date":"2020-11-12T19:02:18","date_gmt":"2020-11-12T22:02:18","guid":{"rendered":"https:\/\/ambipar.com\/latam\/?page_id=1581"},"modified":"2022-11-21T13:54:06","modified_gmt":"2022-11-21T16:54:06","slug":"linea-agricultura","status":"publish","type":"page","link":"https:\/\/ambipar.com\/latam\/ambipar-environment-2\/productos-ambientales\/linea-agricultura\/","title":{"rendered":"L\u00ednea Agricultura"},"content":{"rendered":"\n<p>Desarrollado para amplificar la materia org\u00e1nica del suelo, ECOSOLO es un acondicionador certificado por IBD (Instituto Biodin\u00e2mico) y ECOCERT, destinado a la plantaci\u00f3n y mantenimiento en todos los cultivos. La l\u00ednea agr\u00edcola son productos dise\u00f1ados con materias primas organicas de la industria, estandarizados y avalados por an\u00e1lisis realizados por laboratorios acreditados por M.A.P.A. (Ministerio de Agricultura, Ganader\u00eda y Abastecimiento).<\/p>\n\n\n\n<figure class=\"wp-block-image size-large\"><img width=\"585\" height=\"145\" src=\"https:\/\/ambipar.com\/site2020\/wp-content\/uploads\/2020\/11\/linhaagricultura_es.png\" alt=\"\" class=\"wp-image-2663\" srcset=\"https:\/\/ambipar.com\/latam\/wp-content\/uploads\/2020\/11\/linhaagricultura_es.png 585w, https:\/\/ambipar.com\/latam\/wp-content\/uploads\/2020\/11\/linhaagricultura_es-250x62.png 250w, https:\/\/ambipar.com\/latam\/wp-content\/uploads\/2020\/11\/linhaagricultura_es-120x30.png 120w\" sizes=\"(max-width: 585px) 100vw, 585px\" \/><\/figure>\n\n\n\n<figure class=\"wp-block-image size-large is-resized\"><img src=\"https:\/\/ambipar.com\/site2020\/wp-content\/uploads\/2020\/10\/Ecosolo_mkp_sacarias_ecosolo1-700x570.png\" alt=\"\" class=\"wp-image-176\" width=\"545\" height=\"444\" srcset=\"https:\/\/ambipar.com\/latam\/wp-content\/uploads\/2020\/10\/Ecosolo_mkp_sacarias_ecosolo1-700x570.png 700w, https:\/\/ambipar.com\/latam\/wp-content\/uploads\/2020\/10\/Ecosolo_mkp_sacarias_ecosolo1-250x204.png 250w, https:\/\/ambipar.com\/latam\/wp-content\/uploads\/2020\/10\/Ecosolo_mkp_sacarias_ecosolo1-768x625.png 768w, https:\/\/ambipar.com\/latam\/wp-content\/uploads\/2020\/10\/Ecosolo_mkp_sacarias_ecosolo1-120x98.png 120w, https:\/\/ambipar.com\/latam\/wp-content\/uploads\/2020\/10\/Ecosolo_mkp_sacarias_ecosolo1.png 1200w\" sizes=\"(max-width: 545px) 100vw, 545px\" \/><\/figure>\n\n\n\n<h2>Cuando utilice el acondicionador de suelo<br>Ecosolo\u00ae es posible obtener varios beneficios:<\/h2>\n\n\n\n<ul><li>Mejora la estructura y porosidad del suelo, creando un mejor ambiente para las ra\u00edces de las plantas, retiene m\u00e1s agua en la tierra, contribuyendo a una mayor biodiversidad y preservando la fertilidad del suelo;<\/li><li>Mayor infiltraci\u00f3n y permeabilidad a la humedad en los suelos, reduciendo la densidad de los suelos pesados, la erosi\u00f3n y la escorrent\u00eda;<\/li><li>Mejora de la capacidad de retenci\u00f3n de humedad del suelo, reduciendo la p\u00e9rdida de agua y la lixiviaci\u00f3n de nutrientes;<\/li><li>Mejora la capacidad de intercambio cati\u00f3nico del suelo, permitiendo que las plantas maximicen el uso de nutrientes, reteni\u00e9ndolos por m\u00e1s tiempo;<\/li><li>Activa la proliferaci\u00f3n de microorganismos beneficiosos para el suelo.<\/li><\/ul>\n\n\n\n<h3>Ecosolo\u00ae mejora la tierra y a\u00fan genera ingresos con el secuestro de carbono.<\/h3>\n\n\n\n<p>El producto Ecosolo\u00ae, patentado por Ambipar, adem\u00e1s de aportar una serie de ventajas a la agricultura, act\u00faa en la reducci\u00f3n de gases de efecto invernadero en la atm\u00f3sfera. El acondicionador de suelo se obtiene a partir de residuos de unidades industriales. En otra situaci\u00f3n, ser\u00eda enviado a un relleno sanitario. Pero adem\u00e1s de aumentar la productividad de los cultivos, el proceso bioqu\u00edmico provocado por el acondicionador de suelos Ambipar provoca la captura de CO2. La recuperaci\u00f3n del 2% de carbono de todo el suelo del planeta compensar\u00eda el 100% de todas las emisiones acumuladas en la atm\u00f3sfera desde la Revoluci\u00f3n Industrial.<\/p>\n\n\n\n<p>Los agricultores que utilizan Ecosolo\u00ae reciben orientaci\u00f3n de nuestros expertos sobre t\u00e9cnicas de gesti\u00f3n sostenible para acumular carbono org\u00e1nico en el suelo. Adem\u00e1s del beneficio en la producci\u00f3n, el cultivo genera otra fuente de ingresos: el bono de carbono, cuyo valor se reparte entre las dos partes.<\/p>\n\n\n\n<p>En este proceso, con una gesti\u00f3n sostenible, se contribuye a aumentar la biodiversidad y preservar la fertilidad del suelo. Adem\u00e1s del registro ante el Ministerio de Agricultura, Ecosolo\u00ae cuenta con dos certificaciones, una del Instituto de Biodin\u00e1mica (IBD) y otra de ECOCERT Insumos, por lo que puede ser utilizado para la producci\u00f3n org\u00e1nica y exportado.<\/p>\n\n\n\n<p>El material puede ser utilizado tanto en silvicultura, agricultura y ganader\u00eda en general. Ecosolo\u00ae conduce a un aumento de materia org\u00e1nica, acondiciona el suelo para aumentar la mesofauna, contribuye a la reposici\u00f3n gradual de nutrientes. El aumento de la productividad es uno de los beneficios del insumo Ambipar, que se traduce en un aumento del 28% en la masa de soja, gracias a la reducci\u00f3n de las p\u00e9rdidas de fertilizantes minerales por lixiviaci\u00f3n, volatilizaci\u00f3n y fijaci\u00f3n. Datos del Instituto Federal de S\u00e3o Paulo indican que en el caso del ma\u00edz (safrinha), sin el uso de Ecosolo\u00ae, la productividad es de 2.700,5 (kg\/ha), llegando a 3.890,2 (kg\/ha) con el uso de 3,5 toneladas .<\/p>\n\n\n\n<div class=\"wp-block-columns\">\n<div class=\"wp-block-column\">\n<div class=\"wp-block-image\"><figure class=\"aligncenter size-full\"><img src=\"https:\/\/ambipar.com\/site2020\/wp-content\/uploads\/2022\/05\/icone_ecosolo.png\" alt=\"\" class=\"wp-image-5827\"\/><figcaption>Orientacion tecnica<\/figcaption><\/figure><\/div>\n<\/div>\n\n\n\n<div class=\"wp-block-column\">\n<div class=\"wp-block-image\"><figure class=\"aligncenter size-full\"><img src=\"https:\/\/ambipar.com\/site2020\/wp-content\/uploads\/2022\/05\/icone_ecosolo2.png\" alt=\"\" class=\"wp-image-5828\"\/><figcaption>Mayor productividad<\/figcaption><\/figure><\/div>\n<\/div>\n\n\n\n<div class=\"wp-block-column\">\n<div class=\"wp-block-image\"><figure class=\"aligncenter size-full\"><img src=\"https:\/\/ambipar.com\/site2020\/wp-content\/uploads\/2022\/05\/icone_ecosolo3.png\" alt=\"\" class=\"wp-image-5829\"\/><figcaption>Conservacion del suelo<\/figcaption><\/figure><\/div>\n<\/div>\n\n\n\n<div class=\"wp-block-column\">\n<div class=\"wp-block-image\"><figure class=\"aligncenter size-full\"><img src=\"https:\/\/ambipar.com\/site2020\/wp-content\/uploads\/2022\/05\/icone_ecosolo4.png\" alt=\"\" class=\"wp-image-5830\"\/><figcaption>Mejora la retenci\u00f3n de agua del suelo.<\/figcaption><\/figure><\/div>\n<\/div>\n<\/div>\n\n\n\n<div class=\"wp-block-columns\">\n<div class=\"wp-block-column\">\n<div class=\"wp-block-image\"><figure class=\"aligncenter size-full is-resized\"><img src=\"https:\/\/ambipar.com\/site2020\/wp-content\/uploads\/2022\/05\/icone_ecosolo5.png\" alt=\"\" class=\"wp-image-5831\" width=\"152\" height=\"152\"\/><figcaption>Aumenta la capacidad de las ra\u00edces para absorber nutrientes.<\/figcaption><\/figure><\/div>\n<\/div>\n\n\n\n<div class=\"wp-block-column\">\n<div class=\"wp-block-image\"><figure class=\"aligncenter size-full is-resized\"><img src=\"https:\/\/ambipar.com\/site2020\/wp-content\/uploads\/2022\/05\/icone_ecosolo6.png\" alt=\"\" class=\"wp-image-5832\" width=\"157\" height=\"157\"\/><figcaption>Favorece el desarrollo de microorganismos.<\/figcaption><\/figure><\/div>\n<\/div>\n\n\n\n<div class=\"wp-block-column\">\n<div class=\"wp-block-image\"><figure class=\"aligncenter size-full is-resized\"><img src=\"https:\/\/ambipar.com\/site2020\/wp-content\/uploads\/2022\/05\/icone_ecosolo7.png\" alt=\"\" class=\"wp-image-5833\" width=\"147\" height=\"147\"\/><figcaption>Regenerar suelo degradado<\/figcaption><\/figure><\/div>\n<\/div>\n<\/div>\n\n\n\n<h3>ESG premiado con tecnolog\u00eda<\/h3>\n\n\n\n<p>Cada vez m\u00e1s relevante en las estrategias de empresas, inversionistas y consumidores, el concepto ESG &#8211; que define las pr\u00e1cticas ambientales, sociales y de gobernanza de un negocio &#8211; tambi\u00e9n es contemplado por los beneficios de Ecosolo\u00ae, ya que el producto ayuda al medio ambiente, genera ganancias sociales calificando a los agricultores. y sus comunidades, presenta mayor viabilidad econ\u00f3mica en relaci\u00f3n al abono com\u00fan y aporta una imagen de producci\u00f3n carbono neutral al agricultor, convirti\u00e9ndolo en protagonista de los aportes a la mitigaci\u00f3n del cambio clim\u00e1tico.<\/p>\n\n\n\n<p>A trav\u00e9s de esta tecnolog\u00eda que da una nueva funci\u00f3n a los residuos que de otro modo ser\u00edan desechados, el acondicionador de suelo Ecosolo\u00ae cumple con el concepto de econom\u00eda circular, que es cada vez m\u00e1s valorado por consumidores y empresas.<\/p>\n\n\n\n<p>Entre todas estas ganancias, el agricultor sigue colaborando con el planeta al adquirir un producto que no necesita utilizar otros recursos en su producci\u00f3n, como el agua y otros recursos naturales.<\/p>\n\n\n\n<p>Ecosolo\u00ae es un ejemplo de proceso de transici\u00f3n hacia un modelo restaurador que tiene sentido econ\u00f3mico, genera una ventaja competitiva y garantiza la supervivencia del planeta, que no hay otra. \u00a1Tenemos que cuidarnos, juntos!<\/p>\n\n\n\n<div class=\"wp-block-image\"><figure class=\"aligncenter size-large\"><img src=\"https:\/\/ambipar.com\/site2020\/wp-content\/uploads\/2022\/04\/ecosolo-768x432-1-700x394.jpg\" alt=\"ecosolo-sequestro de carbono\" class=\"wp-image-5495\"\/><figcaption> <\/figcaption><\/figure><\/div>\n\n\n\n<h3>Carbon Farm: \u00bfSabes c\u00f3mo obtener rentabilidad practicando econom\u00eda circular y agricultura regenerativa?<\/h3>\n\n\n\n<p>Ecosolo es un acondicionador rico en materia org\u00e1nica que favorece la retenci\u00f3n de agua y la absorci\u00f3n de nutrientes. Aliado al Programa de Agricultura Regenerativa y Manejo Sostenible de Ambipar, adem\u00e1s de aumentar la productividad de las plantaciones y prolongar la fertilidad del suelo, tambi\u00e9n puede generar bonos de carbono certificados internacionalmente para ser comercializados.<\/p>\n\n\n\n<h3>Programa de Agricultura Regenerativa con Ecosolo<\/h3>\n\n\n\n<p>La I+D de AMBIPAR est\u00e1 demostrando que la agricultura regenerativa es escalable y rentable. Los cultivos abastecen a las grandes industrias alimentarias con rendimientos iguales o superiores a la agricultura convencional.<\/p>\n\n\n\n<figure class=\"wp-block-image size-large\"><img src=\"https:\/\/ambipar.com\/site2020\/wp-content\/uploads\/2022\/05\/Agricultura-regenerativa-700x387.png\" alt=\"\" class=\"wp-image-5856\"\/><\/figure>\n\n\n\n<p>Vea tambi\u00e9n:<\/p>\n\n\n\n<ul id=\"block-c1455604-4fff-4023-a8f8-cde70aef5c33\"><li><a href=\"https:\/\/ambipar.com\/latam\/es\/ambipar-environment\/produtos-ambientais\/linea-absorbente\/\"><a href=\"https:\/\/ambipar.com\/latam\/ambipar-environment-2\/productos-ambientales\/linea-absorbente\/\">L\u00ednea Absorbente<\/a><\/a><\/li><li><a href=\"https:\/\/ambipar.com\/latam\/es\/ambipar-environment\/produtos-ambientais\/linea-absorbente\/\"><a href=\"https:\/\/ambipar.com\/latam\/ambipar-environment-2\/productos-ambientales\/linea-contencion\/\">L\u00ednea Contenci\u00f3n<\/a><\/a><\/li><li><a href=\"https:\/\/ambipar.com\/latam\/es\/ambipar-environment\/produtos-ambientais\/linea-absorbente\/\"><a href=\"https:\/\/ambipar.com\/latam\/ambipar-environment-2\/productos-ambientales\/kits-ambientales\/\">Kits Ambientales<\/a><\/a><\/li><li><a href=\"https:\/\/ambipar.com\/latam\/es\/ambipar-environment\/produtos-ambientais\/linea-absorbente\/\"><a href=\"https:\/\/ambipar.com\/latam\/ambipar-environment-2\/productos-ambientales\/linea-proteccion-personal\/\">L\u00ednea Protecci\u00f3n Personal<\/a><\/a><\/li><li><a href=\"https:\/\/ambipar.com\/latam\/es\/ambipar-environment\/produtos-ambientais\/linea-absorbente\/\"><a href=\"https:\/\/ambipar.com\/latam\/ambipar-environment-2\/productos-ambientales\/linea-sanitizante\/\">L\u00ednea Sanitizante<\/a><\/a><\/li><li><a href=\"https:\/\/ambipar.com\/latam\/es\/ambipar-environment\/produtos-ambientais\/linea-absorbente\/\"><a href=\"https:\/\/ambipar.com\/latam\/ambipar-environment-2\/productos-ambientales\/linea-construccion-civil\/\">L\u00ednea Construcci\u00f3n Civil<\/a><\/a><\/li><\/ul>\n\n\n\n<p><\/p>\n","protected":false},"excerpt":{"rendered":"Desarrollado para amplificar la materia org\u00e1nica del suelo, ECOSOLO es un acondicionador certificado por IBD (Instituto Biodin\u00e2mico) y ECOCERT, destinado a la plantaci\u00f3n y mantenimiento en todos los cultivos. La l\u00ednea agr\u00edcola son productos dise\u00f1ados con materias primas organicas de la industria, estandarizados y avalados por an\u00e1lisis realizados por laboratorios acreditados por M.A.P.A. (Ministerio de&#8230; <a class=\"view-article\" href=\"https:\/\/ambipar.com\/latam\/ambipar-environment-2\/productos-ambientales\/linea-agricultura\/\">Ver art\u00edculo<\/a>","protected":false},"author":1,"featured_media":180,"parent":1563,"menu_order":0,"comment_status":"closed","ping_status":"closed","template":"single-servicos-full.php","meta":[],"yoast_head":"<!-- This site is optimized with the Yoast SEO plugin v17.6 - https:\/\/yoast.com\/wordpress\/plugins\/seo\/ -->\n<title>Conozca la L\u00ednea Agricultura de Ambipar Environment<\/title>\n<meta name=\"description\" content=\"ECOSOLO es un acondicionador certificado por IBD (Instituto Biodin\u00e2mico) y ECOCERT, destinado a la plantaci\u00f3n y mantenimiento en todos los cultivos.\" \/>\n<meta name=\"robots\" content=\"index, follow, max-snippet:-1, max-image-preview:large, max-video-preview:-1\" \/>\n<link rel=\"canonical\" href=\"https:\/\/ambipar.com\/latam\/ambipar-environment-2\/productos-ambientales\/linea-agricultura\/\" \/>\n<meta property=\"og:locale\" content=\"es_ES\" \/>\n<meta property=\"og:type\" content=\"article\" \/>\n<meta property=\"og:title\" content=\"Conozca la L\u00ednea Agricultura de Ambipar Environment\" \/>\n<meta property=\"og:description\" content=\"ECOSOLO es un acondicionador certificado por IBD (Instituto Biodin\u00e2mico) y ECOCERT, destinado a la plantaci\u00f3n y mantenimiento en todos los cultivos.\" \/>\n<meta property=\"og:url\" content=\"https:\/\/ambipar.com\/latam\/ambipar-environment-2\/productos-ambientales\/linea-agricultura\/\" \/>\n<meta property=\"og:site_name\" content=\"Ambipar. A l\u00edder em gest\u00e3o ambiental.\" \/>\n<meta property=\"article:modified_time\" content=\"2022-11-21T16:54:06+00:00\" \/>\n<meta property=\"og:image\" content=\"https:\/\/ambipar.com\/latam\/wp-content\/uploads\/2020\/10\/isas.jpg\" \/>\n\t<meta property=\"og:image:width\" content=\"1000\" \/>\n\t<meta property=\"og:image:height\" content=\"1000\" \/>\n<meta name=\"twitter:card\" content=\"summary_large_image\" \/>\n<meta name=\"twitter:label1\" content=\"Est. reading time\" \/>\n\t<meta name=\"twitter:data1\" content=\"6 minutos\" \/>\n<script type=\"application\/ld+json\" class=\"yoast-schema-graph\">{\"@context\":\"https:\/\/schema.org\",\"@graph\":[{\"@type\":\"Organization\",\"@id\":\"https:\/\/ambipar.com\/latam\/#organization\",\"name\":\"Ambipar\",\"url\":\"https:\/\/ambipar.com\/latam\/\",\"sameAs\":[],\"logo\":{\"@type\":\"ImageObject\",\"@id\":\"https:\/\/ambipar.com\/latam\/#logo\",\"inLanguage\":\"es-CL\",\"url\":\"https:\/\/ambipar.com\/latam\/wp-content\/uploads\/2020\/10\/ambipar_color.png\",\"contentUrl\":\"https:\/\/ambipar.com\/latam\/wp-content\/uploads\/2020\/10\/ambipar_color.png\",\"width\":174,\"height\":107,\"caption\":\"Ambipar\"},\"image\":{\"@id\":\"https:\/\/ambipar.com\/latam\/#logo\"}},{\"@type\":\"WebSite\",\"@id\":\"https:\/\/ambipar.com\/latam\/#website\",\"url\":\"https:\/\/ambipar.com\/latam\/\",\"name\":\"Ambipar. A l\\u00edder em gest\\u00e3o ambiental.\",\"description\":\"Pioneira em solu\\u00e7\\u00f5es ambientais, a Ambipar atua em todo o territ\\u00f3rio nacional oferecendo solu\\u00e7\\u00f5es integradas para toda a cadeia de neg\\u00f3cio.\",\"publisher\":{\"@id\":\"https:\/\/ambipar.com\/latam\/#organization\"},\"potentialAction\":[{\"@type\":\"SearchAction\",\"target\":{\"@type\":\"EntryPoint\",\"urlTemplate\":\"https:\/\/ambipar.com\/latam\/?s={search_term_string}\"},\"query-input\":\"required name=search_term_string\"}],\"inLanguage\":\"es-CL\"},{\"@type\":\"ImageObject\",\"@id\":\"https:\/\/ambipar.com\/latam\/ambipar-environment-2\/productos-ambientales\/linea-agricultura\/#primaryimage\",\"inLanguage\":\"es-CL\",\"url\":\"https:\/\/ambipar.com\/latam\/wp-content\/uploads\/2020\/10\/isas.jpg\",\"contentUrl\":\"https:\/\/ambipar.com\/latam\/wp-content\/uploads\/2020\/10\/isas.jpg\",\"width\":1000,\"height\":1000,\"caption\":\"isas\"},{\"@type\":\"WebPage\",\"@id\":\"https:\/\/ambipar.com\/latam\/ambipar-environment-2\/productos-ambientales\/linea-agricultura\/#webpage\",\"url\":\"https:\/\/ambipar.com\/latam\/ambipar-environment-2\/productos-ambientales\/linea-agricultura\/\",\"name\":\"Conozca la L\\u00ednea Agricultura de Ambipar Environment\",\"isPartOf\":{\"@id\":\"https:\/\/ambipar.com\/latam\/#website\"},\"primaryImageOfPage\":{\"@id\":\"https:\/\/ambipar.com\/latam\/ambipar-environment-2\/productos-ambientales\/linea-agricultura\/#primaryimage\"},\"datePublished\":\"2020-11-12T22:02:18+00:00\",\"dateModified\":\"2022-11-21T16:54:06+00:00\",\"description\":\"ECOSOLO es un acondicionador certificado por IBD (Instituto Biodin\\u00e2mico) y ECOCERT, destinado a la plantaci\\u00f3n y mantenimiento en todos los cultivos.\",\"breadcrumb\":{\"@id\":\"https:\/\/ambipar.com\/latam\/ambipar-environment-2\/productos-ambientales\/linea-agricultura\/#breadcrumb\"},\"inLanguage\":\"es-CL\",\"potentialAction\":[{\"@type\":\"ReadAction\",\"target\":[\"https:\/\/ambipar.com\/latam\/ambipar-environment-2\/productos-ambientales\/linea-agricultura\/\"]}]},{\"@type\":\"BreadcrumbList\",\"@id\":\"https:\/\/ambipar.com\/latam\/ambipar-environment-2\/productos-ambientales\/linea-agricultura\/#breadcrumb\",\"itemListElement\":[{\"@type\":\"ListItem\",\"position\":1,\"name\":\"Home\",\"item\":\"https:\/\/ambipar.com\/latam\/\"},{\"@type\":\"ListItem\",\"position\":2,\"name\":\"Ambipar Environment\",\"item\":\"https:\/\/ambipar.com\/latam\/ambipar-environment-2\/\"},{\"@type\":\"ListItem\",\"position\":3,\"name\":\"Productos Ambientales\",\"item\":\"https:\/\/ambipar.com\/latam\/ambipar-environment-2\/productos-ambientales\/\"},{\"@type\":\"ListItem\",\"position\":4,\"name\":\"L\\u00ednea Agricultura\"}]}]}<\/script>\n<!-- \/ Yoast SEO plugin. -->","yoast_head_json":{"title":"Conozca la L\u00ednea Agricultura de Ambipar Environment","description":"ECOSOLO es un acondicionador certificado por IBD (Instituto Biodin\u00e2mico) y ECOCERT, destinado a la plantaci\u00f3n y mantenimiento en todos los cultivos.","robots":{"index":"index","follow":"follow","max-snippet":"max-snippet:-1","max-image-preview":"max-image-preview:large","max-video-preview":"max-video-preview:-1"},"canonical":"https:\/\/ambipar.com\/latam\/ambipar-environment-2\/productos-ambientales\/linea-agricultura\/","og_locale":"es_ES","og_type":"article","og_title":"Conozca la L\u00ednea Agricultura de Ambipar Environment","og_description":"ECOSOLO es un acondicionador certificado por IBD (Instituto Biodin\u00e2mico) y ECOCERT, destinado a la plantaci\u00f3n y mantenimiento en todos los cultivos.","og_url":"https:\/\/ambipar.com\/latam\/ambipar-environment-2\/productos-ambientales\/linea-agricultura\/","og_site_name":"Ambipar. A l\u00edder em gest\u00e3o ambiental.","article_modified_time":"2022-11-21T16:54:06+00:00","og_image":[{"width":1000,"height":1000,"url":"https:\/\/ambipar.com\/latam\/wp-content\/uploads\/2020\/10\/isas.jpg","type":"image\/jpeg"}],"twitter_card":"summary_large_image","twitter_misc":{"Est. reading time":"6 minutos"},"schema":{"@context":"https:\/\/schema.org","@graph":[{"@type":"Organization","@id":"https:\/\/ambipar.com\/latam\/#organization","name":"Ambipar","url":"https:\/\/ambipar.com\/latam\/","sameAs":[],"logo":{"@type":"ImageObject","@id":"https:\/\/ambipar.com\/latam\/#logo","inLanguage":"es-CL","url":"https:\/\/ambipar.com\/latam\/wp-content\/uploads\/2020\/10\/ambipar_color.png","contentUrl":"https:\/\/ambipar.com\/latam\/wp-content\/uploads\/2020\/10\/ambipar_color.png","width":174,"height":107,"caption":"Ambipar"},"image":{"@id":"https:\/\/ambipar.com\/latam\/#logo"}},{"@type":"WebSite","@id":"https:\/\/ambipar.com\/latam\/#website","url":"https:\/\/ambipar.com\/latam\/","name":"Ambipar. A l\u00edder em gest\u00e3o ambiental.","description":"Pioneira em solu\u00e7\u00f5es ambientais, a Ambipar atua em todo o territ\u00f3rio nacional oferecendo solu\u00e7\u00f5es integradas para toda a cadeia de neg\u00f3cio.","publisher":{"@id":"https:\/\/ambipar.com\/latam\/#organization"},"potentialAction":[{"@type":"SearchAction","target":{"@type":"EntryPoint","urlTemplate":"https:\/\/ambipar.com\/latam\/?s={search_term_string}"},"query-input":"required name=search_term_string"}],"inLanguage":"es-CL"},{"@type":"ImageObject","@id":"https:\/\/ambipar.com\/latam\/ambipar-environment-2\/productos-ambientales\/linea-agricultura\/#primaryimage","inLanguage":"es-CL","url":"https:\/\/ambipar.com\/latam\/wp-content\/uploads\/2020\/10\/isas.jpg","contentUrl":"https:\/\/ambipar.com\/latam\/wp-content\/uploads\/2020\/10\/isas.jpg","width":1000,"height":1000,"caption":"isas"},{"@type":"WebPage","@id":"https:\/\/ambipar.com\/latam\/ambipar-environment-2\/productos-ambientales\/linea-agricultura\/#webpage","url":"https:\/\/ambipar.com\/latam\/ambipar-environment-2\/productos-ambientales\/linea-agricultura\/","name":"Conozca la L\u00ednea Agricultura de Ambipar Environment","isPartOf":{"@id":"https:\/\/ambipar.com\/latam\/#website"},"primaryImageOfPage":{"@id":"https:\/\/ambipar.com\/latam\/ambipar-environment-2\/productos-ambientales\/linea-agricultura\/#primaryimage"},"datePublished":"2020-11-12T22:02:18+00:00","dateModified":"2022-11-21T16:54:06+00:00","description":"ECOSOLO es un acondicionador certificado por IBD (Instituto Biodin\u00e2mico) y ECOCERT, destinado a la plantaci\u00f3n y mantenimiento en todos los cultivos.","breadcrumb":{"@id":"https:\/\/ambipar.com\/latam\/ambipar-environment-2\/productos-ambientales\/linea-agricultura\/#breadcrumb"},"inLanguage":"es-CL","potentialAction":[{"@type":"ReadAction","target":["https:\/\/ambipar.com\/latam\/ambipar-environment-2\/productos-ambientales\/linea-agricultura\/"]}]},{"@type":"BreadcrumbList","@id":"https:\/\/ambipar.com\/latam\/ambipar-environment-2\/productos-ambientales\/linea-agricultura\/#breadcrumb","itemListElement":[{"@type":"ListItem","position":1,"name":"Home","item":"https:\/\/ambipar.com\/latam\/"},{"@type":"ListItem","position":2,"name":"Ambipar Environment","item":"https:\/\/ambipar.com\/latam\/ambipar-environment-2\/"},{"@type":"ListItem","position":3,"name":"Productos Ambientales","item":"https:\/\/ambipar.com\/latam\/ambipar-environment-2\/productos-ambientales\/"},{"@type":"ListItem","position":4,"name":"L\u00ednea Agricultura"}]}]}},"_links":{"self":[{"href":"https:\/\/ambipar.com\/latam\/wp-json\/wp\/v2\/pages\/1581"}],"collection":[{"href":"https:\/\/ambipar.com\/latam\/wp-json\/wp\/v2\/pages"}],"about":[{"href":"https:\/\/ambipar.com\/latam\/wp-json\/wp\/v2\/types\/page"}],"author":[{"embeddable":true,"href":"https:\/\/ambipar.com\/latam\/wp-json\/wp\/v2\/users\/1"}],"replies":[{"embeddable":true,"href":"https:\/\/ambipar.com\/latam\/wp-json\/wp\/v2\/comments?post=1581"}],"version-history":[{"count":6,"href":"https:\/\/ambipar.com\/latam\/wp-json\/wp\/v2\/pages\/1581\/revisions"}],"predecessor-version":[{"id":4907,"href":"https:\/\/ambipar.com\/latam\/wp-json\/wp\/v2\/pages\/1581\/revisions\/4907"}],"up":[{"embeddable":true,"href":"https:\/\/ambipar.com\/latam\/wp-json\/wp\/v2\/pages\/1563"}],"wp:featuredmedia":[{"embeddable":true,"href":"https:\/\/ambipar.com\/latam\/wp-json\/wp\/v2\/media\/180"}],"wp:attachment":[{"href":"https:\/\/ambipar.com\/latam\/wp-json\/wp\/v2\/media?parent=1581"}],"curies":[{"name":"wp","href":"https:\/\/api.w.org\/{rel}","templated":true}]}}