{"id":1587,"date":"2020-11-12T19:03:57","date_gmt":"2020-11-12T22:03:57","guid":{"rendered":"https:\/\/ambipar.com\/latam\/?page_id=1587"},"modified":"2021-10-13T10:51:15","modified_gmt":"2021-10-13T13:51:15","slug":"linea-construccion-civil","status":"publish","type":"page","link":"https:\/\/ambipar.com\/latam\/ambipar-environment-2\/productos-ambientales\/linea-construccion-civil\/","title":{"rendered":"L\u00ednea Construcci\u00f3n Civil"},"content":{"rendered":"\n<p>En la l\u00ednea de construcci\u00f3n civil, contamos con artefactos cementosos y una base para pavimentaci\u00f3n ecol\u00f3gica compuesta de materia prima proveniente del reciclaje de las industrias de celulosa, tales como: cenizas de quema de biomasa, arena de caldera y carbonato de calcio.<\/p>\n\n\n\n<ul><li>Postes de cercas y cercas<\/li><li>Grilletes<\/li><li>Adoquines (Pisos Entrelazados)<\/li><li>Bloques Estructurales y de Mamposter\u00eda<\/li><li>Bordillo<\/li><li>Base para pavimentar caminos para reemplazar agregados convencionales y mejorar las condiciones geot\u00e9cnicas.<\/li><\/ul>\n\n\n\n<p>Vea tambi\u00e9n:<\/p>\n\n\n\n<ul><li><a href=\"\/ambipar-environment\/produtos-ambientais\/linha-absorvente\/\"><a href=\"https:\/\/ambipar.com\/latam\/ambipar-environment-2\/productos-ambientales\/linea-absorbente\/\">L\u00ednea Absorbente<\/a><\/a><\/li><li><a href=\"\/ambipar-environment\/produtos-ambientais\/linha-absorvente\/\"><a href=\"https:\/\/ambipar.com\/latam\/ambipar-environment-2\/productos-ambientales\/linea-contencion\/\">L\u00ednea Contenci\u00f3n<\/a><\/a><\/li><li><a href=\"\/ambipar-environment\/produtos-ambientais\/linha-absorvente\/\"><a href=\"https:\/\/ambipar.com\/latam\/ambipar-environment-2\/productos-ambientales\/kits-ambientales\/\">Kits Ambientales<\/a><\/a><\/li><li><a href=\"\/ambipar-environment\/produtos-ambientais\/linha-absorvente\/\"><a href=\"https:\/\/ambipar.com\/latam\/ambipar-environment-2\/productos-ambientales\/linea-proteccion-personal\/\">L\u00ednea Protecci\u00f3n Personal<\/a><\/a><\/li><li><a href=\"\/ambipar-environment\/produtos-ambientais\/linha-absorvente\/\"><a href=\"https:\/\/ambipar.com\/latam\/ambipar-environment-2\/productos-ambientales\/linea-sanitizante\/\">L\u00ednea Sanitizante<\/a><\/a><\/li><li><a href=\"\/ambipar-environment\/produtos-ambientais\/linha-absorvente\/\"><a href=\"https:\/\/ambipar.com\/latam\/ambipar-environment-2\/productos-ambientales\/linea-agricultura\/\">L\u00ednea Agricultura<\/a><\/a><\/li><\/ul>\n\n\n\n<p><\/p>\n","protected":false},"excerpt":{"rendered":"En la l\u00ednea de construcci\u00f3n civil, contamos con artefactos cementosos y una base para pavimentaci\u00f3n ecol\u00f3gica compuesta de materia prima proveniente del reciclaje de las industrias de celulosa, tales como: cenizas de quema de biomasa, arena de caldera y carbonato de calcio. Postes de cercas y cercas Grilletes Adoquines (Pisos Entrelazados) Bloques Estructurales y de&#8230; <a class=\"view-article\" href=\"https:\/\/ambipar.com\/latam\/ambipar-environment-2\/productos-ambientales\/linea-construccion-civil\/\">Ver art\u00edculo<\/a>","protected":false},"author":1,"featured_media":299,"parent":1563,"menu_order":0,"comment_status":"closed","ping_status":"closed","template":"single-servicos.php","meta":[],"yoast_head":"<!-- This site is optimized with the Yoast SEO plugin v17.6 - https:\/\/yoast.com\/wordpress\/plugins\/seo\/ -->\n<title>Conozca la L\u00ednea de Construcci\u00f3n Civil de Ambipar Environment<\/title>\n<meta name=\"description\" content=\"Contamos con artefactos cementosos y una base para pavimentaci\u00f3n ecol\u00f3gica compuesta de materia prima proveniente del reciclaje de las industrias de la celulosa\" \/>\n<meta name=\"robots\" content=\"index, follow, max-snippet:-1, max-image-preview:large, max-video-preview:-1\" \/>\n<link rel=\"canonical\" href=\"https:\/\/ambipar.com\/latam\/ambipar-environment-2\/productos-ambientales\/linea-construccion-civil\/\" \/>\n<meta property=\"og:locale\" content=\"es_ES\" \/>\n<meta property=\"og:type\" content=\"article\" \/>\n<meta property=\"og:title\" content=\"Conozca la L\u00ednea de Construcci\u00f3n Civil de Ambipar Environment\" \/>\n<meta property=\"og:description\" content=\"Contamos con artefactos cementosos y una base para pavimentaci\u00f3n ecol\u00f3gica compuesta de materia prima proveniente del reciclaje de las industrias de la celulosa\" \/>\n<meta property=\"og:url\" content=\"https:\/\/ambipar.com\/latam\/ambipar-environment-2\/productos-ambientales\/linea-construccion-civil\/\" \/>\n<meta property=\"og:site_name\" content=\"Ambipar. A l\u00edder em gest\u00e3o ambiental.\" \/>\n<meta property=\"article:modified_time\" content=\"2021-10-13T13:51:15+00:00\" \/>\n<meta property=\"og:image\" content=\"https:\/\/ambipar.com\/latam\/wp-content\/uploads\/2020\/10\/linhaconstrucaocivil.jpg\" \/>\n\t<meta property=\"og:image:width\" content=\"1280\" \/>\n\t<meta property=\"og:image:height\" content=\"720\" \/>\n<meta name=\"twitter:card\" content=\"summary_large_image\" \/>\n<meta name=\"twitter:label1\" content=\"Est. reading time\" \/>\n\t<meta name=\"twitter:data1\" content=\"1 minuto\" \/>\n<script type=\"application\/ld+json\" class=\"yoast-schema-graph\">{\"@context\":\"https:\/\/schema.org\",\"@graph\":[{\"@type\":\"Organization\",\"@id\":\"https:\/\/ambipar.com\/latam\/#organization\",\"name\":\"Ambipar\",\"url\":\"https:\/\/ambipar.com\/latam\/\",\"sameAs\":[],\"logo\":{\"@type\":\"ImageObject\",\"@id\":\"https:\/\/ambipar.com\/latam\/#logo\",\"inLanguage\":\"es-CL\",\"url\":\"https:\/\/ambipar.com\/latam\/wp-content\/uploads\/2020\/10\/ambipar_color.png\",\"contentUrl\":\"https:\/\/ambipar.com\/latam\/wp-content\/uploads\/2020\/10\/ambipar_color.png\",\"width\":174,\"height\":107,\"caption\":\"Ambipar\"},\"image\":{\"@id\":\"https:\/\/ambipar.com\/latam\/#logo\"}},{\"@type\":\"WebSite\",\"@id\":\"https:\/\/ambipar.com\/latam\/#website\",\"url\":\"https:\/\/ambipar.com\/latam\/\",\"name\":\"Ambipar. A l\\u00edder em gest\\u00e3o ambiental.\",\"description\":\"Pioneira em solu\\u00e7\\u00f5es ambientais, a Ambipar atua em todo o territ\\u00f3rio nacional oferecendo solu\\u00e7\\u00f5es integradas para toda a cadeia de neg\\u00f3cio.\",\"publisher\":{\"@id\":\"https:\/\/ambipar.com\/latam\/#organization\"},\"potentialAction\":[{\"@type\":\"SearchAction\",\"target\":{\"@type\":\"EntryPoint\",\"urlTemplate\":\"https:\/\/ambipar.com\/latam\/?s={search_term_string}\"},\"query-input\":\"required name=search_term_string\"}],\"inLanguage\":\"es-CL\"},{\"@type\":\"ImageObject\",\"@id\":\"https:\/\/ambipar.com\/latam\/ambipar-environment-2\/productos-ambientales\/linea-construccion-civil\/#primaryimage\",\"inLanguage\":\"es-CL\",\"url\":\"https:\/\/ambipar.com\/latam\/wp-content\/uploads\/2020\/10\/linhaconstrucaocivil.jpg\",\"contentUrl\":\"https:\/\/ambipar.com\/latam\/wp-content\/uploads\/2020\/10\/linhaconstrucaocivil.jpg\",\"width\":1280,\"height\":720,\"caption\":\"linha constru\\u00e7\\u00e3o civil\"},{\"@type\":\"WebPage\",\"@id\":\"https:\/\/ambipar.com\/latam\/ambipar-environment-2\/productos-ambientales\/linea-construccion-civil\/#webpage\",\"url\":\"https:\/\/ambipar.com\/latam\/ambipar-environment-2\/productos-ambientales\/linea-construccion-civil\/\",\"name\":\"Conozca la L\\u00ednea de Construcci\\u00f3n Civil de Ambipar Environment\",\"isPartOf\":{\"@id\":\"https:\/\/ambipar.com\/latam\/#website\"},\"primaryImageOfPage\":{\"@id\":\"https:\/\/ambipar.com\/latam\/ambipar-environment-2\/productos-ambientales\/linea-construccion-civil\/#primaryimage\"},\"datePublished\":\"2020-11-12T22:03:57+00:00\",\"dateModified\":\"2021-10-13T13:51:15+00:00\",\"description\":\"Contamos con artefactos cementosos y una base para pavimentaci\\u00f3n ecol\\u00f3gica compuesta de materia prima proveniente del reciclaje de las industrias de la celulosa\",\"breadcrumb\":{\"@id\":\"https:\/\/ambipar.com\/latam\/ambipar-environment-2\/productos-ambientales\/linea-construccion-civil\/#breadcrumb\"},\"inLanguage\":\"es-CL\",\"potentialAction\":[{\"@type\":\"ReadAction\",\"target\":[\"https:\/\/ambipar.com\/latam\/ambipar-environment-2\/productos-ambientales\/linea-construccion-civil\/\"]}]},{\"@type\":\"BreadcrumbList\",\"@id\":\"https:\/\/ambipar.com\/latam\/ambipar-environment-2\/productos-ambientales\/linea-construccion-civil\/#breadcrumb\",\"itemListElement\":[{\"@type\":\"ListItem\",\"position\":1,\"name\":\"Home\",\"item\":\"https:\/\/ambipar.com\/latam\/\"},{\"@type\":\"ListItem\",\"position\":2,\"name\":\"Ambipar Environment\",\"item\":\"https:\/\/ambipar.com\/latam\/ambipar-environment-2\/\"},{\"@type\":\"ListItem\",\"position\":3,\"name\":\"Productos Ambientales\",\"item\":\"https:\/\/ambipar.com\/latam\/ambipar-environment-2\/productos-ambientales\/\"},{\"@type\":\"ListItem\",\"position\":4,\"name\":\"L\\u00ednea Construcci\\u00f3n Civil\"}]}]}<\/script>\n<!-- \/ Yoast SEO plugin. -->","yoast_head_json":{"title":"Conozca la L\u00ednea de Construcci\u00f3n Civil de Ambipar Environment","description":"Contamos con artefactos cementosos y una base para pavimentaci\u00f3n ecol\u00f3gica compuesta de materia prima proveniente del reciclaje de las industrias de la celulosa","robots":{"index":"index","follow":"follow","max-snippet":"max-snippet:-1","max-image-preview":"max-image-preview:large","max-video-preview":"max-video-preview:-1"},"canonical":"https:\/\/ambipar.com\/latam\/ambipar-environment-2\/productos-ambientales\/linea-construccion-civil\/","og_locale":"es_ES","og_type":"article","og_title":"Conozca la L\u00ednea de Construcci\u00f3n Civil de Ambipar Environment","og_description":"Contamos con artefactos cementosos y una base para pavimentaci\u00f3n ecol\u00f3gica compuesta de materia prima proveniente del reciclaje de las industrias de la celulosa","og_url":"https:\/\/ambipar.com\/latam\/ambipar-environment-2\/productos-ambientales\/linea-construccion-civil\/","og_site_name":"Ambipar. A l\u00edder em gest\u00e3o ambiental.","article_modified_time":"2021-10-13T13:51:15+00:00","og_image":[{"width":1280,"height":720,"url":"https:\/\/ambipar.com\/latam\/wp-content\/uploads\/2020\/10\/linhaconstrucaocivil.jpg","type":"image\/jpeg"}],"twitter_card":"summary_large_image","twitter_misc":{"Est. reading time":"1 minuto"},"schema":{"@context":"https:\/\/schema.org","@graph":[{"@type":"Organization","@id":"https:\/\/ambipar.com\/latam\/#organization","name":"Ambipar","url":"https:\/\/ambipar.com\/latam\/","sameAs":[],"logo":{"@type":"ImageObject","@id":"https:\/\/ambipar.com\/latam\/#logo","inLanguage":"es-CL","url":"https:\/\/ambipar.com\/latam\/wp-content\/uploads\/2020\/10\/ambipar_color.png","contentUrl":"https:\/\/ambipar.com\/latam\/wp-content\/uploads\/2020\/10\/ambipar_color.png","width":174,"height":107,"caption":"Ambipar"},"image":{"@id":"https:\/\/ambipar.com\/latam\/#logo"}},{"@type":"WebSite","@id":"https:\/\/ambipar.com\/latam\/#website","url":"https:\/\/ambipar.com\/latam\/","name":"Ambipar. A l\u00edder em gest\u00e3o ambiental.","description":"Pioneira em solu\u00e7\u00f5es ambientais, a Ambipar atua em todo o territ\u00f3rio nacional oferecendo solu\u00e7\u00f5es integradas para toda a cadeia de neg\u00f3cio.","publisher":{"@id":"https:\/\/ambipar.com\/latam\/#organization"},"potentialAction":[{"@type":"SearchAction","target":{"@type":"EntryPoint","urlTemplate":"https:\/\/ambipar.com\/latam\/?s={search_term_string}"},"query-input":"required name=search_term_string"}],"inLanguage":"es-CL"},{"@type":"ImageObject","@id":"https:\/\/ambipar.com\/latam\/ambipar-environment-2\/productos-ambientales\/linea-construccion-civil\/#primaryimage","inLanguage":"es-CL","url":"https:\/\/ambipar.com\/latam\/wp-content\/uploads\/2020\/10\/linhaconstrucaocivil.jpg","contentUrl":"https:\/\/ambipar.com\/latam\/wp-content\/uploads\/2020\/10\/linhaconstrucaocivil.jpg","width":1280,"height":720,"caption":"linha constru\u00e7\u00e3o civil"},{"@type":"WebPage","@id":"https:\/\/ambipar.com\/latam\/ambipar-environment-2\/productos-ambientales\/linea-construccion-civil\/#webpage","url":"https:\/\/ambipar.com\/latam\/ambipar-environment-2\/productos-ambientales\/linea-construccion-civil\/","name":"Conozca la L\u00ednea de Construcci\u00f3n Civil de Ambipar Environment","isPartOf":{"@id":"https:\/\/ambipar.com\/latam\/#website"},"primaryImageOfPage":{"@id":"https:\/\/ambipar.com\/latam\/ambipar-environment-2\/productos-ambientales\/linea-construccion-civil\/#primaryimage"},"datePublished":"2020-11-12T22:03:57+00:00","dateModified":"2021-10-13T13:51:15+00:00","description":"Contamos con artefactos cementosos y una base para pavimentaci\u00f3n ecol\u00f3gica compuesta de materia prima proveniente del reciclaje de las industrias de la celulosa","breadcrumb":{"@id":"https:\/\/ambipar.com\/latam\/ambipar-environment-2\/productos-ambientales\/linea-construccion-civil\/#breadcrumb"},"inLanguage":"es-CL","potentialAction":[{"@type":"ReadAction","target":["https:\/\/ambipar.com\/latam\/ambipar-environment-2\/productos-ambientales\/linea-construccion-civil\/"]}]},{"@type":"BreadcrumbList","@id":"https:\/\/ambipar.com\/latam\/ambipar-environment-2\/productos-ambientales\/linea-construccion-civil\/#breadcrumb","itemListElement":[{"@type":"ListItem","position":1,"name":"Home","item":"https:\/\/ambipar.com\/latam\/"},{"@type":"ListItem","position":2,"name":"Ambipar Environment","item":"https:\/\/ambipar.com\/latam\/ambipar-environment-2\/"},{"@type":"ListItem","position":3,"name":"Productos Ambientales","item":"https:\/\/ambipar.com\/latam\/ambipar-environment-2\/productos-ambientales\/"},{"@type":"ListItem","position":4,"name":"L\u00ednea Construcci\u00f3n Civil"}]}]}},"_links":{"self":[{"href":"https:\/\/ambipar.com\/latam\/wp-json\/wp\/v2\/pages\/1587"}],"collection":[{"href":"https:\/\/ambipar.com\/latam\/wp-json\/wp\/v2\/pages"}],"about":[{"href":"https:\/\/ambipar.com\/latam\/wp-json\/wp\/v2\/types\/page"}],"author":[{"embeddable":true,"href":"https:\/\/ambipar.com\/latam\/wp-json\/wp\/v2\/users\/1"}],"replies":[{"embeddable":true,"href":"https:\/\/ambipar.com\/latam\/wp-json\/wp\/v2\/comments?post=1587"}],"version-history":[{"count":4,"href":"https:\/\/ambipar.com\/latam\/wp-json\/wp\/v2\/pages\/1587\/revisions"}],"predecessor-version":[{"id":4157,"href":"https:\/\/ambipar.com\/latam\/wp-json\/wp\/v2\/pages\/1587\/revisions\/4157"}],"up":[{"embeddable":true,"href":"https:\/\/ambipar.com\/latam\/wp-json\/wp\/v2\/pages\/1563"}],"wp:featuredmedia":[{"embeddable":true,"href":"https:\/\/ambipar.com\/latam\/wp-json\/wp\/v2\/media\/299"}],"wp:attachment":[{"href":"https:\/\/ambipar.com\/latam\/wp-json\/wp\/v2\/media?parent=1587"}],"curies":[{"name":"wp","href":"https:\/\/api.w.org\/{rel}","templated":true}]}}