{"id":1596,"date":"2020-11-12T17:44:51","date_gmt":"2020-11-12T20:44:51","guid":{"rendered":"https:\/\/ambipar.com\/latam\/?page_id=1596"},"modified":"2021-01-05T20:18:14","modified_gmt":"2021-01-05T23:18:14","slug":"individual-protection-line","status":"publish","type":"page","link":"https:\/\/ambipar.com\/latam\/en\/ambipar-environment\/produtos-ambientais\/individual-protection-line\/","title":{"rendered":"Individual Protection Line"},"content":{"rendered":"\n<p>Ambipar has a line of Personal Protective Equipment (PPE) and collective (EPC), which extends to signs, helmets, gloves, glasses, welding mask, hearing protectors, protective clothing and creams.<\/p>\n\n\n\n<p>&nbsp;All equipment offered is for specific use. The high quality materials guarantee an efficient protection to workers, complying with the regulatory standards (NR) of the Ministry of Labor.<\/p>\n\n\n\n<p>See too:<\/p>\n\n\n\n<ul id=\"block-c1455604-4fff-4023-a8f8-cde70aef5c33\"><li><a href=\"https:\/\/ambipar.com\/latam\/en\/ambipar-environment\/produtos-ambientais\/absorbent-line\/\">Absorbent Line<\/a><\/li><li><a href=\"https:\/\/ambipar.com\/latam\/en\/ambipar-environment\/produtos-ambientais\/contention-line\/\">Contention Line<\/a><\/li><li><a href=\"https:\/\/ambipar.com\/latam\/en\/ambipar-environment\/produtos-ambientais\/environmental-sets\/\">Environmental Sets<\/a><\/li><li><a href=\"https:\/\/ambipar.com\/latam\/en\/ambipar-environment\/produtos-ambientais\/sanitizer-line\/\">Sanitizer Line<\/a><\/li><li><a href=\"https:\/\/ambipar.com\/latam\/en\/ambipar-environment\/produtos-ambientais\/agriculture-line\/\">Agriculture Line<\/a><\/li><li><a href=\"https:\/\/ambipar.com\/latam\/en\/ambipar-environment\/produtos-ambientais\/building-industry-line\/\">Building Industry Line<\/a><\/li><\/ul>\n\n\n\n<p><\/p>\n","protected":false},"excerpt":{"rendered":"Ambipar has a line of Personal Protective Equipment (PPE) and collective (EPC), which extends to signs, helmets, gloves, glasses, welding mask, hearing protectors, protective clothing and creams. &nbsp;All equipment offered is for specific use. The high quality materials guarantee an efficient protection to workers, complying with the regulatory standards (NR) of the Ministry of Labor&#8230;. <a class=\"view-article\" href=\"https:\/\/ambipar.com\/latam\/en\/ambipar-environment\/produtos-ambientais\/individual-protection-line\/\">Ver art\u00edculo<\/a>","protected":false},"author":1,"featured_media":282,"parent":255,"menu_order":0,"comment_status":"closed","ping_status":"closed","template":"single-servicos.php","meta":[],"yoast_head":"<!-- This site is optimized with the Yoast SEO plugin v17.6 - https:\/\/yoast.com\/wordpress\/plugins\/seo\/ -->\n<title>Discover the Ambipar Environment Individual Protection Line<\/title>\n<meta name=\"description\" content=\"Ambipar has a line of Personal Protective Equipment (PPE) and collective (EPC), which extends to signs, helmets, gloves\" \/>\n<meta name=\"robots\" content=\"index, follow, max-snippet:-1, max-image-preview:large, max-video-preview:-1\" \/>\n<link rel=\"canonical\" href=\"https:\/\/ambipar.com\/latam\/en\/ambipar-environment\/produtos-ambientais\/individual-protection-line\/\" \/>\n<meta property=\"og:locale\" content=\"es_ES\" \/>\n<meta property=\"og:type\" content=\"article\" \/>\n<meta property=\"og:title\" content=\"Discover the Ambipar Environment Individual Protection Line\" \/>\n<meta property=\"og:description\" content=\"Ambipar has a line of Personal Protective Equipment (PPE) and collective (EPC), which extends to signs, helmets, gloves\" \/>\n<meta property=\"og:url\" content=\"https:\/\/ambipar.com\/latam\/en\/ambipar-environment\/produtos-ambientais\/individual-protection-line\/\" \/>\n<meta property=\"og:site_name\" content=\"Ambipar. A l\u00edder em gest\u00e3o ambiental.\" \/>\n<meta property=\"article:modified_time\" content=\"2021-01-05T23:18:14+00:00\" \/>\n<meta property=\"og:image\" content=\"https:\/\/ambipar.com\/latam\/wp-content\/uploads\/2020\/10\/protecaoindividual.png\" \/>\n\t<meta property=\"og:image:width\" content=\"626\" \/>\n\t<meta property=\"og:image:height\" content=\"760\" \/>\n<meta name=\"twitter:card\" content=\"summary_large_image\" \/>\n<script type=\"application\/ld+json\" class=\"yoast-schema-graph\">{\"@context\":\"https:\/\/schema.org\",\"@graph\":[{\"@type\":\"Organization\",\"@id\":\"https:\/\/ambipar.com\/latam\/#organization\",\"name\":\"Ambipar\",\"url\":\"https:\/\/ambipar.com\/latam\/\",\"sameAs\":[],\"logo\":{\"@type\":\"ImageObject\",\"@id\":\"https:\/\/ambipar.com\/latam\/#logo\",\"inLanguage\":\"es-CL\",\"url\":\"https:\/\/ambipar.com\/latam\/wp-content\/uploads\/2020\/10\/ambipar_color.png\",\"contentUrl\":\"https:\/\/ambipar.com\/latam\/wp-content\/uploads\/2020\/10\/ambipar_color.png\",\"width\":174,\"height\":107,\"caption\":\"Ambipar\"},\"image\":{\"@id\":\"https:\/\/ambipar.com\/latam\/#logo\"}},{\"@type\":\"WebSite\",\"@id\":\"https:\/\/ambipar.com\/latam\/#website\",\"url\":\"https:\/\/ambipar.com\/latam\/\",\"name\":\"Ambipar. A l\\u00edder em gest\\u00e3o ambiental.\",\"description\":\"Pioneira em solu\\u00e7\\u00f5es ambientais, a Ambipar atua em todo o territ\\u00f3rio nacional oferecendo solu\\u00e7\\u00f5es integradas para toda a cadeia de neg\\u00f3cio.\",\"publisher\":{\"@id\":\"https:\/\/ambipar.com\/latam\/#organization\"},\"potentialAction\":[{\"@type\":\"SearchAction\",\"target\":{\"@type\":\"EntryPoint\",\"urlTemplate\":\"https:\/\/ambipar.com\/latam\/?s={search_term_string}\"},\"query-input\":\"required name=search_term_string\"}],\"inLanguage\":\"es-CL\"},{\"@type\":\"ImageObject\",\"@id\":\"https:\/\/ambipar.com\/latam\/en\/ambipar-environment\/produtos-ambientais\/individual-protection-line\/#primaryimage\",\"inLanguage\":\"es-CL\",\"url\":\"https:\/\/ambipar.com\/latam\/wp-content\/uploads\/2020\/10\/protecaoindividual.png\",\"contentUrl\":\"https:\/\/ambipar.com\/latam\/wp-content\/uploads\/2020\/10\/protecaoindividual.png\",\"width\":626,\"height\":760,\"caption\":\"prote\\u00e7\\u00e3o individual\"},{\"@type\":\"WebPage\",\"@id\":\"https:\/\/ambipar.com\/latam\/en\/ambipar-environment\/produtos-ambientais\/individual-protection-line\/#webpage\",\"url\":\"https:\/\/ambipar.com\/latam\/en\/ambipar-environment\/produtos-ambientais\/individual-protection-line\/\",\"name\":\"Discover the Ambipar Environment Individual Protection Line\",\"isPartOf\":{\"@id\":\"https:\/\/ambipar.com\/latam\/#website\"},\"primaryImageOfPage\":{\"@id\":\"https:\/\/ambipar.com\/latam\/en\/ambipar-environment\/produtos-ambientais\/individual-protection-line\/#primaryimage\"},\"datePublished\":\"2020-11-12T20:44:51+00:00\",\"dateModified\":\"2021-01-05T23:18:14+00:00\",\"description\":\"Ambipar has a line of Personal Protective Equipment (PPE) and collective (EPC), which extends to signs, helmets, gloves\",\"breadcrumb\":{\"@id\":\"https:\/\/ambipar.com\/latam\/en\/ambipar-environment\/produtos-ambientais\/individual-protection-line\/#breadcrumb\"},\"inLanguage\":\"es-CL\",\"potentialAction\":[{\"@type\":\"ReadAction\",\"target\":[\"https:\/\/ambipar.com\/latam\/en\/ambipar-environment\/produtos-ambientais\/individual-protection-line\/\"]}]},{\"@type\":\"BreadcrumbList\",\"@id\":\"https:\/\/ambipar.com\/latam\/en\/ambipar-environment\/produtos-ambientais\/individual-protection-line\/#breadcrumb\",\"itemListElement\":[{\"@type\":\"ListItem\",\"position\":1,\"name\":\"Home\",\"item\":\"https:\/\/ambipar.com\/latam\/\"},{\"@type\":\"ListItem\",\"position\":2,\"name\":\"Ambipar Environment\",\"item\":\"https:\/\/ambipar.com\/latam\/pt\/ambipar-environment\/\"},{\"@type\":\"ListItem\",\"position\":3,\"name\":\"Produtos Ambientais\",\"item\":\"https:\/\/ambipar.com\/latam\/pt\/ambipar-environment\/produtos-ambientais\/\"},{\"@type\":\"ListItem\",\"position\":4,\"name\":\"Individual Protection Line\"}]}]}<\/script>\n<!-- \/ Yoast SEO plugin. -->","yoast_head_json":{"title":"Discover the Ambipar Environment Individual Protection Line","description":"Ambipar has a line of Personal Protective Equipment (PPE) and collective (EPC), which extends to signs, helmets, gloves","robots":{"index":"index","follow":"follow","max-snippet":"max-snippet:-1","max-image-preview":"max-image-preview:large","max-video-preview":"max-video-preview:-1"},"canonical":"https:\/\/ambipar.com\/latam\/en\/ambipar-environment\/produtos-ambientais\/individual-protection-line\/","og_locale":"es_ES","og_type":"article","og_title":"Discover the Ambipar Environment Individual Protection Line","og_description":"Ambipar has a line of Personal Protective Equipment (PPE) and collective (EPC), which extends to signs, helmets, gloves","og_url":"https:\/\/ambipar.com\/latam\/en\/ambipar-environment\/produtos-ambientais\/individual-protection-line\/","og_site_name":"Ambipar. A l\u00edder em gest\u00e3o ambiental.","article_modified_time":"2021-01-05T23:18:14+00:00","og_image":[{"width":626,"height":760,"url":"https:\/\/ambipar.com\/latam\/wp-content\/uploads\/2020\/10\/protecaoindividual.png","type":"image\/png"}],"twitter_card":"summary_large_image","schema":{"@context":"https:\/\/schema.org","@graph":[{"@type":"Organization","@id":"https:\/\/ambipar.com\/latam\/#organization","name":"Ambipar","url":"https:\/\/ambipar.com\/latam\/","sameAs":[],"logo":{"@type":"ImageObject","@id":"https:\/\/ambipar.com\/latam\/#logo","inLanguage":"es-CL","url":"https:\/\/ambipar.com\/latam\/wp-content\/uploads\/2020\/10\/ambipar_color.png","contentUrl":"https:\/\/ambipar.com\/latam\/wp-content\/uploads\/2020\/10\/ambipar_color.png","width":174,"height":107,"caption":"Ambipar"},"image":{"@id":"https:\/\/ambipar.com\/latam\/#logo"}},{"@type":"WebSite","@id":"https:\/\/ambipar.com\/latam\/#website","url":"https:\/\/ambipar.com\/latam\/","name":"Ambipar. A l\u00edder em gest\u00e3o ambiental.","description":"Pioneira em solu\u00e7\u00f5es ambientais, a Ambipar atua em todo o territ\u00f3rio nacional oferecendo solu\u00e7\u00f5es integradas para toda a cadeia de neg\u00f3cio.","publisher":{"@id":"https:\/\/ambipar.com\/latam\/#organization"},"potentialAction":[{"@type":"SearchAction","target":{"@type":"EntryPoint","urlTemplate":"https:\/\/ambipar.com\/latam\/?s={search_term_string}"},"query-input":"required name=search_term_string"}],"inLanguage":"es-CL"},{"@type":"ImageObject","@id":"https:\/\/ambipar.com\/latam\/en\/ambipar-environment\/produtos-ambientais\/individual-protection-line\/#primaryimage","inLanguage":"es-CL","url":"https:\/\/ambipar.com\/latam\/wp-content\/uploads\/2020\/10\/protecaoindividual.png","contentUrl":"https:\/\/ambipar.com\/latam\/wp-content\/uploads\/2020\/10\/protecaoindividual.png","width":626,"height":760,"caption":"prote\u00e7\u00e3o individual"},{"@type":"WebPage","@id":"https:\/\/ambipar.com\/latam\/en\/ambipar-environment\/produtos-ambientais\/individual-protection-line\/#webpage","url":"https:\/\/ambipar.com\/latam\/en\/ambipar-environment\/produtos-ambientais\/individual-protection-line\/","name":"Discover the Ambipar Environment Individual Protection Line","isPartOf":{"@id":"https:\/\/ambipar.com\/latam\/#website"},"primaryImageOfPage":{"@id":"https:\/\/ambipar.com\/latam\/en\/ambipar-environment\/produtos-ambientais\/individual-protection-line\/#primaryimage"},"datePublished":"2020-11-12T20:44:51+00:00","dateModified":"2021-01-05T23:18:14+00:00","description":"Ambipar has a line of Personal Protective Equipment (PPE) and collective (EPC), which extends to signs, helmets, gloves","breadcrumb":{"@id":"https:\/\/ambipar.com\/latam\/en\/ambipar-environment\/produtos-ambientais\/individual-protection-line\/#breadcrumb"},"inLanguage":"es-CL","potentialAction":[{"@type":"ReadAction","target":["https:\/\/ambipar.com\/latam\/en\/ambipar-environment\/produtos-ambientais\/individual-protection-line\/"]}]},{"@type":"BreadcrumbList","@id":"https:\/\/ambipar.com\/latam\/en\/ambipar-environment\/produtos-ambientais\/individual-protection-line\/#breadcrumb","itemListElement":[{"@type":"ListItem","position":1,"name":"Home","item":"https:\/\/ambipar.com\/latam\/"},{"@type":"ListItem","position":2,"name":"Ambipar Environment","item":"https:\/\/ambipar.com\/latam\/pt\/ambipar-environment\/"},{"@type":"ListItem","position":3,"name":"Produtos Ambientais","item":"https:\/\/ambipar.com\/latam\/pt\/ambipar-environment\/produtos-ambientais\/"},{"@type":"ListItem","position":4,"name":"Individual Protection Line"}]}]}},"_links":{"self":[{"href":"https:\/\/ambipar.com\/latam\/wp-json\/wp\/v2\/pages\/1596"}],"collection":[{"href":"https:\/\/ambipar.com\/latam\/wp-json\/wp\/v2\/pages"}],"about":[{"href":"https:\/\/ambipar.com\/latam\/wp-json\/wp\/v2\/types\/page"}],"author":[{"embeddable":true,"href":"https:\/\/ambipar.com\/latam\/wp-json\/wp\/v2\/users\/1"}],"replies":[{"embeddable":true,"href":"https:\/\/ambipar.com\/latam\/wp-json\/wp\/v2\/comments?post=1596"}],"version-history":[{"count":3,"href":"https:\/\/ambipar.com\/latam\/wp-json\/wp\/v2\/pages\/1596\/revisions"}],"predecessor-version":[{"id":1692,"href":"https:\/\/ambipar.com\/latam\/wp-json\/wp\/v2\/pages\/1596\/revisions\/1692"}],"up":[{"embeddable":true,"href":"https:\/\/ambipar.com\/latam\/wp-json\/wp\/v2\/pages\/255"}],"wp:featuredmedia":[{"embeddable":true,"href":"https:\/\/ambipar.com\/latam\/wp-json\/wp\/v2\/media\/282"}],"wp:attachment":[{"href":"https:\/\/ambipar.com\/latam\/wp-json\/wp\/v2\/media?parent=1596"}],"curies":[{"name":"wp","href":"https:\/\/api.w.org\/{rel}","templated":true}]}}