{"id":1599,"date":"2020-11-12T19:06:33","date_gmt":"2020-11-12T22:06:33","guid":{"rendered":"https:\/\/ambipar.com\/latam\/?page_id=1599"},"modified":"2021-10-13T10:49:51","modified_gmt":"2021-10-13T13:49:51","slug":"linea-proteccion-personal","status":"publish","type":"page","link":"https:\/\/ambipar.com\/latam\/ambipar-environment-2\/productos-ambientales\/linea-proteccion-personal\/","title":{"rendered":"L\u00ednea Protecci\u00f3n Personal"},"content":{"rendered":"\n<p>Ambipar cuenta con una l\u00ednea de Equipos de Protecci\u00f3n Personal (EPI) y colectivos (EPC), que se extiende a r\u00f3tulos, cascos, guantes, gafas, mascarilla de soldar, protectores auditivos, ropa protectora y cremas.<\/p>\n\n\n\n<p>Todo el equipo que se ofrece es para un uso espec\u00edfico. Los materiales de alta calidad garantizan una protecci\u00f3n eficaz a los trabajadores, cumpliendo con las normas regulatorias (NR) del Ministerio de Trabajo.<\/p>\n\n\n\n<p>Vea tambi\u00e9n:<\/p>\n\n\n\n<ul id=\"block-c1455604-4fff-4023-a8f8-cde70aef5c33\"><li><a href=\"https:\/\/ambipar.com\/latam\/es\/ambipar-environment\/produtos-ambientais\/linea-absorbente\/\"><a href=\"https:\/\/ambipar.com\/latam\/ambipar-environment-2\/productos-ambientales\/linea-absorbente\/\">L\u00ednea Absorbente<\/a><\/a><\/li><li><a href=\"https:\/\/ambipar.com\/latam\/es\/ambipar-environment\/produtos-ambientais\/linea-absorbente\/\"><a href=\"https:\/\/ambipar.com\/latam\/ambipar-environment-2\/productos-ambientales\/linea-contencion\/\">L\u00ednea Contenci\u00f3n<\/a><\/a><\/li><li><a href=\"https:\/\/ambipar.com\/latam\/es\/ambipar-environment\/produtos-ambientais\/linea-absorbente\/\"><a href=\"https:\/\/ambipar.com\/latam\/ambipar-environment-2\/productos-ambientales\/kits-ambientales\/\">Kits Ambientales<\/a><\/a><\/li><li><a href=\"https:\/\/ambipar.com\/latam\/es\/ambipar-environment\/produtos-ambientais\/linea-absorbente\/\"><a href=\"https:\/\/ambipar.com\/latam\/ambipar-environment-2\/productos-ambientales\/linea-sanitizante\/\">L\u00ednea Sanitizante<\/a><\/a><\/li><li><a href=\"https:\/\/ambipar.com\/latam\/es\/ambipar-environment\/produtos-ambientais\/linea-absorbente\/\"><a href=\"https:\/\/ambipar.com\/latam\/ambipar-environment-2\/productos-ambientales\/linea-agricultura\/\">L\u00ednea Agricultura<\/a><\/a><\/li><li><a href=\"https:\/\/ambipar.com\/latam\/es\/ambipar-environment\/produtos-ambientais\/linea-absorbente\/\"><a href=\"https:\/\/ambipar.com\/latam\/ambipar-environment-2\/productos-ambientales\/linea-construccion-civil\/\">L\u00ednea Construcci\u00f3n Civil<\/a><\/a><\/li><\/ul>\n\n\n\n<p><\/p>\n","protected":false},"excerpt":{"rendered":"Ambipar cuenta con una l\u00ednea de Equipos de Protecci\u00f3n Personal (EPI) y colectivos (EPC), que se extiende a r\u00f3tulos, cascos, guantes, gafas, mascarilla de soldar, protectores auditivos, ropa protectora y cremas. Todo el equipo que se ofrece es para un uso espec\u00edfico. Los materiales de alta calidad garantizan una protecci\u00f3n eficaz a los trabajadores, cumpliendo&#8230; <a class=\"view-article\" href=\"https:\/\/ambipar.com\/latam\/ambipar-environment-2\/productos-ambientales\/linea-proteccion-personal\/\">Ver art\u00edculo<\/a>","protected":false},"author":1,"featured_media":282,"parent":1563,"menu_order":0,"comment_status":"closed","ping_status":"closed","template":"single-servicos.php","meta":[],"yoast_head":"<!-- This site is optimized with the Yoast SEO plugin v17.6 - https:\/\/yoast.com\/wordpress\/plugins\/seo\/ -->\n<title>Descubra la L\u00ednea Protecci\u00f3n Personal de Ambipar Environment<\/title>\n<meta name=\"description\" content=\"Ambipar cuenta con una l\u00ednea de Equipos de Protecci\u00f3n Personal (EPI) y colectivos (EPC), que se extiende a r\u00f3tulos, cascos, guantes\" \/>\n<meta name=\"robots\" content=\"index, follow, max-snippet:-1, max-image-preview:large, max-video-preview:-1\" \/>\n<link rel=\"canonical\" href=\"https:\/\/ambipar.com\/latam\/ambipar-environment-2\/productos-ambientales\/linea-proteccion-personal\/\" \/>\n<meta property=\"og:locale\" content=\"es_ES\" \/>\n<meta property=\"og:type\" content=\"article\" \/>\n<meta property=\"og:title\" content=\"Descubra la L\u00ednea Protecci\u00f3n Personal de Ambipar Environment\" \/>\n<meta property=\"og:description\" content=\"Ambipar cuenta con una l\u00ednea de Equipos de Protecci\u00f3n Personal (EPI) y colectivos (EPC), que se extiende a r\u00f3tulos, cascos, guantes\" \/>\n<meta property=\"og:url\" content=\"https:\/\/ambipar.com\/latam\/ambipar-environment-2\/productos-ambientales\/linea-proteccion-personal\/\" \/>\n<meta property=\"og:site_name\" content=\"Ambipar. A l\u00edder em gest\u00e3o ambiental.\" \/>\n<meta property=\"article:modified_time\" content=\"2021-10-13T13:49:51+00:00\" \/>\n<meta property=\"og:image\" content=\"https:\/\/ambipar.com\/latam\/wp-content\/uploads\/2020\/10\/protecaoindividual.png\" \/>\n\t<meta property=\"og:image:width\" content=\"626\" \/>\n\t<meta property=\"og:image:height\" content=\"760\" \/>\n<meta name=\"twitter:card\" content=\"summary_large_image\" \/>\n<meta name=\"twitter:label1\" content=\"Est. reading time\" \/>\n\t<meta name=\"twitter:data1\" content=\"1 minuto\" \/>\n<script type=\"application\/ld+json\" class=\"yoast-schema-graph\">{\"@context\":\"https:\/\/schema.org\",\"@graph\":[{\"@type\":\"Organization\",\"@id\":\"https:\/\/ambipar.com\/latam\/#organization\",\"name\":\"Ambipar\",\"url\":\"https:\/\/ambipar.com\/latam\/\",\"sameAs\":[],\"logo\":{\"@type\":\"ImageObject\",\"@id\":\"https:\/\/ambipar.com\/latam\/#logo\",\"inLanguage\":\"es-CL\",\"url\":\"https:\/\/ambipar.com\/latam\/wp-content\/uploads\/2020\/10\/ambipar_color.png\",\"contentUrl\":\"https:\/\/ambipar.com\/latam\/wp-content\/uploads\/2020\/10\/ambipar_color.png\",\"width\":174,\"height\":107,\"caption\":\"Ambipar\"},\"image\":{\"@id\":\"https:\/\/ambipar.com\/latam\/#logo\"}},{\"@type\":\"WebSite\",\"@id\":\"https:\/\/ambipar.com\/latam\/#website\",\"url\":\"https:\/\/ambipar.com\/latam\/\",\"name\":\"Ambipar. A l\\u00edder em gest\\u00e3o ambiental.\",\"description\":\"Pioneira em solu\\u00e7\\u00f5es ambientais, a Ambipar atua em todo o territ\\u00f3rio nacional oferecendo solu\\u00e7\\u00f5es integradas para toda a cadeia de neg\\u00f3cio.\",\"publisher\":{\"@id\":\"https:\/\/ambipar.com\/latam\/#organization\"},\"potentialAction\":[{\"@type\":\"SearchAction\",\"target\":{\"@type\":\"EntryPoint\",\"urlTemplate\":\"https:\/\/ambipar.com\/latam\/?s={search_term_string}\"},\"query-input\":\"required name=search_term_string\"}],\"inLanguage\":\"es-CL\"},{\"@type\":\"ImageObject\",\"@id\":\"https:\/\/ambipar.com\/latam\/ambipar-environment-2\/productos-ambientales\/linea-proteccion-personal\/#primaryimage\",\"inLanguage\":\"es-CL\",\"url\":\"https:\/\/ambipar.com\/latam\/wp-content\/uploads\/2020\/10\/protecaoindividual.png\",\"contentUrl\":\"https:\/\/ambipar.com\/latam\/wp-content\/uploads\/2020\/10\/protecaoindividual.png\",\"width\":626,\"height\":760,\"caption\":\"prote\\u00e7\\u00e3o individual\"},{\"@type\":\"WebPage\",\"@id\":\"https:\/\/ambipar.com\/latam\/ambipar-environment-2\/productos-ambientales\/linea-proteccion-personal\/#webpage\",\"url\":\"https:\/\/ambipar.com\/latam\/ambipar-environment-2\/productos-ambientales\/linea-proteccion-personal\/\",\"name\":\"Descubra la L\\u00ednea Protecci\\u00f3n Personal de Ambipar Environment\",\"isPartOf\":{\"@id\":\"https:\/\/ambipar.com\/latam\/#website\"},\"primaryImageOfPage\":{\"@id\":\"https:\/\/ambipar.com\/latam\/ambipar-environment-2\/productos-ambientales\/linea-proteccion-personal\/#primaryimage\"},\"datePublished\":\"2020-11-12T22:06:33+00:00\",\"dateModified\":\"2021-10-13T13:49:51+00:00\",\"description\":\"Ambipar cuenta con una l\\u00ednea de Equipos de Protecci\\u00f3n Personal (EPI) y colectivos (EPC), que se extiende a r\\u00f3tulos, cascos, guantes\",\"breadcrumb\":{\"@id\":\"https:\/\/ambipar.com\/latam\/ambipar-environment-2\/productos-ambientales\/linea-proteccion-personal\/#breadcrumb\"},\"inLanguage\":\"es-CL\",\"potentialAction\":[{\"@type\":\"ReadAction\",\"target\":[\"https:\/\/ambipar.com\/latam\/ambipar-environment-2\/productos-ambientales\/linea-proteccion-personal\/\"]}]},{\"@type\":\"BreadcrumbList\",\"@id\":\"https:\/\/ambipar.com\/latam\/ambipar-environment-2\/productos-ambientales\/linea-proteccion-personal\/#breadcrumb\",\"itemListElement\":[{\"@type\":\"ListItem\",\"position\":1,\"name\":\"Home\",\"item\":\"https:\/\/ambipar.com\/latam\/\"},{\"@type\":\"ListItem\",\"position\":2,\"name\":\"Ambipar Environment\",\"item\":\"https:\/\/ambipar.com\/latam\/ambipar-environment-2\/\"},{\"@type\":\"ListItem\",\"position\":3,\"name\":\"Productos Ambientales\",\"item\":\"https:\/\/ambipar.com\/latam\/ambipar-environment-2\/productos-ambientales\/\"},{\"@type\":\"ListItem\",\"position\":4,\"name\":\"L\\u00ednea Protecci\\u00f3n Personal\"}]}]}<\/script>\n<!-- \/ Yoast SEO plugin. -->","yoast_head_json":{"title":"Descubra la L\u00ednea Protecci\u00f3n Personal de Ambipar Environment","description":"Ambipar cuenta con una l\u00ednea de Equipos de Protecci\u00f3n Personal (EPI) y colectivos (EPC), que se extiende a r\u00f3tulos, cascos, guantes","robots":{"index":"index","follow":"follow","max-snippet":"max-snippet:-1","max-image-preview":"max-image-preview:large","max-video-preview":"max-video-preview:-1"},"canonical":"https:\/\/ambipar.com\/latam\/ambipar-environment-2\/productos-ambientales\/linea-proteccion-personal\/","og_locale":"es_ES","og_type":"article","og_title":"Descubra la L\u00ednea Protecci\u00f3n Personal de Ambipar Environment","og_description":"Ambipar cuenta con una l\u00ednea de Equipos de Protecci\u00f3n Personal (EPI) y colectivos (EPC), que se extiende a r\u00f3tulos, cascos, guantes","og_url":"https:\/\/ambipar.com\/latam\/ambipar-environment-2\/productos-ambientales\/linea-proteccion-personal\/","og_site_name":"Ambipar. A l\u00edder em gest\u00e3o ambiental.","article_modified_time":"2021-10-13T13:49:51+00:00","og_image":[{"width":626,"height":760,"url":"https:\/\/ambipar.com\/latam\/wp-content\/uploads\/2020\/10\/protecaoindividual.png","type":"image\/png"}],"twitter_card":"summary_large_image","twitter_misc":{"Est. reading time":"1 minuto"},"schema":{"@context":"https:\/\/schema.org","@graph":[{"@type":"Organization","@id":"https:\/\/ambipar.com\/latam\/#organization","name":"Ambipar","url":"https:\/\/ambipar.com\/latam\/","sameAs":[],"logo":{"@type":"ImageObject","@id":"https:\/\/ambipar.com\/latam\/#logo","inLanguage":"es-CL","url":"https:\/\/ambipar.com\/latam\/wp-content\/uploads\/2020\/10\/ambipar_color.png","contentUrl":"https:\/\/ambipar.com\/latam\/wp-content\/uploads\/2020\/10\/ambipar_color.png","width":174,"height":107,"caption":"Ambipar"},"image":{"@id":"https:\/\/ambipar.com\/latam\/#logo"}},{"@type":"WebSite","@id":"https:\/\/ambipar.com\/latam\/#website","url":"https:\/\/ambipar.com\/latam\/","name":"Ambipar. A l\u00edder em gest\u00e3o ambiental.","description":"Pioneira em solu\u00e7\u00f5es ambientais, a Ambipar atua em todo o territ\u00f3rio nacional oferecendo solu\u00e7\u00f5es integradas para toda a cadeia de neg\u00f3cio.","publisher":{"@id":"https:\/\/ambipar.com\/latam\/#organization"},"potentialAction":[{"@type":"SearchAction","target":{"@type":"EntryPoint","urlTemplate":"https:\/\/ambipar.com\/latam\/?s={search_term_string}"},"query-input":"required name=search_term_string"}],"inLanguage":"es-CL"},{"@type":"ImageObject","@id":"https:\/\/ambipar.com\/latam\/ambipar-environment-2\/productos-ambientales\/linea-proteccion-personal\/#primaryimage","inLanguage":"es-CL","url":"https:\/\/ambipar.com\/latam\/wp-content\/uploads\/2020\/10\/protecaoindividual.png","contentUrl":"https:\/\/ambipar.com\/latam\/wp-content\/uploads\/2020\/10\/protecaoindividual.png","width":626,"height":760,"caption":"prote\u00e7\u00e3o individual"},{"@type":"WebPage","@id":"https:\/\/ambipar.com\/latam\/ambipar-environment-2\/productos-ambientales\/linea-proteccion-personal\/#webpage","url":"https:\/\/ambipar.com\/latam\/ambipar-environment-2\/productos-ambientales\/linea-proteccion-personal\/","name":"Descubra la L\u00ednea Protecci\u00f3n Personal de Ambipar Environment","isPartOf":{"@id":"https:\/\/ambipar.com\/latam\/#website"},"primaryImageOfPage":{"@id":"https:\/\/ambipar.com\/latam\/ambipar-environment-2\/productos-ambientales\/linea-proteccion-personal\/#primaryimage"},"datePublished":"2020-11-12T22:06:33+00:00","dateModified":"2021-10-13T13:49:51+00:00","description":"Ambipar cuenta con una l\u00ednea de Equipos de Protecci\u00f3n Personal (EPI) y colectivos (EPC), que se extiende a r\u00f3tulos, cascos, guantes","breadcrumb":{"@id":"https:\/\/ambipar.com\/latam\/ambipar-environment-2\/productos-ambientales\/linea-proteccion-personal\/#breadcrumb"},"inLanguage":"es-CL","potentialAction":[{"@type":"ReadAction","target":["https:\/\/ambipar.com\/latam\/ambipar-environment-2\/productos-ambientales\/linea-proteccion-personal\/"]}]},{"@type":"BreadcrumbList","@id":"https:\/\/ambipar.com\/latam\/ambipar-environment-2\/productos-ambientales\/linea-proteccion-personal\/#breadcrumb","itemListElement":[{"@type":"ListItem","position":1,"name":"Home","item":"https:\/\/ambipar.com\/latam\/"},{"@type":"ListItem","position":2,"name":"Ambipar Environment","item":"https:\/\/ambipar.com\/latam\/ambipar-environment-2\/"},{"@type":"ListItem","position":3,"name":"Productos Ambientales","item":"https:\/\/ambipar.com\/latam\/ambipar-environment-2\/productos-ambientales\/"},{"@type":"ListItem","position":4,"name":"L\u00ednea Protecci\u00f3n Personal"}]}]}},"_links":{"self":[{"href":"https:\/\/ambipar.com\/latam\/wp-json\/wp\/v2\/pages\/1599"}],"collection":[{"href":"https:\/\/ambipar.com\/latam\/wp-json\/wp\/v2\/pages"}],"about":[{"href":"https:\/\/ambipar.com\/latam\/wp-json\/wp\/v2\/types\/page"}],"author":[{"embeddable":true,"href":"https:\/\/ambipar.com\/latam\/wp-json\/wp\/v2\/users\/1"}],"replies":[{"embeddable":true,"href":"https:\/\/ambipar.com\/latam\/wp-json\/wp\/v2\/comments?post=1599"}],"version-history":[{"count":4,"href":"https:\/\/ambipar.com\/latam\/wp-json\/wp\/v2\/pages\/1599\/revisions"}],"predecessor-version":[{"id":4154,"href":"https:\/\/ambipar.com\/latam\/wp-json\/wp\/v2\/pages\/1599\/revisions\/4154"}],"up":[{"embeddable":true,"href":"https:\/\/ambipar.com\/latam\/wp-json\/wp\/v2\/pages\/1563"}],"wp:featuredmedia":[{"embeddable":true,"href":"https:\/\/ambipar.com\/latam\/wp-json\/wp\/v2\/media\/282"}],"wp:attachment":[{"href":"https:\/\/ambipar.com\/latam\/wp-json\/wp\/v2\/media?parent=1599"}],"curies":[{"name":"wp","href":"https:\/\/api.w.org\/{rel}","templated":true}]}}