{"id":1612,"date":"2020-11-12T15:24:53","date_gmt":"2020-11-12T18:24:53","guid":{"rendered":"https:\/\/ambipar.com\/latam\/?page_id=1612"},"modified":"2021-11-25T16:07:33","modified_gmt":"2021-11-25T19:07:33","slug":"softwares-de-gestion","status":"publish","type":"page","link":"https:\/\/ambipar.com\/latam\/ambipar-environment-2\/softwares-de-gestion\/","title":{"rendered":"Softwares de Gesti\u00f3n"},"content":{"rendered":"\n<p>Hace 25 a\u00f1os apoyando l\u00edderes empresariales en los niveles t\u00e1cticos y estrat\u00e9gicos. Las soluciones de tecnolog\u00eda apoyan la gesti\u00f3n de la sostenibilidad. Actualmente divididas en:<\/p>\n\n\n\n<ul><li><a href=\"https:\/\/ambipar.com\/latam\/ambipar-environment-2\/softwares-de-gestion\/plataforma-de-gestion-y-homologacion-de-proveedores\/\">Plataforma de Gesti\u00f3n y Homologaci\u00f3n de Proveedores<\/a><\/li><li><a href=\"https:\/\/ambipar.com\/latam\/ambipar-environment-2\/softwares-de-gestion\/gestion-y-tratamiento-de-las-no-conformidades\/\">Gesti\u00f3n y tratamiento de las No Conformidades<\/a><\/li><li><a href=\"https:\/\/ambipar.com\/latam\/ambipar-environment-2\/softwares-de-gestion\/levantamiento-y-monitoreo-de-los-requisitos-legales-aplicables\/\">Levantamiento y Monitoreo de los Requisitos Legales Aplicables<\/a><\/li><li><a href=\"https:\/\/ambipar.com\/latam\/ambipar-environment-2\/softwares-de-gestion\/gestion-y-analisis-de-riesgos-ocupacionales-y-ambientales\/\">Gesti\u00f3n y An\u00e1lisis de Riesgos Ocupacionales y Ambientales<\/a><\/li><li><a href=\"https:\/\/ambipar.com\/latam\/ambipar-environment-2\/softwares-de-gestion\/gestion-y-control-de-documentos\/\">Gesti\u00f3n y control de documentos<\/a><\/li><li><a href=\"https:\/\/ambipar.com\/latam\/ambipar-environment-2\/softwares-de-gestion\/gestion-de-los-residuos\/\">Gesti\u00f3n de los residuos<\/a><\/li><\/ul>\n\n\n\n<p>\u00a1Todas las soluciones son integradas y plenamente personalizables!<\/p>\n\n\n\n<p>Adicionalmente, ofrecemos los siguientes servicios:<\/p>\n\n\n\n<ul><li><a href=\"https:\/\/ambipar.com\/latam\/ambipar-environment-2\/softwares-de-gestion\/consultoria-en-compliance\/\">Consultor\u00eda en Compliance<\/a><\/li><li><a href=\"https:\/\/ambipar.com\/latam\/ambipar-environment-2\/softwares-de-gestion\/proyectos-de-tecnologia\/\">Proyectos de Tecnolog\u00eda<\/a><\/li><li><a href=\"https:\/\/ambipar.com\/latam\/ambipar-environment-2\/softwares-de-gestion\/nuevos-servicios\/\">Nuevos Servicios<\/a><\/li><\/ul>\n","protected":false},"excerpt":{"rendered":"Hace 25 a\u00f1os apoyando l\u00edderes empresariales en los niveles t\u00e1cticos y estrat\u00e9gicos. Las soluciones de tecnolog\u00eda apoyan la gesti\u00f3n de la sostenibilidad. Actualmente divididas en: Plataforma de Gesti\u00f3n y Homologaci\u00f3n de Proveedores Gesti\u00f3n y tratamiento de las No Conformidades Levantamiento y Monitoreo de los Requisitos Legales Aplicables Gesti\u00f3n y An\u00e1lisis de Riesgos Ocupacionales y Ambientales&#8230; <a class=\"view-article\" href=\"https:\/\/ambipar.com\/latam\/ambipar-environment-2\/softwares-de-gestion\/\">Ver art\u00edculo<\/a>","protected":false},"author":1,"featured_media":483,"parent":1060,"menu_order":0,"comment_status":"closed","ping_status":"closed","template":"single-servicos.php","meta":[],"yoast_head":"<!-- This site is optimized with the Yoast SEO plugin v17.6 - https:\/\/yoast.com\/wordpress\/plugins\/seo\/ -->\n<title>Descubra las soluciones Ambipar Environment para Softwares de Gesti\u00f3n<\/title>\n<meta name=\"description\" content=\"Durante 25 a\u00f1os apoyando a l\u00edderes empresariales a nivel t\u00e1ctico y estrat\u00e9gico. Las soluciones tecnol\u00f3gicas apoyan la gesti\u00f3n de la sostenibilidad.\" \/>\n<meta name=\"robots\" content=\"index, follow, max-snippet:-1, max-image-preview:large, max-video-preview:-1\" \/>\n<link rel=\"canonical\" href=\"https:\/\/ambipar.com\/latam\/ambipar-environment-2\/softwares-de-gestion\/\" \/>\n<meta property=\"og:locale\" content=\"es_ES\" \/>\n<meta property=\"og:type\" content=\"article\" \/>\n<meta property=\"og:title\" content=\"Descubra las soluciones Ambipar Environment para Softwares de Gesti\u00f3n\" \/>\n<meta property=\"og:description\" content=\"Durante 25 a\u00f1os apoyando a l\u00edderes empresariales a nivel t\u00e1ctico y estrat\u00e9gico. Las soluciones tecnol\u00f3gicas apoyan la gesti\u00f3n de la sostenibilidad.\" \/>\n<meta property=\"og:url\" content=\"https:\/\/ambipar.com\/latam\/ambipar-environment-2\/softwares-de-gestion\/\" \/>\n<meta property=\"og:site_name\" content=\"Ambipar. A l\u00edder em gest\u00e3o ambiental.\" \/>\n<meta property=\"article:modified_time\" content=\"2021-11-25T19:07:33+00:00\" \/>\n<meta property=\"og:image\" content=\"https:\/\/ambipar.com\/latam\/wp-content\/uploads\/2020\/10\/softwares_de_gestao.jpg\" \/>\n\t<meta property=\"og:image:width\" content=\"1000\" \/>\n\t<meta property=\"og:image:height\" content=\"1000\" \/>\n<meta name=\"twitter:card\" content=\"summary_large_image\" \/>\n<meta name=\"twitter:label1\" content=\"Est. reading time\" \/>\n\t<meta name=\"twitter:data1\" content=\"1 minuto\" \/>\n<script type=\"application\/ld+json\" class=\"yoast-schema-graph\">{\"@context\":\"https:\/\/schema.org\",\"@graph\":[{\"@type\":\"Organization\",\"@id\":\"https:\/\/ambipar.com\/latam\/#organization\",\"name\":\"Ambipar\",\"url\":\"https:\/\/ambipar.com\/latam\/\",\"sameAs\":[],\"logo\":{\"@type\":\"ImageObject\",\"@id\":\"https:\/\/ambipar.com\/latam\/#logo\",\"inLanguage\":\"es-CL\",\"url\":\"https:\/\/ambipar.com\/latam\/wp-content\/uploads\/2020\/10\/ambipar_color.png\",\"contentUrl\":\"https:\/\/ambipar.com\/latam\/wp-content\/uploads\/2020\/10\/ambipar_color.png\",\"width\":174,\"height\":107,\"caption\":\"Ambipar\"},\"image\":{\"@id\":\"https:\/\/ambipar.com\/latam\/#logo\"}},{\"@type\":\"WebSite\",\"@id\":\"https:\/\/ambipar.com\/latam\/#website\",\"url\":\"https:\/\/ambipar.com\/latam\/\",\"name\":\"Ambipar. A l\\u00edder em gest\\u00e3o ambiental.\",\"description\":\"Pioneira em solu\\u00e7\\u00f5es ambientais, a Ambipar atua em todo o territ\\u00f3rio nacional oferecendo solu\\u00e7\\u00f5es integradas para toda a cadeia de neg\\u00f3cio.\",\"publisher\":{\"@id\":\"https:\/\/ambipar.com\/latam\/#organization\"},\"potentialAction\":[{\"@type\":\"SearchAction\",\"target\":{\"@type\":\"EntryPoint\",\"urlTemplate\":\"https:\/\/ambipar.com\/latam\/?s={search_term_string}\"},\"query-input\":\"required name=search_term_string\"}],\"inLanguage\":\"es-CL\"},{\"@type\":\"ImageObject\",\"@id\":\"https:\/\/ambipar.com\/latam\/ambipar-environment-2\/softwares-de-gestion\/#primaryimage\",\"inLanguage\":\"es-CL\",\"url\":\"https:\/\/ambipar.com\/latam\/wp-content\/uploads\/2020\/10\/softwares_de_gestao.jpg\",\"contentUrl\":\"https:\/\/ambipar.com\/latam\/wp-content\/uploads\/2020\/10\/softwares_de_gestao.jpg\",\"width\":1000,\"height\":1000,\"caption\":\"Industrial technology concept.\"},{\"@type\":\"WebPage\",\"@id\":\"https:\/\/ambipar.com\/latam\/ambipar-environment-2\/softwares-de-gestion\/#webpage\",\"url\":\"https:\/\/ambipar.com\/latam\/ambipar-environment-2\/softwares-de-gestion\/\",\"name\":\"Descubra las soluciones Ambipar Environment para Softwares de Gesti\\u00f3n\",\"isPartOf\":{\"@id\":\"https:\/\/ambipar.com\/latam\/#website\"},\"primaryImageOfPage\":{\"@id\":\"https:\/\/ambipar.com\/latam\/ambipar-environment-2\/softwares-de-gestion\/#primaryimage\"},\"datePublished\":\"2020-11-12T18:24:53+00:00\",\"dateModified\":\"2021-11-25T19:07:33+00:00\",\"description\":\"Durante 25 a\\u00f1os apoyando a l\\u00edderes empresariales a nivel t\\u00e1ctico y estrat\\u00e9gico. Las soluciones tecnol\\u00f3gicas apoyan la gesti\\u00f3n de la sostenibilidad.\",\"breadcrumb\":{\"@id\":\"https:\/\/ambipar.com\/latam\/ambipar-environment-2\/softwares-de-gestion\/#breadcrumb\"},\"inLanguage\":\"es-CL\",\"potentialAction\":[{\"@type\":\"ReadAction\",\"target\":[\"https:\/\/ambipar.com\/latam\/ambipar-environment-2\/softwares-de-gestion\/\"]}]},{\"@type\":\"BreadcrumbList\",\"@id\":\"https:\/\/ambipar.com\/latam\/ambipar-environment-2\/softwares-de-gestion\/#breadcrumb\",\"itemListElement\":[{\"@type\":\"ListItem\",\"position\":1,\"name\":\"Home\",\"item\":\"https:\/\/ambipar.com\/latam\/\"},{\"@type\":\"ListItem\",\"position\":2,\"name\":\"Ambipar Environment\",\"item\":\"https:\/\/ambipar.com\/latam\/ambipar-environment-2\/\"},{\"@type\":\"ListItem\",\"position\":3,\"name\":\"Softwares de Gesti\\u00f3n\"}]}]}<\/script>\n<!-- \/ Yoast SEO plugin. -->","yoast_head_json":{"title":"Descubra las soluciones Ambipar Environment para Softwares de Gesti\u00f3n","description":"Durante 25 a\u00f1os apoyando a l\u00edderes empresariales a nivel t\u00e1ctico y estrat\u00e9gico. Las soluciones tecnol\u00f3gicas apoyan la gesti\u00f3n de la sostenibilidad.","robots":{"index":"index","follow":"follow","max-snippet":"max-snippet:-1","max-image-preview":"max-image-preview:large","max-video-preview":"max-video-preview:-1"},"canonical":"https:\/\/ambipar.com\/latam\/ambipar-environment-2\/softwares-de-gestion\/","og_locale":"es_ES","og_type":"article","og_title":"Descubra las soluciones Ambipar Environment para Softwares de Gesti\u00f3n","og_description":"Durante 25 a\u00f1os apoyando a l\u00edderes empresariales a nivel t\u00e1ctico y estrat\u00e9gico. Las soluciones tecnol\u00f3gicas apoyan la gesti\u00f3n de la sostenibilidad.","og_url":"https:\/\/ambipar.com\/latam\/ambipar-environment-2\/softwares-de-gestion\/","og_site_name":"Ambipar. A l\u00edder em gest\u00e3o ambiental.","article_modified_time":"2021-11-25T19:07:33+00:00","og_image":[{"width":1000,"height":1000,"url":"https:\/\/ambipar.com\/latam\/wp-content\/uploads\/2020\/10\/softwares_de_gestao.jpg","type":"image\/jpeg"}],"twitter_card":"summary_large_image","twitter_misc":{"Est. reading time":"1 minuto"},"schema":{"@context":"https:\/\/schema.org","@graph":[{"@type":"Organization","@id":"https:\/\/ambipar.com\/latam\/#organization","name":"Ambipar","url":"https:\/\/ambipar.com\/latam\/","sameAs":[],"logo":{"@type":"ImageObject","@id":"https:\/\/ambipar.com\/latam\/#logo","inLanguage":"es-CL","url":"https:\/\/ambipar.com\/latam\/wp-content\/uploads\/2020\/10\/ambipar_color.png","contentUrl":"https:\/\/ambipar.com\/latam\/wp-content\/uploads\/2020\/10\/ambipar_color.png","width":174,"height":107,"caption":"Ambipar"},"image":{"@id":"https:\/\/ambipar.com\/latam\/#logo"}},{"@type":"WebSite","@id":"https:\/\/ambipar.com\/latam\/#website","url":"https:\/\/ambipar.com\/latam\/","name":"Ambipar. A l\u00edder em gest\u00e3o ambiental.","description":"Pioneira em solu\u00e7\u00f5es ambientais, a Ambipar atua em todo o territ\u00f3rio nacional oferecendo solu\u00e7\u00f5es integradas para toda a cadeia de neg\u00f3cio.","publisher":{"@id":"https:\/\/ambipar.com\/latam\/#organization"},"potentialAction":[{"@type":"SearchAction","target":{"@type":"EntryPoint","urlTemplate":"https:\/\/ambipar.com\/latam\/?s={search_term_string}"},"query-input":"required name=search_term_string"}],"inLanguage":"es-CL"},{"@type":"ImageObject","@id":"https:\/\/ambipar.com\/latam\/ambipar-environment-2\/softwares-de-gestion\/#primaryimage","inLanguage":"es-CL","url":"https:\/\/ambipar.com\/latam\/wp-content\/uploads\/2020\/10\/softwares_de_gestao.jpg","contentUrl":"https:\/\/ambipar.com\/latam\/wp-content\/uploads\/2020\/10\/softwares_de_gestao.jpg","width":1000,"height":1000,"caption":"Industrial technology concept."},{"@type":"WebPage","@id":"https:\/\/ambipar.com\/latam\/ambipar-environment-2\/softwares-de-gestion\/#webpage","url":"https:\/\/ambipar.com\/latam\/ambipar-environment-2\/softwares-de-gestion\/","name":"Descubra las soluciones Ambipar Environment para Softwares de Gesti\u00f3n","isPartOf":{"@id":"https:\/\/ambipar.com\/latam\/#website"},"primaryImageOfPage":{"@id":"https:\/\/ambipar.com\/latam\/ambipar-environment-2\/softwares-de-gestion\/#primaryimage"},"datePublished":"2020-11-12T18:24:53+00:00","dateModified":"2021-11-25T19:07:33+00:00","description":"Durante 25 a\u00f1os apoyando a l\u00edderes empresariales a nivel t\u00e1ctico y estrat\u00e9gico. Las soluciones tecnol\u00f3gicas apoyan la gesti\u00f3n de la sostenibilidad.","breadcrumb":{"@id":"https:\/\/ambipar.com\/latam\/ambipar-environment-2\/softwares-de-gestion\/#breadcrumb"},"inLanguage":"es-CL","potentialAction":[{"@type":"ReadAction","target":["https:\/\/ambipar.com\/latam\/ambipar-environment-2\/softwares-de-gestion\/"]}]},{"@type":"BreadcrumbList","@id":"https:\/\/ambipar.com\/latam\/ambipar-environment-2\/softwares-de-gestion\/#breadcrumb","itemListElement":[{"@type":"ListItem","position":1,"name":"Home","item":"https:\/\/ambipar.com\/latam\/"},{"@type":"ListItem","position":2,"name":"Ambipar Environment","item":"https:\/\/ambipar.com\/latam\/ambipar-environment-2\/"},{"@type":"ListItem","position":3,"name":"Softwares de Gesti\u00f3n"}]}]}},"_links":{"self":[{"href":"https:\/\/ambipar.com\/latam\/wp-json\/wp\/v2\/pages\/1612"}],"collection":[{"href":"https:\/\/ambipar.com\/latam\/wp-json\/wp\/v2\/pages"}],"about":[{"href":"https:\/\/ambipar.com\/latam\/wp-json\/wp\/v2\/types\/page"}],"author":[{"embeddable":true,"href":"https:\/\/ambipar.com\/latam\/wp-json\/wp\/v2\/users\/1"}],"replies":[{"embeddable":true,"href":"https:\/\/ambipar.com\/latam\/wp-json\/wp\/v2\/comments?post=1612"}],"version-history":[{"count":3,"href":"https:\/\/ambipar.com\/latam\/wp-json\/wp\/v2\/pages\/1612\/revisions"}],"predecessor-version":[{"id":4491,"href":"https:\/\/ambipar.com\/latam\/wp-json\/wp\/v2\/pages\/1612\/revisions\/4491"}],"up":[{"embeddable":true,"href":"https:\/\/ambipar.com\/latam\/wp-json\/wp\/v2\/pages\/1060"}],"wp:featuredmedia":[{"embeddable":true,"href":"https:\/\/ambipar.com\/latam\/wp-json\/wp\/v2\/media\/483"}],"wp:attachment":[{"href":"https:\/\/ambipar.com\/latam\/wp-json\/wp\/v2\/media?parent=1612"}],"curies":[{"name":"wp","href":"https:\/\/api.w.org\/{rel}","templated":true}]}}