{"id":1624,"date":"2020-11-12T15:35:16","date_gmt":"2020-11-12T18:35:16","guid":{"rendered":"https:\/\/ambipar.com\/latam\/?page_id=1624"},"modified":"2021-10-11T11:04:51","modified_gmt":"2021-10-11T14:04:51","slug":"proyectos-de-tecnologia","status":"publish","type":"page","link":"https:\/\/ambipar.com\/latam\/ambipar-environment-2\/softwares-de-gestion\/proyectos-de-tecnologia\/","title":{"rendered":"Proyectos de Tecnolog\u00eda"},"content":{"rendered":"\n<p>Formados por un equipo de clientes \u00e1giles y atentos, los especialistas desarrollaron varios software seg\u00fan las necesidades de nuestros clientes.<\/p>\n\n\n\n<ul><li>Comprender la realidad del cliente<\/li><li>Herramientas a medida<\/li><li>Personalizaci\u00f3n<\/li><li>Seguridad de la informaci\u00f3n<\/li><li>Servicio r\u00e1pido<\/li><li>Integraci\u00f3n entre sistemas<\/li><li>Automatizaci\u00f3n de procesos<\/li><\/ul>\n\n\n\n<p><\/p>\n","protected":false},"excerpt":{"rendered":"Formados por un equipo de clientes \u00e1giles y atentos, los especialistas desarrollaron varios software seg\u00fan las necesidades de nuestros clientes. Comprender la realidad del cliente Herramientas a medida Personalizaci\u00f3n Seguridad de la informaci\u00f3n Servicio r\u00e1pido Integraci\u00f3n entre sistemas Automatizaci\u00f3n de procesos","protected":false},"author":1,"featured_media":317,"parent":1612,"menu_order":0,"comment_status":"closed","ping_status":"closed","template":"single-servicos.php","meta":[],"yoast_head":"<!-- This site is optimized with the Yoast SEO plugin v17.6 - https:\/\/yoast.com\/wordpress\/plugins\/seo\/ -->\n<title>Descubra los Proyectos de Tecnolog\u00eda de Ambipar Environment<\/title>\n<meta name=\"description\" content=\"Formado por un equipo de profesionales \u00e1giles y atentos, los especialistas desarrollaron software acorde a las necesidades de los clientes.\" \/>\n<meta name=\"robots\" content=\"index, follow, max-snippet:-1, max-image-preview:large, max-video-preview:-1\" \/>\n<link rel=\"canonical\" href=\"https:\/\/ambipar.com\/latam\/ambipar-environment-2\/softwares-de-gestion\/proyectos-de-tecnologia\/\" \/>\n<meta property=\"og:locale\" content=\"es_ES\" \/>\n<meta property=\"og:type\" content=\"article\" \/>\n<meta property=\"og:title\" content=\"Descubra los Proyectos de Tecnolog\u00eda de Ambipar Environment\" \/>\n<meta property=\"og:description\" content=\"Formado por un equipo de profesionales \u00e1giles y atentos, los especialistas desarrollaron software acorde a las necesidades de los clientes.\" \/>\n<meta property=\"og:url\" content=\"https:\/\/ambipar.com\/latam\/ambipar-environment-2\/softwares-de-gestion\/proyectos-de-tecnologia\/\" \/>\n<meta property=\"og:site_name\" content=\"Ambipar. A l\u00edder em gest\u00e3o ambiental.\" \/>\n<meta property=\"article:modified_time\" content=\"2021-10-11T14:04:51+00:00\" \/>\n<meta property=\"og:image\" content=\"https:\/\/ambipar.com\/latam\/wp-content\/uploads\/2020\/10\/gestao3.jpg\" \/>\n\t<meta property=\"og:image:width\" content=\"1012\" \/>\n\t<meta property=\"og:image:height\" content=\"1008\" \/>\n<meta name=\"twitter:card\" content=\"summary_large_image\" \/>\n<script type=\"application\/ld+json\" class=\"yoast-schema-graph\">{\"@context\":\"https:\/\/schema.org\",\"@graph\":[{\"@type\":\"Organization\",\"@id\":\"https:\/\/ambipar.com\/latam\/#organization\",\"name\":\"Ambipar\",\"url\":\"https:\/\/ambipar.com\/latam\/\",\"sameAs\":[],\"logo\":{\"@type\":\"ImageObject\",\"@id\":\"https:\/\/ambipar.com\/latam\/#logo\",\"inLanguage\":\"es-CL\",\"url\":\"https:\/\/ambipar.com\/latam\/wp-content\/uploads\/2020\/10\/ambipar_color.png\",\"contentUrl\":\"https:\/\/ambipar.com\/latam\/wp-content\/uploads\/2020\/10\/ambipar_color.png\",\"width\":174,\"height\":107,\"caption\":\"Ambipar\"},\"image\":{\"@id\":\"https:\/\/ambipar.com\/latam\/#logo\"}},{\"@type\":\"WebSite\",\"@id\":\"https:\/\/ambipar.com\/latam\/#website\",\"url\":\"https:\/\/ambipar.com\/latam\/\",\"name\":\"Ambipar. A l\\u00edder em gest\\u00e3o ambiental.\",\"description\":\"Pioneira em solu\\u00e7\\u00f5es ambientais, a Ambipar atua em todo o territ\\u00f3rio nacional oferecendo solu\\u00e7\\u00f5es integradas para toda a cadeia de neg\\u00f3cio.\",\"publisher\":{\"@id\":\"https:\/\/ambipar.com\/latam\/#organization\"},\"potentialAction\":[{\"@type\":\"SearchAction\",\"target\":{\"@type\":\"EntryPoint\",\"urlTemplate\":\"https:\/\/ambipar.com\/latam\/?s={search_term_string}\"},\"query-input\":\"required name=search_term_string\"}],\"inLanguage\":\"es-CL\"},{\"@type\":\"ImageObject\",\"@id\":\"https:\/\/ambipar.com\/latam\/ambipar-environment-2\/softwares-de-gestion\/proyectos-de-tecnologia\/#primaryimage\",\"inLanguage\":\"es-CL\",\"url\":\"https:\/\/ambipar.com\/latam\/wp-content\/uploads\/2020\/10\/gestao3.jpg\",\"contentUrl\":\"https:\/\/ambipar.com\/latam\/wp-content\/uploads\/2020\/10\/gestao3.jpg\",\"width\":1012,\"height\":1008,\"caption\":\"gest\\u00e3o\"},{\"@type\":\"WebPage\",\"@id\":\"https:\/\/ambipar.com\/latam\/ambipar-environment-2\/softwares-de-gestion\/proyectos-de-tecnologia\/#webpage\",\"url\":\"https:\/\/ambipar.com\/latam\/ambipar-environment-2\/softwares-de-gestion\/proyectos-de-tecnologia\/\",\"name\":\"Descubra los Proyectos de Tecnolog\\u00eda de Ambipar Environment\",\"isPartOf\":{\"@id\":\"https:\/\/ambipar.com\/latam\/#website\"},\"primaryImageOfPage\":{\"@id\":\"https:\/\/ambipar.com\/latam\/ambipar-environment-2\/softwares-de-gestion\/proyectos-de-tecnologia\/#primaryimage\"},\"datePublished\":\"2020-11-12T18:35:16+00:00\",\"dateModified\":\"2021-10-11T14:04:51+00:00\",\"description\":\"Formado por un equipo de profesionales \\u00e1giles y atentos, los especialistas desarrollaron software acorde a las necesidades de los clientes.\",\"breadcrumb\":{\"@id\":\"https:\/\/ambipar.com\/latam\/ambipar-environment-2\/softwares-de-gestion\/proyectos-de-tecnologia\/#breadcrumb\"},\"inLanguage\":\"es-CL\",\"potentialAction\":[{\"@type\":\"ReadAction\",\"target\":[\"https:\/\/ambipar.com\/latam\/ambipar-environment-2\/softwares-de-gestion\/proyectos-de-tecnologia\/\"]}]},{\"@type\":\"BreadcrumbList\",\"@id\":\"https:\/\/ambipar.com\/latam\/ambipar-environment-2\/softwares-de-gestion\/proyectos-de-tecnologia\/#breadcrumb\",\"itemListElement\":[{\"@type\":\"ListItem\",\"position\":1,\"name\":\"Home\",\"item\":\"https:\/\/ambipar.com\/latam\/\"},{\"@type\":\"ListItem\",\"position\":2,\"name\":\"Ambipar Environment\",\"item\":\"https:\/\/ambipar.com\/latam\/ambipar-environment-2\/\"},{\"@type\":\"ListItem\",\"position\":3,\"name\":\"Softwares de Gesti\\u00f3n\",\"item\":\"https:\/\/ambipar.com\/latam\/ambipar-environment-2\/softwares-de-gestion\/\"},{\"@type\":\"ListItem\",\"position\":4,\"name\":\"Proyectos de Tecnolog\\u00eda\"}]}]}<\/script>\n<!-- \/ Yoast SEO plugin. -->","yoast_head_json":{"title":"Descubra los Proyectos de Tecnolog\u00eda de Ambipar Environment","description":"Formado por un equipo de profesionales \u00e1giles y atentos, los especialistas desarrollaron software acorde a las necesidades de los clientes.","robots":{"index":"index","follow":"follow","max-snippet":"max-snippet:-1","max-image-preview":"max-image-preview:large","max-video-preview":"max-video-preview:-1"},"canonical":"https:\/\/ambipar.com\/latam\/ambipar-environment-2\/softwares-de-gestion\/proyectos-de-tecnologia\/","og_locale":"es_ES","og_type":"article","og_title":"Descubra los Proyectos de Tecnolog\u00eda de Ambipar Environment","og_description":"Formado por un equipo de profesionales \u00e1giles y atentos, los especialistas desarrollaron software acorde a las necesidades de los clientes.","og_url":"https:\/\/ambipar.com\/latam\/ambipar-environment-2\/softwares-de-gestion\/proyectos-de-tecnologia\/","og_site_name":"Ambipar. A l\u00edder em gest\u00e3o ambiental.","article_modified_time":"2021-10-11T14:04:51+00:00","og_image":[{"width":1012,"height":1008,"url":"https:\/\/ambipar.com\/latam\/wp-content\/uploads\/2020\/10\/gestao3.jpg","type":"image\/jpeg"}],"twitter_card":"summary_large_image","schema":{"@context":"https:\/\/schema.org","@graph":[{"@type":"Organization","@id":"https:\/\/ambipar.com\/latam\/#organization","name":"Ambipar","url":"https:\/\/ambipar.com\/latam\/","sameAs":[],"logo":{"@type":"ImageObject","@id":"https:\/\/ambipar.com\/latam\/#logo","inLanguage":"es-CL","url":"https:\/\/ambipar.com\/latam\/wp-content\/uploads\/2020\/10\/ambipar_color.png","contentUrl":"https:\/\/ambipar.com\/latam\/wp-content\/uploads\/2020\/10\/ambipar_color.png","width":174,"height":107,"caption":"Ambipar"},"image":{"@id":"https:\/\/ambipar.com\/latam\/#logo"}},{"@type":"WebSite","@id":"https:\/\/ambipar.com\/latam\/#website","url":"https:\/\/ambipar.com\/latam\/","name":"Ambipar. A l\u00edder em gest\u00e3o ambiental.","description":"Pioneira em solu\u00e7\u00f5es ambientais, a Ambipar atua em todo o territ\u00f3rio nacional oferecendo solu\u00e7\u00f5es integradas para toda a cadeia de neg\u00f3cio.","publisher":{"@id":"https:\/\/ambipar.com\/latam\/#organization"},"potentialAction":[{"@type":"SearchAction","target":{"@type":"EntryPoint","urlTemplate":"https:\/\/ambipar.com\/latam\/?s={search_term_string}"},"query-input":"required name=search_term_string"}],"inLanguage":"es-CL"},{"@type":"ImageObject","@id":"https:\/\/ambipar.com\/latam\/ambipar-environment-2\/softwares-de-gestion\/proyectos-de-tecnologia\/#primaryimage","inLanguage":"es-CL","url":"https:\/\/ambipar.com\/latam\/wp-content\/uploads\/2020\/10\/gestao3.jpg","contentUrl":"https:\/\/ambipar.com\/latam\/wp-content\/uploads\/2020\/10\/gestao3.jpg","width":1012,"height":1008,"caption":"gest\u00e3o"},{"@type":"WebPage","@id":"https:\/\/ambipar.com\/latam\/ambipar-environment-2\/softwares-de-gestion\/proyectos-de-tecnologia\/#webpage","url":"https:\/\/ambipar.com\/latam\/ambipar-environment-2\/softwares-de-gestion\/proyectos-de-tecnologia\/","name":"Descubra los Proyectos de Tecnolog\u00eda de Ambipar Environment","isPartOf":{"@id":"https:\/\/ambipar.com\/latam\/#website"},"primaryImageOfPage":{"@id":"https:\/\/ambipar.com\/latam\/ambipar-environment-2\/softwares-de-gestion\/proyectos-de-tecnologia\/#primaryimage"},"datePublished":"2020-11-12T18:35:16+00:00","dateModified":"2021-10-11T14:04:51+00:00","description":"Formado por un equipo de profesionales \u00e1giles y atentos, los especialistas desarrollaron software acorde a las necesidades de los clientes.","breadcrumb":{"@id":"https:\/\/ambipar.com\/latam\/ambipar-environment-2\/softwares-de-gestion\/proyectos-de-tecnologia\/#breadcrumb"},"inLanguage":"es-CL","potentialAction":[{"@type":"ReadAction","target":["https:\/\/ambipar.com\/latam\/ambipar-environment-2\/softwares-de-gestion\/proyectos-de-tecnologia\/"]}]},{"@type":"BreadcrumbList","@id":"https:\/\/ambipar.com\/latam\/ambipar-environment-2\/softwares-de-gestion\/proyectos-de-tecnologia\/#breadcrumb","itemListElement":[{"@type":"ListItem","position":1,"name":"Home","item":"https:\/\/ambipar.com\/latam\/"},{"@type":"ListItem","position":2,"name":"Ambipar Environment","item":"https:\/\/ambipar.com\/latam\/ambipar-environment-2\/"},{"@type":"ListItem","position":3,"name":"Softwares de Gesti\u00f3n","item":"https:\/\/ambipar.com\/latam\/ambipar-environment-2\/softwares-de-gestion\/"},{"@type":"ListItem","position":4,"name":"Proyectos de Tecnolog\u00eda"}]}]}},"_links":{"self":[{"href":"https:\/\/ambipar.com\/latam\/wp-json\/wp\/v2\/pages\/1624"}],"collection":[{"href":"https:\/\/ambipar.com\/latam\/wp-json\/wp\/v2\/pages"}],"about":[{"href":"https:\/\/ambipar.com\/latam\/wp-json\/wp\/v2\/types\/page"}],"author":[{"embeddable":true,"href":"https:\/\/ambipar.com\/latam\/wp-json\/wp\/v2\/users\/1"}],"replies":[{"embeddable":true,"href":"https:\/\/ambipar.com\/latam\/wp-json\/wp\/v2\/comments?post=1624"}],"version-history":[{"count":2,"href":"https:\/\/ambipar.com\/latam\/wp-json\/wp\/v2\/pages\/1624\/revisions"}],"predecessor-version":[{"id":1626,"href":"https:\/\/ambipar.com\/latam\/wp-json\/wp\/v2\/pages\/1624\/revisions\/1626"}],"up":[{"embeddable":true,"href":"https:\/\/ambipar.com\/latam\/wp-json\/wp\/v2\/pages\/1612"}],"wp:featuredmedia":[{"embeddable":true,"href":"https:\/\/ambipar.com\/latam\/wp-json\/wp\/v2\/media\/317"}],"wp:attachment":[{"href":"https:\/\/ambipar.com\/latam\/wp-json\/wp\/v2\/media?parent=1624"}],"curies":[{"name":"wp","href":"https:\/\/api.w.org\/{rel}","templated":true}]}}