{"id":1630,"date":"2020-11-12T15:38:23","date_gmt":"2020-11-12T18:38:23","guid":{"rendered":"https:\/\/ambipar.com\/latam\/?page_id=1630"},"modified":"2021-10-11T11:05:23","modified_gmt":"2021-10-11T14:05:23","slug":"nuevos-servicios","status":"publish","type":"page","link":"https:\/\/ambipar.com\/latam\/ambipar-environment-2\/softwares-de-gestion\/nuevos-servicios\/","title":{"rendered":"Nuevos Servicios"},"content":{"rendered":"\n<p>Nuestro equipo est\u00e1 listo para presentar nuevos servicios pronto.<\/p>\n\n\n\n<p>Cuente con nuestra experiencia y calidad en el desarrollo de nuevos proyectos.<\/p>\n","protected":false},"excerpt":{"rendered":"Nuestro equipo est\u00e1 listo para presentar nuevos servicios pronto. Cuente con nuestra experiencia y calidad en el desarrollo de nuevos proyectos.","protected":false},"author":1,"featured_media":1354,"parent":1612,"menu_order":0,"comment_status":"closed","ping_status":"closed","template":"single-servicos.php","meta":[],"yoast_head":"<!-- This site is optimized with the Yoast SEO plugin v17.6 - https:\/\/yoast.com\/wordpress\/plugins\/seo\/ -->\n<title>Descubra los Nuevos Servicios de Ambipar Environment<\/title>\n<meta name=\"description\" content=\"Nuestro equipo est\u00e1 listo para presentar nuevos servicios pronto. Cuente con nuestra experiencia en el desarrollo de nuevos proyectos.\" \/>\n<meta name=\"robots\" content=\"index, follow, max-snippet:-1, max-image-preview:large, max-video-preview:-1\" \/>\n<link rel=\"canonical\" href=\"https:\/\/ambipar.com\/latam\/ambipar-environment-2\/softwares-de-gestion\/nuevos-servicios\/\" \/>\n<meta property=\"og:locale\" content=\"es_ES\" \/>\n<meta property=\"og:type\" content=\"article\" \/>\n<meta property=\"og:title\" content=\"Descubra los Nuevos Servicios de Ambipar Environment\" \/>\n<meta property=\"og:description\" content=\"Nuestro equipo est\u00e1 listo para presentar nuevos servicios pronto. Cuente con nuestra experiencia en el desarrollo de nuevos proyectos.\" \/>\n<meta property=\"og:url\" content=\"https:\/\/ambipar.com\/latam\/ambipar-environment-2\/softwares-de-gestion\/nuevos-servicios\/\" \/>\n<meta property=\"og:site_name\" content=\"Ambipar. A l\u00edder em gest\u00e3o ambiental.\" \/>\n<meta property=\"article:modified_time\" content=\"2021-10-11T14:05:23+00:00\" \/>\n<meta property=\"og:image\" content=\"https:\/\/ambipar.com\/latam\/wp-content\/uploads\/2020\/11\/novoservicos.jpg\" \/>\n\t<meta property=\"og:image:width\" content=\"1000\" \/>\n\t<meta property=\"og:image:height\" content=\"1000\" \/>\n<meta name=\"twitter:card\" content=\"summary_large_image\" \/>\n<script type=\"application\/ld+json\" class=\"yoast-schema-graph\">{\"@context\":\"https:\/\/schema.org\",\"@graph\":[{\"@type\":\"Organization\",\"@id\":\"https:\/\/ambipar.com\/latam\/#organization\",\"name\":\"Ambipar\",\"url\":\"https:\/\/ambipar.com\/latam\/\",\"sameAs\":[],\"logo\":{\"@type\":\"ImageObject\",\"@id\":\"https:\/\/ambipar.com\/latam\/#logo\",\"inLanguage\":\"es-CL\",\"url\":\"https:\/\/ambipar.com\/latam\/wp-content\/uploads\/2020\/10\/ambipar_color.png\",\"contentUrl\":\"https:\/\/ambipar.com\/latam\/wp-content\/uploads\/2020\/10\/ambipar_color.png\",\"width\":174,\"height\":107,\"caption\":\"Ambipar\"},\"image\":{\"@id\":\"https:\/\/ambipar.com\/latam\/#logo\"}},{\"@type\":\"WebSite\",\"@id\":\"https:\/\/ambipar.com\/latam\/#website\",\"url\":\"https:\/\/ambipar.com\/latam\/\",\"name\":\"Ambipar. A l\\u00edder em gest\\u00e3o ambiental.\",\"description\":\"Pioneira em solu\\u00e7\\u00f5es ambientais, a Ambipar atua em todo o territ\\u00f3rio nacional oferecendo solu\\u00e7\\u00f5es integradas para toda a cadeia de neg\\u00f3cio.\",\"publisher\":{\"@id\":\"https:\/\/ambipar.com\/latam\/#organization\"},\"potentialAction\":[{\"@type\":\"SearchAction\",\"target\":{\"@type\":\"EntryPoint\",\"urlTemplate\":\"https:\/\/ambipar.com\/latam\/?s={search_term_string}\"},\"query-input\":\"required name=search_term_string\"}],\"inLanguage\":\"es-CL\"},{\"@type\":\"ImageObject\",\"@id\":\"https:\/\/ambipar.com\/latam\/ambipar-environment-2\/softwares-de-gestion\/nuevos-servicios\/#primaryimage\",\"inLanguage\":\"es-CL\",\"url\":\"https:\/\/ambipar.com\/latam\/wp-content\/uploads\/2020\/11\/novoservicos.jpg\",\"contentUrl\":\"https:\/\/ambipar.com\/latam\/wp-content\/uploads\/2020\/11\/novoservicos.jpg\",\"width\":1000,\"height\":1000,\"caption\":\"Novos servi\\u00e7os\"},{\"@type\":\"WebPage\",\"@id\":\"https:\/\/ambipar.com\/latam\/ambipar-environment-2\/softwares-de-gestion\/nuevos-servicios\/#webpage\",\"url\":\"https:\/\/ambipar.com\/latam\/ambipar-environment-2\/softwares-de-gestion\/nuevos-servicios\/\",\"name\":\"Descubra los Nuevos Servicios de Ambipar Environment\",\"isPartOf\":{\"@id\":\"https:\/\/ambipar.com\/latam\/#website\"},\"primaryImageOfPage\":{\"@id\":\"https:\/\/ambipar.com\/latam\/ambipar-environment-2\/softwares-de-gestion\/nuevos-servicios\/#primaryimage\"},\"datePublished\":\"2020-11-12T18:38:23+00:00\",\"dateModified\":\"2021-10-11T14:05:23+00:00\",\"description\":\"Nuestro equipo est\\u00e1 listo para presentar nuevos servicios pronto. Cuente con nuestra experiencia en el desarrollo de nuevos proyectos.\",\"breadcrumb\":{\"@id\":\"https:\/\/ambipar.com\/latam\/ambipar-environment-2\/softwares-de-gestion\/nuevos-servicios\/#breadcrumb\"},\"inLanguage\":\"es-CL\",\"potentialAction\":[{\"@type\":\"ReadAction\",\"target\":[\"https:\/\/ambipar.com\/latam\/ambipar-environment-2\/softwares-de-gestion\/nuevos-servicios\/\"]}]},{\"@type\":\"BreadcrumbList\",\"@id\":\"https:\/\/ambipar.com\/latam\/ambipar-environment-2\/softwares-de-gestion\/nuevos-servicios\/#breadcrumb\",\"itemListElement\":[{\"@type\":\"ListItem\",\"position\":1,\"name\":\"Home\",\"item\":\"https:\/\/ambipar.com\/latam\/\"},{\"@type\":\"ListItem\",\"position\":2,\"name\":\"Ambipar Environment\",\"item\":\"https:\/\/ambipar.com\/latam\/ambipar-environment-2\/\"},{\"@type\":\"ListItem\",\"position\":3,\"name\":\"Softwares de Gesti\\u00f3n\",\"item\":\"https:\/\/ambipar.com\/latam\/ambipar-environment-2\/softwares-de-gestion\/\"},{\"@type\":\"ListItem\",\"position\":4,\"name\":\"Nuevos Servicios\"}]}]}<\/script>\n<!-- \/ Yoast SEO plugin. -->","yoast_head_json":{"title":"Descubra los Nuevos Servicios de Ambipar Environment","description":"Nuestro equipo est\u00e1 listo para presentar nuevos servicios pronto. Cuente con nuestra experiencia en el desarrollo de nuevos proyectos.","robots":{"index":"index","follow":"follow","max-snippet":"max-snippet:-1","max-image-preview":"max-image-preview:large","max-video-preview":"max-video-preview:-1"},"canonical":"https:\/\/ambipar.com\/latam\/ambipar-environment-2\/softwares-de-gestion\/nuevos-servicios\/","og_locale":"es_ES","og_type":"article","og_title":"Descubra los Nuevos Servicios de Ambipar Environment","og_description":"Nuestro equipo est\u00e1 listo para presentar nuevos servicios pronto. Cuente con nuestra experiencia en el desarrollo de nuevos proyectos.","og_url":"https:\/\/ambipar.com\/latam\/ambipar-environment-2\/softwares-de-gestion\/nuevos-servicios\/","og_site_name":"Ambipar. A l\u00edder em gest\u00e3o ambiental.","article_modified_time":"2021-10-11T14:05:23+00:00","og_image":[{"width":1000,"height":1000,"url":"https:\/\/ambipar.com\/latam\/wp-content\/uploads\/2020\/11\/novoservicos.jpg","type":"image\/jpeg"}],"twitter_card":"summary_large_image","schema":{"@context":"https:\/\/schema.org","@graph":[{"@type":"Organization","@id":"https:\/\/ambipar.com\/latam\/#organization","name":"Ambipar","url":"https:\/\/ambipar.com\/latam\/","sameAs":[],"logo":{"@type":"ImageObject","@id":"https:\/\/ambipar.com\/latam\/#logo","inLanguage":"es-CL","url":"https:\/\/ambipar.com\/latam\/wp-content\/uploads\/2020\/10\/ambipar_color.png","contentUrl":"https:\/\/ambipar.com\/latam\/wp-content\/uploads\/2020\/10\/ambipar_color.png","width":174,"height":107,"caption":"Ambipar"},"image":{"@id":"https:\/\/ambipar.com\/latam\/#logo"}},{"@type":"WebSite","@id":"https:\/\/ambipar.com\/latam\/#website","url":"https:\/\/ambipar.com\/latam\/","name":"Ambipar. A l\u00edder em gest\u00e3o ambiental.","description":"Pioneira em solu\u00e7\u00f5es ambientais, a Ambipar atua em todo o territ\u00f3rio nacional oferecendo solu\u00e7\u00f5es integradas para toda a cadeia de neg\u00f3cio.","publisher":{"@id":"https:\/\/ambipar.com\/latam\/#organization"},"potentialAction":[{"@type":"SearchAction","target":{"@type":"EntryPoint","urlTemplate":"https:\/\/ambipar.com\/latam\/?s={search_term_string}"},"query-input":"required name=search_term_string"}],"inLanguage":"es-CL"},{"@type":"ImageObject","@id":"https:\/\/ambipar.com\/latam\/ambipar-environment-2\/softwares-de-gestion\/nuevos-servicios\/#primaryimage","inLanguage":"es-CL","url":"https:\/\/ambipar.com\/latam\/wp-content\/uploads\/2020\/11\/novoservicos.jpg","contentUrl":"https:\/\/ambipar.com\/latam\/wp-content\/uploads\/2020\/11\/novoservicos.jpg","width":1000,"height":1000,"caption":"Novos servi\u00e7os"},{"@type":"WebPage","@id":"https:\/\/ambipar.com\/latam\/ambipar-environment-2\/softwares-de-gestion\/nuevos-servicios\/#webpage","url":"https:\/\/ambipar.com\/latam\/ambipar-environment-2\/softwares-de-gestion\/nuevos-servicios\/","name":"Descubra los Nuevos Servicios de Ambipar Environment","isPartOf":{"@id":"https:\/\/ambipar.com\/latam\/#website"},"primaryImageOfPage":{"@id":"https:\/\/ambipar.com\/latam\/ambipar-environment-2\/softwares-de-gestion\/nuevos-servicios\/#primaryimage"},"datePublished":"2020-11-12T18:38:23+00:00","dateModified":"2021-10-11T14:05:23+00:00","description":"Nuestro equipo est\u00e1 listo para presentar nuevos servicios pronto. Cuente con nuestra experiencia en el desarrollo de nuevos proyectos.","breadcrumb":{"@id":"https:\/\/ambipar.com\/latam\/ambipar-environment-2\/softwares-de-gestion\/nuevos-servicios\/#breadcrumb"},"inLanguage":"es-CL","potentialAction":[{"@type":"ReadAction","target":["https:\/\/ambipar.com\/latam\/ambipar-environment-2\/softwares-de-gestion\/nuevos-servicios\/"]}]},{"@type":"BreadcrumbList","@id":"https:\/\/ambipar.com\/latam\/ambipar-environment-2\/softwares-de-gestion\/nuevos-servicios\/#breadcrumb","itemListElement":[{"@type":"ListItem","position":1,"name":"Home","item":"https:\/\/ambipar.com\/latam\/"},{"@type":"ListItem","position":2,"name":"Ambipar Environment","item":"https:\/\/ambipar.com\/latam\/ambipar-environment-2\/"},{"@type":"ListItem","position":3,"name":"Softwares de Gesti\u00f3n","item":"https:\/\/ambipar.com\/latam\/ambipar-environment-2\/softwares-de-gestion\/"},{"@type":"ListItem","position":4,"name":"Nuevos Servicios"}]}]}},"_links":{"self":[{"href":"https:\/\/ambipar.com\/latam\/wp-json\/wp\/v2\/pages\/1630"}],"collection":[{"href":"https:\/\/ambipar.com\/latam\/wp-json\/wp\/v2\/pages"}],"about":[{"href":"https:\/\/ambipar.com\/latam\/wp-json\/wp\/v2\/types\/page"}],"author":[{"embeddable":true,"href":"https:\/\/ambipar.com\/latam\/wp-json\/wp\/v2\/users\/1"}],"replies":[{"embeddable":true,"href":"https:\/\/ambipar.com\/latam\/wp-json\/wp\/v2\/comments?post=1630"}],"version-history":[{"count":2,"href":"https:\/\/ambipar.com\/latam\/wp-json\/wp\/v2\/pages\/1630\/revisions"}],"predecessor-version":[{"id":1632,"href":"https:\/\/ambipar.com\/latam\/wp-json\/wp\/v2\/pages\/1630\/revisions\/1632"}],"up":[{"embeddable":true,"href":"https:\/\/ambipar.com\/latam\/wp-json\/wp\/v2\/pages\/1612"}],"wp:featuredmedia":[{"embeddable":true,"href":"https:\/\/ambipar.com\/latam\/wp-json\/wp\/v2\/media\/1354"}],"wp:attachment":[{"href":"https:\/\/ambipar.com\/latam\/wp-json\/wp\/v2\/media?parent=1630"}],"curies":[{"name":"wp","href":"https:\/\/api.w.org\/{rel}","templated":true}]}}