{"id":1639,"date":"2020-11-12T19:11:22","date_gmt":"2020-11-12T22:11:22","guid":{"rendered":"https:\/\/ambipar.com\/latam\/?page_id=1639"},"modified":"2021-01-05T20:24:54","modified_gmt":"2021-01-05T23:24:54","slug":"management-and-analysis-of-occupational-and-environmental-risks","status":"publish","type":"page","link":"https:\/\/ambipar.com\/latam\/en\/ambipar-environment\/softwares-de-gestao\/management-and-analysis-of-occupational-and-environmental-risks\/","title":{"rendered":"Management and Analysis of Occupational and Environmental Risks"},"content":{"rendered":"\n<p>Developed to meet your company&#8217;s specific methodology and made available through web access, the system offers simple and intelligent management tools that allow &amp; nbsp; identify, assess and determine the controls of your:<\/p>\n\n\n\n<ul><li>Environmental aspects (ISO 14001)<\/li><li>Occupational hazards (ISO 45001)<\/li><li>HACCP: Hazard Analysis and Critical Control Points (ISO 22000)<\/li><li>Process and project risk analysis (ISO 9001, HAZOP, APP) and others<\/li><\/ul>\n\n\n\n<p>The platform allows identifying, prioritizing and documenting Aspects and Dangers, showing, through its indicators, significant impacts and can be used to control Occupational and Environmental Risk Analysis (AR, APP).<\/p>\n\n\n\n<p>See too:<\/p>\n\n\n\n<ul id=\"block-dc8e3340-cf7e-4418-97cf-9b70f5359851\"><li><a href=\"https:\/\/ambipar.com\/latam\/en\/ambipar-environment\/softwares-de-gestao\/management-platform-and-approval-of-suppliers\/\">Management Platform and Approval of Suppliers<\/a><\/li><li><a href=\"https:\/\/ambipar.com\/latam\/en\/ambipar-environment\/softwares-de-gestao\/management-and-handling-of-non-compliances\/\">Management and Handling of Non-Compliances<\/a><\/li><li><a href=\"https:\/\/ambipar.com\/latam\/en\/ambipar-environment\/softwares-de-gestao\/gathering-and-monitoring-of-the-applicable-legal-requirements\/\">Gathering and Monitoring of the Applicable Legal Requirements<\/a><\/li><li><a href=\"https:\/\/ambipar.com\/latam\/en\/ambipar-environment\/softwares-de-gestao\/management-and-control-of-documents\/\">Management and Control of Documents<\/a><\/li><li><a href=\"https:\/\/ambipar.com\/latam\/en\/ambipar-environment\/softwares-de-gestao\/waste-management\/\">Waste Management<\/a><\/li><\/ul>\n\n\n\n<p><\/p>\n","protected":false},"excerpt":{"rendered":"Developed to meet your company&#8217;s specific methodology and made available through web access, the system offers simple and intelligent management tools that allow &amp; nbsp; identify, assess and determine the controls of your: Environmental aspects (ISO 14001) Occupational hazards (ISO 45001) HACCP: Hazard Analysis and Critical Control Points (ISO 22000) Process and project risk analysis&#8230; <a class=\"view-article\" href=\"https:\/\/ambipar.com\/latam\/en\/ambipar-environment\/softwares-de-gestao\/management-and-analysis-of-occupational-and-environmental-risks\/\">Ver art\u00edculo<\/a>","protected":false},"author":1,"featured_media":335,"parent":310,"menu_order":0,"comment_status":"closed","ping_status":"closed","template":"single-servicos.php","meta":[],"yoast_head":"<!-- This site is optimized with the Yoast SEO plugin v17.6 - https:\/\/yoast.com\/wordpress\/plugins\/seo\/ -->\n<title>Meet Ambipar&#039;s Management of Occupational and Environmental Risks<\/title>\n<meta name=\"description\" content=\"Developed to meet your company&#039;s specific methodology, the system offers simple and intelligent management tools\" \/>\n<meta name=\"robots\" content=\"index, follow, max-snippet:-1, max-image-preview:large, max-video-preview:-1\" \/>\n<link rel=\"canonical\" href=\"https:\/\/ambipar.com\/latam\/en\/ambipar-environment\/softwares-de-gestao\/management-and-analysis-of-occupational-and-environmental-risks\/\" \/>\n<meta property=\"og:locale\" content=\"es_ES\" \/>\n<meta property=\"og:type\" content=\"article\" \/>\n<meta property=\"og:title\" content=\"Meet Ambipar&#039;s Management of Occupational and Environmental Risks\" \/>\n<meta property=\"og:description\" content=\"Developed to meet your company&#039;s specific methodology, the system offers simple and intelligent management tools\" \/>\n<meta property=\"og:url\" content=\"https:\/\/ambipar.com\/latam\/en\/ambipar-environment\/softwares-de-gestao\/management-and-analysis-of-occupational-and-environmental-risks\/\" \/>\n<meta property=\"og:site_name\" content=\"Ambipar. A l\u00edder em gest\u00e3o ambiental.\" \/>\n<meta property=\"article:modified_time\" content=\"2021-01-05T23:24:54+00:00\" \/>\n<meta property=\"og:image\" content=\"https:\/\/ambipar.com\/latam\/wp-content\/uploads\/2020\/10\/gestao1a.jpg\" \/>\n\t<meta property=\"og:image:width\" content=\"1002\" \/>\n\t<meta property=\"og:image:height\" content=\"1002\" \/>\n<meta name=\"twitter:card\" content=\"summary_large_image\" \/>\n<meta name=\"twitter:label1\" content=\"Est. reading time\" \/>\n\t<meta name=\"twitter:data1\" content=\"1 minuto\" \/>\n<script type=\"application\/ld+json\" class=\"yoast-schema-graph\">{\"@context\":\"https:\/\/schema.org\",\"@graph\":[{\"@type\":\"Organization\",\"@id\":\"https:\/\/ambipar.com\/latam\/#organization\",\"name\":\"Ambipar\",\"url\":\"https:\/\/ambipar.com\/latam\/\",\"sameAs\":[],\"logo\":{\"@type\":\"ImageObject\",\"@id\":\"https:\/\/ambipar.com\/latam\/#logo\",\"inLanguage\":\"es-CL\",\"url\":\"https:\/\/ambipar.com\/latam\/wp-content\/uploads\/2020\/10\/ambipar_color.png\",\"contentUrl\":\"https:\/\/ambipar.com\/latam\/wp-content\/uploads\/2020\/10\/ambipar_color.png\",\"width\":174,\"height\":107,\"caption\":\"Ambipar\"},\"image\":{\"@id\":\"https:\/\/ambipar.com\/latam\/#logo\"}},{\"@type\":\"WebSite\",\"@id\":\"https:\/\/ambipar.com\/latam\/#website\",\"url\":\"https:\/\/ambipar.com\/latam\/\",\"name\":\"Ambipar. A l\\u00edder em gest\\u00e3o ambiental.\",\"description\":\"Pioneira em solu\\u00e7\\u00f5es ambientais, a Ambipar atua em todo o territ\\u00f3rio nacional oferecendo solu\\u00e7\\u00f5es integradas para toda a cadeia de neg\\u00f3cio.\",\"publisher\":{\"@id\":\"https:\/\/ambipar.com\/latam\/#organization\"},\"potentialAction\":[{\"@type\":\"SearchAction\",\"target\":{\"@type\":\"EntryPoint\",\"urlTemplate\":\"https:\/\/ambipar.com\/latam\/?s={search_term_string}\"},\"query-input\":\"required name=search_term_string\"}],\"inLanguage\":\"es-CL\"},{\"@type\":\"ImageObject\",\"@id\":\"https:\/\/ambipar.com\/latam\/en\/ambipar-environment\/softwares-de-gestao\/management-and-analysis-of-occupational-and-environmental-risks\/#primaryimage\",\"inLanguage\":\"es-CL\",\"url\":\"https:\/\/ambipar.com\/latam\/wp-content\/uploads\/2020\/10\/gestao1a.jpg\",\"contentUrl\":\"https:\/\/ambipar.com\/latam\/wp-content\/uploads\/2020\/10\/gestao1a.jpg\",\"width\":1002,\"height\":1002,\"caption\":\"gest\\u00e3o\"},{\"@type\":\"WebPage\",\"@id\":\"https:\/\/ambipar.com\/latam\/en\/ambipar-environment\/softwares-de-gestao\/management-and-analysis-of-occupational-and-environmental-risks\/#webpage\",\"url\":\"https:\/\/ambipar.com\/latam\/en\/ambipar-environment\/softwares-de-gestao\/management-and-analysis-of-occupational-and-environmental-risks\/\",\"name\":\"Meet Ambipar's Management of Occupational and Environmental Risks\",\"isPartOf\":{\"@id\":\"https:\/\/ambipar.com\/latam\/#website\"},\"primaryImageOfPage\":{\"@id\":\"https:\/\/ambipar.com\/latam\/en\/ambipar-environment\/softwares-de-gestao\/management-and-analysis-of-occupational-and-environmental-risks\/#primaryimage\"},\"datePublished\":\"2020-11-12T22:11:22+00:00\",\"dateModified\":\"2021-01-05T23:24:54+00:00\",\"description\":\"Developed to meet your company's specific methodology, the system offers simple and intelligent management tools\",\"breadcrumb\":{\"@id\":\"https:\/\/ambipar.com\/latam\/en\/ambipar-environment\/softwares-de-gestao\/management-and-analysis-of-occupational-and-environmental-risks\/#breadcrumb\"},\"inLanguage\":\"es-CL\",\"potentialAction\":[{\"@type\":\"ReadAction\",\"target\":[\"https:\/\/ambipar.com\/latam\/en\/ambipar-environment\/softwares-de-gestao\/management-and-analysis-of-occupational-and-environmental-risks\/\"]}]},{\"@type\":\"BreadcrumbList\",\"@id\":\"https:\/\/ambipar.com\/latam\/en\/ambipar-environment\/softwares-de-gestao\/management-and-analysis-of-occupational-and-environmental-risks\/#breadcrumb\",\"itemListElement\":[{\"@type\":\"ListItem\",\"position\":1,\"name\":\"Home\",\"item\":\"https:\/\/ambipar.com\/latam\/\"},{\"@type\":\"ListItem\",\"position\":2,\"name\":\"Ambipar Environment\",\"item\":\"https:\/\/ambipar.com\/latam\/pt\/ambipar-environment\/\"},{\"@type\":\"ListItem\",\"position\":3,\"name\":\"Softwares de Gest\\u00e3o\",\"item\":\"https:\/\/ambipar.com\/latam\/pt\/ambipar-environment\/softwares-de-gestao\/\"},{\"@type\":\"ListItem\",\"position\":4,\"name\":\"Management and Analysis of Occupational and Environmental Risks\"}]}]}<\/script>\n<!-- \/ Yoast SEO plugin. -->","yoast_head_json":{"title":"Meet Ambipar's Management of Occupational and Environmental Risks","description":"Developed to meet your company's specific methodology, the system offers simple and intelligent management tools","robots":{"index":"index","follow":"follow","max-snippet":"max-snippet:-1","max-image-preview":"max-image-preview:large","max-video-preview":"max-video-preview:-1"},"canonical":"https:\/\/ambipar.com\/latam\/en\/ambipar-environment\/softwares-de-gestao\/management-and-analysis-of-occupational-and-environmental-risks\/","og_locale":"es_ES","og_type":"article","og_title":"Meet Ambipar's Management of Occupational and Environmental Risks","og_description":"Developed to meet your company's specific methodology, the system offers simple and intelligent management tools","og_url":"https:\/\/ambipar.com\/latam\/en\/ambipar-environment\/softwares-de-gestao\/management-and-analysis-of-occupational-and-environmental-risks\/","og_site_name":"Ambipar. A l\u00edder em gest\u00e3o ambiental.","article_modified_time":"2021-01-05T23:24:54+00:00","og_image":[{"width":1002,"height":1002,"url":"https:\/\/ambipar.com\/latam\/wp-content\/uploads\/2020\/10\/gestao1a.jpg","type":"image\/jpeg"}],"twitter_card":"summary_large_image","twitter_misc":{"Est. reading time":"1 minuto"},"schema":{"@context":"https:\/\/schema.org","@graph":[{"@type":"Organization","@id":"https:\/\/ambipar.com\/latam\/#organization","name":"Ambipar","url":"https:\/\/ambipar.com\/latam\/","sameAs":[],"logo":{"@type":"ImageObject","@id":"https:\/\/ambipar.com\/latam\/#logo","inLanguage":"es-CL","url":"https:\/\/ambipar.com\/latam\/wp-content\/uploads\/2020\/10\/ambipar_color.png","contentUrl":"https:\/\/ambipar.com\/latam\/wp-content\/uploads\/2020\/10\/ambipar_color.png","width":174,"height":107,"caption":"Ambipar"},"image":{"@id":"https:\/\/ambipar.com\/latam\/#logo"}},{"@type":"WebSite","@id":"https:\/\/ambipar.com\/latam\/#website","url":"https:\/\/ambipar.com\/latam\/","name":"Ambipar. A l\u00edder em gest\u00e3o ambiental.","description":"Pioneira em solu\u00e7\u00f5es ambientais, a Ambipar atua em todo o territ\u00f3rio nacional oferecendo solu\u00e7\u00f5es integradas para toda a cadeia de neg\u00f3cio.","publisher":{"@id":"https:\/\/ambipar.com\/latam\/#organization"},"potentialAction":[{"@type":"SearchAction","target":{"@type":"EntryPoint","urlTemplate":"https:\/\/ambipar.com\/latam\/?s={search_term_string}"},"query-input":"required name=search_term_string"}],"inLanguage":"es-CL"},{"@type":"ImageObject","@id":"https:\/\/ambipar.com\/latam\/en\/ambipar-environment\/softwares-de-gestao\/management-and-analysis-of-occupational-and-environmental-risks\/#primaryimage","inLanguage":"es-CL","url":"https:\/\/ambipar.com\/latam\/wp-content\/uploads\/2020\/10\/gestao1a.jpg","contentUrl":"https:\/\/ambipar.com\/latam\/wp-content\/uploads\/2020\/10\/gestao1a.jpg","width":1002,"height":1002,"caption":"gest\u00e3o"},{"@type":"WebPage","@id":"https:\/\/ambipar.com\/latam\/en\/ambipar-environment\/softwares-de-gestao\/management-and-analysis-of-occupational-and-environmental-risks\/#webpage","url":"https:\/\/ambipar.com\/latam\/en\/ambipar-environment\/softwares-de-gestao\/management-and-analysis-of-occupational-and-environmental-risks\/","name":"Meet Ambipar's Management of Occupational and Environmental Risks","isPartOf":{"@id":"https:\/\/ambipar.com\/latam\/#website"},"primaryImageOfPage":{"@id":"https:\/\/ambipar.com\/latam\/en\/ambipar-environment\/softwares-de-gestao\/management-and-analysis-of-occupational-and-environmental-risks\/#primaryimage"},"datePublished":"2020-11-12T22:11:22+00:00","dateModified":"2021-01-05T23:24:54+00:00","description":"Developed to meet your company's specific methodology, the system offers simple and intelligent management tools","breadcrumb":{"@id":"https:\/\/ambipar.com\/latam\/en\/ambipar-environment\/softwares-de-gestao\/management-and-analysis-of-occupational-and-environmental-risks\/#breadcrumb"},"inLanguage":"es-CL","potentialAction":[{"@type":"ReadAction","target":["https:\/\/ambipar.com\/latam\/en\/ambipar-environment\/softwares-de-gestao\/management-and-analysis-of-occupational-and-environmental-risks\/"]}]},{"@type":"BreadcrumbList","@id":"https:\/\/ambipar.com\/latam\/en\/ambipar-environment\/softwares-de-gestao\/management-and-analysis-of-occupational-and-environmental-risks\/#breadcrumb","itemListElement":[{"@type":"ListItem","position":1,"name":"Home","item":"https:\/\/ambipar.com\/latam\/"},{"@type":"ListItem","position":2,"name":"Ambipar Environment","item":"https:\/\/ambipar.com\/latam\/pt\/ambipar-environment\/"},{"@type":"ListItem","position":3,"name":"Softwares de Gest\u00e3o","item":"https:\/\/ambipar.com\/latam\/pt\/ambipar-environment\/softwares-de-gestao\/"},{"@type":"ListItem","position":4,"name":"Management and Analysis of Occupational and Environmental Risks"}]}]}},"_links":{"self":[{"href":"https:\/\/ambipar.com\/latam\/wp-json\/wp\/v2\/pages\/1639"}],"collection":[{"href":"https:\/\/ambipar.com\/latam\/wp-json\/wp\/v2\/pages"}],"about":[{"href":"https:\/\/ambipar.com\/latam\/wp-json\/wp\/v2\/types\/page"}],"author":[{"embeddable":true,"href":"https:\/\/ambipar.com\/latam\/wp-json\/wp\/v2\/users\/1"}],"replies":[{"embeddable":true,"href":"https:\/\/ambipar.com\/latam\/wp-json\/wp\/v2\/comments?post=1639"}],"version-history":[{"count":3,"href":"https:\/\/ambipar.com\/latam\/wp-json\/wp\/v2\/pages\/1639\/revisions"}],"predecessor-version":[{"id":1701,"href":"https:\/\/ambipar.com\/latam\/wp-json\/wp\/v2\/pages\/1639\/revisions\/1701"}],"up":[{"embeddable":true,"href":"https:\/\/ambipar.com\/latam\/wp-json\/wp\/v2\/pages\/310"}],"wp:featuredmedia":[{"embeddable":true,"href":"https:\/\/ambipar.com\/latam\/wp-json\/wp\/v2\/media\/335"}],"wp:attachment":[{"href":"https:\/\/ambipar.com\/latam\/wp-json\/wp\/v2\/media?parent=1639"}],"curies":[{"name":"wp","href":"https:\/\/api.w.org\/{rel}","templated":true}]}}