{"id":164,"date":"2020-10-27T17:32:34","date_gmt":"2020-10-27T20:32:34","guid":{"rendered":"https:\/\/ambipar.com\/latam\/?page_id=164"},"modified":"2021-01-05T20:12:24","modified_gmt":"2021-01-05T23:12:24","slug":"tratamento-de-residuos","status":"publish","type":"page","link":"https:\/\/ambipar.com\/latam\/pt\/ambipar-environment\/gestao-e-valorizacao-de-residuos\/tratamento-de-residuos\/","title":{"rendered":"Tratamento de Res\u00edduos"},"content":{"rendered":"\n<p>A Ambipar possui avan\u00e7adas tecnologias de tratamento de res\u00edduos (s\u00f3lidos, l\u00edquidos e pastosos) provenientes de atividades industriais, refinarias, servi\u00e7os de sa\u00fade, portu\u00e1rios, aeroportu\u00e1rios e ferrovias, sendo:<\/p>\n\n\n\n<ul><li>Triagem de Recicl\u00e1veis<\/li><li>Sistema de tratamento de efluentes \u2013 ETE<\/li><li>Unidade de blendagem<\/li><li>Autoclavagem<\/li><\/ul>\n\n\n\n<p><strong>UNIDADES<\/strong> Aracruz\/ES, S\u00e3o Matheus\/ES e Guar\u00e1\/SP<\/p>\n\n\n\n<p>Veja tamb\u00e9m:<\/p>\n\n\n\n<ul id=\"block-95e5864b-8f4b-4d86-9ab5-628d26af1769\"><li><a href=\"\/ambipar-environment\/gestao-e-valorizacao-de-residuos\/valorizacao-agronomica\/\">Valoriza\u00e7\u00e3o Agron\u00f4mica<\/a><\/li><li><a href=\"https:\/\/ambipar.com\/latam\/ambipar-environment\/gestao-e-valorizacao-de-residuos\/pesquisa-desenvolvimento-inovacao-pdi\/\">Pesquisa Desenvolvimento &amp; Inova\u00e7\u00e3o (PD&amp;I)<\/a><\/li><li><a href=\"\/ambipar-environment\/gestao-e-valorizacao-de-residuos\/engenharia-ambiental\">Engenharia Ambiental<\/a><\/li><\/ul>\n\n\n\n<p><\/p>\n","protected":false},"excerpt":{"rendered":"A Ambipar possui avan\u00e7adas tecnologias de tratamento de res\u00edduos (s\u00f3lidos, l\u00edquidos e pastosos) provenientes de atividades industriais, refinarias, servi\u00e7os de sa\u00fade, portu\u00e1rios, aeroportu\u00e1rios e ferrovias, sendo: Triagem de Recicl\u00e1veis Sistema de tratamento de efluentes \u2013 ETE Unidade de blendagem Autoclavagem UNIDADES Aracruz\/ES, S\u00e3o Matheus\/ES e Guar\u00e1\/SP Veja tamb\u00e9m: Valoriza\u00e7\u00e3o Agron\u00f4mica Pesquisa Desenvolvimento &amp; Inova\u00e7\u00e3o (PD&amp;I)&#8230; <a class=\"view-article\" href=\"https:\/\/ambipar.com\/latam\/pt\/ambipar-environment\/gestao-e-valorizacao-de-residuos\/tratamento-de-residuos\/\">Ver art\u00edculo<\/a>","protected":false},"author":1,"featured_media":169,"parent":162,"menu_order":0,"comment_status":"closed","ping_status":"closed","template":"single-servicos.php","meta":[],"yoast_head":"<!-- This site is optimized with the Yoast SEO plugin v17.6 - https:\/\/yoast.com\/wordpress\/plugins\/seo\/ -->\n<title>Conhe\u00e7a as tecnologias de Tratamento de Res\u00edduos da Ambipar<\/title>\n<meta name=\"description\" content=\"A Ambipar possui avan\u00e7adas tecnologias de tratamento de res\u00edduos (s\u00f3lidos, l\u00edquidos e pastosos) provenientes de atividades industriais\" \/>\n<meta name=\"robots\" content=\"index, follow, max-snippet:-1, max-image-preview:large, max-video-preview:-1\" \/>\n<link rel=\"canonical\" href=\"https:\/\/ambipar.com\/latam\/pt\/ambipar-environment\/gestao-e-valorizacao-de-residuos\/tratamento-de-residuos\/\" \/>\n<meta property=\"og:locale\" content=\"es_ES\" \/>\n<meta property=\"og:type\" content=\"article\" \/>\n<meta property=\"og:title\" content=\"Conhe\u00e7a as tecnologias de Tratamento de Res\u00edduos da Ambipar\" \/>\n<meta property=\"og:description\" content=\"A Ambipar possui avan\u00e7adas tecnologias de tratamento de res\u00edduos (s\u00f3lidos, l\u00edquidos e pastosos) provenientes de atividades industriais\" \/>\n<meta property=\"og:url\" content=\"https:\/\/ambipar.com\/latam\/pt\/ambipar-environment\/gestao-e-valorizacao-de-residuos\/tratamento-de-residuos\/\" \/>\n<meta property=\"og:site_name\" content=\"Ambipar. A l\u00edder em gest\u00e3o ambiental.\" \/>\n<meta property=\"article:modified_time\" content=\"2021-01-05T23:12:24+00:00\" \/>\n<meta property=\"og:image\" content=\"https:\/\/ambipar.com\/latam\/wp-content\/uploads\/2020\/10\/tratamentoResiduos.jpg\" \/>\n\t<meta property=\"og:image:width\" content=\"1006\" \/>\n\t<meta property=\"og:image:height\" content=\"896\" \/>\n<meta name=\"twitter:card\" content=\"summary_large_image\" \/>\n<script type=\"application\/ld+json\" class=\"yoast-schema-graph\">{\"@context\":\"https:\/\/schema.org\",\"@graph\":[{\"@type\":\"Organization\",\"@id\":\"https:\/\/ambipar.com\/latam\/#organization\",\"name\":\"Ambipar\",\"url\":\"https:\/\/ambipar.com\/latam\/\",\"sameAs\":[],\"logo\":{\"@type\":\"ImageObject\",\"@id\":\"https:\/\/ambipar.com\/latam\/#logo\",\"inLanguage\":\"es-CL\",\"url\":\"https:\/\/ambipar.com\/latam\/wp-content\/uploads\/2020\/10\/ambipar_color.png\",\"contentUrl\":\"https:\/\/ambipar.com\/latam\/wp-content\/uploads\/2020\/10\/ambipar_color.png\",\"width\":174,\"height\":107,\"caption\":\"Ambipar\"},\"image\":{\"@id\":\"https:\/\/ambipar.com\/latam\/#logo\"}},{\"@type\":\"WebSite\",\"@id\":\"https:\/\/ambipar.com\/latam\/#website\",\"url\":\"https:\/\/ambipar.com\/latam\/\",\"name\":\"Ambipar. A l\\u00edder em gest\\u00e3o ambiental.\",\"description\":\"Pioneira em solu\\u00e7\\u00f5es ambientais, a Ambipar atua em todo o territ\\u00f3rio nacional oferecendo solu\\u00e7\\u00f5es integradas para toda a cadeia de neg\\u00f3cio.\",\"publisher\":{\"@id\":\"https:\/\/ambipar.com\/latam\/#organization\"},\"potentialAction\":[{\"@type\":\"SearchAction\",\"target\":{\"@type\":\"EntryPoint\",\"urlTemplate\":\"https:\/\/ambipar.com\/latam\/?s={search_term_string}\"},\"query-input\":\"required name=search_term_string\"}],\"inLanguage\":\"es-CL\"},{\"@type\":\"ImageObject\",\"@id\":\"https:\/\/ambipar.com\/latam\/pt\/ambipar-environment\/gestao-e-valorizacao-de-residuos\/tratamento-de-residuos\/#primaryimage\",\"inLanguage\":\"es-CL\",\"url\":\"https:\/\/ambipar.com\/latam\/wp-content\/uploads\/2020\/10\/tratamentoResiduos.jpg\",\"contentUrl\":\"https:\/\/ambipar.com\/latam\/wp-content\/uploads\/2020\/10\/tratamentoResiduos.jpg\",\"width\":1006,\"height\":896,\"caption\":\"tratamento de res\\u00edduos\"},{\"@type\":\"WebPage\",\"@id\":\"https:\/\/ambipar.com\/latam\/pt\/ambipar-environment\/gestao-e-valorizacao-de-residuos\/tratamento-de-residuos\/#webpage\",\"url\":\"https:\/\/ambipar.com\/latam\/pt\/ambipar-environment\/gestao-e-valorizacao-de-residuos\/tratamento-de-residuos\/\",\"name\":\"Conhe\\u00e7a as tecnologias de Tratamento de Res\\u00edduos da Ambipar\",\"isPartOf\":{\"@id\":\"https:\/\/ambipar.com\/latam\/#website\"},\"primaryImageOfPage\":{\"@id\":\"https:\/\/ambipar.com\/latam\/pt\/ambipar-environment\/gestao-e-valorizacao-de-residuos\/tratamento-de-residuos\/#primaryimage\"},\"datePublished\":\"2020-10-27T20:32:34+00:00\",\"dateModified\":\"2021-01-05T23:12:24+00:00\",\"description\":\"A Ambipar possui avan\\u00e7adas tecnologias de tratamento de res\\u00edduos (s\\u00f3lidos, l\\u00edquidos e pastosos) provenientes de atividades industriais\",\"breadcrumb\":{\"@id\":\"https:\/\/ambipar.com\/latam\/pt\/ambipar-environment\/gestao-e-valorizacao-de-residuos\/tratamento-de-residuos\/#breadcrumb\"},\"inLanguage\":\"es-CL\",\"potentialAction\":[{\"@type\":\"ReadAction\",\"target\":[\"https:\/\/ambipar.com\/latam\/pt\/ambipar-environment\/gestao-e-valorizacao-de-residuos\/tratamento-de-residuos\/\"]}]},{\"@type\":\"BreadcrumbList\",\"@id\":\"https:\/\/ambipar.com\/latam\/pt\/ambipar-environment\/gestao-e-valorizacao-de-residuos\/tratamento-de-residuos\/#breadcrumb\",\"itemListElement\":[{\"@type\":\"ListItem\",\"position\":1,\"name\":\"Home\",\"item\":\"https:\/\/ambipar.com\/latam\/\"},{\"@type\":\"ListItem\",\"position\":2,\"name\":\"Ambipar Environment\",\"item\":\"https:\/\/ambipar.com\/latam\/pt\/ambipar-environment\/\"},{\"@type\":\"ListItem\",\"position\":3,\"name\":\"Gest\\u00e3o e Valoriza\\u00e7\\u00e3o de res\\u00edduos\",\"item\":\"https:\/\/ambipar.com\/latam\/pt\/ambipar-environment\/gestao-e-valorizacao-de-residuos\/\"},{\"@type\":\"ListItem\",\"position\":4,\"name\":\"Tratamento de Res\\u00edduos\"}]}]}<\/script>\n<!-- \/ Yoast SEO plugin. -->","yoast_head_json":{"title":"Conhe\u00e7a as tecnologias de Tratamento de Res\u00edduos da Ambipar","description":"A Ambipar possui avan\u00e7adas tecnologias de tratamento de res\u00edduos (s\u00f3lidos, l\u00edquidos e pastosos) provenientes de atividades industriais","robots":{"index":"index","follow":"follow","max-snippet":"max-snippet:-1","max-image-preview":"max-image-preview:large","max-video-preview":"max-video-preview:-1"},"canonical":"https:\/\/ambipar.com\/latam\/pt\/ambipar-environment\/gestao-e-valorizacao-de-residuos\/tratamento-de-residuos\/","og_locale":"es_ES","og_type":"article","og_title":"Conhe\u00e7a as tecnologias de Tratamento de Res\u00edduos da Ambipar","og_description":"A Ambipar possui avan\u00e7adas tecnologias de tratamento de res\u00edduos (s\u00f3lidos, l\u00edquidos e pastosos) provenientes de atividades industriais","og_url":"https:\/\/ambipar.com\/latam\/pt\/ambipar-environment\/gestao-e-valorizacao-de-residuos\/tratamento-de-residuos\/","og_site_name":"Ambipar. A l\u00edder em gest\u00e3o ambiental.","article_modified_time":"2021-01-05T23:12:24+00:00","og_image":[{"width":1006,"height":896,"url":"https:\/\/ambipar.com\/latam\/wp-content\/uploads\/2020\/10\/tratamentoResiduos.jpg","type":"image\/jpeg"}],"twitter_card":"summary_large_image","schema":{"@context":"https:\/\/schema.org","@graph":[{"@type":"Organization","@id":"https:\/\/ambipar.com\/latam\/#organization","name":"Ambipar","url":"https:\/\/ambipar.com\/latam\/","sameAs":[],"logo":{"@type":"ImageObject","@id":"https:\/\/ambipar.com\/latam\/#logo","inLanguage":"es-CL","url":"https:\/\/ambipar.com\/latam\/wp-content\/uploads\/2020\/10\/ambipar_color.png","contentUrl":"https:\/\/ambipar.com\/latam\/wp-content\/uploads\/2020\/10\/ambipar_color.png","width":174,"height":107,"caption":"Ambipar"},"image":{"@id":"https:\/\/ambipar.com\/latam\/#logo"}},{"@type":"WebSite","@id":"https:\/\/ambipar.com\/latam\/#website","url":"https:\/\/ambipar.com\/latam\/","name":"Ambipar. A l\u00edder em gest\u00e3o ambiental.","description":"Pioneira em solu\u00e7\u00f5es ambientais, a Ambipar atua em todo o territ\u00f3rio nacional oferecendo solu\u00e7\u00f5es integradas para toda a cadeia de neg\u00f3cio.","publisher":{"@id":"https:\/\/ambipar.com\/latam\/#organization"},"potentialAction":[{"@type":"SearchAction","target":{"@type":"EntryPoint","urlTemplate":"https:\/\/ambipar.com\/latam\/?s={search_term_string}"},"query-input":"required name=search_term_string"}],"inLanguage":"es-CL"},{"@type":"ImageObject","@id":"https:\/\/ambipar.com\/latam\/pt\/ambipar-environment\/gestao-e-valorizacao-de-residuos\/tratamento-de-residuos\/#primaryimage","inLanguage":"es-CL","url":"https:\/\/ambipar.com\/latam\/wp-content\/uploads\/2020\/10\/tratamentoResiduos.jpg","contentUrl":"https:\/\/ambipar.com\/latam\/wp-content\/uploads\/2020\/10\/tratamentoResiduos.jpg","width":1006,"height":896,"caption":"tratamento de res\u00edduos"},{"@type":"WebPage","@id":"https:\/\/ambipar.com\/latam\/pt\/ambipar-environment\/gestao-e-valorizacao-de-residuos\/tratamento-de-residuos\/#webpage","url":"https:\/\/ambipar.com\/latam\/pt\/ambipar-environment\/gestao-e-valorizacao-de-residuos\/tratamento-de-residuos\/","name":"Conhe\u00e7a as tecnologias de Tratamento de Res\u00edduos da Ambipar","isPartOf":{"@id":"https:\/\/ambipar.com\/latam\/#website"},"primaryImageOfPage":{"@id":"https:\/\/ambipar.com\/latam\/pt\/ambipar-environment\/gestao-e-valorizacao-de-residuos\/tratamento-de-residuos\/#primaryimage"},"datePublished":"2020-10-27T20:32:34+00:00","dateModified":"2021-01-05T23:12:24+00:00","description":"A Ambipar possui avan\u00e7adas tecnologias de tratamento de res\u00edduos (s\u00f3lidos, l\u00edquidos e pastosos) provenientes de atividades industriais","breadcrumb":{"@id":"https:\/\/ambipar.com\/latam\/pt\/ambipar-environment\/gestao-e-valorizacao-de-residuos\/tratamento-de-residuos\/#breadcrumb"},"inLanguage":"es-CL","potentialAction":[{"@type":"ReadAction","target":["https:\/\/ambipar.com\/latam\/pt\/ambipar-environment\/gestao-e-valorizacao-de-residuos\/tratamento-de-residuos\/"]}]},{"@type":"BreadcrumbList","@id":"https:\/\/ambipar.com\/latam\/pt\/ambipar-environment\/gestao-e-valorizacao-de-residuos\/tratamento-de-residuos\/#breadcrumb","itemListElement":[{"@type":"ListItem","position":1,"name":"Home","item":"https:\/\/ambipar.com\/latam\/"},{"@type":"ListItem","position":2,"name":"Ambipar Environment","item":"https:\/\/ambipar.com\/latam\/pt\/ambipar-environment\/"},{"@type":"ListItem","position":3,"name":"Gest\u00e3o e Valoriza\u00e7\u00e3o de res\u00edduos","item":"https:\/\/ambipar.com\/latam\/pt\/ambipar-environment\/gestao-e-valorizacao-de-residuos\/"},{"@type":"ListItem","position":4,"name":"Tratamento de Res\u00edduos"}]}]}},"_links":{"self":[{"href":"https:\/\/ambipar.com\/latam\/wp-json\/wp\/v2\/pages\/164"}],"collection":[{"href":"https:\/\/ambipar.com\/latam\/wp-json\/wp\/v2\/pages"}],"about":[{"href":"https:\/\/ambipar.com\/latam\/wp-json\/wp\/v2\/types\/page"}],"author":[{"embeddable":true,"href":"https:\/\/ambipar.com\/latam\/wp-json\/wp\/v2\/users\/1"}],"replies":[{"embeddable":true,"href":"https:\/\/ambipar.com\/latam\/wp-json\/wp\/v2\/comments?post=164"}],"version-history":[{"count":5,"href":"https:\/\/ambipar.com\/latam\/wp-json\/wp\/v2\/pages\/164\/revisions"}],"predecessor-version":[{"id":367,"href":"https:\/\/ambipar.com\/latam\/wp-json\/wp\/v2\/pages\/164\/revisions\/367"}],"up":[{"embeddable":true,"href":"https:\/\/ambipar.com\/latam\/wp-json\/wp\/v2\/pages\/162"}],"wp:featuredmedia":[{"embeddable":true,"href":"https:\/\/ambipar.com\/latam\/wp-json\/wp\/v2\/media\/169"}],"wp:attachment":[{"href":"https:\/\/ambipar.com\/latam\/wp-json\/wp\/v2\/media?parent=164"}],"curies":[{"name":"wp","href":"https:\/\/api.w.org\/{rel}","templated":true}]}}