{"id":1645,"date":"2020-11-12T19:12:24","date_gmt":"2020-11-12T22:12:24","guid":{"rendered":"https:\/\/ambipar.com\/latam\/?page_id=1645"},"modified":"2021-01-05T20:25:00","modified_gmt":"2021-01-05T23:25:00","slug":"management-and-control-of-documents","status":"publish","type":"page","link":"https:\/\/ambipar.com\/latam\/en\/ambipar-environment\/softwares-de-gestao\/management-and-control-of-documents\/","title":{"rendered":"Management and Control of Documents"},"content":{"rendered":"\n<p>It allows the management and control of documents and their validity.<\/p>\n\n\n\n<p>In it, company or third party documents (contractors, suppliers, customers, etc.) can be registered.<\/p>\n\n\n\n<p>Main benefits:<\/p>\n\n\n\n<ul><li>Uploading documents in a safe environment, whether owned or owned by third parties<\/li><li>Control of documents by type and their conditions<\/li><li>Alerts for managers, users and suppliers, by renewal and expiration<\/li><li>Expiration reports by document types<\/li><li>Possibility to file documents with confidentiality before other users<\/li><\/ul>\n\n\n\n<p>See too:<\/p>\n\n\n\n<ul><li><a href=\"https:\/\/ambipar.com\/latam\/en\/ambipar-environment\/softwares-de-gestao\/management-platform-and-approval-of-suppliers\/\">Management Platform and Approval of Suppliers<\/a><\/li><li><a href=\"https:\/\/ambipar.com\/latam\/en\/ambipar-environment\/softwares-de-gestao\/management-and-handling-of-non-compliances\/\">Management and Handling of Non-Compliances<\/a><\/li><li><a href=\"https:\/\/ambipar.com\/latam\/en\/ambipar-environment\/softwares-de-gestao\/gathering-and-monitoring-of-the-applicable-legal-requirements\/\">Gathering and Monitoring of the Applicable Legal Requirements<\/a><\/li><li><a href=\"https:\/\/ambipar.com\/latam\/en\/ambipar-environment\/softwares-de-gestao\/management-and-analysis-of-occupational-and-environmental-risks\/\">Management and Analysis of Occupational and Environmental Risks<\/a><\/li><li><a href=\"https:\/\/ambipar.com\/latam\/en\/ambipar-environment\/softwares-de-gestao\/waste-management\/\">Waste Management<\/a><\/li><\/ul>\n\n\n\n<p><\/p>\n","protected":false},"excerpt":{"rendered":"It allows the management and control of documents and their validity. In it, company or third party documents (contractors, suppliers, customers, etc.) can be registered. Main benefits: Uploading documents in a safe environment, whether owned or owned by third parties Control of documents by type and their conditions Alerts for managers, users and suppliers, by&#8230; <a class=\"view-article\" href=\"https:\/\/ambipar.com\/latam\/en\/ambipar-environment\/softwares-de-gestao\/management-and-control-of-documents\/\">Ver art\u00edculo<\/a>","protected":false},"author":1,"featured_media":320,"parent":310,"menu_order":0,"comment_status":"closed","ping_status":"closed","template":"single-servicos.php","meta":[],"yoast_head":"<!-- This site is optimized with the Yoast SEO plugin v17.6 - https:\/\/yoast.com\/wordpress\/plugins\/seo\/ -->\n<title>Meet Ambipar Environment&#039;s Management and Control of Documents<\/title>\n<meta name=\"description\" content=\"It allows the management and control of documents and their validity. In it, company or third party documents can be registered.\" \/>\n<meta name=\"robots\" content=\"index, follow, max-snippet:-1, max-image-preview:large, max-video-preview:-1\" \/>\n<link rel=\"canonical\" href=\"https:\/\/ambipar.com\/latam\/en\/ambipar-environment\/softwares-de-gestao\/management-and-control-of-documents\/\" \/>\n<meta property=\"og:locale\" content=\"es_ES\" \/>\n<meta property=\"og:type\" content=\"article\" \/>\n<meta property=\"og:title\" content=\"Meet Ambipar Environment&#039;s Management and Control of Documents\" \/>\n<meta property=\"og:description\" content=\"It allows the management and control of documents and their validity. In it, company or third party documents can be registered.\" \/>\n<meta property=\"og:url\" content=\"https:\/\/ambipar.com\/latam\/en\/ambipar-environment\/softwares-de-gestao\/management-and-control-of-documents\/\" \/>\n<meta property=\"og:site_name\" content=\"Ambipar. A l\u00edder em gest\u00e3o ambiental.\" \/>\n<meta property=\"article:modified_time\" content=\"2021-01-05T23:25:00+00:00\" \/>\n<meta property=\"og:image\" content=\"https:\/\/ambipar.com\/latam\/wp-content\/uploads\/2020\/10\/gestao4.jpg\" \/>\n\t<meta property=\"og:image:width\" content=\"1002\" \/>\n\t<meta property=\"og:image:height\" content=\"1004\" \/>\n<meta name=\"twitter:card\" content=\"summary_large_image\" \/>\n<script type=\"application\/ld+json\" class=\"yoast-schema-graph\">{\"@context\":\"https:\/\/schema.org\",\"@graph\":[{\"@type\":\"Organization\",\"@id\":\"https:\/\/ambipar.com\/latam\/#organization\",\"name\":\"Ambipar\",\"url\":\"https:\/\/ambipar.com\/latam\/\",\"sameAs\":[],\"logo\":{\"@type\":\"ImageObject\",\"@id\":\"https:\/\/ambipar.com\/latam\/#logo\",\"inLanguage\":\"es-CL\",\"url\":\"https:\/\/ambipar.com\/latam\/wp-content\/uploads\/2020\/10\/ambipar_color.png\",\"contentUrl\":\"https:\/\/ambipar.com\/latam\/wp-content\/uploads\/2020\/10\/ambipar_color.png\",\"width\":174,\"height\":107,\"caption\":\"Ambipar\"},\"image\":{\"@id\":\"https:\/\/ambipar.com\/latam\/#logo\"}},{\"@type\":\"WebSite\",\"@id\":\"https:\/\/ambipar.com\/latam\/#website\",\"url\":\"https:\/\/ambipar.com\/latam\/\",\"name\":\"Ambipar. A l\\u00edder em gest\\u00e3o ambiental.\",\"description\":\"Pioneira em solu\\u00e7\\u00f5es ambientais, a Ambipar atua em todo o territ\\u00f3rio nacional oferecendo solu\\u00e7\\u00f5es integradas para toda a cadeia de neg\\u00f3cio.\",\"publisher\":{\"@id\":\"https:\/\/ambipar.com\/latam\/#organization\"},\"potentialAction\":[{\"@type\":\"SearchAction\",\"target\":{\"@type\":\"EntryPoint\",\"urlTemplate\":\"https:\/\/ambipar.com\/latam\/?s={search_term_string}\"},\"query-input\":\"required name=search_term_string\"}],\"inLanguage\":\"es-CL\"},{\"@type\":\"ImageObject\",\"@id\":\"https:\/\/ambipar.com\/latam\/en\/ambipar-environment\/softwares-de-gestao\/management-and-control-of-documents\/#primaryimage\",\"inLanguage\":\"es-CL\",\"url\":\"https:\/\/ambipar.com\/latam\/wp-content\/uploads\/2020\/10\/gestao4.jpg\",\"contentUrl\":\"https:\/\/ambipar.com\/latam\/wp-content\/uploads\/2020\/10\/gestao4.jpg\",\"width\":1002,\"height\":1004,\"caption\":\"gest\\u00e3o\"},{\"@type\":\"WebPage\",\"@id\":\"https:\/\/ambipar.com\/latam\/en\/ambipar-environment\/softwares-de-gestao\/management-and-control-of-documents\/#webpage\",\"url\":\"https:\/\/ambipar.com\/latam\/en\/ambipar-environment\/softwares-de-gestao\/management-and-control-of-documents\/\",\"name\":\"Meet Ambipar Environment's Management and Control of Documents\",\"isPartOf\":{\"@id\":\"https:\/\/ambipar.com\/latam\/#website\"},\"primaryImageOfPage\":{\"@id\":\"https:\/\/ambipar.com\/latam\/en\/ambipar-environment\/softwares-de-gestao\/management-and-control-of-documents\/#primaryimage\"},\"datePublished\":\"2020-11-12T22:12:24+00:00\",\"dateModified\":\"2021-01-05T23:25:00+00:00\",\"description\":\"It allows the management and control of documents and their validity. In it, company or third party documents can be registered.\",\"breadcrumb\":{\"@id\":\"https:\/\/ambipar.com\/latam\/en\/ambipar-environment\/softwares-de-gestao\/management-and-control-of-documents\/#breadcrumb\"},\"inLanguage\":\"es-CL\",\"potentialAction\":[{\"@type\":\"ReadAction\",\"target\":[\"https:\/\/ambipar.com\/latam\/en\/ambipar-environment\/softwares-de-gestao\/management-and-control-of-documents\/\"]}]},{\"@type\":\"BreadcrumbList\",\"@id\":\"https:\/\/ambipar.com\/latam\/en\/ambipar-environment\/softwares-de-gestao\/management-and-control-of-documents\/#breadcrumb\",\"itemListElement\":[{\"@type\":\"ListItem\",\"position\":1,\"name\":\"Home\",\"item\":\"https:\/\/ambipar.com\/latam\/\"},{\"@type\":\"ListItem\",\"position\":2,\"name\":\"Ambipar Environment\",\"item\":\"https:\/\/ambipar.com\/latam\/pt\/ambipar-environment\/\"},{\"@type\":\"ListItem\",\"position\":3,\"name\":\"Softwares de Gest\\u00e3o\",\"item\":\"https:\/\/ambipar.com\/latam\/pt\/ambipar-environment\/softwares-de-gestao\/\"},{\"@type\":\"ListItem\",\"position\":4,\"name\":\"Management and Control of Documents\"}]}]}<\/script>\n<!-- \/ Yoast SEO plugin. -->","yoast_head_json":{"title":"Meet Ambipar Environment's Management and Control of Documents","description":"It allows the management and control of documents and their validity. In it, company or third party documents can be registered.","robots":{"index":"index","follow":"follow","max-snippet":"max-snippet:-1","max-image-preview":"max-image-preview:large","max-video-preview":"max-video-preview:-1"},"canonical":"https:\/\/ambipar.com\/latam\/en\/ambipar-environment\/softwares-de-gestao\/management-and-control-of-documents\/","og_locale":"es_ES","og_type":"article","og_title":"Meet Ambipar Environment's Management and Control of Documents","og_description":"It allows the management and control of documents and their validity. In it, company or third party documents can be registered.","og_url":"https:\/\/ambipar.com\/latam\/en\/ambipar-environment\/softwares-de-gestao\/management-and-control-of-documents\/","og_site_name":"Ambipar. A l\u00edder em gest\u00e3o ambiental.","article_modified_time":"2021-01-05T23:25:00+00:00","og_image":[{"width":1002,"height":1004,"url":"https:\/\/ambipar.com\/latam\/wp-content\/uploads\/2020\/10\/gestao4.jpg","type":"image\/jpeg"}],"twitter_card":"summary_large_image","schema":{"@context":"https:\/\/schema.org","@graph":[{"@type":"Organization","@id":"https:\/\/ambipar.com\/latam\/#organization","name":"Ambipar","url":"https:\/\/ambipar.com\/latam\/","sameAs":[],"logo":{"@type":"ImageObject","@id":"https:\/\/ambipar.com\/latam\/#logo","inLanguage":"es-CL","url":"https:\/\/ambipar.com\/latam\/wp-content\/uploads\/2020\/10\/ambipar_color.png","contentUrl":"https:\/\/ambipar.com\/latam\/wp-content\/uploads\/2020\/10\/ambipar_color.png","width":174,"height":107,"caption":"Ambipar"},"image":{"@id":"https:\/\/ambipar.com\/latam\/#logo"}},{"@type":"WebSite","@id":"https:\/\/ambipar.com\/latam\/#website","url":"https:\/\/ambipar.com\/latam\/","name":"Ambipar. A l\u00edder em gest\u00e3o ambiental.","description":"Pioneira em solu\u00e7\u00f5es ambientais, a Ambipar atua em todo o territ\u00f3rio nacional oferecendo solu\u00e7\u00f5es integradas para toda a cadeia de neg\u00f3cio.","publisher":{"@id":"https:\/\/ambipar.com\/latam\/#organization"},"potentialAction":[{"@type":"SearchAction","target":{"@type":"EntryPoint","urlTemplate":"https:\/\/ambipar.com\/latam\/?s={search_term_string}"},"query-input":"required name=search_term_string"}],"inLanguage":"es-CL"},{"@type":"ImageObject","@id":"https:\/\/ambipar.com\/latam\/en\/ambipar-environment\/softwares-de-gestao\/management-and-control-of-documents\/#primaryimage","inLanguage":"es-CL","url":"https:\/\/ambipar.com\/latam\/wp-content\/uploads\/2020\/10\/gestao4.jpg","contentUrl":"https:\/\/ambipar.com\/latam\/wp-content\/uploads\/2020\/10\/gestao4.jpg","width":1002,"height":1004,"caption":"gest\u00e3o"},{"@type":"WebPage","@id":"https:\/\/ambipar.com\/latam\/en\/ambipar-environment\/softwares-de-gestao\/management-and-control-of-documents\/#webpage","url":"https:\/\/ambipar.com\/latam\/en\/ambipar-environment\/softwares-de-gestao\/management-and-control-of-documents\/","name":"Meet Ambipar Environment's Management and Control of Documents","isPartOf":{"@id":"https:\/\/ambipar.com\/latam\/#website"},"primaryImageOfPage":{"@id":"https:\/\/ambipar.com\/latam\/en\/ambipar-environment\/softwares-de-gestao\/management-and-control-of-documents\/#primaryimage"},"datePublished":"2020-11-12T22:12:24+00:00","dateModified":"2021-01-05T23:25:00+00:00","description":"It allows the management and control of documents and their validity. In it, company or third party documents can be registered.","breadcrumb":{"@id":"https:\/\/ambipar.com\/latam\/en\/ambipar-environment\/softwares-de-gestao\/management-and-control-of-documents\/#breadcrumb"},"inLanguage":"es-CL","potentialAction":[{"@type":"ReadAction","target":["https:\/\/ambipar.com\/latam\/en\/ambipar-environment\/softwares-de-gestao\/management-and-control-of-documents\/"]}]},{"@type":"BreadcrumbList","@id":"https:\/\/ambipar.com\/latam\/en\/ambipar-environment\/softwares-de-gestao\/management-and-control-of-documents\/#breadcrumb","itemListElement":[{"@type":"ListItem","position":1,"name":"Home","item":"https:\/\/ambipar.com\/latam\/"},{"@type":"ListItem","position":2,"name":"Ambipar Environment","item":"https:\/\/ambipar.com\/latam\/pt\/ambipar-environment\/"},{"@type":"ListItem","position":3,"name":"Softwares de Gest\u00e3o","item":"https:\/\/ambipar.com\/latam\/pt\/ambipar-environment\/softwares-de-gestao\/"},{"@type":"ListItem","position":4,"name":"Management and Control of Documents"}]}]}},"_links":{"self":[{"href":"https:\/\/ambipar.com\/latam\/wp-json\/wp\/v2\/pages\/1645"}],"collection":[{"href":"https:\/\/ambipar.com\/latam\/wp-json\/wp\/v2\/pages"}],"about":[{"href":"https:\/\/ambipar.com\/latam\/wp-json\/wp\/v2\/types\/page"}],"author":[{"embeddable":true,"href":"https:\/\/ambipar.com\/latam\/wp-json\/wp\/v2\/users\/1"}],"replies":[{"embeddable":true,"href":"https:\/\/ambipar.com\/latam\/wp-json\/wp\/v2\/comments?post=1645"}],"version-history":[{"count":3,"href":"https:\/\/ambipar.com\/latam\/wp-json\/wp\/v2\/pages\/1645\/revisions"}],"predecessor-version":[{"id":1702,"href":"https:\/\/ambipar.com\/latam\/wp-json\/wp\/v2\/pages\/1645\/revisions\/1702"}],"up":[{"embeddable":true,"href":"https:\/\/ambipar.com\/latam\/wp-json\/wp\/v2\/pages\/310"}],"wp:featuredmedia":[{"embeddable":true,"href":"https:\/\/ambipar.com\/latam\/wp-json\/wp\/v2\/media\/320"}],"wp:attachment":[{"href":"https:\/\/ambipar.com\/latam\/wp-json\/wp\/v2\/media?parent=1645"}],"curies":[{"name":"wp","href":"https:\/\/api.w.org\/{rel}","templated":true}]}}