{"id":1651,"date":"2020-11-12T19:13:23","date_gmt":"2020-11-12T22:13:23","guid":{"rendered":"https:\/\/ambipar.com\/latam\/?page_id=1651"},"modified":"2021-01-05T20:25:06","modified_gmt":"2021-01-05T23:25:06","slug":"management-and-handling-of-non-compliances","status":"publish","type":"page","link":"https:\/\/ambipar.com\/latam\/en\/ambipar-environment\/softwares-de-gestao\/management-and-handling-of-non-compliances\/","title":{"rendered":"Management and Handling of Non-Compliances"},"content":{"rendered":"\n<p>This software makes the management and treatment of non-conformities, improvement opportunities, observations, assessments, fines or any Organization Events.<\/p>\n\n\n\n<p>Main benefits:<\/p>\n\n\n\n<ul><li>Dashboard to demonstrate to the manager the status of the company&#8217;s Occurrences<\/li><li>Participative management in the treatment of occurrences<\/li><li>Management reports<\/li><li>Options of the methodologies of cause analysis: 5 whys, Ishikawa Diagram (6M) and Root Cause Analysis (RCA), to meet the needs of each company<\/li><li>History of changes in actions within the System, ensuring greater traceability for the Manager<\/li><li>Integrations with other Systems<\/li><\/ul>\n\n\n\n<p>See too:<\/p>\n\n\n\n<ul id=\"block-dc8e3340-cf7e-4418-97cf-9b70f5359851\"><li><a href=\"https:\/\/ambipar.com\/latam\/en\/ambipar-environment\/softwares-de-gestao\/management-platform-and-approval-of-suppliers\/\">Management Platform and Approval of Suppliers<\/a><\/li><li><a href=\"https:\/\/ambipar.com\/latam\/en\/ambipar-environment\/softwares-de-gestao\/gathering-and-monitoring-of-the-applicable-legal-requirements\/\">Gathering and Monitoring of the Applicable Legal Requirements<\/a><\/li><li><a href=\"https:\/\/ambipar.com\/latam\/en\/ambipar-environment\/softwares-de-gestao\/management-and-analysis-of-occupational-and-environmental-risks\/\">Management and Analysis of Occupational and Environmental Risks<\/a><\/li><li><a href=\"https:\/\/ambipar.com\/latam\/en\/ambipar-environment\/softwares-de-gestao\/management-and-control-of-documents\/\">Management and Control of Documents<\/a><\/li><li><a href=\"https:\/\/ambipar.com\/latam\/en\/ambipar-environment\/softwares-de-gestao\/waste-management\/\">Waste Management<\/a><\/li><\/ul>\n\n\n\n<p><\/p>\n","protected":false},"excerpt":{"rendered":"This software makes the management and treatment of non-conformities, improvement opportunities, observations, assessments, fines or any Organization Events. Main benefits: Dashboard to demonstrate to the manager the status of the company&#8217;s Occurrences Participative management in the treatment of occurrences Management reports Options of the methodologies of cause analysis: 5 whys, Ishikawa Diagram (6M) and Root&#8230; <a class=\"view-article\" href=\"https:\/\/ambipar.com\/latam\/en\/ambipar-environment\/softwares-de-gestao\/management-and-handling-of-non-compliances\/\">Ver art\u00edculo<\/a>","protected":false},"author":1,"featured_media":319,"parent":310,"menu_order":0,"comment_status":"closed","ping_status":"closed","template":"single-servicos.php","meta":[],"yoast_head":"<!-- This site is optimized with the Yoast SEO plugin v17.6 - https:\/\/yoast.com\/wordpress\/plugins\/seo\/ -->\n<title>Meet Ambipar&#039;s Management and Handling of Non-Compliances<\/title>\n<meta name=\"description\" content=\"This software makes the management and treatment of non-conformities, improvement opportunities, observations, assessments, fines\" \/>\n<meta name=\"robots\" content=\"index, follow, max-snippet:-1, max-image-preview:large, max-video-preview:-1\" \/>\n<link rel=\"canonical\" href=\"https:\/\/ambipar.com\/latam\/en\/ambipar-environment\/softwares-de-gestao\/management-and-handling-of-non-compliances\/\" \/>\n<meta property=\"og:locale\" content=\"es_ES\" \/>\n<meta property=\"og:type\" content=\"article\" \/>\n<meta property=\"og:title\" content=\"Meet Ambipar&#039;s Management and Handling of Non-Compliances\" \/>\n<meta property=\"og:description\" content=\"This software makes the management and treatment of non-conformities, improvement opportunities, observations, assessments, fines\" \/>\n<meta property=\"og:url\" content=\"https:\/\/ambipar.com\/latam\/en\/ambipar-environment\/softwares-de-gestao\/management-and-handling-of-non-compliances\/\" \/>\n<meta property=\"og:site_name\" content=\"Ambipar. A l\u00edder em gest\u00e3o ambiental.\" \/>\n<meta property=\"article:modified_time\" content=\"2021-01-05T23:25:06+00:00\" \/>\n<meta property=\"og:image\" content=\"https:\/\/ambipar.com\/latam\/wp-content\/uploads\/2020\/10\/gestao5.jpg\" \/>\n\t<meta property=\"og:image:width\" content=\"1000\" \/>\n\t<meta property=\"og:image:height\" content=\"1004\" \/>\n<meta name=\"twitter:card\" content=\"summary_large_image\" \/>\n<meta name=\"twitter:label1\" content=\"Est. reading time\" \/>\n\t<meta name=\"twitter:data1\" content=\"1 minuto\" \/>\n<script type=\"application\/ld+json\" class=\"yoast-schema-graph\">{\"@context\":\"https:\/\/schema.org\",\"@graph\":[{\"@type\":\"Organization\",\"@id\":\"https:\/\/ambipar.com\/latam\/#organization\",\"name\":\"Ambipar\",\"url\":\"https:\/\/ambipar.com\/latam\/\",\"sameAs\":[],\"logo\":{\"@type\":\"ImageObject\",\"@id\":\"https:\/\/ambipar.com\/latam\/#logo\",\"inLanguage\":\"es-CL\",\"url\":\"https:\/\/ambipar.com\/latam\/wp-content\/uploads\/2020\/10\/ambipar_color.png\",\"contentUrl\":\"https:\/\/ambipar.com\/latam\/wp-content\/uploads\/2020\/10\/ambipar_color.png\",\"width\":174,\"height\":107,\"caption\":\"Ambipar\"},\"image\":{\"@id\":\"https:\/\/ambipar.com\/latam\/#logo\"}},{\"@type\":\"WebSite\",\"@id\":\"https:\/\/ambipar.com\/latam\/#website\",\"url\":\"https:\/\/ambipar.com\/latam\/\",\"name\":\"Ambipar. A l\\u00edder em gest\\u00e3o ambiental.\",\"description\":\"Pioneira em solu\\u00e7\\u00f5es ambientais, a Ambipar atua em todo o territ\\u00f3rio nacional oferecendo solu\\u00e7\\u00f5es integradas para toda a cadeia de neg\\u00f3cio.\",\"publisher\":{\"@id\":\"https:\/\/ambipar.com\/latam\/#organization\"},\"potentialAction\":[{\"@type\":\"SearchAction\",\"target\":{\"@type\":\"EntryPoint\",\"urlTemplate\":\"https:\/\/ambipar.com\/latam\/?s={search_term_string}\"},\"query-input\":\"required name=search_term_string\"}],\"inLanguage\":\"es-CL\"},{\"@type\":\"ImageObject\",\"@id\":\"https:\/\/ambipar.com\/latam\/en\/ambipar-environment\/softwares-de-gestao\/management-and-handling-of-non-compliances\/#primaryimage\",\"inLanguage\":\"es-CL\",\"url\":\"https:\/\/ambipar.com\/latam\/wp-content\/uploads\/2020\/10\/gestao5.jpg\",\"contentUrl\":\"https:\/\/ambipar.com\/latam\/wp-content\/uploads\/2020\/10\/gestao5.jpg\",\"width\":1000,\"height\":1004,\"caption\":\"gest\\u00e3o\"},{\"@type\":\"WebPage\",\"@id\":\"https:\/\/ambipar.com\/latam\/en\/ambipar-environment\/softwares-de-gestao\/management-and-handling-of-non-compliances\/#webpage\",\"url\":\"https:\/\/ambipar.com\/latam\/en\/ambipar-environment\/softwares-de-gestao\/management-and-handling-of-non-compliances\/\",\"name\":\"Meet Ambipar's Management and Handling of Non-Compliances\",\"isPartOf\":{\"@id\":\"https:\/\/ambipar.com\/latam\/#website\"},\"primaryImageOfPage\":{\"@id\":\"https:\/\/ambipar.com\/latam\/en\/ambipar-environment\/softwares-de-gestao\/management-and-handling-of-non-compliances\/#primaryimage\"},\"datePublished\":\"2020-11-12T22:13:23+00:00\",\"dateModified\":\"2021-01-05T23:25:06+00:00\",\"description\":\"This software makes the management and treatment of non-conformities, improvement opportunities, observations, assessments, fines\",\"breadcrumb\":{\"@id\":\"https:\/\/ambipar.com\/latam\/en\/ambipar-environment\/softwares-de-gestao\/management-and-handling-of-non-compliances\/#breadcrumb\"},\"inLanguage\":\"es-CL\",\"potentialAction\":[{\"@type\":\"ReadAction\",\"target\":[\"https:\/\/ambipar.com\/latam\/en\/ambipar-environment\/softwares-de-gestao\/management-and-handling-of-non-compliances\/\"]}]},{\"@type\":\"BreadcrumbList\",\"@id\":\"https:\/\/ambipar.com\/latam\/en\/ambipar-environment\/softwares-de-gestao\/management-and-handling-of-non-compliances\/#breadcrumb\",\"itemListElement\":[{\"@type\":\"ListItem\",\"position\":1,\"name\":\"Home\",\"item\":\"https:\/\/ambipar.com\/latam\/\"},{\"@type\":\"ListItem\",\"position\":2,\"name\":\"Ambipar Environment\",\"item\":\"https:\/\/ambipar.com\/latam\/pt\/ambipar-environment\/\"},{\"@type\":\"ListItem\",\"position\":3,\"name\":\"Softwares de Gest\\u00e3o\",\"item\":\"https:\/\/ambipar.com\/latam\/pt\/ambipar-environment\/softwares-de-gestao\/\"},{\"@type\":\"ListItem\",\"position\":4,\"name\":\"Management and Handling of Non-Compliances\"}]}]}<\/script>\n<!-- \/ Yoast SEO plugin. -->","yoast_head_json":{"title":"Meet Ambipar's Management and Handling of Non-Compliances","description":"This software makes the management and treatment of non-conformities, improvement opportunities, observations, assessments, fines","robots":{"index":"index","follow":"follow","max-snippet":"max-snippet:-1","max-image-preview":"max-image-preview:large","max-video-preview":"max-video-preview:-1"},"canonical":"https:\/\/ambipar.com\/latam\/en\/ambipar-environment\/softwares-de-gestao\/management-and-handling-of-non-compliances\/","og_locale":"es_ES","og_type":"article","og_title":"Meet Ambipar's Management and Handling of Non-Compliances","og_description":"This software makes the management and treatment of non-conformities, improvement opportunities, observations, assessments, fines","og_url":"https:\/\/ambipar.com\/latam\/en\/ambipar-environment\/softwares-de-gestao\/management-and-handling-of-non-compliances\/","og_site_name":"Ambipar. A l\u00edder em gest\u00e3o ambiental.","article_modified_time":"2021-01-05T23:25:06+00:00","og_image":[{"width":1000,"height":1004,"url":"https:\/\/ambipar.com\/latam\/wp-content\/uploads\/2020\/10\/gestao5.jpg","type":"image\/jpeg"}],"twitter_card":"summary_large_image","twitter_misc":{"Est. reading time":"1 minuto"},"schema":{"@context":"https:\/\/schema.org","@graph":[{"@type":"Organization","@id":"https:\/\/ambipar.com\/latam\/#organization","name":"Ambipar","url":"https:\/\/ambipar.com\/latam\/","sameAs":[],"logo":{"@type":"ImageObject","@id":"https:\/\/ambipar.com\/latam\/#logo","inLanguage":"es-CL","url":"https:\/\/ambipar.com\/latam\/wp-content\/uploads\/2020\/10\/ambipar_color.png","contentUrl":"https:\/\/ambipar.com\/latam\/wp-content\/uploads\/2020\/10\/ambipar_color.png","width":174,"height":107,"caption":"Ambipar"},"image":{"@id":"https:\/\/ambipar.com\/latam\/#logo"}},{"@type":"WebSite","@id":"https:\/\/ambipar.com\/latam\/#website","url":"https:\/\/ambipar.com\/latam\/","name":"Ambipar. A l\u00edder em gest\u00e3o ambiental.","description":"Pioneira em solu\u00e7\u00f5es ambientais, a Ambipar atua em todo o territ\u00f3rio nacional oferecendo solu\u00e7\u00f5es integradas para toda a cadeia de neg\u00f3cio.","publisher":{"@id":"https:\/\/ambipar.com\/latam\/#organization"},"potentialAction":[{"@type":"SearchAction","target":{"@type":"EntryPoint","urlTemplate":"https:\/\/ambipar.com\/latam\/?s={search_term_string}"},"query-input":"required name=search_term_string"}],"inLanguage":"es-CL"},{"@type":"ImageObject","@id":"https:\/\/ambipar.com\/latam\/en\/ambipar-environment\/softwares-de-gestao\/management-and-handling-of-non-compliances\/#primaryimage","inLanguage":"es-CL","url":"https:\/\/ambipar.com\/latam\/wp-content\/uploads\/2020\/10\/gestao5.jpg","contentUrl":"https:\/\/ambipar.com\/latam\/wp-content\/uploads\/2020\/10\/gestao5.jpg","width":1000,"height":1004,"caption":"gest\u00e3o"},{"@type":"WebPage","@id":"https:\/\/ambipar.com\/latam\/en\/ambipar-environment\/softwares-de-gestao\/management-and-handling-of-non-compliances\/#webpage","url":"https:\/\/ambipar.com\/latam\/en\/ambipar-environment\/softwares-de-gestao\/management-and-handling-of-non-compliances\/","name":"Meet Ambipar's Management and Handling of Non-Compliances","isPartOf":{"@id":"https:\/\/ambipar.com\/latam\/#website"},"primaryImageOfPage":{"@id":"https:\/\/ambipar.com\/latam\/en\/ambipar-environment\/softwares-de-gestao\/management-and-handling-of-non-compliances\/#primaryimage"},"datePublished":"2020-11-12T22:13:23+00:00","dateModified":"2021-01-05T23:25:06+00:00","description":"This software makes the management and treatment of non-conformities, improvement opportunities, observations, assessments, fines","breadcrumb":{"@id":"https:\/\/ambipar.com\/latam\/en\/ambipar-environment\/softwares-de-gestao\/management-and-handling-of-non-compliances\/#breadcrumb"},"inLanguage":"es-CL","potentialAction":[{"@type":"ReadAction","target":["https:\/\/ambipar.com\/latam\/en\/ambipar-environment\/softwares-de-gestao\/management-and-handling-of-non-compliances\/"]}]},{"@type":"BreadcrumbList","@id":"https:\/\/ambipar.com\/latam\/en\/ambipar-environment\/softwares-de-gestao\/management-and-handling-of-non-compliances\/#breadcrumb","itemListElement":[{"@type":"ListItem","position":1,"name":"Home","item":"https:\/\/ambipar.com\/latam\/"},{"@type":"ListItem","position":2,"name":"Ambipar Environment","item":"https:\/\/ambipar.com\/latam\/pt\/ambipar-environment\/"},{"@type":"ListItem","position":3,"name":"Softwares de Gest\u00e3o","item":"https:\/\/ambipar.com\/latam\/pt\/ambipar-environment\/softwares-de-gestao\/"},{"@type":"ListItem","position":4,"name":"Management and Handling of Non-Compliances"}]}]}},"_links":{"self":[{"href":"https:\/\/ambipar.com\/latam\/wp-json\/wp\/v2\/pages\/1651"}],"collection":[{"href":"https:\/\/ambipar.com\/latam\/wp-json\/wp\/v2\/pages"}],"about":[{"href":"https:\/\/ambipar.com\/latam\/wp-json\/wp\/v2\/types\/page"}],"author":[{"embeddable":true,"href":"https:\/\/ambipar.com\/latam\/wp-json\/wp\/v2\/users\/1"}],"replies":[{"embeddable":true,"href":"https:\/\/ambipar.com\/latam\/wp-json\/wp\/v2\/comments?post=1651"}],"version-history":[{"count":3,"href":"https:\/\/ambipar.com\/latam\/wp-json\/wp\/v2\/pages\/1651\/revisions"}],"predecessor-version":[{"id":1703,"href":"https:\/\/ambipar.com\/latam\/wp-json\/wp\/v2\/pages\/1651\/revisions\/1703"}],"up":[{"embeddable":true,"href":"https:\/\/ambipar.com\/latam\/wp-json\/wp\/v2\/pages\/310"}],"wp:featuredmedia":[{"embeddable":true,"href":"https:\/\/ambipar.com\/latam\/wp-json\/wp\/v2\/media\/319"}],"wp:attachment":[{"href":"https:\/\/ambipar.com\/latam\/wp-json\/wp\/v2\/media?parent=1651"}],"curies":[{"name":"wp","href":"https:\/\/api.w.org\/{rel}","templated":true}]}}