{"id":1654,"date":"2020-11-12T19:22:49","date_gmt":"2020-11-12T22:22:49","guid":{"rendered":"https:\/\/ambipar.com\/latam\/?page_id=1654"},"modified":"2021-10-13T10:59:30","modified_gmt":"2021-10-13T13:59:30","slug":"gestion-y-tratamiento-de-las-no-conformidades","status":"publish","type":"page","link":"https:\/\/ambipar.com\/latam\/ambipar-environment-2\/softwares-de-gestion\/gestion-y-tratamiento-de-las-no-conformidades\/","title":{"rendered":"Gesti\u00f3n y tratamiento de las No Conformidades"},"content":{"rendered":"\n<p>Este software realiza la gesti\u00f3n y tratamiento de no conformidades, oportunidades de mejora, observaciones, valoraciones, multas o cualquier Evento de Organizaci\u00f3n.<\/p>\n\n\n\n<p>Principales beneficios:<\/p>\n\n\n\n<ul><li>Cuadro de mando para demostrar al gerente el estado de las Ocurrencias de la empresa<\/li><li>Gesti\u00f3n participativa en el tratamiento de las ocurrencias<\/li><li>Informes de gesti\u00f3n<\/li><li>Opciones de las metodolog\u00edas de an\u00e1lisis de causa: 5 porqu\u00e9s, Diagrama de Ishikawa (6M) y An\u00e1lisis de Causa Ra\u00edz (RCA), para satisfacer las necesidades de cada empresa<\/li><li>Historial de cambios en las acciones dentro del Sistema, asegurando una mayor trazabilidad para el Gerente<\/li><li>Integraciones con otros sistemas<\/li><\/ul>\n\n\n\n<p>Vea tambi\u00e9n:<\/p>\n\n\n\n<ul id=\"block-dc8e3340-cf7e-4418-97cf-9b70f5359851\"><li><a href=\"https:\/\/ambipar.com\/latam\/es\/ambipar-environment\/softwares-de-gestao\/plataforma-de-gestion-y-homologacion-de-proveedores\/\"><a href=\"https:\/\/ambipar.com\/latam\/ambipar-environment-2\/softwares-de-gestion\/plataforma-de-gestion-y-homologacion-de-proveedores\/\">Plataforma de Gesti\u00f3n y Homologaci\u00f3n de Proveedores<\/a><\/a><\/li><li><a href=\"https:\/\/ambipar.com\/latam\/es\/ambipar-environment\/softwares-de-gestao\/plataforma-de-gestion-y-homologacion-de-proveedores\/\"><a href=\"https:\/\/ambipar.com\/latam\/ambipar-environment-2\/softwares-de-gestion\/levantamiento-y-monitoreo-de-los-requisitos-legales-aplicables\/\">Levantamiento y Monitoreo de los Requisitos Legales Aplicables<\/a><\/a><\/li><li><a href=\"https:\/\/ambipar.com\/latam\/es\/ambipar-environment\/softwares-de-gestao\/plataforma-de-gestion-y-homologacion-de-proveedores\/\"><a href=\"https:\/\/ambipar.com\/latam\/ambipar-environment-2\/softwares-de-gestion\/gestion-y-analisis-de-riesgos-ocupacionales-y-ambientales\/\">Gesti\u00f3n y An\u00e1lisis de Riesgos Ocupacionales y Ambientales<\/a><\/a><\/li><li><a href=\"https:\/\/ambipar.com\/latam\/es\/ambipar-environment\/softwares-de-gestao\/plataforma-de-gestion-y-homologacion-de-proveedores\/\"><a href=\"https:\/\/ambipar.com\/latam\/ambipar-environment-2\/softwares-de-gestion\/gestion-y-control-de-documentos\/\">Gesti\u00f3n y control de documentos<\/a><\/a><\/li><li><a href=\"https:\/\/ambipar.com\/latam\/es\/ambipar-environment\/softwares-de-gestao\/plataforma-de-gestion-y-homologacion-de-proveedores\/\"><a href=\"https:\/\/ambipar.com\/latam\/ambipar-environment-2\/softwares-de-gestion\/gestion-de-los-residuos\/\">Gesti\u00f3n de los residuos<\/a><\/a><\/li><\/ul>\n\n\n\n<p><\/p>\n","protected":false},"excerpt":{"rendered":"Este software realiza la gesti\u00f3n y tratamiento de no conformidades, oportunidades de mejora, observaciones, valoraciones, multas o cualquier Evento de Organizaci\u00f3n. Principales beneficios: Cuadro de mando para demostrar al gerente el estado de las Ocurrencias de la empresa Gesti\u00f3n participativa en el tratamiento de las ocurrencias Informes de gesti\u00f3n Opciones de las metodolog\u00edas de an\u00e1lisis&#8230; <a class=\"view-article\" href=\"https:\/\/ambipar.com\/latam\/ambipar-environment-2\/softwares-de-gestion\/gestion-y-tratamiento-de-las-no-conformidades\/\">Ver art\u00edculo<\/a>","protected":false},"author":1,"featured_media":319,"parent":1612,"menu_order":0,"comment_status":"closed","ping_status":"closed","template":"single-servicos.php","meta":[],"yoast_head":"<!-- This site is optimized with the Yoast SEO plugin v17.6 - https:\/\/yoast.com\/wordpress\/plugins\/seo\/ -->\n<title>Conozca la Gesti\u00f3n y tratamiento de las No Conformidades de Ambipar<\/title>\n<meta name=\"description\" content=\"Este software realiza la gesti\u00f3n y tratamiento de no conformidades, oportunidades de mejora, observaciones, valoraciones, multas\" \/>\n<meta name=\"robots\" content=\"index, follow, max-snippet:-1, max-image-preview:large, max-video-preview:-1\" \/>\n<link rel=\"canonical\" href=\"https:\/\/ambipar.com\/latam\/ambipar-environment-2\/softwares-de-gestion\/gestion-y-tratamiento-de-las-no-conformidades\/\" \/>\n<meta property=\"og:locale\" content=\"es_ES\" \/>\n<meta property=\"og:type\" content=\"article\" \/>\n<meta property=\"og:title\" content=\"Conozca la Gesti\u00f3n y tratamiento de las No Conformidades de Ambipar\" \/>\n<meta property=\"og:description\" content=\"Este software realiza la gesti\u00f3n y tratamiento de no conformidades, oportunidades de mejora, observaciones, valoraciones, multas\" \/>\n<meta property=\"og:url\" content=\"https:\/\/ambipar.com\/latam\/ambipar-environment-2\/softwares-de-gestion\/gestion-y-tratamiento-de-las-no-conformidades\/\" \/>\n<meta property=\"og:site_name\" content=\"Ambipar. A l\u00edder em gest\u00e3o ambiental.\" \/>\n<meta property=\"article:modified_time\" content=\"2021-10-13T13:59:30+00:00\" \/>\n<meta property=\"og:image\" content=\"https:\/\/ambipar.com\/latam\/wp-content\/uploads\/2020\/10\/gestao5.jpg\" \/>\n\t<meta property=\"og:image:width\" content=\"1000\" \/>\n\t<meta property=\"og:image:height\" content=\"1004\" \/>\n<meta name=\"twitter:card\" content=\"summary_large_image\" \/>\n<meta name=\"twitter:label1\" content=\"Est. reading time\" \/>\n\t<meta name=\"twitter:data1\" content=\"1 minuto\" \/>\n<script type=\"application\/ld+json\" class=\"yoast-schema-graph\">{\"@context\":\"https:\/\/schema.org\",\"@graph\":[{\"@type\":\"Organization\",\"@id\":\"https:\/\/ambipar.com\/latam\/#organization\",\"name\":\"Ambipar\",\"url\":\"https:\/\/ambipar.com\/latam\/\",\"sameAs\":[],\"logo\":{\"@type\":\"ImageObject\",\"@id\":\"https:\/\/ambipar.com\/latam\/#logo\",\"inLanguage\":\"es-CL\",\"url\":\"https:\/\/ambipar.com\/latam\/wp-content\/uploads\/2020\/10\/ambipar_color.png\",\"contentUrl\":\"https:\/\/ambipar.com\/latam\/wp-content\/uploads\/2020\/10\/ambipar_color.png\",\"width\":174,\"height\":107,\"caption\":\"Ambipar\"},\"image\":{\"@id\":\"https:\/\/ambipar.com\/latam\/#logo\"}},{\"@type\":\"WebSite\",\"@id\":\"https:\/\/ambipar.com\/latam\/#website\",\"url\":\"https:\/\/ambipar.com\/latam\/\",\"name\":\"Ambipar. A l\\u00edder em gest\\u00e3o ambiental.\",\"description\":\"Pioneira em solu\\u00e7\\u00f5es ambientais, a Ambipar atua em todo o territ\\u00f3rio nacional oferecendo solu\\u00e7\\u00f5es integradas para toda a cadeia de neg\\u00f3cio.\",\"publisher\":{\"@id\":\"https:\/\/ambipar.com\/latam\/#organization\"},\"potentialAction\":[{\"@type\":\"SearchAction\",\"target\":{\"@type\":\"EntryPoint\",\"urlTemplate\":\"https:\/\/ambipar.com\/latam\/?s={search_term_string}\"},\"query-input\":\"required name=search_term_string\"}],\"inLanguage\":\"es-CL\"},{\"@type\":\"ImageObject\",\"@id\":\"https:\/\/ambipar.com\/latam\/ambipar-environment-2\/softwares-de-gestion\/gestion-y-tratamiento-de-las-no-conformidades\/#primaryimage\",\"inLanguage\":\"es-CL\",\"url\":\"https:\/\/ambipar.com\/latam\/wp-content\/uploads\/2020\/10\/gestao5.jpg\",\"contentUrl\":\"https:\/\/ambipar.com\/latam\/wp-content\/uploads\/2020\/10\/gestao5.jpg\",\"width\":1000,\"height\":1004,\"caption\":\"gest\\u00e3o\"},{\"@type\":\"WebPage\",\"@id\":\"https:\/\/ambipar.com\/latam\/ambipar-environment-2\/softwares-de-gestion\/gestion-y-tratamiento-de-las-no-conformidades\/#webpage\",\"url\":\"https:\/\/ambipar.com\/latam\/ambipar-environment-2\/softwares-de-gestion\/gestion-y-tratamiento-de-las-no-conformidades\/\",\"name\":\"Conozca la Gesti\\u00f3n y tratamiento de las No Conformidades de Ambipar\",\"isPartOf\":{\"@id\":\"https:\/\/ambipar.com\/latam\/#website\"},\"primaryImageOfPage\":{\"@id\":\"https:\/\/ambipar.com\/latam\/ambipar-environment-2\/softwares-de-gestion\/gestion-y-tratamiento-de-las-no-conformidades\/#primaryimage\"},\"datePublished\":\"2020-11-12T22:22:49+00:00\",\"dateModified\":\"2021-10-13T13:59:30+00:00\",\"description\":\"Este software realiza la gesti\\u00f3n y tratamiento de no conformidades, oportunidades de mejora, observaciones, valoraciones, multas\",\"breadcrumb\":{\"@id\":\"https:\/\/ambipar.com\/latam\/ambipar-environment-2\/softwares-de-gestion\/gestion-y-tratamiento-de-las-no-conformidades\/#breadcrumb\"},\"inLanguage\":\"es-CL\",\"potentialAction\":[{\"@type\":\"ReadAction\",\"target\":[\"https:\/\/ambipar.com\/latam\/ambipar-environment-2\/softwares-de-gestion\/gestion-y-tratamiento-de-las-no-conformidades\/\"]}]},{\"@type\":\"BreadcrumbList\",\"@id\":\"https:\/\/ambipar.com\/latam\/ambipar-environment-2\/softwares-de-gestion\/gestion-y-tratamiento-de-las-no-conformidades\/#breadcrumb\",\"itemListElement\":[{\"@type\":\"ListItem\",\"position\":1,\"name\":\"Home\",\"item\":\"https:\/\/ambipar.com\/latam\/\"},{\"@type\":\"ListItem\",\"position\":2,\"name\":\"Ambipar Environment\",\"item\":\"https:\/\/ambipar.com\/latam\/ambipar-environment-2\/\"},{\"@type\":\"ListItem\",\"position\":3,\"name\":\"Softwares de Gesti\\u00f3n\",\"item\":\"https:\/\/ambipar.com\/latam\/ambipar-environment-2\/softwares-de-gestion\/\"},{\"@type\":\"ListItem\",\"position\":4,\"name\":\"Gesti\\u00f3n y tratamiento de las No Conformidades\"}]}]}<\/script>\n<!-- \/ Yoast SEO plugin. -->","yoast_head_json":{"title":"Conozca la Gesti\u00f3n y tratamiento de las No Conformidades de Ambipar","description":"Este software realiza la gesti\u00f3n y tratamiento de no conformidades, oportunidades de mejora, observaciones, valoraciones, multas","robots":{"index":"index","follow":"follow","max-snippet":"max-snippet:-1","max-image-preview":"max-image-preview:large","max-video-preview":"max-video-preview:-1"},"canonical":"https:\/\/ambipar.com\/latam\/ambipar-environment-2\/softwares-de-gestion\/gestion-y-tratamiento-de-las-no-conformidades\/","og_locale":"es_ES","og_type":"article","og_title":"Conozca la Gesti\u00f3n y tratamiento de las No Conformidades de Ambipar","og_description":"Este software realiza la gesti\u00f3n y tratamiento de no conformidades, oportunidades de mejora, observaciones, valoraciones, multas","og_url":"https:\/\/ambipar.com\/latam\/ambipar-environment-2\/softwares-de-gestion\/gestion-y-tratamiento-de-las-no-conformidades\/","og_site_name":"Ambipar. A l\u00edder em gest\u00e3o ambiental.","article_modified_time":"2021-10-13T13:59:30+00:00","og_image":[{"width":1000,"height":1004,"url":"https:\/\/ambipar.com\/latam\/wp-content\/uploads\/2020\/10\/gestao5.jpg","type":"image\/jpeg"}],"twitter_card":"summary_large_image","twitter_misc":{"Est. reading time":"1 minuto"},"schema":{"@context":"https:\/\/schema.org","@graph":[{"@type":"Organization","@id":"https:\/\/ambipar.com\/latam\/#organization","name":"Ambipar","url":"https:\/\/ambipar.com\/latam\/","sameAs":[],"logo":{"@type":"ImageObject","@id":"https:\/\/ambipar.com\/latam\/#logo","inLanguage":"es-CL","url":"https:\/\/ambipar.com\/latam\/wp-content\/uploads\/2020\/10\/ambipar_color.png","contentUrl":"https:\/\/ambipar.com\/latam\/wp-content\/uploads\/2020\/10\/ambipar_color.png","width":174,"height":107,"caption":"Ambipar"},"image":{"@id":"https:\/\/ambipar.com\/latam\/#logo"}},{"@type":"WebSite","@id":"https:\/\/ambipar.com\/latam\/#website","url":"https:\/\/ambipar.com\/latam\/","name":"Ambipar. A l\u00edder em gest\u00e3o ambiental.","description":"Pioneira em solu\u00e7\u00f5es ambientais, a Ambipar atua em todo o territ\u00f3rio nacional oferecendo solu\u00e7\u00f5es integradas para toda a cadeia de neg\u00f3cio.","publisher":{"@id":"https:\/\/ambipar.com\/latam\/#organization"},"potentialAction":[{"@type":"SearchAction","target":{"@type":"EntryPoint","urlTemplate":"https:\/\/ambipar.com\/latam\/?s={search_term_string}"},"query-input":"required name=search_term_string"}],"inLanguage":"es-CL"},{"@type":"ImageObject","@id":"https:\/\/ambipar.com\/latam\/ambipar-environment-2\/softwares-de-gestion\/gestion-y-tratamiento-de-las-no-conformidades\/#primaryimage","inLanguage":"es-CL","url":"https:\/\/ambipar.com\/latam\/wp-content\/uploads\/2020\/10\/gestao5.jpg","contentUrl":"https:\/\/ambipar.com\/latam\/wp-content\/uploads\/2020\/10\/gestao5.jpg","width":1000,"height":1004,"caption":"gest\u00e3o"},{"@type":"WebPage","@id":"https:\/\/ambipar.com\/latam\/ambipar-environment-2\/softwares-de-gestion\/gestion-y-tratamiento-de-las-no-conformidades\/#webpage","url":"https:\/\/ambipar.com\/latam\/ambipar-environment-2\/softwares-de-gestion\/gestion-y-tratamiento-de-las-no-conformidades\/","name":"Conozca la Gesti\u00f3n y tratamiento de las No Conformidades de Ambipar","isPartOf":{"@id":"https:\/\/ambipar.com\/latam\/#website"},"primaryImageOfPage":{"@id":"https:\/\/ambipar.com\/latam\/ambipar-environment-2\/softwares-de-gestion\/gestion-y-tratamiento-de-las-no-conformidades\/#primaryimage"},"datePublished":"2020-11-12T22:22:49+00:00","dateModified":"2021-10-13T13:59:30+00:00","description":"Este software realiza la gesti\u00f3n y tratamiento de no conformidades, oportunidades de mejora, observaciones, valoraciones, multas","breadcrumb":{"@id":"https:\/\/ambipar.com\/latam\/ambipar-environment-2\/softwares-de-gestion\/gestion-y-tratamiento-de-las-no-conformidades\/#breadcrumb"},"inLanguage":"es-CL","potentialAction":[{"@type":"ReadAction","target":["https:\/\/ambipar.com\/latam\/ambipar-environment-2\/softwares-de-gestion\/gestion-y-tratamiento-de-las-no-conformidades\/"]}]},{"@type":"BreadcrumbList","@id":"https:\/\/ambipar.com\/latam\/ambipar-environment-2\/softwares-de-gestion\/gestion-y-tratamiento-de-las-no-conformidades\/#breadcrumb","itemListElement":[{"@type":"ListItem","position":1,"name":"Home","item":"https:\/\/ambipar.com\/latam\/"},{"@type":"ListItem","position":2,"name":"Ambipar Environment","item":"https:\/\/ambipar.com\/latam\/ambipar-environment-2\/"},{"@type":"ListItem","position":3,"name":"Softwares de Gesti\u00f3n","item":"https:\/\/ambipar.com\/latam\/ambipar-environment-2\/softwares-de-gestion\/"},{"@type":"ListItem","position":4,"name":"Gesti\u00f3n y tratamiento de las No Conformidades"}]}]}},"_links":{"self":[{"href":"https:\/\/ambipar.com\/latam\/wp-json\/wp\/v2\/pages\/1654"}],"collection":[{"href":"https:\/\/ambipar.com\/latam\/wp-json\/wp\/v2\/pages"}],"about":[{"href":"https:\/\/ambipar.com\/latam\/wp-json\/wp\/v2\/types\/page"}],"author":[{"embeddable":true,"href":"https:\/\/ambipar.com\/latam\/wp-json\/wp\/v2\/users\/1"}],"replies":[{"embeddable":true,"href":"https:\/\/ambipar.com\/latam\/wp-json\/wp\/v2\/comments?post=1654"}],"version-history":[{"count":4,"href":"https:\/\/ambipar.com\/latam\/wp-json\/wp\/v2\/pages\/1654\/revisions"}],"predecessor-version":[{"id":4159,"href":"https:\/\/ambipar.com\/latam\/wp-json\/wp\/v2\/pages\/1654\/revisions\/4159"}],"up":[{"embeddable":true,"href":"https:\/\/ambipar.com\/latam\/wp-json\/wp\/v2\/pages\/1612"}],"wp:featuredmedia":[{"embeddable":true,"href":"https:\/\/ambipar.com\/latam\/wp-json\/wp\/v2\/media\/319"}],"wp:attachment":[{"href":"https:\/\/ambipar.com\/latam\/wp-json\/wp\/v2\/media?parent=1654"}],"curies":[{"name":"wp","href":"https:\/\/api.w.org\/{rel}","templated":true}]}}